{"id":762,"date":"2026-02-04T12:44:04","date_gmt":"2026-02-04T12:44:04","guid":{"rendered":"https:\/\/www.imprentadigitalguzman.com\/inicio\/?post_type=product&#038;p=762"},"modified":"2026-03-12T10:07:47","modified_gmt":"2026-03-12T10:07:47","slug":"forro-polar-infantil-personalizado","status":"publish","type":"product","link":"https:\/\/www.imprentadigitalguzman.com\/inicio\/producto\/forro-polar-infantil-personalizado\/","title":{"rendered":"POLAR FLEECE KID"},"content":{"rendered":"<p data-start=\"324\" data-end=\"628\">El <strong data-start=\"327\" data-end=\"347\">Polar Fleece Kid<\/strong> es un <strong data-start=\"354\" data-end=\"407\">forro polar infantil unisex con cremallera entera<\/strong>, dise\u00f1ado para ofrecer <strong data-start=\"431\" data-end=\"466\">abrigo, comodidad y resistencia<\/strong> en <strong data-start=\"470\" data-end=\"499\">actividades al aire libre<\/strong>. Es una prenda ideal para <strong data-start=\"526\" data-end=\"627\">eventos en exteriores, excursiones escolares, actividades de monta\u00f1a o uso diario en climas fr\u00edos<\/strong>.<\/p>\n<p data-start=\"630\" data-end=\"882\">Confeccionado en <strong data-start=\"647\" data-end=\"676\">100 % poli\u00e9ster reciclado<\/strong>, combina ligereza, durabilidad y compromiso con la sostenibilidad. Su <strong data-start=\"747\" data-end=\"781\">acabado micropolar antipilling<\/strong> evita la aparici\u00f3n de \u201cbolitas\u201d, manteniendo la prenda en buen estado incluso tras un uso intensivo.<\/p>\n<p data-start=\"884\" data-end=\"1154\">Incorpora <strong data-start=\"894\" data-end=\"932\">bolsillos laterales con cremallera<\/strong>, <strong data-start=\"934\" data-end=\"953\">pu\u00f1os el\u00e1sticos<\/strong> y <strong data-start=\"956\" data-end=\"986\">cord\u00f3n de ajuste con topes<\/strong> en el bajo, lo que permite un ajuste c\u00f3modo y una mejor protecci\u00f3n frente al fr\u00edo. La <strong data-start=\"1073\" data-end=\"1094\">cremallera entera<\/strong> facilita la colocaci\u00f3n y la ventilaci\u00f3n seg\u00fan la actividad.<\/p>\n<p data-start=\"1156\" data-end=\"1308\">Es ideal para <strong data-start=\"1170\" data-end=\"1217\">personalizaci\u00f3n mediante bordado o transfer<\/strong>, siendo muy utilizado en <strong data-start=\"1243\" data-end=\"1307\">colegios, clubs deportivos, campamentos y eventos infantiles<\/strong>.<\/p>\n<p data-start=\"1310\" data-end=\"1427\">Disponible en <strong data-start=\"1324\" data-end=\"1337\">9 colores<\/strong> y en tallas desde la <strong data-start=\"1359\" data-end=\"1381\">1\/2 hasta la 12\/14<\/strong>, se adapta a diferentes edades y necesidades.<\/p>\n<p data-start=\"1429\" data-end=\"1541\">Con un <strong data-start=\"1436\" data-end=\"1470\">gramaje aproximado de 300 g\/m\u00b2<\/strong>, ofrece una excelente protecci\u00f3n t\u00e9rmica sin renunciar a la comodidad.<\/p>\n<p data-start=\"1429\" data-end=\"1541\">\n<hr data-start=\"1543\" data-end=\"1546\" \/>\n<h3 data-start=\"1548\" data-end=\"1580\"><strong data-start=\"1552\" data-end=\"1580\">Caracter\u00edsticas t\u00e9cnicas<\/strong><\/h3>\n<ul data-start=\"1581\" data-end=\"1758\">\n<li data-start=\"1581\" data-end=\"1602\">\n<p data-start=\"1583\" data-end=\"1602\">Cremallera entera<\/p>\n<\/li>\n<li data-start=\"1603\" data-end=\"1641\">\n<p data-start=\"1605\" data-end=\"1641\">Bolsillos laterales con cremallera<\/p>\n<\/li>\n<li data-start=\"1642\" data-end=\"1676\">\n<p data-start=\"1644\" data-end=\"1676\">Acabado micropolar antipilling<\/p>\n<\/li>\n<li data-start=\"1677\" data-end=\"1707\">\n<p data-start=\"1679\" data-end=\"1707\">Cord\u00f3n de ajuste con topes<\/p>\n<\/li>\n<li data-start=\"1708\" data-end=\"1727\">\n<p data-start=\"1710\" data-end=\"1727\">Pu\u00f1os el\u00e1sticos<\/p>\n<\/li>\n<li data-start=\"1728\" data-end=\"1758\">\n<p data-start=\"1730\" data-end=\"1758\">Gramaje: <strong data-start=\"1739\" data-end=\"1758\">300 g\/m\u00b2 aprox.<\/strong><\/p>\n<\/li>\n<\/ul>\n<p>&nbsp;<\/p>\n<hr data-start=\"1760\" data-end=\"1763\" \/>\n<h3 data-start=\"1765\" data-end=\"1784\"><strong data-start=\"1769\" data-end=\"1784\">Composici\u00f3n<\/strong><\/h3>\n<ul data-start=\"1785\" data-end=\"1816\">\n<li data-start=\"1785\" data-end=\"1816\">\n<p data-start=\"1787\" data-end=\"1816\"><strong data-start=\"1787\" data-end=\"1816\">100 % poli\u00e9ster reciclado<\/strong><\/p>\n<\/li>\n<\/ul>\n","protected":false},"excerpt":{"rendered":"<p data-start=\"1862\" data-end=\"1990\">Forro polar infantil con cremallera entera y acabado antipilling. Ideal para actividades al aire libre y personalizaci\u00f3n textil.<\/p>\n","protected":false},"featured_media":763,"comment_status":"closed","ping_status":"closed","template":"","meta":{"_et_pb_use_builder":"","_et_pb_old_content":"","_et_gb_content_width":"","_joinchat":[]},"product_brand":[],"product_cat":[219,251],"product_tag":[198,255,252,250,232,227,253,165,254,133],"class_list":{"0":"post-762","1":"product","2":"type-product","3":"status-publish","4":"has-post-thumbnail","6":"product_cat-ninos","7":"product_cat-polar-ninos","8":"product_tag-antipilin","9":"product_tag-cremallera","10":"product_tag-forro","11":"product_tag-forro-polar","12":"product_tag-nina","13":"product_tag-nino","14":"product_tag-personalizado","15":"product_tag-poliester","16":"product_tag-proteccion-termica","17":"product_tag-unisex","19":"first","20":"instock","21":"taxable","22":"shipping-taxable","23":"purchasable","24":"product-type-variable"},"yoast_head":"<!-- This site is optimized with the Yoast SEO plugin v27.4 - https:\/\/yoast.com\/product\/yoast-seo-wordpress\/ -->\n<title>POLAR FLEECE KID - Imprenta Digital Guzm\u00e1n<\/title>\n<meta name=\"description\" content=\"Forro polar infantil en poli\u00e9ster reciclado, con cremallera entera y alta protecci\u00f3n t\u00e9rmica. Ideal para exteriores y personalizaci\u00f3n.\" \/>\n<meta name=\"robots\" content=\"index, follow, max-snippet:-1, max-image-preview:large, max-video-preview:-1\" \/>\n<link rel=\"canonical\" href=\"https:\/\/www.imprentadigitalguzman.com\/inicio\/producto\/forro-polar-infantil-personalizado\/\" \/>\n<meta property=\"og:locale\" content=\"es_ES\" \/>\n<meta property=\"og:type\" content=\"article\" \/>\n<meta property=\"og:title\" content=\"POLAR FLEECE KID - Imprenta Digital Guzm\u00e1n\" \/>\n<meta property=\"og:description\" content=\"Forro polar infantil en poli\u00e9ster reciclado, con cremallera entera y alta protecci\u00f3n t\u00e9rmica. Ideal para exteriores y personalizaci\u00f3n.\" \/>\n<meta property=\"og:url\" content=\"https:\/\/www.imprentadigitalguzman.com\/inicio\/producto\/forro-polar-infantil-personalizado\/\" \/>\n<meta property=\"og:site_name\" content=\"Imprenta Digital Guzm\u00e1n\" \/>\n<meta property=\"article:modified_time\" content=\"2026-03-12T10:07:47+00:00\" \/>\n<meta property=\"og:image\" content=\"https:\/\/www.imprentadigitalguzman.com\/wp-content\/uploads\/2026\/02\/ChatGPT-Image-4-feb-2026-13_40_50-683x1024.png\" \/>\n\t<meta property=\"og:image:width\" content=\"683\" \/>\n\t<meta property=\"og:image:height\" content=\"1024\" \/>\n\t<meta property=\"og:image:type\" content=\"image\/png\" \/>\n<meta name=\"twitter:card\" content=\"summary_large_image\" \/>\n<meta name=\"twitter:label1\" content=\"Tiempo de lectura\" \/>\n\t<meta name=\"twitter:data1\" content=\"2 minutos\" \/>\n<script type=\"application\/ld+json\" class=\"yoast-schema-graph\">{\"@context\":\"https:\\\/\\\/schema.org\",\"@graph\":[{\"@type\":\"WebPage\",\"@id\":\"https:\\\/\\\/www.imprentadigitalguzman.com\\\/inicio\\\/producto\\\/forro-polar-infantil-personalizado\\\/\",\"url\":\"https:\\\/\\\/www.imprentadigitalguzman.com\\\/inicio\\\/producto\\\/forro-polar-infantil-personalizado\\\/\",\"name\":\"POLAR FLEECE KID - Imprenta Digital Guzm\u00e1n\",\"isPartOf\":{\"@id\":\"https:\\\/\\\/www.imprentadigitalguzman.com\\\/inicio\\\/#website\"},\"primaryImageOfPage\":{\"@id\":\"https:\\\/\\\/www.imprentadigitalguzman.com\\\/inicio\\\/producto\\\/forro-polar-infantil-personalizado\\\/#primaryimage\"},\"image\":{\"@id\":\"https:\\\/\\\/www.imprentadigitalguzman.com\\\/inicio\\\/producto\\\/forro-polar-infantil-personalizado\\\/#primaryimage\"},\"thumbnailUrl\":\"https:\\\/\\\/www.imprentadigitalguzman.com\\\/wp-content\\\/uploads\\\/2026\\\/02\\\/ChatGPT-Image-4-feb-2026-13_40_50.png\",\"datePublished\":\"2026-02-04T12:44:04+00:00\",\"dateModified\":\"2026-03-12T10:07:47+00:00\",\"description\":\"Forro polar infantil en poli\u00e9ster reciclado, con cremallera entera y alta protecci\u00f3n t\u00e9rmica. Ideal para exteriores y personalizaci\u00f3n.\",\"breadcrumb\":{\"@id\":\"https:\\\/\\\/www.imprentadigitalguzman.com\\\/inicio\\\/producto\\\/forro-polar-infantil-personalizado\\\/#breadcrumb\"},\"inLanguage\":\"es\",\"potentialAction\":[{\"@type\":\"ReadAction\",\"target\":[\"https:\\\/\\\/www.imprentadigitalguzman.com\\\/inicio\\\/producto\\\/forro-polar-infantil-personalizado\\\/\"]}]},{\"@type\":\"ImageObject\",\"inLanguage\":\"es\",\"@id\":\"https:\\\/\\\/www.imprentadigitalguzman.com\\\/inicio\\\/producto\\\/forro-polar-infantil-personalizado\\\/#primaryimage\",\"url\":\"https:\\\/\\\/www.imprentadigitalguzman.com\\\/wp-content\\\/uploads\\\/2026\\\/02\\\/ChatGPT-Image-4-feb-2026-13_40_50.png\",\"contentUrl\":\"https:\\\/\\\/www.imprentadigitalguzman.com\\\/wp-content\\\/uploads\\\/2026\\\/02\\\/ChatGPT-Image-4-feb-2026-13_40_50.png\",\"width\":1024,\"height\":1536,\"caption\":\"forro-polar-ni\u00f1o-personalizables-merchandising-espa\u00f1a-mejor-precio\"},{\"@type\":\"BreadcrumbList\",\"@id\":\"https:\\\/\\\/www.imprentadigitalguzman.com\\\/inicio\\\/producto\\\/forro-polar-infantil-personalizado\\\/#breadcrumb\",\"itemListElement\":[{\"@type\":\"ListItem\",\"position\":1,\"name\":\"Portada\",\"item\":\"https:\\\/\\\/www.imprentadigitalguzman.com\\\/inicio\\\/\"},{\"@type\":\"ListItem\",\"position\":2,\"name\":\"Shop\",\"item\":\"https:\\\/\\\/www.imprentadigitalguzman.com\\\/inicio\\\/shop\\\/\"},{\"@type\":\"ListItem\",\"position\":3,\"name\":\"POLAR FLEECE KID\"}]},{\"@type\":\"WebSite\",\"@id\":\"https:\\\/\\\/www.imprentadigitalguzman.com\\\/inicio\\\/#website\",\"url\":\"https:\\\/\\\/www.imprentadigitalguzman.com\\\/inicio\\\/\",\"name\":\"Imprenta Digital Guzm\u00e1n\",\"description\":\"\",\"potentialAction\":[{\"@type\":\"SearchAction\",\"target\":{\"@type\":\"EntryPoint\",\"urlTemplate\":\"https:\\\/\\\/www.imprentadigitalguzman.com\\\/inicio\\\/?s={search_term_string}\"},\"query-input\":{\"@type\":\"PropertyValueSpecification\",\"valueRequired\":true,\"valueName\":\"search_term_string\"}}],\"inLanguage\":\"es\"}]}<\/script>\n<!-- \/ Yoast SEO plugin. -->","yoast_head_json":{"title":"POLAR FLEECE KID - Imprenta Digital Guzm\u00e1n","description":"Forro polar infantil en poli\u00e9ster reciclado, con cremallera entera y alta protecci\u00f3n t\u00e9rmica. Ideal para exteriores y personalizaci\u00f3n.","robots":{"index":"index","follow":"follow","max-snippet":"max-snippet:-1","max-image-preview":"max-image-preview:large","max-video-preview":"max-video-preview:-1"},"canonical":"https:\/\/www.imprentadigitalguzman.com\/inicio\/producto\/forro-polar-infantil-personalizado\/","og_locale":"es_ES","og_type":"article","og_title":"POLAR FLEECE KID - Imprenta Digital Guzm\u00e1n","og_description":"Forro polar infantil en poli\u00e9ster reciclado, con cremallera entera y alta protecci\u00f3n t\u00e9rmica. Ideal para exteriores y personalizaci\u00f3n.","og_url":"https:\/\/www.imprentadigitalguzman.com\/inicio\/producto\/forro-polar-infantil-personalizado\/","og_site_name":"Imprenta Digital Guzm\u00e1n","article_modified_time":"2026-03-12T10:07:47+00:00","og_image":[{"width":683,"height":1024,"url":"https:\/\/www.imprentadigitalguzman.com\/wp-content\/uploads\/2026\/02\/ChatGPT-Image-4-feb-2026-13_40_50-683x1024.png","type":"image\/png"}],"twitter_card":"summary_large_image","twitter_misc":{"Tiempo de lectura":"2 minutos"},"schema":{"@context":"https:\/\/schema.org","@graph":[{"@type":"WebPage","@id":"https:\/\/www.imprentadigitalguzman.com\/inicio\/producto\/forro-polar-infantil-personalizado\/","url":"https:\/\/www.imprentadigitalguzman.com\/inicio\/producto\/forro-polar-infantil-personalizado\/","name":"POLAR FLEECE KID - Imprenta Digital Guzm\u00e1n","isPartOf":{"@id":"https:\/\/www.imprentadigitalguzman.com\/inicio\/#website"},"primaryImageOfPage":{"@id":"https:\/\/www.imprentadigitalguzman.com\/inicio\/producto\/forro-polar-infantil-personalizado\/#primaryimage"},"image":{"@id":"https:\/\/www.imprentadigitalguzman.com\/inicio\/producto\/forro-polar-infantil-personalizado\/#primaryimage"},"thumbnailUrl":"https:\/\/www.imprentadigitalguzman.com\/wp-content\/uploads\/2026\/02\/ChatGPT-Image-4-feb-2026-13_40_50.png","datePublished":"2026-02-04T12:44:04+00:00","dateModified":"2026-03-12T10:07:47+00:00","description":"Forro polar infantil en poli\u00e9ster reciclado, con cremallera entera y alta protecci\u00f3n t\u00e9rmica. Ideal para exteriores y personalizaci\u00f3n.","breadcrumb":{"@id":"https:\/\/www.imprentadigitalguzman.com\/inicio\/producto\/forro-polar-infantil-personalizado\/#breadcrumb"},"inLanguage":"es","potentialAction":[{"@type":"ReadAction","target":["https:\/\/www.imprentadigitalguzman.com\/inicio\/producto\/forro-polar-infantil-personalizado\/"]}]},{"@type":"ImageObject","inLanguage":"es","@id":"https:\/\/www.imprentadigitalguzman.com\/inicio\/producto\/forro-polar-infantil-personalizado\/#primaryimage","url":"https:\/\/www.imprentadigitalguzman.com\/wp-content\/uploads\/2026\/02\/ChatGPT-Image-4-feb-2026-13_40_50.png","contentUrl":"https:\/\/www.imprentadigitalguzman.com\/wp-content\/uploads\/2026\/02\/ChatGPT-Image-4-feb-2026-13_40_50.png","width":1024,"height":1536,"caption":"forro-polar-ni\u00f1o-personalizables-merchandising-espa\u00f1a-mejor-precio"},{"@type":"BreadcrumbList","@id":"https:\/\/www.imprentadigitalguzman.com\/inicio\/producto\/forro-polar-infantil-personalizado\/#breadcrumb","itemListElement":[{"@type":"ListItem","position":1,"name":"Portada","item":"https:\/\/www.imprentadigitalguzman.com\/inicio\/"},{"@type":"ListItem","position":2,"name":"Shop","item":"https:\/\/www.imprentadigitalguzman.com\/inicio\/shop\/"},{"@type":"ListItem","position":3,"name":"POLAR FLEECE KID"}]},{"@type":"WebSite","@id":"https:\/\/www.imprentadigitalguzman.com\/inicio\/#website","url":"https:\/\/www.imprentadigitalguzman.com\/inicio\/","name":"Imprenta Digital Guzm\u00e1n","description":"","potentialAction":[{"@type":"SearchAction","target":{"@type":"EntryPoint","urlTemplate":"https:\/\/www.imprentadigitalguzman.com\/inicio\/?s={search_term_string}"},"query-input":{"@type":"PropertyValueSpecification","valueRequired":true,"valueName":"search_term_string"}}],"inLanguage":"es"}]}},"_links":{"self":[{"href":"https:\/\/www.imprentadigitalguzman.com\/inicio\/wp-json\/wp\/v2\/product\/762","targetHints":{"allow":["GET"]}}],"collection":[{"href":"https:\/\/www.imprentadigitalguzman.com\/inicio\/wp-json\/wp\/v2\/product"}],"about":[{"href":"https:\/\/www.imprentadigitalguzman.com\/inicio\/wp-json\/wp\/v2\/types\/product"}],"replies":[{"embeddable":true,"href":"https:\/\/www.imprentadigitalguzman.com\/inicio\/wp-json\/wp\/v2\/comments?post=762"}],"wp:featuredmedia":[{"embeddable":true,"href":"https:\/\/www.imprentadigitalguzman.com\/inicio\/wp-json\/wp\/v2\/media\/763"}],"wp:attachment":[{"href":"https:\/\/www.imprentadigitalguzman.com\/inicio\/wp-json\/wp\/v2\/media?parent=762"}],"wp:term":[{"taxonomy":"product_brand","embeddable":true,"href":"https:\/\/www.imprentadigitalguzman.com\/inicio\/wp-json\/wp\/v2\/product_brand?post=762"},{"taxonomy":"product_cat","embeddable":true,"href":"https:\/\/www.imprentadigitalguzman.com\/inicio\/wp-json\/wp\/v2\/product_cat?post=762"},{"taxonomy":"product_tag","embeddable":true,"href":"https:\/\/www.imprentadigitalguzman.com\/inicio\/wp-json\/wp\/v2\/product_tag?post=762"}],"curies":[{"name":"wp","href":"https:\/\/api.w.org\/{rel}","templated":true}]}}