{"id":700,"date":"2026-02-04T11:33:47","date_gmt":"2026-02-04T11:33:47","guid":{"rendered":"https:\/\/www.imprentadigitalguzman.com\/inicio\/?post_type=product&#038;p=700"},"modified":"2026-03-11T12:15:04","modified_gmt":"2026-03-11T12:15:04","slug":"polo-infantil-personalizado-algodon","status":"publish","type":"product","link":"https:\/\/www.imprentadigitalguzman.com\/inicio\/producto\/polo-infantil-personalizado-algodon\/","title":{"rendered":"POLO KID"},"content":{"rendered":"<p data-start=\"303\" data-end=\"608\">El <strong data-start=\"306\" data-end=\"318\">Polo Kid<\/strong> es un <strong data-start=\"325\" data-end=\"370\">polo piqu\u00e9 infantil unisex de manga corta<\/strong>, dise\u00f1ado para ofrecer <strong data-start=\"394\" data-end=\"441\">comodidad, resistencia y un acabado cuidado<\/strong> en el uso diario. Est\u00e1 confeccionado en <strong data-start=\"482\" data-end=\"519\">100 % algod\u00f3n peinado preencogido<\/strong>, lo que garantiza suavidad, transpirabilidad y estabilidad en la talla tras los lavados.<\/p>\n<p data-start=\"610\" data-end=\"833\">Su <strong data-start=\"613\" data-end=\"629\">tejido piqu\u00e9<\/strong> aporta estructura y un aspecto m\u00e1s formal que la camiseta b\u00e1sica, convirti\u00e9ndolo en una prenda ideal para <strong data-start=\"736\" data-end=\"832\">colegios, uniformes escolares, eventos, actividades infantiles y merchandising personalizado<\/strong>.<\/p>\n<p data-start=\"835\" data-end=\"1134\">Incorpora <strong data-start=\"845\" data-end=\"871\">tapeta con dos botones<\/strong>, <strong data-start=\"873\" data-end=\"891\">botones a tono<\/strong>, <strong data-start=\"893\" data-end=\"926\">cuello y bocamangas en canal\u00e9<\/strong> para un mejor ajuste y <strong data-start=\"950\" data-end=\"973\">aberturas laterales<\/strong> que aportan mayor comodidad y libertad de movimiento. Dispone de <strong data-start=\"1039\" data-end=\"1072\">etiqueta TearAway (removible)<\/strong>, perfecta para proyectos de personalizaci\u00f3n y marcas propias.<\/p>\n<p data-start=\"1136\" data-end=\"1367\">Es ideal para <strong data-start=\"1150\" data-end=\"1199\">bordado, serigraf\u00eda, transfer o vinilo textil<\/strong>, ofreciendo resultados duraderos y de calidad.<br data-start=\"1246\" data-end=\"1249\" \/>Disponible en <strong data-start=\"1263\" data-end=\"1277\">23 colores<\/strong> y en tallas desde la <strong data-start=\"1299\" data-end=\"1321\">1\/2 hasta la 12\/14<\/strong>, se adapta a diferentes edades y necesidades.<\/p>\n<p data-start=\"1369\" data-end=\"1469\">Con un <strong data-start=\"1376\" data-end=\"1399\">gramaje de 210 g\/m\u00b2<\/strong>, es un polo resistente, con cuerpo y preparado para un uso intensivo.<\/p>\n<p data-start=\"1369\" data-end=\"1469\">\n<hr data-start=\"1471\" data-end=\"1474\" \/>\n<h3 data-start=\"1476\" data-end=\"1508\"><strong data-start=\"1480\" data-end=\"1508\">Caracter\u00edsticas t\u00e9cnicas<\/strong><\/h3>\n<ul data-start=\"1509\" data-end=\"1703\">\n<li data-start=\"1509\" data-end=\"1524\">\n<p data-start=\"1511\" data-end=\"1524\">Manga corta<\/p>\n<\/li>\n<li data-start=\"1525\" data-end=\"1541\">\n<p data-start=\"1527\" data-end=\"1541\">Tejido piqu\u00e9<\/p>\n<\/li>\n<li data-start=\"1542\" data-end=\"1568\">\n<p data-start=\"1544\" data-end=\"1568\">Tapeta con dos botones<\/p>\n<\/li>\n<li data-start=\"1569\" data-end=\"1587\">\n<p data-start=\"1571\" data-end=\"1587\">Botones a tono<\/p>\n<\/li>\n<li data-start=\"1588\" data-end=\"1621\">\n<p data-start=\"1590\" data-end=\"1621\">Cuello y bocamangas en canal\u00e9<\/p>\n<\/li>\n<li data-start=\"1622\" data-end=\"1645\">\n<p data-start=\"1624\" data-end=\"1645\">Aberturas laterales<\/p>\n<\/li>\n<li data-start=\"1646\" data-end=\"1679\">\n<p data-start=\"1648\" data-end=\"1679\">Etiqueta TearAway (removible)<\/p>\n<\/li>\n<li data-start=\"1680\" data-end=\"1703\">\n<p data-start=\"1682\" data-end=\"1703\">Gramaje: <strong data-start=\"1691\" data-end=\"1703\">210 g\/m\u00b2<\/strong><\/p>\n<\/li>\n<\/ul>\n<p>&nbsp;<\/p>\n<hr data-start=\"1705\" data-end=\"1708\" \/>\n<h3 data-start=\"1710\" data-end=\"1741\"><strong data-start=\"1714\" data-end=\"1741\">Composici\u00f3n seg\u00fan color<\/strong><\/h3>\n<ul data-start=\"1742\" data-end=\"1841\">\n<li data-start=\"1742\" data-end=\"1781\">\n<p data-start=\"1744\" data-end=\"1781\"><strong data-start=\"1744\" data-end=\"1751\">GM:<\/strong> 85 % algod\u00f3n \/ 15 % viscosa<\/p>\n<\/li>\n<li data-start=\"1782\" data-end=\"1841\">\n<p data-start=\"1784\" data-end=\"1841\"><strong data-start=\"1784\" data-end=\"1805\">Resto de colores:<\/strong> 100 % algod\u00f3n peinado preencogido<\/p>\n<\/li>\n<\/ul>\n","protected":false},"excerpt":{"rendered":"<p>Polo piqu\u00e9 infantil unisex en algod\u00f3n peinado preencogido, resistente y c\u00f3modo. Ideal para colegios y personalizaci\u00f3n textil.<\/p>\n","protected":false},"featured_media":701,"comment_status":"closed","ping_status":"closed","template":"","meta":{"_et_pb_use_builder":"","_et_pb_old_content":"","_et_gb_content_width":"","_joinchat":[]},"product_brand":[],"product_cat":[219,234],"product_tag":[106,163,227,138,237,174,236],"class_list":{"0":"post-700","1":"product","2":"type-product","3":"status-publish","4":"has-post-thumbnail","6":"product_cat-ninos","7":"product_cat-polo-ninos","8":"product_tag-algodon","9":"product_tag-capucha","10":"product_tag-nino","11":"product_tag-personalizar","12":"product_tag-pique","13":"product_tag-polo","14":"product_tag-polo-personalizable","16":"first","17":"instock","18":"taxable","19":"shipping-taxable","20":"purchasable","21":"product-type-variable"},"yoast_head":"<!-- This site is optimized with the Yoast SEO plugin v27.4 - https:\/\/yoast.com\/product\/yoast-seo-wordpress\/ -->\n<title>POLO KID - Imprenta Digital Guzm\u00e1n<\/title>\n<meta name=\"description\" content=\"Polo piqu\u00e9 infantil unisex en algod\u00f3n peinado preencogido, ideal para colegios y personalizaci\u00f3n. Disponible en 23 colores y tallas 1\/2 a 12\/14.\" \/>\n<meta name=\"robots\" content=\"index, follow, max-snippet:-1, max-image-preview:large, max-video-preview:-1\" \/>\n<link rel=\"canonical\" href=\"https:\/\/www.imprentadigitalguzman.com\/inicio\/producto\/polo-infantil-personalizado-algodon\/\" \/>\n<meta property=\"og:locale\" content=\"es_ES\" \/>\n<meta property=\"og:type\" content=\"article\" \/>\n<meta property=\"og:title\" content=\"POLO KID - Imprenta Digital Guzm\u00e1n\" \/>\n<meta property=\"og:description\" content=\"Polo piqu\u00e9 infantil unisex en algod\u00f3n peinado preencogido, ideal para colegios y personalizaci\u00f3n. Disponible en 23 colores y tallas 1\/2 a 12\/14.\" \/>\n<meta property=\"og:url\" content=\"https:\/\/www.imprentadigitalguzman.com\/inicio\/producto\/polo-infantil-personalizado-algodon\/\" \/>\n<meta property=\"og:site_name\" content=\"Imprenta Digital Guzm\u00e1n\" \/>\n<meta property=\"article:modified_time\" content=\"2026-03-11T12:15:04+00:00\" \/>\n<meta property=\"og:image\" content=\"https:\/\/www.imprentadigitalguzman.com\/wp-content\/uploads\/2026\/02\/ChatGPT-Image-4-feb-2026-12_30_06-683x1024.png\" \/>\n\t<meta property=\"og:image:width\" content=\"683\" \/>\n\t<meta property=\"og:image:height\" content=\"1024\" \/>\n\t<meta property=\"og:image:type\" content=\"image\/png\" \/>\n<meta name=\"twitter:card\" content=\"summary_large_image\" \/>\n<meta name=\"twitter:label1\" content=\"Tiempo de lectura\" \/>\n\t<meta name=\"twitter:data1\" content=\"2 minutos\" \/>\n<script type=\"application\/ld+json\" class=\"yoast-schema-graph\">{\"@context\":\"https:\\\/\\\/schema.org\",\"@graph\":[{\"@type\":\"WebPage\",\"@id\":\"https:\\\/\\\/www.imprentadigitalguzman.com\\\/inicio\\\/producto\\\/polo-infantil-personalizado-algodon\\\/\",\"url\":\"https:\\\/\\\/www.imprentadigitalguzman.com\\\/inicio\\\/producto\\\/polo-infantil-personalizado-algodon\\\/\",\"name\":\"POLO KID - Imprenta Digital Guzm\u00e1n\",\"isPartOf\":{\"@id\":\"https:\\\/\\\/www.imprentadigitalguzman.com\\\/inicio\\\/#website\"},\"primaryImageOfPage\":{\"@id\":\"https:\\\/\\\/www.imprentadigitalguzman.com\\\/inicio\\\/producto\\\/polo-infantil-personalizado-algodon\\\/#primaryimage\"},\"image\":{\"@id\":\"https:\\\/\\\/www.imprentadigitalguzman.com\\\/inicio\\\/producto\\\/polo-infantil-personalizado-algodon\\\/#primaryimage\"},\"thumbnailUrl\":\"https:\\\/\\\/www.imprentadigitalguzman.com\\\/wp-content\\\/uploads\\\/2026\\\/02\\\/ChatGPT-Image-4-feb-2026-12_30_06.png\",\"datePublished\":\"2026-02-04T11:33:47+00:00\",\"dateModified\":\"2026-03-11T12:15:04+00:00\",\"description\":\"Polo piqu\u00e9 infantil unisex en algod\u00f3n peinado preencogido, ideal para colegios y personalizaci\u00f3n. Disponible en 23 colores y tallas 1\\\/2 a 12\\\/14.\",\"breadcrumb\":{\"@id\":\"https:\\\/\\\/www.imprentadigitalguzman.com\\\/inicio\\\/producto\\\/polo-infantil-personalizado-algodon\\\/#breadcrumb\"},\"inLanguage\":\"es\",\"potentialAction\":[{\"@type\":\"ReadAction\",\"target\":[\"https:\\\/\\\/www.imprentadigitalguzman.com\\\/inicio\\\/producto\\\/polo-infantil-personalizado-algodon\\\/\"]}]},{\"@type\":\"ImageObject\",\"inLanguage\":\"es\",\"@id\":\"https:\\\/\\\/www.imprentadigitalguzman.com\\\/inicio\\\/producto\\\/polo-infantil-personalizado-algodon\\\/#primaryimage\",\"url\":\"https:\\\/\\\/www.imprentadigitalguzman.com\\\/wp-content\\\/uploads\\\/2026\\\/02\\\/ChatGPT-Image-4-feb-2026-12_30_06.png\",\"contentUrl\":\"https:\\\/\\\/www.imprentadigitalguzman.com\\\/wp-content\\\/uploads\\\/2026\\\/02\\\/ChatGPT-Image-4-feb-2026-12_30_06.png\",\"width\":1024,\"height\":1536,\"caption\":\"polo-ni\u00f1o-personalizables-merchandising-espa\u00f1a-mejor-precio\"},{\"@type\":\"BreadcrumbList\",\"@id\":\"https:\\\/\\\/www.imprentadigitalguzman.com\\\/inicio\\\/producto\\\/polo-infantil-personalizado-algodon\\\/#breadcrumb\",\"itemListElement\":[{\"@type\":\"ListItem\",\"position\":1,\"name\":\"Portada\",\"item\":\"https:\\\/\\\/www.imprentadigitalguzman.com\\\/inicio\\\/\"},{\"@type\":\"ListItem\",\"position\":2,\"name\":\"Shop\",\"item\":\"https:\\\/\\\/www.imprentadigitalguzman.com\\\/inicio\\\/shop\\\/\"},{\"@type\":\"ListItem\",\"position\":3,\"name\":\"POLO KID\"}]},{\"@type\":\"WebSite\",\"@id\":\"https:\\\/\\\/www.imprentadigitalguzman.com\\\/inicio\\\/#website\",\"url\":\"https:\\\/\\\/www.imprentadigitalguzman.com\\\/inicio\\\/\",\"name\":\"Imprenta Digital Guzm\u00e1n\",\"description\":\"\",\"potentialAction\":[{\"@type\":\"SearchAction\",\"target\":{\"@type\":\"EntryPoint\",\"urlTemplate\":\"https:\\\/\\\/www.imprentadigitalguzman.com\\\/inicio\\\/?s={search_term_string}\"},\"query-input\":{\"@type\":\"PropertyValueSpecification\",\"valueRequired\":true,\"valueName\":\"search_term_string\"}}],\"inLanguage\":\"es\"}]}<\/script>\n<!-- \/ Yoast SEO plugin. -->","yoast_head_json":{"title":"POLO KID - Imprenta Digital Guzm\u00e1n","description":"Polo piqu\u00e9 infantil unisex en algod\u00f3n peinado preencogido, ideal para colegios y personalizaci\u00f3n. Disponible en 23 colores y tallas 1\/2 a 12\/14.","robots":{"index":"index","follow":"follow","max-snippet":"max-snippet:-1","max-image-preview":"max-image-preview:large","max-video-preview":"max-video-preview:-1"},"canonical":"https:\/\/www.imprentadigitalguzman.com\/inicio\/producto\/polo-infantil-personalizado-algodon\/","og_locale":"es_ES","og_type":"article","og_title":"POLO KID - Imprenta Digital Guzm\u00e1n","og_description":"Polo piqu\u00e9 infantil unisex en algod\u00f3n peinado preencogido, ideal para colegios y personalizaci\u00f3n. Disponible en 23 colores y tallas 1\/2 a 12\/14.","og_url":"https:\/\/www.imprentadigitalguzman.com\/inicio\/producto\/polo-infantil-personalizado-algodon\/","og_site_name":"Imprenta Digital Guzm\u00e1n","article_modified_time":"2026-03-11T12:15:04+00:00","og_image":[{"width":683,"height":1024,"url":"https:\/\/www.imprentadigitalguzman.com\/wp-content\/uploads\/2026\/02\/ChatGPT-Image-4-feb-2026-12_30_06-683x1024.png","type":"image\/png"}],"twitter_card":"summary_large_image","twitter_misc":{"Tiempo de lectura":"2 minutos"},"schema":{"@context":"https:\/\/schema.org","@graph":[{"@type":"WebPage","@id":"https:\/\/www.imprentadigitalguzman.com\/inicio\/producto\/polo-infantil-personalizado-algodon\/","url":"https:\/\/www.imprentadigitalguzman.com\/inicio\/producto\/polo-infantil-personalizado-algodon\/","name":"POLO KID - Imprenta Digital Guzm\u00e1n","isPartOf":{"@id":"https:\/\/www.imprentadigitalguzman.com\/inicio\/#website"},"primaryImageOfPage":{"@id":"https:\/\/www.imprentadigitalguzman.com\/inicio\/producto\/polo-infantil-personalizado-algodon\/#primaryimage"},"image":{"@id":"https:\/\/www.imprentadigitalguzman.com\/inicio\/producto\/polo-infantil-personalizado-algodon\/#primaryimage"},"thumbnailUrl":"https:\/\/www.imprentadigitalguzman.com\/wp-content\/uploads\/2026\/02\/ChatGPT-Image-4-feb-2026-12_30_06.png","datePublished":"2026-02-04T11:33:47+00:00","dateModified":"2026-03-11T12:15:04+00:00","description":"Polo piqu\u00e9 infantil unisex en algod\u00f3n peinado preencogido, ideal para colegios y personalizaci\u00f3n. Disponible en 23 colores y tallas 1\/2 a 12\/14.","breadcrumb":{"@id":"https:\/\/www.imprentadigitalguzman.com\/inicio\/producto\/polo-infantil-personalizado-algodon\/#breadcrumb"},"inLanguage":"es","potentialAction":[{"@type":"ReadAction","target":["https:\/\/www.imprentadigitalguzman.com\/inicio\/producto\/polo-infantil-personalizado-algodon\/"]}]},{"@type":"ImageObject","inLanguage":"es","@id":"https:\/\/www.imprentadigitalguzman.com\/inicio\/producto\/polo-infantil-personalizado-algodon\/#primaryimage","url":"https:\/\/www.imprentadigitalguzman.com\/wp-content\/uploads\/2026\/02\/ChatGPT-Image-4-feb-2026-12_30_06.png","contentUrl":"https:\/\/www.imprentadigitalguzman.com\/wp-content\/uploads\/2026\/02\/ChatGPT-Image-4-feb-2026-12_30_06.png","width":1024,"height":1536,"caption":"polo-ni\u00f1o-personalizables-merchandising-espa\u00f1a-mejor-precio"},{"@type":"BreadcrumbList","@id":"https:\/\/www.imprentadigitalguzman.com\/inicio\/producto\/polo-infantil-personalizado-algodon\/#breadcrumb","itemListElement":[{"@type":"ListItem","position":1,"name":"Portada","item":"https:\/\/www.imprentadigitalguzman.com\/inicio\/"},{"@type":"ListItem","position":2,"name":"Shop","item":"https:\/\/www.imprentadigitalguzman.com\/inicio\/shop\/"},{"@type":"ListItem","position":3,"name":"POLO KID"}]},{"@type":"WebSite","@id":"https:\/\/www.imprentadigitalguzman.com\/inicio\/#website","url":"https:\/\/www.imprentadigitalguzman.com\/inicio\/","name":"Imprenta Digital Guzm\u00e1n","description":"","potentialAction":[{"@type":"SearchAction","target":{"@type":"EntryPoint","urlTemplate":"https:\/\/www.imprentadigitalguzman.com\/inicio\/?s={search_term_string}"},"query-input":{"@type":"PropertyValueSpecification","valueRequired":true,"valueName":"search_term_string"}}],"inLanguage":"es"}]}},"_links":{"self":[{"href":"https:\/\/www.imprentadigitalguzman.com\/inicio\/wp-json\/wp\/v2\/product\/700","targetHints":{"allow":["GET"]}}],"collection":[{"href":"https:\/\/www.imprentadigitalguzman.com\/inicio\/wp-json\/wp\/v2\/product"}],"about":[{"href":"https:\/\/www.imprentadigitalguzman.com\/inicio\/wp-json\/wp\/v2\/types\/product"}],"replies":[{"embeddable":true,"href":"https:\/\/www.imprentadigitalguzman.com\/inicio\/wp-json\/wp\/v2\/comments?post=700"}],"wp:featuredmedia":[{"embeddable":true,"href":"https:\/\/www.imprentadigitalguzman.com\/inicio\/wp-json\/wp\/v2\/media\/701"}],"wp:attachment":[{"href":"https:\/\/www.imprentadigitalguzman.com\/inicio\/wp-json\/wp\/v2\/media?parent=700"}],"wp:term":[{"taxonomy":"product_brand","embeddable":true,"href":"https:\/\/www.imprentadigitalguzman.com\/inicio\/wp-json\/wp\/v2\/product_brand?post=700"},{"taxonomy":"product_cat","embeddable":true,"href":"https:\/\/www.imprentadigitalguzman.com\/inicio\/wp-json\/wp\/v2\/product_cat?post=700"},{"taxonomy":"product_tag","embeddable":true,"href":"https:\/\/www.imprentadigitalguzman.com\/inicio\/wp-json\/wp\/v2\/product_tag?post=700"}],"curies":[{"name":"wp","href":"https:\/\/api.w.org\/{rel}","templated":true}]}}