{"id":686,"date":"2026-02-04T11:19:03","date_gmt":"2026-02-04T11:19:03","guid":{"rendered":"https:\/\/www.imprentadigitalguzman.com\/inicio\/?post_type=product&#038;p=686"},"modified":"2026-03-11T12:15:50","modified_gmt":"2026-03-11T12:15:50","slug":"camiseta-deportiva-infantil-personalizada","status":"publish","type":"product","link":"https:\/\/www.imprentadigitalguzman.com\/inicio\/producto\/camiseta-deportiva-infantil-personalizada\/","title":{"rendered":"SPORT T-SHIRT KID"},"content":{"rendered":"<p data-start=\"330\" data-end=\"730\">La <strong data-start=\"333\" data-end=\"354\">Sport T-Shirt Kid<\/strong> es una <strong data-start=\"362\" data-end=\"402\">camiseta deportiva unisex para ni\u00f1os<\/strong>, dise\u00f1ada para ofrecer <strong data-start=\"426\" data-end=\"468\">ligereza, transpirabilidad y comodidad<\/strong> durante la pr\u00e1ctica deportiva y actividades al aire libre. Su <strong data-start=\"531\" data-end=\"553\">manga raglan corta<\/strong> favorece la libertad de movimiento, convirti\u00e9ndola en una prenda ideal para <strong data-start=\"630\" data-end=\"729\">educaci\u00f3n f\u00edsica, clubs deportivos, campamentos, eventos escolares y actividades extraescolares<\/strong>.<\/p>\n<p data-start=\"732\" data-end=\"947\">Confeccionada en <strong data-start=\"749\" data-end=\"778\">100 % poli\u00e9ster reciclado<\/strong>, es una camiseta ligera, de secado r\u00e1pido y f\u00e1cil mantenimiento. Incorpora <strong data-start=\"854\" data-end=\"893\">costuras decorativas en media manga<\/strong>, que aportan un toque din\u00e1mico y deportivo al dise\u00f1o.<\/p>\n<p data-start=\"949\" data-end=\"1117\">Cuenta con <strong data-start=\"960\" data-end=\"982\">etiqueta removible<\/strong>, lo que la hace perfecta para <strong data-start=\"1013\" data-end=\"1071\">personalizaci\u00f3n mediante serigraf\u00eda, vinilo o transfer<\/strong>, manteniendo un acabado c\u00f3modo y profesional.<\/p>\n<p data-start=\"1119\" data-end=\"1248\">Disponible en <strong data-start=\"1133\" data-end=\"1146\">9 colores<\/strong> y en tallas desde la <strong data-start=\"1168\" data-end=\"1195\">3\/4 hasta la 12\/14 a\u00f1os<\/strong>, se adapta a diferentes edades y equipos infantiles.<\/p>\n<p data-start=\"1250\" data-end=\"1360\">Con un <strong data-start=\"1257\" data-end=\"1291\">gramaje aproximado de 130 g\/m\u00b2<\/strong>, es ideal para climas c\u00e1lidos y para actividades de alta intensidad.<\/p>\n<p data-start=\"1250\" data-end=\"1360\">\n<hr data-start=\"1362\" data-end=\"1365\" \/>\n<h3 data-start=\"1367\" data-end=\"1399\"><strong data-start=\"1371\" data-end=\"1399\">Caracter\u00edsticas t\u00e9cnicas<\/strong><\/h3>\n<ul data-start=\"1400\" data-end=\"1549\">\n<li data-start=\"1400\" data-end=\"1422\">\n<p data-start=\"1402\" data-end=\"1422\">Manga raglan corta<\/p>\n<\/li>\n<li data-start=\"1423\" data-end=\"1462\">\n<p data-start=\"1425\" data-end=\"1462\">Costuras decorativas en media manga<\/p>\n<\/li>\n<li data-start=\"1463\" data-end=\"1485\">\n<p data-start=\"1465\" data-end=\"1485\">Etiqueta removible<\/p>\n<\/li>\n<li data-start=\"1486\" data-end=\"1518\">\n<p data-start=\"1488\" data-end=\"1518\">Tejido ligero y transpirable<\/p>\n<\/li>\n<li data-start=\"1519\" data-end=\"1549\">\n<p data-start=\"1521\" data-end=\"1549\">Gramaje: <strong data-start=\"1530\" data-end=\"1549\">130 g\/m\u00b2 aprox.<\/strong><\/p>\n<\/li>\n<\/ul>\n<p>&nbsp;<\/p>\n<hr data-start=\"1551\" data-end=\"1554\" \/>\n<h3 data-start=\"1556\" data-end=\"1575\"><strong data-start=\"1560\" data-end=\"1575\">Composici\u00f3n<\/strong><\/h3>\n<ul data-start=\"1576\" data-end=\"1607\">\n<li data-start=\"1576\" data-end=\"1607\">\n<p data-start=\"1578\" data-end=\"1607\"><strong data-start=\"1578\" data-end=\"1607\">100 % poli\u00e9ster reciclado<\/strong><\/p>\n<\/li>\n<\/ul>\n","protected":false},"excerpt":{"rendered":"<p>Camiseta deportiva infantil ligera con manga raglan, ideal para actividades deportivas y personalizaci\u00f3n textil.<\/p>\n","protected":false},"featured_media":687,"comment_status":"closed","ping_status":"closed","template":"","meta":{"_et_pb_use_builder":"on","_et_pb_old_content":"<p data-start=\"330\" data-end=\"730\">La <strong data-start=\"333\" data-end=\"354\">Sport T-Shirt Kid<\/strong> es una <strong data-start=\"362\" data-end=\"402\">camiseta deportiva unisex para ni\u00f1os<\/strong>, dise\u00f1ada para ofrecer <strong data-start=\"426\" data-end=\"468\">ligereza, transpirabilidad y comodidad<\/strong> durante la pr\u00e1ctica deportiva y actividades al aire libre. Su <strong data-start=\"531\" data-end=\"553\">manga raglan corta<\/strong> favorece la libertad de movimiento, convirti\u00e9ndola en una prenda ideal para <strong data-start=\"630\" data-end=\"729\">educaci\u00f3n f\u00edsica, clubs deportivos, campamentos, eventos escolares y actividades extraescolares<\/strong>.<\/p>\r\n<p data-start=\"732\" data-end=\"947\">Confeccionada en <strong data-start=\"749\" data-end=\"778\">100 % poli\u00e9ster reciclado<\/strong>, es una camiseta ligera, de secado r\u00e1pido y f\u00e1cil mantenimiento. Incorpora <strong data-start=\"854\" data-end=\"893\">costuras decorativas en media manga<\/strong>, que aportan un toque din\u00e1mico y deportivo al dise\u00f1o.<\/p>\r\n<p data-start=\"949\" data-end=\"1117\">Cuenta con <strong data-start=\"960\" data-end=\"982\">etiqueta removible<\/strong>, lo que la hace perfecta para <strong data-start=\"1013\" data-end=\"1071\">personalizaci\u00f3n mediante serigraf\u00eda, vinilo o transfer<\/strong>, manteniendo un acabado c\u00f3modo y profesional.<\/p>\r\n<p data-start=\"1119\" data-end=\"1248\">Disponible en <strong data-start=\"1133\" data-end=\"1146\">9 colores<\/strong> y en tallas desde la <strong data-start=\"1168\" data-end=\"1195\">3\/4 hasta la 12\/14 a\u00f1os<\/strong>, se adapta a diferentes edades y equipos infantiles.<\/p>\r\n<p data-start=\"1250\" data-end=\"1360\">Con un <strong data-start=\"1257\" data-end=\"1291\">gramaje aproximado de 130 g\/m\u00b2<\/strong>, es ideal para climas c\u00e1lidos y para actividades de alta intensidad.<\/p>\r\n<p data-start=\"1250\" data-end=\"1360\"><\/p>\r\n\r\n\r\n<hr data-start=\"1362\" data-end=\"1365\" \/>\r\n\r\n<h3 data-start=\"1367\" data-end=\"1399\"><strong data-start=\"1371\" data-end=\"1399\">Caracter\u00edsticas t\u00e9cnicas<\/strong><\/h3>\r\n<ul data-start=\"1400\" data-end=\"1549\">\r\n \t<li data-start=\"1400\" data-end=\"1422\">\r\n<p data-start=\"1402\" data-end=\"1422\">Manga raglan corta<\/p>\r\n<\/li>\r\n \t<li data-start=\"1423\" data-end=\"1462\">\r\n<p data-start=\"1425\" data-end=\"1462\">Costuras decorativas en media manga<\/p>\r\n<\/li>\r\n \t<li data-start=\"1463\" data-end=\"1485\">\r\n<p data-start=\"1465\" data-end=\"1485\">Etiqueta removible<\/p>\r\n<\/li>\r\n \t<li data-start=\"1486\" data-end=\"1518\">\r\n<p data-start=\"1488\" data-end=\"1518\">Tejido ligero y transpirable<\/p>\r\n<\/li>\r\n \t<li data-start=\"1519\" data-end=\"1549\">\r\n<p data-start=\"1521\" data-end=\"1549\">Gramaje: <strong data-start=\"1530\" data-end=\"1549\">130 g\/m\u00b2 aprox.<\/strong><\/p>\r\n<\/li>\r\n<\/ul>\r\n&nbsp;\r\n\r\n<hr data-start=\"1551\" data-end=\"1554\" \/>\r\n\r\n<h3 data-start=\"1556\" data-end=\"1575\"><strong data-start=\"1560\" data-end=\"1575\">Composici\u00f3n<\/strong><\/h3>\r\n<ul data-start=\"1576\" data-end=\"1607\">\r\n \t<li data-start=\"1576\" data-end=\"1607\">\r\n<p data-start=\"1578\" data-end=\"1607\"><strong data-start=\"1578\" data-end=\"1607\">100 % poli\u00e9ster reciclado<\/strong><\/p>\r\n<\/li>\r\n<\/ul>","_et_gb_content_width":"","_joinchat":[]},"product_brand":[],"product_cat":[220,219],"product_tag":[106,110,108,143,109,134,105,227],"class_list":{"0":"post-686","1":"product","2":"type-product","3":"status-publish","4":"has-post-thumbnail","6":"product_cat-camiseta-ninos","7":"product_cat-ninos","8":"product_tag-algodon","9":"product_tag-camiseta-para-personalizar","10":"product_tag-camiseta-tubular","11":"product_tag-confort","12":"product_tag-etiqueta-removible","13":"product_tag-impresion-textil","14":"product_tag-manga-corta","15":"product_tag-nino","17":"first","18":"instock","19":"taxable","20":"shipping-taxable","21":"purchasable","22":"product-type-variable"},"yoast_head":"<!-- This site is optimized with the Yoast SEO plugin v27.4 - https:\/\/yoast.com\/product\/yoast-seo-wordpress\/ -->\n<title>SPORT T-SHIRT KID - Imprenta Digital Guzm\u00e1n<\/title>\n<meta name=\"description\" content=\"Camiseta deportiva unisex para ni\u00f1os en poli\u00e9ster reciclado, ligera y transpirable. Ideal para deporte y personalizaci\u00f3n textil.\" \/>\n<meta name=\"robots\" content=\"index, follow, max-snippet:-1, max-image-preview:large, max-video-preview:-1\" \/>\n<link rel=\"canonical\" href=\"https:\/\/www.imprentadigitalguzman.com\/inicio\/producto\/camiseta-deportiva-infantil-personalizada\/\" \/>\n<meta property=\"og:locale\" content=\"es_ES\" \/>\n<meta property=\"og:type\" content=\"article\" \/>\n<meta property=\"og:title\" content=\"SPORT T-SHIRT KID - Imprenta Digital Guzm\u00e1n\" \/>\n<meta property=\"og:description\" content=\"Camiseta deportiva unisex para ni\u00f1os en poli\u00e9ster reciclado, ligera y transpirable. Ideal para deporte y personalizaci\u00f3n textil.\" \/>\n<meta property=\"og:url\" content=\"https:\/\/www.imprentadigitalguzman.com\/inicio\/producto\/camiseta-deportiva-infantil-personalizada\/\" \/>\n<meta property=\"og:site_name\" content=\"Imprenta Digital Guzm\u00e1n\" \/>\n<meta property=\"article:modified_time\" content=\"2026-03-11T12:15:50+00:00\" \/>\n<meta property=\"og:image\" content=\"https:\/\/www.imprentadigitalguzman.com\/wp-content\/uploads\/2026\/02\/ChatGPT-Image-4-feb-2026-12_16_12.png\" \/>\n\t<meta property=\"og:image:width\" content=\"1024\" \/>\n\t<meta property=\"og:image:height\" content=\"1536\" \/>\n\t<meta property=\"og:image:type\" content=\"image\/png\" \/>\n<meta name=\"twitter:card\" content=\"summary_large_image\" \/>\n<meta name=\"twitter:label1\" content=\"Tiempo de lectura\" \/>\n\t<meta name=\"twitter:data1\" content=\"1 minuto\" \/>\n<script type=\"application\/ld+json\" class=\"yoast-schema-graph\">{\"@context\":\"https:\\\/\\\/schema.org\",\"@graph\":[{\"@type\":\"WebPage\",\"@id\":\"https:\\\/\\\/www.imprentadigitalguzman.com\\\/inicio\\\/producto\\\/camiseta-deportiva-infantil-personalizada\\\/\",\"url\":\"https:\\\/\\\/www.imprentadigitalguzman.com\\\/inicio\\\/producto\\\/camiseta-deportiva-infantil-personalizada\\\/\",\"name\":\"SPORT T-SHIRT KID - Imprenta Digital Guzm\u00e1n\",\"isPartOf\":{\"@id\":\"https:\\\/\\\/www.imprentadigitalguzman.com\\\/inicio\\\/#website\"},\"primaryImageOfPage\":{\"@id\":\"https:\\\/\\\/www.imprentadigitalguzman.com\\\/inicio\\\/producto\\\/camiseta-deportiva-infantil-personalizada\\\/#primaryimage\"},\"image\":{\"@id\":\"https:\\\/\\\/www.imprentadigitalguzman.com\\\/inicio\\\/producto\\\/camiseta-deportiva-infantil-personalizada\\\/#primaryimage\"},\"thumbnailUrl\":\"https:\\\/\\\/www.imprentadigitalguzman.com\\\/wp-content\\\/uploads\\\/2026\\\/02\\\/ChatGPT-Image-4-feb-2026-12_16_12.png\",\"datePublished\":\"2026-02-04T11:19:03+00:00\",\"dateModified\":\"2026-03-11T12:15:50+00:00\",\"description\":\"Camiseta deportiva unisex para ni\u00f1os en poli\u00e9ster reciclado, ligera y transpirable. Ideal para deporte y personalizaci\u00f3n textil.\",\"breadcrumb\":{\"@id\":\"https:\\\/\\\/www.imprentadigitalguzman.com\\\/inicio\\\/producto\\\/camiseta-deportiva-infantil-personalizada\\\/#breadcrumb\"},\"inLanguage\":\"es\",\"potentialAction\":[{\"@type\":\"ReadAction\",\"target\":[\"https:\\\/\\\/www.imprentadigitalguzman.com\\\/inicio\\\/producto\\\/camiseta-deportiva-infantil-personalizada\\\/\"]}]},{\"@type\":\"ImageObject\",\"inLanguage\":\"es\",\"@id\":\"https:\\\/\\\/www.imprentadigitalguzman.com\\\/inicio\\\/producto\\\/camiseta-deportiva-infantil-personalizada\\\/#primaryimage\",\"url\":\"https:\\\/\\\/www.imprentadigitalguzman.com\\\/wp-content\\\/uploads\\\/2026\\\/02\\\/ChatGPT-Image-4-feb-2026-12_16_12.png\",\"contentUrl\":\"https:\\\/\\\/www.imprentadigitalguzman.com\\\/wp-content\\\/uploads\\\/2026\\\/02\\\/ChatGPT-Image-4-feb-2026-12_16_12.png\",\"width\":1024,\"height\":1536,\"caption\":\"camisetas-ni\u00f1o-personalizables-merchandising-espa\u00f1a-mejor-precio\"},{\"@type\":\"BreadcrumbList\",\"@id\":\"https:\\\/\\\/www.imprentadigitalguzman.com\\\/inicio\\\/producto\\\/camiseta-deportiva-infantil-personalizada\\\/#breadcrumb\",\"itemListElement\":[{\"@type\":\"ListItem\",\"position\":1,\"name\":\"Portada\",\"item\":\"https:\\\/\\\/www.imprentadigitalguzman.com\\\/inicio\\\/\"},{\"@type\":\"ListItem\",\"position\":2,\"name\":\"Shop\",\"item\":\"https:\\\/\\\/www.imprentadigitalguzman.com\\\/inicio\\\/shop\\\/\"},{\"@type\":\"ListItem\",\"position\":3,\"name\":\"SPORT T-SHIRT KID\"}]},{\"@type\":\"WebSite\",\"@id\":\"https:\\\/\\\/www.imprentadigitalguzman.com\\\/inicio\\\/#website\",\"url\":\"https:\\\/\\\/www.imprentadigitalguzman.com\\\/inicio\\\/\",\"name\":\"Imprenta Digital Guzm\u00e1n\",\"description\":\"\",\"potentialAction\":[{\"@type\":\"SearchAction\",\"target\":{\"@type\":\"EntryPoint\",\"urlTemplate\":\"https:\\\/\\\/www.imprentadigitalguzman.com\\\/inicio\\\/?s={search_term_string}\"},\"query-input\":{\"@type\":\"PropertyValueSpecification\",\"valueRequired\":true,\"valueName\":\"search_term_string\"}}],\"inLanguage\":\"es\"}]}<\/script>\n<!-- \/ Yoast SEO plugin. -->","yoast_head_json":{"title":"SPORT T-SHIRT KID - Imprenta Digital Guzm\u00e1n","description":"Camiseta deportiva unisex para ni\u00f1os en poli\u00e9ster reciclado, ligera y transpirable. Ideal para deporte y personalizaci\u00f3n textil.","robots":{"index":"index","follow":"follow","max-snippet":"max-snippet:-1","max-image-preview":"max-image-preview:large","max-video-preview":"max-video-preview:-1"},"canonical":"https:\/\/www.imprentadigitalguzman.com\/inicio\/producto\/camiseta-deportiva-infantil-personalizada\/","og_locale":"es_ES","og_type":"article","og_title":"SPORT T-SHIRT KID - Imprenta Digital Guzm\u00e1n","og_description":"Camiseta deportiva unisex para ni\u00f1os en poli\u00e9ster reciclado, ligera y transpirable. Ideal para deporte y personalizaci\u00f3n textil.","og_url":"https:\/\/www.imprentadigitalguzman.com\/inicio\/producto\/camiseta-deportiva-infantil-personalizada\/","og_site_name":"Imprenta Digital Guzm\u00e1n","article_modified_time":"2026-03-11T12:15:50+00:00","og_image":[{"width":1024,"height":1536,"url":"https:\/\/www.imprentadigitalguzman.com\/wp-content\/uploads\/2026\/02\/ChatGPT-Image-4-feb-2026-12_16_12.png","type":"image\/png"}],"twitter_card":"summary_large_image","twitter_misc":{"Tiempo de lectura":"1 minuto"},"schema":{"@context":"https:\/\/schema.org","@graph":[{"@type":"WebPage","@id":"https:\/\/www.imprentadigitalguzman.com\/inicio\/producto\/camiseta-deportiva-infantil-personalizada\/","url":"https:\/\/www.imprentadigitalguzman.com\/inicio\/producto\/camiseta-deportiva-infantil-personalizada\/","name":"SPORT T-SHIRT KID - Imprenta Digital Guzm\u00e1n","isPartOf":{"@id":"https:\/\/www.imprentadigitalguzman.com\/inicio\/#website"},"primaryImageOfPage":{"@id":"https:\/\/www.imprentadigitalguzman.com\/inicio\/producto\/camiseta-deportiva-infantil-personalizada\/#primaryimage"},"image":{"@id":"https:\/\/www.imprentadigitalguzman.com\/inicio\/producto\/camiseta-deportiva-infantil-personalizada\/#primaryimage"},"thumbnailUrl":"https:\/\/www.imprentadigitalguzman.com\/wp-content\/uploads\/2026\/02\/ChatGPT-Image-4-feb-2026-12_16_12.png","datePublished":"2026-02-04T11:19:03+00:00","dateModified":"2026-03-11T12:15:50+00:00","description":"Camiseta deportiva unisex para ni\u00f1os en poli\u00e9ster reciclado, ligera y transpirable. Ideal para deporte y personalizaci\u00f3n textil.","breadcrumb":{"@id":"https:\/\/www.imprentadigitalguzman.com\/inicio\/producto\/camiseta-deportiva-infantil-personalizada\/#breadcrumb"},"inLanguage":"es","potentialAction":[{"@type":"ReadAction","target":["https:\/\/www.imprentadigitalguzman.com\/inicio\/producto\/camiseta-deportiva-infantil-personalizada\/"]}]},{"@type":"ImageObject","inLanguage":"es","@id":"https:\/\/www.imprentadigitalguzman.com\/inicio\/producto\/camiseta-deportiva-infantil-personalizada\/#primaryimage","url":"https:\/\/www.imprentadigitalguzman.com\/wp-content\/uploads\/2026\/02\/ChatGPT-Image-4-feb-2026-12_16_12.png","contentUrl":"https:\/\/www.imprentadigitalguzman.com\/wp-content\/uploads\/2026\/02\/ChatGPT-Image-4-feb-2026-12_16_12.png","width":1024,"height":1536,"caption":"camisetas-ni\u00f1o-personalizables-merchandising-espa\u00f1a-mejor-precio"},{"@type":"BreadcrumbList","@id":"https:\/\/www.imprentadigitalguzman.com\/inicio\/producto\/camiseta-deportiva-infantil-personalizada\/#breadcrumb","itemListElement":[{"@type":"ListItem","position":1,"name":"Portada","item":"https:\/\/www.imprentadigitalguzman.com\/inicio\/"},{"@type":"ListItem","position":2,"name":"Shop","item":"https:\/\/www.imprentadigitalguzman.com\/inicio\/shop\/"},{"@type":"ListItem","position":3,"name":"SPORT T-SHIRT KID"}]},{"@type":"WebSite","@id":"https:\/\/www.imprentadigitalguzman.com\/inicio\/#website","url":"https:\/\/www.imprentadigitalguzman.com\/inicio\/","name":"Imprenta Digital Guzm\u00e1n","description":"","potentialAction":[{"@type":"SearchAction","target":{"@type":"EntryPoint","urlTemplate":"https:\/\/www.imprentadigitalguzman.com\/inicio\/?s={search_term_string}"},"query-input":{"@type":"PropertyValueSpecification","valueRequired":true,"valueName":"search_term_string"}}],"inLanguage":"es"}]}},"_links":{"self":[{"href":"https:\/\/www.imprentadigitalguzman.com\/inicio\/wp-json\/wp\/v2\/product\/686","targetHints":{"allow":["GET"]}}],"collection":[{"href":"https:\/\/www.imprentadigitalguzman.com\/inicio\/wp-json\/wp\/v2\/product"}],"about":[{"href":"https:\/\/www.imprentadigitalguzman.com\/inicio\/wp-json\/wp\/v2\/types\/product"}],"replies":[{"embeddable":true,"href":"https:\/\/www.imprentadigitalguzman.com\/inicio\/wp-json\/wp\/v2\/comments?post=686"}],"wp:featuredmedia":[{"embeddable":true,"href":"https:\/\/www.imprentadigitalguzman.com\/inicio\/wp-json\/wp\/v2\/media\/687"}],"wp:attachment":[{"href":"https:\/\/www.imprentadigitalguzman.com\/inicio\/wp-json\/wp\/v2\/media?parent=686"}],"wp:term":[{"taxonomy":"product_brand","embeddable":true,"href":"https:\/\/www.imprentadigitalguzman.com\/inicio\/wp-json\/wp\/v2\/product_brand?post=686"},{"taxonomy":"product_cat","embeddable":true,"href":"https:\/\/www.imprentadigitalguzman.com\/inicio\/wp-json\/wp\/v2\/product_cat?post=686"},{"taxonomy":"product_tag","embeddable":true,"href":"https:\/\/www.imprentadigitalguzman.com\/inicio\/wp-json\/wp\/v2\/product_tag?post=686"}],"curies":[{"name":"wp","href":"https:\/\/api.w.org\/{rel}","templated":true}]}}