{"id":680,"date":"2026-02-04T11:13:32","date_gmt":"2026-02-04T11:13:32","guid":{"rendered":"https:\/\/www.imprentadigitalguzman.com\/inicio\/?post_type=product&#038;p=680"},"modified":"2026-03-11T12:16:38","modified_gmt":"2026-03-11T12:16:38","slug":"camiseta-bebe-personalizada-algodon","status":"publish","type":"product","link":"https:\/\/www.imprentadigitalguzman.com\/inicio\/producto\/camiseta-bebe-personalizada-algodon\/","title":{"rendered":"T-SHIRT BABY"},"content":{"rendered":"<p data-start=\"313\" data-end=\"607\">La <strong data-start=\"316\" data-end=\"332\">T-Shirt Baby<\/strong> es una <strong data-start=\"340\" data-end=\"384\">camiseta unisex para beb\u00e9 de manga corta<\/strong>, dise\u00f1ada para ofrecer <strong data-start=\"408\" data-end=\"450\">m\u00e1xima comodidad, suavidad y seguridad<\/strong> en las primeras etapas. Confeccionada en <strong data-start=\"492\" data-end=\"521\">100 % algod\u00f3n preencogido<\/strong>, proporciona un tacto agradable sobre la piel y mantiene su forma lavado tras lavado.<\/p>\n<p data-start=\"609\" data-end=\"834\">Es ideal para <strong data-start=\"623\" data-end=\"681\">personalizaci\u00f3n mediante serigraf\u00eda, transfer o vinilo<\/strong>, convirti\u00e9ndose en una opci\u00f3n perfecta para <strong data-start=\"726\" data-end=\"833\">regalos personalizados, eventos familiares, celebraciones, escuelas infantiles o merchandising infantil<\/strong>.<\/p>\n<p data-start=\"836\" data-end=\"1170\">Incorpora <strong data-start=\"846\" data-end=\"871\">cuello con canal\u00e9 1&#215;1<\/strong> y <strong data-start=\"874\" data-end=\"905\">refuerzo de hombro a hombro<\/strong>, lo que mejora la resistencia de la prenda. Dispone de <strong data-start=\"961\" data-end=\"983\">costuras laterales<\/strong> y <strong data-start=\"986\" data-end=\"1008\">etiqueta removible<\/strong>, facilitando la personalizaci\u00f3n y evitando molestias en la piel del beb\u00e9.<br data-start=\"1082\" data-end=\"1085\" \/>La <strong data-start=\"1088\" data-end=\"1115\">talla 0 incluye botones<\/strong> en el cuello para facilitar el cambio y la colocaci\u00f3n.<\/p>\n<p data-start=\"1172\" data-end=\"1318\">Disponible en <strong data-start=\"1186\" data-end=\"1200\">17 colores<\/strong> y en tallas desde la <strong data-start=\"1222\" data-end=\"1244\">0 hasta los 2 a\u00f1os<\/strong>, esta camiseta es una prenda b\u00e1sica, pr\u00e1ctica y c\u00f3moda para el d\u00eda a d\u00eda.<\/p>\n<p data-start=\"1320\" data-end=\"1411\">Con un <strong data-start=\"1327\" data-end=\"1350\">gramaje de 155 g\/m\u00b2<\/strong>, ofrece el equilibrio perfecto entre ligereza y durabilidad.<\/p>\n<p data-start=\"1320\" data-end=\"1411\">\n<hr data-start=\"1413\" data-end=\"1416\" \/>\n<h3 data-start=\"1418\" data-end=\"1450\"><strong data-start=\"1422\" data-end=\"1450\">Caracter\u00edsticas t\u00e9cnicas<\/strong><\/h3>\n<ul data-start=\"1451\" data-end=\"1617\">\n<li data-start=\"1451\" data-end=\"1466\">\n<p data-start=\"1453\" data-end=\"1466\">Manga corta<\/p>\n<\/li>\n<li data-start=\"1467\" data-end=\"1492\">\n<p data-start=\"1469\" data-end=\"1492\">Cuello con canal\u00e9 1&#215;1<\/p>\n<\/li>\n<li data-start=\"1493\" data-end=\"1515\">\n<p data-start=\"1495\" data-end=\"1515\">Botones en talla 0<\/p>\n<\/li>\n<li data-start=\"1516\" data-end=\"1538\">\n<p data-start=\"1518\" data-end=\"1538\">Costuras laterales<\/p>\n<\/li>\n<li data-start=\"1539\" data-end=\"1570\">\n<p data-start=\"1541\" data-end=\"1570\">Refuerzo de hombro a hombro<\/p>\n<\/li>\n<li data-start=\"1571\" data-end=\"1593\">\n<p data-start=\"1573\" data-end=\"1593\">Etiqueta removible<\/p>\n<\/li>\n<li data-start=\"1594\" data-end=\"1617\">\n<p data-start=\"1596\" data-end=\"1617\">Gramaje: <strong data-start=\"1605\" data-end=\"1617\">155 g\/m\u00b2<\/strong><\/p>\n<\/li>\n<\/ul>\n<p>&nbsp;<\/p>\n<hr data-start=\"1619\" data-end=\"1622\" \/>\n<h3 data-start=\"1624\" data-end=\"1655\"><strong data-start=\"1628\" data-end=\"1655\">Composici\u00f3n seg\u00fan color<\/strong><\/h3>\n<ul data-start=\"1656\" data-end=\"1747\">\n<li data-start=\"1656\" data-end=\"1695\">\n<p data-start=\"1658\" data-end=\"1695\"><strong data-start=\"1658\" data-end=\"1665\">GM:<\/strong> 85 % algod\u00f3n \/ 15 % viscosa<\/p>\n<\/li>\n<li data-start=\"1696\" data-end=\"1747\">\n<p data-start=\"1698\" data-end=\"1747\"><strong data-start=\"1698\" data-end=\"1719\">Resto de colores:<\/strong> 100 % algod\u00f3n preencogido<\/p>\n<\/li>\n<\/ul>\n","protected":false},"excerpt":{"rendered":"<p>Camiseta b\u00e1sica para beb\u00e9 en algod\u00f3n preencogido, suave y c\u00f3moda. Ideal para personalizaci\u00f3n con serigraf\u00eda, vinilo o transfer.<\/p>\n","protected":false},"featured_media":681,"comment_status":"closed","ping_status":"closed","template":"","meta":{"_et_pb_use_builder":"","_et_pb_old_content":"","_et_gb_content_width":"","_joinchat":[]},"product_brand":[],"product_cat":[220,219],"product_tag":[106,226,154,109,134,105,232,227,133],"class_list":{"0":"post-680","1":"product","2":"type-product","3":"status-publish","4":"has-post-thumbnail","6":"product_cat-camiseta-ninos","7":"product_cat-ninos","8":"product_tag-algodon","9":"product_tag-camiseta","10":"product_tag-cuello-redondo","11":"product_tag-etiqueta-removible","12":"product_tag-impresion-textil","13":"product_tag-manga-corta","14":"product_tag-nina","15":"product_tag-nino","16":"product_tag-unisex","18":"first","19":"instock","20":"taxable","21":"shipping-taxable","22":"purchasable","23":"product-type-variable"},"yoast_head":"<!-- This site is optimized with the Yoast SEO plugin v27.4 - https:\/\/yoast.com\/product\/yoast-seo-wordpress\/ -->\n<title>T-SHIRT BABY - Imprenta Digital Guzm\u00e1n<\/title>\n<meta name=\"description\" content=\"Camiseta b\u00e1sica para beb\u00e9 en algod\u00f3n preencogido, ideal para personalizaci\u00f3n. Disponible en 17 colores y tallas de 0 a 2 a\u00f1os.\" \/>\n<meta name=\"robots\" content=\"index, follow, max-snippet:-1, max-image-preview:large, max-video-preview:-1\" \/>\n<link rel=\"canonical\" href=\"https:\/\/www.imprentadigitalguzman.com\/inicio\/producto\/camiseta-bebe-personalizada-algodon\/\" \/>\n<meta property=\"og:locale\" content=\"es_ES\" \/>\n<meta property=\"og:type\" content=\"article\" \/>\n<meta property=\"og:title\" content=\"T-SHIRT BABY - Imprenta Digital Guzm\u00e1n\" \/>\n<meta property=\"og:description\" content=\"Camiseta b\u00e1sica para beb\u00e9 en algod\u00f3n preencogido, ideal para personalizaci\u00f3n. Disponible en 17 colores y tallas de 0 a 2 a\u00f1os.\" \/>\n<meta property=\"og:url\" content=\"https:\/\/www.imprentadigitalguzman.com\/inicio\/producto\/camiseta-bebe-personalizada-algodon\/\" \/>\n<meta property=\"og:site_name\" content=\"Imprenta Digital Guzm\u00e1n\" \/>\n<meta property=\"article:modified_time\" content=\"2026-03-11T12:16:38+00:00\" \/>\n<meta property=\"og:image\" content=\"https:\/\/www.imprentadigitalguzman.com\/wp-content\/uploads\/2026\/02\/ChatGPT-Image-4-feb-2026-12_08_20.png\" \/>\n\t<meta property=\"og:image:width\" content=\"1024\" \/>\n\t<meta property=\"og:image:height\" content=\"1536\" \/>\n\t<meta property=\"og:image:type\" content=\"image\/png\" \/>\n<meta name=\"twitter:card\" content=\"summary_large_image\" \/>\n<meta name=\"twitter:label1\" content=\"Tiempo de lectura\" \/>\n\t<meta name=\"twitter:data1\" content=\"2 minutos\" \/>\n<script type=\"application\/ld+json\" class=\"yoast-schema-graph\">{\"@context\":\"https:\\\/\\\/schema.org\",\"@graph\":[{\"@type\":\"WebPage\",\"@id\":\"https:\\\/\\\/www.imprentadigitalguzman.com\\\/inicio\\\/producto\\\/camiseta-bebe-personalizada-algodon\\\/\",\"url\":\"https:\\\/\\\/www.imprentadigitalguzman.com\\\/inicio\\\/producto\\\/camiseta-bebe-personalizada-algodon\\\/\",\"name\":\"T-SHIRT BABY - Imprenta Digital Guzm\u00e1n\",\"isPartOf\":{\"@id\":\"https:\\\/\\\/www.imprentadigitalguzman.com\\\/inicio\\\/#website\"},\"primaryImageOfPage\":{\"@id\":\"https:\\\/\\\/www.imprentadigitalguzman.com\\\/inicio\\\/producto\\\/camiseta-bebe-personalizada-algodon\\\/#primaryimage\"},\"image\":{\"@id\":\"https:\\\/\\\/www.imprentadigitalguzman.com\\\/inicio\\\/producto\\\/camiseta-bebe-personalizada-algodon\\\/#primaryimage\"},\"thumbnailUrl\":\"https:\\\/\\\/www.imprentadigitalguzman.com\\\/wp-content\\\/uploads\\\/2026\\\/02\\\/ChatGPT-Image-4-feb-2026-12_08_20.png\",\"datePublished\":\"2026-02-04T11:13:32+00:00\",\"dateModified\":\"2026-03-11T12:16:38+00:00\",\"description\":\"Camiseta b\u00e1sica para beb\u00e9 en algod\u00f3n preencogido, ideal para personalizaci\u00f3n. Disponible en 17 colores y tallas de 0 a 2 a\u00f1os.\",\"breadcrumb\":{\"@id\":\"https:\\\/\\\/www.imprentadigitalguzman.com\\\/inicio\\\/producto\\\/camiseta-bebe-personalizada-algodon\\\/#breadcrumb\"},\"inLanguage\":\"es\",\"potentialAction\":[{\"@type\":\"ReadAction\",\"target\":[\"https:\\\/\\\/www.imprentadigitalguzman.com\\\/inicio\\\/producto\\\/camiseta-bebe-personalizada-algodon\\\/\"]}]},{\"@type\":\"ImageObject\",\"inLanguage\":\"es\",\"@id\":\"https:\\\/\\\/www.imprentadigitalguzman.com\\\/inicio\\\/producto\\\/camiseta-bebe-personalizada-algodon\\\/#primaryimage\",\"url\":\"https:\\\/\\\/www.imprentadigitalguzman.com\\\/wp-content\\\/uploads\\\/2026\\\/02\\\/ChatGPT-Image-4-feb-2026-12_08_20.png\",\"contentUrl\":\"https:\\\/\\\/www.imprentadigitalguzman.com\\\/wp-content\\\/uploads\\\/2026\\\/02\\\/ChatGPT-Image-4-feb-2026-12_08_20.png\",\"width\":1024,\"height\":1536,\"caption\":\"camisetas-ni\u00f1o-personalizables-merchandising-espa\u00f1a-mejor-precio\"},{\"@type\":\"BreadcrumbList\",\"@id\":\"https:\\\/\\\/www.imprentadigitalguzman.com\\\/inicio\\\/producto\\\/camiseta-bebe-personalizada-algodon\\\/#breadcrumb\",\"itemListElement\":[{\"@type\":\"ListItem\",\"position\":1,\"name\":\"Portada\",\"item\":\"https:\\\/\\\/www.imprentadigitalguzman.com\\\/inicio\\\/\"},{\"@type\":\"ListItem\",\"position\":2,\"name\":\"Shop\",\"item\":\"https:\\\/\\\/www.imprentadigitalguzman.com\\\/inicio\\\/shop\\\/\"},{\"@type\":\"ListItem\",\"position\":3,\"name\":\"T-SHIRT BABY\"}]},{\"@type\":\"WebSite\",\"@id\":\"https:\\\/\\\/www.imprentadigitalguzman.com\\\/inicio\\\/#website\",\"url\":\"https:\\\/\\\/www.imprentadigitalguzman.com\\\/inicio\\\/\",\"name\":\"Imprenta Digital Guzm\u00e1n\",\"description\":\"\",\"potentialAction\":[{\"@type\":\"SearchAction\",\"target\":{\"@type\":\"EntryPoint\",\"urlTemplate\":\"https:\\\/\\\/www.imprentadigitalguzman.com\\\/inicio\\\/?s={search_term_string}\"},\"query-input\":{\"@type\":\"PropertyValueSpecification\",\"valueRequired\":true,\"valueName\":\"search_term_string\"}}],\"inLanguage\":\"es\"}]}<\/script>\n<!-- \/ Yoast SEO plugin. -->","yoast_head_json":{"title":"T-SHIRT BABY - Imprenta Digital Guzm\u00e1n","description":"Camiseta b\u00e1sica para beb\u00e9 en algod\u00f3n preencogido, ideal para personalizaci\u00f3n. Disponible en 17 colores y tallas de 0 a 2 a\u00f1os.","robots":{"index":"index","follow":"follow","max-snippet":"max-snippet:-1","max-image-preview":"max-image-preview:large","max-video-preview":"max-video-preview:-1"},"canonical":"https:\/\/www.imprentadigitalguzman.com\/inicio\/producto\/camiseta-bebe-personalizada-algodon\/","og_locale":"es_ES","og_type":"article","og_title":"T-SHIRT BABY - Imprenta Digital Guzm\u00e1n","og_description":"Camiseta b\u00e1sica para beb\u00e9 en algod\u00f3n preencogido, ideal para personalizaci\u00f3n. Disponible en 17 colores y tallas de 0 a 2 a\u00f1os.","og_url":"https:\/\/www.imprentadigitalguzman.com\/inicio\/producto\/camiseta-bebe-personalizada-algodon\/","og_site_name":"Imprenta Digital Guzm\u00e1n","article_modified_time":"2026-03-11T12:16:38+00:00","og_image":[{"width":1024,"height":1536,"url":"https:\/\/www.imprentadigitalguzman.com\/wp-content\/uploads\/2026\/02\/ChatGPT-Image-4-feb-2026-12_08_20.png","type":"image\/png"}],"twitter_card":"summary_large_image","twitter_misc":{"Tiempo de lectura":"2 minutos"},"schema":{"@context":"https:\/\/schema.org","@graph":[{"@type":"WebPage","@id":"https:\/\/www.imprentadigitalguzman.com\/inicio\/producto\/camiseta-bebe-personalizada-algodon\/","url":"https:\/\/www.imprentadigitalguzman.com\/inicio\/producto\/camiseta-bebe-personalizada-algodon\/","name":"T-SHIRT BABY - Imprenta Digital Guzm\u00e1n","isPartOf":{"@id":"https:\/\/www.imprentadigitalguzman.com\/inicio\/#website"},"primaryImageOfPage":{"@id":"https:\/\/www.imprentadigitalguzman.com\/inicio\/producto\/camiseta-bebe-personalizada-algodon\/#primaryimage"},"image":{"@id":"https:\/\/www.imprentadigitalguzman.com\/inicio\/producto\/camiseta-bebe-personalizada-algodon\/#primaryimage"},"thumbnailUrl":"https:\/\/www.imprentadigitalguzman.com\/wp-content\/uploads\/2026\/02\/ChatGPT-Image-4-feb-2026-12_08_20.png","datePublished":"2026-02-04T11:13:32+00:00","dateModified":"2026-03-11T12:16:38+00:00","description":"Camiseta b\u00e1sica para beb\u00e9 en algod\u00f3n preencogido, ideal para personalizaci\u00f3n. Disponible en 17 colores y tallas de 0 a 2 a\u00f1os.","breadcrumb":{"@id":"https:\/\/www.imprentadigitalguzman.com\/inicio\/producto\/camiseta-bebe-personalizada-algodon\/#breadcrumb"},"inLanguage":"es","potentialAction":[{"@type":"ReadAction","target":["https:\/\/www.imprentadigitalguzman.com\/inicio\/producto\/camiseta-bebe-personalizada-algodon\/"]}]},{"@type":"ImageObject","inLanguage":"es","@id":"https:\/\/www.imprentadigitalguzman.com\/inicio\/producto\/camiseta-bebe-personalizada-algodon\/#primaryimage","url":"https:\/\/www.imprentadigitalguzman.com\/wp-content\/uploads\/2026\/02\/ChatGPT-Image-4-feb-2026-12_08_20.png","contentUrl":"https:\/\/www.imprentadigitalguzman.com\/wp-content\/uploads\/2026\/02\/ChatGPT-Image-4-feb-2026-12_08_20.png","width":1024,"height":1536,"caption":"camisetas-ni\u00f1o-personalizables-merchandising-espa\u00f1a-mejor-precio"},{"@type":"BreadcrumbList","@id":"https:\/\/www.imprentadigitalguzman.com\/inicio\/producto\/camiseta-bebe-personalizada-algodon\/#breadcrumb","itemListElement":[{"@type":"ListItem","position":1,"name":"Portada","item":"https:\/\/www.imprentadigitalguzman.com\/inicio\/"},{"@type":"ListItem","position":2,"name":"Shop","item":"https:\/\/www.imprentadigitalguzman.com\/inicio\/shop\/"},{"@type":"ListItem","position":3,"name":"T-SHIRT BABY"}]},{"@type":"WebSite","@id":"https:\/\/www.imprentadigitalguzman.com\/inicio\/#website","url":"https:\/\/www.imprentadigitalguzman.com\/inicio\/","name":"Imprenta Digital Guzm\u00e1n","description":"","potentialAction":[{"@type":"SearchAction","target":{"@type":"EntryPoint","urlTemplate":"https:\/\/www.imprentadigitalguzman.com\/inicio\/?s={search_term_string}"},"query-input":{"@type":"PropertyValueSpecification","valueRequired":true,"valueName":"search_term_string"}}],"inLanguage":"es"}]}},"_links":{"self":[{"href":"https:\/\/www.imprentadigitalguzman.com\/inicio\/wp-json\/wp\/v2\/product\/680","targetHints":{"allow":["GET"]}}],"collection":[{"href":"https:\/\/www.imprentadigitalguzman.com\/inicio\/wp-json\/wp\/v2\/product"}],"about":[{"href":"https:\/\/www.imprentadigitalguzman.com\/inicio\/wp-json\/wp\/v2\/types\/product"}],"replies":[{"embeddable":true,"href":"https:\/\/www.imprentadigitalguzman.com\/inicio\/wp-json\/wp\/v2\/comments?post=680"}],"wp:featuredmedia":[{"embeddable":true,"href":"https:\/\/www.imprentadigitalguzman.com\/inicio\/wp-json\/wp\/v2\/media\/681"}],"wp:attachment":[{"href":"https:\/\/www.imprentadigitalguzman.com\/inicio\/wp-json\/wp\/v2\/media?parent=680"}],"wp:term":[{"taxonomy":"product_brand","embeddable":true,"href":"https:\/\/www.imprentadigitalguzman.com\/inicio\/wp-json\/wp\/v2\/product_brand?post=680"},{"taxonomy":"product_cat","embeddable":true,"href":"https:\/\/www.imprentadigitalguzman.com\/inicio\/wp-json\/wp\/v2\/product_cat?post=680"},{"taxonomy":"product_tag","embeddable":true,"href":"https:\/\/www.imprentadigitalguzman.com\/inicio\/wp-json\/wp\/v2\/product_tag?post=680"}],"curies":[{"name":"wp","href":"https:\/\/api.w.org\/{rel}","templated":true}]}}