{"id":670,"date":"2026-02-04T10:58:58","date_gmt":"2026-02-04T10:58:58","guid":{"rendered":"https:\/\/www.imprentadigitalguzman.com\/inicio\/?post_type=product&#038;p=670"},"modified":"2026-04-13T12:30:34","modified_gmt":"2026-04-13T12:30:34","slug":"camiseta-infantil-personalizada-algodon","status":"publish","type":"product","link":"https:\/\/www.imprentadigitalguzman.com\/inicio\/producto\/camiseta-infantil-personalizada-algodon\/","title":{"rendered":"T-SHIRT KID"},"content":{"rendered":"<p data-start=\"315\" data-end=\"622\">La <strong data-start=\"318\" data-end=\"333\">T-Shirt Kid<\/strong> es una <strong data-start=\"341\" data-end=\"392\">camiseta b\u00e1sica unisex para ni\u00f1o de manga corta<\/strong>, dise\u00f1ada para ofrecer <strong data-start=\"416\" data-end=\"467\">comodidad, resistencia y libertad de movimiento<\/strong> en el uso diario. Confeccionada en <strong data-start=\"503\" data-end=\"526\">algod\u00f3n preencogido<\/strong>, garantiza un tacto suave y una excelente durabilidad, manteniendo la forma lavado tras lavado.<\/p>\n<p data-start=\"624\" data-end=\"910\">Gracias a su estructura y superficie, es ideal para <strong data-start=\"676\" data-end=\"760\">personalizaci\u00f3n mediante serigraf\u00eda, vinilo textil, transfer e impresi\u00f3n digital<\/strong>, lo que la convierte en una opci\u00f3n perfecta para <strong data-start=\"810\" data-end=\"909\">colegios, actividades deportivas, eventos infantiles, campamentos y merchandising personalizado<\/strong>.<\/p>\n<p data-start=\"912\" data-end=\"1193\">Incorpora <strong data-start=\"922\" data-end=\"943\">cuello canal\u00e9 1&#215;1<\/strong>, <strong data-start=\"945\" data-end=\"967\">costuras laterales<\/strong>, <strong data-start=\"969\" data-end=\"1003\">doble costura en mangas y bajo<\/strong> y <strong data-start=\"1006\" data-end=\"1037\">refuerzo de hombro a hombro<\/strong>, asegurando mayor resistencia incluso con uso intensivo. Dispone de <strong data-start=\"1106\" data-end=\"1128\">etiqueta removible<\/strong>, facilitando la personalizaci\u00f3n y la creaci\u00f3n de marcas propias.<\/p>\n<p data-start=\"1195\" data-end=\"1408\">Disponible en <strong data-start=\"1209\" data-end=\"1223\">37 colores<\/strong> y en tallas desde la <strong data-start=\"1245\" data-end=\"1272\">3\/4 hasta la 12\/14 a\u00f1os<\/strong>, esta camiseta forma parte de una colecci\u00f3n completa, con versiones disponibles para <strong data-start=\"1358\" data-end=\"1407\">hombre, mujer y tallas grandes (l\u00ednea Curves)<\/strong>.<\/p>\n<p data-start=\"1410\" data-end=\"1557\">Con un <strong data-start=\"1417\" data-end=\"1451\">gramaje aproximado de 155 g\/m\u00b2<\/strong>, ofrece un equilibrio perfecto entre ligereza y resistencia, ideal para el d\u00eda a d\u00eda de los m\u00e1s peque\u00f1os.<\/p>\n<hr data-start=\"1559\" data-end=\"1562\" \/>\n<h3 data-start=\"1564\" data-end=\"1596\"><strong data-start=\"1568\" data-end=\"1596\">Caracter\u00edsticas t\u00e9cnicas<\/strong><\/h3>\n<ul data-start=\"1597\" data-end=\"1778\">\n<li data-start=\"1597\" data-end=\"1612\">\n<p data-start=\"1599\" data-end=\"1612\">Manga corta<\/p>\n<\/li>\n<li data-start=\"1613\" data-end=\"1634\">\n<p data-start=\"1615\" data-end=\"1634\">Cuello canal\u00e9 1&#215;1<\/p>\n<\/li>\n<li data-start=\"1635\" data-end=\"1657\">\n<p data-start=\"1637\" data-end=\"1657\">Costuras laterales<\/p>\n<\/li>\n<li data-start=\"1658\" data-end=\"1692\">\n<p data-start=\"1660\" data-end=\"1692\">Doble costura en mangas y bajo<\/p>\n<\/li>\n<li data-start=\"1693\" data-end=\"1724\">\n<p data-start=\"1695\" data-end=\"1724\">Refuerzo de hombro a hombro<\/p>\n<\/li>\n<li data-start=\"1725\" data-end=\"1747\">\n<p data-start=\"1727\" data-end=\"1747\">Etiqueta removible<\/p>\n<\/li>\n<li data-start=\"1748\" data-end=\"1778\">\n<p data-start=\"1750\" data-end=\"1778\">Gramaje: <strong data-start=\"1759\" data-end=\"1778\">155 g\/m\u00b2 aprox.<\/strong><\/p>\n<\/li>\n<\/ul>\n<p>&nbsp;<\/p>\n<hr data-start=\"1780\" data-end=\"1783\" \/>\n<h3 data-start=\"1785\" data-end=\"1816\"><strong data-start=\"1789\" data-end=\"1816\">Composici\u00f3n seg\u00fan color<\/strong><\/h3>\n<ul data-start=\"1817\" data-end=\"1947\">\n<li data-start=\"1817\" data-end=\"1856\">\n<p data-start=\"1819\" data-end=\"1856\"><strong data-start=\"1819\" data-end=\"1826\">GM:<\/strong> 85 % algod\u00f3n \/ 15 % viscosa<\/p>\n<\/li>\n<li data-start=\"1857\" data-end=\"1895\">\n<p data-start=\"1859\" data-end=\"1895\"><strong data-start=\"1859\" data-end=\"1866\">AS:<\/strong> 98 % algod\u00f3n \/ 2 % viscosa<\/p>\n<\/li>\n<li data-start=\"1896\" data-end=\"1947\">\n<p data-start=\"1898\" data-end=\"1947\"><strong data-start=\"1898\" data-end=\"1919\">Resto de colores:<\/strong> 100 % algod\u00f3n preencogido<\/p>\n<\/li>\n<\/ul>\n","protected":false},"excerpt":{"rendered":"<p>Camiseta b\u00e1sica infantil en algod\u00f3n preencogido, c\u00f3moda y resistente. Ideal para personalizaci\u00f3n con impresi\u00f3n y t\u00e9cnicas textiles.<\/p>\n","protected":false},"featured_media":672,"comment_status":"closed","ping_status":"closed","template":"","meta":{"_et_pb_use_builder":"","_et_pb_old_content":"","_et_gb_content_width":"","_joinchat":[]},"product_brand":[],"product_cat":[220,219],"product_tag":[106,226,110,108,143,105,227,137,142],"class_list":{"0":"post-670","1":"product","2":"type-product","3":"status-publish","4":"has-post-thumbnail","6":"product_cat-camiseta-ninos","7":"product_cat-ninos","8":"product_tag-algodon","9":"product_tag-camiseta","10":"product_tag-camiseta-para-personalizar","11":"product_tag-camiseta-tubular","12":"product_tag-confort","13":"product_tag-manga-corta","14":"product_tag-nino","15":"product_tag-removible","16":"product_tag-vinilo","18":"first","19":"instock","20":"taxable","21":"shipping-taxable","22":"purchasable","23":"product-type-variable"},"yoast_head":"<!-- This site is optimized with the Yoast SEO plugin v27.4 - https:\/\/yoast.com\/product\/yoast-seo-wordpress\/ -->\n<title>T-SHIRT KID - Imprenta Digital Guzm\u00e1n<\/title>\n<meta name=\"description\" content=\"Camiseta b\u00e1sica infantil de algod\u00f3n preencogido, ideal para personalizaci\u00f3n con serigraf\u00eda, vinilo o impresi\u00f3n digital. Disponible en 37 colores.\" \/>\n<meta name=\"robots\" content=\"index, follow, max-snippet:-1, max-image-preview:large, max-video-preview:-1\" \/>\n<link rel=\"canonical\" href=\"https:\/\/www.imprentadigitalguzman.com\/inicio\/producto\/camiseta-infantil-personalizada-algodon\/\" \/>\n<meta property=\"og:locale\" content=\"es_ES\" \/>\n<meta property=\"og:type\" content=\"article\" \/>\n<meta property=\"og:title\" content=\"T-SHIRT KID - Imprenta Digital Guzm\u00e1n\" \/>\n<meta property=\"og:description\" content=\"Camiseta b\u00e1sica infantil de algod\u00f3n preencogido, ideal para personalizaci\u00f3n con serigraf\u00eda, vinilo o impresi\u00f3n digital. Disponible en 37 colores.\" \/>\n<meta property=\"og:url\" content=\"https:\/\/www.imprentadigitalguzman.com\/inicio\/producto\/camiseta-infantil-personalizada-algodon\/\" \/>\n<meta property=\"og:site_name\" content=\"Imprenta Digital Guzm\u00e1n\" \/>\n<meta property=\"article:modified_time\" content=\"2026-04-13T12:30:34+00:00\" \/>\n<meta property=\"og:image\" content=\"https:\/\/www.imprentadigitalguzman.com\/wp-content\/uploads\/2026\/02\/ChatGPT-Image-4-feb-2026-11_52_19.png\" \/>\n\t<meta property=\"og:image:width\" content=\"1024\" \/>\n\t<meta property=\"og:image:height\" content=\"1536\" \/>\n\t<meta property=\"og:image:type\" content=\"image\/png\" \/>\n<meta name=\"twitter:card\" content=\"summary_large_image\" \/>\n<meta name=\"twitter:label1\" content=\"Tiempo de lectura\" \/>\n\t<meta name=\"twitter:data1\" content=\"2 minutos\" \/>\n<script type=\"application\/ld+json\" class=\"yoast-schema-graph\">{\"@context\":\"https:\\\/\\\/schema.org\",\"@graph\":[{\"@type\":\"WebPage\",\"@id\":\"https:\\\/\\\/www.imprentadigitalguzman.com\\\/inicio\\\/producto\\\/camiseta-infantil-personalizada-algodon\\\/\",\"url\":\"https:\\\/\\\/www.imprentadigitalguzman.com\\\/inicio\\\/producto\\\/camiseta-infantil-personalizada-algodon\\\/\",\"name\":\"T-SHIRT KID - Imprenta Digital Guzm\u00e1n\",\"isPartOf\":{\"@id\":\"https:\\\/\\\/www.imprentadigitalguzman.com\\\/inicio\\\/#website\"},\"primaryImageOfPage\":{\"@id\":\"https:\\\/\\\/www.imprentadigitalguzman.com\\\/inicio\\\/producto\\\/camiseta-infantil-personalizada-algodon\\\/#primaryimage\"},\"image\":{\"@id\":\"https:\\\/\\\/www.imprentadigitalguzman.com\\\/inicio\\\/producto\\\/camiseta-infantil-personalizada-algodon\\\/#primaryimage\"},\"thumbnailUrl\":\"https:\\\/\\\/www.imprentadigitalguzman.com\\\/wp-content\\\/uploads\\\/2026\\\/02\\\/ChatGPT-Image-4-feb-2026-11_52_19.png\",\"datePublished\":\"2026-02-04T10:58:58+00:00\",\"dateModified\":\"2026-04-13T12:30:34+00:00\",\"description\":\"Camiseta b\u00e1sica infantil de algod\u00f3n preencogido, ideal para personalizaci\u00f3n con serigraf\u00eda, vinilo o impresi\u00f3n digital. Disponible en 37 colores.\",\"breadcrumb\":{\"@id\":\"https:\\\/\\\/www.imprentadigitalguzman.com\\\/inicio\\\/producto\\\/camiseta-infantil-personalizada-algodon\\\/#breadcrumb\"},\"inLanguage\":\"es\",\"potentialAction\":[{\"@type\":\"ReadAction\",\"target\":[\"https:\\\/\\\/www.imprentadigitalguzman.com\\\/inicio\\\/producto\\\/camiseta-infantil-personalizada-algodon\\\/\"]}]},{\"@type\":\"ImageObject\",\"inLanguage\":\"es\",\"@id\":\"https:\\\/\\\/www.imprentadigitalguzman.com\\\/inicio\\\/producto\\\/camiseta-infantil-personalizada-algodon\\\/#primaryimage\",\"url\":\"https:\\\/\\\/www.imprentadigitalguzman.com\\\/wp-content\\\/uploads\\\/2026\\\/02\\\/ChatGPT-Image-4-feb-2026-11_52_19.png\",\"contentUrl\":\"https:\\\/\\\/www.imprentadigitalguzman.com\\\/wp-content\\\/uploads\\\/2026\\\/02\\\/ChatGPT-Image-4-feb-2026-11_52_19.png\",\"width\":1024,\"height\":1536,\"caption\":\"camisetas-ni\u00f1o-personalizables-merchandising-espa\u00f1a-mejor-precio\"},{\"@type\":\"BreadcrumbList\",\"@id\":\"https:\\\/\\\/www.imprentadigitalguzman.com\\\/inicio\\\/producto\\\/camiseta-infantil-personalizada-algodon\\\/#breadcrumb\",\"itemListElement\":[{\"@type\":\"ListItem\",\"position\":1,\"name\":\"Portada\",\"item\":\"https:\\\/\\\/www.imprentadigitalguzman.com\\\/inicio\\\/\"},{\"@type\":\"ListItem\",\"position\":2,\"name\":\"Shop\",\"item\":\"https:\\\/\\\/www.imprentadigitalguzman.com\\\/inicio\\\/shop\\\/\"},{\"@type\":\"ListItem\",\"position\":3,\"name\":\"T-SHIRT KID\"}]},{\"@type\":\"WebSite\",\"@id\":\"https:\\\/\\\/www.imprentadigitalguzman.com\\\/inicio\\\/#website\",\"url\":\"https:\\\/\\\/www.imprentadigitalguzman.com\\\/inicio\\\/\",\"name\":\"Imprenta Digital Guzm\u00e1n\",\"description\":\"\",\"potentialAction\":[{\"@type\":\"SearchAction\",\"target\":{\"@type\":\"EntryPoint\",\"urlTemplate\":\"https:\\\/\\\/www.imprentadigitalguzman.com\\\/inicio\\\/?s={search_term_string}\"},\"query-input\":{\"@type\":\"PropertyValueSpecification\",\"valueRequired\":true,\"valueName\":\"search_term_string\"}}],\"inLanguage\":\"es\"}]}<\/script>\n<!-- \/ Yoast SEO plugin. -->","yoast_head_json":{"title":"T-SHIRT KID - Imprenta Digital Guzm\u00e1n","description":"Camiseta b\u00e1sica infantil de algod\u00f3n preencogido, ideal para personalizaci\u00f3n con serigraf\u00eda, vinilo o impresi\u00f3n digital. Disponible en 37 colores.","robots":{"index":"index","follow":"follow","max-snippet":"max-snippet:-1","max-image-preview":"max-image-preview:large","max-video-preview":"max-video-preview:-1"},"canonical":"https:\/\/www.imprentadigitalguzman.com\/inicio\/producto\/camiseta-infantil-personalizada-algodon\/","og_locale":"es_ES","og_type":"article","og_title":"T-SHIRT KID - Imprenta Digital Guzm\u00e1n","og_description":"Camiseta b\u00e1sica infantil de algod\u00f3n preencogido, ideal para personalizaci\u00f3n con serigraf\u00eda, vinilo o impresi\u00f3n digital. Disponible en 37 colores.","og_url":"https:\/\/www.imprentadigitalguzman.com\/inicio\/producto\/camiseta-infantil-personalizada-algodon\/","og_site_name":"Imprenta Digital Guzm\u00e1n","article_modified_time":"2026-04-13T12:30:34+00:00","og_image":[{"width":1024,"height":1536,"url":"https:\/\/www.imprentadigitalguzman.com\/wp-content\/uploads\/2026\/02\/ChatGPT-Image-4-feb-2026-11_52_19.png","type":"image\/png"}],"twitter_card":"summary_large_image","twitter_misc":{"Tiempo de lectura":"2 minutos"},"schema":{"@context":"https:\/\/schema.org","@graph":[{"@type":"WebPage","@id":"https:\/\/www.imprentadigitalguzman.com\/inicio\/producto\/camiseta-infantil-personalizada-algodon\/","url":"https:\/\/www.imprentadigitalguzman.com\/inicio\/producto\/camiseta-infantil-personalizada-algodon\/","name":"T-SHIRT KID - Imprenta Digital Guzm\u00e1n","isPartOf":{"@id":"https:\/\/www.imprentadigitalguzman.com\/inicio\/#website"},"primaryImageOfPage":{"@id":"https:\/\/www.imprentadigitalguzman.com\/inicio\/producto\/camiseta-infantil-personalizada-algodon\/#primaryimage"},"image":{"@id":"https:\/\/www.imprentadigitalguzman.com\/inicio\/producto\/camiseta-infantil-personalizada-algodon\/#primaryimage"},"thumbnailUrl":"https:\/\/www.imprentadigitalguzman.com\/wp-content\/uploads\/2026\/02\/ChatGPT-Image-4-feb-2026-11_52_19.png","datePublished":"2026-02-04T10:58:58+00:00","dateModified":"2026-04-13T12:30:34+00:00","description":"Camiseta b\u00e1sica infantil de algod\u00f3n preencogido, ideal para personalizaci\u00f3n con serigraf\u00eda, vinilo o impresi\u00f3n digital. Disponible en 37 colores.","breadcrumb":{"@id":"https:\/\/www.imprentadigitalguzman.com\/inicio\/producto\/camiseta-infantil-personalizada-algodon\/#breadcrumb"},"inLanguage":"es","potentialAction":[{"@type":"ReadAction","target":["https:\/\/www.imprentadigitalguzman.com\/inicio\/producto\/camiseta-infantil-personalizada-algodon\/"]}]},{"@type":"ImageObject","inLanguage":"es","@id":"https:\/\/www.imprentadigitalguzman.com\/inicio\/producto\/camiseta-infantil-personalizada-algodon\/#primaryimage","url":"https:\/\/www.imprentadigitalguzman.com\/wp-content\/uploads\/2026\/02\/ChatGPT-Image-4-feb-2026-11_52_19.png","contentUrl":"https:\/\/www.imprentadigitalguzman.com\/wp-content\/uploads\/2026\/02\/ChatGPT-Image-4-feb-2026-11_52_19.png","width":1024,"height":1536,"caption":"camisetas-ni\u00f1o-personalizables-merchandising-espa\u00f1a-mejor-precio"},{"@type":"BreadcrumbList","@id":"https:\/\/www.imprentadigitalguzman.com\/inicio\/producto\/camiseta-infantil-personalizada-algodon\/#breadcrumb","itemListElement":[{"@type":"ListItem","position":1,"name":"Portada","item":"https:\/\/www.imprentadigitalguzman.com\/inicio\/"},{"@type":"ListItem","position":2,"name":"Shop","item":"https:\/\/www.imprentadigitalguzman.com\/inicio\/shop\/"},{"@type":"ListItem","position":3,"name":"T-SHIRT KID"}]},{"@type":"WebSite","@id":"https:\/\/www.imprentadigitalguzman.com\/inicio\/#website","url":"https:\/\/www.imprentadigitalguzman.com\/inicio\/","name":"Imprenta Digital Guzm\u00e1n","description":"","potentialAction":[{"@type":"SearchAction","target":{"@type":"EntryPoint","urlTemplate":"https:\/\/www.imprentadigitalguzman.com\/inicio\/?s={search_term_string}"},"query-input":{"@type":"PropertyValueSpecification","valueRequired":true,"valueName":"search_term_string"}}],"inLanguage":"es"}]}},"_links":{"self":[{"href":"https:\/\/www.imprentadigitalguzman.com\/inicio\/wp-json\/wp\/v2\/product\/670","targetHints":{"allow":["GET"]}}],"collection":[{"href":"https:\/\/www.imprentadigitalguzman.com\/inicio\/wp-json\/wp\/v2\/product"}],"about":[{"href":"https:\/\/www.imprentadigitalguzman.com\/inicio\/wp-json\/wp\/v2\/types\/product"}],"replies":[{"embeddable":true,"href":"https:\/\/www.imprentadigitalguzman.com\/inicio\/wp-json\/wp\/v2\/comments?post=670"}],"wp:featuredmedia":[{"embeddable":true,"href":"https:\/\/www.imprentadigitalguzman.com\/inicio\/wp-json\/wp\/v2\/media\/672"}],"wp:attachment":[{"href":"https:\/\/www.imprentadigitalguzman.com\/inicio\/wp-json\/wp\/v2\/media?parent=670"}],"wp:term":[{"taxonomy":"product_brand","embeddable":true,"href":"https:\/\/www.imprentadigitalguzman.com\/inicio\/wp-json\/wp\/v2\/product_brand?post=670"},{"taxonomy":"product_cat","embeddable":true,"href":"https:\/\/www.imprentadigitalguzman.com\/inicio\/wp-json\/wp\/v2\/product_cat?post=670"},{"taxonomy":"product_tag","embeddable":true,"href":"https:\/\/www.imprentadigitalguzman.com\/inicio\/wp-json\/wp\/v2\/product_tag?post=670"}],"curies":[{"name":"wp","href":"https:\/\/api.w.org\/{rel}","templated":true}]}}