{"id":659,"date":"2026-02-04T10:40:12","date_gmt":"2026-02-04T10:40:12","guid":{"rendered":"https:\/\/www.imprentadigitalguzman.com\/inicio\/?post_type=product&#038;p=659"},"modified":"2026-03-11T12:18:33","modified_gmt":"2026-03-11T12:18:33","slug":"raincoat-impermeable-personalizado","status":"publish","type":"product","link":"https:\/\/www.imprentadigitalguzman.com\/inicio\/producto\/raincoat-impermeable-personalizado\/","title":{"rendered":"RAINCOAT"},"content":{"rendered":"<p data-start=\"310\" data-end=\"652\">El <strong data-start=\"313\" data-end=\"325\">Raincoat<\/strong> es un <strong data-start=\"332\" data-end=\"376\">chubasquero impermeable con capucha fija<\/strong>, dise\u00f1ado para ofrecer <strong data-start=\"400\" data-end=\"452\">protecci\u00f3n eficaz frente a la lluvia y el viento<\/strong> en <strong data-start=\"456\" data-end=\"485\">actividades al aire libre<\/strong> y entornos de trabajo en exteriores. Gracias a sus <strong data-start=\"537\" data-end=\"563\">costuras termoselladas<\/strong>, garantiza una excelente impermeabilidad incluso en condiciones meteorol\u00f3gicas adversas.<\/p>\n<p data-start=\"654\" data-end=\"1037\">Confeccionado en <strong data-start=\"671\" data-end=\"700\">100 % poli\u00e9ster reciclado<\/strong>, combina ligereza, resistencia y sostenibilidad. Incorpora <strong data-start=\"760\" data-end=\"802\">cord\u00f3n ajustable con tope en el cuello<\/strong>, permitiendo un ajuste personalizado y mayor protecci\u00f3n frente al agua. Su dise\u00f1o funcional incluye <strong data-start=\"903\" data-end=\"941\">bolsillos laterales con cremallera<\/strong> y un <strong data-start=\"947\" data-end=\"990\">bolsillo interior en el frontal derecho<\/strong>, ideales para guardar objetos de forma segura.<\/p>\n<p data-start=\"1039\" data-end=\"1417\">El <strong data-start=\"1042\" data-end=\"1069\">forro interior de malla<\/strong>, con <strong data-start=\"1075\" data-end=\"1110\">cremallera en la parte inferior<\/strong>, mejora la transpirabilidad y el confort durante el uso prolongado. Los <strong data-start=\"1183\" data-end=\"1223\">pu\u00f1os el\u00e1sticos con cierre de velcro<\/strong> aseguran un ajuste perfecto, mientras que el <strong data-start=\"1269\" data-end=\"1326\">ribete en la parte delantera y trasera de los hombros<\/strong> y la <strong data-start=\"1332\" data-end=\"1371\">espalda con parte inferior en curva<\/strong> aportan un dise\u00f1o moderno y mayor protecci\u00f3n.<\/p>\n<p data-start=\"1419\" data-end=\"1559\">Es una prenda ideal para <strong data-start=\"1444\" data-end=\"1494\">personalizaci\u00f3n mediante serigraf\u00eda o transfer<\/strong>, muy utilizada como <strong data-start=\"1515\" data-end=\"1558\">ropa laboral, corporativa o promocional<\/strong>.<\/p>\n<p data-start=\"1561\" data-end=\"1678\">Disponible en <strong data-start=\"1575\" data-end=\"1588\">6 colores<\/strong> y en tallas desde la <strong data-start=\"1610\" data-end=\"1629\">XS hasta la 4XL<\/strong>, se adapta a todo tipo de cuerpos y necesidades.<\/p>\n<p data-start=\"1680\" data-end=\"1770\">Con un <strong data-start=\"1687\" data-end=\"1717\">gramaje ligero de 115 g\/m\u00b2<\/strong>, es f\u00e1cil de transportar y perfecta para uso diario.<\/p>\n<p data-start=\"1680\" data-end=\"1770\">\n<hr data-start=\"1772\" data-end=\"1775\" \/>\n<h3 data-start=\"1777\" data-end=\"1809\"><strong data-start=\"1781\" data-end=\"1809\">Caracter\u00edsticas t\u00e9cnicas<\/strong><\/h3>\n<ul data-start=\"1810\" data-end=\"2171\">\n<li data-start=\"1810\" data-end=\"1826\">\n<p data-start=\"1812\" data-end=\"1826\">Capucha fija<\/p>\n<\/li>\n<li data-start=\"1827\" data-end=\"1853\">\n<p data-start=\"1829\" data-end=\"1853\">Costuras termoselladas<\/p>\n<\/li>\n<li data-start=\"1854\" data-end=\"1893\">\n<p data-start=\"1856\" data-end=\"1893\">Cord\u00f3n ajustable con tope en cuello<\/p>\n<\/li>\n<li data-start=\"1894\" data-end=\"1932\">\n<p data-start=\"1896\" data-end=\"1932\">Bolsillos laterales con cremallera<\/p>\n<\/li>\n<li data-start=\"1933\" data-end=\"1970\">\n<p data-start=\"1935\" data-end=\"1970\">Bolsillo interior frontal derecho<\/p>\n<\/li>\n<li data-start=\"1971\" data-end=\"2022\">\n<p data-start=\"1973\" data-end=\"2022\">Forro interior de malla con cremallera inferior<\/p>\n<\/li>\n<li data-start=\"2023\" data-end=\"2063\">\n<p data-start=\"2025\" data-end=\"2063\">Pu\u00f1os el\u00e1sticos con cierre de velcro<\/p>\n<\/li>\n<li data-start=\"2064\" data-end=\"2107\">\n<p data-start=\"2066\" data-end=\"2107\">Ribete en hombros delanteros y traseros<\/p>\n<\/li>\n<li data-start=\"2108\" data-end=\"2147\">\n<p data-start=\"2110\" data-end=\"2147\">Espalda con parte inferior en curva<\/p>\n<\/li>\n<li data-start=\"2148\" data-end=\"2171\">\n<p data-start=\"2150\" data-end=\"2171\">Gramaje: <strong data-start=\"2159\" data-end=\"2171\">115 g\/m\u00b2<\/strong><\/p>\n<\/li>\n<\/ul>\n<p>&nbsp;<\/p>\n<hr data-start=\"2173\" data-end=\"2176\" \/>\n<h3 data-start=\"2178\" data-end=\"2197\"><strong data-start=\"2182\" data-end=\"2197\">Composici\u00f3n<\/strong><\/h3>\n<ul data-start=\"2198\" data-end=\"2229\">\n<li data-start=\"2198\" data-end=\"2229\">\n<p data-start=\"2200\" data-end=\"2229\"><strong data-start=\"2200\" data-end=\"2229\">100 % poli\u00e9ster reciclado<\/strong><\/p>\n<\/li>\n<\/ul>\n","protected":false},"excerpt":{"rendered":"<p data-start=\"2275\" data-end=\"2418\">Chubasquero impermeable con capucha fija y costuras termoselladas. Ligero, resistente e ideal para actividades al aire libre y personalizaci\u00f3n.<\/p>\n","protected":false},"featured_media":660,"comment_status":"closed","ping_status":"closed","template":"","meta":{"_et_pb_use_builder":"","_et_pb_old_content":"","_et_gb_content_width":"","_joinchat":[]},"product_brand":[],"product_cat":[216,103],"product_tag":[217,143,172,218,199,134,141,138,137],"class_list":{"0":"post-659","1":"product","2":"type-product","3":"status-publish","4":"has-post-thumbnail","6":"product_cat-chubasquero","7":"product_cat-hombre","8":"product_tag-chubasquero","9":"product_tag-confort","10":"product_tag-cremalleras","11":"product_tag-diario","12":"product_tag-frio","13":"product_tag-impresion-textil","14":"product_tag-liso","15":"product_tag-personalizar","16":"product_tag-removible","18":"first","19":"instock","20":"taxable","21":"shipping-taxable","22":"purchasable","23":"product-type-variable"},"yoast_head":"<!-- This site is optimized with the Yoast SEO plugin v27.4 - https:\/\/yoast.com\/product\/yoast-seo-wordpress\/ -->\n<title>RAINCOAT - Imprenta Digital Guzm\u00e1n<\/title>\n<meta name=\"description\" content=\"Chubasquero impermeable en poli\u00e9ster reciclado, con capucha fija y costuras termoselladas. Ideal para exteriores y personalizaci\u00f3n textil.\" \/>\n<meta name=\"robots\" content=\"index, follow, max-snippet:-1, max-image-preview:large, max-video-preview:-1\" \/>\n<link rel=\"canonical\" href=\"https:\/\/www.imprentadigitalguzman.com\/inicio\/producto\/raincoat-impermeable-personalizado\/\" \/>\n<meta property=\"og:locale\" content=\"es_ES\" \/>\n<meta property=\"og:type\" content=\"article\" \/>\n<meta property=\"og:title\" content=\"RAINCOAT - Imprenta Digital Guzm\u00e1n\" \/>\n<meta property=\"og:description\" content=\"Chubasquero impermeable en poli\u00e9ster reciclado, con capucha fija y costuras termoselladas. Ideal para exteriores y personalizaci\u00f3n textil.\" \/>\n<meta property=\"og:url\" content=\"https:\/\/www.imprentadigitalguzman.com\/inicio\/producto\/raincoat-impermeable-personalizado\/\" \/>\n<meta property=\"og:site_name\" content=\"Imprenta Digital Guzm\u00e1n\" \/>\n<meta property=\"article:modified_time\" content=\"2026-03-11T12:18:33+00:00\" \/>\n<meta property=\"og:image\" content=\"https:\/\/www.imprentadigitalguzman.com\/wp-content\/uploads\/2026\/02\/ChatGPT-Image-4-feb-2026-11_37_40.png\" \/>\n\t<meta property=\"og:image:width\" content=\"1024\" \/>\n\t<meta property=\"og:image:height\" content=\"1024\" \/>\n\t<meta property=\"og:image:type\" content=\"image\/png\" \/>\n<meta name=\"twitter:card\" content=\"summary_large_image\" \/>\n<meta name=\"twitter:label1\" content=\"Tiempo de lectura\" \/>\n\t<meta name=\"twitter:data1\" content=\"2 minutos\" \/>\n<script type=\"application\/ld+json\" class=\"yoast-schema-graph\">{\"@context\":\"https:\\\/\\\/schema.org\",\"@graph\":[{\"@type\":\"WebPage\",\"@id\":\"https:\\\/\\\/www.imprentadigitalguzman.com\\\/inicio\\\/producto\\\/raincoat-impermeable-personalizado\\\/\",\"url\":\"https:\\\/\\\/www.imprentadigitalguzman.com\\\/inicio\\\/producto\\\/raincoat-impermeable-personalizado\\\/\",\"name\":\"RAINCOAT - Imprenta Digital Guzm\u00e1n\",\"isPartOf\":{\"@id\":\"https:\\\/\\\/www.imprentadigitalguzman.com\\\/inicio\\\/#website\"},\"primaryImageOfPage\":{\"@id\":\"https:\\\/\\\/www.imprentadigitalguzman.com\\\/inicio\\\/producto\\\/raincoat-impermeable-personalizado\\\/#primaryimage\"},\"image\":{\"@id\":\"https:\\\/\\\/www.imprentadigitalguzman.com\\\/inicio\\\/producto\\\/raincoat-impermeable-personalizado\\\/#primaryimage\"},\"thumbnailUrl\":\"https:\\\/\\\/www.imprentadigitalguzman.com\\\/wp-content\\\/uploads\\\/2026\\\/02\\\/ChatGPT-Image-4-feb-2026-11_37_40.png\",\"datePublished\":\"2026-02-04T10:40:12+00:00\",\"dateModified\":\"2026-03-11T12:18:33+00:00\",\"description\":\"Chubasquero impermeable en poli\u00e9ster reciclado, con capucha fija y costuras termoselladas. Ideal para exteriores y personalizaci\u00f3n textil.\",\"breadcrumb\":{\"@id\":\"https:\\\/\\\/www.imprentadigitalguzman.com\\\/inicio\\\/producto\\\/raincoat-impermeable-personalizado\\\/#breadcrumb\"},\"inLanguage\":\"es\",\"potentialAction\":[{\"@type\":\"ReadAction\",\"target\":[\"https:\\\/\\\/www.imprentadigitalguzman.com\\\/inicio\\\/producto\\\/raincoat-impermeable-personalizado\\\/\"]}]},{\"@type\":\"ImageObject\",\"inLanguage\":\"es\",\"@id\":\"https:\\\/\\\/www.imprentadigitalguzman.com\\\/inicio\\\/producto\\\/raincoat-impermeable-personalizado\\\/#primaryimage\",\"url\":\"https:\\\/\\\/www.imprentadigitalguzman.com\\\/wp-content\\\/uploads\\\/2026\\\/02\\\/ChatGPT-Image-4-feb-2026-11_37_40.png\",\"contentUrl\":\"https:\\\/\\\/www.imprentadigitalguzman.com\\\/wp-content\\\/uploads\\\/2026\\\/02\\\/ChatGPT-Image-4-feb-2026-11_37_40.png\",\"width\":1024,\"height\":1024,\"caption\":\"impermeable-personalizables-merchandising-espa\u00f1a-mejor-precio\"},{\"@type\":\"BreadcrumbList\",\"@id\":\"https:\\\/\\\/www.imprentadigitalguzman.com\\\/inicio\\\/producto\\\/raincoat-impermeable-personalizado\\\/#breadcrumb\",\"itemListElement\":[{\"@type\":\"ListItem\",\"position\":1,\"name\":\"Portada\",\"item\":\"https:\\\/\\\/www.imprentadigitalguzman.com\\\/inicio\\\/\"},{\"@type\":\"ListItem\",\"position\":2,\"name\":\"Shop\",\"item\":\"https:\\\/\\\/www.imprentadigitalguzman.com\\\/inicio\\\/shop\\\/\"},{\"@type\":\"ListItem\",\"position\":3,\"name\":\"RAINCOAT\"}]},{\"@type\":\"WebSite\",\"@id\":\"https:\\\/\\\/www.imprentadigitalguzman.com\\\/inicio\\\/#website\",\"url\":\"https:\\\/\\\/www.imprentadigitalguzman.com\\\/inicio\\\/\",\"name\":\"Imprenta Digital Guzm\u00e1n\",\"description\":\"\",\"potentialAction\":[{\"@type\":\"SearchAction\",\"target\":{\"@type\":\"EntryPoint\",\"urlTemplate\":\"https:\\\/\\\/www.imprentadigitalguzman.com\\\/inicio\\\/?s={search_term_string}\"},\"query-input\":{\"@type\":\"PropertyValueSpecification\",\"valueRequired\":true,\"valueName\":\"search_term_string\"}}],\"inLanguage\":\"es\"}]}<\/script>\n<!-- \/ Yoast SEO plugin. -->","yoast_head_json":{"title":"RAINCOAT - Imprenta Digital Guzm\u00e1n","description":"Chubasquero impermeable en poli\u00e9ster reciclado, con capucha fija y costuras termoselladas. Ideal para exteriores y personalizaci\u00f3n textil.","robots":{"index":"index","follow":"follow","max-snippet":"max-snippet:-1","max-image-preview":"max-image-preview:large","max-video-preview":"max-video-preview:-1"},"canonical":"https:\/\/www.imprentadigitalguzman.com\/inicio\/producto\/raincoat-impermeable-personalizado\/","og_locale":"es_ES","og_type":"article","og_title":"RAINCOAT - Imprenta Digital Guzm\u00e1n","og_description":"Chubasquero impermeable en poli\u00e9ster reciclado, con capucha fija y costuras termoselladas. Ideal para exteriores y personalizaci\u00f3n textil.","og_url":"https:\/\/www.imprentadigitalguzman.com\/inicio\/producto\/raincoat-impermeable-personalizado\/","og_site_name":"Imprenta Digital Guzm\u00e1n","article_modified_time":"2026-03-11T12:18:33+00:00","og_image":[{"width":1024,"height":1024,"url":"https:\/\/www.imprentadigitalguzman.com\/wp-content\/uploads\/2026\/02\/ChatGPT-Image-4-feb-2026-11_37_40.png","type":"image\/png"}],"twitter_card":"summary_large_image","twitter_misc":{"Tiempo de lectura":"2 minutos"},"schema":{"@context":"https:\/\/schema.org","@graph":[{"@type":"WebPage","@id":"https:\/\/www.imprentadigitalguzman.com\/inicio\/producto\/raincoat-impermeable-personalizado\/","url":"https:\/\/www.imprentadigitalguzman.com\/inicio\/producto\/raincoat-impermeable-personalizado\/","name":"RAINCOAT - Imprenta Digital Guzm\u00e1n","isPartOf":{"@id":"https:\/\/www.imprentadigitalguzman.com\/inicio\/#website"},"primaryImageOfPage":{"@id":"https:\/\/www.imprentadigitalguzman.com\/inicio\/producto\/raincoat-impermeable-personalizado\/#primaryimage"},"image":{"@id":"https:\/\/www.imprentadigitalguzman.com\/inicio\/producto\/raincoat-impermeable-personalizado\/#primaryimage"},"thumbnailUrl":"https:\/\/www.imprentadigitalguzman.com\/wp-content\/uploads\/2026\/02\/ChatGPT-Image-4-feb-2026-11_37_40.png","datePublished":"2026-02-04T10:40:12+00:00","dateModified":"2026-03-11T12:18:33+00:00","description":"Chubasquero impermeable en poli\u00e9ster reciclado, con capucha fija y costuras termoselladas. Ideal para exteriores y personalizaci\u00f3n textil.","breadcrumb":{"@id":"https:\/\/www.imprentadigitalguzman.com\/inicio\/producto\/raincoat-impermeable-personalizado\/#breadcrumb"},"inLanguage":"es","potentialAction":[{"@type":"ReadAction","target":["https:\/\/www.imprentadigitalguzman.com\/inicio\/producto\/raincoat-impermeable-personalizado\/"]}]},{"@type":"ImageObject","inLanguage":"es","@id":"https:\/\/www.imprentadigitalguzman.com\/inicio\/producto\/raincoat-impermeable-personalizado\/#primaryimage","url":"https:\/\/www.imprentadigitalguzman.com\/wp-content\/uploads\/2026\/02\/ChatGPT-Image-4-feb-2026-11_37_40.png","contentUrl":"https:\/\/www.imprentadigitalguzman.com\/wp-content\/uploads\/2026\/02\/ChatGPT-Image-4-feb-2026-11_37_40.png","width":1024,"height":1024,"caption":"impermeable-personalizables-merchandising-espa\u00f1a-mejor-precio"},{"@type":"BreadcrumbList","@id":"https:\/\/www.imprentadigitalguzman.com\/inicio\/producto\/raincoat-impermeable-personalizado\/#breadcrumb","itemListElement":[{"@type":"ListItem","position":1,"name":"Portada","item":"https:\/\/www.imprentadigitalguzman.com\/inicio\/"},{"@type":"ListItem","position":2,"name":"Shop","item":"https:\/\/www.imprentadigitalguzman.com\/inicio\/shop\/"},{"@type":"ListItem","position":3,"name":"RAINCOAT"}]},{"@type":"WebSite","@id":"https:\/\/www.imprentadigitalguzman.com\/inicio\/#website","url":"https:\/\/www.imprentadigitalguzman.com\/inicio\/","name":"Imprenta Digital Guzm\u00e1n","description":"","potentialAction":[{"@type":"SearchAction","target":{"@type":"EntryPoint","urlTemplate":"https:\/\/www.imprentadigitalguzman.com\/inicio\/?s={search_term_string}"},"query-input":{"@type":"PropertyValueSpecification","valueRequired":true,"valueName":"search_term_string"}}],"inLanguage":"es"}]}},"_links":{"self":[{"href":"https:\/\/www.imprentadigitalguzman.com\/inicio\/wp-json\/wp\/v2\/product\/659","targetHints":{"allow":["GET"]}}],"collection":[{"href":"https:\/\/www.imprentadigitalguzman.com\/inicio\/wp-json\/wp\/v2\/product"}],"about":[{"href":"https:\/\/www.imprentadigitalguzman.com\/inicio\/wp-json\/wp\/v2\/types\/product"}],"replies":[{"embeddable":true,"href":"https:\/\/www.imprentadigitalguzman.com\/inicio\/wp-json\/wp\/v2\/comments?post=659"}],"wp:featuredmedia":[{"embeddable":true,"href":"https:\/\/www.imprentadigitalguzman.com\/inicio\/wp-json\/wp\/v2\/media\/660"}],"wp:attachment":[{"href":"https:\/\/www.imprentadigitalguzman.com\/inicio\/wp-json\/wp\/v2\/media?parent=659"}],"wp:term":[{"taxonomy":"product_brand","embeddable":true,"href":"https:\/\/www.imprentadigitalguzman.com\/inicio\/wp-json\/wp\/v2\/product_brand?post=659"},{"taxonomy":"product_cat","embeddable":true,"href":"https:\/\/www.imprentadigitalguzman.com\/inicio\/wp-json\/wp\/v2\/product_cat?post=659"},{"taxonomy":"product_tag","embeddable":true,"href":"https:\/\/www.imprentadigitalguzman.com\/inicio\/wp-json\/wp\/v2\/product_tag?post=659"}],"curies":[{"name":"wp","href":"https:\/\/api.w.org\/{rel}","templated":true}]}}