{"id":649,"date":"2026-02-04T10:33:25","date_gmt":"2026-02-04T10:33:25","guid":{"rendered":"https:\/\/www.imprentadigitalguzman.com\/inicio\/?post_type=product&#038;p=649"},"modified":"2026-03-11T12:20:17","modified_gmt":"2026-03-11T12:20:17","slug":"softshell-jacket-hooded-personalizada","status":"publish","type":"product","link":"https:\/\/www.imprentadigitalguzman.com\/inicio\/producto\/softshell-jacket-hooded-personalizada\/","title":{"rendered":"SOFTSHELL JACKET HOODED"},"content":{"rendered":"<p data-start=\"355\" data-end=\"696\">La <strong data-start=\"358\" data-end=\"385\">Softshell Jacket Hooded<\/strong> es una <strong data-start=\"393\" data-end=\"439\">chaqueta softshell para hombre con capucha<\/strong>, dise\u00f1ada para ofrecer <strong data-start=\"463\" data-end=\"534\">protecci\u00f3n frente al viento y el fr\u00edo, transpirabilidad y comodidad<\/strong> en <strong data-start=\"538\" data-end=\"564\">trabajos en exteriores<\/strong> y <strong data-start=\"567\" data-end=\"596\">actividades al aire libre<\/strong>. Su <strong data-start=\"601\" data-end=\"632\">corte ligeramente entallado<\/strong> aporta un ajuste moderno sin limitar la libertad de movimiento.<\/p>\n<p data-start=\"698\" data-end=\"1045\">Gracias a su construcci\u00f3n de <strong data-start=\"727\" data-end=\"769\">tres capas con membranas transpirables<\/strong>, act\u00faa como una barrera eficaz frente a las inclemencias del tiempo, manteniendo una correcta ventilaci\u00f3n. El <strong data-start=\"880\" data-end=\"914\">interior de forro polar a tono<\/strong>, con sistema de ajuste mediante <strong data-start=\"947\" data-end=\"957\">tancas<\/strong>, proporciona una agradable sensaci\u00f3n t\u00e9rmica y mayor confort durante el uso prolongado.<\/p>\n<p data-start=\"1047\" data-end=\"1328\">Incorpora <strong data-start=\"1057\" data-end=\"1078\">cremallera entera<\/strong>, <strong data-start=\"1080\" data-end=\"1119\">bolsillo con cremallera en el pecho<\/strong> y <strong data-start=\"1122\" data-end=\"1160\">bolsillos laterales con cremallera<\/strong>, ofreciendo funcionalidad y seguridad para objetos personales. La <strong data-start=\"1227\" data-end=\"1248\">capucha integrada<\/strong> a\u00f1ade un extra de protecci\u00f3n, convirti\u00e9ndola en una prenda vers\u00e1til y pr\u00e1ctica.<\/p>\n<p data-start=\"1330\" data-end=\"1467\">Es ideal para <strong data-start=\"1344\" data-end=\"1391\">personalizaci\u00f3n mediante bordado o transfer<\/strong>, siendo muy utilizada como <strong data-start=\"1419\" data-end=\"1466\">chaqueta corporativa, laboral o promocional<\/strong>.<\/p>\n<p data-start=\"1469\" data-end=\"1536\">Disponible en <strong data-start=\"1483\" data-end=\"1496\">3 colores<\/strong> y en tallas desde la <strong data-start=\"1518\" data-end=\"1535\">S hasta la XL<\/strong>.<\/p>\n<p data-start=\"1538\" data-end=\"1648\">Con un <strong data-start=\"1545\" data-end=\"1579\">gramaje aproximado de 300 g\/m\u00b2<\/strong>, ofrece un equilibrio perfecto entre abrigo, resistencia y ligereza.<\/p>\n<p data-start=\"1538\" data-end=\"1648\">\n<hr data-start=\"1650\" data-end=\"1653\" \/>\n<h3 data-start=\"1655\" data-end=\"1687\"><strong data-start=\"1659\" data-end=\"1687\">Caracter\u00edsticas t\u00e9cnicas<\/strong><\/h3>\n<ul data-start=\"1688\" data-end=\"1978\">\n<li data-start=\"1688\" data-end=\"1709\">\n<p data-start=\"1690\" data-end=\"1709\">Cremallera entera<\/p>\n<\/li>\n<li data-start=\"1710\" data-end=\"1731\">\n<p data-start=\"1712\" data-end=\"1731\">Capucha integrada<\/p>\n<\/li>\n<li data-start=\"1732\" data-end=\"1771\">\n<p data-start=\"1734\" data-end=\"1771\">Bolsillo con cremallera en el pecho<\/p>\n<\/li>\n<li data-start=\"1772\" data-end=\"1810\">\n<p data-start=\"1774\" data-end=\"1810\">Bolsillos laterales con cremallera<\/p>\n<\/li>\n<li data-start=\"1811\" data-end=\"1870\">\n<p data-start=\"1813\" data-end=\"1870\">Construcci\u00f3n de <strong data-start=\"1829\" data-end=\"1868\">3 capas con membranas transpirables<\/strong><\/p>\n<\/li>\n<li data-start=\"1871\" data-end=\"1915\">\n<p data-start=\"1873\" data-end=\"1915\">Interior con forro polar a tono y tancas<\/p>\n<\/li>\n<li data-start=\"1916\" data-end=\"1947\">\n<p data-start=\"1918\" data-end=\"1947\">Corte ligeramente entallado<\/p>\n<\/li>\n<li data-start=\"1948\" data-end=\"1978\">\n<p data-start=\"1950\" data-end=\"1978\">Gramaje: <strong data-start=\"1959\" data-end=\"1978\">300 g\/m\u00b2 aprox.<\/strong><\/p>\n<\/li>\n<\/ul>\n<p>&nbsp;<\/p>\n<hr data-start=\"1980\" data-end=\"1983\" \/>\n<h3 data-start=\"1985\" data-end=\"2004\"><strong data-start=\"1989\" data-end=\"2004\">Composici\u00f3n<\/strong><\/h3>\n<ul data-start=\"2005\" data-end=\"2106\">\n<li data-start=\"2005\" data-end=\"2062\">\n<p data-start=\"2007\" data-end=\"2062\"><strong data-start=\"2007\" data-end=\"2020\">Exterior:<\/strong> 94 % poli\u00e9ster reciclado \/ 6 % elastano<\/p>\n<\/li>\n<li data-start=\"2063\" data-end=\"2106\">\n<p data-start=\"2065\" data-end=\"2106\"><strong data-start=\"2065\" data-end=\"2078\">Interior:<\/strong> 100 % poli\u00e9ster reciclado<\/p>\n<\/li>\n<\/ul>\n","protected":false},"excerpt":{"rendered":"<p>Chaqueta softshell de hombre con capucha y forro polar interior. Ideal para trabajos en exteriores y personalizaci\u00f3n corporativa.<\/p>\n","protected":false},"featured_media":650,"comment_status":"closed","ping_status":"closed","template":"","meta":{"_et_pb_use_builder":"","_et_pb_old_content":"","_et_gb_content_width":"","_joinchat":[]},"product_brand":[],"product_cat":[214,103],"product_tag":[213,143,172,199,200,134,211,138],"class_list":{"0":"post-649","1":"product","2":"type-product","3":"status-publish","4":"has-post-thumbnail","6":"product_cat-chaqueta","7":"product_cat-hombre","8":"product_tag-chaqueta","9":"product_tag-confort","10":"product_tag-cremalleras","11":"product_tag-frio","12":"product_tag-hombre","13":"product_tag-impresion-textil","14":"product_tag-micropolar","15":"product_tag-personalizar","17":"first","18":"instock","19":"taxable","20":"shipping-taxable","21":"purchasable","22":"product-type-variable"},"yoast_head":"<!-- This site is optimized with the Yoast SEO plugin v27.4 - https:\/\/yoast.com\/product\/yoast-seo-wordpress\/ -->\n<title>SOFTSHELL JACKET HOODED - Imprenta Digital Guzm\u00e1n<\/title>\n<meta name=\"description\" content=\"Chaqueta softshell de hombre con capucha, forro polar interior y membranas transpirables. Ideal para exteriores y personalizaci\u00f3n textil.\" \/>\n<meta name=\"robots\" content=\"index, follow, max-snippet:-1, max-image-preview:large, max-video-preview:-1\" \/>\n<link rel=\"canonical\" href=\"https:\/\/www.imprentadigitalguzman.com\/inicio\/producto\/softshell-jacket-hooded-personalizada\/\" \/>\n<meta property=\"og:locale\" content=\"es_ES\" \/>\n<meta property=\"og:type\" content=\"article\" \/>\n<meta property=\"og:title\" content=\"SOFTSHELL JACKET HOODED - Imprenta Digital Guzm\u00e1n\" \/>\n<meta property=\"og:description\" content=\"Chaqueta softshell de hombre con capucha, forro polar interior y membranas transpirables. Ideal para exteriores y personalizaci\u00f3n textil.\" \/>\n<meta property=\"og:url\" content=\"https:\/\/www.imprentadigitalguzman.com\/inicio\/producto\/softshell-jacket-hooded-personalizada\/\" \/>\n<meta property=\"og:site_name\" content=\"Imprenta Digital Guzm\u00e1n\" \/>\n<meta property=\"article:modified_time\" content=\"2026-03-11T12:20:17+00:00\" \/>\n<meta property=\"og:image\" content=\"https:\/\/www.imprentadigitalguzman.com\/wp-content\/uploads\/2026\/02\/ChatGPT-Image-4-feb-2026-11_30_00.png\" \/>\n\t<meta property=\"og:image:width\" content=\"1024\" \/>\n\t<meta property=\"og:image:height\" content=\"1024\" \/>\n\t<meta property=\"og:image:type\" content=\"image\/png\" \/>\n<meta name=\"twitter:card\" content=\"summary_large_image\" \/>\n<meta name=\"twitter:label1\" content=\"Tiempo de lectura\" \/>\n\t<meta name=\"twitter:data1\" content=\"2 minutos\" \/>\n<script type=\"application\/ld+json\" class=\"yoast-schema-graph\">{\"@context\":\"https:\\\/\\\/schema.org\",\"@graph\":[{\"@type\":\"WebPage\",\"@id\":\"https:\\\/\\\/www.imprentadigitalguzman.com\\\/inicio\\\/producto\\\/softshell-jacket-hooded-personalizada\\\/\",\"url\":\"https:\\\/\\\/www.imprentadigitalguzman.com\\\/inicio\\\/producto\\\/softshell-jacket-hooded-personalizada\\\/\",\"name\":\"SOFTSHELL JACKET HOODED - Imprenta Digital Guzm\u00e1n\",\"isPartOf\":{\"@id\":\"https:\\\/\\\/www.imprentadigitalguzman.com\\\/inicio\\\/#website\"},\"primaryImageOfPage\":{\"@id\":\"https:\\\/\\\/www.imprentadigitalguzman.com\\\/inicio\\\/producto\\\/softshell-jacket-hooded-personalizada\\\/#primaryimage\"},\"image\":{\"@id\":\"https:\\\/\\\/www.imprentadigitalguzman.com\\\/inicio\\\/producto\\\/softshell-jacket-hooded-personalizada\\\/#primaryimage\"},\"thumbnailUrl\":\"https:\\\/\\\/www.imprentadigitalguzman.com\\\/wp-content\\\/uploads\\\/2026\\\/02\\\/ChatGPT-Image-4-feb-2026-11_30_00.png\",\"datePublished\":\"2026-02-04T10:33:25+00:00\",\"dateModified\":\"2026-03-11T12:20:17+00:00\",\"description\":\"Chaqueta softshell de hombre con capucha, forro polar interior y membranas transpirables. Ideal para exteriores y personalizaci\u00f3n textil.\",\"breadcrumb\":{\"@id\":\"https:\\\/\\\/www.imprentadigitalguzman.com\\\/inicio\\\/producto\\\/softshell-jacket-hooded-personalizada\\\/#breadcrumb\"},\"inLanguage\":\"es\",\"potentialAction\":[{\"@type\":\"ReadAction\",\"target\":[\"https:\\\/\\\/www.imprentadigitalguzman.com\\\/inicio\\\/producto\\\/softshell-jacket-hooded-personalizada\\\/\"]}]},{\"@type\":\"ImageObject\",\"inLanguage\":\"es\",\"@id\":\"https:\\\/\\\/www.imprentadigitalguzman.com\\\/inicio\\\/producto\\\/softshell-jacket-hooded-personalizada\\\/#primaryimage\",\"url\":\"https:\\\/\\\/www.imprentadigitalguzman.com\\\/wp-content\\\/uploads\\\/2026\\\/02\\\/ChatGPT-Image-4-feb-2026-11_30_00.png\",\"contentUrl\":\"https:\\\/\\\/www.imprentadigitalguzman.com\\\/wp-content\\\/uploads\\\/2026\\\/02\\\/ChatGPT-Image-4-feb-2026-11_30_00.png\",\"width\":1024,\"height\":1024,\"caption\":\"chaqueta-corta-vientos-personalizables-merchandising-espa\u00f1a-mejor-precio\"},{\"@type\":\"BreadcrumbList\",\"@id\":\"https:\\\/\\\/www.imprentadigitalguzman.com\\\/inicio\\\/producto\\\/softshell-jacket-hooded-personalizada\\\/#breadcrumb\",\"itemListElement\":[{\"@type\":\"ListItem\",\"position\":1,\"name\":\"Portada\",\"item\":\"https:\\\/\\\/www.imprentadigitalguzman.com\\\/inicio\\\/\"},{\"@type\":\"ListItem\",\"position\":2,\"name\":\"Shop\",\"item\":\"https:\\\/\\\/www.imprentadigitalguzman.com\\\/inicio\\\/shop\\\/\"},{\"@type\":\"ListItem\",\"position\":3,\"name\":\"SOFTSHELL JACKET HOODED\"}]},{\"@type\":\"WebSite\",\"@id\":\"https:\\\/\\\/www.imprentadigitalguzman.com\\\/inicio\\\/#website\",\"url\":\"https:\\\/\\\/www.imprentadigitalguzman.com\\\/inicio\\\/\",\"name\":\"Imprenta Digital Guzm\u00e1n\",\"description\":\"\",\"potentialAction\":[{\"@type\":\"SearchAction\",\"target\":{\"@type\":\"EntryPoint\",\"urlTemplate\":\"https:\\\/\\\/www.imprentadigitalguzman.com\\\/inicio\\\/?s={search_term_string}\"},\"query-input\":{\"@type\":\"PropertyValueSpecification\",\"valueRequired\":true,\"valueName\":\"search_term_string\"}}],\"inLanguage\":\"es\"}]}<\/script>\n<!-- \/ Yoast SEO plugin. -->","yoast_head_json":{"title":"SOFTSHELL JACKET HOODED - Imprenta Digital Guzm\u00e1n","description":"Chaqueta softshell de hombre con capucha, forro polar interior y membranas transpirables. Ideal para exteriores y personalizaci\u00f3n textil.","robots":{"index":"index","follow":"follow","max-snippet":"max-snippet:-1","max-image-preview":"max-image-preview:large","max-video-preview":"max-video-preview:-1"},"canonical":"https:\/\/www.imprentadigitalguzman.com\/inicio\/producto\/softshell-jacket-hooded-personalizada\/","og_locale":"es_ES","og_type":"article","og_title":"SOFTSHELL JACKET HOODED - Imprenta Digital Guzm\u00e1n","og_description":"Chaqueta softshell de hombre con capucha, forro polar interior y membranas transpirables. Ideal para exteriores y personalizaci\u00f3n textil.","og_url":"https:\/\/www.imprentadigitalguzman.com\/inicio\/producto\/softshell-jacket-hooded-personalizada\/","og_site_name":"Imprenta Digital Guzm\u00e1n","article_modified_time":"2026-03-11T12:20:17+00:00","og_image":[{"width":1024,"height":1024,"url":"https:\/\/www.imprentadigitalguzman.com\/wp-content\/uploads\/2026\/02\/ChatGPT-Image-4-feb-2026-11_30_00.png","type":"image\/png"}],"twitter_card":"summary_large_image","twitter_misc":{"Tiempo de lectura":"2 minutos"},"schema":{"@context":"https:\/\/schema.org","@graph":[{"@type":"WebPage","@id":"https:\/\/www.imprentadigitalguzman.com\/inicio\/producto\/softshell-jacket-hooded-personalizada\/","url":"https:\/\/www.imprentadigitalguzman.com\/inicio\/producto\/softshell-jacket-hooded-personalizada\/","name":"SOFTSHELL JACKET HOODED - Imprenta Digital Guzm\u00e1n","isPartOf":{"@id":"https:\/\/www.imprentadigitalguzman.com\/inicio\/#website"},"primaryImageOfPage":{"@id":"https:\/\/www.imprentadigitalguzman.com\/inicio\/producto\/softshell-jacket-hooded-personalizada\/#primaryimage"},"image":{"@id":"https:\/\/www.imprentadigitalguzman.com\/inicio\/producto\/softshell-jacket-hooded-personalizada\/#primaryimage"},"thumbnailUrl":"https:\/\/www.imprentadigitalguzman.com\/wp-content\/uploads\/2026\/02\/ChatGPT-Image-4-feb-2026-11_30_00.png","datePublished":"2026-02-04T10:33:25+00:00","dateModified":"2026-03-11T12:20:17+00:00","description":"Chaqueta softshell de hombre con capucha, forro polar interior y membranas transpirables. Ideal para exteriores y personalizaci\u00f3n textil.","breadcrumb":{"@id":"https:\/\/www.imprentadigitalguzman.com\/inicio\/producto\/softshell-jacket-hooded-personalizada\/#breadcrumb"},"inLanguage":"es","potentialAction":[{"@type":"ReadAction","target":["https:\/\/www.imprentadigitalguzman.com\/inicio\/producto\/softshell-jacket-hooded-personalizada\/"]}]},{"@type":"ImageObject","inLanguage":"es","@id":"https:\/\/www.imprentadigitalguzman.com\/inicio\/producto\/softshell-jacket-hooded-personalizada\/#primaryimage","url":"https:\/\/www.imprentadigitalguzman.com\/wp-content\/uploads\/2026\/02\/ChatGPT-Image-4-feb-2026-11_30_00.png","contentUrl":"https:\/\/www.imprentadigitalguzman.com\/wp-content\/uploads\/2026\/02\/ChatGPT-Image-4-feb-2026-11_30_00.png","width":1024,"height":1024,"caption":"chaqueta-corta-vientos-personalizables-merchandising-espa\u00f1a-mejor-precio"},{"@type":"BreadcrumbList","@id":"https:\/\/www.imprentadigitalguzman.com\/inicio\/producto\/softshell-jacket-hooded-personalizada\/#breadcrumb","itemListElement":[{"@type":"ListItem","position":1,"name":"Portada","item":"https:\/\/www.imprentadigitalguzman.com\/inicio\/"},{"@type":"ListItem","position":2,"name":"Shop","item":"https:\/\/www.imprentadigitalguzman.com\/inicio\/shop\/"},{"@type":"ListItem","position":3,"name":"SOFTSHELL JACKET HOODED"}]},{"@type":"WebSite","@id":"https:\/\/www.imprentadigitalguzman.com\/inicio\/#website","url":"https:\/\/www.imprentadigitalguzman.com\/inicio\/","name":"Imprenta Digital Guzm\u00e1n","description":"","potentialAction":[{"@type":"SearchAction","target":{"@type":"EntryPoint","urlTemplate":"https:\/\/www.imprentadigitalguzman.com\/inicio\/?s={search_term_string}"},"query-input":{"@type":"PropertyValueSpecification","valueRequired":true,"valueName":"search_term_string"}}],"inLanguage":"es"}]}},"_links":{"self":[{"href":"https:\/\/www.imprentadigitalguzman.com\/inicio\/wp-json\/wp\/v2\/product\/649","targetHints":{"allow":["GET"]}}],"collection":[{"href":"https:\/\/www.imprentadigitalguzman.com\/inicio\/wp-json\/wp\/v2\/product"}],"about":[{"href":"https:\/\/www.imprentadigitalguzman.com\/inicio\/wp-json\/wp\/v2\/types\/product"}],"replies":[{"embeddable":true,"href":"https:\/\/www.imprentadigitalguzman.com\/inicio\/wp-json\/wp\/v2\/comments?post=649"}],"wp:featuredmedia":[{"embeddable":true,"href":"https:\/\/www.imprentadigitalguzman.com\/inicio\/wp-json\/wp\/v2\/media\/650"}],"wp:attachment":[{"href":"https:\/\/www.imprentadigitalguzman.com\/inicio\/wp-json\/wp\/v2\/media?parent=649"}],"wp:term":[{"taxonomy":"product_brand","embeddable":true,"href":"https:\/\/www.imprentadigitalguzman.com\/inicio\/wp-json\/wp\/v2\/product_brand?post=649"},{"taxonomy":"product_cat","embeddable":true,"href":"https:\/\/www.imprentadigitalguzman.com\/inicio\/wp-json\/wp\/v2\/product_cat?post=649"},{"taxonomy":"product_tag","embeddable":true,"href":"https:\/\/www.imprentadigitalguzman.com\/inicio\/wp-json\/wp\/v2\/product_tag?post=649"}],"curies":[{"name":"wp","href":"https:\/\/api.w.org\/{rel}","templated":true}]}}