{"id":621,"date":"2026-02-04T10:13:13","date_gmt":"2026-02-04T10:13:13","guid":{"rendered":"https:\/\/www.imprentadigitalguzman.com\/inicio\/?post_type=product&#038;p=621"},"modified":"2026-03-11T12:22:51","modified_gmt":"2026-03-11T12:22:51","slug":"padded-vest-personalizado","status":"publish","type":"product","link":"https:\/\/www.imprentadigitalguzman.com\/inicio\/producto\/padded-vest-personalizado\/","title":{"rendered":"PADDED VEST"},"content":{"rendered":"<p data-start=\"316\" data-end=\"661\">El <strong data-start=\"319\" data-end=\"334\">Padded Vest<\/strong> es un <strong data-start=\"341\" data-end=\"374\">chaleco acolchado para adulto<\/strong>, dise\u00f1ado para ofrecer <strong data-start=\"398\" data-end=\"455\">protecci\u00f3n t\u00e9rmica, ligereza y libertad de movimiento<\/strong> en climas fr\u00edos. Es una prenda vers\u00e1til, ideal tanto para <strong data-start=\"514\" data-end=\"528\">uso diario<\/strong> como para <strong data-start=\"539\" data-end=\"569\">ropa corporativa o laboral<\/strong>, especialmente en entornos donde se requiere abrigo sin limitar la movilidad de los brazos.<\/p>\n<p data-start=\"663\" data-end=\"952\">Cuenta con <strong data-start=\"674\" data-end=\"729\">cremallera central a tono con protector de barbilla<\/strong>, proporcionando mayor comodidad. Su <strong data-start=\"766\" data-end=\"800\">interior con tejido micropolar<\/strong> aporta una agradable sensaci\u00f3n de abrigo, mientras que el <strong data-start=\"859\" data-end=\"912\">frontal, los hombros y el bajo trasero acolchados<\/strong> refuerzan la protecci\u00f3n frente al fr\u00edo.<\/p>\n<p data-start=\"954\" data-end=\"1308\">Los <strong data-start=\"958\" data-end=\"1010\">paneles laterales y traseros en tejido softshell<\/strong>, a tono con el color del cuerpo, mejoran la flexibilidad y el confort. Incorpora <strong data-start=\"1092\" data-end=\"1134\">dos bolsillos laterales con cremallera<\/strong>, un <strong data-start=\"1139\" data-end=\"1178\">bolsillo con cremallera en el pecho<\/strong> y un <strong data-start=\"1184\" data-end=\"1240\">bolsillo interior con cremallera en el pecho derecho<\/strong>, ofreciendo funcionalidad y espacio seguro para objetos personales.<\/p>\n<p data-start=\"1310\" data-end=\"1483\">Gracias a su dise\u00f1o y materiales, es ideal para <strong data-start=\"1358\" data-end=\"1405\">personalizaci\u00f3n mediante bordado o transfer<\/strong>, siendo muy utilizado como <strong data-start=\"1433\" data-end=\"1482\">chaleco corporativo, promocional o de trabajo<\/strong>.<\/p>\n<p data-start=\"1485\" data-end=\"1599\">Disponible en <strong data-start=\"1499\" data-end=\"1512\">5 colores<\/strong> y en tallas desde la <strong data-start=\"1534\" data-end=\"1552\">S hasta la XXL<\/strong>, se adapta a diferentes estilos y necesidades.<\/p>\n<hr data-start=\"1601\" data-end=\"1604\" \/>\n<h3 data-start=\"1606\" data-end=\"1638\"><strong data-start=\"1610\" data-end=\"1638\">Caracter\u00edsticas t\u00e9cnicas<\/strong><\/h3>\n<ul data-start=\"1639\" data-end=\"1959\">\n<li data-start=\"1639\" data-end=\"1694\">\n<p data-start=\"1641\" data-end=\"1694\">Cremallera central a tono con protector de barbilla<\/p>\n<\/li>\n<li data-start=\"1695\" data-end=\"1729\">\n<p data-start=\"1697\" data-end=\"1729\">Interior con tejido micropolar<\/p>\n<\/li>\n<li data-start=\"1730\" data-end=\"1776\">\n<p data-start=\"1732\" data-end=\"1776\">Frontal, hombros y bajo trasero acolchados<\/p>\n<\/li>\n<li data-start=\"1777\" data-end=\"1822\">\n<p data-start=\"1779\" data-end=\"1822\">Paneles laterales y traseros en softshell<\/p>\n<\/li>\n<li data-start=\"1823\" data-end=\"1865\">\n<p data-start=\"1825\" data-end=\"1865\">Dos bolsillos laterales con cremallera<\/p>\n<\/li>\n<li data-start=\"1866\" data-end=\"1905\">\n<p data-start=\"1868\" data-end=\"1905\">Bolsillo en el pecho con cremallera<\/p>\n<\/li>\n<li data-start=\"1906\" data-end=\"1959\">\n<p data-start=\"1908\" data-end=\"1959\">Bolsillo interior con cremallera en pecho derecho<\/p>\n<\/li>\n<\/ul>\n<p>&nbsp;<\/p>\n<hr data-start=\"1961\" data-end=\"1964\" \/>\n<h3 data-start=\"1966\" data-end=\"1985\"><strong data-start=\"1970\" data-end=\"1985\">Composici\u00f3n<\/strong><\/h3>\n<ul data-start=\"1986\" data-end=\"2128\">\n<li data-start=\"1986\" data-end=\"2037\">\n<p data-start=\"1988\" data-end=\"2037\"><strong data-start=\"1988\" data-end=\"2009\">Tejido principal:<\/strong> 100 % poli\u00e9ster reciclado<\/p>\n<\/li>\n<li data-start=\"2038\" data-end=\"2096\">\n<p data-start=\"2040\" data-end=\"2096\"><strong data-start=\"2040\" data-end=\"2054\">Softshell:<\/strong> 94 % poli\u00e9ster reciclado \/ 6 % elastano<\/p>\n<\/li>\n<li data-start=\"2097\" data-end=\"2128\">\n<p data-start=\"2099\" data-end=\"2128\"><strong data-start=\"2099\" data-end=\"2108\">Peso:<\/strong> <strong data-start=\"2109\" data-end=\"2128\">280 g\/m\u00b2 aprox.<\/strong><\/p>\n<\/li>\n<\/ul>\n","protected":false},"excerpt":{"rendered":"<p>Chaleco acolchado para adulto con interior micropolar y paneles softshell. Ideal para climas fr\u00edos y personalizaci\u00f3n corporativa.<\/p>\n","protected":false},"featured_media":622,"comment_status":"closed","ping_status":"closed","template":"","meta":{"_et_pb_use_builder":"","_et_pb_old_content":"","_et_gb_content_width":"","_joinchat":[]},"product_brand":[],"product_cat":[214,103],"product_tag":[213,143,172,199,200,146],"class_list":{"0":"post-621","1":"product","2":"type-product","3":"status-publish","4":"has-post-thumbnail","6":"product_cat-chaqueta","7":"product_cat-hombre","8":"product_tag-chaqueta","9":"product_tag-confort","10":"product_tag-cremalleras","11":"product_tag-frio","12":"product_tag-hombre","13":"product_tag-tirantes","15":"first","16":"instock","17":"taxable","18":"shipping-taxable","19":"purchasable","20":"product-type-variable"},"yoast_head":"<!-- This site is optimized with the Yoast SEO plugin v27.4 - https:\/\/yoast.com\/product\/yoast-seo-wordpress\/ -->\n<title>PADDED VEST - Imprenta Digital Guzm\u00e1n<\/title>\n<meta name=\"description\" content=\"Chaleco acolchado para adulto con interior micropolar y paneles softshell. Ideal para climas fr\u00edos y personalizaci\u00f3n corporativa.\" \/>\n<meta name=\"robots\" content=\"index, follow, max-snippet:-1, max-image-preview:large, max-video-preview:-1\" \/>\n<link rel=\"canonical\" href=\"https:\/\/www.imprentadigitalguzman.com\/inicio\/producto\/padded-vest-personalizado\/\" \/>\n<meta property=\"og:locale\" content=\"es_ES\" \/>\n<meta property=\"og:type\" content=\"article\" \/>\n<meta property=\"og:title\" content=\"PADDED VEST - Imprenta Digital Guzm\u00e1n\" \/>\n<meta property=\"og:description\" content=\"Chaleco acolchado para adulto con interior micropolar y paneles softshell. Ideal para climas fr\u00edos y personalizaci\u00f3n corporativa.\" \/>\n<meta property=\"og:url\" content=\"https:\/\/www.imprentadigitalguzman.com\/inicio\/producto\/padded-vest-personalizado\/\" \/>\n<meta property=\"og:site_name\" content=\"Imprenta Digital Guzm\u00e1n\" \/>\n<meta property=\"article:modified_time\" content=\"2026-03-11T12:22:51+00:00\" \/>\n<meta property=\"og:image\" content=\"https:\/\/www.imprentadigitalguzman.com\/wp-content\/uploads\/2026\/02\/ChatGPT-Image-4-feb-2026-11_11_00.png\" \/>\n\t<meta property=\"og:image:width\" content=\"1024\" \/>\n\t<meta property=\"og:image:height\" content=\"1024\" \/>\n\t<meta property=\"og:image:type\" content=\"image\/png\" \/>\n<meta name=\"twitter:card\" content=\"summary_large_image\" \/>\n<meta name=\"twitter:label1\" content=\"Tiempo de lectura\" \/>\n\t<meta name=\"twitter:data1\" content=\"2 minutos\" \/>\n<script type=\"application\/ld+json\" class=\"yoast-schema-graph\">{\"@context\":\"https:\\\/\\\/schema.org\",\"@graph\":[{\"@type\":\"WebPage\",\"@id\":\"https:\\\/\\\/www.imprentadigitalguzman.com\\\/inicio\\\/producto\\\/padded-vest-personalizado\\\/\",\"url\":\"https:\\\/\\\/www.imprentadigitalguzman.com\\\/inicio\\\/producto\\\/padded-vest-personalizado\\\/\",\"name\":\"PADDED VEST - Imprenta Digital Guzm\u00e1n\",\"isPartOf\":{\"@id\":\"https:\\\/\\\/www.imprentadigitalguzman.com\\\/inicio\\\/#website\"},\"primaryImageOfPage\":{\"@id\":\"https:\\\/\\\/www.imprentadigitalguzman.com\\\/inicio\\\/producto\\\/padded-vest-personalizado\\\/#primaryimage\"},\"image\":{\"@id\":\"https:\\\/\\\/www.imprentadigitalguzman.com\\\/inicio\\\/producto\\\/padded-vest-personalizado\\\/#primaryimage\"},\"thumbnailUrl\":\"https:\\\/\\\/www.imprentadigitalguzman.com\\\/wp-content\\\/uploads\\\/2026\\\/02\\\/ChatGPT-Image-4-feb-2026-11_11_00.png\",\"datePublished\":\"2026-02-04T10:13:13+00:00\",\"dateModified\":\"2026-03-11T12:22:51+00:00\",\"description\":\"Chaleco acolchado para adulto con interior micropolar y paneles softshell. Ideal para climas fr\u00edos y personalizaci\u00f3n corporativa.\",\"breadcrumb\":{\"@id\":\"https:\\\/\\\/www.imprentadigitalguzman.com\\\/inicio\\\/producto\\\/padded-vest-personalizado\\\/#breadcrumb\"},\"inLanguage\":\"es\",\"potentialAction\":[{\"@type\":\"ReadAction\",\"target\":[\"https:\\\/\\\/www.imprentadigitalguzman.com\\\/inicio\\\/producto\\\/padded-vest-personalizado\\\/\"]}]},{\"@type\":\"ImageObject\",\"inLanguage\":\"es\",\"@id\":\"https:\\\/\\\/www.imprentadigitalguzman.com\\\/inicio\\\/producto\\\/padded-vest-personalizado\\\/#primaryimage\",\"url\":\"https:\\\/\\\/www.imprentadigitalguzman.com\\\/wp-content\\\/uploads\\\/2026\\\/02\\\/ChatGPT-Image-4-feb-2026-11_11_00.png\",\"contentUrl\":\"https:\\\/\\\/www.imprentadigitalguzman.com\\\/wp-content\\\/uploads\\\/2026\\\/02\\\/ChatGPT-Image-4-feb-2026-11_11_00.png\",\"width\":1024,\"height\":1024,\"caption\":\"chaqueta-acolchada-sin-mangas-personalizables-merchandising-espa\u00f1a-mejor-precio\"},{\"@type\":\"BreadcrumbList\",\"@id\":\"https:\\\/\\\/www.imprentadigitalguzman.com\\\/inicio\\\/producto\\\/padded-vest-personalizado\\\/#breadcrumb\",\"itemListElement\":[{\"@type\":\"ListItem\",\"position\":1,\"name\":\"Portada\",\"item\":\"https:\\\/\\\/www.imprentadigitalguzman.com\\\/inicio\\\/\"},{\"@type\":\"ListItem\",\"position\":2,\"name\":\"Shop\",\"item\":\"https:\\\/\\\/www.imprentadigitalguzman.com\\\/inicio\\\/shop\\\/\"},{\"@type\":\"ListItem\",\"position\":3,\"name\":\"PADDED VEST\"}]},{\"@type\":\"WebSite\",\"@id\":\"https:\\\/\\\/www.imprentadigitalguzman.com\\\/inicio\\\/#website\",\"url\":\"https:\\\/\\\/www.imprentadigitalguzman.com\\\/inicio\\\/\",\"name\":\"Imprenta Digital Guzm\u00e1n\",\"description\":\"\",\"potentialAction\":[{\"@type\":\"SearchAction\",\"target\":{\"@type\":\"EntryPoint\",\"urlTemplate\":\"https:\\\/\\\/www.imprentadigitalguzman.com\\\/inicio\\\/?s={search_term_string}\"},\"query-input\":{\"@type\":\"PropertyValueSpecification\",\"valueRequired\":true,\"valueName\":\"search_term_string\"}}],\"inLanguage\":\"es\"}]}<\/script>\n<!-- \/ Yoast SEO plugin. -->","yoast_head_json":{"title":"PADDED VEST - Imprenta Digital Guzm\u00e1n","description":"Chaleco acolchado para adulto con interior micropolar y paneles softshell. Ideal para climas fr\u00edos y personalizaci\u00f3n corporativa.","robots":{"index":"index","follow":"follow","max-snippet":"max-snippet:-1","max-image-preview":"max-image-preview:large","max-video-preview":"max-video-preview:-1"},"canonical":"https:\/\/www.imprentadigitalguzman.com\/inicio\/producto\/padded-vest-personalizado\/","og_locale":"es_ES","og_type":"article","og_title":"PADDED VEST - Imprenta Digital Guzm\u00e1n","og_description":"Chaleco acolchado para adulto con interior micropolar y paneles softshell. Ideal para climas fr\u00edos y personalizaci\u00f3n corporativa.","og_url":"https:\/\/www.imprentadigitalguzman.com\/inicio\/producto\/padded-vest-personalizado\/","og_site_name":"Imprenta Digital Guzm\u00e1n","article_modified_time":"2026-03-11T12:22:51+00:00","og_image":[{"width":1024,"height":1024,"url":"https:\/\/www.imprentadigitalguzman.com\/wp-content\/uploads\/2026\/02\/ChatGPT-Image-4-feb-2026-11_11_00.png","type":"image\/png"}],"twitter_card":"summary_large_image","twitter_misc":{"Tiempo de lectura":"2 minutos"},"schema":{"@context":"https:\/\/schema.org","@graph":[{"@type":"WebPage","@id":"https:\/\/www.imprentadigitalguzman.com\/inicio\/producto\/padded-vest-personalizado\/","url":"https:\/\/www.imprentadigitalguzman.com\/inicio\/producto\/padded-vest-personalizado\/","name":"PADDED VEST - Imprenta Digital Guzm\u00e1n","isPartOf":{"@id":"https:\/\/www.imprentadigitalguzman.com\/inicio\/#website"},"primaryImageOfPage":{"@id":"https:\/\/www.imprentadigitalguzman.com\/inicio\/producto\/padded-vest-personalizado\/#primaryimage"},"image":{"@id":"https:\/\/www.imprentadigitalguzman.com\/inicio\/producto\/padded-vest-personalizado\/#primaryimage"},"thumbnailUrl":"https:\/\/www.imprentadigitalguzman.com\/wp-content\/uploads\/2026\/02\/ChatGPT-Image-4-feb-2026-11_11_00.png","datePublished":"2026-02-04T10:13:13+00:00","dateModified":"2026-03-11T12:22:51+00:00","description":"Chaleco acolchado para adulto con interior micropolar y paneles softshell. Ideal para climas fr\u00edos y personalizaci\u00f3n corporativa.","breadcrumb":{"@id":"https:\/\/www.imprentadigitalguzman.com\/inicio\/producto\/padded-vest-personalizado\/#breadcrumb"},"inLanguage":"es","potentialAction":[{"@type":"ReadAction","target":["https:\/\/www.imprentadigitalguzman.com\/inicio\/producto\/padded-vest-personalizado\/"]}]},{"@type":"ImageObject","inLanguage":"es","@id":"https:\/\/www.imprentadigitalguzman.com\/inicio\/producto\/padded-vest-personalizado\/#primaryimage","url":"https:\/\/www.imprentadigitalguzman.com\/wp-content\/uploads\/2026\/02\/ChatGPT-Image-4-feb-2026-11_11_00.png","contentUrl":"https:\/\/www.imprentadigitalguzman.com\/wp-content\/uploads\/2026\/02\/ChatGPT-Image-4-feb-2026-11_11_00.png","width":1024,"height":1024,"caption":"chaqueta-acolchada-sin-mangas-personalizables-merchandising-espa\u00f1a-mejor-precio"},{"@type":"BreadcrumbList","@id":"https:\/\/www.imprentadigitalguzman.com\/inicio\/producto\/padded-vest-personalizado\/#breadcrumb","itemListElement":[{"@type":"ListItem","position":1,"name":"Portada","item":"https:\/\/www.imprentadigitalguzman.com\/inicio\/"},{"@type":"ListItem","position":2,"name":"Shop","item":"https:\/\/www.imprentadigitalguzman.com\/inicio\/shop\/"},{"@type":"ListItem","position":3,"name":"PADDED VEST"}]},{"@type":"WebSite","@id":"https:\/\/www.imprentadigitalguzman.com\/inicio\/#website","url":"https:\/\/www.imprentadigitalguzman.com\/inicio\/","name":"Imprenta Digital Guzm\u00e1n","description":"","potentialAction":[{"@type":"SearchAction","target":{"@type":"EntryPoint","urlTemplate":"https:\/\/www.imprentadigitalguzman.com\/inicio\/?s={search_term_string}"},"query-input":{"@type":"PropertyValueSpecification","valueRequired":true,"valueName":"search_term_string"}}],"inLanguage":"es"}]}},"_links":{"self":[{"href":"https:\/\/www.imprentadigitalguzman.com\/inicio\/wp-json\/wp\/v2\/product\/621","targetHints":{"allow":["GET"]}}],"collection":[{"href":"https:\/\/www.imprentadigitalguzman.com\/inicio\/wp-json\/wp\/v2\/product"}],"about":[{"href":"https:\/\/www.imprentadigitalguzman.com\/inicio\/wp-json\/wp\/v2\/types\/product"}],"replies":[{"embeddable":true,"href":"https:\/\/www.imprentadigitalguzman.com\/inicio\/wp-json\/wp\/v2\/comments?post=621"}],"wp:featuredmedia":[{"embeddable":true,"href":"https:\/\/www.imprentadigitalguzman.com\/inicio\/wp-json\/wp\/v2\/media\/622"}],"wp:attachment":[{"href":"https:\/\/www.imprentadigitalguzman.com\/inicio\/wp-json\/wp\/v2\/media?parent=621"}],"wp:term":[{"taxonomy":"product_brand","embeddable":true,"href":"https:\/\/www.imprentadigitalguzman.com\/inicio\/wp-json\/wp\/v2\/product_brand?post=621"},{"taxonomy":"product_cat","embeddable":true,"href":"https:\/\/www.imprentadigitalguzman.com\/inicio\/wp-json\/wp\/v2\/product_cat?post=621"},{"taxonomy":"product_tag","embeddable":true,"href":"https:\/\/www.imprentadigitalguzman.com\/inicio\/wp-json\/wp\/v2\/product_tag?post=621"}],"curies":[{"name":"wp","href":"https:\/\/api.w.org\/{rel}","templated":true}]}}