{"id":611,"date":"2026-02-04T10:04:28","date_gmt":"2026-02-04T10:04:28","guid":{"rendered":"https:\/\/www.imprentadigitalguzman.com\/inicio\/?post_type=product&#038;p=611"},"modified":"2026-03-11T12:23:47","modified_gmt":"2026-03-11T12:23:47","slug":"padded-jacket-personalizada","status":"publish","type":"product","link":"https:\/\/www.imprentadigitalguzman.com\/inicio\/producto\/padded-jacket-personalizada\/","title":{"rendered":"PADDED JACKET"},"content":{"rendered":"<p data-start=\"316\" data-end=\"673\">La <strong data-start=\"319\" data-end=\"336\">Padded Jacket<\/strong> es una <strong data-start=\"344\" data-end=\"378\">chaqueta acolchada para adulto<\/strong>, dise\u00f1ada para ofrecer <strong data-start=\"402\" data-end=\"455\">protecci\u00f3n t\u00e9rmica, comodidad y un estilo moderno<\/strong> en climas fr\u00edos. Combina diferentes tejidos t\u00e9cnicos para garantizar abrigo, resistencia y libertad de movimiento, convirti\u00e9ndola en una prenda ideal tanto para <strong data-start=\"617\" data-end=\"631\">uso diario<\/strong> como para <strong data-start=\"642\" data-end=\"672\">ropa corporativa o laboral<\/strong>.<\/p>\n<p data-start=\"675\" data-end=\"965\">Incorpora <strong data-start=\"685\" data-end=\"740\">cremallera central a tono con protector de barbilla<\/strong>, aportando confort y seguridad. Su <strong data-start=\"776\" data-end=\"810\">interior con tejido micropolar<\/strong> proporciona una agradable sensaci\u00f3n t\u00e9rmica, mientras que el <strong data-start=\"872\" data-end=\"925\">frontal, los hombros y el bajo trasero acolchados<\/strong> refuerzan la protecci\u00f3n frente al fr\u00edo.<\/p>\n<p data-start=\"967\" data-end=\"1329\">Los <strong data-start=\"971\" data-end=\"1023\">paneles laterales y traseros en tejido softshell<\/strong>, a tono con el color del cuerpo, mejoran la flexibilidad y la transpirabilidad. Cuenta con <strong data-start=\"1115\" data-end=\"1157\">dos bolsillos laterales con cremallera<\/strong>, un <strong data-start=\"1162\" data-end=\"1201\">bolsillo con cremallera en el pecho<\/strong> y un <strong data-start=\"1207\" data-end=\"1263\">bolsillo interior con cremallera en el pecho derecho<\/strong>, ofreciendo practicidad y espacio seguro para objetos personales.<\/p>\n<p data-start=\"1331\" data-end=\"1606\">Los <strong data-start=\"1335\" data-end=\"1366\">pu\u00f1os ajustables con velcro<\/strong> permiten un ajuste personalizado, aumentando el confort t\u00e9rmico. Gracias a su dise\u00f1o y materiales, es ideal para <strong data-start=\"1480\" data-end=\"1527\">personalizaci\u00f3n mediante bordado o transfer<\/strong>, siendo muy utilizada como <strong data-start=\"1555\" data-end=\"1605\">chaqueta corporativa, promocional o de trabajo<\/strong>.<\/p>\n<p data-start=\"1608\" data-end=\"1722\">Disponible en <strong data-start=\"1622\" data-end=\"1635\">5 colores<\/strong> y en tallas desde la <strong data-start=\"1657\" data-end=\"1675\">S hasta la 4XL<\/strong>, se adapta a diferentes estilos y necesidades.<\/p>\n<hr data-start=\"1724\" data-end=\"1727\" \/>\n<h3 data-start=\"1729\" data-end=\"1761\"><strong data-start=\"1733\" data-end=\"1761\">Caracter\u00edsticas t\u00e9cnicas<\/strong><\/h3>\n<ul data-start=\"1762\" data-end=\"2114\">\n<li data-start=\"1762\" data-end=\"1817\">\n<p data-start=\"1764\" data-end=\"1817\">Cremallera central a tono con protector de barbilla<\/p>\n<\/li>\n<li data-start=\"1818\" data-end=\"1852\">\n<p data-start=\"1820\" data-end=\"1852\">Interior con tejido micropolar<\/p>\n<\/li>\n<li data-start=\"1853\" data-end=\"1899\">\n<p data-start=\"1855\" data-end=\"1899\">Frontal, hombros y bajo trasero acolchados<\/p>\n<\/li>\n<li data-start=\"1900\" data-end=\"1945\">\n<p data-start=\"1902\" data-end=\"1945\">Paneles laterales y traseros en softshell<\/p>\n<\/li>\n<li data-start=\"1946\" data-end=\"1988\">\n<p data-start=\"1948\" data-end=\"1988\">Dos bolsillos laterales con cremallera<\/p>\n<\/li>\n<li data-start=\"1989\" data-end=\"2028\">\n<p data-start=\"1991\" data-end=\"2028\">Bolsillo en el pecho con cremallera<\/p>\n<\/li>\n<li data-start=\"2029\" data-end=\"2082\">\n<p data-start=\"2031\" data-end=\"2082\">Bolsillo interior con cremallera en pecho derecho<\/p>\n<\/li>\n<li data-start=\"2083\" data-end=\"2114\">\n<p data-start=\"2085\" data-end=\"2114\">Pu\u00f1os ajustables con velcro<\/p>\n<\/li>\n<\/ul>\n<p>&nbsp;<\/p>\n<hr data-start=\"2116\" data-end=\"2119\" \/>\n<h3 data-start=\"2121\" data-end=\"2140\"><strong data-start=\"2125\" data-end=\"2140\">Composici\u00f3n<\/strong><\/h3>\n<ul data-start=\"2141\" data-end=\"2283\">\n<li data-start=\"2141\" data-end=\"2192\">\n<p data-start=\"2143\" data-end=\"2192\"><strong data-start=\"2143\" data-end=\"2164\">Tejido principal:<\/strong> 100 % poli\u00e9ster reciclado<\/p>\n<\/li>\n<li data-start=\"2193\" data-end=\"2251\">\n<p data-start=\"2195\" data-end=\"2251\"><strong data-start=\"2195\" data-end=\"2209\">Softshell:<\/strong> 94 % poli\u00e9ster reciclado \/ 6 % elastano<\/p>\n<\/li>\n<li data-start=\"2252\" data-end=\"2283\">\n<p data-start=\"2254\" data-end=\"2283\"><strong data-start=\"2254\" data-end=\"2263\">Peso:<\/strong> <strong data-start=\"2264\" data-end=\"2283\">280 g\/m\u00b2 aprox.<\/strong><\/p>\n<\/li>\n<\/ul>\n","protected":false},"excerpt":{"rendered":"<p>Chaqueta acolchada para adulto con interior micropolar y paneles softshell. Ideal para climas fr\u00edos y personalizaci\u00f3n corporativa.<\/p>\n","protected":false},"featured_media":612,"comment_status":"closed","ping_status":"closed","template":"","meta":{"_et_pb_use_builder":"","_et_pb_old_content":"","_et_gb_content_width":"","_joinchat":[]},"product_brand":[],"product_cat":[214,103],"product_tag":[213,143,199,200,196,165],"class_list":{"0":"post-611","1":"product","2":"type-product","3":"status-publish","4":"has-post-thumbnail","6":"product_cat-chaqueta","7":"product_cat-hombre","8":"product_tag-chaqueta","9":"product_tag-confort","10":"product_tag-frio","11":"product_tag-hombre","12":"product_tag-polar","13":"product_tag-poliester","15":"first","16":"instock","17":"taxable","18":"shipping-taxable","19":"purchasable","20":"product-type-variable"},"yoast_head":"<!-- This site is optimized with the Yoast SEO plugin v27.4 - https:\/\/yoast.com\/product\/yoast-seo-wordpress\/ -->\n<title>PADDED JACKET - Imprenta Digital Guzm\u00e1n<\/title>\n<meta name=\"description\" content=\"Chaqueta acolchada para adulto con interior micropolar y paneles softshell. Ideal para climas fr\u00edos y personalizaci\u00f3n corporativa.\" \/>\n<meta name=\"robots\" content=\"index, follow, max-snippet:-1, max-image-preview:large, max-video-preview:-1\" \/>\n<link rel=\"canonical\" href=\"https:\/\/www.imprentadigitalguzman.com\/inicio\/producto\/padded-jacket-personalizada\/\" \/>\n<meta property=\"og:locale\" content=\"es_ES\" \/>\n<meta property=\"og:type\" content=\"article\" \/>\n<meta property=\"og:title\" content=\"PADDED JACKET - Imprenta Digital Guzm\u00e1n\" \/>\n<meta property=\"og:description\" content=\"Chaqueta acolchada para adulto con interior micropolar y paneles softshell. Ideal para climas fr\u00edos y personalizaci\u00f3n corporativa.\" \/>\n<meta property=\"og:url\" content=\"https:\/\/www.imprentadigitalguzman.com\/inicio\/producto\/padded-jacket-personalizada\/\" \/>\n<meta property=\"og:site_name\" content=\"Imprenta Digital Guzm\u00e1n\" \/>\n<meta property=\"article:modified_time\" content=\"2026-03-11T12:23:47+00:00\" \/>\n<meta property=\"og:image\" content=\"https:\/\/www.imprentadigitalguzman.com\/wp-content\/uploads\/2026\/02\/ChatGPT-Image-4-feb-2026-11_02_26.png\" \/>\n\t<meta property=\"og:image:width\" content=\"1024\" \/>\n\t<meta property=\"og:image:height\" content=\"1024\" \/>\n\t<meta property=\"og:image:type\" content=\"image\/png\" \/>\n<meta name=\"twitter:card\" content=\"summary_large_image\" \/>\n<meta name=\"twitter:label1\" content=\"Tiempo de lectura\" \/>\n\t<meta name=\"twitter:data1\" content=\"2 minutos\" \/>\n<script type=\"application\/ld+json\" class=\"yoast-schema-graph\">{\"@context\":\"https:\\\/\\\/schema.org\",\"@graph\":[{\"@type\":\"WebPage\",\"@id\":\"https:\\\/\\\/www.imprentadigitalguzman.com\\\/inicio\\\/producto\\\/padded-jacket-personalizada\\\/\",\"url\":\"https:\\\/\\\/www.imprentadigitalguzman.com\\\/inicio\\\/producto\\\/padded-jacket-personalizada\\\/\",\"name\":\"PADDED JACKET - Imprenta Digital Guzm\u00e1n\",\"isPartOf\":{\"@id\":\"https:\\\/\\\/www.imprentadigitalguzman.com\\\/inicio\\\/#website\"},\"primaryImageOfPage\":{\"@id\":\"https:\\\/\\\/www.imprentadigitalguzman.com\\\/inicio\\\/producto\\\/padded-jacket-personalizada\\\/#primaryimage\"},\"image\":{\"@id\":\"https:\\\/\\\/www.imprentadigitalguzman.com\\\/inicio\\\/producto\\\/padded-jacket-personalizada\\\/#primaryimage\"},\"thumbnailUrl\":\"https:\\\/\\\/www.imprentadigitalguzman.com\\\/wp-content\\\/uploads\\\/2026\\\/02\\\/ChatGPT-Image-4-feb-2026-11_02_26.png\",\"datePublished\":\"2026-02-04T10:04:28+00:00\",\"dateModified\":\"2026-03-11T12:23:47+00:00\",\"description\":\"Chaqueta acolchada para adulto con interior micropolar y paneles softshell. Ideal para climas fr\u00edos y personalizaci\u00f3n corporativa.\",\"breadcrumb\":{\"@id\":\"https:\\\/\\\/www.imprentadigitalguzman.com\\\/inicio\\\/producto\\\/padded-jacket-personalizada\\\/#breadcrumb\"},\"inLanguage\":\"es\",\"potentialAction\":[{\"@type\":\"ReadAction\",\"target\":[\"https:\\\/\\\/www.imprentadigitalguzman.com\\\/inicio\\\/producto\\\/padded-jacket-personalizada\\\/\"]}]},{\"@type\":\"ImageObject\",\"inLanguage\":\"es\",\"@id\":\"https:\\\/\\\/www.imprentadigitalguzman.com\\\/inicio\\\/producto\\\/padded-jacket-personalizada\\\/#primaryimage\",\"url\":\"https:\\\/\\\/www.imprentadigitalguzman.com\\\/wp-content\\\/uploads\\\/2026\\\/02\\\/ChatGPT-Image-4-feb-2026-11_02_26.png\",\"contentUrl\":\"https:\\\/\\\/www.imprentadigitalguzman.com\\\/wp-content\\\/uploads\\\/2026\\\/02\\\/ChatGPT-Image-4-feb-2026-11_02_26.png\",\"width\":1024,\"height\":1024,\"caption\":\"chaqueta-acolchada-personalizables-merchandising-espa\u00f1a-mejor-precio\"},{\"@type\":\"BreadcrumbList\",\"@id\":\"https:\\\/\\\/www.imprentadigitalguzman.com\\\/inicio\\\/producto\\\/padded-jacket-personalizada\\\/#breadcrumb\",\"itemListElement\":[{\"@type\":\"ListItem\",\"position\":1,\"name\":\"Portada\",\"item\":\"https:\\\/\\\/www.imprentadigitalguzman.com\\\/inicio\\\/\"},{\"@type\":\"ListItem\",\"position\":2,\"name\":\"Shop\",\"item\":\"https:\\\/\\\/www.imprentadigitalguzman.com\\\/inicio\\\/shop\\\/\"},{\"@type\":\"ListItem\",\"position\":3,\"name\":\"PADDED JACKET\"}]},{\"@type\":\"WebSite\",\"@id\":\"https:\\\/\\\/www.imprentadigitalguzman.com\\\/inicio\\\/#website\",\"url\":\"https:\\\/\\\/www.imprentadigitalguzman.com\\\/inicio\\\/\",\"name\":\"Imprenta Digital Guzm\u00e1n\",\"description\":\"\",\"potentialAction\":[{\"@type\":\"SearchAction\",\"target\":{\"@type\":\"EntryPoint\",\"urlTemplate\":\"https:\\\/\\\/www.imprentadigitalguzman.com\\\/inicio\\\/?s={search_term_string}\"},\"query-input\":{\"@type\":\"PropertyValueSpecification\",\"valueRequired\":true,\"valueName\":\"search_term_string\"}}],\"inLanguage\":\"es\"}]}<\/script>\n<!-- \/ Yoast SEO plugin. -->","yoast_head_json":{"title":"PADDED JACKET - Imprenta Digital Guzm\u00e1n","description":"Chaqueta acolchada para adulto con interior micropolar y paneles softshell. Ideal para climas fr\u00edos y personalizaci\u00f3n corporativa.","robots":{"index":"index","follow":"follow","max-snippet":"max-snippet:-1","max-image-preview":"max-image-preview:large","max-video-preview":"max-video-preview:-1"},"canonical":"https:\/\/www.imprentadigitalguzman.com\/inicio\/producto\/padded-jacket-personalizada\/","og_locale":"es_ES","og_type":"article","og_title":"PADDED JACKET - Imprenta Digital Guzm\u00e1n","og_description":"Chaqueta acolchada para adulto con interior micropolar y paneles softshell. Ideal para climas fr\u00edos y personalizaci\u00f3n corporativa.","og_url":"https:\/\/www.imprentadigitalguzman.com\/inicio\/producto\/padded-jacket-personalizada\/","og_site_name":"Imprenta Digital Guzm\u00e1n","article_modified_time":"2026-03-11T12:23:47+00:00","og_image":[{"width":1024,"height":1024,"url":"https:\/\/www.imprentadigitalguzman.com\/wp-content\/uploads\/2026\/02\/ChatGPT-Image-4-feb-2026-11_02_26.png","type":"image\/png"}],"twitter_card":"summary_large_image","twitter_misc":{"Tiempo de lectura":"2 minutos"},"schema":{"@context":"https:\/\/schema.org","@graph":[{"@type":"WebPage","@id":"https:\/\/www.imprentadigitalguzman.com\/inicio\/producto\/padded-jacket-personalizada\/","url":"https:\/\/www.imprentadigitalguzman.com\/inicio\/producto\/padded-jacket-personalizada\/","name":"PADDED JACKET - Imprenta Digital Guzm\u00e1n","isPartOf":{"@id":"https:\/\/www.imprentadigitalguzman.com\/inicio\/#website"},"primaryImageOfPage":{"@id":"https:\/\/www.imprentadigitalguzman.com\/inicio\/producto\/padded-jacket-personalizada\/#primaryimage"},"image":{"@id":"https:\/\/www.imprentadigitalguzman.com\/inicio\/producto\/padded-jacket-personalizada\/#primaryimage"},"thumbnailUrl":"https:\/\/www.imprentadigitalguzman.com\/wp-content\/uploads\/2026\/02\/ChatGPT-Image-4-feb-2026-11_02_26.png","datePublished":"2026-02-04T10:04:28+00:00","dateModified":"2026-03-11T12:23:47+00:00","description":"Chaqueta acolchada para adulto con interior micropolar y paneles softshell. Ideal para climas fr\u00edos y personalizaci\u00f3n corporativa.","breadcrumb":{"@id":"https:\/\/www.imprentadigitalguzman.com\/inicio\/producto\/padded-jacket-personalizada\/#breadcrumb"},"inLanguage":"es","potentialAction":[{"@type":"ReadAction","target":["https:\/\/www.imprentadigitalguzman.com\/inicio\/producto\/padded-jacket-personalizada\/"]}]},{"@type":"ImageObject","inLanguage":"es","@id":"https:\/\/www.imprentadigitalguzman.com\/inicio\/producto\/padded-jacket-personalizada\/#primaryimage","url":"https:\/\/www.imprentadigitalguzman.com\/wp-content\/uploads\/2026\/02\/ChatGPT-Image-4-feb-2026-11_02_26.png","contentUrl":"https:\/\/www.imprentadigitalguzman.com\/wp-content\/uploads\/2026\/02\/ChatGPT-Image-4-feb-2026-11_02_26.png","width":1024,"height":1024,"caption":"chaqueta-acolchada-personalizables-merchandising-espa\u00f1a-mejor-precio"},{"@type":"BreadcrumbList","@id":"https:\/\/www.imprentadigitalguzman.com\/inicio\/producto\/padded-jacket-personalizada\/#breadcrumb","itemListElement":[{"@type":"ListItem","position":1,"name":"Portada","item":"https:\/\/www.imprentadigitalguzman.com\/inicio\/"},{"@type":"ListItem","position":2,"name":"Shop","item":"https:\/\/www.imprentadigitalguzman.com\/inicio\/shop\/"},{"@type":"ListItem","position":3,"name":"PADDED JACKET"}]},{"@type":"WebSite","@id":"https:\/\/www.imprentadigitalguzman.com\/inicio\/#website","url":"https:\/\/www.imprentadigitalguzman.com\/inicio\/","name":"Imprenta Digital Guzm\u00e1n","description":"","potentialAction":[{"@type":"SearchAction","target":{"@type":"EntryPoint","urlTemplate":"https:\/\/www.imprentadigitalguzman.com\/inicio\/?s={search_term_string}"},"query-input":{"@type":"PropertyValueSpecification","valueRequired":true,"valueName":"search_term_string"}}],"inLanguage":"es"}]}},"_links":{"self":[{"href":"https:\/\/www.imprentadigitalguzman.com\/inicio\/wp-json\/wp\/v2\/product\/611","targetHints":{"allow":["GET"]}}],"collection":[{"href":"https:\/\/www.imprentadigitalguzman.com\/inicio\/wp-json\/wp\/v2\/product"}],"about":[{"href":"https:\/\/www.imprentadigitalguzman.com\/inicio\/wp-json\/wp\/v2\/types\/product"}],"replies":[{"embeddable":true,"href":"https:\/\/www.imprentadigitalguzman.com\/inicio\/wp-json\/wp\/v2\/comments?post=611"}],"wp:featuredmedia":[{"embeddable":true,"href":"https:\/\/www.imprentadigitalguzman.com\/inicio\/wp-json\/wp\/v2\/media\/612"}],"wp:attachment":[{"href":"https:\/\/www.imprentadigitalguzman.com\/inicio\/wp-json\/wp\/v2\/media?parent=611"}],"wp:term":[{"taxonomy":"product_brand","embeddable":true,"href":"https:\/\/www.imprentadigitalguzman.com\/inicio\/wp-json\/wp\/v2\/product_brand?post=611"},{"taxonomy":"product_cat","embeddable":true,"href":"https:\/\/www.imprentadigitalguzman.com\/inicio\/wp-json\/wp\/v2\/product_cat?post=611"},{"taxonomy":"product_tag","embeddable":true,"href":"https:\/\/www.imprentadigitalguzman.com\/inicio\/wp-json\/wp\/v2\/product_tag?post=611"}],"curies":[{"name":"wp","href":"https:\/\/api.w.org\/{rel}","templated":true}]}}