{"id":593,"date":"2026-02-04T09:52:19","date_gmt":"2026-02-04T09:52:19","guid":{"rendered":"https:\/\/www.imprentadigitalguzman.com\/inicio\/?post_type=product&#038;p=593"},"modified":"2026-03-11T12:25:13","modified_gmt":"2026-03-11T12:25:13","slug":"polar-fleece-lady-personalizado","status":"publish","type":"product","link":"https:\/\/www.imprentadigitalguzman.com\/inicio\/producto\/polar-fleece-lady-personalizado\/","title":{"rendered":"POLAR FLEECE LADY"},"content":{"rendered":"<p data-start=\"310\" data-end=\"677\">El <strong data-start=\"313\" data-end=\"334\">Polar Fleece Lady<\/strong> es un <strong data-start=\"341\" data-end=\"399\">forro polar entallado para mujer con cremallera entera<\/strong>, dise\u00f1ado para ofrecer <strong data-start=\"423\" data-end=\"480\">protecci\u00f3n t\u00e9rmica, comodidad y un ajuste favorecedor<\/strong> en entornos fr\u00edos. Confeccionado en <strong data-start=\"517\" data-end=\"546\">100 % poli\u00e9ster reciclado<\/strong>, combina funcionalidad y sostenibilidad, siendo ideal para <strong data-start=\"606\" data-end=\"676\">trabajos en exteriores, actividades de monta\u00f1a o uso al aire libre<\/strong>.<\/p>\n<p data-start=\"679\" data-end=\"1011\">Su <strong data-start=\"682\" data-end=\"716\">acabado micropolar antipilling<\/strong> evita la aparici\u00f3n de \u201cbolitas\u201d, manteniendo la prenda con un aspecto cuidado incluso tras un uso intensivo. Incorpora <strong data-start=\"836\" data-end=\"874\">bolsillos laterales con cremallera<\/strong>, <strong data-start=\"876\" data-end=\"895\">pu\u00f1os el\u00e1sticos<\/strong> y <strong data-start=\"898\" data-end=\"928\">cord\u00f3n de ajuste con topes<\/strong> en el bajo, permitiendo un ajuste regulable y una mayor protecci\u00f3n frente al fr\u00edo.<\/p>\n<p data-start=\"1013\" data-end=\"1294\">El <strong data-start=\"1016\" data-end=\"1047\">corte ligeramente entallado<\/strong> aporta una silueta c\u00f3moda y femenina sin limitar el movimiento. Gracias a su superficie y estructura, es ideal para <strong data-start=\"1164\" data-end=\"1211\">personalizaci\u00f3n mediante bordado o transfer<\/strong>, siendo una prenda muy utilizada como <strong data-start=\"1250\" data-end=\"1293\">ropa laboral, corporativa o promocional<\/strong>.<\/p>\n<p data-start=\"1296\" data-end=\"1429\">Disponible en <strong data-start=\"1310\" data-end=\"1324\">18 colores<\/strong> y en tallas desde la <strong data-start=\"1346\" data-end=\"1365\">XS hasta la XXL<\/strong>, este forro polar se adapta a diferentes necesidades y equipos.<\/p>\n<p data-start=\"1431\" data-end=\"1564\">Con un <strong data-start=\"1438\" data-end=\"1472\">gramaje aproximado de 300 g\/m\u00b2<\/strong>, ofrece una excelente capacidad t\u00e9rmica con un equilibrio perfecto entre abrigo y ligereza.<\/p>\n<p data-start=\"1431\" data-end=\"1564\">\n<hr data-start=\"1566\" data-end=\"1569\" \/>\n<h3 data-start=\"1571\" data-end=\"1603\"><strong data-start=\"1575\" data-end=\"1603\">Caracter\u00edsticas t\u00e9cnicas<\/strong><\/h3>\n<ul data-start=\"1604\" data-end=\"1813\">\n<li data-start=\"1604\" data-end=\"1625\">\n<p data-start=\"1606\" data-end=\"1625\">Cremallera entera<\/p>\n<\/li>\n<li data-start=\"1626\" data-end=\"1664\">\n<p data-start=\"1628\" data-end=\"1664\">Bolsillos laterales con cremallera<\/p>\n<\/li>\n<li data-start=\"1665\" data-end=\"1696\">\n<p data-start=\"1667\" data-end=\"1696\">Corte ligeramente entallado<\/p>\n<\/li>\n<li data-start=\"1697\" data-end=\"1731\">\n<p data-start=\"1699\" data-end=\"1731\">Acabado micropolar antipilling<\/p>\n<\/li>\n<li data-start=\"1732\" data-end=\"1762\">\n<p data-start=\"1734\" data-end=\"1762\">Cord\u00f3n de ajuste con topes<\/p>\n<\/li>\n<li data-start=\"1763\" data-end=\"1782\">\n<p data-start=\"1765\" data-end=\"1782\">Pu\u00f1os el\u00e1sticos<\/p>\n<\/li>\n<li data-start=\"1783\" data-end=\"1813\">\n<p data-start=\"1785\" data-end=\"1813\">Gramaje: <strong data-start=\"1794\" data-end=\"1813\">300 g\/m\u00b2 aprox.<\/strong><\/p>\n<\/li>\n<\/ul>\n<p>&nbsp;<\/p>\n<hr data-start=\"1815\" data-end=\"1818\" \/>\n<h3 data-start=\"1820\" data-end=\"1839\"><strong data-start=\"1824\" data-end=\"1839\">Composici\u00f3n<\/strong><\/h3>\n<ul data-start=\"1840\" data-end=\"1871\">\n<li data-start=\"1840\" data-end=\"1871\">\n<p data-start=\"1842\" data-end=\"1871\"><strong data-start=\"1842\" data-end=\"1871\">100 % poli\u00e9ster reciclado<\/strong><\/p>\n<\/li>\n<\/ul>\n","protected":false},"excerpt":{"rendered":"<p>Forro polar de mujer entallado en poli\u00e9ster reciclado, con acabado antipilling y alta protecci\u00f3n t\u00e9rmica. Ideal para exteriores y personalizaci\u00f3n textil.<\/p>\n","protected":false},"featured_media":594,"comment_status":"closed","ping_status":"closed","template":"","meta":{"_et_pb_use_builder":"","_et_pb_old_content":"","_et_gb_content_width":"","_joinchat":[]},"product_brand":[],"product_cat":[129,212],"product_tag":[198,109,199,211,139,138,196],"class_list":{"0":"post-593","1":"product","2":"type-product","3":"status-publish","4":"has-post-thumbnail","6":"product_cat-mujer","7":"product_cat-polar-mujer","8":"product_tag-antipilin","9":"product_tag-etiqueta-removible","10":"product_tag-frio","11":"product_tag-micropolar","12":"product_tag-mujer","13":"product_tag-personalizar","14":"product_tag-polar","16":"first","17":"instock","18":"taxable","19":"shipping-taxable","20":"purchasable","21":"product-type-variable"},"yoast_head":"<!-- This site is optimized with the Yoast SEO plugin v27.4 - https:\/\/yoast.com\/product\/yoast-seo-wordpress\/ -->\n<title>POLAR FLEECE LADY - Imprenta Digital Guzm\u00e1n<\/title>\n<meta name=\"description\" content=\"Forro polar de mujer con cremallera entera, poli\u00e9ster reciclado y acabado antipilling. Ideal para trabajos en exteriores y personalizaci\u00f3n textil.\" \/>\n<meta name=\"robots\" content=\"index, follow, max-snippet:-1, max-image-preview:large, max-video-preview:-1\" \/>\n<link rel=\"canonical\" href=\"https:\/\/www.imprentadigitalguzman.com\/inicio\/producto\/polar-fleece-lady-personalizado\/\" \/>\n<meta property=\"og:locale\" content=\"es_ES\" \/>\n<meta property=\"og:type\" content=\"article\" \/>\n<meta property=\"og:title\" content=\"POLAR FLEECE LADY - Imprenta Digital Guzm\u00e1n\" \/>\n<meta property=\"og:description\" content=\"Forro polar de mujer con cremallera entera, poli\u00e9ster reciclado y acabado antipilling. Ideal para trabajos en exteriores y personalizaci\u00f3n textil.\" \/>\n<meta property=\"og:url\" content=\"https:\/\/www.imprentadigitalguzman.com\/inicio\/producto\/polar-fleece-lady-personalizado\/\" \/>\n<meta property=\"og:site_name\" content=\"Imprenta Digital Guzm\u00e1n\" \/>\n<meta property=\"article:modified_time\" content=\"2026-03-11T12:25:13+00:00\" \/>\n<meta property=\"og:image\" content=\"https:\/\/www.imprentadigitalguzman.com\/wp-content\/uploads\/2026\/02\/ChatGPT-Image-4-feb-2026-10_49_17.png\" \/>\n\t<meta property=\"og:image:width\" content=\"1024\" \/>\n\t<meta property=\"og:image:height\" content=\"1024\" \/>\n\t<meta property=\"og:image:type\" content=\"image\/png\" \/>\n<meta name=\"twitter:card\" content=\"summary_large_image\" \/>\n<meta name=\"twitter:label1\" content=\"Tiempo de lectura\" \/>\n\t<meta name=\"twitter:data1\" content=\"2 minutos\" \/>\n<script type=\"application\/ld+json\" class=\"yoast-schema-graph\">{\"@context\":\"https:\\\/\\\/schema.org\",\"@graph\":[{\"@type\":\"WebPage\",\"@id\":\"https:\\\/\\\/www.imprentadigitalguzman.com\\\/inicio\\\/producto\\\/polar-fleece-lady-personalizado\\\/\",\"url\":\"https:\\\/\\\/www.imprentadigitalguzman.com\\\/inicio\\\/producto\\\/polar-fleece-lady-personalizado\\\/\",\"name\":\"POLAR FLEECE LADY - Imprenta Digital Guzm\u00e1n\",\"isPartOf\":{\"@id\":\"https:\\\/\\\/www.imprentadigitalguzman.com\\\/inicio\\\/#website\"},\"primaryImageOfPage\":{\"@id\":\"https:\\\/\\\/www.imprentadigitalguzman.com\\\/inicio\\\/producto\\\/polar-fleece-lady-personalizado\\\/#primaryimage\"},\"image\":{\"@id\":\"https:\\\/\\\/www.imprentadigitalguzman.com\\\/inicio\\\/producto\\\/polar-fleece-lady-personalizado\\\/#primaryimage\"},\"thumbnailUrl\":\"https:\\\/\\\/www.imprentadigitalguzman.com\\\/wp-content\\\/uploads\\\/2026\\\/02\\\/ChatGPT-Image-4-feb-2026-10_49_17.png\",\"datePublished\":\"2026-02-04T09:52:19+00:00\",\"dateModified\":\"2026-03-11T12:25:13+00:00\",\"description\":\"Forro polar de mujer con cremallera entera, poli\u00e9ster reciclado y acabado antipilling. Ideal para trabajos en exteriores y personalizaci\u00f3n textil.\",\"breadcrumb\":{\"@id\":\"https:\\\/\\\/www.imprentadigitalguzman.com\\\/inicio\\\/producto\\\/polar-fleece-lady-personalizado\\\/#breadcrumb\"},\"inLanguage\":\"es\",\"potentialAction\":[{\"@type\":\"ReadAction\",\"target\":[\"https:\\\/\\\/www.imprentadigitalguzman.com\\\/inicio\\\/producto\\\/polar-fleece-lady-personalizado\\\/\"]}]},{\"@type\":\"ImageObject\",\"inLanguage\":\"es\",\"@id\":\"https:\\\/\\\/www.imprentadigitalguzman.com\\\/inicio\\\/producto\\\/polar-fleece-lady-personalizado\\\/#primaryimage\",\"url\":\"https:\\\/\\\/www.imprentadigitalguzman.com\\\/wp-content\\\/uploads\\\/2026\\\/02\\\/ChatGPT-Image-4-feb-2026-10_49_17.png\",\"contentUrl\":\"https:\\\/\\\/www.imprentadigitalguzman.com\\\/wp-content\\\/uploads\\\/2026\\\/02\\\/ChatGPT-Image-4-feb-2026-10_49_17.png\",\"width\":1024,\"height\":1024,\"caption\":\"forro-polar-personalizables-merchandising-espa\u00f1a-mejor-precio\"},{\"@type\":\"BreadcrumbList\",\"@id\":\"https:\\\/\\\/www.imprentadigitalguzman.com\\\/inicio\\\/producto\\\/polar-fleece-lady-personalizado\\\/#breadcrumb\",\"itemListElement\":[{\"@type\":\"ListItem\",\"position\":1,\"name\":\"Portada\",\"item\":\"https:\\\/\\\/www.imprentadigitalguzman.com\\\/inicio\\\/\"},{\"@type\":\"ListItem\",\"position\":2,\"name\":\"Shop\",\"item\":\"https:\\\/\\\/www.imprentadigitalguzman.com\\\/inicio\\\/shop\\\/\"},{\"@type\":\"ListItem\",\"position\":3,\"name\":\"POLAR FLEECE LADY\"}]},{\"@type\":\"WebSite\",\"@id\":\"https:\\\/\\\/www.imprentadigitalguzman.com\\\/inicio\\\/#website\",\"url\":\"https:\\\/\\\/www.imprentadigitalguzman.com\\\/inicio\\\/\",\"name\":\"Imprenta Digital Guzm\u00e1n\",\"description\":\"\",\"potentialAction\":[{\"@type\":\"SearchAction\",\"target\":{\"@type\":\"EntryPoint\",\"urlTemplate\":\"https:\\\/\\\/www.imprentadigitalguzman.com\\\/inicio\\\/?s={search_term_string}\"},\"query-input\":{\"@type\":\"PropertyValueSpecification\",\"valueRequired\":true,\"valueName\":\"search_term_string\"}}],\"inLanguage\":\"es\"}]}<\/script>\n<!-- \/ Yoast SEO plugin. -->","yoast_head_json":{"title":"POLAR FLEECE LADY - Imprenta Digital Guzm\u00e1n","description":"Forro polar de mujer con cremallera entera, poli\u00e9ster reciclado y acabado antipilling. Ideal para trabajos en exteriores y personalizaci\u00f3n textil.","robots":{"index":"index","follow":"follow","max-snippet":"max-snippet:-1","max-image-preview":"max-image-preview:large","max-video-preview":"max-video-preview:-1"},"canonical":"https:\/\/www.imprentadigitalguzman.com\/inicio\/producto\/polar-fleece-lady-personalizado\/","og_locale":"es_ES","og_type":"article","og_title":"POLAR FLEECE LADY - Imprenta Digital Guzm\u00e1n","og_description":"Forro polar de mujer con cremallera entera, poli\u00e9ster reciclado y acabado antipilling. Ideal para trabajos en exteriores y personalizaci\u00f3n textil.","og_url":"https:\/\/www.imprentadigitalguzman.com\/inicio\/producto\/polar-fleece-lady-personalizado\/","og_site_name":"Imprenta Digital Guzm\u00e1n","article_modified_time":"2026-03-11T12:25:13+00:00","og_image":[{"width":1024,"height":1024,"url":"https:\/\/www.imprentadigitalguzman.com\/wp-content\/uploads\/2026\/02\/ChatGPT-Image-4-feb-2026-10_49_17.png","type":"image\/png"}],"twitter_card":"summary_large_image","twitter_misc":{"Tiempo de lectura":"2 minutos"},"schema":{"@context":"https:\/\/schema.org","@graph":[{"@type":"WebPage","@id":"https:\/\/www.imprentadigitalguzman.com\/inicio\/producto\/polar-fleece-lady-personalizado\/","url":"https:\/\/www.imprentadigitalguzman.com\/inicio\/producto\/polar-fleece-lady-personalizado\/","name":"POLAR FLEECE LADY - Imprenta Digital Guzm\u00e1n","isPartOf":{"@id":"https:\/\/www.imprentadigitalguzman.com\/inicio\/#website"},"primaryImageOfPage":{"@id":"https:\/\/www.imprentadigitalguzman.com\/inicio\/producto\/polar-fleece-lady-personalizado\/#primaryimage"},"image":{"@id":"https:\/\/www.imprentadigitalguzman.com\/inicio\/producto\/polar-fleece-lady-personalizado\/#primaryimage"},"thumbnailUrl":"https:\/\/www.imprentadigitalguzman.com\/wp-content\/uploads\/2026\/02\/ChatGPT-Image-4-feb-2026-10_49_17.png","datePublished":"2026-02-04T09:52:19+00:00","dateModified":"2026-03-11T12:25:13+00:00","description":"Forro polar de mujer con cremallera entera, poli\u00e9ster reciclado y acabado antipilling. Ideal para trabajos en exteriores y personalizaci\u00f3n textil.","breadcrumb":{"@id":"https:\/\/www.imprentadigitalguzman.com\/inicio\/producto\/polar-fleece-lady-personalizado\/#breadcrumb"},"inLanguage":"es","potentialAction":[{"@type":"ReadAction","target":["https:\/\/www.imprentadigitalguzman.com\/inicio\/producto\/polar-fleece-lady-personalizado\/"]}]},{"@type":"ImageObject","inLanguage":"es","@id":"https:\/\/www.imprentadigitalguzman.com\/inicio\/producto\/polar-fleece-lady-personalizado\/#primaryimage","url":"https:\/\/www.imprentadigitalguzman.com\/wp-content\/uploads\/2026\/02\/ChatGPT-Image-4-feb-2026-10_49_17.png","contentUrl":"https:\/\/www.imprentadigitalguzman.com\/wp-content\/uploads\/2026\/02\/ChatGPT-Image-4-feb-2026-10_49_17.png","width":1024,"height":1024,"caption":"forro-polar-personalizables-merchandising-espa\u00f1a-mejor-precio"},{"@type":"BreadcrumbList","@id":"https:\/\/www.imprentadigitalguzman.com\/inicio\/producto\/polar-fleece-lady-personalizado\/#breadcrumb","itemListElement":[{"@type":"ListItem","position":1,"name":"Portada","item":"https:\/\/www.imprentadigitalguzman.com\/inicio\/"},{"@type":"ListItem","position":2,"name":"Shop","item":"https:\/\/www.imprentadigitalguzman.com\/inicio\/shop\/"},{"@type":"ListItem","position":3,"name":"POLAR FLEECE LADY"}]},{"@type":"WebSite","@id":"https:\/\/www.imprentadigitalguzman.com\/inicio\/#website","url":"https:\/\/www.imprentadigitalguzman.com\/inicio\/","name":"Imprenta Digital Guzm\u00e1n","description":"","potentialAction":[{"@type":"SearchAction","target":{"@type":"EntryPoint","urlTemplate":"https:\/\/www.imprentadigitalguzman.com\/inicio\/?s={search_term_string}"},"query-input":{"@type":"PropertyValueSpecification","valueRequired":true,"valueName":"search_term_string"}}],"inLanguage":"es"}]}},"_links":{"self":[{"href":"https:\/\/www.imprentadigitalguzman.com\/inicio\/wp-json\/wp\/v2\/product\/593","targetHints":{"allow":["GET"]}}],"collection":[{"href":"https:\/\/www.imprentadigitalguzman.com\/inicio\/wp-json\/wp\/v2\/product"}],"about":[{"href":"https:\/\/www.imprentadigitalguzman.com\/inicio\/wp-json\/wp\/v2\/types\/product"}],"replies":[{"embeddable":true,"href":"https:\/\/www.imprentadigitalguzman.com\/inicio\/wp-json\/wp\/v2\/comments?post=593"}],"wp:featuredmedia":[{"embeddable":true,"href":"https:\/\/www.imprentadigitalguzman.com\/inicio\/wp-json\/wp\/v2\/media\/594"}],"wp:attachment":[{"href":"https:\/\/www.imprentadigitalguzman.com\/inicio\/wp-json\/wp\/v2\/media?parent=593"}],"wp:term":[{"taxonomy":"product_brand","embeddable":true,"href":"https:\/\/www.imprentadigitalguzman.com\/inicio\/wp-json\/wp\/v2\/product_brand?post=593"},{"taxonomy":"product_cat","embeddable":true,"href":"https:\/\/www.imprentadigitalguzman.com\/inicio\/wp-json\/wp\/v2\/product_cat?post=593"},{"taxonomy":"product_tag","embeddable":true,"href":"https:\/\/www.imprentadigitalguzman.com\/inicio\/wp-json\/wp\/v2\/product_tag?post=593"}],"curies":[{"name":"wp","href":"https:\/\/api.w.org\/{rel}","templated":true}]}}