{"id":571,"date":"2026-02-04T09:35:23","date_gmt":"2026-02-04T09:35:23","guid":{"rendered":"https:\/\/www.imprentadigitalguzman.com\/inicio\/?post_type=product&#038;p=571"},"modified":"2026-03-11T12:27:08","modified_gmt":"2026-03-11T12:27:08","slug":"forro-polar-unisex-reforzado-personalizado","status":"publish","type":"product","link":"https:\/\/www.imprentadigitalguzman.com\/inicio\/producto\/forro-polar-unisex-reforzado-personalizado\/","title":{"rendered":"POLAR FLEECE 340"},"content":{"rendered":"<p data-start=\"333\" data-end=\"579\">El <strong data-start=\"336\" data-end=\"368\">forro polar reforzado<\/strong> es una prenda t\u00e9cnica dise\u00f1ada para ofrecer <strong data-start=\"413\" data-end=\"478\">m\u00e1xima protecci\u00f3n contra el fr\u00edo, resistencia y funcionalidad<\/strong>, especialmente indicada para <strong data-start=\"508\" data-end=\"578\">trabajos en exteriores, actividades de monta\u00f1a o uso al aire libre<\/strong>.<\/p>\n<p data-start=\"581\" data-end=\"885\">Confeccionado en <strong data-start=\"598\" data-end=\"617\">100 % poli\u00e9ster<\/strong> y con un <strong data-start=\"627\" data-end=\"655\">gramaje alto de 340 g\/m\u00b2<\/strong>, proporciona un excelente aislamiento t\u00e9rmico sin comprometer la comodidad. Incorpora <strong data-start=\"742\" data-end=\"774\">refuerzos en hombros y codos<\/strong>, lo que aumenta su durabilidad en zonas de mayor desgaste, haci\u00e9ndolo ideal para un uso profesional intensivo.<\/p>\n<p data-start=\"887\" data-end=\"1223\">Cuenta con <strong data-start=\"898\" data-end=\"919\">cremallera entera<\/strong>, <strong data-start=\"921\" data-end=\"959\">bolsillos laterales con cremallera<\/strong> y un <strong data-start=\"965\" data-end=\"1012\">bolsillo con cremallera en el pecho derecho<\/strong>, aportando practicidad y seguridad para objetos personales o herramientas. El <strong data-start=\"1091\" data-end=\"1125\">acabado micropolar antipilling<\/strong> evita la aparici\u00f3n de \u201cbolitas\u201d, manteniendo la prenda en perfecto estado tras el uso continuado.<\/p>\n<p data-start=\"1225\" data-end=\"1525\">Adem\u00e1s, incluye <strong data-start=\"1241\" data-end=\"1271\">cord\u00f3n de ajuste con topes<\/strong> en el bajo, permitiendo regular el ajuste y mejorar la protecci\u00f3n frente al fr\u00edo. Gracias a su superficie y estructura, es ideal para <strong data-start=\"1406\" data-end=\"1453\">personalizaci\u00f3n mediante bordado o transfer<\/strong>, siendo muy utilizada como <strong data-start=\"1481\" data-end=\"1524\">ropa laboral, corporativa o promocional<\/strong>.<\/p>\n<p data-start=\"1527\" data-end=\"1644\">Disponible en <strong data-start=\"1541\" data-end=\"1554\">8 colores<\/strong> y en tallas desde la <strong data-start=\"1576\" data-end=\"1595\">XS hasta la 5XL<\/strong>, se adapta a todo tipo de cuerpos y necesidades.<\/p>\n<h3 data-start=\"1651\" data-end=\"1683\"><strong data-start=\"1655\" data-end=\"1683\">Caracter\u00edsticas t\u00e9cnicas<\/strong><\/h3>\n<ul data-start=\"1684\" data-end=\"1918\">\n<li data-start=\"1684\" data-end=\"1705\">\n<p data-start=\"1686\" data-end=\"1705\">Cremallera entera<\/p>\n<\/li>\n<li data-start=\"1706\" data-end=\"1744\">\n<p data-start=\"1708\" data-end=\"1744\">Bolsillos laterales con cremallera<\/p>\n<\/li>\n<li data-start=\"1745\" data-end=\"1789\">\n<p data-start=\"1747\" data-end=\"1789\">Bolsillo en pecho derecho con cremallera<\/p>\n<\/li>\n<li data-start=\"1790\" data-end=\"1821\">\n<p data-start=\"1792\" data-end=\"1821\">Refuerzo en hombros y codos<\/p>\n<\/li>\n<li data-start=\"1822\" data-end=\"1856\">\n<p data-start=\"1824\" data-end=\"1856\">Acabado micropolar antipilling<\/p>\n<\/li>\n<li data-start=\"1857\" data-end=\"1887\">\n<p data-start=\"1859\" data-end=\"1887\">Cord\u00f3n de ajuste con topes<\/p>\n<\/li>\n<li data-start=\"1888\" data-end=\"1918\">\n<p data-start=\"1890\" data-end=\"1918\">Gramaje: <strong data-start=\"1899\" data-end=\"1918\">340 g\/m\u00b2 aprox.<\/strong><\/p>\n<\/li>\n<\/ul>\n<p>&nbsp;<\/p>\n<hr data-start=\"1920\" data-end=\"1923\" \/>\n<h3 data-start=\"1925\" data-end=\"1944\"><strong data-start=\"1929\" data-end=\"1944\">Composici\u00f3n<\/strong><\/h3>\n<ul data-start=\"1945\" data-end=\"1966\">\n<li data-start=\"1945\" data-end=\"1966\">\n<p data-start=\"1947\" data-end=\"1966\"><strong data-start=\"1947\" data-end=\"1966\">100 % poli\u00e9ster<\/strong><\/p>\n<\/li>\n<\/ul>\n","protected":false},"excerpt":{"rendered":"<p>Forro polar unisex de alto gramaje con refuerzos, bolsillos con cremallera y acabado antipilling. Ideal para trabajos en exteriores y personalizaci\u00f3n textil.<\/p>\n","protected":false},"featured_media":581,"comment_status":"closed","ping_status":"closed","template":"","meta":{"_et_pb_use_builder":"","_et_pb_old_content":"","_et_gb_content_width":"","_joinchat":[]},"product_brand":[],"product_cat":[201],"product_tag":[143,152,196,174,192,133],"class_list":{"0":"post-571","1":"product","2":"type-product","3":"status-publish","4":"has-post-thumbnail","6":"product_cat-forro-polar","7":"product_tag-confort","8":"product_tag-personalizara","9":"product_tag-polar","10":"product_tag-polo","11":"product_tag-polo-premium","12":"product_tag-unisex","14":"first","15":"instock","16":"taxable","17":"shipping-taxable","18":"purchasable","19":"product-type-variable"},"yoast_head":"<!-- This site is optimized with the Yoast SEO plugin v27.4 - https:\/\/yoast.com\/product\/yoast-seo-wordpress\/ -->\n<title>POLAR FLEECE 340 - Imprenta Digital Guzm\u00e1n<\/title>\n<meta name=\"description\" content=\"Forro polar unisex de 340 g con refuerzos y bolsillos con cremallera. Ideal para trabajos en exteriores, monta\u00f1a y personalizaci\u00f3n textil.\" \/>\n<meta name=\"robots\" content=\"index, follow, max-snippet:-1, max-image-preview:large, max-video-preview:-1\" \/>\n<link rel=\"canonical\" href=\"https:\/\/www.imprentadigitalguzman.com\/inicio\/producto\/forro-polar-unisex-reforzado-personalizado\/\" \/>\n<meta property=\"og:locale\" content=\"es_ES\" \/>\n<meta property=\"og:type\" content=\"article\" \/>\n<meta property=\"og:title\" content=\"POLAR FLEECE 340 - Imprenta Digital Guzm\u00e1n\" \/>\n<meta property=\"og:description\" content=\"Forro polar unisex de 340 g con refuerzos y bolsillos con cremallera. Ideal para trabajos en exteriores, monta\u00f1a y personalizaci\u00f3n textil.\" \/>\n<meta property=\"og:url\" content=\"https:\/\/www.imprentadigitalguzman.com\/inicio\/producto\/forro-polar-unisex-reforzado-personalizado\/\" \/>\n<meta property=\"og:site_name\" content=\"Imprenta Digital Guzm\u00e1n\" \/>\n<meta property=\"article:modified_time\" content=\"2026-03-11T12:27:08+00:00\" \/>\n<meta property=\"og:image\" content=\"https:\/\/www.imprentadigitalguzman.com\/wp-content\/uploads\/2026\/02\/ChatGPT-Image-4-feb-2026-10_34_03.png\" \/>\n\t<meta property=\"og:image:width\" content=\"1024\" \/>\n\t<meta property=\"og:image:height\" content=\"1024\" \/>\n\t<meta property=\"og:image:type\" content=\"image\/png\" \/>\n<meta name=\"twitter:card\" content=\"summary_large_image\" \/>\n<meta name=\"twitter:label1\" content=\"Tiempo de lectura\" \/>\n\t<meta name=\"twitter:data1\" content=\"2 minutos\" \/>\n<script type=\"application\/ld+json\" class=\"yoast-schema-graph\">{\"@context\":\"https:\\\/\\\/schema.org\",\"@graph\":[{\"@type\":\"WebPage\",\"@id\":\"https:\\\/\\\/www.imprentadigitalguzman.com\\\/inicio\\\/producto\\\/forro-polar-unisex-reforzado-personalizado\\\/\",\"url\":\"https:\\\/\\\/www.imprentadigitalguzman.com\\\/inicio\\\/producto\\\/forro-polar-unisex-reforzado-personalizado\\\/\",\"name\":\"POLAR FLEECE 340 - Imprenta Digital Guzm\u00e1n\",\"isPartOf\":{\"@id\":\"https:\\\/\\\/www.imprentadigitalguzman.com\\\/inicio\\\/#website\"},\"primaryImageOfPage\":{\"@id\":\"https:\\\/\\\/www.imprentadigitalguzman.com\\\/inicio\\\/producto\\\/forro-polar-unisex-reforzado-personalizado\\\/#primaryimage\"},\"image\":{\"@id\":\"https:\\\/\\\/www.imprentadigitalguzman.com\\\/inicio\\\/producto\\\/forro-polar-unisex-reforzado-personalizado\\\/#primaryimage\"},\"thumbnailUrl\":\"https:\\\/\\\/www.imprentadigitalguzman.com\\\/wp-content\\\/uploads\\\/2026\\\/02\\\/ChatGPT-Image-4-feb-2026-10_34_03.png\",\"datePublished\":\"2026-02-04T09:35:23+00:00\",\"dateModified\":\"2026-03-11T12:27:08+00:00\",\"description\":\"Forro polar unisex de 340 g con refuerzos y bolsillos con cremallera. Ideal para trabajos en exteriores, monta\u00f1a y personalizaci\u00f3n textil.\",\"breadcrumb\":{\"@id\":\"https:\\\/\\\/www.imprentadigitalguzman.com\\\/inicio\\\/producto\\\/forro-polar-unisex-reforzado-personalizado\\\/#breadcrumb\"},\"inLanguage\":\"es\",\"potentialAction\":[{\"@type\":\"ReadAction\",\"target\":[\"https:\\\/\\\/www.imprentadigitalguzman.com\\\/inicio\\\/producto\\\/forro-polar-unisex-reforzado-personalizado\\\/\"]}]},{\"@type\":\"ImageObject\",\"inLanguage\":\"es\",\"@id\":\"https:\\\/\\\/www.imprentadigitalguzman.com\\\/inicio\\\/producto\\\/forro-polar-unisex-reforzado-personalizado\\\/#primaryimage\",\"url\":\"https:\\\/\\\/www.imprentadigitalguzman.com\\\/wp-content\\\/uploads\\\/2026\\\/02\\\/ChatGPT-Image-4-feb-2026-10_34_03.png\",\"contentUrl\":\"https:\\\/\\\/www.imprentadigitalguzman.com\\\/wp-content\\\/uploads\\\/2026\\\/02\\\/ChatGPT-Image-4-feb-2026-10_34_03.png\",\"width\":1024,\"height\":1024,\"caption\":\"forro-polar-personalizables-merchandising-espa\u00f1a-mejor-precio\"},{\"@type\":\"BreadcrumbList\",\"@id\":\"https:\\\/\\\/www.imprentadigitalguzman.com\\\/inicio\\\/producto\\\/forro-polar-unisex-reforzado-personalizado\\\/#breadcrumb\",\"itemListElement\":[{\"@type\":\"ListItem\",\"position\":1,\"name\":\"Portada\",\"item\":\"https:\\\/\\\/www.imprentadigitalguzman.com\\\/inicio\\\/\"},{\"@type\":\"ListItem\",\"position\":2,\"name\":\"Shop\",\"item\":\"https:\\\/\\\/www.imprentadigitalguzman.com\\\/inicio\\\/shop\\\/\"},{\"@type\":\"ListItem\",\"position\":3,\"name\":\"POLAR FLEECE 340\"}]},{\"@type\":\"WebSite\",\"@id\":\"https:\\\/\\\/www.imprentadigitalguzman.com\\\/inicio\\\/#website\",\"url\":\"https:\\\/\\\/www.imprentadigitalguzman.com\\\/inicio\\\/\",\"name\":\"Imprenta Digital Guzm\u00e1n\",\"description\":\"\",\"potentialAction\":[{\"@type\":\"SearchAction\",\"target\":{\"@type\":\"EntryPoint\",\"urlTemplate\":\"https:\\\/\\\/www.imprentadigitalguzman.com\\\/inicio\\\/?s={search_term_string}\"},\"query-input\":{\"@type\":\"PropertyValueSpecification\",\"valueRequired\":true,\"valueName\":\"search_term_string\"}}],\"inLanguage\":\"es\"}]}<\/script>\n<!-- \/ Yoast SEO plugin. -->","yoast_head_json":{"title":"POLAR FLEECE 340 - Imprenta Digital Guzm\u00e1n","description":"Forro polar unisex de 340 g con refuerzos y bolsillos con cremallera. Ideal para trabajos en exteriores, monta\u00f1a y personalizaci\u00f3n textil.","robots":{"index":"index","follow":"follow","max-snippet":"max-snippet:-1","max-image-preview":"max-image-preview:large","max-video-preview":"max-video-preview:-1"},"canonical":"https:\/\/www.imprentadigitalguzman.com\/inicio\/producto\/forro-polar-unisex-reforzado-personalizado\/","og_locale":"es_ES","og_type":"article","og_title":"POLAR FLEECE 340 - Imprenta Digital Guzm\u00e1n","og_description":"Forro polar unisex de 340 g con refuerzos y bolsillos con cremallera. Ideal para trabajos en exteriores, monta\u00f1a y personalizaci\u00f3n textil.","og_url":"https:\/\/www.imprentadigitalguzman.com\/inicio\/producto\/forro-polar-unisex-reforzado-personalizado\/","og_site_name":"Imprenta Digital Guzm\u00e1n","article_modified_time":"2026-03-11T12:27:08+00:00","og_image":[{"width":1024,"height":1024,"url":"https:\/\/www.imprentadigitalguzman.com\/wp-content\/uploads\/2026\/02\/ChatGPT-Image-4-feb-2026-10_34_03.png","type":"image\/png"}],"twitter_card":"summary_large_image","twitter_misc":{"Tiempo de lectura":"2 minutos"},"schema":{"@context":"https:\/\/schema.org","@graph":[{"@type":"WebPage","@id":"https:\/\/www.imprentadigitalguzman.com\/inicio\/producto\/forro-polar-unisex-reforzado-personalizado\/","url":"https:\/\/www.imprentadigitalguzman.com\/inicio\/producto\/forro-polar-unisex-reforzado-personalizado\/","name":"POLAR FLEECE 340 - Imprenta Digital Guzm\u00e1n","isPartOf":{"@id":"https:\/\/www.imprentadigitalguzman.com\/inicio\/#website"},"primaryImageOfPage":{"@id":"https:\/\/www.imprentadigitalguzman.com\/inicio\/producto\/forro-polar-unisex-reforzado-personalizado\/#primaryimage"},"image":{"@id":"https:\/\/www.imprentadigitalguzman.com\/inicio\/producto\/forro-polar-unisex-reforzado-personalizado\/#primaryimage"},"thumbnailUrl":"https:\/\/www.imprentadigitalguzman.com\/wp-content\/uploads\/2026\/02\/ChatGPT-Image-4-feb-2026-10_34_03.png","datePublished":"2026-02-04T09:35:23+00:00","dateModified":"2026-03-11T12:27:08+00:00","description":"Forro polar unisex de 340 g con refuerzos y bolsillos con cremallera. Ideal para trabajos en exteriores, monta\u00f1a y personalizaci\u00f3n textil.","breadcrumb":{"@id":"https:\/\/www.imprentadigitalguzman.com\/inicio\/producto\/forro-polar-unisex-reforzado-personalizado\/#breadcrumb"},"inLanguage":"es","potentialAction":[{"@type":"ReadAction","target":["https:\/\/www.imprentadigitalguzman.com\/inicio\/producto\/forro-polar-unisex-reforzado-personalizado\/"]}]},{"@type":"ImageObject","inLanguage":"es","@id":"https:\/\/www.imprentadigitalguzman.com\/inicio\/producto\/forro-polar-unisex-reforzado-personalizado\/#primaryimage","url":"https:\/\/www.imprentadigitalguzman.com\/wp-content\/uploads\/2026\/02\/ChatGPT-Image-4-feb-2026-10_34_03.png","contentUrl":"https:\/\/www.imprentadigitalguzman.com\/wp-content\/uploads\/2026\/02\/ChatGPT-Image-4-feb-2026-10_34_03.png","width":1024,"height":1024,"caption":"forro-polar-personalizables-merchandising-espa\u00f1a-mejor-precio"},{"@type":"BreadcrumbList","@id":"https:\/\/www.imprentadigitalguzman.com\/inicio\/producto\/forro-polar-unisex-reforzado-personalizado\/#breadcrumb","itemListElement":[{"@type":"ListItem","position":1,"name":"Portada","item":"https:\/\/www.imprentadigitalguzman.com\/inicio\/"},{"@type":"ListItem","position":2,"name":"Shop","item":"https:\/\/www.imprentadigitalguzman.com\/inicio\/shop\/"},{"@type":"ListItem","position":3,"name":"POLAR FLEECE 340"}]},{"@type":"WebSite","@id":"https:\/\/www.imprentadigitalguzman.com\/inicio\/#website","url":"https:\/\/www.imprentadigitalguzman.com\/inicio\/","name":"Imprenta Digital Guzm\u00e1n","description":"","potentialAction":[{"@type":"SearchAction","target":{"@type":"EntryPoint","urlTemplate":"https:\/\/www.imprentadigitalguzman.com\/inicio\/?s={search_term_string}"},"query-input":{"@type":"PropertyValueSpecification","valueRequired":true,"valueName":"search_term_string"}}],"inLanguage":"es"}]}},"_links":{"self":[{"href":"https:\/\/www.imprentadigitalguzman.com\/inicio\/wp-json\/wp\/v2\/product\/571","targetHints":{"allow":["GET"]}}],"collection":[{"href":"https:\/\/www.imprentadigitalguzman.com\/inicio\/wp-json\/wp\/v2\/product"}],"about":[{"href":"https:\/\/www.imprentadigitalguzman.com\/inicio\/wp-json\/wp\/v2\/types\/product"}],"replies":[{"embeddable":true,"href":"https:\/\/www.imprentadigitalguzman.com\/inicio\/wp-json\/wp\/v2\/comments?post=571"}],"wp:featuredmedia":[{"embeddable":true,"href":"https:\/\/www.imprentadigitalguzman.com\/inicio\/wp-json\/wp\/v2\/media\/581"}],"wp:attachment":[{"href":"https:\/\/www.imprentadigitalguzman.com\/inicio\/wp-json\/wp\/v2\/media?parent=571"}],"wp:term":[{"taxonomy":"product_brand","embeddable":true,"href":"https:\/\/www.imprentadigitalguzman.com\/inicio\/wp-json\/wp\/v2\/product_brand?post=571"},{"taxonomy":"product_cat","embeddable":true,"href":"https:\/\/www.imprentadigitalguzman.com\/inicio\/wp-json\/wp\/v2\/product_cat?post=571"},{"taxonomy":"product_tag","embeddable":true,"href":"https:\/\/www.imprentadigitalguzman.com\/inicio\/wp-json\/wp\/v2\/product_tag?post=571"}],"curies":[{"name":"wp","href":"https:\/\/api.w.org\/{rel}","templated":true}]}}