{"id":561,"date":"2026-02-03T11:29:55","date_gmt":"2026-02-03T11:29:55","guid":{"rendered":"https:\/\/www.imprentadigitalguzman.com\/inicio\/?post_type=product&#038;p=561"},"modified":"2026-03-11T12:27:52","modified_gmt":"2026-03-11T12:27:52","slug":"polar-fleece-man-personalizado","status":"publish","type":"product","link":"https:\/\/www.imprentadigitalguzman.com\/inicio\/producto\/polar-fleece-man-personalizado\/","title":{"rendered":"POLAR FLEECE MAN"},"content":{"rendered":"<p data-start=\"314\" data-end=\"672\">El <strong data-start=\"317\" data-end=\"337\">Polar Fleece Man<\/strong> es un <strong data-start=\"344\" data-end=\"393\">forro polar para hombre con cremallera entera<\/strong>, dise\u00f1ado para ofrecer <strong data-start=\"417\" data-end=\"464\">protecci\u00f3n t\u00e9rmica, comodidad y resistencia<\/strong> en entornos fr\u00edos. Confeccionado en <strong data-start=\"501\" data-end=\"530\">100 % poli\u00e9ster reciclado<\/strong>, combina funcionalidad y sostenibilidad, siendo una prenda ideal para <strong data-start=\"601\" data-end=\"671\">trabajos en exteriores, actividades de monta\u00f1a o uso al aire libre<\/strong>.<\/p>\n<p data-start=\"674\" data-end=\"1005\">Su <strong data-start=\"677\" data-end=\"711\">acabado micropolar antipilling<\/strong> evita la aparici\u00f3n de \u201cbolitas\u201d, manteniendo la prenda con un aspecto cuidado incluso tras un uso intensivo. Incorpora <strong data-start=\"831\" data-end=\"866\">bolsillos laterales funcionales<\/strong>, <strong data-start=\"868\" data-end=\"887\">pu\u00f1os el\u00e1sticos<\/strong> y <strong data-start=\"890\" data-end=\"920\">cord\u00f3n de ajuste con topes<\/strong> en el bajo, lo que permite adaptar el ajuste y mejorar la protecci\u00f3n frente al fr\u00edo.<\/p>\n<p data-start=\"1007\" data-end=\"1290\">La <strong data-start=\"1010\" data-end=\"1031\">cremallera entera<\/strong> facilita la colocaci\u00f3n y ventilaci\u00f3n, convirti\u00e9ndolo en una prenda pr\u00e1ctica y vers\u00e1til. Gracias a su superficie, es ideal para <strong data-start=\"1159\" data-end=\"1218\">personalizaci\u00f3n mediante bordado, serigraf\u00eda o transfer<\/strong>, siendo muy utilizada como <strong data-start=\"1246\" data-end=\"1289\">ropa laboral, corporativa o promocional<\/strong>.<\/p>\n<p data-start=\"1292\" data-end=\"1459\">Disponible en <strong data-start=\"1306\" data-end=\"1320\">18 colores<\/strong> y en tallas desde la <strong data-start=\"1342\" data-end=\"1361\">XS hasta la 3XL<\/strong>, este forro polar se adapta a todo tipo de necesidades profesionales y actividades al aire libre.<\/p>\n<p data-start=\"1461\" data-end=\"1571\">Con un <strong data-start=\"1468\" data-end=\"1502\">gramaje aproximado de 300 g\/m\u00b2<\/strong>, ofrece una excelente capacidad t\u00e9rmica sin renunciar a la ligereza.<\/p>\n<p data-start=\"1461\" data-end=\"1571\">\n<hr data-start=\"1573\" data-end=\"1576\" \/>\n<h3 data-start=\"1578\" data-end=\"1610\"><strong data-start=\"1582\" data-end=\"1610\">Caracter\u00edsticas t\u00e9cnicas<\/strong><\/h3>\n<ul data-start=\"1611\" data-end=\"1773\">\n<li data-start=\"1611\" data-end=\"1632\">\n<p data-start=\"1613\" data-end=\"1632\">Cremallera entera<\/p>\n<\/li>\n<li data-start=\"1633\" data-end=\"1656\">\n<p data-start=\"1635\" data-end=\"1656\">Bolsillos laterales<\/p>\n<\/li>\n<li data-start=\"1657\" data-end=\"1691\">\n<p data-start=\"1659\" data-end=\"1691\">Acabado micropolar antipilling<\/p>\n<\/li>\n<li data-start=\"1692\" data-end=\"1722\">\n<p data-start=\"1694\" data-end=\"1722\">Cord\u00f3n de ajuste con topes<\/p>\n<\/li>\n<li data-start=\"1723\" data-end=\"1742\">\n<p data-start=\"1725\" data-end=\"1742\">Pu\u00f1os el\u00e1sticos<\/p>\n<\/li>\n<li data-start=\"1743\" data-end=\"1773\">\n<p data-start=\"1745\" data-end=\"1773\">Gramaje: <strong data-start=\"1754\" data-end=\"1773\">300 g\/m\u00b2 aprox.<\/strong><\/p>\n<\/li>\n<\/ul>\n<p>&nbsp;<\/p>\n<hr data-start=\"1775\" data-end=\"1778\" \/>\n<h3 data-start=\"1780\" data-end=\"1799\"><strong data-start=\"1784\" data-end=\"1799\">Composici\u00f3n<\/strong><\/h3>\n<ul data-start=\"1800\" data-end=\"1831\">\n<li data-start=\"1800\" data-end=\"1831\">\n<p data-start=\"1802\" data-end=\"1831\"><strong data-start=\"1802\" data-end=\"1831\">100 % poli\u00e9ster reciclado<\/strong><\/p>\n<\/li>\n<\/ul>\n","protected":false},"excerpt":{"rendered":"<p>Forro polar de hombre en poli\u00e9ster reciclado, con acabado antipilling y alta protecci\u00f3n t\u00e9rmica. Ideal para personalizaci\u00f3n y trabajos en exteriore<\/p>\n","protected":false},"featured_media":562,"comment_status":"closed","ping_status":"closed","template":"","meta":{"_et_pb_use_builder":"","_et_pb_old_content":"","_et_gb_content_width":"","_joinchat":[]},"product_brand":[],"product_cat":[193],"product_tag":[198,199,200,196,165,197],"class_list":{"0":"post-561","1":"product","2":"type-product","3":"status-publish","4":"has-post-thumbnail","6":"product_cat-polar","7":"product_tag-antipilin","8":"product_tag-frio","9":"product_tag-hombre","10":"product_tag-polar","11":"product_tag-poliester","12":"product_tag-reciclado","14":"first","15":"instock","16":"taxable","17":"shipping-taxable","18":"purchasable","19":"product-type-variable"},"yoast_head":"<!-- This site is optimized with the Yoast SEO plugin v27.4 - https:\/\/yoast.com\/product\/yoast-seo-wordpress\/ -->\n<title>POLAR FLEECE MAN - Imprenta Digital Guzm\u00e1n<\/title>\n<meta name=\"description\" content=\"Forro polar de hombre con cremallera entera, poli\u00e9ster reciclado y acabado antipilling. Ideal para trabajos en exteriores y personalizaci\u00f3n textil.\" \/>\n<meta name=\"robots\" content=\"index, follow, max-snippet:-1, max-image-preview:large, max-video-preview:-1\" \/>\n<link rel=\"canonical\" href=\"https:\/\/www.imprentadigitalguzman.com\/inicio\/producto\/polar-fleece-man-personalizado\/\" \/>\n<meta property=\"og:locale\" content=\"es_ES\" \/>\n<meta property=\"og:type\" content=\"article\" \/>\n<meta property=\"og:title\" content=\"POLAR FLEECE MAN - Imprenta Digital Guzm\u00e1n\" \/>\n<meta property=\"og:description\" content=\"Forro polar de hombre con cremallera entera, poli\u00e9ster reciclado y acabado antipilling. Ideal para trabajos en exteriores y personalizaci\u00f3n textil.\" \/>\n<meta property=\"og:url\" content=\"https:\/\/www.imprentadigitalguzman.com\/inicio\/producto\/polar-fleece-man-personalizado\/\" \/>\n<meta property=\"og:site_name\" content=\"Imprenta Digital Guzm\u00e1n\" \/>\n<meta property=\"article:modified_time\" content=\"2026-03-11T12:27:52+00:00\" \/>\n<meta property=\"og:image\" content=\"https:\/\/www.imprentadigitalguzman.com\/wp-content\/uploads\/2026\/02\/ChatGPT-Image-3-feb-2026-12_25_41.jpg\" \/>\n\t<meta property=\"og:image:width\" content=\"800\" \/>\n\t<meta property=\"og:image:height\" content=\"800\" \/>\n\t<meta property=\"og:image:type\" content=\"image\/jpeg\" \/>\n<meta name=\"twitter:card\" content=\"summary_large_image\" \/>\n<meta name=\"twitter:label1\" content=\"Tiempo de lectura\" \/>\n\t<meta name=\"twitter:data1\" content=\"2 minutos\" \/>\n<script type=\"application\/ld+json\" class=\"yoast-schema-graph\">{\"@context\":\"https:\\\/\\\/schema.org\",\"@graph\":[{\"@type\":\"WebPage\",\"@id\":\"https:\\\/\\\/www.imprentadigitalguzman.com\\\/inicio\\\/producto\\\/polar-fleece-man-personalizado\\\/\",\"url\":\"https:\\\/\\\/www.imprentadigitalguzman.com\\\/inicio\\\/producto\\\/polar-fleece-man-personalizado\\\/\",\"name\":\"POLAR FLEECE MAN - Imprenta Digital Guzm\u00e1n\",\"isPartOf\":{\"@id\":\"https:\\\/\\\/www.imprentadigitalguzman.com\\\/inicio\\\/#website\"},\"primaryImageOfPage\":{\"@id\":\"https:\\\/\\\/www.imprentadigitalguzman.com\\\/inicio\\\/producto\\\/polar-fleece-man-personalizado\\\/#primaryimage\"},\"image\":{\"@id\":\"https:\\\/\\\/www.imprentadigitalguzman.com\\\/inicio\\\/producto\\\/polar-fleece-man-personalizado\\\/#primaryimage\"},\"thumbnailUrl\":\"https:\\\/\\\/www.imprentadigitalguzman.com\\\/wp-content\\\/uploads\\\/2026\\\/02\\\/ChatGPT-Image-3-feb-2026-12_25_41.jpg\",\"datePublished\":\"2026-02-03T11:29:55+00:00\",\"dateModified\":\"2026-03-11T12:27:52+00:00\",\"description\":\"Forro polar de hombre con cremallera entera, poli\u00e9ster reciclado y acabado antipilling. Ideal para trabajos en exteriores y personalizaci\u00f3n textil.\",\"breadcrumb\":{\"@id\":\"https:\\\/\\\/www.imprentadigitalguzman.com\\\/inicio\\\/producto\\\/polar-fleece-man-personalizado\\\/#breadcrumb\"},\"inLanguage\":\"es\",\"potentialAction\":[{\"@type\":\"ReadAction\",\"target\":[\"https:\\\/\\\/www.imprentadigitalguzman.com\\\/inicio\\\/producto\\\/polar-fleece-man-personalizado\\\/\"]}]},{\"@type\":\"ImageObject\",\"inLanguage\":\"es\",\"@id\":\"https:\\\/\\\/www.imprentadigitalguzman.com\\\/inicio\\\/producto\\\/polar-fleece-man-personalizado\\\/#primaryimage\",\"url\":\"https:\\\/\\\/www.imprentadigitalguzman.com\\\/wp-content\\\/uploads\\\/2026\\\/02\\\/ChatGPT-Image-3-feb-2026-12_25_41.jpg\",\"contentUrl\":\"https:\\\/\\\/www.imprentadigitalguzman.com\\\/wp-content\\\/uploads\\\/2026\\\/02\\\/ChatGPT-Image-3-feb-2026-12_25_41.jpg\",\"width\":800,\"height\":800,\"caption\":\"forro-polar-personalizables-merchandising-espa\u00f1a-mejor-precio\"},{\"@type\":\"BreadcrumbList\",\"@id\":\"https:\\\/\\\/www.imprentadigitalguzman.com\\\/inicio\\\/producto\\\/polar-fleece-man-personalizado\\\/#breadcrumb\",\"itemListElement\":[{\"@type\":\"ListItem\",\"position\":1,\"name\":\"Portada\",\"item\":\"https:\\\/\\\/www.imprentadigitalguzman.com\\\/inicio\\\/\"},{\"@type\":\"ListItem\",\"position\":2,\"name\":\"Shop\",\"item\":\"https:\\\/\\\/www.imprentadigitalguzman.com\\\/inicio\\\/shop\\\/\"},{\"@type\":\"ListItem\",\"position\":3,\"name\":\"POLAR FLEECE MAN\"}]},{\"@type\":\"WebSite\",\"@id\":\"https:\\\/\\\/www.imprentadigitalguzman.com\\\/inicio\\\/#website\",\"url\":\"https:\\\/\\\/www.imprentadigitalguzman.com\\\/inicio\\\/\",\"name\":\"Imprenta Digital Guzm\u00e1n\",\"description\":\"\",\"potentialAction\":[{\"@type\":\"SearchAction\",\"target\":{\"@type\":\"EntryPoint\",\"urlTemplate\":\"https:\\\/\\\/www.imprentadigitalguzman.com\\\/inicio\\\/?s={search_term_string}\"},\"query-input\":{\"@type\":\"PropertyValueSpecification\",\"valueRequired\":true,\"valueName\":\"search_term_string\"}}],\"inLanguage\":\"es\"}]}<\/script>\n<!-- \/ Yoast SEO plugin. -->","yoast_head_json":{"title":"POLAR FLEECE MAN - Imprenta Digital Guzm\u00e1n","description":"Forro polar de hombre con cremallera entera, poli\u00e9ster reciclado y acabado antipilling. Ideal para trabajos en exteriores y personalizaci\u00f3n textil.","robots":{"index":"index","follow":"follow","max-snippet":"max-snippet:-1","max-image-preview":"max-image-preview:large","max-video-preview":"max-video-preview:-1"},"canonical":"https:\/\/www.imprentadigitalguzman.com\/inicio\/producto\/polar-fleece-man-personalizado\/","og_locale":"es_ES","og_type":"article","og_title":"POLAR FLEECE MAN - Imprenta Digital Guzm\u00e1n","og_description":"Forro polar de hombre con cremallera entera, poli\u00e9ster reciclado y acabado antipilling. Ideal para trabajos en exteriores y personalizaci\u00f3n textil.","og_url":"https:\/\/www.imprentadigitalguzman.com\/inicio\/producto\/polar-fleece-man-personalizado\/","og_site_name":"Imprenta Digital Guzm\u00e1n","article_modified_time":"2026-03-11T12:27:52+00:00","og_image":[{"width":800,"height":800,"url":"https:\/\/www.imprentadigitalguzman.com\/wp-content\/uploads\/2026\/02\/ChatGPT-Image-3-feb-2026-12_25_41.jpg","type":"image\/jpeg"}],"twitter_card":"summary_large_image","twitter_misc":{"Tiempo de lectura":"2 minutos"},"schema":{"@context":"https:\/\/schema.org","@graph":[{"@type":"WebPage","@id":"https:\/\/www.imprentadigitalguzman.com\/inicio\/producto\/polar-fleece-man-personalizado\/","url":"https:\/\/www.imprentadigitalguzman.com\/inicio\/producto\/polar-fleece-man-personalizado\/","name":"POLAR FLEECE MAN - Imprenta Digital Guzm\u00e1n","isPartOf":{"@id":"https:\/\/www.imprentadigitalguzman.com\/inicio\/#website"},"primaryImageOfPage":{"@id":"https:\/\/www.imprentadigitalguzman.com\/inicio\/producto\/polar-fleece-man-personalizado\/#primaryimage"},"image":{"@id":"https:\/\/www.imprentadigitalguzman.com\/inicio\/producto\/polar-fleece-man-personalizado\/#primaryimage"},"thumbnailUrl":"https:\/\/www.imprentadigitalguzman.com\/wp-content\/uploads\/2026\/02\/ChatGPT-Image-3-feb-2026-12_25_41.jpg","datePublished":"2026-02-03T11:29:55+00:00","dateModified":"2026-03-11T12:27:52+00:00","description":"Forro polar de hombre con cremallera entera, poli\u00e9ster reciclado y acabado antipilling. Ideal para trabajos en exteriores y personalizaci\u00f3n textil.","breadcrumb":{"@id":"https:\/\/www.imprentadigitalguzman.com\/inicio\/producto\/polar-fleece-man-personalizado\/#breadcrumb"},"inLanguage":"es","potentialAction":[{"@type":"ReadAction","target":["https:\/\/www.imprentadigitalguzman.com\/inicio\/producto\/polar-fleece-man-personalizado\/"]}]},{"@type":"ImageObject","inLanguage":"es","@id":"https:\/\/www.imprentadigitalguzman.com\/inicio\/producto\/polar-fleece-man-personalizado\/#primaryimage","url":"https:\/\/www.imprentadigitalguzman.com\/wp-content\/uploads\/2026\/02\/ChatGPT-Image-3-feb-2026-12_25_41.jpg","contentUrl":"https:\/\/www.imprentadigitalguzman.com\/wp-content\/uploads\/2026\/02\/ChatGPT-Image-3-feb-2026-12_25_41.jpg","width":800,"height":800,"caption":"forro-polar-personalizables-merchandising-espa\u00f1a-mejor-precio"},{"@type":"BreadcrumbList","@id":"https:\/\/www.imprentadigitalguzman.com\/inicio\/producto\/polar-fleece-man-personalizado\/#breadcrumb","itemListElement":[{"@type":"ListItem","position":1,"name":"Portada","item":"https:\/\/www.imprentadigitalguzman.com\/inicio\/"},{"@type":"ListItem","position":2,"name":"Shop","item":"https:\/\/www.imprentadigitalguzman.com\/inicio\/shop\/"},{"@type":"ListItem","position":3,"name":"POLAR FLEECE MAN"}]},{"@type":"WebSite","@id":"https:\/\/www.imprentadigitalguzman.com\/inicio\/#website","url":"https:\/\/www.imprentadigitalguzman.com\/inicio\/","name":"Imprenta Digital Guzm\u00e1n","description":"","potentialAction":[{"@type":"SearchAction","target":{"@type":"EntryPoint","urlTemplate":"https:\/\/www.imprentadigitalguzman.com\/inicio\/?s={search_term_string}"},"query-input":{"@type":"PropertyValueSpecification","valueRequired":true,"valueName":"search_term_string"}}],"inLanguage":"es"}]}},"_links":{"self":[{"href":"https:\/\/www.imprentadigitalguzman.com\/inicio\/wp-json\/wp\/v2\/product\/561","targetHints":{"allow":["GET"]}}],"collection":[{"href":"https:\/\/www.imprentadigitalguzman.com\/inicio\/wp-json\/wp\/v2\/product"}],"about":[{"href":"https:\/\/www.imprentadigitalguzman.com\/inicio\/wp-json\/wp\/v2\/types\/product"}],"replies":[{"embeddable":true,"href":"https:\/\/www.imprentadigitalguzman.com\/inicio\/wp-json\/wp\/v2\/comments?post=561"}],"wp:featuredmedia":[{"embeddable":true,"href":"https:\/\/www.imprentadigitalguzman.com\/inicio\/wp-json\/wp\/v2\/media\/562"}],"wp:attachment":[{"href":"https:\/\/www.imprentadigitalguzman.com\/inicio\/wp-json\/wp\/v2\/media?parent=561"}],"wp:term":[{"taxonomy":"product_brand","embeddable":true,"href":"https:\/\/www.imprentadigitalguzman.com\/inicio\/wp-json\/wp\/v2\/product_brand?post=561"},{"taxonomy":"product_cat","embeddable":true,"href":"https:\/\/www.imprentadigitalguzman.com\/inicio\/wp-json\/wp\/v2\/product_cat?post=561"},{"taxonomy":"product_tag","embeddable":true,"href":"https:\/\/www.imprentadigitalguzman.com\/inicio\/wp-json\/wp\/v2\/product_tag?post=561"}],"curies":[{"name":"wp","href":"https:\/\/api.w.org\/{rel}","templated":true}]}}