{"id":554,"date":"2026-02-03T11:17:45","date_gmt":"2026-02-03T11:17:45","guid":{"rendered":"https:\/\/www.imprentadigitalguzman.com\/inicio\/?post_type=product&#038;p=554"},"modified":"2026-03-11T12:28:45","modified_gmt":"2026-03-11T12:28:45","slug":"curves-polo-personalizado-mujer","status":"publish","type":"product","link":"https:\/\/www.imprentadigitalguzman.com\/inicio\/producto\/curves-polo-personalizado-mujer\/","title":{"rendered":"CURVES POLO"},"content":{"rendered":"<p data-start=\"314\" data-end=\"686\">El <strong data-start=\"317\" data-end=\"332\">Curves Polo<\/strong> es un <strong data-start=\"339\" data-end=\"397\">polo piqu\u00e9 de manga corta para mujer de tallas grandes<\/strong>, dise\u00f1ado para ofrecer <strong data-start=\"421\" data-end=\"471\">comodidad, resistencia y un ajuste favorecedor<\/strong>, sin renunciar a un acabado elegante y profesional. Confeccionado en <strong data-start=\"541\" data-end=\"578\">100 % algod\u00f3n peinado preencogido<\/strong>, garantiza suavidad, transpirabilidad y una excelente durabilidad, manteniendo su forma lavado tras lavado.<\/p>\n<p data-start=\"688\" data-end=\"952\">Su <strong data-start=\"691\" data-end=\"707\">tejido piqu\u00e9<\/strong> aporta estructura y presencia, convirti\u00e9ndolo en una opci\u00f3n ideal para <strong data-start=\"779\" data-end=\"849\">ropa corporativa, uniformes, eventos y merchandising personalizado<\/strong>. Incorpora <strong data-start=\"861\" data-end=\"888\">tapeta con tres botones<\/strong> y <strong data-start=\"891\" data-end=\"909\">botones a tono<\/strong>, logrando un dise\u00f1o cuidado y equilibrado.<\/p>\n<p data-start=\"954\" data-end=\"1246\">El <strong data-start=\"957\" data-end=\"994\">cuello y las bocamangas en canal\u00e9<\/strong>, junto con las <strong data-start=\"1010\" data-end=\"1033\">aberturas laterales<\/strong>, mejoran el ajuste y la libertad de movimiento, ofreciendo una experiencia de uso c\u00f3moda durante todo el d\u00eda. Dispone de <strong data-start=\"1155\" data-end=\"1177\">etiqueta removible<\/strong>, lo que facilita la personalizaci\u00f3n y la creaci\u00f3n de marcas propias.<\/p>\n<p data-start=\"1248\" data-end=\"1445\">Es ideal para <strong data-start=\"1262\" data-end=\"1311\">bordado, serigraf\u00eda, transfer y vinilo textil<\/strong>, y est\u00e1 disponible en <strong data-start=\"1334\" data-end=\"1347\">7 colores<\/strong>. Adem\u00e1s, forma parte de una colecci\u00f3n completa, con versiones disponibles para <strong data-start=\"1427\" data-end=\"1444\">hombre y ni\u00f1o<\/strong>.<\/p>\n<p data-start=\"1447\" data-end=\"1582\">Con un <strong data-start=\"1454\" data-end=\"1477\">gramaje de 200 g\/m\u00b2<\/strong>, este polo ofrece cuerpo, resistencia y un acabado premium, perfecto para un uso profesional continuado.<\/p>\n<p data-start=\"1447\" data-end=\"1582\">\n<hr data-start=\"1584\" data-end=\"1587\" \/>\n<h3 data-start=\"1589\" data-end=\"1621\"><strong data-start=\"1593\" data-end=\"1621\">Caracter\u00edsticas t\u00e9cnicas<\/strong><\/h3>\n<ul data-start=\"1622\" data-end=\"1806\">\n<li data-start=\"1622\" data-end=\"1637\">\n<p data-start=\"1624\" data-end=\"1637\">Manga corta<\/p>\n<\/li>\n<li data-start=\"1638\" data-end=\"1654\">\n<p data-start=\"1640\" data-end=\"1654\">Tejido piqu\u00e9<\/p>\n<\/li>\n<li data-start=\"1655\" data-end=\"1682\">\n<p data-start=\"1657\" data-end=\"1682\">Tapeta con tres botones<\/p>\n<\/li>\n<li data-start=\"1683\" data-end=\"1701\">\n<p data-start=\"1685\" data-end=\"1701\">Botones a tono<\/p>\n<\/li>\n<li data-start=\"1702\" data-end=\"1735\">\n<p data-start=\"1704\" data-end=\"1735\">Cuello y bocamangas en canal\u00e9<\/p>\n<\/li>\n<li data-start=\"1736\" data-end=\"1759\">\n<p data-start=\"1738\" data-end=\"1759\">Aberturas laterales<\/p>\n<\/li>\n<li data-start=\"1760\" data-end=\"1782\">\n<p data-start=\"1762\" data-end=\"1782\">Etiqueta removible<\/p>\n<\/li>\n<li data-start=\"1783\" data-end=\"1806\">\n<p data-start=\"1785\" data-end=\"1806\">Gramaje: <strong data-start=\"1794\" data-end=\"1806\">200 g\/m\u00b2<\/strong><\/p>\n<\/li>\n<\/ul>\n<p>&nbsp;<\/p>\n<hr data-start=\"1808\" data-end=\"1811\" \/>\n<h3 data-start=\"1813\" data-end=\"1832\"><strong data-start=\"1817\" data-end=\"1832\">Composici\u00f3n<\/strong><\/h3>\n<ul data-start=\"1833\" data-end=\"1872\">\n<li data-start=\"1833\" data-end=\"1872\">\n<p data-start=\"1835\" data-end=\"1872\"><strong data-start=\"1835\" data-end=\"1872\">100 % algod\u00f3n peinado preencogido<\/strong><\/p>\n<\/li>\n<\/ul>\n","protected":false},"excerpt":{"rendered":"<p>Polo piqu\u00e9 de mujer en tallas grandes, c\u00f3modo y resistente. Ideal para bordado y personalizaci\u00f3n textil. Algod\u00f3n peinado de alta calidad.<\/p>\n","protected":false},"featured_media":555,"comment_status":"closed","ping_status":"closed","template":"","meta":{"_et_pb_use_builder":"","_et_pb_old_content":"","_et_gb_content_width":"","_joinchat":[]},"product_brand":[],"product_cat":[129,191],"product_tag":[106,109,134,105,139,136,174,192,127],"class_list":{"0":"post-554","1":"product","2":"type-product","3":"status-publish","4":"has-post-thumbnail","6":"product_cat-mujer","7":"product_cat-polo-mujer","8":"product_tag-algodon","9":"product_tag-etiqueta-removible","10":"product_tag-impresion-textil","11":"product_tag-manga-corta","12":"product_tag-mujer","13":"product_tag-oversize","14":"product_tag-polo","15":"product_tag-polo-premium","16":"product_tag-premium","18":"first","19":"instock","20":"taxable","21":"shipping-taxable","22":"purchasable","23":"product-type-variable"},"yoast_head":"<!-- This site is optimized with the Yoast SEO plugin v27.4 - https:\/\/yoast.com\/product\/yoast-seo-wordpress\/ -->\n<title>CURVES POLO - Imprenta Digital Guzm\u00e1n<\/title>\n<meta name=\"description\" content=\"Polo piqu\u00e9 de mujer en tallas grandes, algod\u00f3n peinado preencogido y gramaje alto. Ideal para personalizaci\u00f3n textil y uso corporativo.\" \/>\n<meta name=\"robots\" content=\"index, follow, max-snippet:-1, max-image-preview:large, max-video-preview:-1\" \/>\n<link rel=\"canonical\" href=\"https:\/\/www.imprentadigitalguzman.com\/inicio\/producto\/curves-polo-personalizado-mujer\/\" \/>\n<meta property=\"og:locale\" content=\"es_ES\" \/>\n<meta property=\"og:type\" content=\"article\" \/>\n<meta property=\"og:title\" content=\"CURVES POLO - Imprenta Digital Guzm\u00e1n\" \/>\n<meta property=\"og:description\" content=\"Polo piqu\u00e9 de mujer en tallas grandes, algod\u00f3n peinado preencogido y gramaje alto. Ideal para personalizaci\u00f3n textil y uso corporativo.\" \/>\n<meta property=\"og:url\" content=\"https:\/\/www.imprentadigitalguzman.com\/inicio\/producto\/curves-polo-personalizado-mujer\/\" \/>\n<meta property=\"og:site_name\" content=\"Imprenta Digital Guzm\u00e1n\" \/>\n<meta property=\"article:modified_time\" content=\"2026-03-11T12:28:45+00:00\" \/>\n<meta property=\"og:image\" content=\"https:\/\/www.imprentadigitalguzman.com\/wp-content\/uploads\/2026\/02\/ChatGPT-Image-3-feb-2026-12_14_55.jpg\" \/>\n\t<meta property=\"og:image:width\" content=\"800\" \/>\n\t<meta property=\"og:image:height\" content=\"800\" \/>\n\t<meta property=\"og:image:type\" content=\"image\/jpeg\" \/>\n<meta name=\"twitter:card\" content=\"summary_large_image\" \/>\n<meta name=\"twitter:label1\" content=\"Tiempo de lectura\" \/>\n\t<meta name=\"twitter:data1\" content=\"2 minutos\" \/>\n<script type=\"application\/ld+json\" class=\"yoast-schema-graph\">{\"@context\":\"https:\\\/\\\/schema.org\",\"@graph\":[{\"@type\":\"WebPage\",\"@id\":\"https:\\\/\\\/www.imprentadigitalguzman.com\\\/inicio\\\/producto\\\/curves-polo-personalizado-mujer\\\/\",\"url\":\"https:\\\/\\\/www.imprentadigitalguzman.com\\\/inicio\\\/producto\\\/curves-polo-personalizado-mujer\\\/\",\"name\":\"CURVES POLO - Imprenta Digital Guzm\u00e1n\",\"isPartOf\":{\"@id\":\"https:\\\/\\\/www.imprentadigitalguzman.com\\\/inicio\\\/#website\"},\"primaryImageOfPage\":{\"@id\":\"https:\\\/\\\/www.imprentadigitalguzman.com\\\/inicio\\\/producto\\\/curves-polo-personalizado-mujer\\\/#primaryimage\"},\"image\":{\"@id\":\"https:\\\/\\\/www.imprentadigitalguzman.com\\\/inicio\\\/producto\\\/curves-polo-personalizado-mujer\\\/#primaryimage\"},\"thumbnailUrl\":\"https:\\\/\\\/www.imprentadigitalguzman.com\\\/wp-content\\\/uploads\\\/2026\\\/02\\\/ChatGPT-Image-3-feb-2026-12_14_55.jpg\",\"datePublished\":\"2026-02-03T11:17:45+00:00\",\"dateModified\":\"2026-03-11T12:28:45+00:00\",\"description\":\"Polo piqu\u00e9 de mujer en tallas grandes, algod\u00f3n peinado preencogido y gramaje alto. Ideal para personalizaci\u00f3n textil y uso corporativo.\",\"breadcrumb\":{\"@id\":\"https:\\\/\\\/www.imprentadigitalguzman.com\\\/inicio\\\/producto\\\/curves-polo-personalizado-mujer\\\/#breadcrumb\"},\"inLanguage\":\"es\",\"potentialAction\":[{\"@type\":\"ReadAction\",\"target\":[\"https:\\\/\\\/www.imprentadigitalguzman.com\\\/inicio\\\/producto\\\/curves-polo-personalizado-mujer\\\/\"]}]},{\"@type\":\"ImageObject\",\"inLanguage\":\"es\",\"@id\":\"https:\\\/\\\/www.imprentadigitalguzman.com\\\/inicio\\\/producto\\\/curves-polo-personalizado-mujer\\\/#primaryimage\",\"url\":\"https:\\\/\\\/www.imprentadigitalguzman.com\\\/wp-content\\\/uploads\\\/2026\\\/02\\\/ChatGPT-Image-3-feb-2026-12_14_55.jpg\",\"contentUrl\":\"https:\\\/\\\/www.imprentadigitalguzman.com\\\/wp-content\\\/uploads\\\/2026\\\/02\\\/ChatGPT-Image-3-feb-2026-12_14_55.jpg\",\"width\":800,\"height\":800,\"caption\":\"polos-personalizables-merchandising-espa\u00f1a-mejor-precio\"},{\"@type\":\"BreadcrumbList\",\"@id\":\"https:\\\/\\\/www.imprentadigitalguzman.com\\\/inicio\\\/producto\\\/curves-polo-personalizado-mujer\\\/#breadcrumb\",\"itemListElement\":[{\"@type\":\"ListItem\",\"position\":1,\"name\":\"Portada\",\"item\":\"https:\\\/\\\/www.imprentadigitalguzman.com\\\/inicio\\\/\"},{\"@type\":\"ListItem\",\"position\":2,\"name\":\"Shop\",\"item\":\"https:\\\/\\\/www.imprentadigitalguzman.com\\\/inicio\\\/shop\\\/\"},{\"@type\":\"ListItem\",\"position\":3,\"name\":\"CURVES POLO\"}]},{\"@type\":\"WebSite\",\"@id\":\"https:\\\/\\\/www.imprentadigitalguzman.com\\\/inicio\\\/#website\",\"url\":\"https:\\\/\\\/www.imprentadigitalguzman.com\\\/inicio\\\/\",\"name\":\"Imprenta Digital Guzm\u00e1n\",\"description\":\"\",\"potentialAction\":[{\"@type\":\"SearchAction\",\"target\":{\"@type\":\"EntryPoint\",\"urlTemplate\":\"https:\\\/\\\/www.imprentadigitalguzman.com\\\/inicio\\\/?s={search_term_string}\"},\"query-input\":{\"@type\":\"PropertyValueSpecification\",\"valueRequired\":true,\"valueName\":\"search_term_string\"}}],\"inLanguage\":\"es\"}]}<\/script>\n<!-- \/ Yoast SEO plugin. -->","yoast_head_json":{"title":"CURVES POLO - Imprenta Digital Guzm\u00e1n","description":"Polo piqu\u00e9 de mujer en tallas grandes, algod\u00f3n peinado preencogido y gramaje alto. Ideal para personalizaci\u00f3n textil y uso corporativo.","robots":{"index":"index","follow":"follow","max-snippet":"max-snippet:-1","max-image-preview":"max-image-preview:large","max-video-preview":"max-video-preview:-1"},"canonical":"https:\/\/www.imprentadigitalguzman.com\/inicio\/producto\/curves-polo-personalizado-mujer\/","og_locale":"es_ES","og_type":"article","og_title":"CURVES POLO - Imprenta Digital Guzm\u00e1n","og_description":"Polo piqu\u00e9 de mujer en tallas grandes, algod\u00f3n peinado preencogido y gramaje alto. Ideal para personalizaci\u00f3n textil y uso corporativo.","og_url":"https:\/\/www.imprentadigitalguzman.com\/inicio\/producto\/curves-polo-personalizado-mujer\/","og_site_name":"Imprenta Digital Guzm\u00e1n","article_modified_time":"2026-03-11T12:28:45+00:00","og_image":[{"width":800,"height":800,"url":"https:\/\/www.imprentadigitalguzman.com\/wp-content\/uploads\/2026\/02\/ChatGPT-Image-3-feb-2026-12_14_55.jpg","type":"image\/jpeg"}],"twitter_card":"summary_large_image","twitter_misc":{"Tiempo de lectura":"2 minutos"},"schema":{"@context":"https:\/\/schema.org","@graph":[{"@type":"WebPage","@id":"https:\/\/www.imprentadigitalguzman.com\/inicio\/producto\/curves-polo-personalizado-mujer\/","url":"https:\/\/www.imprentadigitalguzman.com\/inicio\/producto\/curves-polo-personalizado-mujer\/","name":"CURVES POLO - Imprenta Digital Guzm\u00e1n","isPartOf":{"@id":"https:\/\/www.imprentadigitalguzman.com\/inicio\/#website"},"primaryImageOfPage":{"@id":"https:\/\/www.imprentadigitalguzman.com\/inicio\/producto\/curves-polo-personalizado-mujer\/#primaryimage"},"image":{"@id":"https:\/\/www.imprentadigitalguzman.com\/inicio\/producto\/curves-polo-personalizado-mujer\/#primaryimage"},"thumbnailUrl":"https:\/\/www.imprentadigitalguzman.com\/wp-content\/uploads\/2026\/02\/ChatGPT-Image-3-feb-2026-12_14_55.jpg","datePublished":"2026-02-03T11:17:45+00:00","dateModified":"2026-03-11T12:28:45+00:00","description":"Polo piqu\u00e9 de mujer en tallas grandes, algod\u00f3n peinado preencogido y gramaje alto. Ideal para personalizaci\u00f3n textil y uso corporativo.","breadcrumb":{"@id":"https:\/\/www.imprentadigitalguzman.com\/inicio\/producto\/curves-polo-personalizado-mujer\/#breadcrumb"},"inLanguage":"es","potentialAction":[{"@type":"ReadAction","target":["https:\/\/www.imprentadigitalguzman.com\/inicio\/producto\/curves-polo-personalizado-mujer\/"]}]},{"@type":"ImageObject","inLanguage":"es","@id":"https:\/\/www.imprentadigitalguzman.com\/inicio\/producto\/curves-polo-personalizado-mujer\/#primaryimage","url":"https:\/\/www.imprentadigitalguzman.com\/wp-content\/uploads\/2026\/02\/ChatGPT-Image-3-feb-2026-12_14_55.jpg","contentUrl":"https:\/\/www.imprentadigitalguzman.com\/wp-content\/uploads\/2026\/02\/ChatGPT-Image-3-feb-2026-12_14_55.jpg","width":800,"height":800,"caption":"polos-personalizables-merchandising-espa\u00f1a-mejor-precio"},{"@type":"BreadcrumbList","@id":"https:\/\/www.imprentadigitalguzman.com\/inicio\/producto\/curves-polo-personalizado-mujer\/#breadcrumb","itemListElement":[{"@type":"ListItem","position":1,"name":"Portada","item":"https:\/\/www.imprentadigitalguzman.com\/inicio\/"},{"@type":"ListItem","position":2,"name":"Shop","item":"https:\/\/www.imprentadigitalguzman.com\/inicio\/shop\/"},{"@type":"ListItem","position":3,"name":"CURVES POLO"}]},{"@type":"WebSite","@id":"https:\/\/www.imprentadigitalguzman.com\/inicio\/#website","url":"https:\/\/www.imprentadigitalguzman.com\/inicio\/","name":"Imprenta Digital Guzm\u00e1n","description":"","potentialAction":[{"@type":"SearchAction","target":{"@type":"EntryPoint","urlTemplate":"https:\/\/www.imprentadigitalguzman.com\/inicio\/?s={search_term_string}"},"query-input":{"@type":"PropertyValueSpecification","valueRequired":true,"valueName":"search_term_string"}}],"inLanguage":"es"}]}},"_links":{"self":[{"href":"https:\/\/www.imprentadigitalguzman.com\/inicio\/wp-json\/wp\/v2\/product\/554","targetHints":{"allow":["GET"]}}],"collection":[{"href":"https:\/\/www.imprentadigitalguzman.com\/inicio\/wp-json\/wp\/v2\/product"}],"about":[{"href":"https:\/\/www.imprentadigitalguzman.com\/inicio\/wp-json\/wp\/v2\/types\/product"}],"replies":[{"embeddable":true,"href":"https:\/\/www.imprentadigitalguzman.com\/inicio\/wp-json\/wp\/v2\/comments?post=554"}],"wp:featuredmedia":[{"embeddable":true,"href":"https:\/\/www.imprentadigitalguzman.com\/inicio\/wp-json\/wp\/v2\/media\/555"}],"wp:attachment":[{"href":"https:\/\/www.imprentadigitalguzman.com\/inicio\/wp-json\/wp\/v2\/media?parent=554"}],"wp:term":[{"taxonomy":"product_brand","embeddable":true,"href":"https:\/\/www.imprentadigitalguzman.com\/inicio\/wp-json\/wp\/v2\/product_brand?post=554"},{"taxonomy":"product_cat","embeddable":true,"href":"https:\/\/www.imprentadigitalguzman.com\/inicio\/wp-json\/wp\/v2\/product_cat?post=554"},{"taxonomy":"product_tag","embeddable":true,"href":"https:\/\/www.imprentadigitalguzman.com\/inicio\/wp-json\/wp\/v2\/product_tag?post=554"}],"curies":[{"name":"wp","href":"https:\/\/api.w.org\/{rel}","templated":true}]}}