{"id":540,"date":"2026-02-03T10:59:50","date_gmt":"2026-02-03T10:59:50","guid":{"rendered":"https:\/\/www.imprentadigitalguzman.com\/inicio\/?post_type=product&#038;p=540"},"modified":"2026-03-11T12:30:17","modified_gmt":"2026-03-11T12:30:17","slug":"polo-regular-man-king-size-personalizado","status":"publish","type":"product","link":"https:\/\/www.imprentadigitalguzman.com\/inicio\/producto\/polo-regular-man-king-size-personalizado\/","title":{"rendered":"POLO REGULAR MAN\/KING SIZE"},"content":{"rendered":"<p data-start=\"318\" data-end=\"574\">El <strong data-start=\"321\" data-end=\"353\">Polo Regular Man \/ King Size<\/strong> es un <strong data-start=\"360\" data-end=\"389\">polo piqu\u00e9 de manga corta<\/strong> dise\u00f1ado para ofrecer <strong data-start=\"412\" data-end=\"463\">comodidad, resistencia y un acabado profesional<\/strong>, especialmente pensado para quienes buscan una prenda de mayor consistencia y ajuste c\u00f3modo en tallas amplias.<\/p>\n<p data-start=\"576\" data-end=\"914\">Confeccionado en <strong data-start=\"593\" data-end=\"630\">100 % algod\u00f3n peinado preencogido<\/strong>, proporciona un tacto suave, excelente transpirabilidad y una gran durabilidad, manteniendo su forma lavado tras lavado. Su <strong data-start=\"755\" data-end=\"771\">tejido piqu\u00e9<\/strong> aporta estructura y elegancia, convirti\u00e9ndolo en una opci\u00f3n ideal para <strong data-start=\"843\" data-end=\"913\">ropa corporativa, uniformes, eventos y merchandising personalizado<\/strong>.<\/p>\n<p data-start=\"916\" data-end=\"1234\">Incorpora <strong data-start=\"926\" data-end=\"952\">tapeta con dos botones<\/strong>, <strong data-start=\"954\" data-end=\"987\">cuello y bocamangas en canal\u00e9<\/strong> para un mejor ajuste, y <strong data-start=\"1012\" data-end=\"1035\">aberturas laterales<\/strong> que mejoran la comodidad y la libertad de movimiento. Gracias a su calidad y gramaje, es perfecto para <strong data-start=\"1139\" data-end=\"1188\">bordado, serigraf\u00eda, transfer y vinilo textil<\/strong>, garantizando resultados limpios y duraderos.<\/p>\n<p data-start=\"1236\" data-end=\"1379\">Con un <strong data-start=\"1243\" data-end=\"1270\">gramaje de 200\u2013210 g\/m\u00b2<\/strong>, este polo ofrece mayor cuerpo y presencia, siendo una opci\u00f3n fiable tanto para uso diario como profesional.<\/p>\n<hr data-start=\"1381\" data-end=\"1384\" \/>\n<h3 data-start=\"1386\" data-end=\"1418\"><strong data-start=\"1390\" data-end=\"1418\">Caracter\u00edsticas t\u00e9cnicas<\/strong><\/h3>\n<ul data-start=\"1419\" data-end=\"1573\">\n<li data-start=\"1419\" data-end=\"1434\">\n<p data-start=\"1421\" data-end=\"1434\">Manga corta<\/p>\n<\/li>\n<li data-start=\"1435\" data-end=\"1451\">\n<p data-start=\"1437\" data-end=\"1451\">Tejido piqu\u00e9<\/p>\n<\/li>\n<li data-start=\"1452\" data-end=\"1478\">\n<p data-start=\"1454\" data-end=\"1478\">Tapeta con dos botones<\/p>\n<\/li>\n<li data-start=\"1479\" data-end=\"1512\">\n<p data-start=\"1481\" data-end=\"1512\">Cuello y bocamangas en canal\u00e9<\/p>\n<\/li>\n<li data-start=\"1513\" data-end=\"1536\">\n<p data-start=\"1515\" data-end=\"1536\">Aberturas laterales<\/p>\n<\/li>\n<li data-start=\"1537\" data-end=\"1573\">\n<p data-start=\"1539\" data-end=\"1573\">Gramaje: <strong data-start=\"1548\" data-end=\"1571\">200\u2013210 g\/m\u00b2 aprox.<\/strong><\/p>\n<\/li>\n<\/ul>\n<p>&nbsp;<\/p>\n<hr data-start=\"1575\" data-end=\"1578\" \/>\n<h3 data-start=\"1580\" data-end=\"1599\"><strong data-start=\"1584\" data-end=\"1599\">Composici\u00f3n<\/strong><\/h3>\n<ul data-start=\"1600\" data-end=\"1639\">\n<li data-start=\"1600\" data-end=\"1639\">\n<p data-start=\"1602\" data-end=\"1639\"><strong data-start=\"1602\" data-end=\"1639\">100 % algod\u00f3n peinado preencogido<\/strong><\/p>\n<\/li>\n<\/ul>\n","protected":false},"excerpt":{"rendered":"<p>Polo piqu\u00e9 de hombre en algod\u00f3n peinado preencogido, resistente y c\u00f3modo. Ideal para personalizaci\u00f3n textil y disponible en versi\u00f3n King Size.<\/p>\n","protected":false},"featured_media":541,"comment_status":"closed","ping_status":"closed","template":"","meta":{"_et_pb_use_builder":"","_et_pb_old_content":"","_et_gb_content_width":"","_joinchat":[]},"product_brand":[],"product_cat":[103,173],"product_tag":[106,109,134,190,141,105,138,152,174],"class_list":{"0":"post-540","1":"product","2":"type-product","3":"status-publish","4":"has-post-thumbnail","6":"product_cat-hombre","7":"product_cat-polo","8":"product_tag-algodon","9":"product_tag-etiqueta-removible","10":"product_tag-impresion-textil","11":"product_tag-king-size","12":"product_tag-liso","13":"product_tag-manga-corta","14":"product_tag-personalizar","15":"product_tag-personalizara","16":"product_tag-polo","18":"first","19":"instock","20":"taxable","21":"shipping-taxable","22":"purchasable","23":"product-type-variable"},"yoast_head":"<!-- This site is optimized with the Yoast SEO plugin v27.4 - https:\/\/yoast.com\/product\/yoast-seo-wordpress\/ -->\n<title>POLO REGULAR MAN\/KING SIZE - Imprenta Digital Guzm\u00e1n<\/title>\n<meta name=\"description\" content=\"Polo piqu\u00e9 de hombre en algod\u00f3n peinado preencogido, con gramaje alto y acabado profesional. Ideal para personalizaci\u00f3n y uso corporativo\" \/>\n<meta name=\"robots\" content=\"index, follow, max-snippet:-1, max-image-preview:large, max-video-preview:-1\" \/>\n<link rel=\"canonical\" href=\"https:\/\/www.imprentadigitalguzman.com\/inicio\/producto\/polo-regular-man-king-size-personalizado\/\" \/>\n<meta property=\"og:locale\" content=\"es_ES\" \/>\n<meta property=\"og:type\" content=\"article\" \/>\n<meta property=\"og:title\" content=\"POLO REGULAR MAN\/KING SIZE - Imprenta Digital Guzm\u00e1n\" \/>\n<meta property=\"og:description\" content=\"Polo piqu\u00e9 de hombre en algod\u00f3n peinado preencogido, con gramaje alto y acabado profesional. Ideal para personalizaci\u00f3n y uso corporativo\" \/>\n<meta property=\"og:url\" content=\"https:\/\/www.imprentadigitalguzman.com\/inicio\/producto\/polo-regular-man-king-size-personalizado\/\" \/>\n<meta property=\"og:site_name\" content=\"Imprenta Digital Guzm\u00e1n\" \/>\n<meta property=\"article:modified_time\" content=\"2026-03-11T12:30:17+00:00\" \/>\n<meta property=\"og:image\" content=\"https:\/\/www.imprentadigitalguzman.com\/wp-content\/uploads\/2026\/02\/ChatGPT-Image-3-feb-2026-11_58_02.jpg\" \/>\n\t<meta property=\"og:image:width\" content=\"800\" \/>\n\t<meta property=\"og:image:height\" content=\"800\" \/>\n\t<meta property=\"og:image:type\" content=\"image\/jpeg\" \/>\n<meta name=\"twitter:card\" content=\"summary_large_image\" \/>\n<meta name=\"twitter:label1\" content=\"Tiempo de lectura\" \/>\n\t<meta name=\"twitter:data1\" content=\"2 minutos\" \/>\n<script type=\"application\/ld+json\" class=\"yoast-schema-graph\">{\"@context\":\"https:\\\/\\\/schema.org\",\"@graph\":[{\"@type\":\"WebPage\",\"@id\":\"https:\\\/\\\/www.imprentadigitalguzman.com\\\/inicio\\\/producto\\\/polo-regular-man-king-size-personalizado\\\/\",\"url\":\"https:\\\/\\\/www.imprentadigitalguzman.com\\\/inicio\\\/producto\\\/polo-regular-man-king-size-personalizado\\\/\",\"name\":\"POLO REGULAR MAN\\\/KING SIZE - Imprenta Digital Guzm\u00e1n\",\"isPartOf\":{\"@id\":\"https:\\\/\\\/www.imprentadigitalguzman.com\\\/inicio\\\/#website\"},\"primaryImageOfPage\":{\"@id\":\"https:\\\/\\\/www.imprentadigitalguzman.com\\\/inicio\\\/producto\\\/polo-regular-man-king-size-personalizado\\\/#primaryimage\"},\"image\":{\"@id\":\"https:\\\/\\\/www.imprentadigitalguzman.com\\\/inicio\\\/producto\\\/polo-regular-man-king-size-personalizado\\\/#primaryimage\"},\"thumbnailUrl\":\"https:\\\/\\\/www.imprentadigitalguzman.com\\\/wp-content\\\/uploads\\\/2026\\\/02\\\/ChatGPT-Image-3-feb-2026-11_58_02.jpg\",\"datePublished\":\"2026-02-03T10:59:50+00:00\",\"dateModified\":\"2026-03-11T12:30:17+00:00\",\"description\":\"Polo piqu\u00e9 de hombre en algod\u00f3n peinado preencogido, con gramaje alto y acabado profesional. Ideal para personalizaci\u00f3n y uso corporativo\",\"breadcrumb\":{\"@id\":\"https:\\\/\\\/www.imprentadigitalguzman.com\\\/inicio\\\/producto\\\/polo-regular-man-king-size-personalizado\\\/#breadcrumb\"},\"inLanguage\":\"es\",\"potentialAction\":[{\"@type\":\"ReadAction\",\"target\":[\"https:\\\/\\\/www.imprentadigitalguzman.com\\\/inicio\\\/producto\\\/polo-regular-man-king-size-personalizado\\\/\"]}]},{\"@type\":\"ImageObject\",\"inLanguage\":\"es\",\"@id\":\"https:\\\/\\\/www.imprentadigitalguzman.com\\\/inicio\\\/producto\\\/polo-regular-man-king-size-personalizado\\\/#primaryimage\",\"url\":\"https:\\\/\\\/www.imprentadigitalguzman.com\\\/wp-content\\\/uploads\\\/2026\\\/02\\\/ChatGPT-Image-3-feb-2026-11_58_02.jpg\",\"contentUrl\":\"https:\\\/\\\/www.imprentadigitalguzman.com\\\/wp-content\\\/uploads\\\/2026\\\/02\\\/ChatGPT-Image-3-feb-2026-11_58_02.jpg\",\"width\":800,\"height\":800,\"caption\":\"polos-personalizables-merchandising-espa\u00f1a-mejor-precio\"},{\"@type\":\"BreadcrumbList\",\"@id\":\"https:\\\/\\\/www.imprentadigitalguzman.com\\\/inicio\\\/producto\\\/polo-regular-man-king-size-personalizado\\\/#breadcrumb\",\"itemListElement\":[{\"@type\":\"ListItem\",\"position\":1,\"name\":\"Portada\",\"item\":\"https:\\\/\\\/www.imprentadigitalguzman.com\\\/inicio\\\/\"},{\"@type\":\"ListItem\",\"position\":2,\"name\":\"Shop\",\"item\":\"https:\\\/\\\/www.imprentadigitalguzman.com\\\/inicio\\\/shop\\\/\"},{\"@type\":\"ListItem\",\"position\":3,\"name\":\"POLO REGULAR MAN\\\/KING SIZE\"}]},{\"@type\":\"WebSite\",\"@id\":\"https:\\\/\\\/www.imprentadigitalguzman.com\\\/inicio\\\/#website\",\"url\":\"https:\\\/\\\/www.imprentadigitalguzman.com\\\/inicio\\\/\",\"name\":\"Imprenta Digital Guzm\u00e1n\",\"description\":\"\",\"potentialAction\":[{\"@type\":\"SearchAction\",\"target\":{\"@type\":\"EntryPoint\",\"urlTemplate\":\"https:\\\/\\\/www.imprentadigitalguzman.com\\\/inicio\\\/?s={search_term_string}\"},\"query-input\":{\"@type\":\"PropertyValueSpecification\",\"valueRequired\":true,\"valueName\":\"search_term_string\"}}],\"inLanguage\":\"es\"}]}<\/script>\n<!-- \/ Yoast SEO plugin. -->","yoast_head_json":{"title":"POLO REGULAR MAN\/KING SIZE - Imprenta Digital Guzm\u00e1n","description":"Polo piqu\u00e9 de hombre en algod\u00f3n peinado preencogido, con gramaje alto y acabado profesional. Ideal para personalizaci\u00f3n y uso corporativo","robots":{"index":"index","follow":"follow","max-snippet":"max-snippet:-1","max-image-preview":"max-image-preview:large","max-video-preview":"max-video-preview:-1"},"canonical":"https:\/\/www.imprentadigitalguzman.com\/inicio\/producto\/polo-regular-man-king-size-personalizado\/","og_locale":"es_ES","og_type":"article","og_title":"POLO REGULAR MAN\/KING SIZE - Imprenta Digital Guzm\u00e1n","og_description":"Polo piqu\u00e9 de hombre en algod\u00f3n peinado preencogido, con gramaje alto y acabado profesional. Ideal para personalizaci\u00f3n y uso corporativo","og_url":"https:\/\/www.imprentadigitalguzman.com\/inicio\/producto\/polo-regular-man-king-size-personalizado\/","og_site_name":"Imprenta Digital Guzm\u00e1n","article_modified_time":"2026-03-11T12:30:17+00:00","og_image":[{"width":800,"height":800,"url":"https:\/\/www.imprentadigitalguzman.com\/wp-content\/uploads\/2026\/02\/ChatGPT-Image-3-feb-2026-11_58_02.jpg","type":"image\/jpeg"}],"twitter_card":"summary_large_image","twitter_misc":{"Tiempo de lectura":"2 minutos"},"schema":{"@context":"https:\/\/schema.org","@graph":[{"@type":"WebPage","@id":"https:\/\/www.imprentadigitalguzman.com\/inicio\/producto\/polo-regular-man-king-size-personalizado\/","url":"https:\/\/www.imprentadigitalguzman.com\/inicio\/producto\/polo-regular-man-king-size-personalizado\/","name":"POLO REGULAR MAN\/KING SIZE - Imprenta Digital Guzm\u00e1n","isPartOf":{"@id":"https:\/\/www.imprentadigitalguzman.com\/inicio\/#website"},"primaryImageOfPage":{"@id":"https:\/\/www.imprentadigitalguzman.com\/inicio\/producto\/polo-regular-man-king-size-personalizado\/#primaryimage"},"image":{"@id":"https:\/\/www.imprentadigitalguzman.com\/inicio\/producto\/polo-regular-man-king-size-personalizado\/#primaryimage"},"thumbnailUrl":"https:\/\/www.imprentadigitalguzman.com\/wp-content\/uploads\/2026\/02\/ChatGPT-Image-3-feb-2026-11_58_02.jpg","datePublished":"2026-02-03T10:59:50+00:00","dateModified":"2026-03-11T12:30:17+00:00","description":"Polo piqu\u00e9 de hombre en algod\u00f3n peinado preencogido, con gramaje alto y acabado profesional. Ideal para personalizaci\u00f3n y uso corporativo","breadcrumb":{"@id":"https:\/\/www.imprentadigitalguzman.com\/inicio\/producto\/polo-regular-man-king-size-personalizado\/#breadcrumb"},"inLanguage":"es","potentialAction":[{"@type":"ReadAction","target":["https:\/\/www.imprentadigitalguzman.com\/inicio\/producto\/polo-regular-man-king-size-personalizado\/"]}]},{"@type":"ImageObject","inLanguage":"es","@id":"https:\/\/www.imprentadigitalguzman.com\/inicio\/producto\/polo-regular-man-king-size-personalizado\/#primaryimage","url":"https:\/\/www.imprentadigitalguzman.com\/wp-content\/uploads\/2026\/02\/ChatGPT-Image-3-feb-2026-11_58_02.jpg","contentUrl":"https:\/\/www.imprentadigitalguzman.com\/wp-content\/uploads\/2026\/02\/ChatGPT-Image-3-feb-2026-11_58_02.jpg","width":800,"height":800,"caption":"polos-personalizables-merchandising-espa\u00f1a-mejor-precio"},{"@type":"BreadcrumbList","@id":"https:\/\/www.imprentadigitalguzman.com\/inicio\/producto\/polo-regular-man-king-size-personalizado\/#breadcrumb","itemListElement":[{"@type":"ListItem","position":1,"name":"Portada","item":"https:\/\/www.imprentadigitalguzman.com\/inicio\/"},{"@type":"ListItem","position":2,"name":"Shop","item":"https:\/\/www.imprentadigitalguzman.com\/inicio\/shop\/"},{"@type":"ListItem","position":3,"name":"POLO REGULAR MAN\/KING SIZE"}]},{"@type":"WebSite","@id":"https:\/\/www.imprentadigitalguzman.com\/inicio\/#website","url":"https:\/\/www.imprentadigitalguzman.com\/inicio\/","name":"Imprenta Digital Guzm\u00e1n","description":"","potentialAction":[{"@type":"SearchAction","target":{"@type":"EntryPoint","urlTemplate":"https:\/\/www.imprentadigitalguzman.com\/inicio\/?s={search_term_string}"},"query-input":{"@type":"PropertyValueSpecification","valueRequired":true,"valueName":"search_term_string"}}],"inLanguage":"es"}]}},"_links":{"self":[{"href":"https:\/\/www.imprentadigitalguzman.com\/inicio\/wp-json\/wp\/v2\/product\/540","targetHints":{"allow":["GET"]}}],"collection":[{"href":"https:\/\/www.imprentadigitalguzman.com\/inicio\/wp-json\/wp\/v2\/product"}],"about":[{"href":"https:\/\/www.imprentadigitalguzman.com\/inicio\/wp-json\/wp\/v2\/types\/product"}],"replies":[{"embeddable":true,"href":"https:\/\/www.imprentadigitalguzman.com\/inicio\/wp-json\/wp\/v2\/comments?post=540"}],"wp:featuredmedia":[{"embeddable":true,"href":"https:\/\/www.imprentadigitalguzman.com\/inicio\/wp-json\/wp\/v2\/media\/541"}],"wp:attachment":[{"href":"https:\/\/www.imprentadigitalguzman.com\/inicio\/wp-json\/wp\/v2\/media?parent=540"}],"wp:term":[{"taxonomy":"product_brand","embeddable":true,"href":"https:\/\/www.imprentadigitalguzman.com\/inicio\/wp-json\/wp\/v2\/product_brand?post=540"},{"taxonomy":"product_cat","embeddable":true,"href":"https:\/\/www.imprentadigitalguzman.com\/inicio\/wp-json\/wp\/v2\/product_cat?post=540"},{"taxonomy":"product_tag","embeddable":true,"href":"https:\/\/www.imprentadigitalguzman.com\/inicio\/wp-json\/wp\/v2\/product_tag?post=540"}],"curies":[{"name":"wp","href":"https:\/\/api.w.org\/{rel}","templated":true}]}}