{"id":530,"date":"2026-02-03T10:55:28","date_gmt":"2026-02-03T10:55:28","guid":{"rendered":"https:\/\/www.imprentadigitalguzman.com\/inicio\/?post_type=product&#038;p=530"},"modified":"2026-03-11T12:31:05","modified_gmt":"2026-03-11T12:31:05","slug":"polo-pique-personalizado-algodon-hombre","status":"publish","type":"product","link":"https:\/\/www.imprentadigitalguzman.com\/inicio\/producto\/polo-pique-personalizado-algodon-hombre\/","title":{"rendered":"POLO PREMIUM"},"content":{"rendered":"<p data-start=\"278\" data-end=\"608\">El <strong data-start=\"281\" data-end=\"322\">polo piqu\u00e9 para hombre de manga corta<\/strong> es una prenda cl\u00e1sica y vers\u00e1til, ideal para <strong data-start=\"368\" data-end=\"438\">ropa corporativa, uniformes, eventos y merchandising personalizado<\/strong>. Est\u00e1 confeccionado en <strong data-start=\"462\" data-end=\"499\">100 % algod\u00f3n peinado preencogido<\/strong>, lo que garantiza un tacto suave, una excelente transpirabilidad y una mayor durabilidad lavado tras lavado.<\/p>\n<p data-start=\"610\" data-end=\"940\">Su <strong data-start=\"613\" data-end=\"629\">tejido piqu\u00e9<\/strong> aporta estructura y elegancia, mientras que la <strong data-start=\"677\" data-end=\"703\">tapeta con dos botones<\/strong> y los <strong data-start=\"710\" data-end=\"728\">botones a tono<\/strong> ofrecen un acabado cuidado y profesional. Incorpora <strong data-start=\"781\" data-end=\"814\">cuello y bocamangas en canal\u00e9<\/strong>, que mejoran el ajuste y la resistencia, adem\u00e1s de <strong data-start=\"866\" data-end=\"889\">aberturas laterales<\/strong> para una mayor comodidad y libertad de movimiento.<\/p>\n<p data-start=\"942\" data-end=\"1173\">Cuenta con <strong data-start=\"953\" data-end=\"986\">etiqueta TearAway (removible)<\/strong>, lo que lo hace perfecto para marcas propias y proyectos personalizados. Es ideal para <strong data-start=\"1074\" data-end=\"1123\">bordado, serigraf\u00eda, transfer y vinilo textil<\/strong>, ofreciendo resultados limpios y de alta calidad.<\/p>\n<p data-start=\"1175\" data-end=\"1347\">Disponible en <strong data-start=\"1189\" data-end=\"1203\">10 colores<\/strong> y en tallas desde la <strong data-start=\"1225\" data-end=\"1244\">XS hasta la 3XL<\/strong>, este polo es una opci\u00f3n fiable y elegante para quienes buscan personalizaci\u00f3n con un acabado premium.<\/p>\n<p data-start=\"1175\" data-end=\"1347\">\n<hr data-start=\"1349\" data-end=\"1352\" \/>\n<h3 data-start=\"1354\" data-end=\"1386\"><strong data-start=\"1358\" data-end=\"1386\">Caracter\u00edsticas t\u00e9cnicas<\/strong><\/h3>\n<ul data-start=\"1387\" data-end=\"1555\">\n<li data-start=\"1387\" data-end=\"1402\">\n<p data-start=\"1389\" data-end=\"1402\">Manga corta<\/p>\n<\/li>\n<li data-start=\"1403\" data-end=\"1419\">\n<p data-start=\"1405\" data-end=\"1419\">Tejido piqu\u00e9<\/p>\n<\/li>\n<li data-start=\"1420\" data-end=\"1446\">\n<p data-start=\"1422\" data-end=\"1446\">Tapeta con dos botones<\/p>\n<\/li>\n<li data-start=\"1447\" data-end=\"1465\">\n<p data-start=\"1449\" data-end=\"1465\">Botones a tono<\/p>\n<\/li>\n<li data-start=\"1466\" data-end=\"1499\">\n<p data-start=\"1468\" data-end=\"1499\">Cuello y bocamangas en canal\u00e9<\/p>\n<\/li>\n<li data-start=\"1500\" data-end=\"1523\">\n<p data-start=\"1502\" data-end=\"1523\">Aberturas laterales<\/p>\n<\/li>\n<li data-start=\"1524\" data-end=\"1555\">\n<p data-start=\"1526\" data-end=\"1555\">Etiqueta TearAway (removible)<\/p>\n<\/li>\n<\/ul>\n<p>&nbsp;<\/p>\n<hr data-start=\"1557\" data-end=\"1560\" \/>\n<h3 data-start=\"1562\" data-end=\"1593\"><strong data-start=\"1566\" data-end=\"1593\">Composici\u00f3n seg\u00fan color<\/strong><\/h3>\n<ul data-start=\"1594\" data-end=\"1693\">\n<li data-start=\"1594\" data-end=\"1633\">\n<p data-start=\"1596\" data-end=\"1633\"><strong data-start=\"1596\" data-end=\"1603\">GM:<\/strong> 85 % algod\u00f3n \/ 15 % viscosa<\/p>\n<\/li>\n<li data-start=\"1634\" data-end=\"1693\">\n<p data-start=\"1636\" data-end=\"1693\"><strong data-start=\"1636\" data-end=\"1657\">Resto de colores:<\/strong> 100 % algod\u00f3n peinado preencogido<\/p>\n<\/li>\n<\/ul>\n","protected":false},"excerpt":{"rendered":"<p>Polo piqu\u00e9 de hombre en algod\u00f3n peinado preencogido, ideal para bordado y personalizaci\u00f3n textil. Elegante, c\u00f3modo y resistente<\/p>\n","protected":false},"featured_media":531,"comment_status":"closed","ping_status":"closed","template":"","meta":{"_et_pb_use_builder":"","_et_pb_old_content":"","_et_gb_content_width":"","_joinchat":[]},"product_brand":[],"product_cat":[103,173],"product_tag":[106,143,109,134,105,174,127,175],"class_list":{"0":"post-530","1":"product","2":"type-product","3":"status-publish","4":"has-post-thumbnail","6":"product_cat-hombre","7":"product_cat-polo","8":"product_tag-algodon","9":"product_tag-confort","10":"product_tag-etiqueta-removible","11":"product_tag-impresion-textil","12":"product_tag-manga-corta","13":"product_tag-polo","14":"product_tag-premium","15":"product_tag-viscosa","17":"first","18":"instock","19":"taxable","20":"shipping-taxable","21":"purchasable","22":"product-type-variable"},"yoast_head":"<!-- This site is optimized with the Yoast SEO plugin v27.4 - https:\/\/yoast.com\/product\/yoast-seo-wordpress\/ -->\n<title>POLO PREMIUM - Imprenta Digital Guzm\u00e1n<\/title>\n<meta name=\"description\" content=\"Polo piqu\u00e9 de hombre en algod\u00f3n peinado preencogido, ideal para bordado, serigraf\u00eda o vinilo. Disponible en 10 colores y tallas XS a 3XL.\" \/>\n<meta name=\"robots\" content=\"index, follow, max-snippet:-1, max-image-preview:large, max-video-preview:-1\" \/>\n<link rel=\"canonical\" href=\"https:\/\/www.imprentadigitalguzman.com\/inicio\/producto\/polo-pique-personalizado-algodon-hombre\/\" \/>\n<meta property=\"og:locale\" content=\"es_ES\" \/>\n<meta property=\"og:type\" content=\"article\" \/>\n<meta property=\"og:title\" content=\"POLO PREMIUM - Imprenta Digital Guzm\u00e1n\" \/>\n<meta property=\"og:description\" content=\"Polo piqu\u00e9 de hombre en algod\u00f3n peinado preencogido, ideal para bordado, serigraf\u00eda o vinilo. Disponible en 10 colores y tallas XS a 3XL.\" \/>\n<meta property=\"og:url\" content=\"https:\/\/www.imprentadigitalguzman.com\/inicio\/producto\/polo-pique-personalizado-algodon-hombre\/\" \/>\n<meta property=\"og:site_name\" content=\"Imprenta Digital Guzm\u00e1n\" \/>\n<meta property=\"article:modified_time\" content=\"2026-03-11T12:31:05+00:00\" \/>\n<meta property=\"og:image\" content=\"https:\/\/www.imprentadigitalguzman.com\/wp-content\/uploads\/2026\/02\/ChatGPT-Image-3-feb-2026-11_52_57.jpg\" \/>\n\t<meta property=\"og:image:width\" content=\"800\" \/>\n\t<meta property=\"og:image:height\" content=\"800\" \/>\n\t<meta property=\"og:image:type\" content=\"image\/jpeg\" \/>\n<meta name=\"twitter:card\" content=\"summary_large_image\" \/>\n<meta name=\"twitter:label1\" content=\"Tiempo de lectura\" \/>\n\t<meta name=\"twitter:data1\" content=\"2 minutos\" \/>\n<script type=\"application\/ld+json\" class=\"yoast-schema-graph\">{\"@context\":\"https:\\\/\\\/schema.org\",\"@graph\":[{\"@type\":\"WebPage\",\"@id\":\"https:\\\/\\\/www.imprentadigitalguzman.com\\\/inicio\\\/producto\\\/polo-pique-personalizado-algodon-hombre\\\/\",\"url\":\"https:\\\/\\\/www.imprentadigitalguzman.com\\\/inicio\\\/producto\\\/polo-pique-personalizado-algodon-hombre\\\/\",\"name\":\"POLO PREMIUM - Imprenta Digital Guzm\u00e1n\",\"isPartOf\":{\"@id\":\"https:\\\/\\\/www.imprentadigitalguzman.com\\\/inicio\\\/#website\"},\"primaryImageOfPage\":{\"@id\":\"https:\\\/\\\/www.imprentadigitalguzman.com\\\/inicio\\\/producto\\\/polo-pique-personalizado-algodon-hombre\\\/#primaryimage\"},\"image\":{\"@id\":\"https:\\\/\\\/www.imprentadigitalguzman.com\\\/inicio\\\/producto\\\/polo-pique-personalizado-algodon-hombre\\\/#primaryimage\"},\"thumbnailUrl\":\"https:\\\/\\\/www.imprentadigitalguzman.com\\\/wp-content\\\/uploads\\\/2026\\\/02\\\/ChatGPT-Image-3-feb-2026-11_52_57.jpg\",\"datePublished\":\"2026-02-03T10:55:28+00:00\",\"dateModified\":\"2026-03-11T12:31:05+00:00\",\"description\":\"Polo piqu\u00e9 de hombre en algod\u00f3n peinado preencogido, ideal para bordado, serigraf\u00eda o vinilo. Disponible en 10 colores y tallas XS a 3XL.\",\"breadcrumb\":{\"@id\":\"https:\\\/\\\/www.imprentadigitalguzman.com\\\/inicio\\\/producto\\\/polo-pique-personalizado-algodon-hombre\\\/#breadcrumb\"},\"inLanguage\":\"es\",\"potentialAction\":[{\"@type\":\"ReadAction\",\"target\":[\"https:\\\/\\\/www.imprentadigitalguzman.com\\\/inicio\\\/producto\\\/polo-pique-personalizado-algodon-hombre\\\/\"]}]},{\"@type\":\"ImageObject\",\"inLanguage\":\"es\",\"@id\":\"https:\\\/\\\/www.imprentadigitalguzman.com\\\/inicio\\\/producto\\\/polo-pique-personalizado-algodon-hombre\\\/#primaryimage\",\"url\":\"https:\\\/\\\/www.imprentadigitalguzman.com\\\/wp-content\\\/uploads\\\/2026\\\/02\\\/ChatGPT-Image-3-feb-2026-11_52_57.jpg\",\"contentUrl\":\"https:\\\/\\\/www.imprentadigitalguzman.com\\\/wp-content\\\/uploads\\\/2026\\\/02\\\/ChatGPT-Image-3-feb-2026-11_52_57.jpg\",\"width\":800,\"height\":800,\"caption\":\"polos-personalizables-merchandising-espa\u00f1a-mejor-precio\"},{\"@type\":\"BreadcrumbList\",\"@id\":\"https:\\\/\\\/www.imprentadigitalguzman.com\\\/inicio\\\/producto\\\/polo-pique-personalizado-algodon-hombre\\\/#breadcrumb\",\"itemListElement\":[{\"@type\":\"ListItem\",\"position\":1,\"name\":\"Portada\",\"item\":\"https:\\\/\\\/www.imprentadigitalguzman.com\\\/inicio\\\/\"},{\"@type\":\"ListItem\",\"position\":2,\"name\":\"Shop\",\"item\":\"https:\\\/\\\/www.imprentadigitalguzman.com\\\/inicio\\\/shop\\\/\"},{\"@type\":\"ListItem\",\"position\":3,\"name\":\"POLO PREMIUM\"}]},{\"@type\":\"WebSite\",\"@id\":\"https:\\\/\\\/www.imprentadigitalguzman.com\\\/inicio\\\/#website\",\"url\":\"https:\\\/\\\/www.imprentadigitalguzman.com\\\/inicio\\\/\",\"name\":\"Imprenta Digital Guzm\u00e1n\",\"description\":\"\",\"potentialAction\":[{\"@type\":\"SearchAction\",\"target\":{\"@type\":\"EntryPoint\",\"urlTemplate\":\"https:\\\/\\\/www.imprentadigitalguzman.com\\\/inicio\\\/?s={search_term_string}\"},\"query-input\":{\"@type\":\"PropertyValueSpecification\",\"valueRequired\":true,\"valueName\":\"search_term_string\"}}],\"inLanguage\":\"es\"}]}<\/script>\n<!-- \/ Yoast SEO plugin. -->","yoast_head_json":{"title":"POLO PREMIUM - Imprenta Digital Guzm\u00e1n","description":"Polo piqu\u00e9 de hombre en algod\u00f3n peinado preencogido, ideal para bordado, serigraf\u00eda o vinilo. Disponible en 10 colores y tallas XS a 3XL.","robots":{"index":"index","follow":"follow","max-snippet":"max-snippet:-1","max-image-preview":"max-image-preview:large","max-video-preview":"max-video-preview:-1"},"canonical":"https:\/\/www.imprentadigitalguzman.com\/inicio\/producto\/polo-pique-personalizado-algodon-hombre\/","og_locale":"es_ES","og_type":"article","og_title":"POLO PREMIUM - Imprenta Digital Guzm\u00e1n","og_description":"Polo piqu\u00e9 de hombre en algod\u00f3n peinado preencogido, ideal para bordado, serigraf\u00eda o vinilo. Disponible en 10 colores y tallas XS a 3XL.","og_url":"https:\/\/www.imprentadigitalguzman.com\/inicio\/producto\/polo-pique-personalizado-algodon-hombre\/","og_site_name":"Imprenta Digital Guzm\u00e1n","article_modified_time":"2026-03-11T12:31:05+00:00","og_image":[{"width":800,"height":800,"url":"https:\/\/www.imprentadigitalguzman.com\/wp-content\/uploads\/2026\/02\/ChatGPT-Image-3-feb-2026-11_52_57.jpg","type":"image\/jpeg"}],"twitter_card":"summary_large_image","twitter_misc":{"Tiempo de lectura":"2 minutos"},"schema":{"@context":"https:\/\/schema.org","@graph":[{"@type":"WebPage","@id":"https:\/\/www.imprentadigitalguzman.com\/inicio\/producto\/polo-pique-personalizado-algodon-hombre\/","url":"https:\/\/www.imprentadigitalguzman.com\/inicio\/producto\/polo-pique-personalizado-algodon-hombre\/","name":"POLO PREMIUM - Imprenta Digital Guzm\u00e1n","isPartOf":{"@id":"https:\/\/www.imprentadigitalguzman.com\/inicio\/#website"},"primaryImageOfPage":{"@id":"https:\/\/www.imprentadigitalguzman.com\/inicio\/producto\/polo-pique-personalizado-algodon-hombre\/#primaryimage"},"image":{"@id":"https:\/\/www.imprentadigitalguzman.com\/inicio\/producto\/polo-pique-personalizado-algodon-hombre\/#primaryimage"},"thumbnailUrl":"https:\/\/www.imprentadigitalguzman.com\/wp-content\/uploads\/2026\/02\/ChatGPT-Image-3-feb-2026-11_52_57.jpg","datePublished":"2026-02-03T10:55:28+00:00","dateModified":"2026-03-11T12:31:05+00:00","description":"Polo piqu\u00e9 de hombre en algod\u00f3n peinado preencogido, ideal para bordado, serigraf\u00eda o vinilo. Disponible en 10 colores y tallas XS a 3XL.","breadcrumb":{"@id":"https:\/\/www.imprentadigitalguzman.com\/inicio\/producto\/polo-pique-personalizado-algodon-hombre\/#breadcrumb"},"inLanguage":"es","potentialAction":[{"@type":"ReadAction","target":["https:\/\/www.imprentadigitalguzman.com\/inicio\/producto\/polo-pique-personalizado-algodon-hombre\/"]}]},{"@type":"ImageObject","inLanguage":"es","@id":"https:\/\/www.imprentadigitalguzman.com\/inicio\/producto\/polo-pique-personalizado-algodon-hombre\/#primaryimage","url":"https:\/\/www.imprentadigitalguzman.com\/wp-content\/uploads\/2026\/02\/ChatGPT-Image-3-feb-2026-11_52_57.jpg","contentUrl":"https:\/\/www.imprentadigitalguzman.com\/wp-content\/uploads\/2026\/02\/ChatGPT-Image-3-feb-2026-11_52_57.jpg","width":800,"height":800,"caption":"polos-personalizables-merchandising-espa\u00f1a-mejor-precio"},{"@type":"BreadcrumbList","@id":"https:\/\/www.imprentadigitalguzman.com\/inicio\/producto\/polo-pique-personalizado-algodon-hombre\/#breadcrumb","itemListElement":[{"@type":"ListItem","position":1,"name":"Portada","item":"https:\/\/www.imprentadigitalguzman.com\/inicio\/"},{"@type":"ListItem","position":2,"name":"Shop","item":"https:\/\/www.imprentadigitalguzman.com\/inicio\/shop\/"},{"@type":"ListItem","position":3,"name":"POLO PREMIUM"}]},{"@type":"WebSite","@id":"https:\/\/www.imprentadigitalguzman.com\/inicio\/#website","url":"https:\/\/www.imprentadigitalguzman.com\/inicio\/","name":"Imprenta Digital Guzm\u00e1n","description":"","potentialAction":[{"@type":"SearchAction","target":{"@type":"EntryPoint","urlTemplate":"https:\/\/www.imprentadigitalguzman.com\/inicio\/?s={search_term_string}"},"query-input":{"@type":"PropertyValueSpecification","valueRequired":true,"valueName":"search_term_string"}}],"inLanguage":"es"}]}},"_links":{"self":[{"href":"https:\/\/www.imprentadigitalguzman.com\/inicio\/wp-json\/wp\/v2\/product\/530","targetHints":{"allow":["GET"]}}],"collection":[{"href":"https:\/\/www.imprentadigitalguzman.com\/inicio\/wp-json\/wp\/v2\/product"}],"about":[{"href":"https:\/\/www.imprentadigitalguzman.com\/inicio\/wp-json\/wp\/v2\/types\/product"}],"replies":[{"embeddable":true,"href":"https:\/\/www.imprentadigitalguzman.com\/inicio\/wp-json\/wp\/v2\/comments?post=530"}],"wp:featuredmedia":[{"embeddable":true,"href":"https:\/\/www.imprentadigitalguzman.com\/inicio\/wp-json\/wp\/v2\/media\/531"}],"wp:attachment":[{"href":"https:\/\/www.imprentadigitalguzman.com\/inicio\/wp-json\/wp\/v2\/media?parent=530"}],"wp:term":[{"taxonomy":"product_brand","embeddable":true,"href":"https:\/\/www.imprentadigitalguzman.com\/inicio\/wp-json\/wp\/v2\/product_brand?post=530"},{"taxonomy":"product_cat","embeddable":true,"href":"https:\/\/www.imprentadigitalguzman.com\/inicio\/wp-json\/wp\/v2\/product_cat?post=530"},{"taxonomy":"product_tag","embeddable":true,"href":"https:\/\/www.imprentadigitalguzman.com\/inicio\/wp-json\/wp\/v2\/product_tag?post=530"}],"curies":[{"name":"wp","href":"https:\/\/api.w.org\/{rel}","templated":true}]}}