{"id":508,"date":"2026-02-02T14:54:28","date_gmt":"2026-02-02T14:54:28","guid":{"rendered":"https:\/\/www.imprentadigitalguzman.com\/inicio\/?post_type=product&#038;p=508"},"modified":"2026-03-11T12:33:14","modified_gmt":"2026-03-11T12:33:14","slug":"full-zip-sweatshirt-personalizada-hombre","status":"publish","type":"product","link":"https:\/\/www.imprentadigitalguzman.com\/inicio\/producto\/full-zip-sweatshirt-personalizada-hombre\/","title":{"rendered":"FULL ZIP SWEATSHIRT"},"content":{"rendered":"<p data-start=\"335\" data-end=\"703\">La <strong data-start=\"338\" data-end=\"361\">Full Zip Sweatshirt<\/strong> es una <strong data-start=\"369\" data-end=\"413\">sudadera de hombre con cremallera entera<\/strong>, dise\u00f1ada para ofrecer comodidad, abrigo y un acabado moderno y funcional. Su <strong data-start=\"492\" data-end=\"523\">cremallera invisible a tono<\/strong>, completamente cubierta, junto al <strong data-start=\"558\" data-end=\"573\">cuello alto<\/strong>, aporta un dise\u00f1o limpio y profesional, ideal tanto para uso diario como para <strong data-start=\"652\" data-end=\"702\">ropa corporativa o merchandising personalizado<\/strong>.<\/p>\n<p data-start=\"705\" data-end=\"974\">Est\u00e1 confeccionada en <strong data-start=\"727\" data-end=\"760\">algod\u00f3n y poli\u00e9ster reciclado<\/strong>, combinando suavidad, resistencia y compromiso con la sostenibilidad. Su interior de <strong data-start=\"846\" data-end=\"864\">felpa perchada<\/strong> proporciona una agradable sensaci\u00f3n de abrigo, siendo perfecta para climas frescos o uso durante todo el a\u00f1o.<\/p>\n<p data-start=\"976\" data-end=\"1279\">Incorpora <strong data-start=\"986\" data-end=\"1021\">bolsillos laterales funcionales<\/strong> y <strong data-start=\"1024\" data-end=\"1067\">canal\u00e9 2&#215;1 con elastano en pu\u00f1os y bajo<\/strong>, lo que mejora el ajuste y la durabilidad de la prenda. Gracias a su superficie y estructura, es ideal para <strong data-start=\"1176\" data-end=\"1241\">personalizaci\u00f3n mediante serigraf\u00eda, vinilo textil o transfer<\/strong>, ofreciendo resultados profesionales.<\/p>\n<p data-start=\"1281\" data-end=\"1462\">Disponible en <strong data-start=\"1295\" data-end=\"1309\">11 colores<\/strong> y en tallas desde la <strong data-start=\"1331\" data-end=\"1350\">XS hasta la XXL<\/strong>, es una opci\u00f3n vers\u00e1til para empresas, equipos, eventos y marcas que buscan una sudadera pr\u00e1ctica y de calidad.<\/p>\n<p data-start=\"1464\" data-end=\"1573\">Con un <strong data-start=\"1471\" data-end=\"1505\">gramaje aproximado de 290 g\/m\u00b2<\/strong>, ofrece un equilibrio perfecto entre confort t\u00e9rmico y resistencia.<\/p>\n<p data-start=\"1464\" data-end=\"1573\">\n<hr data-start=\"1575\" data-end=\"1578\" \/>\n<h3 data-start=\"1580\" data-end=\"1612\"><strong data-start=\"1584\" data-end=\"1612\">Caracter\u00edsticas t\u00e9cnicas<\/strong><\/h3>\n<ul data-start=\"1613\" data-end=\"1801\">\n<li data-start=\"1613\" data-end=\"1655\">\n<p data-start=\"1615\" data-end=\"1655\">Cremallera entera invisible y cubierta<\/p>\n<\/li>\n<li data-start=\"1656\" data-end=\"1671\">\n<p data-start=\"1658\" data-end=\"1671\">Cuello alto<\/p>\n<\/li>\n<li data-start=\"1672\" data-end=\"1695\">\n<p data-start=\"1674\" data-end=\"1695\">Bolsillos laterales<\/p>\n<\/li>\n<li data-start=\"1696\" data-end=\"1739\">\n<p data-start=\"1698\" data-end=\"1739\">Canal\u00e9 2&#215;1 con elastano en pu\u00f1os y bajo<\/p>\n<\/li>\n<li data-start=\"1740\" data-end=\"1770\">\n<p data-start=\"1742\" data-end=\"1770\">Interior de felpa perchada<\/p>\n<\/li>\n<li data-start=\"1771\" data-end=\"1801\">\n<p data-start=\"1773\" data-end=\"1801\">Gramaje: <strong data-start=\"1782\" data-end=\"1801\">290 g\/m\u00b2 aprox.<\/strong><\/p>\n<\/li>\n<\/ul>\n<p>&nbsp;<\/p>\n<hr data-start=\"1803\" data-end=\"1806\" \/>\n<h3 data-start=\"1808\" data-end=\"1839\"><strong data-start=\"1812\" data-end=\"1839\">Composici\u00f3n seg\u00fan color<\/strong><\/h3>\n<ul data-start=\"1840\" data-end=\"1979\">\n<li data-start=\"1840\" data-end=\"1913\">\n<p data-start=\"1842\" data-end=\"1913\"><strong data-start=\"1842\" data-end=\"1857\">Colores GM:<\/strong> 61 % algod\u00f3n \/ 31 % poli\u00e9ster reciclado \/ 8 % viscosa<\/p>\n<\/li>\n<li data-start=\"1914\" data-end=\"1979\">\n<p data-start=\"1916\" data-end=\"1979\"><strong data-start=\"1916\" data-end=\"1937\">Resto de colores:<\/strong> 60 % algod\u00f3n \/ 40 % poli\u00e9ster reciclado<\/p>\n<\/li>\n<\/ul>\n","protected":false},"excerpt":{"rendered":"<p>Sudadera de hombre con cremallera entera, felpa perchada y algod\u00f3n con poli\u00e9ster reciclado. Ideal para personalizaci\u00f3n textil. Disponible en 11 colores.<\/p>\n","protected":false},"featured_media":509,"comment_status":"closed","ping_status":"closed","template":"","meta":{"_et_pb_use_builder":"","_et_pb_old_content":"","_et_gb_content_width":"","_joinchat":[]},"product_brand":[],"product_cat":[103,164],"product_tag":[106,163,134,145,138,152,165,149,153],"class_list":{"0":"post-508","1":"product","2":"type-product","3":"status-publish","4":"has-post-thumbnail","6":"product_cat-hombre","7":"product_cat-sudadera-hombre","8":"product_tag-algodon","9":"product_tag-capucha","10":"product_tag-impresion-textil","11":"product_tag-manga-larga","12":"product_tag-personalizar","13":"product_tag-personalizara","14":"product_tag-poliester","15":"product_tag-sudadera","16":"product_tag-sudadera-personalizable","18":"first","19":"instock","20":"taxable","21":"shipping-taxable","22":"purchasable","23":"product-type-variable"},"yoast_head":"<!-- This site is optimized with the Yoast SEO plugin v27.4 - https:\/\/yoast.com\/product\/yoast-seo-wordpress\/ -->\n<title>FULL ZIP SWEATSHIRT - Imprenta Digital Guzm\u00e1n<\/title>\n<meta name=\"description\" content=\"Sudadera de hombre con cremallera entera, felpa perchada y algod\u00f3n con poli\u00e9ster reciclado. Ideal para personalizaci\u00f3n textil. Disponible en 11 colores.\" \/>\n<meta name=\"robots\" content=\"index, follow, max-snippet:-1, max-image-preview:large, max-video-preview:-1\" \/>\n<link rel=\"canonical\" href=\"https:\/\/www.imprentadigitalguzman.com\/inicio\/producto\/full-zip-sweatshirt-personalizada-hombre\/\" \/>\n<meta property=\"og:locale\" content=\"es_ES\" \/>\n<meta property=\"og:type\" content=\"article\" \/>\n<meta property=\"og:title\" content=\"FULL ZIP SWEATSHIRT - Imprenta Digital Guzm\u00e1n\" \/>\n<meta property=\"og:description\" content=\"Sudadera de hombre con cremallera entera, felpa perchada y algod\u00f3n con poli\u00e9ster reciclado. Ideal para personalizaci\u00f3n textil. Disponible en 11 colores.\" \/>\n<meta property=\"og:url\" content=\"https:\/\/www.imprentadigitalguzman.com\/inicio\/producto\/full-zip-sweatshirt-personalizada-hombre\/\" \/>\n<meta property=\"og:site_name\" content=\"Imprenta Digital Guzm\u00e1n\" \/>\n<meta property=\"article:modified_time\" content=\"2026-03-11T12:33:14+00:00\" \/>\n<meta property=\"og:image\" content=\"https:\/\/www.imprentadigitalguzman.com\/wp-content\/uploads\/2026\/02\/ChatGPT-Image-2-feb-2026-15_52_33.jpg\" \/>\n\t<meta property=\"og:image:width\" content=\"800\" \/>\n\t<meta property=\"og:image:height\" content=\"1200\" \/>\n\t<meta property=\"og:image:type\" content=\"image\/jpeg\" \/>\n<meta name=\"twitter:card\" content=\"summary_large_image\" \/>\n<meta name=\"twitter:label1\" content=\"Tiempo de lectura\" \/>\n\t<meta name=\"twitter:data1\" content=\"2 minutos\" \/>\n<script type=\"application\/ld+json\" class=\"yoast-schema-graph\">{\"@context\":\"https:\\\/\\\/schema.org\",\"@graph\":[{\"@type\":\"WebPage\",\"@id\":\"https:\\\/\\\/www.imprentadigitalguzman.com\\\/inicio\\\/producto\\\/full-zip-sweatshirt-personalizada-hombre\\\/\",\"url\":\"https:\\\/\\\/www.imprentadigitalguzman.com\\\/inicio\\\/producto\\\/full-zip-sweatshirt-personalizada-hombre\\\/\",\"name\":\"FULL ZIP SWEATSHIRT - Imprenta Digital Guzm\u00e1n\",\"isPartOf\":{\"@id\":\"https:\\\/\\\/www.imprentadigitalguzman.com\\\/inicio\\\/#website\"},\"primaryImageOfPage\":{\"@id\":\"https:\\\/\\\/www.imprentadigitalguzman.com\\\/inicio\\\/producto\\\/full-zip-sweatshirt-personalizada-hombre\\\/#primaryimage\"},\"image\":{\"@id\":\"https:\\\/\\\/www.imprentadigitalguzman.com\\\/inicio\\\/producto\\\/full-zip-sweatshirt-personalizada-hombre\\\/#primaryimage\"},\"thumbnailUrl\":\"https:\\\/\\\/www.imprentadigitalguzman.com\\\/wp-content\\\/uploads\\\/2026\\\/02\\\/ChatGPT-Image-2-feb-2026-15_52_33.jpg\",\"datePublished\":\"2026-02-02T14:54:28+00:00\",\"dateModified\":\"2026-03-11T12:33:14+00:00\",\"description\":\"Sudadera de hombre con cremallera entera, felpa perchada y algod\u00f3n con poli\u00e9ster reciclado. Ideal para personalizaci\u00f3n textil. Disponible en 11 colores.\",\"breadcrumb\":{\"@id\":\"https:\\\/\\\/www.imprentadigitalguzman.com\\\/inicio\\\/producto\\\/full-zip-sweatshirt-personalizada-hombre\\\/#breadcrumb\"},\"inLanguage\":\"es\",\"potentialAction\":[{\"@type\":\"ReadAction\",\"target\":[\"https:\\\/\\\/www.imprentadigitalguzman.com\\\/inicio\\\/producto\\\/full-zip-sweatshirt-personalizada-hombre\\\/\"]}]},{\"@type\":\"ImageObject\",\"inLanguage\":\"es\",\"@id\":\"https:\\\/\\\/www.imprentadigitalguzman.com\\\/inicio\\\/producto\\\/full-zip-sweatshirt-personalizada-hombre\\\/#primaryimage\",\"url\":\"https:\\\/\\\/www.imprentadigitalguzman.com\\\/wp-content\\\/uploads\\\/2026\\\/02\\\/ChatGPT-Image-2-feb-2026-15_52_33.jpg\",\"contentUrl\":\"https:\\\/\\\/www.imprentadigitalguzman.com\\\/wp-content\\\/uploads\\\/2026\\\/02\\\/ChatGPT-Image-2-feb-2026-15_52_33.jpg\",\"width\":800,\"height\":1200,\"caption\":\"sudaderas-personalizables-merchandising-espa\u00f1a-mejor-precio\"},{\"@type\":\"BreadcrumbList\",\"@id\":\"https:\\\/\\\/www.imprentadigitalguzman.com\\\/inicio\\\/producto\\\/full-zip-sweatshirt-personalizada-hombre\\\/#breadcrumb\",\"itemListElement\":[{\"@type\":\"ListItem\",\"position\":1,\"name\":\"Portada\",\"item\":\"https:\\\/\\\/www.imprentadigitalguzman.com\\\/inicio\\\/\"},{\"@type\":\"ListItem\",\"position\":2,\"name\":\"Shop\",\"item\":\"https:\\\/\\\/www.imprentadigitalguzman.com\\\/inicio\\\/shop\\\/\"},{\"@type\":\"ListItem\",\"position\":3,\"name\":\"FULL ZIP SWEATSHIRT\"}]},{\"@type\":\"WebSite\",\"@id\":\"https:\\\/\\\/www.imprentadigitalguzman.com\\\/inicio\\\/#website\",\"url\":\"https:\\\/\\\/www.imprentadigitalguzman.com\\\/inicio\\\/\",\"name\":\"Imprenta Digital Guzm\u00e1n\",\"description\":\"\",\"potentialAction\":[{\"@type\":\"SearchAction\",\"target\":{\"@type\":\"EntryPoint\",\"urlTemplate\":\"https:\\\/\\\/www.imprentadigitalguzman.com\\\/inicio\\\/?s={search_term_string}\"},\"query-input\":{\"@type\":\"PropertyValueSpecification\",\"valueRequired\":true,\"valueName\":\"search_term_string\"}}],\"inLanguage\":\"es\"}]}<\/script>\n<!-- \/ Yoast SEO plugin. -->","yoast_head_json":{"title":"FULL ZIP SWEATSHIRT - Imprenta Digital Guzm\u00e1n","description":"Sudadera de hombre con cremallera entera, felpa perchada y algod\u00f3n con poli\u00e9ster reciclado. Ideal para personalizaci\u00f3n textil. Disponible en 11 colores.","robots":{"index":"index","follow":"follow","max-snippet":"max-snippet:-1","max-image-preview":"max-image-preview:large","max-video-preview":"max-video-preview:-1"},"canonical":"https:\/\/www.imprentadigitalguzman.com\/inicio\/producto\/full-zip-sweatshirt-personalizada-hombre\/","og_locale":"es_ES","og_type":"article","og_title":"FULL ZIP SWEATSHIRT - Imprenta Digital Guzm\u00e1n","og_description":"Sudadera de hombre con cremallera entera, felpa perchada y algod\u00f3n con poli\u00e9ster reciclado. Ideal para personalizaci\u00f3n textil. Disponible en 11 colores.","og_url":"https:\/\/www.imprentadigitalguzman.com\/inicio\/producto\/full-zip-sweatshirt-personalizada-hombre\/","og_site_name":"Imprenta Digital Guzm\u00e1n","article_modified_time":"2026-03-11T12:33:14+00:00","og_image":[{"width":800,"height":1200,"url":"https:\/\/www.imprentadigitalguzman.com\/wp-content\/uploads\/2026\/02\/ChatGPT-Image-2-feb-2026-15_52_33.jpg","type":"image\/jpeg"}],"twitter_card":"summary_large_image","twitter_misc":{"Tiempo de lectura":"2 minutos"},"schema":{"@context":"https:\/\/schema.org","@graph":[{"@type":"WebPage","@id":"https:\/\/www.imprentadigitalguzman.com\/inicio\/producto\/full-zip-sweatshirt-personalizada-hombre\/","url":"https:\/\/www.imprentadigitalguzman.com\/inicio\/producto\/full-zip-sweatshirt-personalizada-hombre\/","name":"FULL ZIP SWEATSHIRT - Imprenta Digital Guzm\u00e1n","isPartOf":{"@id":"https:\/\/www.imprentadigitalguzman.com\/inicio\/#website"},"primaryImageOfPage":{"@id":"https:\/\/www.imprentadigitalguzman.com\/inicio\/producto\/full-zip-sweatshirt-personalizada-hombre\/#primaryimage"},"image":{"@id":"https:\/\/www.imprentadigitalguzman.com\/inicio\/producto\/full-zip-sweatshirt-personalizada-hombre\/#primaryimage"},"thumbnailUrl":"https:\/\/www.imprentadigitalguzman.com\/wp-content\/uploads\/2026\/02\/ChatGPT-Image-2-feb-2026-15_52_33.jpg","datePublished":"2026-02-02T14:54:28+00:00","dateModified":"2026-03-11T12:33:14+00:00","description":"Sudadera de hombre con cremallera entera, felpa perchada y algod\u00f3n con poli\u00e9ster reciclado. Ideal para personalizaci\u00f3n textil. Disponible en 11 colores.","breadcrumb":{"@id":"https:\/\/www.imprentadigitalguzman.com\/inicio\/producto\/full-zip-sweatshirt-personalizada-hombre\/#breadcrumb"},"inLanguage":"es","potentialAction":[{"@type":"ReadAction","target":["https:\/\/www.imprentadigitalguzman.com\/inicio\/producto\/full-zip-sweatshirt-personalizada-hombre\/"]}]},{"@type":"ImageObject","inLanguage":"es","@id":"https:\/\/www.imprentadigitalguzman.com\/inicio\/producto\/full-zip-sweatshirt-personalizada-hombre\/#primaryimage","url":"https:\/\/www.imprentadigitalguzman.com\/wp-content\/uploads\/2026\/02\/ChatGPT-Image-2-feb-2026-15_52_33.jpg","contentUrl":"https:\/\/www.imprentadigitalguzman.com\/wp-content\/uploads\/2026\/02\/ChatGPT-Image-2-feb-2026-15_52_33.jpg","width":800,"height":1200,"caption":"sudaderas-personalizables-merchandising-espa\u00f1a-mejor-precio"},{"@type":"BreadcrumbList","@id":"https:\/\/www.imprentadigitalguzman.com\/inicio\/producto\/full-zip-sweatshirt-personalizada-hombre\/#breadcrumb","itemListElement":[{"@type":"ListItem","position":1,"name":"Portada","item":"https:\/\/www.imprentadigitalguzman.com\/inicio\/"},{"@type":"ListItem","position":2,"name":"Shop","item":"https:\/\/www.imprentadigitalguzman.com\/inicio\/shop\/"},{"@type":"ListItem","position":3,"name":"FULL ZIP SWEATSHIRT"}]},{"@type":"WebSite","@id":"https:\/\/www.imprentadigitalguzman.com\/inicio\/#website","url":"https:\/\/www.imprentadigitalguzman.com\/inicio\/","name":"Imprenta Digital Guzm\u00e1n","description":"","potentialAction":[{"@type":"SearchAction","target":{"@type":"EntryPoint","urlTemplate":"https:\/\/www.imprentadigitalguzman.com\/inicio\/?s={search_term_string}"},"query-input":{"@type":"PropertyValueSpecification","valueRequired":true,"valueName":"search_term_string"}}],"inLanguage":"es"}]}},"_links":{"self":[{"href":"https:\/\/www.imprentadigitalguzman.com\/inicio\/wp-json\/wp\/v2\/product\/508","targetHints":{"allow":["GET"]}}],"collection":[{"href":"https:\/\/www.imprentadigitalguzman.com\/inicio\/wp-json\/wp\/v2\/product"}],"about":[{"href":"https:\/\/www.imprentadigitalguzman.com\/inicio\/wp-json\/wp\/v2\/types\/product"}],"replies":[{"embeddable":true,"href":"https:\/\/www.imprentadigitalguzman.com\/inicio\/wp-json\/wp\/v2\/comments?post=508"}],"wp:featuredmedia":[{"embeddable":true,"href":"https:\/\/www.imprentadigitalguzman.com\/inicio\/wp-json\/wp\/v2\/media\/509"}],"wp:attachment":[{"href":"https:\/\/www.imprentadigitalguzman.com\/inicio\/wp-json\/wp\/v2\/media?parent=508"}],"wp:term":[{"taxonomy":"product_brand","embeddable":true,"href":"https:\/\/www.imprentadigitalguzman.com\/inicio\/wp-json\/wp\/v2\/product_brand?post=508"},{"taxonomy":"product_cat","embeddable":true,"href":"https:\/\/www.imprentadigitalguzman.com\/inicio\/wp-json\/wp\/v2\/product_cat?post=508"},{"taxonomy":"product_tag","embeddable":true,"href":"https:\/\/www.imprentadigitalguzman.com\/inicio\/wp-json\/wp\/v2\/product_tag?post=508"}],"curies":[{"name":"wp","href":"https:\/\/api.w.org\/{rel}","templated":true}]}}