{"id":499,"date":"2026-02-02T14:49:29","date_gmt":"2026-02-02T14:49:29","guid":{"rendered":"https:\/\/www.imprentadigitalguzman.com\/inicio\/?post_type=product&#038;p=499"},"modified":"2026-03-11T12:33:57","modified_gmt":"2026-03-11T12:33:57","slug":"hooded-cvc-sweatshirt-personalizada","status":"publish","type":"product","link":"https:\/\/www.imprentadigitalguzman.com\/inicio\/producto\/hooded-cvc-sweatshirt-personalizada\/","title":{"rendered":"HOODED CVC SWEATSHIRT"},"content":{"rendered":"<p data-start=\"329\" data-end=\"586\">La <strong data-start=\"332\" data-end=\"357\">Hooded CVC Sweatshirt<\/strong> es una <strong data-start=\"365\" data-end=\"418\">sudadera con capucha y cremallera entera cubierta<\/strong>, confeccionada en <strong data-start=\"437\" data-end=\"484\">algod\u00f3n CVC (80 % algod\u00f3n \/ 20 % poli\u00e9ster)<\/strong>, una combinaci\u00f3n que ofrece suavidad, resistencia y una excelente estabilidad al uso y a los lavados.<\/p>\n<p data-start=\"588\" data-end=\"927\">Su dise\u00f1o funcional y vers\u00e1til la convierte en una prenda ideal para <strong data-start=\"657\" data-end=\"695\">personalizaci\u00f3n textil profesional<\/strong>, ya sea mediante <strong data-start=\"713\" data-end=\"762\">serigraf\u00eda, vinilo textil, transfer o bordado<\/strong>. La <strong data-start=\"767\" data-end=\"790\">cremallera cubierta<\/strong> permite un acabado m\u00e1s limpio y uniforme en la impresi\u00f3n frontal, mientras que el <strong data-start=\"873\" data-end=\"893\">bolsillo canguro<\/strong> aporta comodidad y funcionalidad.<\/p>\n<p data-start=\"929\" data-end=\"1182\">Incorpora <strong data-start=\"939\" data-end=\"957\">felpa perchada<\/strong> en el interior, proporcionando una sensaci\u00f3n suave y c\u00e1lida, y <strong data-start=\"1021\" data-end=\"1061\">canal\u00e9 2&#215;1 con licra en pu\u00f1os y bajo<\/strong>, que garantiza un buen ajuste y mayor durabilidad. El <strong data-start=\"1116\" data-end=\"1143\">cord\u00f3n de ajuste a tono<\/strong> refuerza su dise\u00f1o discreto y cuidado.<\/p>\n<p data-start=\"1184\" data-end=\"1353\">Disponible en <strong data-start=\"1198\" data-end=\"1211\">6 colores<\/strong> y en tallas desde la <strong data-start=\"1233\" data-end=\"1252\">XS hasta la XXL<\/strong>, es una sudadera perfecta para ropa corporativa, merchandising, equipos de trabajo o marcas propias.<\/p>\n<p data-start=\"1355\" data-end=\"1452\">Con un <strong data-start=\"1362\" data-end=\"1385\">gramaje de 275 g\/m\u00b2<\/strong>, ofrece un equilibrio ideal entre abrigo, comodidad y resistencia.<\/p>\n<p data-start=\"1355\" data-end=\"1452\">\n<hr data-start=\"1454\" data-end=\"1457\" \/>\n<h3 data-start=\"1459\" data-end=\"1491\"><strong data-start=\"1463\" data-end=\"1491\">Caracter\u00edsticas t\u00e9cnicas<\/strong><\/h3>\n<ul data-start=\"1492\" data-end=\"1687\">\n<li data-start=\"1492\" data-end=\"1516\">\n<p data-start=\"1494\" data-end=\"1516\">Sudadera con capucha<\/p>\n<\/li>\n<li data-start=\"1517\" data-end=\"1544\">\n<p data-start=\"1519\" data-end=\"1544\">Cord\u00f3n de ajuste a tono<\/p>\n<\/li>\n<li data-start=\"1545\" data-end=\"1575\">\n<p data-start=\"1547\" data-end=\"1575\">Cremallera entera cubierta<\/p>\n<\/li>\n<li data-start=\"1576\" data-end=\"1596\">\n<p data-start=\"1578\" data-end=\"1596\">Bolsillo canguro<\/p>\n<\/li>\n<li data-start=\"1597\" data-end=\"1615\">\n<p data-start=\"1599\" data-end=\"1615\">Felpa perchada<\/p>\n<\/li>\n<li data-start=\"1616\" data-end=\"1656\">\n<p data-start=\"1618\" data-end=\"1656\">Canal\u00e9 2&#215;1 con licra en pu\u00f1os y bajo<\/p>\n<\/li>\n<li data-start=\"1657\" data-end=\"1687\">\n<p data-start=\"1659\" data-end=\"1687\">Gramaje: <strong data-start=\"1668\" data-end=\"1687\">275 g\/m\u00b2 aprox.<\/strong><\/p>\n<\/li>\n<\/ul>\n<p>&nbsp;<\/p>\n<hr data-start=\"1689\" data-end=\"1692\" \/>\n<h3 data-start=\"1694\" data-end=\"1725\"><strong data-start=\"1698\" data-end=\"1725\">Composici\u00f3n seg\u00fan color<\/strong><\/h3>\n<ul data-start=\"1726\" data-end=\"1851\">\n<li data-start=\"1726\" data-end=\"1787\">\n<p data-start=\"1728\" data-end=\"1787\"><strong data-start=\"1728\" data-end=\"1755\">Composici\u00f3n base (CVC):<\/strong> 80 % algod\u00f3n \/ 20 % poli\u00e9ster<\/p>\n<\/li>\n<li data-start=\"1788\" data-end=\"1851\">\n<p data-start=\"1790\" data-end=\"1851\"><strong data-start=\"1790\" data-end=\"1805\">Colores GM:<\/strong> 73 % algod\u00f3n \/ 20 % poli\u00e9ster \/ 7 % viscosa<\/p>\n<\/li>\n<\/ul>\n<p>&nbsp;<\/p>\n<hr data-start=\"1853\" data-end=\"1856\" \/>\n<h3 data-start=\"1858\" data-end=\"1883\"><strong data-start=\"1862\" data-end=\"1883\">Colores y tallaje<\/strong><\/h3>\n<ul data-start=\"1884\" data-end=\"1939\">\n<li data-start=\"1884\" data-end=\"1914\">\n<p data-start=\"1886\" data-end=\"1914\"><strong data-start=\"1886\" data-end=\"1910\">Colores disponibles:<\/strong> 6<\/p>\n<\/li>\n<li data-start=\"1915\" data-end=\"1939\">\n<p data-start=\"1917\" data-end=\"1939\"><strong data-start=\"1917\" data-end=\"1928\">Tallas:<\/strong> XS a XXL<\/p>\n<\/li>\n<\/ul>\n","protected":false},"excerpt":{"rendered":"<p data-start=\"1985\" data-end=\"2115\">Sudadera con capucha y cremallera entera cubierta, de algod\u00f3n CVC y felpa perchada. Ideal para personalizaci\u00f3n textil profesional.<\/p>\n","protected":false},"featured_media":506,"comment_status":"closed","ping_status":"closed","template":"","meta":{"_et_pb_use_builder":"","_et_pb_old_content":"","_et_gb_content_width":"","_joinchat":[]},"product_brand":[],"product_cat":[103,164],"product_tag":[106,163,172,109,134,137,149,153],"class_list":{"0":"post-499","1":"product","2":"type-product","3":"status-publish","4":"has-post-thumbnail","6":"product_cat-hombre","7":"product_cat-sudadera-hombre","8":"product_tag-algodon","9":"product_tag-capucha","10":"product_tag-cremalleras","11":"product_tag-etiqueta-removible","12":"product_tag-impresion-textil","13":"product_tag-removible","14":"product_tag-sudadera","15":"product_tag-sudadera-personalizable","17":"first","18":"instock","19":"taxable","20":"shipping-taxable","21":"purchasable","22":"product-type-variable"},"yoast_head":"<!-- This site is optimized with the Yoast SEO plugin v27.4 - https:\/\/yoast.com\/product\/yoast-seo-wordpress\/ -->\n<title>HOODED CVC SWEATSHIRT - Imprenta Digital Guzm\u00e1n<\/title>\n<meta name=\"description\" content=\"Sudadera con capucha y cremallera cubierta en algod\u00f3n CVC, ideal para personalizaci\u00f3n textil. Felpa perchada y gramaje 275 g\/m\u00b2\" \/>\n<meta name=\"robots\" content=\"index, follow, max-snippet:-1, max-image-preview:large, max-video-preview:-1\" \/>\n<link rel=\"canonical\" href=\"https:\/\/www.imprentadigitalguzman.com\/inicio\/producto\/hooded-cvc-sweatshirt-personalizada\/\" \/>\n<meta property=\"og:locale\" content=\"es_ES\" \/>\n<meta property=\"og:type\" content=\"article\" \/>\n<meta property=\"og:title\" content=\"HOODED CVC SWEATSHIRT - Imprenta Digital Guzm\u00e1n\" \/>\n<meta property=\"og:description\" content=\"Sudadera con capucha y cremallera cubierta en algod\u00f3n CVC, ideal para personalizaci\u00f3n textil. Felpa perchada y gramaje 275 g\/m\u00b2\" \/>\n<meta property=\"og:url\" content=\"https:\/\/www.imprentadigitalguzman.com\/inicio\/producto\/hooded-cvc-sweatshirt-personalizada\/\" \/>\n<meta property=\"og:site_name\" content=\"Imprenta Digital Guzm\u00e1n\" \/>\n<meta property=\"article:modified_time\" content=\"2026-03-11T12:33:57+00:00\" \/>\n<meta property=\"og:image\" content=\"https:\/\/www.imprentadigitalguzman.com\/wp-content\/uploads\/2026\/02\/Hombre-con-sudadera-blanca-y-actitud-confiada.png\" \/>\n\t<meta property=\"og:image:width\" content=\"1024\" \/>\n\t<meta property=\"og:image:height\" content=\"1536\" \/>\n\t<meta property=\"og:image:type\" content=\"image\/png\" \/>\n<meta name=\"twitter:card\" content=\"summary_large_image\" \/>\n<meta name=\"twitter:label1\" content=\"Tiempo de lectura\" \/>\n\t<meta name=\"twitter:data1\" content=\"2 minutos\" \/>\n<script type=\"application\/ld+json\" class=\"yoast-schema-graph\">{\"@context\":\"https:\\\/\\\/schema.org\",\"@graph\":[{\"@type\":\"WebPage\",\"@id\":\"https:\\\/\\\/www.imprentadigitalguzman.com\\\/inicio\\\/producto\\\/hooded-cvc-sweatshirt-personalizada\\\/\",\"url\":\"https:\\\/\\\/www.imprentadigitalguzman.com\\\/inicio\\\/producto\\\/hooded-cvc-sweatshirt-personalizada\\\/\",\"name\":\"HOODED CVC SWEATSHIRT - Imprenta Digital Guzm\u00e1n\",\"isPartOf\":{\"@id\":\"https:\\\/\\\/www.imprentadigitalguzman.com\\\/inicio\\\/#website\"},\"primaryImageOfPage\":{\"@id\":\"https:\\\/\\\/www.imprentadigitalguzman.com\\\/inicio\\\/producto\\\/hooded-cvc-sweatshirt-personalizada\\\/#primaryimage\"},\"image\":{\"@id\":\"https:\\\/\\\/www.imprentadigitalguzman.com\\\/inicio\\\/producto\\\/hooded-cvc-sweatshirt-personalizada\\\/#primaryimage\"},\"thumbnailUrl\":\"https:\\\/\\\/www.imprentadigitalguzman.com\\\/wp-content\\\/uploads\\\/2026\\\/02\\\/Hombre-con-sudadera-blanca-y-actitud-confiada.png\",\"datePublished\":\"2026-02-02T14:49:29+00:00\",\"dateModified\":\"2026-03-11T12:33:57+00:00\",\"description\":\"Sudadera con capucha y cremallera cubierta en algod\u00f3n CVC, ideal para personalizaci\u00f3n textil. Felpa perchada y gramaje 275 g\\\/m\u00b2\",\"breadcrumb\":{\"@id\":\"https:\\\/\\\/www.imprentadigitalguzman.com\\\/inicio\\\/producto\\\/hooded-cvc-sweatshirt-personalizada\\\/#breadcrumb\"},\"inLanguage\":\"es\",\"potentialAction\":[{\"@type\":\"ReadAction\",\"target\":[\"https:\\\/\\\/www.imprentadigitalguzman.com\\\/inicio\\\/producto\\\/hooded-cvc-sweatshirt-personalizada\\\/\"]}]},{\"@type\":\"ImageObject\",\"inLanguage\":\"es\",\"@id\":\"https:\\\/\\\/www.imprentadigitalguzman.com\\\/inicio\\\/producto\\\/hooded-cvc-sweatshirt-personalizada\\\/#primaryimage\",\"url\":\"https:\\\/\\\/www.imprentadigitalguzman.com\\\/wp-content\\\/uploads\\\/2026\\\/02\\\/Hombre-con-sudadera-blanca-y-actitud-confiada.png\",\"contentUrl\":\"https:\\\/\\\/www.imprentadigitalguzman.com\\\/wp-content\\\/uploads\\\/2026\\\/02\\\/Hombre-con-sudadera-blanca-y-actitud-confiada.png\",\"width\":1024,\"height\":1536,\"caption\":\"sudaderas-personalizables-merchandising-espa\u00f1a-mejor-precio\"},{\"@type\":\"BreadcrumbList\",\"@id\":\"https:\\\/\\\/www.imprentadigitalguzman.com\\\/inicio\\\/producto\\\/hooded-cvc-sweatshirt-personalizada\\\/#breadcrumb\",\"itemListElement\":[{\"@type\":\"ListItem\",\"position\":1,\"name\":\"Portada\",\"item\":\"https:\\\/\\\/www.imprentadigitalguzman.com\\\/inicio\\\/\"},{\"@type\":\"ListItem\",\"position\":2,\"name\":\"Shop\",\"item\":\"https:\\\/\\\/www.imprentadigitalguzman.com\\\/inicio\\\/shop\\\/\"},{\"@type\":\"ListItem\",\"position\":3,\"name\":\"HOODED CVC SWEATSHIRT\"}]},{\"@type\":\"WebSite\",\"@id\":\"https:\\\/\\\/www.imprentadigitalguzman.com\\\/inicio\\\/#website\",\"url\":\"https:\\\/\\\/www.imprentadigitalguzman.com\\\/inicio\\\/\",\"name\":\"Imprenta Digital Guzm\u00e1n\",\"description\":\"\",\"potentialAction\":[{\"@type\":\"SearchAction\",\"target\":{\"@type\":\"EntryPoint\",\"urlTemplate\":\"https:\\\/\\\/www.imprentadigitalguzman.com\\\/inicio\\\/?s={search_term_string}\"},\"query-input\":{\"@type\":\"PropertyValueSpecification\",\"valueRequired\":true,\"valueName\":\"search_term_string\"}}],\"inLanguage\":\"es\"}]}<\/script>\n<!-- \/ Yoast SEO plugin. -->","yoast_head_json":{"title":"HOODED CVC SWEATSHIRT - Imprenta Digital Guzm\u00e1n","description":"Sudadera con capucha y cremallera cubierta en algod\u00f3n CVC, ideal para personalizaci\u00f3n textil. Felpa perchada y gramaje 275 g\/m\u00b2","robots":{"index":"index","follow":"follow","max-snippet":"max-snippet:-1","max-image-preview":"max-image-preview:large","max-video-preview":"max-video-preview:-1"},"canonical":"https:\/\/www.imprentadigitalguzman.com\/inicio\/producto\/hooded-cvc-sweatshirt-personalizada\/","og_locale":"es_ES","og_type":"article","og_title":"HOODED CVC SWEATSHIRT - Imprenta Digital Guzm\u00e1n","og_description":"Sudadera con capucha y cremallera cubierta en algod\u00f3n CVC, ideal para personalizaci\u00f3n textil. Felpa perchada y gramaje 275 g\/m\u00b2","og_url":"https:\/\/www.imprentadigitalguzman.com\/inicio\/producto\/hooded-cvc-sweatshirt-personalizada\/","og_site_name":"Imprenta Digital Guzm\u00e1n","article_modified_time":"2026-03-11T12:33:57+00:00","og_image":[{"width":1024,"height":1536,"url":"https:\/\/www.imprentadigitalguzman.com\/wp-content\/uploads\/2026\/02\/Hombre-con-sudadera-blanca-y-actitud-confiada.png","type":"image\/png"}],"twitter_card":"summary_large_image","twitter_misc":{"Tiempo de lectura":"2 minutos"},"schema":{"@context":"https:\/\/schema.org","@graph":[{"@type":"WebPage","@id":"https:\/\/www.imprentadigitalguzman.com\/inicio\/producto\/hooded-cvc-sweatshirt-personalizada\/","url":"https:\/\/www.imprentadigitalguzman.com\/inicio\/producto\/hooded-cvc-sweatshirt-personalizada\/","name":"HOODED CVC SWEATSHIRT - Imprenta Digital Guzm\u00e1n","isPartOf":{"@id":"https:\/\/www.imprentadigitalguzman.com\/inicio\/#website"},"primaryImageOfPage":{"@id":"https:\/\/www.imprentadigitalguzman.com\/inicio\/producto\/hooded-cvc-sweatshirt-personalizada\/#primaryimage"},"image":{"@id":"https:\/\/www.imprentadigitalguzman.com\/inicio\/producto\/hooded-cvc-sweatshirt-personalizada\/#primaryimage"},"thumbnailUrl":"https:\/\/www.imprentadigitalguzman.com\/wp-content\/uploads\/2026\/02\/Hombre-con-sudadera-blanca-y-actitud-confiada.png","datePublished":"2026-02-02T14:49:29+00:00","dateModified":"2026-03-11T12:33:57+00:00","description":"Sudadera con capucha y cremallera cubierta en algod\u00f3n CVC, ideal para personalizaci\u00f3n textil. Felpa perchada y gramaje 275 g\/m\u00b2","breadcrumb":{"@id":"https:\/\/www.imprentadigitalguzman.com\/inicio\/producto\/hooded-cvc-sweatshirt-personalizada\/#breadcrumb"},"inLanguage":"es","potentialAction":[{"@type":"ReadAction","target":["https:\/\/www.imprentadigitalguzman.com\/inicio\/producto\/hooded-cvc-sweatshirt-personalizada\/"]}]},{"@type":"ImageObject","inLanguage":"es","@id":"https:\/\/www.imprentadigitalguzman.com\/inicio\/producto\/hooded-cvc-sweatshirt-personalizada\/#primaryimage","url":"https:\/\/www.imprentadigitalguzman.com\/wp-content\/uploads\/2026\/02\/Hombre-con-sudadera-blanca-y-actitud-confiada.png","contentUrl":"https:\/\/www.imprentadigitalguzman.com\/wp-content\/uploads\/2026\/02\/Hombre-con-sudadera-blanca-y-actitud-confiada.png","width":1024,"height":1536,"caption":"sudaderas-personalizables-merchandising-espa\u00f1a-mejor-precio"},{"@type":"BreadcrumbList","@id":"https:\/\/www.imprentadigitalguzman.com\/inicio\/producto\/hooded-cvc-sweatshirt-personalizada\/#breadcrumb","itemListElement":[{"@type":"ListItem","position":1,"name":"Portada","item":"https:\/\/www.imprentadigitalguzman.com\/inicio\/"},{"@type":"ListItem","position":2,"name":"Shop","item":"https:\/\/www.imprentadigitalguzman.com\/inicio\/shop\/"},{"@type":"ListItem","position":3,"name":"HOODED CVC SWEATSHIRT"}]},{"@type":"WebSite","@id":"https:\/\/www.imprentadigitalguzman.com\/inicio\/#website","url":"https:\/\/www.imprentadigitalguzman.com\/inicio\/","name":"Imprenta Digital Guzm\u00e1n","description":"","potentialAction":[{"@type":"SearchAction","target":{"@type":"EntryPoint","urlTemplate":"https:\/\/www.imprentadigitalguzman.com\/inicio\/?s={search_term_string}"},"query-input":{"@type":"PropertyValueSpecification","valueRequired":true,"valueName":"search_term_string"}}],"inLanguage":"es"}]}},"_links":{"self":[{"href":"https:\/\/www.imprentadigitalguzman.com\/inicio\/wp-json\/wp\/v2\/product\/499","targetHints":{"allow":["GET"]}}],"collection":[{"href":"https:\/\/www.imprentadigitalguzman.com\/inicio\/wp-json\/wp\/v2\/product"}],"about":[{"href":"https:\/\/www.imprentadigitalguzman.com\/inicio\/wp-json\/wp\/v2\/types\/product"}],"replies":[{"embeddable":true,"href":"https:\/\/www.imprentadigitalguzman.com\/inicio\/wp-json\/wp\/v2\/comments?post=499"}],"wp:featuredmedia":[{"embeddable":true,"href":"https:\/\/www.imprentadigitalguzman.com\/inicio\/wp-json\/wp\/v2\/media\/506"}],"wp:attachment":[{"href":"https:\/\/www.imprentadigitalguzman.com\/inicio\/wp-json\/wp\/v2\/media?parent=499"}],"wp:term":[{"taxonomy":"product_brand","embeddable":true,"href":"https:\/\/www.imprentadigitalguzman.com\/inicio\/wp-json\/wp\/v2\/product_brand?post=499"},{"taxonomy":"product_cat","embeddable":true,"href":"https:\/\/www.imprentadigitalguzman.com\/inicio\/wp-json\/wp\/v2\/product_cat?post=499"},{"taxonomy":"product_tag","embeddable":true,"href":"https:\/\/www.imprentadigitalguzman.com\/inicio\/wp-json\/wp\/v2\/product_tag?post=499"}],"curies":[{"name":"wp","href":"https:\/\/api.w.org\/{rel}","templated":true}]}}