{"id":489,"date":"2026-02-02T14:44:45","date_gmt":"2026-02-02T14:44:45","guid":{"rendered":"https:\/\/www.imprentadigitalguzman.com\/inicio\/?post_type=product&#038;p=489"},"modified":"2026-03-11T12:34:51","modified_gmt":"2026-03-11T12:34:51","slug":"unisex-ocean-hooded-contrast-kangaroo-personalizada","status":"publish","type":"product","link":"https:\/\/www.imprentadigitalguzman.com\/inicio\/producto\/unisex-ocean-hooded-contrast-kangaroo-personalizada\/","title":{"rendered":"UNISEX OCEAN HOODED CONTRAST KANGAROO"},"content":{"rendered":"<p data-start=\"350\" data-end=\"707\">La <strong data-start=\"353\" data-end=\"394\">Unisex Ocean Hooded Contrast Kangaroo<\/strong> es una <strong data-start=\"402\" data-end=\"465\">sudadera unisex con capucha en contraste y bolsillo canguro<\/strong>, dise\u00f1ada para proyectos de <strong data-start=\"494\" data-end=\"532\">personalizaci\u00f3n textil profesional<\/strong> que buscan un toque diferenciador en el dise\u00f1o. El contraste en la capucha aporta un estilo moderno y atractivo, ideal para marcas, merchandising, eventos o ropa corporativa.<\/p>\n<p data-start=\"709\" data-end=\"999\">Gracias a su <strong data-start=\"722\" data-end=\"755\">mayor proporci\u00f3n de poli\u00e9ster<\/strong>, esta sudadera ofrece excelentes resultados en <strong data-start=\"803\" data-end=\"837\">serigraf\u00eda, bordado y transfer<\/strong>. Adem\u00e1s, algunos de nuestros clientes utilizan la <strong data-start=\"888\" data-end=\"924\">sudadera blanca para sublimaci\u00f3n<\/strong>, lo que la convierte en una opci\u00f3n muy vers\u00e1til para dise\u00f1os a todo color.<\/p>\n<p data-start=\"1001\" data-end=\"1191\">Cuenta con <strong data-start=\"1012\" data-end=\"1053\">cord\u00f3n de ajuste a tono con el cuerpo<\/strong>, <strong data-start=\"1055\" data-end=\"1085\">bolsillo canguro funcional<\/strong> y <strong data-start=\"1088\" data-end=\"1151\">pu\u00f1os y bajo confeccionados en el mismo tejido de la prenda<\/strong>, logrando un acabado uniforme y actual.<\/p>\n<p data-start=\"1193\" data-end=\"1445\">Disponible en <strong data-start=\"1207\" data-end=\"1220\">6 colores<\/strong> y en tallas desde la <strong data-start=\"1242\" data-end=\"1261\">XS hasta la XXL<\/strong>, es una sudadera c\u00f3moda, resistente y pensada para un uso continuado. Su <strong data-start=\"1335\" data-end=\"1362\">gramaje de 260\u2013265 g\/m\u00b2<\/strong> la hace ideal para climas templados o frescos y para utilizar durante todo el a\u00f1o.<\/p>\n<p data-start=\"1193\" data-end=\"1445\">\n<hr data-start=\"1447\" data-end=\"1450\" \/>\n<h3 data-start=\"1452\" data-end=\"1484\"><strong data-start=\"1456\" data-end=\"1484\">Caracter\u00edsticas t\u00e9cnicas<\/strong><\/h3>\n<ul data-start=\"1485\" data-end=\"1765\">\n<li data-start=\"1485\" data-end=\"1501\">\n<p data-start=\"1487\" data-end=\"1501\">Corte unisex<\/p>\n<\/li>\n<li data-start=\"1502\" data-end=\"1526\">\n<p data-start=\"1504\" data-end=\"1526\">Capucha en contraste<\/p>\n<\/li>\n<li data-start=\"1527\" data-end=\"1568\">\n<p data-start=\"1529\" data-end=\"1568\">Cord\u00f3n de ajuste a tono con el cuerpo<\/p>\n<\/li>\n<li data-start=\"1569\" data-end=\"1589\">\n<p data-start=\"1571\" data-end=\"1589\">Bolsillo canguro<\/p>\n<\/li>\n<li data-start=\"1590\" data-end=\"1638\">\n<p data-start=\"1592\" data-end=\"1638\">Pu\u00f1os y bajo en el mismo tejido de la prenda<\/p>\n<\/li>\n<li data-start=\"1639\" data-end=\"1684\">\n<p data-start=\"1641\" data-end=\"1684\">Ideal para serigraf\u00eda, bordado y transfer<\/p>\n<\/li>\n<li data-start=\"1685\" data-end=\"1730\">\n<p data-start=\"1687\" data-end=\"1730\">Apta para <strong data-start=\"1697\" data-end=\"1728\">sublimaci\u00f3n en color blanco<\/strong><\/p>\n<\/li>\n<li data-start=\"1731\" data-end=\"1765\">\n<p data-start=\"1733\" data-end=\"1765\">Gramaje: <strong data-start=\"1742\" data-end=\"1765\">260\u2013265 g\/m\u00b2 aprox.<\/strong><\/p>\n<\/li>\n<\/ul>\n<p>&nbsp;<\/p>\n<hr data-start=\"1767\" data-end=\"1770\" \/>\n<h3 data-start=\"1772\" data-end=\"1803\"><strong data-start=\"1776\" data-end=\"1803\">Composici\u00f3n seg\u00fan color<\/strong><\/h3>\n<ul data-start=\"1804\" data-end=\"1915\">\n<li data-start=\"1804\" data-end=\"1859\">\n<p data-start=\"1806\" data-end=\"1859\"><strong data-start=\"1806\" data-end=\"1813\">AS:<\/strong> 67 % algod\u00f3n \/ 31 % poli\u00e9ster \/ 2 % viscosa<\/p>\n<\/li>\n<li data-start=\"1860\" data-end=\"1915\">\n<p data-start=\"1862\" data-end=\"1915\"><strong data-start=\"1862\" data-end=\"1883\">Composici\u00f3n base:<\/strong> 65 % poli\u00e9ster \/ 35 % algod\u00f3n<\/p>\n<\/li>\n<\/ul>\n<p>&nbsp;<\/p>\n<hr data-start=\"1917\" data-end=\"1920\" \/>\n<h3 data-start=\"1922\" data-end=\"1947\"><strong data-start=\"1926\" data-end=\"1947\">Colores y tallaje<\/strong><\/h3>\n<ul data-start=\"1948\" data-end=\"2003\">\n<li data-start=\"1948\" data-end=\"1978\">\n<p data-start=\"1950\" data-end=\"1978\"><strong data-start=\"1950\" data-end=\"1974\">Colores disponibles:<\/strong> 6<\/p>\n<\/li>\n<li data-start=\"1979\" data-end=\"2003\">\n<p data-start=\"1981\" data-end=\"2003\"><strong data-start=\"1981\" data-end=\"1992\">Tallas:<\/strong> XS a XXL<\/p>\n<\/li>\n<\/ul>\n","protected":false},"excerpt":{"rendered":"<p>Sudadera unisex con capucha en contraste y bolsillo canguro, ideal para personalizaci\u00f3n textil y sublimaci\u00f3n en blanco.<\/p>\n","protected":false},"featured_media":496,"comment_status":"closed","ping_status":"closed","template":"","meta":{"_et_pb_use_builder":"","_et_pb_old_content":"","_et_gb_content_width":"","_joinchat":[]},"product_brand":[],"product_cat":[148,147],"product_tag":[106,109,134,138,137,149,153,133],"class_list":{"0":"post-489","1":"product","2":"type-product","3":"status-publish","4":"has-post-thumbnail","6":"product_cat-sudadera","7":"product_cat-unisex","8":"product_tag-algodon","9":"product_tag-etiqueta-removible","10":"product_tag-impresion-textil","11":"product_tag-personalizar","12":"product_tag-removible","13":"product_tag-sudadera","14":"product_tag-sudadera-personalizable","15":"product_tag-unisex","17":"first","18":"instock","19":"taxable","20":"shipping-taxable","21":"purchasable","22":"product-type-variable"},"yoast_head":"<!-- This site is optimized with the Yoast SEO plugin v27.4 - https:\/\/yoast.com\/product\/yoast-seo-wordpress\/ -->\n<title>UNISEX OCEAN HOODED CONTRAST KANGAROO - Imprenta Digital Guzm\u00e1n<\/title>\n<meta name=\"description\" content=\"Sudadera unisex con capucha en contraste, ideal para serigraf\u00eda, bordado, transfer y sublimaci\u00f3n en blanco. Gramaje 260\u2013265 g\/m\u00b2.\" \/>\n<meta name=\"robots\" content=\"index, follow, max-snippet:-1, max-image-preview:large, max-video-preview:-1\" \/>\n<link rel=\"canonical\" href=\"https:\/\/www.imprentadigitalguzman.com\/inicio\/producto\/unisex-ocean-hooded-contrast-kangaroo-personalizada\/\" \/>\n<meta property=\"og:locale\" content=\"es_ES\" \/>\n<meta property=\"og:type\" content=\"article\" \/>\n<meta property=\"og:title\" content=\"UNISEX OCEAN HOODED CONTRAST KANGAROO - Imprenta Digital Guzm\u00e1n\" \/>\n<meta property=\"og:description\" content=\"Sudadera unisex con capucha en contraste, ideal para serigraf\u00eda, bordado, transfer y sublimaci\u00f3n en blanco. Gramaje 260\u2013265 g\/m\u00b2.\" \/>\n<meta property=\"og:url\" content=\"https:\/\/www.imprentadigitalguzman.com\/inicio\/producto\/unisex-ocean-hooded-contrast-kangaroo-personalizada\/\" \/>\n<meta property=\"og:site_name\" content=\"Imprenta Digital Guzm\u00e1n\" \/>\n<meta property=\"article:modified_time\" content=\"2026-03-11T12:34:51+00:00\" \/>\n<meta property=\"og:image\" content=\"https:\/\/www.imprentadigitalguzman.com\/wp-content\/uploads\/2026\/02\/ChatGPT-Image-2-feb-2026-15_44_01.jpg\" \/>\n\t<meta property=\"og:image:width\" content=\"800\" \/>\n\t<meta property=\"og:image:height\" content=\"1200\" \/>\n\t<meta property=\"og:image:type\" content=\"image\/jpeg\" \/>\n<meta name=\"twitter:card\" content=\"summary_large_image\" \/>\n<meta name=\"twitter:label1\" content=\"Tiempo de lectura\" \/>\n\t<meta name=\"twitter:data1\" content=\"2 minutos\" \/>\n<script type=\"application\/ld+json\" class=\"yoast-schema-graph\">{\"@context\":\"https:\\\/\\\/schema.org\",\"@graph\":[{\"@type\":\"WebPage\",\"@id\":\"https:\\\/\\\/www.imprentadigitalguzman.com\\\/inicio\\\/producto\\\/unisex-ocean-hooded-contrast-kangaroo-personalizada\\\/\",\"url\":\"https:\\\/\\\/www.imprentadigitalguzman.com\\\/inicio\\\/producto\\\/unisex-ocean-hooded-contrast-kangaroo-personalizada\\\/\",\"name\":\"UNISEX OCEAN HOODED CONTRAST KANGAROO - Imprenta Digital Guzm\u00e1n\",\"isPartOf\":{\"@id\":\"https:\\\/\\\/www.imprentadigitalguzman.com\\\/inicio\\\/#website\"},\"primaryImageOfPage\":{\"@id\":\"https:\\\/\\\/www.imprentadigitalguzman.com\\\/inicio\\\/producto\\\/unisex-ocean-hooded-contrast-kangaroo-personalizada\\\/#primaryimage\"},\"image\":{\"@id\":\"https:\\\/\\\/www.imprentadigitalguzman.com\\\/inicio\\\/producto\\\/unisex-ocean-hooded-contrast-kangaroo-personalizada\\\/#primaryimage\"},\"thumbnailUrl\":\"https:\\\/\\\/www.imprentadigitalguzman.com\\\/wp-content\\\/uploads\\\/2026\\\/02\\\/ChatGPT-Image-2-feb-2026-15_44_01.jpg\",\"datePublished\":\"2026-02-02T14:44:45+00:00\",\"dateModified\":\"2026-03-11T12:34:51+00:00\",\"description\":\"Sudadera unisex con capucha en contraste, ideal para serigraf\u00eda, bordado, transfer y sublimaci\u00f3n en blanco. Gramaje 260\u2013265 g\\\/m\u00b2.\",\"breadcrumb\":{\"@id\":\"https:\\\/\\\/www.imprentadigitalguzman.com\\\/inicio\\\/producto\\\/unisex-ocean-hooded-contrast-kangaroo-personalizada\\\/#breadcrumb\"},\"inLanguage\":\"es\",\"potentialAction\":[{\"@type\":\"ReadAction\",\"target\":[\"https:\\\/\\\/www.imprentadigitalguzman.com\\\/inicio\\\/producto\\\/unisex-ocean-hooded-contrast-kangaroo-personalizada\\\/\"]}]},{\"@type\":\"ImageObject\",\"inLanguage\":\"es\",\"@id\":\"https:\\\/\\\/www.imprentadigitalguzman.com\\\/inicio\\\/producto\\\/unisex-ocean-hooded-contrast-kangaroo-personalizada\\\/#primaryimage\",\"url\":\"https:\\\/\\\/www.imprentadigitalguzman.com\\\/wp-content\\\/uploads\\\/2026\\\/02\\\/ChatGPT-Image-2-feb-2026-15_44_01.jpg\",\"contentUrl\":\"https:\\\/\\\/www.imprentadigitalguzman.com\\\/wp-content\\\/uploads\\\/2026\\\/02\\\/ChatGPT-Image-2-feb-2026-15_44_01.jpg\",\"width\":800,\"height\":1200,\"caption\":\"sudaderas-personalizables-merchandising-espa\u00f1a-mejor-precio\"},{\"@type\":\"BreadcrumbList\",\"@id\":\"https:\\\/\\\/www.imprentadigitalguzman.com\\\/inicio\\\/producto\\\/unisex-ocean-hooded-contrast-kangaroo-personalizada\\\/#breadcrumb\",\"itemListElement\":[{\"@type\":\"ListItem\",\"position\":1,\"name\":\"Portada\",\"item\":\"https:\\\/\\\/www.imprentadigitalguzman.com\\\/inicio\\\/\"},{\"@type\":\"ListItem\",\"position\":2,\"name\":\"Shop\",\"item\":\"https:\\\/\\\/www.imprentadigitalguzman.com\\\/inicio\\\/shop\\\/\"},{\"@type\":\"ListItem\",\"position\":3,\"name\":\"UNISEX OCEAN HOODED CONTRAST KANGAROO\"}]},{\"@type\":\"WebSite\",\"@id\":\"https:\\\/\\\/www.imprentadigitalguzman.com\\\/inicio\\\/#website\",\"url\":\"https:\\\/\\\/www.imprentadigitalguzman.com\\\/inicio\\\/\",\"name\":\"Imprenta Digital Guzm\u00e1n\",\"description\":\"\",\"potentialAction\":[{\"@type\":\"SearchAction\",\"target\":{\"@type\":\"EntryPoint\",\"urlTemplate\":\"https:\\\/\\\/www.imprentadigitalguzman.com\\\/inicio\\\/?s={search_term_string}\"},\"query-input\":{\"@type\":\"PropertyValueSpecification\",\"valueRequired\":true,\"valueName\":\"search_term_string\"}}],\"inLanguage\":\"es\"}]}<\/script>\n<!-- \/ Yoast SEO plugin. -->","yoast_head_json":{"title":"UNISEX OCEAN HOODED CONTRAST KANGAROO - Imprenta Digital Guzm\u00e1n","description":"Sudadera unisex con capucha en contraste, ideal para serigraf\u00eda, bordado, transfer y sublimaci\u00f3n en blanco. Gramaje 260\u2013265 g\/m\u00b2.","robots":{"index":"index","follow":"follow","max-snippet":"max-snippet:-1","max-image-preview":"max-image-preview:large","max-video-preview":"max-video-preview:-1"},"canonical":"https:\/\/www.imprentadigitalguzman.com\/inicio\/producto\/unisex-ocean-hooded-contrast-kangaroo-personalizada\/","og_locale":"es_ES","og_type":"article","og_title":"UNISEX OCEAN HOODED CONTRAST KANGAROO - Imprenta Digital Guzm\u00e1n","og_description":"Sudadera unisex con capucha en contraste, ideal para serigraf\u00eda, bordado, transfer y sublimaci\u00f3n en blanco. Gramaje 260\u2013265 g\/m\u00b2.","og_url":"https:\/\/www.imprentadigitalguzman.com\/inicio\/producto\/unisex-ocean-hooded-contrast-kangaroo-personalizada\/","og_site_name":"Imprenta Digital Guzm\u00e1n","article_modified_time":"2026-03-11T12:34:51+00:00","og_image":[{"width":800,"height":1200,"url":"https:\/\/www.imprentadigitalguzman.com\/wp-content\/uploads\/2026\/02\/ChatGPT-Image-2-feb-2026-15_44_01.jpg","type":"image\/jpeg"}],"twitter_card":"summary_large_image","twitter_misc":{"Tiempo de lectura":"2 minutos"},"schema":{"@context":"https:\/\/schema.org","@graph":[{"@type":"WebPage","@id":"https:\/\/www.imprentadigitalguzman.com\/inicio\/producto\/unisex-ocean-hooded-contrast-kangaroo-personalizada\/","url":"https:\/\/www.imprentadigitalguzman.com\/inicio\/producto\/unisex-ocean-hooded-contrast-kangaroo-personalizada\/","name":"UNISEX OCEAN HOODED CONTRAST KANGAROO - Imprenta Digital Guzm\u00e1n","isPartOf":{"@id":"https:\/\/www.imprentadigitalguzman.com\/inicio\/#website"},"primaryImageOfPage":{"@id":"https:\/\/www.imprentadigitalguzman.com\/inicio\/producto\/unisex-ocean-hooded-contrast-kangaroo-personalizada\/#primaryimage"},"image":{"@id":"https:\/\/www.imprentadigitalguzman.com\/inicio\/producto\/unisex-ocean-hooded-contrast-kangaroo-personalizada\/#primaryimage"},"thumbnailUrl":"https:\/\/www.imprentadigitalguzman.com\/wp-content\/uploads\/2026\/02\/ChatGPT-Image-2-feb-2026-15_44_01.jpg","datePublished":"2026-02-02T14:44:45+00:00","dateModified":"2026-03-11T12:34:51+00:00","description":"Sudadera unisex con capucha en contraste, ideal para serigraf\u00eda, bordado, transfer y sublimaci\u00f3n en blanco. Gramaje 260\u2013265 g\/m\u00b2.","breadcrumb":{"@id":"https:\/\/www.imprentadigitalguzman.com\/inicio\/producto\/unisex-ocean-hooded-contrast-kangaroo-personalizada\/#breadcrumb"},"inLanguage":"es","potentialAction":[{"@type":"ReadAction","target":["https:\/\/www.imprentadigitalguzman.com\/inicio\/producto\/unisex-ocean-hooded-contrast-kangaroo-personalizada\/"]}]},{"@type":"ImageObject","inLanguage":"es","@id":"https:\/\/www.imprentadigitalguzman.com\/inicio\/producto\/unisex-ocean-hooded-contrast-kangaroo-personalizada\/#primaryimage","url":"https:\/\/www.imprentadigitalguzman.com\/wp-content\/uploads\/2026\/02\/ChatGPT-Image-2-feb-2026-15_44_01.jpg","contentUrl":"https:\/\/www.imprentadigitalguzman.com\/wp-content\/uploads\/2026\/02\/ChatGPT-Image-2-feb-2026-15_44_01.jpg","width":800,"height":1200,"caption":"sudaderas-personalizables-merchandising-espa\u00f1a-mejor-precio"},{"@type":"BreadcrumbList","@id":"https:\/\/www.imprentadigitalguzman.com\/inicio\/producto\/unisex-ocean-hooded-contrast-kangaroo-personalizada\/#breadcrumb","itemListElement":[{"@type":"ListItem","position":1,"name":"Portada","item":"https:\/\/www.imprentadigitalguzman.com\/inicio\/"},{"@type":"ListItem","position":2,"name":"Shop","item":"https:\/\/www.imprentadigitalguzman.com\/inicio\/shop\/"},{"@type":"ListItem","position":3,"name":"UNISEX OCEAN HOODED CONTRAST KANGAROO"}]},{"@type":"WebSite","@id":"https:\/\/www.imprentadigitalguzman.com\/inicio\/#website","url":"https:\/\/www.imprentadigitalguzman.com\/inicio\/","name":"Imprenta Digital Guzm\u00e1n","description":"","potentialAction":[{"@type":"SearchAction","target":{"@type":"EntryPoint","urlTemplate":"https:\/\/www.imprentadigitalguzman.com\/inicio\/?s={search_term_string}"},"query-input":{"@type":"PropertyValueSpecification","valueRequired":true,"valueName":"search_term_string"}}],"inLanguage":"es"}]}},"_links":{"self":[{"href":"https:\/\/www.imprentadigitalguzman.com\/inicio\/wp-json\/wp\/v2\/product\/489","targetHints":{"allow":["GET"]}}],"collection":[{"href":"https:\/\/www.imprentadigitalguzman.com\/inicio\/wp-json\/wp\/v2\/product"}],"about":[{"href":"https:\/\/www.imprentadigitalguzman.com\/inicio\/wp-json\/wp\/v2\/types\/product"}],"replies":[{"embeddable":true,"href":"https:\/\/www.imprentadigitalguzman.com\/inicio\/wp-json\/wp\/v2\/comments?post=489"}],"wp:featuredmedia":[{"embeddable":true,"href":"https:\/\/www.imprentadigitalguzman.com\/inicio\/wp-json\/wp\/v2\/media\/496"}],"wp:attachment":[{"href":"https:\/\/www.imprentadigitalguzman.com\/inicio\/wp-json\/wp\/v2\/media?parent=489"}],"wp:term":[{"taxonomy":"product_brand","embeddable":true,"href":"https:\/\/www.imprentadigitalguzman.com\/inicio\/wp-json\/wp\/v2\/product_brand?post=489"},{"taxonomy":"product_cat","embeddable":true,"href":"https:\/\/www.imprentadigitalguzman.com\/inicio\/wp-json\/wp\/v2\/product_cat?post=489"},{"taxonomy":"product_tag","embeddable":true,"href":"https:\/\/www.imprentadigitalguzman.com\/inicio\/wp-json\/wp\/v2\/product_tag?post=489"}],"curies":[{"name":"wp","href":"https:\/\/api.w.org\/{rel}","templated":true}]}}