{"id":469,"date":"2026-02-02T14:29:55","date_gmt":"2026-02-02T14:29:55","guid":{"rendered":"https:\/\/www.imprentadigitalguzman.com\/inicio\/?post_type=product&#038;p=469"},"modified":"2026-04-13T12:31:01","modified_gmt":"2026-04-13T12:31:01","slug":"jt-kangaroo-sudadera-unisex-personalizada","status":"publish","type":"product","link":"https:\/\/www.imprentadigitalguzman.com\/inicio\/producto\/jt-kangaroo-sudadera-unisex-personalizada\/","title":{"rendered":"JT KANGAROO"},"content":{"rendered":"<p data-start=\"317\" data-end=\"629\">a <strong data-start=\"320\" data-end=\"335\">JT Kangaroo<\/strong> es una <strong data-start=\"343\" data-end=\"393\">sudadera unisex con capucha y bolsillo canguro<\/strong>, pensada para ofrecer comodidad, funcionalidad y un dise\u00f1o limpio, ideal para <strong data-start=\"472\" data-end=\"510\">personalizaci\u00f3n textil profesional<\/strong>. Su estilo cl\u00e1sico la convierte en una opci\u00f3n perfecta para ropa corporativa, merchandising, eventos o marcas propias.<\/p>\n<p data-start=\"631\" data-end=\"893\">Incorpora <strong data-start=\"641\" data-end=\"682\">cord\u00f3n de ajuste a tono con el cuerpo<\/strong>, aportando un acabado discreto y uniforme. A diferencia de las sudaderas tradicionales, cuenta con <strong data-start=\"782\" data-end=\"845\">pu\u00f1os y bajo confeccionados en el mismo tejido de la prenda<\/strong>, lo que le da un look m\u00e1s minimalista y actual.<\/p>\n<p data-start=\"895\" data-end=\"1123\">Est\u00e1 fabricada en una <strong data-start=\"917\" data-end=\"962\">mezcla equilibrada de algod\u00f3n y poli\u00e9ster<\/strong>, proporcionando suavidad, resistencia y una buena estabilidad al uso y a los lavados. El <strong data-start=\"1052\" data-end=\"1072\">bolsillo canguro<\/strong> a\u00f1ade funcionalidad y comodidad para el d\u00eda a d\u00eda.<\/p>\n<p data-start=\"1125\" data-end=\"1324\">Disponible en <strong data-start=\"1139\" data-end=\"1152\">6 colores<\/strong> y en tallas desde la <strong data-start=\"1174\" data-end=\"1193\">XS hasta la 3XL<\/strong>, esta sudadera es totalmente compatible con <strong data-start=\"1238\" data-end=\"1278\">serigraf\u00eda, vinilo textil y transfer<\/strong>, garantizando resultados limpios y duraderos.<\/p>\n<p data-start=\"1326\" data-end=\"1439\">Con un <strong data-start=\"1333\" data-end=\"1371\">gramaje medio-alto de 260\u2013265 g\/m\u00b2<\/strong>, es ideal para climas templados o frescos y para un uso continuado.<\/p>\n<hr data-start=\"1441\" data-end=\"1444\" \/>\n<h3 data-start=\"1446\" data-end=\"1478\"><strong data-start=\"1450\" data-end=\"1478\">Caracter\u00edsticas t\u00e9cnicas<\/strong><\/h3>\n<ul data-start=\"1479\" data-end=\"1671\">\n<li data-start=\"1479\" data-end=\"1495\">\n<p data-start=\"1481\" data-end=\"1495\">Corte unisex<\/p>\n<\/li>\n<li data-start=\"1496\" data-end=\"1535\">\n<p data-start=\"1498\" data-end=\"1535\">Capucha con cord\u00f3n de ajuste a tono<\/p>\n<\/li>\n<li data-start=\"1536\" data-end=\"1556\">\n<p data-start=\"1538\" data-end=\"1556\">Bolsillo canguro<\/p>\n<\/li>\n<li data-start=\"1557\" data-end=\"1605\">\n<p data-start=\"1559\" data-end=\"1605\">Pu\u00f1os y bajo en el mismo tejido de la prenda<\/p>\n<\/li>\n<li data-start=\"1606\" data-end=\"1636\">\n<p data-start=\"1608\" data-end=\"1636\">Prenda c\u00f3moda y resistente<\/p>\n<\/li>\n<li data-start=\"1637\" data-end=\"1671\">\n<p data-start=\"1639\" data-end=\"1671\">Gramaje: <strong data-start=\"1648\" data-end=\"1671\">260\u2013265 g\/m\u00b2 aprox.<\/strong><\/p>\n<\/li>\n<\/ul>\n<p>&nbsp;<\/p>\n<hr data-start=\"1673\" data-end=\"1676\" \/>\n<h3 data-start=\"1678\" data-end=\"1709\"><strong data-start=\"1682\" data-end=\"1709\">Composici\u00f3n seg\u00fan color<\/strong><\/h3>\n<ul data-start=\"1710\" data-end=\"1829\">\n<li data-start=\"1710\" data-end=\"1765\">\n<p data-start=\"1712\" data-end=\"1765\"><strong data-start=\"1712\" data-end=\"1733\">Composici\u00f3n base:<\/strong> 60 % algod\u00f3n \/ 40 % poli\u00e9ster<\/p>\n<\/li>\n<li data-start=\"1766\" data-end=\"1829\">\n<p data-start=\"1768\" data-end=\"1829\"><strong data-start=\"1768\" data-end=\"1783\">Colores GM:<\/strong> 61 % algod\u00f3n \/ 31 % poli\u00e9ster \/ 8 % viscosa<\/p>\n<\/li>\n<\/ul>\n<p>&nbsp;<\/p>\n<hr data-start=\"1831\" data-end=\"1834\" \/>\n<h3 data-start=\"1836\" data-end=\"1861\"><strong data-start=\"1840\" data-end=\"1861\">Colores y tallaje<\/strong><\/h3>\n<ul data-start=\"1862\" data-end=\"1917\">\n<li data-start=\"1862\" data-end=\"1892\">\n<p data-start=\"1864\" data-end=\"1892\"><strong data-start=\"1864\" data-end=\"1888\">Colores disponibles:<\/strong> 6<\/p>\n<\/li>\n<li data-start=\"1893\" data-end=\"1917\">\n<p data-start=\"1895\" data-end=\"1917\"><strong data-start=\"1895\" data-end=\"1906\">Tallas:<\/strong> XS a 3XL<\/p>\n<\/li>\n<\/ul>\n","protected":false},"excerpt":{"rendered":"<p>Sudadera unisex con capucha y bolsillo canguro, de acabado liso y resistente. Ideal para personalizaci\u00f3n textil. Disponible en 6 colores y tallas XS a 3XL.<\/p>\n","protected":false},"featured_media":470,"comment_status":"closed","ping_status":"closed","template":"","meta":{"_et_pb_use_builder":"","_et_pb_old_content":"","_et_gb_content_width":"","_joinchat":[]},"product_brand":[],"product_cat":[148,147],"product_tag":[106,163,143,109,145,138,152,137,149,153,133],"class_list":{"0":"post-469","1":"product","2":"type-product","3":"status-publish","4":"has-post-thumbnail","6":"product_cat-sudadera","7":"product_cat-unisex","8":"product_tag-algodon","9":"product_tag-capucha","10":"product_tag-confort","11":"product_tag-etiqueta-removible","12":"product_tag-manga-larga","13":"product_tag-personalizar","14":"product_tag-personalizara","15":"product_tag-removible","16":"product_tag-sudadera","17":"product_tag-sudadera-personalizable","18":"product_tag-unisex","20":"first","21":"instock","22":"taxable","23":"shipping-taxable","24":"purchasable","25":"product-type-variable"},"yoast_head":"<!-- This site is optimized with the Yoast SEO plugin v27.4 - https:\/\/yoast.com\/product\/yoast-seo-wordpress\/ -->\n<title>JT KANGAROO - Imprenta Digital Guzm\u00e1n<\/title>\n<meta name=\"description\" content=\"Sudadera unisex con capucha y bolsillo canguro, ideal para personalizaci\u00f3n textil. Gramaje 260\u2013265 g\/m\u00b2, 6 colores y tallas XS a 3XL.\" \/>\n<meta name=\"robots\" content=\"index, follow, max-snippet:-1, max-image-preview:large, max-video-preview:-1\" \/>\n<link rel=\"canonical\" href=\"https:\/\/www.imprentadigitalguzman.com\/inicio\/producto\/jt-kangaroo-sudadera-unisex-personalizada\/\" \/>\n<meta property=\"og:locale\" content=\"es_ES\" \/>\n<meta property=\"og:type\" content=\"article\" \/>\n<meta property=\"og:title\" content=\"JT KANGAROO - Imprenta Digital Guzm\u00e1n\" \/>\n<meta property=\"og:description\" content=\"Sudadera unisex con capucha y bolsillo canguro, ideal para personalizaci\u00f3n textil. Gramaje 260\u2013265 g\/m\u00b2, 6 colores y tallas XS a 3XL.\" \/>\n<meta property=\"og:url\" content=\"https:\/\/www.imprentadigitalguzman.com\/inicio\/producto\/jt-kangaroo-sudadera-unisex-personalizada\/\" \/>\n<meta property=\"og:site_name\" content=\"Imprenta Digital Guzm\u00e1n\" \/>\n<meta property=\"article:modified_time\" content=\"2026-04-13T12:31:01+00:00\" \/>\n<meta property=\"og:image\" content=\"https:\/\/www.imprentadigitalguzman.com\/wp-content\/uploads\/2026\/02\/ChatGPT-Image-2-feb-2026-15_27_32.jpg\" \/>\n\t<meta property=\"og:image:width\" content=\"800\" \/>\n\t<meta property=\"og:image:height\" content=\"1200\" \/>\n\t<meta property=\"og:image:type\" content=\"image\/jpeg\" \/>\n<meta name=\"twitter:card\" content=\"summary_large_image\" \/>\n<meta name=\"twitter:label1\" content=\"Tiempo de lectura\" \/>\n\t<meta name=\"twitter:data1\" content=\"2 minutos\" \/>\n<script type=\"application\/ld+json\" class=\"yoast-schema-graph\">{\"@context\":\"https:\\\/\\\/schema.org\",\"@graph\":[{\"@type\":\"WebPage\",\"@id\":\"https:\\\/\\\/www.imprentadigitalguzman.com\\\/inicio\\\/producto\\\/jt-kangaroo-sudadera-unisex-personalizada\\\/\",\"url\":\"https:\\\/\\\/www.imprentadigitalguzman.com\\\/inicio\\\/producto\\\/jt-kangaroo-sudadera-unisex-personalizada\\\/\",\"name\":\"JT KANGAROO - Imprenta Digital Guzm\u00e1n\",\"isPartOf\":{\"@id\":\"https:\\\/\\\/www.imprentadigitalguzman.com\\\/inicio\\\/#website\"},\"primaryImageOfPage\":{\"@id\":\"https:\\\/\\\/www.imprentadigitalguzman.com\\\/inicio\\\/producto\\\/jt-kangaroo-sudadera-unisex-personalizada\\\/#primaryimage\"},\"image\":{\"@id\":\"https:\\\/\\\/www.imprentadigitalguzman.com\\\/inicio\\\/producto\\\/jt-kangaroo-sudadera-unisex-personalizada\\\/#primaryimage\"},\"thumbnailUrl\":\"https:\\\/\\\/www.imprentadigitalguzman.com\\\/wp-content\\\/uploads\\\/2026\\\/02\\\/ChatGPT-Image-2-feb-2026-15_27_32.jpg\",\"datePublished\":\"2026-02-02T14:29:55+00:00\",\"dateModified\":\"2026-04-13T12:31:01+00:00\",\"description\":\"Sudadera unisex con capucha y bolsillo canguro, ideal para personalizaci\u00f3n textil. Gramaje 260\u2013265 g\\\/m\u00b2, 6 colores y tallas XS a 3XL.\",\"breadcrumb\":{\"@id\":\"https:\\\/\\\/www.imprentadigitalguzman.com\\\/inicio\\\/producto\\\/jt-kangaroo-sudadera-unisex-personalizada\\\/#breadcrumb\"},\"inLanguage\":\"es\",\"potentialAction\":[{\"@type\":\"ReadAction\",\"target\":[\"https:\\\/\\\/www.imprentadigitalguzman.com\\\/inicio\\\/producto\\\/jt-kangaroo-sudadera-unisex-personalizada\\\/\"]}]},{\"@type\":\"ImageObject\",\"inLanguage\":\"es\",\"@id\":\"https:\\\/\\\/www.imprentadigitalguzman.com\\\/inicio\\\/producto\\\/jt-kangaroo-sudadera-unisex-personalizada\\\/#primaryimage\",\"url\":\"https:\\\/\\\/www.imprentadigitalguzman.com\\\/wp-content\\\/uploads\\\/2026\\\/02\\\/ChatGPT-Image-2-feb-2026-15_27_32.jpg\",\"contentUrl\":\"https:\\\/\\\/www.imprentadigitalguzman.com\\\/wp-content\\\/uploads\\\/2026\\\/02\\\/ChatGPT-Image-2-feb-2026-15_27_32.jpg\",\"width\":800,\"height\":1200,\"caption\":\"sudaderas-personalizables-merchandising-espa\u00f1a-mejor-precio\"},{\"@type\":\"BreadcrumbList\",\"@id\":\"https:\\\/\\\/www.imprentadigitalguzman.com\\\/inicio\\\/producto\\\/jt-kangaroo-sudadera-unisex-personalizada\\\/#breadcrumb\",\"itemListElement\":[{\"@type\":\"ListItem\",\"position\":1,\"name\":\"Portada\",\"item\":\"https:\\\/\\\/www.imprentadigitalguzman.com\\\/inicio\\\/\"},{\"@type\":\"ListItem\",\"position\":2,\"name\":\"Shop\",\"item\":\"https:\\\/\\\/www.imprentadigitalguzman.com\\\/inicio\\\/shop\\\/\"},{\"@type\":\"ListItem\",\"position\":3,\"name\":\"JT KANGAROO\"}]},{\"@type\":\"WebSite\",\"@id\":\"https:\\\/\\\/www.imprentadigitalguzman.com\\\/inicio\\\/#website\",\"url\":\"https:\\\/\\\/www.imprentadigitalguzman.com\\\/inicio\\\/\",\"name\":\"Imprenta Digital Guzm\u00e1n\",\"description\":\"\",\"potentialAction\":[{\"@type\":\"SearchAction\",\"target\":{\"@type\":\"EntryPoint\",\"urlTemplate\":\"https:\\\/\\\/www.imprentadigitalguzman.com\\\/inicio\\\/?s={search_term_string}\"},\"query-input\":{\"@type\":\"PropertyValueSpecification\",\"valueRequired\":true,\"valueName\":\"search_term_string\"}}],\"inLanguage\":\"es\"}]}<\/script>\n<!-- \/ Yoast SEO plugin. -->","yoast_head_json":{"title":"JT KANGAROO - Imprenta Digital Guzm\u00e1n","description":"Sudadera unisex con capucha y bolsillo canguro, ideal para personalizaci\u00f3n textil. Gramaje 260\u2013265 g\/m\u00b2, 6 colores y tallas XS a 3XL.","robots":{"index":"index","follow":"follow","max-snippet":"max-snippet:-1","max-image-preview":"max-image-preview:large","max-video-preview":"max-video-preview:-1"},"canonical":"https:\/\/www.imprentadigitalguzman.com\/inicio\/producto\/jt-kangaroo-sudadera-unisex-personalizada\/","og_locale":"es_ES","og_type":"article","og_title":"JT KANGAROO - Imprenta Digital Guzm\u00e1n","og_description":"Sudadera unisex con capucha y bolsillo canguro, ideal para personalizaci\u00f3n textil. Gramaje 260\u2013265 g\/m\u00b2, 6 colores y tallas XS a 3XL.","og_url":"https:\/\/www.imprentadigitalguzman.com\/inicio\/producto\/jt-kangaroo-sudadera-unisex-personalizada\/","og_site_name":"Imprenta Digital Guzm\u00e1n","article_modified_time":"2026-04-13T12:31:01+00:00","og_image":[{"width":800,"height":1200,"url":"https:\/\/www.imprentadigitalguzman.com\/wp-content\/uploads\/2026\/02\/ChatGPT-Image-2-feb-2026-15_27_32.jpg","type":"image\/jpeg"}],"twitter_card":"summary_large_image","twitter_misc":{"Tiempo de lectura":"2 minutos"},"schema":{"@context":"https:\/\/schema.org","@graph":[{"@type":"WebPage","@id":"https:\/\/www.imprentadigitalguzman.com\/inicio\/producto\/jt-kangaroo-sudadera-unisex-personalizada\/","url":"https:\/\/www.imprentadigitalguzman.com\/inicio\/producto\/jt-kangaroo-sudadera-unisex-personalizada\/","name":"JT KANGAROO - Imprenta Digital Guzm\u00e1n","isPartOf":{"@id":"https:\/\/www.imprentadigitalguzman.com\/inicio\/#website"},"primaryImageOfPage":{"@id":"https:\/\/www.imprentadigitalguzman.com\/inicio\/producto\/jt-kangaroo-sudadera-unisex-personalizada\/#primaryimage"},"image":{"@id":"https:\/\/www.imprentadigitalguzman.com\/inicio\/producto\/jt-kangaroo-sudadera-unisex-personalizada\/#primaryimage"},"thumbnailUrl":"https:\/\/www.imprentadigitalguzman.com\/wp-content\/uploads\/2026\/02\/ChatGPT-Image-2-feb-2026-15_27_32.jpg","datePublished":"2026-02-02T14:29:55+00:00","dateModified":"2026-04-13T12:31:01+00:00","description":"Sudadera unisex con capucha y bolsillo canguro, ideal para personalizaci\u00f3n textil. Gramaje 260\u2013265 g\/m\u00b2, 6 colores y tallas XS a 3XL.","breadcrumb":{"@id":"https:\/\/www.imprentadigitalguzman.com\/inicio\/producto\/jt-kangaroo-sudadera-unisex-personalizada\/#breadcrumb"},"inLanguage":"es","potentialAction":[{"@type":"ReadAction","target":["https:\/\/www.imprentadigitalguzman.com\/inicio\/producto\/jt-kangaroo-sudadera-unisex-personalizada\/"]}]},{"@type":"ImageObject","inLanguage":"es","@id":"https:\/\/www.imprentadigitalguzman.com\/inicio\/producto\/jt-kangaroo-sudadera-unisex-personalizada\/#primaryimage","url":"https:\/\/www.imprentadigitalguzman.com\/wp-content\/uploads\/2026\/02\/ChatGPT-Image-2-feb-2026-15_27_32.jpg","contentUrl":"https:\/\/www.imprentadigitalguzman.com\/wp-content\/uploads\/2026\/02\/ChatGPT-Image-2-feb-2026-15_27_32.jpg","width":800,"height":1200,"caption":"sudaderas-personalizables-merchandising-espa\u00f1a-mejor-precio"},{"@type":"BreadcrumbList","@id":"https:\/\/www.imprentadigitalguzman.com\/inicio\/producto\/jt-kangaroo-sudadera-unisex-personalizada\/#breadcrumb","itemListElement":[{"@type":"ListItem","position":1,"name":"Portada","item":"https:\/\/www.imprentadigitalguzman.com\/inicio\/"},{"@type":"ListItem","position":2,"name":"Shop","item":"https:\/\/www.imprentadigitalguzman.com\/inicio\/shop\/"},{"@type":"ListItem","position":3,"name":"JT KANGAROO"}]},{"@type":"WebSite","@id":"https:\/\/www.imprentadigitalguzman.com\/inicio\/#website","url":"https:\/\/www.imprentadigitalguzman.com\/inicio\/","name":"Imprenta Digital Guzm\u00e1n","description":"","potentialAction":[{"@type":"SearchAction","target":{"@type":"EntryPoint","urlTemplate":"https:\/\/www.imprentadigitalguzman.com\/inicio\/?s={search_term_string}"},"query-input":{"@type":"PropertyValueSpecification","valueRequired":true,"valueName":"search_term_string"}}],"inLanguage":"es"}]}},"_links":{"self":[{"href":"https:\/\/www.imprentadigitalguzman.com\/inicio\/wp-json\/wp\/v2\/product\/469","targetHints":{"allow":["GET"]}}],"collection":[{"href":"https:\/\/www.imprentadigitalguzman.com\/inicio\/wp-json\/wp\/v2\/product"}],"about":[{"href":"https:\/\/www.imprentadigitalguzman.com\/inicio\/wp-json\/wp\/v2\/types\/product"}],"replies":[{"embeddable":true,"href":"https:\/\/www.imprentadigitalguzman.com\/inicio\/wp-json\/wp\/v2\/comments?post=469"}],"wp:featuredmedia":[{"embeddable":true,"href":"https:\/\/www.imprentadigitalguzman.com\/inicio\/wp-json\/wp\/v2\/media\/470"}],"wp:attachment":[{"href":"https:\/\/www.imprentadigitalguzman.com\/inicio\/wp-json\/wp\/v2\/media?parent=469"}],"wp:term":[{"taxonomy":"product_brand","embeddable":true,"href":"https:\/\/www.imprentadigitalguzman.com\/inicio\/wp-json\/wp\/v2\/product_brand?post=469"},{"taxonomy":"product_cat","embeddable":true,"href":"https:\/\/www.imprentadigitalguzman.com\/inicio\/wp-json\/wp\/v2\/product_cat?post=469"},{"taxonomy":"product_tag","embeddable":true,"href":"https:\/\/www.imprentadigitalguzman.com\/inicio\/wp-json\/wp\/v2\/product_tag?post=469"}],"curies":[{"name":"wp","href":"https:\/\/api.w.org\/{rel}","templated":true}]}}