{"id":459,"date":"2026-02-02T14:24:15","date_gmt":"2026-02-02T14:24:15","guid":{"rendered":"https:\/\/www.imprentadigitalguzman.com\/inicio\/?post_type=product&#038;p=459"},"modified":"2026-03-11T12:37:12","modified_gmt":"2026-03-11T12:37:12","slug":"sudadera-unisex-personalizada-sin-canale","status":"publish","type":"product","link":"https:\/\/www.imprentadigitalguzman.com\/inicio\/producto\/sudadera-unisex-personalizada-sin-canale\/","title":{"rendered":"JT SWEATSHIRT CR"},"content":{"rendered":"<p data-start=\"288\" data-end=\"678\">La <strong data-start=\"291\" data-end=\"328\">sudadera unisex de cuello redondo<\/strong> es una prenda c\u00f3moda, resistente y vers\u00e1til, ideal para <strong data-start=\"385\" data-end=\"423\">personalizaci\u00f3n textil profesional<\/strong>. Su dise\u00f1o limpio y actual, con <strong data-start=\"456\" data-end=\"504\">pu\u00f1os y bajo en el mismo tejido de la prenda<\/strong>, aporta un acabado uniforme y diferente a la sudadera cl\u00e1sica con canal\u00e9, convirti\u00e9ndola en una opci\u00f3n muy interesante para ropa corporativa, merchandising o marcas propias.<\/p>\n<p data-start=\"680\" data-end=\"941\">Est\u00e1 confeccionada en una <strong data-start=\"706\" data-end=\"739\">mezcla de algod\u00f3n y poli\u00e9ster<\/strong>, ofreciendo suavidad, resistencia y una buena estabilidad al uso y los lavados. Incorpora <strong data-start=\"830\" data-end=\"872\">doble costura en cuello, mangas y bajo<\/strong>, lo que refuerza la estructura de la prenda y mejora su durabilidad.<\/p>\n<p data-start=\"943\" data-end=\"1154\">Disponible en <strong data-start=\"957\" data-end=\"970\">6 colores<\/strong> y en tallas desde la <strong data-start=\"992\" data-end=\"1011\">XS hasta la 3XL<\/strong>, es una sudadera c\u00f3moda y funcional, compatible con <strong data-start=\"1064\" data-end=\"1104\">serigraf\u00eda, vinilo textil y transfer<\/strong>, garantizando resultados limpios y profesionales.<\/p>\n<p data-start=\"1156\" data-end=\"1281\">Con un <strong data-start=\"1163\" data-end=\"1201\">gramaje medio-alto de 260\u2013265 g\/m\u00b2<\/strong>, resulta ideal para climas templados o frescos y para un uso diario continuado.<\/p>\n<hr data-start=\"1283\" data-end=\"1286\" \/>\n<h3 data-start=\"1288\" data-end=\"1320\"><strong data-start=\"1292\" data-end=\"1320\">Caracter\u00edsticas t\u00e9cnicas<\/strong><\/h3>\n<ul data-start=\"1321\" data-end=\"1514\">\n<li data-start=\"1321\" data-end=\"1337\">\n<p data-start=\"1323\" data-end=\"1337\">Corte unisex<\/p>\n<\/li>\n<li data-start=\"1338\" data-end=\"1356\">\n<p data-start=\"1340\" data-end=\"1356\">Cuello redondo<\/p>\n<\/li>\n<li data-start=\"1357\" data-end=\"1405\">\n<p data-start=\"1359\" data-end=\"1405\">Pu\u00f1os y bajo en el mismo tejido de la prenda<\/p>\n<\/li>\n<li data-start=\"1406\" data-end=\"1448\">\n<p data-start=\"1408\" data-end=\"1448\">Doble costura en cuello, mangas y bajo<\/p>\n<\/li>\n<li data-start=\"1449\" data-end=\"1479\">\n<p data-start=\"1451\" data-end=\"1479\">Prenda resistente y c\u00f3moda<\/p>\n<\/li>\n<li data-start=\"1480\" data-end=\"1514\">\n<p data-start=\"1482\" data-end=\"1514\">Gramaje: <strong data-start=\"1491\" data-end=\"1514\">260\u2013265 g\/m\u00b2 aprox.<\/strong><\/p>\n<\/li>\n<\/ul>\n<p>&nbsp;<\/p>\n<hr data-start=\"1516\" data-end=\"1519\" \/>\n<h3 data-start=\"1521\" data-end=\"1552\"><strong data-start=\"1525\" data-end=\"1552\">Composici\u00f3n seg\u00fan color<\/strong><\/h3>\n<ul data-start=\"1553\" data-end=\"1672\">\n<li data-start=\"1553\" data-end=\"1608\">\n<p data-start=\"1555\" data-end=\"1608\"><strong data-start=\"1555\" data-end=\"1576\">Composici\u00f3n base:<\/strong> 60 % algod\u00f3n \/ 40 % poli\u00e9ster<\/p>\n<\/li>\n<li data-start=\"1609\" data-end=\"1672\">\n<p data-start=\"1611\" data-end=\"1672\"><strong data-start=\"1611\" data-end=\"1626\">Colores GM:<\/strong> 61 % algod\u00f3n \/ 31 % poli\u00e9ster \/ 8 % viscosa<\/p>\n<\/li>\n<\/ul>\n<p>&nbsp;<\/p>\n<hr data-start=\"1674\" data-end=\"1677\" \/>\n<h3 data-start=\"1679\" data-end=\"1704\"><strong data-start=\"1683\" data-end=\"1704\">Colores y tallaje<\/strong><\/h3>\n<ul data-start=\"1705\" data-end=\"1760\">\n<li data-start=\"1705\" data-end=\"1735\">\n<p data-start=\"1707\" data-end=\"1735\"><strong data-start=\"1707\" data-end=\"1731\">Colores disponibles:<\/strong> 6<\/p>\n<\/li>\n<li data-start=\"1736\" data-end=\"1760\">\n<p data-start=\"1738\" data-end=\"1760\"><strong data-start=\"1738\" data-end=\"1749\">Tallas:<\/strong> XS a 3XL<\/p>\n<\/li>\n<\/ul>\n","protected":false},"excerpt":{"rendered":"<p>Sudadera unisex de cuello redondo, con acabado liso sin canal\u00e9 y doble costura. Ideal para personalizaci\u00f3n textil. Disponible en 6 colores y tallas XS a 3XL.<\/p>\n","protected":false},"featured_media":460,"comment_status":"closed","ping_status":"closed","template":"","meta":{"_et_pb_use_builder":"","_et_pb_old_content":"","_et_gb_content_width":"","_joinchat":[]},"product_brand":[],"product_cat":[148,147],"product_tag":[106,143,154,109,134,149,153,133],"class_list":{"0":"post-459","1":"product","2":"type-product","3":"status-publish","4":"has-post-thumbnail","6":"product_cat-sudadera","7":"product_cat-unisex","8":"product_tag-algodon","9":"product_tag-confort","10":"product_tag-cuello-redondo","11":"product_tag-etiqueta-removible","12":"product_tag-impresion-textil","13":"product_tag-sudadera","14":"product_tag-sudadera-personalizable","15":"product_tag-unisex","17":"first","18":"instock","19":"taxable","20":"shipping-taxable","21":"purchasable","22":"product-type-variable"},"yoast_head":"<!-- This site is optimized with the Yoast SEO plugin v27.4 - https:\/\/yoast.com\/product\/yoast-seo-wordpress\/ -->\n<title>JT SWEATSHIRT CR - Imprenta Digital Guzm\u00e1n<\/title>\n<meta name=\"description\" content=\"Sudadera unisex de cuello redondo, resistente y c\u00f3moda, ideal para personalizaci\u00f3n textil. Gramaje 260\u2013265 g\/m\u00b2 y tallas XS a 3XL.\" \/>\n<meta name=\"robots\" content=\"index, follow, max-snippet:-1, max-image-preview:large, max-video-preview:-1\" \/>\n<link rel=\"canonical\" href=\"https:\/\/www.imprentadigitalguzman.com\/inicio\/producto\/sudadera-unisex-personalizada-sin-canale\/\" \/>\n<meta property=\"og:locale\" content=\"es_ES\" \/>\n<meta property=\"og:type\" content=\"article\" \/>\n<meta property=\"og:title\" content=\"JT SWEATSHIRT CR - Imprenta Digital Guzm\u00e1n\" \/>\n<meta property=\"og:description\" content=\"Sudadera unisex de cuello redondo, resistente y c\u00f3moda, ideal para personalizaci\u00f3n textil. Gramaje 260\u2013265 g\/m\u00b2 y tallas XS a 3XL.\" \/>\n<meta property=\"og:url\" content=\"https:\/\/www.imprentadigitalguzman.com\/inicio\/producto\/sudadera-unisex-personalizada-sin-canale\/\" \/>\n<meta property=\"og:site_name\" content=\"Imprenta Digital Guzm\u00e1n\" \/>\n<meta property=\"article:modified_time\" content=\"2026-03-11T12:37:12+00:00\" \/>\n<meta property=\"og:image\" content=\"https:\/\/www.imprentadigitalguzman.com\/wp-content\/uploads\/2026\/02\/ChatGPT-Image-2-feb-2026-15_20_16.jpg\" \/>\n\t<meta property=\"og:image:width\" content=\"800\" \/>\n\t<meta property=\"og:image:height\" content=\"1200\" \/>\n\t<meta property=\"og:image:type\" content=\"image\/jpeg\" \/>\n<meta name=\"twitter:card\" content=\"summary_large_image\" \/>\n<meta name=\"twitter:label1\" content=\"Tiempo de lectura\" \/>\n\t<meta name=\"twitter:data1\" content=\"2 minutos\" \/>\n<script type=\"application\/ld+json\" class=\"yoast-schema-graph\">{\"@context\":\"https:\\\/\\\/schema.org\",\"@graph\":[{\"@type\":\"WebPage\",\"@id\":\"https:\\\/\\\/www.imprentadigitalguzman.com\\\/inicio\\\/producto\\\/sudadera-unisex-personalizada-sin-canale\\\/\",\"url\":\"https:\\\/\\\/www.imprentadigitalguzman.com\\\/inicio\\\/producto\\\/sudadera-unisex-personalizada-sin-canale\\\/\",\"name\":\"JT SWEATSHIRT CR - Imprenta Digital Guzm\u00e1n\",\"isPartOf\":{\"@id\":\"https:\\\/\\\/www.imprentadigitalguzman.com\\\/inicio\\\/#website\"},\"primaryImageOfPage\":{\"@id\":\"https:\\\/\\\/www.imprentadigitalguzman.com\\\/inicio\\\/producto\\\/sudadera-unisex-personalizada-sin-canale\\\/#primaryimage\"},\"image\":{\"@id\":\"https:\\\/\\\/www.imprentadigitalguzman.com\\\/inicio\\\/producto\\\/sudadera-unisex-personalizada-sin-canale\\\/#primaryimage\"},\"thumbnailUrl\":\"https:\\\/\\\/www.imprentadigitalguzman.com\\\/wp-content\\\/uploads\\\/2026\\\/02\\\/ChatGPT-Image-2-feb-2026-15_20_16.jpg\",\"datePublished\":\"2026-02-02T14:24:15+00:00\",\"dateModified\":\"2026-03-11T12:37:12+00:00\",\"description\":\"Sudadera unisex de cuello redondo, resistente y c\u00f3moda, ideal para personalizaci\u00f3n textil. Gramaje 260\u2013265 g\\\/m\u00b2 y tallas XS a 3XL.\",\"breadcrumb\":{\"@id\":\"https:\\\/\\\/www.imprentadigitalguzman.com\\\/inicio\\\/producto\\\/sudadera-unisex-personalizada-sin-canale\\\/#breadcrumb\"},\"inLanguage\":\"es\",\"potentialAction\":[{\"@type\":\"ReadAction\",\"target\":[\"https:\\\/\\\/www.imprentadigitalguzman.com\\\/inicio\\\/producto\\\/sudadera-unisex-personalizada-sin-canale\\\/\"]}]},{\"@type\":\"ImageObject\",\"inLanguage\":\"es\",\"@id\":\"https:\\\/\\\/www.imprentadigitalguzman.com\\\/inicio\\\/producto\\\/sudadera-unisex-personalizada-sin-canale\\\/#primaryimage\",\"url\":\"https:\\\/\\\/www.imprentadigitalguzman.com\\\/wp-content\\\/uploads\\\/2026\\\/02\\\/ChatGPT-Image-2-feb-2026-15_20_16.jpg\",\"contentUrl\":\"https:\\\/\\\/www.imprentadigitalguzman.com\\\/wp-content\\\/uploads\\\/2026\\\/02\\\/ChatGPT-Image-2-feb-2026-15_20_16.jpg\",\"width\":800,\"height\":1200,\"caption\":\"sudaderas-personalizables-merchandising-espa\u00f1a-mejor-precio\"},{\"@type\":\"BreadcrumbList\",\"@id\":\"https:\\\/\\\/www.imprentadigitalguzman.com\\\/inicio\\\/producto\\\/sudadera-unisex-personalizada-sin-canale\\\/#breadcrumb\",\"itemListElement\":[{\"@type\":\"ListItem\",\"position\":1,\"name\":\"Portada\",\"item\":\"https:\\\/\\\/www.imprentadigitalguzman.com\\\/inicio\\\/\"},{\"@type\":\"ListItem\",\"position\":2,\"name\":\"Shop\",\"item\":\"https:\\\/\\\/www.imprentadigitalguzman.com\\\/inicio\\\/shop\\\/\"},{\"@type\":\"ListItem\",\"position\":3,\"name\":\"JT SWEATSHIRT CR\"}]},{\"@type\":\"WebSite\",\"@id\":\"https:\\\/\\\/www.imprentadigitalguzman.com\\\/inicio\\\/#website\",\"url\":\"https:\\\/\\\/www.imprentadigitalguzman.com\\\/inicio\\\/\",\"name\":\"Imprenta Digital Guzm\u00e1n\",\"description\":\"\",\"potentialAction\":[{\"@type\":\"SearchAction\",\"target\":{\"@type\":\"EntryPoint\",\"urlTemplate\":\"https:\\\/\\\/www.imprentadigitalguzman.com\\\/inicio\\\/?s={search_term_string}\"},\"query-input\":{\"@type\":\"PropertyValueSpecification\",\"valueRequired\":true,\"valueName\":\"search_term_string\"}}],\"inLanguage\":\"es\"}]}<\/script>\n<!-- \/ Yoast SEO plugin. -->","yoast_head_json":{"title":"JT SWEATSHIRT CR - Imprenta Digital Guzm\u00e1n","description":"Sudadera unisex de cuello redondo, resistente y c\u00f3moda, ideal para personalizaci\u00f3n textil. Gramaje 260\u2013265 g\/m\u00b2 y tallas XS a 3XL.","robots":{"index":"index","follow":"follow","max-snippet":"max-snippet:-1","max-image-preview":"max-image-preview:large","max-video-preview":"max-video-preview:-1"},"canonical":"https:\/\/www.imprentadigitalguzman.com\/inicio\/producto\/sudadera-unisex-personalizada-sin-canale\/","og_locale":"es_ES","og_type":"article","og_title":"JT SWEATSHIRT CR - Imprenta Digital Guzm\u00e1n","og_description":"Sudadera unisex de cuello redondo, resistente y c\u00f3moda, ideal para personalizaci\u00f3n textil. Gramaje 260\u2013265 g\/m\u00b2 y tallas XS a 3XL.","og_url":"https:\/\/www.imprentadigitalguzman.com\/inicio\/producto\/sudadera-unisex-personalizada-sin-canale\/","og_site_name":"Imprenta Digital Guzm\u00e1n","article_modified_time":"2026-03-11T12:37:12+00:00","og_image":[{"width":800,"height":1200,"url":"https:\/\/www.imprentadigitalguzman.com\/wp-content\/uploads\/2026\/02\/ChatGPT-Image-2-feb-2026-15_20_16.jpg","type":"image\/jpeg"}],"twitter_card":"summary_large_image","twitter_misc":{"Tiempo de lectura":"2 minutos"},"schema":{"@context":"https:\/\/schema.org","@graph":[{"@type":"WebPage","@id":"https:\/\/www.imprentadigitalguzman.com\/inicio\/producto\/sudadera-unisex-personalizada-sin-canale\/","url":"https:\/\/www.imprentadigitalguzman.com\/inicio\/producto\/sudadera-unisex-personalizada-sin-canale\/","name":"JT SWEATSHIRT CR - Imprenta Digital Guzm\u00e1n","isPartOf":{"@id":"https:\/\/www.imprentadigitalguzman.com\/inicio\/#website"},"primaryImageOfPage":{"@id":"https:\/\/www.imprentadigitalguzman.com\/inicio\/producto\/sudadera-unisex-personalizada-sin-canale\/#primaryimage"},"image":{"@id":"https:\/\/www.imprentadigitalguzman.com\/inicio\/producto\/sudadera-unisex-personalizada-sin-canale\/#primaryimage"},"thumbnailUrl":"https:\/\/www.imprentadigitalguzman.com\/wp-content\/uploads\/2026\/02\/ChatGPT-Image-2-feb-2026-15_20_16.jpg","datePublished":"2026-02-02T14:24:15+00:00","dateModified":"2026-03-11T12:37:12+00:00","description":"Sudadera unisex de cuello redondo, resistente y c\u00f3moda, ideal para personalizaci\u00f3n textil. Gramaje 260\u2013265 g\/m\u00b2 y tallas XS a 3XL.","breadcrumb":{"@id":"https:\/\/www.imprentadigitalguzman.com\/inicio\/producto\/sudadera-unisex-personalizada-sin-canale\/#breadcrumb"},"inLanguage":"es","potentialAction":[{"@type":"ReadAction","target":["https:\/\/www.imprentadigitalguzman.com\/inicio\/producto\/sudadera-unisex-personalizada-sin-canale\/"]}]},{"@type":"ImageObject","inLanguage":"es","@id":"https:\/\/www.imprentadigitalguzman.com\/inicio\/producto\/sudadera-unisex-personalizada-sin-canale\/#primaryimage","url":"https:\/\/www.imprentadigitalguzman.com\/wp-content\/uploads\/2026\/02\/ChatGPT-Image-2-feb-2026-15_20_16.jpg","contentUrl":"https:\/\/www.imprentadigitalguzman.com\/wp-content\/uploads\/2026\/02\/ChatGPT-Image-2-feb-2026-15_20_16.jpg","width":800,"height":1200,"caption":"sudaderas-personalizables-merchandising-espa\u00f1a-mejor-precio"},{"@type":"BreadcrumbList","@id":"https:\/\/www.imprentadigitalguzman.com\/inicio\/producto\/sudadera-unisex-personalizada-sin-canale\/#breadcrumb","itemListElement":[{"@type":"ListItem","position":1,"name":"Portada","item":"https:\/\/www.imprentadigitalguzman.com\/inicio\/"},{"@type":"ListItem","position":2,"name":"Shop","item":"https:\/\/www.imprentadigitalguzman.com\/inicio\/shop\/"},{"@type":"ListItem","position":3,"name":"JT SWEATSHIRT CR"}]},{"@type":"WebSite","@id":"https:\/\/www.imprentadigitalguzman.com\/inicio\/#website","url":"https:\/\/www.imprentadigitalguzman.com\/inicio\/","name":"Imprenta Digital Guzm\u00e1n","description":"","potentialAction":[{"@type":"SearchAction","target":{"@type":"EntryPoint","urlTemplate":"https:\/\/www.imprentadigitalguzman.com\/inicio\/?s={search_term_string}"},"query-input":{"@type":"PropertyValueSpecification","valueRequired":true,"valueName":"search_term_string"}}],"inLanguage":"es"}]}},"_links":{"self":[{"href":"https:\/\/www.imprentadigitalguzman.com\/inicio\/wp-json\/wp\/v2\/product\/459","targetHints":{"allow":["GET"]}}],"collection":[{"href":"https:\/\/www.imprentadigitalguzman.com\/inicio\/wp-json\/wp\/v2\/product"}],"about":[{"href":"https:\/\/www.imprentadigitalguzman.com\/inicio\/wp-json\/wp\/v2\/types\/product"}],"replies":[{"embeddable":true,"href":"https:\/\/www.imprentadigitalguzman.com\/inicio\/wp-json\/wp\/v2\/comments?post=459"}],"wp:featuredmedia":[{"embeddable":true,"href":"https:\/\/www.imprentadigitalguzman.com\/inicio\/wp-json\/wp\/v2\/media\/460"}],"wp:attachment":[{"href":"https:\/\/www.imprentadigitalguzman.com\/inicio\/wp-json\/wp\/v2\/media?parent=459"}],"wp:term":[{"taxonomy":"product_brand","embeddable":true,"href":"https:\/\/www.imprentadigitalguzman.com\/inicio\/wp-json\/wp\/v2\/product_brand?post=459"},{"taxonomy":"product_cat","embeddable":true,"href":"https:\/\/www.imprentadigitalguzman.com\/inicio\/wp-json\/wp\/v2\/product_cat?post=459"},{"taxonomy":"product_tag","embeddable":true,"href":"https:\/\/www.imprentadigitalguzman.com\/inicio\/wp-json\/wp\/v2\/product_tag?post=459"}],"curies":[{"name":"wp","href":"https:\/\/api.w.org\/{rel}","templated":true}]}}