{"id":439,"date":"2026-02-02T10:36:29","date_gmt":"2026-02-02T10:36:29","guid":{"rendered":"https:\/\/www.imprentadigitalguzman.com\/inicio\/?post_type=product&#038;p=439"},"modified":"2026-03-11T12:39:33","modified_gmt":"2026-03-11T12:39:33","slug":"kangaroo-oversize-unisex-sudadera-personalizada","status":"publish","type":"product","link":"https:\/\/www.imprentadigitalguzman.com\/inicio\/producto\/kangaroo-oversize-unisex-sudadera-personalizada\/","title":{"rendered":"KANGAROO OVERSIZE UNISEX"},"content":{"rendered":"<p data-start=\"327\" data-end=\"652\">La <strong data-start=\"330\" data-end=\"358\">Kangaroo Oversize Unisex<\/strong> es una <strong data-start=\"366\" data-end=\"418\">sudadera oversize con capucha y bolsillo canguro<\/strong>, pensada para quienes buscan comodidad, estilo urbano y un acabado actual. Su corte amplio y relajado la convierte en una prenda ideal tanto para el d\u00eda a d\u00eda como para proyectos de <strong data-start=\"601\" data-end=\"651\">personalizaci\u00f3n textil con est\u00e9tica streetwear<\/strong>.<\/p>\n<p data-start=\"654\" data-end=\"883\">Cuenta con un <strong data-start=\"668\" data-end=\"696\">dise\u00f1o de cuello cruzado<\/strong>, que aporta un toque moderno y diferenciador, y est\u00e1 confeccionada en <strong data-start=\"767\" data-end=\"785\">felpa perchada<\/strong>, ofreciendo una sensaci\u00f3n suave y c\u00e1lida, perfecta para climas frescos o uso durante todo el a\u00f1o.<\/p>\n<p data-start=\"885\" data-end=\"1127\">Incorpora <strong data-start=\"895\" data-end=\"915\">bolsillo canguro<\/strong> funcional y <strong data-start=\"928\" data-end=\"968\">canal\u00e9 2&#215;1 con licra en pu\u00f1os y bajo<\/strong>, garantizando un buen ajuste y mayor durabilidad. Su composici\u00f3n combina algod\u00f3n y <strong data-start=\"1052\" data-end=\"1075\">poli\u00e9ster reciclado<\/strong>, aportando resistencia y una opci\u00f3n m\u00e1s sostenible.<\/p>\n<p data-start=\"1129\" data-end=\"1380\">Disponible en <strong data-start=\"1143\" data-end=\"1156\">6 colores<\/strong> y en tallas desde la <strong data-start=\"1178\" data-end=\"1196\">S hasta la XXL<\/strong>, esta sudadera es ideal para <strong data-start=\"1226\" data-end=\"1266\">serigraf\u00eda, vinilo textil o transfer<\/strong>, siendo una excelente elecci\u00f3n para marcas propias, merchandising, ropa corporativa o colecciones personalizadas.<\/p>\n<h3 data-start=\"1387\" data-end=\"1419\"><strong data-start=\"1391\" data-end=\"1419\">Caracter\u00edsticas t\u00e9cnicas<\/strong><\/h3>\n<ul data-start=\"1420\" data-end=\"1602\">\n<li data-start=\"1420\" data-end=\"1449\">\n<p data-start=\"1422\" data-end=\"1449\">Corte <strong data-start=\"1428\" data-end=\"1447\">oversize unisex<\/strong><\/p>\n<\/li>\n<li data-start=\"1450\" data-end=\"1490\">\n<p data-start=\"1452\" data-end=\"1490\">Capucha con dise\u00f1o de cuello cruzado<\/p>\n<\/li>\n<li data-start=\"1491\" data-end=\"1511\">\n<p data-start=\"1493\" data-end=\"1511\">Bolsillo canguro<\/p>\n<\/li>\n<li data-start=\"1512\" data-end=\"1552\">\n<p data-start=\"1514\" data-end=\"1552\">Canal\u00e9 2&#215;1 con licra en pu\u00f1os y bajo<\/p>\n<\/li>\n<li data-start=\"1553\" data-end=\"1571\">\n<p data-start=\"1555\" data-end=\"1571\">Felpa perchada<\/p>\n<\/li>\n<li data-start=\"1572\" data-end=\"1602\">\n<p data-start=\"1574\" data-end=\"1602\">Prenda c\u00f3moda y resistente<\/p>\n<\/li>\n<\/ul>\n<p>&nbsp;<\/p>\n<hr data-start=\"1604\" data-end=\"1607\" \/>\n<h3 data-start=\"1609\" data-end=\"1640\"><strong data-start=\"1613\" data-end=\"1640\">Composici\u00f3n seg\u00fan color<\/strong><\/h3>\n<ul data-start=\"1641\" data-end=\"1706\">\n<li data-start=\"1641\" data-end=\"1706\">\n<p data-start=\"1643\" data-end=\"1706\"><strong data-start=\"1643\" data-end=\"1650\">GM:<\/strong> 73 % algod\u00f3n \/ 20 % poli\u00e9ster reciclado \/ 7 % viscosa<\/p>\n<\/li>\n<\/ul>\n","protected":false},"excerpt":{"rendered":"<p data-start=\"1752\" data-end=\"1888\">Sudadera oversize unisex con capucha y bolsillo canguro. Interior de felpa perchada y acabado urbano, ideal para personalizaci\u00f3n textil.<\/p>\n","protected":false},"featured_media":445,"comment_status":"closed","ping_status":"closed","template":"","meta":{"_et_pb_use_builder":"","_et_pb_old_content":"","_et_gb_content_width":"","_joinchat":[]},"product_brand":[],"product_cat":[148,147],"product_tag":[106,150,151,136,149],"class_list":{"0":"post-439","1":"product","2":"type-product","3":"status-publish","4":"has-post-thumbnail","6":"product_cat-sudadera","7":"product_cat-unisex","8":"product_tag-algodon","9":"product_tag-canguro","10":"product_tag-felpa","11":"product_tag-oversize","12":"product_tag-sudadera","14":"first","15":"instock","16":"taxable","17":"shipping-taxable","18":"purchasable","19":"product-type-variable"},"yoast_head":"<!-- This site is optimized with the Yoast SEO plugin v27.4 - https:\/\/yoast.com\/product\/yoast-seo-wordpress\/ -->\n<title>KANGAROO OVERSIZE UNISEX - Imprenta Digital Guzm\u00e1n<\/title>\n<meta name=\"description\" content=\"Sudadera oversize unisex con capucha y bolsillo canguro, ideal para personalizaci\u00f3n textil. Felpa perchada, estilo urbano y m\u00e1xima comodidad.\" \/>\n<meta name=\"robots\" content=\"index, follow, max-snippet:-1, max-image-preview:large, max-video-preview:-1\" \/>\n<link rel=\"canonical\" href=\"https:\/\/www.imprentadigitalguzman.com\/inicio\/producto\/kangaroo-oversize-unisex-sudadera-personalizada\/\" \/>\n<meta property=\"og:locale\" content=\"es_ES\" \/>\n<meta property=\"og:type\" content=\"article\" \/>\n<meta property=\"og:title\" content=\"KANGAROO OVERSIZE UNISEX - Imprenta Digital Guzm\u00e1n\" \/>\n<meta property=\"og:description\" content=\"Sudadera oversize unisex con capucha y bolsillo canguro, ideal para personalizaci\u00f3n textil. Felpa perchada, estilo urbano y m\u00e1xima comodidad.\" \/>\n<meta property=\"og:url\" content=\"https:\/\/www.imprentadigitalguzman.com\/inicio\/producto\/kangaroo-oversize-unisex-sudadera-personalizada\/\" \/>\n<meta property=\"og:site_name\" content=\"Imprenta Digital Guzm\u00e1n\" \/>\n<meta property=\"article:modified_time\" content=\"2026-03-11T12:39:33+00:00\" \/>\n<meta property=\"og:image\" content=\"https:\/\/www.imprentadigitalguzman.com\/wp-content\/uploads\/2026\/02\/ChatGPT-Image-2-feb-2026-11_36_48.jpg\" \/>\n\t<meta property=\"og:image:width\" content=\"800\" \/>\n\t<meta property=\"og:image:height\" content=\"800\" \/>\n\t<meta property=\"og:image:type\" content=\"image\/jpeg\" \/>\n<meta name=\"twitter:card\" content=\"summary_large_image\" \/>\n<meta name=\"twitter:label1\" content=\"Tiempo de lectura\" \/>\n\t<meta name=\"twitter:data1\" content=\"2 minutos\" \/>\n<script type=\"application\/ld+json\" class=\"yoast-schema-graph\">{\"@context\":\"https:\\\/\\\/schema.org\",\"@graph\":[{\"@type\":\"WebPage\",\"@id\":\"https:\\\/\\\/www.imprentadigitalguzman.com\\\/inicio\\\/producto\\\/kangaroo-oversize-unisex-sudadera-personalizada\\\/\",\"url\":\"https:\\\/\\\/www.imprentadigitalguzman.com\\\/inicio\\\/producto\\\/kangaroo-oversize-unisex-sudadera-personalizada\\\/\",\"name\":\"KANGAROO OVERSIZE UNISEX - Imprenta Digital Guzm\u00e1n\",\"isPartOf\":{\"@id\":\"https:\\\/\\\/www.imprentadigitalguzman.com\\\/inicio\\\/#website\"},\"primaryImageOfPage\":{\"@id\":\"https:\\\/\\\/www.imprentadigitalguzman.com\\\/inicio\\\/producto\\\/kangaroo-oversize-unisex-sudadera-personalizada\\\/#primaryimage\"},\"image\":{\"@id\":\"https:\\\/\\\/www.imprentadigitalguzman.com\\\/inicio\\\/producto\\\/kangaroo-oversize-unisex-sudadera-personalizada\\\/#primaryimage\"},\"thumbnailUrl\":\"https:\\\/\\\/www.imprentadigitalguzman.com\\\/wp-content\\\/uploads\\\/2026\\\/02\\\/ChatGPT-Image-2-feb-2026-11_36_48.jpg\",\"datePublished\":\"2026-02-02T10:36:29+00:00\",\"dateModified\":\"2026-03-11T12:39:33+00:00\",\"description\":\"Sudadera oversize unisex con capucha y bolsillo canguro, ideal para personalizaci\u00f3n textil. Felpa perchada, estilo urbano y m\u00e1xima comodidad.\",\"breadcrumb\":{\"@id\":\"https:\\\/\\\/www.imprentadigitalguzman.com\\\/inicio\\\/producto\\\/kangaroo-oversize-unisex-sudadera-personalizada\\\/#breadcrumb\"},\"inLanguage\":\"es\",\"potentialAction\":[{\"@type\":\"ReadAction\",\"target\":[\"https:\\\/\\\/www.imprentadigitalguzman.com\\\/inicio\\\/producto\\\/kangaroo-oversize-unisex-sudadera-personalizada\\\/\"]}]},{\"@type\":\"ImageObject\",\"inLanguage\":\"es\",\"@id\":\"https:\\\/\\\/www.imprentadigitalguzman.com\\\/inicio\\\/producto\\\/kangaroo-oversize-unisex-sudadera-personalizada\\\/#primaryimage\",\"url\":\"https:\\\/\\\/www.imprentadigitalguzman.com\\\/wp-content\\\/uploads\\\/2026\\\/02\\\/ChatGPT-Image-2-feb-2026-11_36_48.jpg\",\"contentUrl\":\"https:\\\/\\\/www.imprentadigitalguzman.com\\\/wp-content\\\/uploads\\\/2026\\\/02\\\/ChatGPT-Image-2-feb-2026-11_36_48.jpg\",\"width\":800,\"height\":800,\"caption\":\"sudaderas-personalizables-merchandising-espa\u00f1a-mejor-precio\"},{\"@type\":\"BreadcrumbList\",\"@id\":\"https:\\\/\\\/www.imprentadigitalguzman.com\\\/inicio\\\/producto\\\/kangaroo-oversize-unisex-sudadera-personalizada\\\/#breadcrumb\",\"itemListElement\":[{\"@type\":\"ListItem\",\"position\":1,\"name\":\"Portada\",\"item\":\"https:\\\/\\\/www.imprentadigitalguzman.com\\\/inicio\\\/\"},{\"@type\":\"ListItem\",\"position\":2,\"name\":\"Shop\",\"item\":\"https:\\\/\\\/www.imprentadigitalguzman.com\\\/inicio\\\/shop\\\/\"},{\"@type\":\"ListItem\",\"position\":3,\"name\":\"KANGAROO OVERSIZE UNISEX\"}]},{\"@type\":\"WebSite\",\"@id\":\"https:\\\/\\\/www.imprentadigitalguzman.com\\\/inicio\\\/#website\",\"url\":\"https:\\\/\\\/www.imprentadigitalguzman.com\\\/inicio\\\/\",\"name\":\"Imprenta Digital Guzm\u00e1n\",\"description\":\"\",\"potentialAction\":[{\"@type\":\"SearchAction\",\"target\":{\"@type\":\"EntryPoint\",\"urlTemplate\":\"https:\\\/\\\/www.imprentadigitalguzman.com\\\/inicio\\\/?s={search_term_string}\"},\"query-input\":{\"@type\":\"PropertyValueSpecification\",\"valueRequired\":true,\"valueName\":\"search_term_string\"}}],\"inLanguage\":\"es\"}]}<\/script>\n<!-- \/ Yoast SEO plugin. -->","yoast_head_json":{"title":"KANGAROO OVERSIZE UNISEX - Imprenta Digital Guzm\u00e1n","description":"Sudadera oversize unisex con capucha y bolsillo canguro, ideal para personalizaci\u00f3n textil. Felpa perchada, estilo urbano y m\u00e1xima comodidad.","robots":{"index":"index","follow":"follow","max-snippet":"max-snippet:-1","max-image-preview":"max-image-preview:large","max-video-preview":"max-video-preview:-1"},"canonical":"https:\/\/www.imprentadigitalguzman.com\/inicio\/producto\/kangaroo-oversize-unisex-sudadera-personalizada\/","og_locale":"es_ES","og_type":"article","og_title":"KANGAROO OVERSIZE UNISEX - Imprenta Digital Guzm\u00e1n","og_description":"Sudadera oversize unisex con capucha y bolsillo canguro, ideal para personalizaci\u00f3n textil. Felpa perchada, estilo urbano y m\u00e1xima comodidad.","og_url":"https:\/\/www.imprentadigitalguzman.com\/inicio\/producto\/kangaroo-oversize-unisex-sudadera-personalizada\/","og_site_name":"Imprenta Digital Guzm\u00e1n","article_modified_time":"2026-03-11T12:39:33+00:00","og_image":[{"width":800,"height":800,"url":"https:\/\/www.imprentadigitalguzman.com\/wp-content\/uploads\/2026\/02\/ChatGPT-Image-2-feb-2026-11_36_48.jpg","type":"image\/jpeg"}],"twitter_card":"summary_large_image","twitter_misc":{"Tiempo de lectura":"2 minutos"},"schema":{"@context":"https:\/\/schema.org","@graph":[{"@type":"WebPage","@id":"https:\/\/www.imprentadigitalguzman.com\/inicio\/producto\/kangaroo-oversize-unisex-sudadera-personalizada\/","url":"https:\/\/www.imprentadigitalguzman.com\/inicio\/producto\/kangaroo-oversize-unisex-sudadera-personalizada\/","name":"KANGAROO OVERSIZE UNISEX - Imprenta Digital Guzm\u00e1n","isPartOf":{"@id":"https:\/\/www.imprentadigitalguzman.com\/inicio\/#website"},"primaryImageOfPage":{"@id":"https:\/\/www.imprentadigitalguzman.com\/inicio\/producto\/kangaroo-oversize-unisex-sudadera-personalizada\/#primaryimage"},"image":{"@id":"https:\/\/www.imprentadigitalguzman.com\/inicio\/producto\/kangaroo-oversize-unisex-sudadera-personalizada\/#primaryimage"},"thumbnailUrl":"https:\/\/www.imprentadigitalguzman.com\/wp-content\/uploads\/2026\/02\/ChatGPT-Image-2-feb-2026-11_36_48.jpg","datePublished":"2026-02-02T10:36:29+00:00","dateModified":"2026-03-11T12:39:33+00:00","description":"Sudadera oversize unisex con capucha y bolsillo canguro, ideal para personalizaci\u00f3n textil. Felpa perchada, estilo urbano y m\u00e1xima comodidad.","breadcrumb":{"@id":"https:\/\/www.imprentadigitalguzman.com\/inicio\/producto\/kangaroo-oversize-unisex-sudadera-personalizada\/#breadcrumb"},"inLanguage":"es","potentialAction":[{"@type":"ReadAction","target":["https:\/\/www.imprentadigitalguzman.com\/inicio\/producto\/kangaroo-oversize-unisex-sudadera-personalizada\/"]}]},{"@type":"ImageObject","inLanguage":"es","@id":"https:\/\/www.imprentadigitalguzman.com\/inicio\/producto\/kangaroo-oversize-unisex-sudadera-personalizada\/#primaryimage","url":"https:\/\/www.imprentadigitalguzman.com\/wp-content\/uploads\/2026\/02\/ChatGPT-Image-2-feb-2026-11_36_48.jpg","contentUrl":"https:\/\/www.imprentadigitalguzman.com\/wp-content\/uploads\/2026\/02\/ChatGPT-Image-2-feb-2026-11_36_48.jpg","width":800,"height":800,"caption":"sudaderas-personalizables-merchandising-espa\u00f1a-mejor-precio"},{"@type":"BreadcrumbList","@id":"https:\/\/www.imprentadigitalguzman.com\/inicio\/producto\/kangaroo-oversize-unisex-sudadera-personalizada\/#breadcrumb","itemListElement":[{"@type":"ListItem","position":1,"name":"Portada","item":"https:\/\/www.imprentadigitalguzman.com\/inicio\/"},{"@type":"ListItem","position":2,"name":"Shop","item":"https:\/\/www.imprentadigitalguzman.com\/inicio\/shop\/"},{"@type":"ListItem","position":3,"name":"KANGAROO OVERSIZE UNISEX"}]},{"@type":"WebSite","@id":"https:\/\/www.imprentadigitalguzman.com\/inicio\/#website","url":"https:\/\/www.imprentadigitalguzman.com\/inicio\/","name":"Imprenta Digital Guzm\u00e1n","description":"","potentialAction":[{"@type":"SearchAction","target":{"@type":"EntryPoint","urlTemplate":"https:\/\/www.imprentadigitalguzman.com\/inicio\/?s={search_term_string}"},"query-input":{"@type":"PropertyValueSpecification","valueRequired":true,"valueName":"search_term_string"}}],"inLanguage":"es"}]}},"_links":{"self":[{"href":"https:\/\/www.imprentadigitalguzman.com\/inicio\/wp-json\/wp\/v2\/product\/439","targetHints":{"allow":["GET"]}}],"collection":[{"href":"https:\/\/www.imprentadigitalguzman.com\/inicio\/wp-json\/wp\/v2\/product"}],"about":[{"href":"https:\/\/www.imprentadigitalguzman.com\/inicio\/wp-json\/wp\/v2\/types\/product"}],"replies":[{"embeddable":true,"href":"https:\/\/www.imprentadigitalguzman.com\/inicio\/wp-json\/wp\/v2\/comments?post=439"}],"wp:featuredmedia":[{"embeddable":true,"href":"https:\/\/www.imprentadigitalguzman.com\/inicio\/wp-json\/wp\/v2\/media\/445"}],"wp:attachment":[{"href":"https:\/\/www.imprentadigitalguzman.com\/inicio\/wp-json\/wp\/v2\/media?parent=439"}],"wp:term":[{"taxonomy":"product_brand","embeddable":true,"href":"https:\/\/www.imprentadigitalguzman.com\/inicio\/wp-json\/wp\/v2\/product_brand?post=439"},{"taxonomy":"product_cat","embeddable":true,"href":"https:\/\/www.imprentadigitalguzman.com\/inicio\/wp-json\/wp\/v2\/product_cat?post=439"},{"taxonomy":"product_tag","embeddable":true,"href":"https:\/\/www.imprentadigitalguzman.com\/inicio\/wp-json\/wp\/v2\/product_tag?post=439"}],"curies":[{"name":"wp","href":"https:\/\/api.w.org\/{rel}","templated":true}]}}