{"id":417,"date":"2026-02-02T09:57:09","date_gmt":"2026-02-02T09:57:09","guid":{"rendered":"https:\/\/www.imprentadigitalguzman.com\/inicio\/?post_type=product&#038;p=417"},"modified":"2026-03-12T10:45:33","modified_gmt":"2026-03-12T10:45:33","slug":"camiseta-curves-v-neck-personalizada-mujer","status":"publish","type":"product","link":"https:\/\/www.imprentadigitalguzman.com\/inicio\/producto\/camiseta-curves-v-neck-personalizada-mujer\/","title":{"rendered":"CURVES T-SHIRT V-NECK"},"content":{"rendered":"<p data-start=\"261\" data-end=\"572\">La <strong data-start=\"264\" data-end=\"301\">Camiseta Curves V-Neck para mujer<\/strong> es una <strong data-start=\"309\" data-end=\"361\">camiseta b\u00e1sica de manga corta en tallas grandes<\/strong>, dise\u00f1ada para ofrecer comodidad, ligereza y un ajuste favorecedor. Confeccionada en <strong data-start=\"447\" data-end=\"474\">algod\u00f3n de alta calidad<\/strong>, es ideal para <strong data-start=\"490\" data-end=\"528\">personalizaci\u00f3n textil profesional<\/strong> mediante <strong data-start=\"538\" data-end=\"571\">serigraf\u00eda, vinilo o transfer<\/strong>.<\/p>\n<p data-start=\"574\" data-end=\"864\">Su dise\u00f1o de <strong data-start=\"587\" data-end=\"601\">punto liso<\/strong> y <strong data-start=\"604\" data-end=\"635\">corte ligeramente entallado<\/strong> se adapta c\u00f3modamente a la silueta, proporcionando libertad de movimiento sin renunciar a un acabado cuidado. El <strong data-start=\"749\" data-end=\"778\">cuello de pico con canal\u00e9<\/strong> aporta un toque estilizado y femenino, manteniendo la forma con el uso y los lavados.<\/p>\n<p data-start=\"866\" data-end=\"1020\">Incorpora <strong data-start=\"876\" data-end=\"898\">etiqueta removible<\/strong>, lo que la convierte en una opci\u00f3n perfecta para marcas propias, ropa corporativa, eventos o merchandising personalizado.<\/p>\n<p data-start=\"1022\" data-end=\"1297\">Disponible en <strong data-start=\"1036\" data-end=\"1049\">9 colores<\/strong>, esta camiseta ofrece una soluci\u00f3n c\u00f3moda y vers\u00e1til dentro de la <strong data-start=\"1116\" data-end=\"1132\">l\u00ednea Curves<\/strong>, pensada espec\u00edficamente para tallas grandes. Con un <strong data-start=\"1186\" data-end=\"1209\">gramaje de 145 g\/m\u00b2<\/strong>, es una prenda ligera, fresca y perfecta para climas c\u00e1lidos o uso durante todo el a\u00f1o.<\/p>\n<h3 data-start=\"1304\" data-end=\"1336\"><strong data-start=\"1308\" data-end=\"1336\">Caracter\u00edsticas t\u00e9cnicas<\/strong><\/h3>\n<ul data-start=\"1337\" data-end=\"1483\">\n<li data-start=\"1337\" data-end=\"1352\">\n<p data-start=\"1339\" data-end=\"1352\">Manga corta<\/p>\n<\/li>\n<li data-start=\"1353\" data-end=\"1382\">\n<p data-start=\"1355\" data-end=\"1382\">Cuello de pico con canal\u00e9<\/p>\n<\/li>\n<li data-start=\"1383\" data-end=\"1397\">\n<p data-start=\"1385\" data-end=\"1397\">Punto liso<\/p>\n<\/li>\n<li data-start=\"1398\" data-end=\"1429\">\n<p data-start=\"1400\" data-end=\"1429\">Corte ligeramente entallado<\/p>\n<\/li>\n<li data-start=\"1430\" data-end=\"1452\">\n<p data-start=\"1432\" data-end=\"1452\">Etiqueta removible<\/p>\n<\/li>\n<li data-start=\"1453\" data-end=\"1483\">\n<p data-start=\"1455\" data-end=\"1483\">Gramaje: <strong data-start=\"1464\" data-end=\"1483\">145 g\/m\u00b2 aprox.<\/strong><\/p>\n<\/li>\n<\/ul>\n<p>&nbsp;<\/p>\n<hr data-start=\"1485\" data-end=\"1488\" \/>\n<h3 data-start=\"1490\" data-end=\"1521\"><strong data-start=\"1494\" data-end=\"1521\">Composici\u00f3n seg\u00fan color<\/strong><\/h3>\n<ul data-start=\"1522\" data-end=\"1601\">\n<li data-start=\"1522\" data-end=\"1561\">\n<p data-start=\"1524\" data-end=\"1561\"><strong data-start=\"1524\" data-end=\"1531\">GM:<\/strong> 85 % algod\u00f3n \/ 15 % viscosa<\/p>\n<\/li>\n<li data-start=\"1562\" data-end=\"1601\">\n<p data-start=\"1564\" data-end=\"1601\"><strong data-start=\"1564\" data-end=\"1585\">Resto de colores:<\/strong> 100 % algod\u00f3n<\/p>\n<\/li>\n<\/ul>\n","protected":false},"excerpt":{"rendered":"<p data-start=\"1647\" data-end=\"1785\">Camiseta b\u00e1sica de mujer en tallas grandes con cuello pico, ligera y c\u00f3moda. Ideal para personalizaci\u00f3n con serigraf\u00eda, vinilo o transfer.<\/p>\n","protected":false},"featured_media":419,"comment_status":"closed","ping_status":"closed","template":"","meta":{"_et_pb_use_builder":"","_et_pb_old_content":"","_et_gb_content_width":"","_joinchat":[]},"product_brand":[],"product_cat":[130,129],"product_tag":[106,110,135,109,134,139,136,138,144],"class_list":{"0":"post-417","1":"product","2":"type-product","3":"status-publish","4":"has-post-thumbnail","6":"product_cat-camiseta-mujer","7":"product_cat-mujer","8":"product_tag-algodon","9":"product_tag-camiseta-para-personalizar","10":"product_tag-camisetas-premium","11":"product_tag-etiqueta-removible","12":"product_tag-impresion-textil","13":"product_tag-mujer","14":"product_tag-oversize","15":"product_tag-personalizar","16":"product_tag-pico","18":"first","19":"instock","20":"taxable","21":"shipping-taxable","22":"purchasable","23":"product-type-variable"},"yoast_head":"<!-- This site is optimized with the Yoast SEO plugin v27.4 - https:\/\/yoast.com\/product\/yoast-seo-wordpress\/ -->\n<title>CURVES T-SHIRT V-NECK - Imprenta Digital Guzm\u00e1n<\/title>\n<meta name=\"description\" content=\"Camiseta b\u00e1sica de mujer en tallas grandes con cuello pico, ligera y c\u00f3moda. Ideal para personalizaci\u00f3n textil. Disponible en varios colores.\" \/>\n<meta name=\"robots\" content=\"index, follow, max-snippet:-1, max-image-preview:large, max-video-preview:-1\" \/>\n<link rel=\"canonical\" href=\"https:\/\/www.imprentadigitalguzman.com\/inicio\/producto\/camiseta-curves-v-neck-personalizada-mujer\/\" \/>\n<meta property=\"og:locale\" content=\"es_ES\" \/>\n<meta property=\"og:type\" content=\"article\" \/>\n<meta property=\"og:title\" content=\"CURVES T-SHIRT V-NECK - Imprenta Digital Guzm\u00e1n\" \/>\n<meta property=\"og:description\" content=\"Camiseta b\u00e1sica de mujer en tallas grandes con cuello pico, ligera y c\u00f3moda. Ideal para personalizaci\u00f3n textil. Disponible en varios colores.\" \/>\n<meta property=\"og:url\" content=\"https:\/\/www.imprentadigitalguzman.com\/inicio\/producto\/camiseta-curves-v-neck-personalizada-mujer\/\" \/>\n<meta property=\"og:site_name\" content=\"Imprenta Digital Guzm\u00e1n\" \/>\n<meta property=\"article:modified_time\" content=\"2026-03-12T10:45:33+00:00\" \/>\n<meta property=\"og:image\" content=\"https:\/\/www.imprentadigitalguzman.com\/wp-content\/uploads\/2026\/02\/ChatGPT-Image-2-feb-2026-10_54_08.jpg\" \/>\n\t<meta property=\"og:image:width\" content=\"800\" \/>\n\t<meta property=\"og:image:height\" content=\"800\" \/>\n\t<meta property=\"og:image:type\" content=\"image\/jpeg\" \/>\n<meta name=\"twitter:card\" content=\"summary_large_image\" \/>\n<meta name=\"twitter:label1\" content=\"Tiempo de lectura\" \/>\n\t<meta name=\"twitter:data1\" content=\"2 minutos\" \/>\n<script type=\"application\/ld+json\" class=\"yoast-schema-graph\">{\"@context\":\"https:\\\/\\\/schema.org\",\"@graph\":[{\"@type\":\"WebPage\",\"@id\":\"https:\\\/\\\/www.imprentadigitalguzman.com\\\/inicio\\\/producto\\\/camiseta-curves-v-neck-personalizada-mujer\\\/\",\"url\":\"https:\\\/\\\/www.imprentadigitalguzman.com\\\/inicio\\\/producto\\\/camiseta-curves-v-neck-personalizada-mujer\\\/\",\"name\":\"CURVES T-SHIRT V-NECK - Imprenta Digital Guzm\u00e1n\",\"isPartOf\":{\"@id\":\"https:\\\/\\\/www.imprentadigitalguzman.com\\\/inicio\\\/#website\"},\"primaryImageOfPage\":{\"@id\":\"https:\\\/\\\/www.imprentadigitalguzman.com\\\/inicio\\\/producto\\\/camiseta-curves-v-neck-personalizada-mujer\\\/#primaryimage\"},\"image\":{\"@id\":\"https:\\\/\\\/www.imprentadigitalguzman.com\\\/inicio\\\/producto\\\/camiseta-curves-v-neck-personalizada-mujer\\\/#primaryimage\"},\"thumbnailUrl\":\"https:\\\/\\\/www.imprentadigitalguzman.com\\\/wp-content\\\/uploads\\\/2026\\\/02\\\/ChatGPT-Image-2-feb-2026-10_54_08.jpg\",\"datePublished\":\"2026-02-02T09:57:09+00:00\",\"dateModified\":\"2026-03-12T10:45:33+00:00\",\"description\":\"Camiseta b\u00e1sica de mujer en tallas grandes con cuello pico, ligera y c\u00f3moda. Ideal para personalizaci\u00f3n textil. Disponible en varios colores.\",\"breadcrumb\":{\"@id\":\"https:\\\/\\\/www.imprentadigitalguzman.com\\\/inicio\\\/producto\\\/camiseta-curves-v-neck-personalizada-mujer\\\/#breadcrumb\"},\"inLanguage\":\"es\",\"potentialAction\":[{\"@type\":\"ReadAction\",\"target\":[\"https:\\\/\\\/www.imprentadigitalguzman.com\\\/inicio\\\/producto\\\/camiseta-curves-v-neck-personalizada-mujer\\\/\"]}]},{\"@type\":\"ImageObject\",\"inLanguage\":\"es\",\"@id\":\"https:\\\/\\\/www.imprentadigitalguzman.com\\\/inicio\\\/producto\\\/camiseta-curves-v-neck-personalizada-mujer\\\/#primaryimage\",\"url\":\"https:\\\/\\\/www.imprentadigitalguzman.com\\\/wp-content\\\/uploads\\\/2026\\\/02\\\/ChatGPT-Image-2-feb-2026-10_54_08.jpg\",\"contentUrl\":\"https:\\\/\\\/www.imprentadigitalguzman.com\\\/wp-content\\\/uploads\\\/2026\\\/02\\\/ChatGPT-Image-2-feb-2026-10_54_08.jpg\",\"width\":800,\"height\":800,\"caption\":\"camisetas-personalizables-merchandising-espa\u00f1a-mejor-precio\"},{\"@type\":\"BreadcrumbList\",\"@id\":\"https:\\\/\\\/www.imprentadigitalguzman.com\\\/inicio\\\/producto\\\/camiseta-curves-v-neck-personalizada-mujer\\\/#breadcrumb\",\"itemListElement\":[{\"@type\":\"ListItem\",\"position\":1,\"name\":\"Portada\",\"item\":\"https:\\\/\\\/www.imprentadigitalguzman.com\\\/inicio\\\/\"},{\"@type\":\"ListItem\",\"position\":2,\"name\":\"Shop\",\"item\":\"https:\\\/\\\/www.imprentadigitalguzman.com\\\/inicio\\\/shop\\\/\"},{\"@type\":\"ListItem\",\"position\":3,\"name\":\"CURVES T-SHIRT V-NECK\"}]},{\"@type\":\"WebSite\",\"@id\":\"https:\\\/\\\/www.imprentadigitalguzman.com\\\/inicio\\\/#website\",\"url\":\"https:\\\/\\\/www.imprentadigitalguzman.com\\\/inicio\\\/\",\"name\":\"Imprenta Digital Guzm\u00e1n\",\"description\":\"\",\"potentialAction\":[{\"@type\":\"SearchAction\",\"target\":{\"@type\":\"EntryPoint\",\"urlTemplate\":\"https:\\\/\\\/www.imprentadigitalguzman.com\\\/inicio\\\/?s={search_term_string}\"},\"query-input\":{\"@type\":\"PropertyValueSpecification\",\"valueRequired\":true,\"valueName\":\"search_term_string\"}}],\"inLanguage\":\"es\"}]}<\/script>\n<!-- \/ Yoast SEO plugin. -->","yoast_head_json":{"title":"CURVES T-SHIRT V-NECK - Imprenta Digital Guzm\u00e1n","description":"Camiseta b\u00e1sica de mujer en tallas grandes con cuello pico, ligera y c\u00f3moda. Ideal para personalizaci\u00f3n textil. Disponible en varios colores.","robots":{"index":"index","follow":"follow","max-snippet":"max-snippet:-1","max-image-preview":"max-image-preview:large","max-video-preview":"max-video-preview:-1"},"canonical":"https:\/\/www.imprentadigitalguzman.com\/inicio\/producto\/camiseta-curves-v-neck-personalizada-mujer\/","og_locale":"es_ES","og_type":"article","og_title":"CURVES T-SHIRT V-NECK - Imprenta Digital Guzm\u00e1n","og_description":"Camiseta b\u00e1sica de mujer en tallas grandes con cuello pico, ligera y c\u00f3moda. Ideal para personalizaci\u00f3n textil. Disponible en varios colores.","og_url":"https:\/\/www.imprentadigitalguzman.com\/inicio\/producto\/camiseta-curves-v-neck-personalizada-mujer\/","og_site_name":"Imprenta Digital Guzm\u00e1n","article_modified_time":"2026-03-12T10:45:33+00:00","og_image":[{"width":800,"height":800,"url":"https:\/\/www.imprentadigitalguzman.com\/wp-content\/uploads\/2026\/02\/ChatGPT-Image-2-feb-2026-10_54_08.jpg","type":"image\/jpeg"}],"twitter_card":"summary_large_image","twitter_misc":{"Tiempo de lectura":"2 minutos"},"schema":{"@context":"https:\/\/schema.org","@graph":[{"@type":"WebPage","@id":"https:\/\/www.imprentadigitalguzman.com\/inicio\/producto\/camiseta-curves-v-neck-personalizada-mujer\/","url":"https:\/\/www.imprentadigitalguzman.com\/inicio\/producto\/camiseta-curves-v-neck-personalizada-mujer\/","name":"CURVES T-SHIRT V-NECK - Imprenta Digital Guzm\u00e1n","isPartOf":{"@id":"https:\/\/www.imprentadigitalguzman.com\/inicio\/#website"},"primaryImageOfPage":{"@id":"https:\/\/www.imprentadigitalguzman.com\/inicio\/producto\/camiseta-curves-v-neck-personalizada-mujer\/#primaryimage"},"image":{"@id":"https:\/\/www.imprentadigitalguzman.com\/inicio\/producto\/camiseta-curves-v-neck-personalizada-mujer\/#primaryimage"},"thumbnailUrl":"https:\/\/www.imprentadigitalguzman.com\/wp-content\/uploads\/2026\/02\/ChatGPT-Image-2-feb-2026-10_54_08.jpg","datePublished":"2026-02-02T09:57:09+00:00","dateModified":"2026-03-12T10:45:33+00:00","description":"Camiseta b\u00e1sica de mujer en tallas grandes con cuello pico, ligera y c\u00f3moda. Ideal para personalizaci\u00f3n textil. Disponible en varios colores.","breadcrumb":{"@id":"https:\/\/www.imprentadigitalguzman.com\/inicio\/producto\/camiseta-curves-v-neck-personalizada-mujer\/#breadcrumb"},"inLanguage":"es","potentialAction":[{"@type":"ReadAction","target":["https:\/\/www.imprentadigitalguzman.com\/inicio\/producto\/camiseta-curves-v-neck-personalizada-mujer\/"]}]},{"@type":"ImageObject","inLanguage":"es","@id":"https:\/\/www.imprentadigitalguzman.com\/inicio\/producto\/camiseta-curves-v-neck-personalizada-mujer\/#primaryimage","url":"https:\/\/www.imprentadigitalguzman.com\/wp-content\/uploads\/2026\/02\/ChatGPT-Image-2-feb-2026-10_54_08.jpg","contentUrl":"https:\/\/www.imprentadigitalguzman.com\/wp-content\/uploads\/2026\/02\/ChatGPT-Image-2-feb-2026-10_54_08.jpg","width":800,"height":800,"caption":"camisetas-personalizables-merchandising-espa\u00f1a-mejor-precio"},{"@type":"BreadcrumbList","@id":"https:\/\/www.imprentadigitalguzman.com\/inicio\/producto\/camiseta-curves-v-neck-personalizada-mujer\/#breadcrumb","itemListElement":[{"@type":"ListItem","position":1,"name":"Portada","item":"https:\/\/www.imprentadigitalguzman.com\/inicio\/"},{"@type":"ListItem","position":2,"name":"Shop","item":"https:\/\/www.imprentadigitalguzman.com\/inicio\/shop\/"},{"@type":"ListItem","position":3,"name":"CURVES T-SHIRT V-NECK"}]},{"@type":"WebSite","@id":"https:\/\/www.imprentadigitalguzman.com\/inicio\/#website","url":"https:\/\/www.imprentadigitalguzman.com\/inicio\/","name":"Imprenta Digital Guzm\u00e1n","description":"","potentialAction":[{"@type":"SearchAction","target":{"@type":"EntryPoint","urlTemplate":"https:\/\/www.imprentadigitalguzman.com\/inicio\/?s={search_term_string}"},"query-input":{"@type":"PropertyValueSpecification","valueRequired":true,"valueName":"search_term_string"}}],"inLanguage":"es"}]}},"_links":{"self":[{"href":"https:\/\/www.imprentadigitalguzman.com\/inicio\/wp-json\/wp\/v2\/product\/417","targetHints":{"allow":["GET"]}}],"collection":[{"href":"https:\/\/www.imprentadigitalguzman.com\/inicio\/wp-json\/wp\/v2\/product"}],"about":[{"href":"https:\/\/www.imprentadigitalguzman.com\/inicio\/wp-json\/wp\/v2\/types\/product"}],"replies":[{"embeddable":true,"href":"https:\/\/www.imprentadigitalguzman.com\/inicio\/wp-json\/wp\/v2\/comments?post=417"}],"wp:featuredmedia":[{"embeddable":true,"href":"https:\/\/www.imprentadigitalguzman.com\/inicio\/wp-json\/wp\/v2\/media\/419"}],"wp:attachment":[{"href":"https:\/\/www.imprentadigitalguzman.com\/inicio\/wp-json\/wp\/v2\/media?parent=417"}],"wp:term":[{"taxonomy":"product_brand","embeddable":true,"href":"https:\/\/www.imprentadigitalguzman.com\/inicio\/wp-json\/wp\/v2\/product_brand?post=417"},{"taxonomy":"product_cat","embeddable":true,"href":"https:\/\/www.imprentadigitalguzman.com\/inicio\/wp-json\/wp\/v2\/product_cat?post=417"},{"taxonomy":"product_tag","embeddable":true,"href":"https:\/\/www.imprentadigitalguzman.com\/inicio\/wp-json\/wp\/v2\/product_tag?post=417"}],"curies":[{"name":"wp","href":"https:\/\/api.w.org\/{rel}","templated":true}]}}