{"id":409,"date":"2026-01-30T12:01:09","date_gmt":"2026-01-30T12:01:09","guid":{"rendered":"https:\/\/www.imprentadigitalguzman.com\/inicio\/?post_type=product&#038;p=409"},"modified":"2026-03-12T10:42:16","modified_gmt":"2026-03-12T10:42:16","slug":"lady-regular-comfort-v-neck-camiseta-personalizada","status":"publish","type":"product","link":"https:\/\/www.imprentadigitalguzman.com\/inicio\/producto\/lady-regular-comfort-v-neck-camiseta-personalizada\/","title":{"rendered":"LADY REGULAR COMFORT V-NECK"},"content":{"rendered":"<p data-start=\"352\" data-end=\"685\">La <strong data-start=\"355\" data-end=\"386\">Lady Regular Comfort V-Neck<\/strong> es una <strong data-start=\"394\" data-end=\"456\">camiseta b\u00e1sica para mujer de manga corta y cuello de pico<\/strong>, pensada para quienes buscan una prenda c\u00f3moda, ligera y con un toque m\u00e1s estilizado. Confeccionada en <strong data-start=\"560\" data-end=\"587\">algod\u00f3n de alta calidad<\/strong>, es ideal para <strong data-start=\"603\" data-end=\"641\">personalizaci\u00f3n textil profesional<\/strong> mediante <strong data-start=\"651\" data-end=\"684\">serigraf\u00eda, vinilo o transfer<\/strong>.<\/p>\n<p data-start=\"687\" data-end=\"1011\">Su dise\u00f1o de <strong data-start=\"700\" data-end=\"714\">punto liso<\/strong> y <strong data-start=\"717\" data-end=\"748\">corte ligeramente entallado<\/strong> realza la silueta sin perder comodidad, convirti\u00e9ndola en una opci\u00f3n perfecta para uso diario, ropa corporativa, eventos o merchandising personalizado. El <strong data-start=\"904\" data-end=\"922\">cuello en pico<\/strong> aporta un acabado m\u00e1s femenino y elegante frente a la camiseta b\u00e1sica de cuello redondo.<\/p>\n<p data-start=\"1013\" data-end=\"1247\">Incorpora <strong data-start=\"1023\" data-end=\"1045\">etiqueta removible<\/strong>, lo que facilita la creaci\u00f3n de marcas propias y colecciones personalizadas. Forma parte de una gama completa, ya que est\u00e1 disponible tambi\u00e9n en <strong data-start=\"1191\" data-end=\"1246\">versi\u00f3n para hombre y tallas grandes (l\u00ednea Curves)<\/strong>.<\/p>\n<p data-start=\"1249\" data-end=\"1389\">Con un <strong data-start=\"1256\" data-end=\"1293\">gramaje ligero de 145 g\/m\u00b2 aprox.<\/strong>, es una camiseta fresca, c\u00f3moda y adecuada para climas c\u00e1lidos o para usar durante todo el a\u00f1o.<\/p>\n<hr data-start=\"1391\" data-end=\"1394\" \/>\n<h3 data-start=\"1396\" data-end=\"1428\"><strong data-start=\"1400\" data-end=\"1428\">Caracter\u00edsticas t\u00e9cnicas<\/strong><\/h3>\n<ul data-start=\"1429\" data-end=\"1573\">\n<li data-start=\"1429\" data-end=\"1444\">\n<p data-start=\"1431\" data-end=\"1444\">Manga corta<\/p>\n<\/li>\n<li data-start=\"1445\" data-end=\"1472\">\n<p data-start=\"1447\" data-end=\"1472\">Cuello en pico (V-neck)<\/p>\n<\/li>\n<li data-start=\"1473\" data-end=\"1487\">\n<p data-start=\"1475\" data-end=\"1487\">Punto liso<\/p>\n<\/li>\n<li data-start=\"1488\" data-end=\"1519\">\n<p data-start=\"1490\" data-end=\"1519\">Corte ligeramente entallado<\/p>\n<\/li>\n<li data-start=\"1520\" data-end=\"1542\">\n<p data-start=\"1522\" data-end=\"1542\">Etiqueta removible<\/p>\n<\/li>\n<li data-start=\"1543\" data-end=\"1573\">\n<p data-start=\"1545\" data-end=\"1573\">Gramaje: <strong data-start=\"1554\" data-end=\"1573\">145 g\/m\u00b2 aprox.<\/strong><\/p>\n<\/li>\n<\/ul>\n<p>&nbsp;<\/p>\n<p>&nbsp;<\/p>\n<hr data-start=\"1575\" data-end=\"1578\" \/>\n<h3 data-start=\"1580\" data-end=\"1611\"><strong data-start=\"1584\" data-end=\"1611\">Composici\u00f3n seg\u00fan color<\/strong><\/h3>\n<ul data-start=\"1612\" data-end=\"1797\">\n<li data-start=\"1612\" data-end=\"1651\">\n<p data-start=\"1614\" data-end=\"1651\"><strong data-start=\"1614\" data-end=\"1621\">GM:<\/strong> 85 % algod\u00f3n \/ 15 % viscosa<\/p>\n<\/li>\n<li data-start=\"1652\" data-end=\"1698\">\n<p data-start=\"1654\" data-end=\"1698\"><strong data-start=\"1654\" data-end=\"1666\">Heather:<\/strong> 65 % poli\u00e9ster \/ 35 % algod\u00f3n<\/p>\n<\/li>\n<li data-start=\"1699\" data-end=\"1757\">\n<p data-start=\"1701\" data-end=\"1757\"><strong data-start=\"1701\" data-end=\"1725\">DNH (Denim Heather):<\/strong> 60 % algod\u00f3n \/ 40 % poli\u00e9ster<\/p>\n<\/li>\n<li data-start=\"1758\" data-end=\"1797\">\n<p data-start=\"1760\" data-end=\"1797\"><strong data-start=\"1760\" data-end=\"1781\">Resto de colores:<\/strong> 100 % algod\u00f3n<\/p>\n<\/li>\n<\/ul>\n","protected":false},"excerpt":{"rendered":"<p data-start=\"1843\" data-end=\"1978\">Camiseta b\u00e1sica de mujer con cuello pico, ligera y ligeramente entallada. Ideal para personalizaci\u00f3n con serigraf\u00eda, vinilo o transfer.<\/p>\n","protected":false},"featured_media":410,"comment_status":"closed","ping_status":"closed","template":"","meta":{"_et_pb_use_builder":"","_et_pb_old_content":"","_et_gb_content_width":"","_joinchat":[]},"product_brand":[],"product_cat":[130,129],"product_tag":[106,110,108,143,109,105,139,138],"class_list":{"0":"post-409","1":"product","2":"type-product","3":"status-publish","4":"has-post-thumbnail","6":"product_cat-camiseta-mujer","7":"product_cat-mujer","8":"product_tag-algodon","9":"product_tag-camiseta-para-personalizar","10":"product_tag-camiseta-tubular","11":"product_tag-confort","12":"product_tag-etiqueta-removible","13":"product_tag-manga-corta","14":"product_tag-mujer","15":"product_tag-personalizar","17":"first","18":"instock","19":"taxable","20":"shipping-taxable","21":"purchasable","22":"product-type-variable"},"yoast_head":"<!-- This site is optimized with the Yoast SEO plugin v27.4 - https:\/\/yoast.com\/product\/yoast-seo-wordpress\/ -->\n<title>LADY REGULAR COMFORT V-NECK - Imprenta Digital Guzm\u00e1n<\/title>\n<meta name=\"description\" content=\"Camiseta b\u00e1sica de mujer con cuello pico en algod\u00f3n, ligera y c\u00f3moda. Ideal para personalizaci\u00f3n textil. Disponible en tallas S a XXL.\" \/>\n<meta name=\"robots\" content=\"index, follow, max-snippet:-1, max-image-preview:large, max-video-preview:-1\" \/>\n<link rel=\"canonical\" href=\"https:\/\/www.imprentadigitalguzman.com\/inicio\/producto\/lady-regular-comfort-v-neck-camiseta-personalizada\/\" \/>\n<meta property=\"og:locale\" content=\"es_ES\" \/>\n<meta property=\"og:type\" content=\"article\" \/>\n<meta property=\"og:title\" content=\"LADY REGULAR COMFORT V-NECK - Imprenta Digital Guzm\u00e1n\" \/>\n<meta property=\"og:description\" content=\"Camiseta b\u00e1sica de mujer con cuello pico en algod\u00f3n, ligera y c\u00f3moda. Ideal para personalizaci\u00f3n textil. Disponible en tallas S a XXL.\" \/>\n<meta property=\"og:url\" content=\"https:\/\/www.imprentadigitalguzman.com\/inicio\/producto\/lady-regular-comfort-v-neck-camiseta-personalizada\/\" \/>\n<meta property=\"og:site_name\" content=\"Imprenta Digital Guzm\u00e1n\" \/>\n<meta property=\"article:modified_time\" content=\"2026-03-12T10:42:16+00:00\" \/>\n<meta property=\"og:image\" content=\"https:\/\/www.imprentadigitalguzman.com\/wp-content\/uploads\/2026\/01\/ChatGPT-Image-30-ene-2026-12_55_47.jpg\" \/>\n\t<meta property=\"og:image:width\" content=\"800\" \/>\n\t<meta property=\"og:image:height\" content=\"1200\" \/>\n\t<meta property=\"og:image:type\" content=\"image\/jpeg\" \/>\n<meta name=\"twitter:card\" content=\"summary_large_image\" \/>\n<meta name=\"twitter:label1\" content=\"Tiempo de lectura\" \/>\n\t<meta name=\"twitter:data1\" content=\"2 minutos\" \/>\n<script type=\"application\/ld+json\" class=\"yoast-schema-graph\">{\"@context\":\"https:\\\/\\\/schema.org\",\"@graph\":[{\"@type\":\"WebPage\",\"@id\":\"https:\\\/\\\/www.imprentadigitalguzman.com\\\/inicio\\\/producto\\\/lady-regular-comfort-v-neck-camiseta-personalizada\\\/\",\"url\":\"https:\\\/\\\/www.imprentadigitalguzman.com\\\/inicio\\\/producto\\\/lady-regular-comfort-v-neck-camiseta-personalizada\\\/\",\"name\":\"LADY REGULAR COMFORT V-NECK - Imprenta Digital Guzm\u00e1n\",\"isPartOf\":{\"@id\":\"https:\\\/\\\/www.imprentadigitalguzman.com\\\/inicio\\\/#website\"},\"primaryImageOfPage\":{\"@id\":\"https:\\\/\\\/www.imprentadigitalguzman.com\\\/inicio\\\/producto\\\/lady-regular-comfort-v-neck-camiseta-personalizada\\\/#primaryimage\"},\"image\":{\"@id\":\"https:\\\/\\\/www.imprentadigitalguzman.com\\\/inicio\\\/producto\\\/lady-regular-comfort-v-neck-camiseta-personalizada\\\/#primaryimage\"},\"thumbnailUrl\":\"https:\\\/\\\/www.imprentadigitalguzman.com\\\/wp-content\\\/uploads\\\/2026\\\/01\\\/ChatGPT-Image-30-ene-2026-12_55_47.jpg\",\"datePublished\":\"2026-01-30T12:01:09+00:00\",\"dateModified\":\"2026-03-12T10:42:16+00:00\",\"description\":\"Camiseta b\u00e1sica de mujer con cuello pico en algod\u00f3n, ligera y c\u00f3moda. Ideal para personalizaci\u00f3n textil. Disponible en tallas S a XXL.\",\"breadcrumb\":{\"@id\":\"https:\\\/\\\/www.imprentadigitalguzman.com\\\/inicio\\\/producto\\\/lady-regular-comfort-v-neck-camiseta-personalizada\\\/#breadcrumb\"},\"inLanguage\":\"es\",\"potentialAction\":[{\"@type\":\"ReadAction\",\"target\":[\"https:\\\/\\\/www.imprentadigitalguzman.com\\\/inicio\\\/producto\\\/lady-regular-comfort-v-neck-camiseta-personalizada\\\/\"]}]},{\"@type\":\"ImageObject\",\"inLanguage\":\"es\",\"@id\":\"https:\\\/\\\/www.imprentadigitalguzman.com\\\/inicio\\\/producto\\\/lady-regular-comfort-v-neck-camiseta-personalizada\\\/#primaryimage\",\"url\":\"https:\\\/\\\/www.imprentadigitalguzman.com\\\/wp-content\\\/uploads\\\/2026\\\/01\\\/ChatGPT-Image-30-ene-2026-12_55_47.jpg\",\"contentUrl\":\"https:\\\/\\\/www.imprentadigitalguzman.com\\\/wp-content\\\/uploads\\\/2026\\\/01\\\/ChatGPT-Image-30-ene-2026-12_55_47.jpg\",\"width\":800,\"height\":1200,\"caption\":\"camisetas-personalizables-merchandising-espa\u00f1a-mejor-precio\"},{\"@type\":\"BreadcrumbList\",\"@id\":\"https:\\\/\\\/www.imprentadigitalguzman.com\\\/inicio\\\/producto\\\/lady-regular-comfort-v-neck-camiseta-personalizada\\\/#breadcrumb\",\"itemListElement\":[{\"@type\":\"ListItem\",\"position\":1,\"name\":\"Portada\",\"item\":\"https:\\\/\\\/www.imprentadigitalguzman.com\\\/inicio\\\/\"},{\"@type\":\"ListItem\",\"position\":2,\"name\":\"Shop\",\"item\":\"https:\\\/\\\/www.imprentadigitalguzman.com\\\/inicio\\\/shop\\\/\"},{\"@type\":\"ListItem\",\"position\":3,\"name\":\"LADY REGULAR COMFORT V-NECK\"}]},{\"@type\":\"WebSite\",\"@id\":\"https:\\\/\\\/www.imprentadigitalguzman.com\\\/inicio\\\/#website\",\"url\":\"https:\\\/\\\/www.imprentadigitalguzman.com\\\/inicio\\\/\",\"name\":\"Imprenta Digital Guzm\u00e1n\",\"description\":\"\",\"potentialAction\":[{\"@type\":\"SearchAction\",\"target\":{\"@type\":\"EntryPoint\",\"urlTemplate\":\"https:\\\/\\\/www.imprentadigitalguzman.com\\\/inicio\\\/?s={search_term_string}\"},\"query-input\":{\"@type\":\"PropertyValueSpecification\",\"valueRequired\":true,\"valueName\":\"search_term_string\"}}],\"inLanguage\":\"es\"}]}<\/script>\n<!-- \/ Yoast SEO plugin. -->","yoast_head_json":{"title":"LADY REGULAR COMFORT V-NECK - Imprenta Digital Guzm\u00e1n","description":"Camiseta b\u00e1sica de mujer con cuello pico en algod\u00f3n, ligera y c\u00f3moda. Ideal para personalizaci\u00f3n textil. Disponible en tallas S a XXL.","robots":{"index":"index","follow":"follow","max-snippet":"max-snippet:-1","max-image-preview":"max-image-preview:large","max-video-preview":"max-video-preview:-1"},"canonical":"https:\/\/www.imprentadigitalguzman.com\/inicio\/producto\/lady-regular-comfort-v-neck-camiseta-personalizada\/","og_locale":"es_ES","og_type":"article","og_title":"LADY REGULAR COMFORT V-NECK - Imprenta Digital Guzm\u00e1n","og_description":"Camiseta b\u00e1sica de mujer con cuello pico en algod\u00f3n, ligera y c\u00f3moda. Ideal para personalizaci\u00f3n textil. Disponible en tallas S a XXL.","og_url":"https:\/\/www.imprentadigitalguzman.com\/inicio\/producto\/lady-regular-comfort-v-neck-camiseta-personalizada\/","og_site_name":"Imprenta Digital Guzm\u00e1n","article_modified_time":"2026-03-12T10:42:16+00:00","og_image":[{"width":800,"height":1200,"url":"https:\/\/www.imprentadigitalguzman.com\/wp-content\/uploads\/2026\/01\/ChatGPT-Image-30-ene-2026-12_55_47.jpg","type":"image\/jpeg"}],"twitter_card":"summary_large_image","twitter_misc":{"Tiempo de lectura":"2 minutos"},"schema":{"@context":"https:\/\/schema.org","@graph":[{"@type":"WebPage","@id":"https:\/\/www.imprentadigitalguzman.com\/inicio\/producto\/lady-regular-comfort-v-neck-camiseta-personalizada\/","url":"https:\/\/www.imprentadigitalguzman.com\/inicio\/producto\/lady-regular-comfort-v-neck-camiseta-personalizada\/","name":"LADY REGULAR COMFORT V-NECK - Imprenta Digital Guzm\u00e1n","isPartOf":{"@id":"https:\/\/www.imprentadigitalguzman.com\/inicio\/#website"},"primaryImageOfPage":{"@id":"https:\/\/www.imprentadigitalguzman.com\/inicio\/producto\/lady-regular-comfort-v-neck-camiseta-personalizada\/#primaryimage"},"image":{"@id":"https:\/\/www.imprentadigitalguzman.com\/inicio\/producto\/lady-regular-comfort-v-neck-camiseta-personalizada\/#primaryimage"},"thumbnailUrl":"https:\/\/www.imprentadigitalguzman.com\/wp-content\/uploads\/2026\/01\/ChatGPT-Image-30-ene-2026-12_55_47.jpg","datePublished":"2026-01-30T12:01:09+00:00","dateModified":"2026-03-12T10:42:16+00:00","description":"Camiseta b\u00e1sica de mujer con cuello pico en algod\u00f3n, ligera y c\u00f3moda. Ideal para personalizaci\u00f3n textil. Disponible en tallas S a XXL.","breadcrumb":{"@id":"https:\/\/www.imprentadigitalguzman.com\/inicio\/producto\/lady-regular-comfort-v-neck-camiseta-personalizada\/#breadcrumb"},"inLanguage":"es","potentialAction":[{"@type":"ReadAction","target":["https:\/\/www.imprentadigitalguzman.com\/inicio\/producto\/lady-regular-comfort-v-neck-camiseta-personalizada\/"]}]},{"@type":"ImageObject","inLanguage":"es","@id":"https:\/\/www.imprentadigitalguzman.com\/inicio\/producto\/lady-regular-comfort-v-neck-camiseta-personalizada\/#primaryimage","url":"https:\/\/www.imprentadigitalguzman.com\/wp-content\/uploads\/2026\/01\/ChatGPT-Image-30-ene-2026-12_55_47.jpg","contentUrl":"https:\/\/www.imprentadigitalguzman.com\/wp-content\/uploads\/2026\/01\/ChatGPT-Image-30-ene-2026-12_55_47.jpg","width":800,"height":1200,"caption":"camisetas-personalizables-merchandising-espa\u00f1a-mejor-precio"},{"@type":"BreadcrumbList","@id":"https:\/\/www.imprentadigitalguzman.com\/inicio\/producto\/lady-regular-comfort-v-neck-camiseta-personalizada\/#breadcrumb","itemListElement":[{"@type":"ListItem","position":1,"name":"Portada","item":"https:\/\/www.imprentadigitalguzman.com\/inicio\/"},{"@type":"ListItem","position":2,"name":"Shop","item":"https:\/\/www.imprentadigitalguzman.com\/inicio\/shop\/"},{"@type":"ListItem","position":3,"name":"LADY REGULAR COMFORT V-NECK"}]},{"@type":"WebSite","@id":"https:\/\/www.imprentadigitalguzman.com\/inicio\/#website","url":"https:\/\/www.imprentadigitalguzman.com\/inicio\/","name":"Imprenta Digital Guzm\u00e1n","description":"","potentialAction":[{"@type":"SearchAction","target":{"@type":"EntryPoint","urlTemplate":"https:\/\/www.imprentadigitalguzman.com\/inicio\/?s={search_term_string}"},"query-input":{"@type":"PropertyValueSpecification","valueRequired":true,"valueName":"search_term_string"}}],"inLanguage":"es"}]}},"_links":{"self":[{"href":"https:\/\/www.imprentadigitalguzman.com\/inicio\/wp-json\/wp\/v2\/product\/409","targetHints":{"allow":["GET"]}}],"collection":[{"href":"https:\/\/www.imprentadigitalguzman.com\/inicio\/wp-json\/wp\/v2\/product"}],"about":[{"href":"https:\/\/www.imprentadigitalguzman.com\/inicio\/wp-json\/wp\/v2\/types\/product"}],"replies":[{"embeddable":true,"href":"https:\/\/www.imprentadigitalguzman.com\/inicio\/wp-json\/wp\/v2\/comments?post=409"}],"wp:featuredmedia":[{"embeddable":true,"href":"https:\/\/www.imprentadigitalguzman.com\/inicio\/wp-json\/wp\/v2\/media\/410"}],"wp:attachment":[{"href":"https:\/\/www.imprentadigitalguzman.com\/inicio\/wp-json\/wp\/v2\/media?parent=409"}],"wp:term":[{"taxonomy":"product_brand","embeddable":true,"href":"https:\/\/www.imprentadigitalguzman.com\/inicio\/wp-json\/wp\/v2\/product_brand?post=409"},{"taxonomy":"product_cat","embeddable":true,"href":"https:\/\/www.imprentadigitalguzman.com\/inicio\/wp-json\/wp\/v2\/product_cat?post=409"},{"taxonomy":"product_tag","embeddable":true,"href":"https:\/\/www.imprentadigitalguzman.com\/inicio\/wp-json\/wp\/v2\/product_tag?post=409"}],"curies":[{"name":"wp","href":"https:\/\/api.w.org\/{rel}","templated":true}]}}