{"id":401,"date":"2026-01-30T11:52:14","date_gmt":"2026-01-30T11:52:14","guid":{"rendered":"https:\/\/www.imprentadigitalguzman.com\/inicio\/?post_type=product&#038;p=401"},"modified":"2026-03-12T10:43:47","modified_gmt":"2026-03-12T10:43:47","slug":"regular-comfort-lady-camiseta-personalizada-mujer","status":"publish","type":"product","link":"https:\/\/www.imprentadigitalguzman.com\/inicio\/producto\/regular-comfort-lady-camiseta-personalizada-mujer\/","title":{"rendered":"REGULAR COMFORT LADY"},"content":{"rendered":"<p data-start=\"317\" data-end=\"619\">La <strong data-start=\"320\" data-end=\"344\">Regular Comfort Lady<\/strong> es una <strong data-start=\"352\" data-end=\"397\">camiseta b\u00e1sica para mujer de manga corta<\/strong>, dise\u00f1ada para ofrecer comodidad, ligereza y un ajuste favorecedor. Confeccionada en <strong data-start=\"483\" data-end=\"510\">algod\u00f3n de alta calidad<\/strong>, es una prenda ideal para <strong data-start=\"537\" data-end=\"575\">personalizaci\u00f3n textil profesional<\/strong> mediante <strong data-start=\"585\" data-end=\"618\">serigraf\u00eda, vinilo o transfer<\/strong>.<\/p>\n<p data-start=\"621\" data-end=\"880\">Su dise\u00f1o de <strong data-start=\"634\" data-end=\"648\">punto liso<\/strong> y <strong data-start=\"651\" data-end=\"676\">ligeramente entallado<\/strong> aporta una silueta c\u00f3moda y femenina sin perder libertad de movimiento, lo que la convierte en una opci\u00f3n perfecta tanto para uso diario como para ropa corporativa, eventos o merchandising personalizado.<\/p>\n<p data-start=\"882\" data-end=\"1066\">Incorpora <strong data-start=\"892\" data-end=\"926\">doble costura en mangas y bajo<\/strong>, garantizando una mayor resistencia al uso y a los lavados, y <strong data-start=\"989\" data-end=\"1011\">etiqueta removible<\/strong>, ideal para marcas propias o proyectos personalizados.<\/p>\n<p data-start=\"1068\" data-end=\"1330\">Disponible en <strong data-start=\"1082\" data-end=\"1096\">40 colores<\/strong> y en tallas desde la <strong data-start=\"1118\" data-end=\"1136\">S hasta la XXL<\/strong>, esta camiseta tambi\u00e9n forma parte de una colecci\u00f3n completa, ya que est\u00e1 disponible en versiones para <strong data-start=\"1240\" data-end=\"1288\">hombre, ni\u00f1o y tallas grandes (l\u00ednea Curves)<\/strong>, permitiendo crear conjuntos coordinados.<\/p>\n<p data-start=\"1332\" data-end=\"1461\">Con un <strong data-start=\"1339\" data-end=\"1373\">gramaje ligero de 145\u2013150 g\/m\u00b2<\/strong>, es una prenda fresca, c\u00f3moda y perfecta para climas c\u00e1lidos o uso durante todo el a\u00f1o.<\/p>\n<h3 data-start=\"1468\" data-end=\"1500\"><strong data-start=\"1472\" data-end=\"1500\">Caracter\u00edsticas t\u00e9cnicas<\/strong><\/h3>\n<ul data-start=\"1501\" data-end=\"1656\">\n<li data-start=\"1501\" data-end=\"1516\">\n<p data-start=\"1503\" data-end=\"1516\">Manga corta<\/p>\n<\/li>\n<li data-start=\"1517\" data-end=\"1531\">\n<p data-start=\"1519\" data-end=\"1531\">Punto liso<\/p>\n<\/li>\n<li data-start=\"1532\" data-end=\"1563\">\n<p data-start=\"1534\" data-end=\"1563\">Corte ligeramente entallado<\/p>\n<\/li>\n<li data-start=\"1564\" data-end=\"1598\">\n<p data-start=\"1566\" data-end=\"1598\">Doble costura en mangas y bajo<\/p>\n<\/li>\n<li data-start=\"1599\" data-end=\"1621\">\n<p data-start=\"1601\" data-end=\"1621\">Etiqueta removible<\/p>\n<\/li>\n<li data-start=\"1622\" data-end=\"1656\">\n<p data-start=\"1624\" data-end=\"1656\">Gramaje: <strong data-start=\"1633\" data-end=\"1656\">145\u2013150 g\/m\u00b2 aprox.<\/strong><\/p>\n<\/li>\n<\/ul>\n<p>&nbsp;<\/p>\n<hr data-start=\"1658\" data-end=\"1661\" \/>\n<h3 data-start=\"1663\" data-end=\"1694\"><strong data-start=\"1667\" data-end=\"1694\">Composici\u00f3n seg\u00fan color<\/strong><\/h3>\n<ul data-start=\"1695\" data-end=\"1913\">\n<li data-start=\"1695\" data-end=\"1742\">\n<p data-start=\"1697\" data-end=\"1742\"><strong data-start=\"1697\" data-end=\"1712\">Colores GM:<\/strong> 85 % algod\u00f3n \/ 15 % viscosa<\/p>\n<\/li>\n<li data-start=\"1743\" data-end=\"1789\">\n<p data-start=\"1745\" data-end=\"1789\"><strong data-start=\"1745\" data-end=\"1757\">Heather:<\/strong> 65 % poli\u00e9ster \/ 35 % algod\u00f3n<\/p>\n<\/li>\n<li data-start=\"1790\" data-end=\"1842\">\n<p data-start=\"1792\" data-end=\"1842\"><strong data-start=\"1792\" data-end=\"1810\">Denim Heather:<\/strong> 60 % algod\u00f3n \/ 40 % poli\u00e9ster<\/p>\n<\/li>\n<li data-start=\"1843\" data-end=\"1873\">\n<p data-start=\"1845\" data-end=\"1873\"><strong data-start=\"1845\" data-end=\"1855\">Fl\u00faor:<\/strong> 100 % poli\u00e9ster<\/p>\n<\/li>\n<li data-start=\"1874\" data-end=\"1913\">\n<p data-start=\"1876\" data-end=\"1913\"><strong data-start=\"1876\" data-end=\"1897\">Resto de colores:<\/strong> 100 % algod\u00f3n<\/p>\n<\/li>\n<\/ul>\n","protected":false},"excerpt":{"rendered":"<p>Camiseta b\u00e1sica de mujer en algod\u00f3n, ligera y ligeramente entallada. Ideal para personalizaci\u00f3n con serigraf\u00eda, vinilo o transfer. Disponible en 40 colores.<\/p>\n","protected":false},"featured_media":402,"comment_status":"closed","ping_status":"closed","template":"","meta":{"_et_pb_use_builder":"","_et_pb_old_content":"","_et_gb_content_width":"","_joinchat":[]},"product_brand":[],"product_cat":[130,129],"product_tag":[106,110,140,109,141,139,142],"class_list":{"0":"post-401","1":"product","2":"type-product","3":"status-publish","4":"has-post-thumbnail","6":"product_cat-camiseta-mujer","7":"product_cat-mujer","8":"product_tag-algodon","9":"product_tag-camiseta-para-personalizar","10":"product_tag-doble-costura","11":"product_tag-etiqueta-removible","12":"product_tag-liso","13":"product_tag-mujer","14":"product_tag-vinilo","16":"first","17":"instock","18":"taxable","19":"shipping-taxable","20":"purchasable","21":"product-type-variable"},"yoast_head":"<!-- This site is optimized with the Yoast SEO plugin v27.4 - https:\/\/yoast.com\/product\/yoast-seo-wordpress\/ -->\n<title>REGULAR COMFORT LADY - Imprenta Digital Guzm\u00e1n<\/title>\n<meta name=\"description\" content=\"Camiseta b\u00e1sica de mujer en algod\u00f3n, ligera y c\u00f3moda, ideal para personalizaci\u00f3n textil. Disponible en 40 colores y tallas S a XXL.\" \/>\n<meta name=\"robots\" content=\"index, follow, max-snippet:-1, max-image-preview:large, max-video-preview:-1\" \/>\n<link rel=\"canonical\" href=\"https:\/\/www.imprentadigitalguzman.com\/inicio\/producto\/regular-comfort-lady-camiseta-personalizada-mujer\/\" \/>\n<meta property=\"og:locale\" content=\"es_ES\" \/>\n<meta property=\"og:type\" content=\"article\" \/>\n<meta property=\"og:title\" content=\"REGULAR COMFORT LADY - Imprenta Digital Guzm\u00e1n\" \/>\n<meta property=\"og:description\" content=\"Camiseta b\u00e1sica de mujer en algod\u00f3n, ligera y c\u00f3moda, ideal para personalizaci\u00f3n textil. Disponible en 40 colores y tallas S a XXL.\" \/>\n<meta property=\"og:url\" content=\"https:\/\/www.imprentadigitalguzman.com\/inicio\/producto\/regular-comfort-lady-camiseta-personalizada-mujer\/\" \/>\n<meta property=\"og:site_name\" content=\"Imprenta Digital Guzm\u00e1n\" \/>\n<meta property=\"article:modified_time\" content=\"2026-03-12T10:43:47+00:00\" \/>\n<meta property=\"og:image\" content=\"https:\/\/www.imprentadigitalguzman.com\/wp-content\/uploads\/2026\/01\/ChatGPT-Image-30-ene-2026-12_45_17.jpg\" \/>\n\t<meta property=\"og:image:width\" content=\"800\" \/>\n\t<meta property=\"og:image:height\" content=\"1200\" \/>\n\t<meta property=\"og:image:type\" content=\"image\/jpeg\" \/>\n<meta name=\"twitter:card\" content=\"summary_large_image\" \/>\n<meta name=\"twitter:label1\" content=\"Tiempo de lectura\" \/>\n\t<meta name=\"twitter:data1\" content=\"2 minutos\" \/>\n<script type=\"application\/ld+json\" class=\"yoast-schema-graph\">{\"@context\":\"https:\\\/\\\/schema.org\",\"@graph\":[{\"@type\":\"WebPage\",\"@id\":\"https:\\\/\\\/www.imprentadigitalguzman.com\\\/inicio\\\/producto\\\/regular-comfort-lady-camiseta-personalizada-mujer\\\/\",\"url\":\"https:\\\/\\\/www.imprentadigitalguzman.com\\\/inicio\\\/producto\\\/regular-comfort-lady-camiseta-personalizada-mujer\\\/\",\"name\":\"REGULAR COMFORT LADY - Imprenta Digital Guzm\u00e1n\",\"isPartOf\":{\"@id\":\"https:\\\/\\\/www.imprentadigitalguzman.com\\\/inicio\\\/#website\"},\"primaryImageOfPage\":{\"@id\":\"https:\\\/\\\/www.imprentadigitalguzman.com\\\/inicio\\\/producto\\\/regular-comfort-lady-camiseta-personalizada-mujer\\\/#primaryimage\"},\"image\":{\"@id\":\"https:\\\/\\\/www.imprentadigitalguzman.com\\\/inicio\\\/producto\\\/regular-comfort-lady-camiseta-personalizada-mujer\\\/#primaryimage\"},\"thumbnailUrl\":\"https:\\\/\\\/www.imprentadigitalguzman.com\\\/wp-content\\\/uploads\\\/2026\\\/01\\\/ChatGPT-Image-30-ene-2026-12_45_17.jpg\",\"datePublished\":\"2026-01-30T11:52:14+00:00\",\"dateModified\":\"2026-03-12T10:43:47+00:00\",\"description\":\"Camiseta b\u00e1sica de mujer en algod\u00f3n, ligera y c\u00f3moda, ideal para personalizaci\u00f3n textil. Disponible en 40 colores y tallas S a XXL.\",\"breadcrumb\":{\"@id\":\"https:\\\/\\\/www.imprentadigitalguzman.com\\\/inicio\\\/producto\\\/regular-comfort-lady-camiseta-personalizada-mujer\\\/#breadcrumb\"},\"inLanguage\":\"es\",\"potentialAction\":[{\"@type\":\"ReadAction\",\"target\":[\"https:\\\/\\\/www.imprentadigitalguzman.com\\\/inicio\\\/producto\\\/regular-comfort-lady-camiseta-personalizada-mujer\\\/\"]}]},{\"@type\":\"ImageObject\",\"inLanguage\":\"es\",\"@id\":\"https:\\\/\\\/www.imprentadigitalguzman.com\\\/inicio\\\/producto\\\/regular-comfort-lady-camiseta-personalizada-mujer\\\/#primaryimage\",\"url\":\"https:\\\/\\\/www.imprentadigitalguzman.com\\\/wp-content\\\/uploads\\\/2026\\\/01\\\/ChatGPT-Image-30-ene-2026-12_45_17.jpg\",\"contentUrl\":\"https:\\\/\\\/www.imprentadigitalguzman.com\\\/wp-content\\\/uploads\\\/2026\\\/01\\\/ChatGPT-Image-30-ene-2026-12_45_17.jpg\",\"width\":800,\"height\":1200,\"caption\":\"camisetas-personalizables-merchandising-espa\u00f1a-mejor-precio\"},{\"@type\":\"BreadcrumbList\",\"@id\":\"https:\\\/\\\/www.imprentadigitalguzman.com\\\/inicio\\\/producto\\\/regular-comfort-lady-camiseta-personalizada-mujer\\\/#breadcrumb\",\"itemListElement\":[{\"@type\":\"ListItem\",\"position\":1,\"name\":\"Portada\",\"item\":\"https:\\\/\\\/www.imprentadigitalguzman.com\\\/inicio\\\/\"},{\"@type\":\"ListItem\",\"position\":2,\"name\":\"Shop\",\"item\":\"https:\\\/\\\/www.imprentadigitalguzman.com\\\/inicio\\\/shop\\\/\"},{\"@type\":\"ListItem\",\"position\":3,\"name\":\"REGULAR COMFORT LADY\"}]},{\"@type\":\"WebSite\",\"@id\":\"https:\\\/\\\/www.imprentadigitalguzman.com\\\/inicio\\\/#website\",\"url\":\"https:\\\/\\\/www.imprentadigitalguzman.com\\\/inicio\\\/\",\"name\":\"Imprenta Digital Guzm\u00e1n\",\"description\":\"\",\"potentialAction\":[{\"@type\":\"SearchAction\",\"target\":{\"@type\":\"EntryPoint\",\"urlTemplate\":\"https:\\\/\\\/www.imprentadigitalguzman.com\\\/inicio\\\/?s={search_term_string}\"},\"query-input\":{\"@type\":\"PropertyValueSpecification\",\"valueRequired\":true,\"valueName\":\"search_term_string\"}}],\"inLanguage\":\"es\"}]}<\/script>\n<!-- \/ Yoast SEO plugin. -->","yoast_head_json":{"title":"REGULAR COMFORT LADY - Imprenta Digital Guzm\u00e1n","description":"Camiseta b\u00e1sica de mujer en algod\u00f3n, ligera y c\u00f3moda, ideal para personalizaci\u00f3n textil. Disponible en 40 colores y tallas S a XXL.","robots":{"index":"index","follow":"follow","max-snippet":"max-snippet:-1","max-image-preview":"max-image-preview:large","max-video-preview":"max-video-preview:-1"},"canonical":"https:\/\/www.imprentadigitalguzman.com\/inicio\/producto\/regular-comfort-lady-camiseta-personalizada-mujer\/","og_locale":"es_ES","og_type":"article","og_title":"REGULAR COMFORT LADY - Imprenta Digital Guzm\u00e1n","og_description":"Camiseta b\u00e1sica de mujer en algod\u00f3n, ligera y c\u00f3moda, ideal para personalizaci\u00f3n textil. Disponible en 40 colores y tallas S a XXL.","og_url":"https:\/\/www.imprentadigitalguzman.com\/inicio\/producto\/regular-comfort-lady-camiseta-personalizada-mujer\/","og_site_name":"Imprenta Digital Guzm\u00e1n","article_modified_time":"2026-03-12T10:43:47+00:00","og_image":[{"width":800,"height":1200,"url":"https:\/\/www.imprentadigitalguzman.com\/wp-content\/uploads\/2026\/01\/ChatGPT-Image-30-ene-2026-12_45_17.jpg","type":"image\/jpeg"}],"twitter_card":"summary_large_image","twitter_misc":{"Tiempo de lectura":"2 minutos"},"schema":{"@context":"https:\/\/schema.org","@graph":[{"@type":"WebPage","@id":"https:\/\/www.imprentadigitalguzman.com\/inicio\/producto\/regular-comfort-lady-camiseta-personalizada-mujer\/","url":"https:\/\/www.imprentadigitalguzman.com\/inicio\/producto\/regular-comfort-lady-camiseta-personalizada-mujer\/","name":"REGULAR COMFORT LADY - Imprenta Digital Guzm\u00e1n","isPartOf":{"@id":"https:\/\/www.imprentadigitalguzman.com\/inicio\/#website"},"primaryImageOfPage":{"@id":"https:\/\/www.imprentadigitalguzman.com\/inicio\/producto\/regular-comfort-lady-camiseta-personalizada-mujer\/#primaryimage"},"image":{"@id":"https:\/\/www.imprentadigitalguzman.com\/inicio\/producto\/regular-comfort-lady-camiseta-personalizada-mujer\/#primaryimage"},"thumbnailUrl":"https:\/\/www.imprentadigitalguzman.com\/wp-content\/uploads\/2026\/01\/ChatGPT-Image-30-ene-2026-12_45_17.jpg","datePublished":"2026-01-30T11:52:14+00:00","dateModified":"2026-03-12T10:43:47+00:00","description":"Camiseta b\u00e1sica de mujer en algod\u00f3n, ligera y c\u00f3moda, ideal para personalizaci\u00f3n textil. Disponible en 40 colores y tallas S a XXL.","breadcrumb":{"@id":"https:\/\/www.imprentadigitalguzman.com\/inicio\/producto\/regular-comfort-lady-camiseta-personalizada-mujer\/#breadcrumb"},"inLanguage":"es","potentialAction":[{"@type":"ReadAction","target":["https:\/\/www.imprentadigitalguzman.com\/inicio\/producto\/regular-comfort-lady-camiseta-personalizada-mujer\/"]}]},{"@type":"ImageObject","inLanguage":"es","@id":"https:\/\/www.imprentadigitalguzman.com\/inicio\/producto\/regular-comfort-lady-camiseta-personalizada-mujer\/#primaryimage","url":"https:\/\/www.imprentadigitalguzman.com\/wp-content\/uploads\/2026\/01\/ChatGPT-Image-30-ene-2026-12_45_17.jpg","contentUrl":"https:\/\/www.imprentadigitalguzman.com\/wp-content\/uploads\/2026\/01\/ChatGPT-Image-30-ene-2026-12_45_17.jpg","width":800,"height":1200,"caption":"camisetas-personalizables-merchandising-espa\u00f1a-mejor-precio"},{"@type":"BreadcrumbList","@id":"https:\/\/www.imprentadigitalguzman.com\/inicio\/producto\/regular-comfort-lady-camiseta-personalizada-mujer\/#breadcrumb","itemListElement":[{"@type":"ListItem","position":1,"name":"Portada","item":"https:\/\/www.imprentadigitalguzman.com\/inicio\/"},{"@type":"ListItem","position":2,"name":"Shop","item":"https:\/\/www.imprentadigitalguzman.com\/inicio\/shop\/"},{"@type":"ListItem","position":3,"name":"REGULAR COMFORT LADY"}]},{"@type":"WebSite","@id":"https:\/\/www.imprentadigitalguzman.com\/inicio\/#website","url":"https:\/\/www.imprentadigitalguzman.com\/inicio\/","name":"Imprenta Digital Guzm\u00e1n","description":"","potentialAction":[{"@type":"SearchAction","target":{"@type":"EntryPoint","urlTemplate":"https:\/\/www.imprentadigitalguzman.com\/inicio\/?s={search_term_string}"},"query-input":{"@type":"PropertyValueSpecification","valueRequired":true,"valueName":"search_term_string"}}],"inLanguage":"es"}]}},"_links":{"self":[{"href":"https:\/\/www.imprentadigitalguzman.com\/inicio\/wp-json\/wp\/v2\/product\/401","targetHints":{"allow":["GET"]}}],"collection":[{"href":"https:\/\/www.imprentadigitalguzman.com\/inicio\/wp-json\/wp\/v2\/product"}],"about":[{"href":"https:\/\/www.imprentadigitalguzman.com\/inicio\/wp-json\/wp\/v2\/types\/product"}],"replies":[{"embeddable":true,"href":"https:\/\/www.imprentadigitalguzman.com\/inicio\/wp-json\/wp\/v2\/comments?post=401"}],"wp:featuredmedia":[{"embeddable":true,"href":"https:\/\/www.imprentadigitalguzman.com\/inicio\/wp-json\/wp\/v2\/media\/402"}],"wp:attachment":[{"href":"https:\/\/www.imprentadigitalguzman.com\/inicio\/wp-json\/wp\/v2\/media?parent=401"}],"wp:term":[{"taxonomy":"product_brand","embeddable":true,"href":"https:\/\/www.imprentadigitalguzman.com\/inicio\/wp-json\/wp\/v2\/product_brand?post=401"},{"taxonomy":"product_cat","embeddable":true,"href":"https:\/\/www.imprentadigitalguzman.com\/inicio\/wp-json\/wp\/v2\/product_cat?post=401"},{"taxonomy":"product_tag","embeddable":true,"href":"https:\/\/www.imprentadigitalguzman.com\/inicio\/wp-json\/wp\/v2\/product_tag?post=401"}],"curies":[{"name":"wp","href":"https:\/\/api.w.org\/{rel}","templated":true}]}}