{"id":396,"date":"2026-01-30T11:39:46","date_gmt":"2026-01-30T11:39:46","guid":{"rendered":"https:\/\/www.imprentadigitalguzman.com\/inicio\/?post_type=product&#038;p=396"},"modified":"2026-03-12T10:35:59","modified_gmt":"2026-03-12T10:35:59","slug":"camiseta-basica-personalizada-algodon-hombre-2","status":"publish","type":"product","link":"https:\/\/www.imprentadigitalguzman.com\/inicio\/producto\/camiseta-basica-personalizada-algodon-hombre-2\/","title":{"rendered":"REGULAR HIT T-SHIRT KING SIZE"},"content":{"rendered":"<p>Camiseta confeccionada en <strong data-start=\"257\" data-end=\"274\">100 % algod\u00f3n<\/strong> con <strong data-start=\"279\" data-end=\"302\">gramaje de 170 g\/m\u00b2<\/strong>, dise\u00f1ada para ofrecer comodidad y resistencia. Incorpora <strong data-start=\"361\" data-end=\"379\">tejido tubular<\/strong>, <strong data-start=\"381\" data-end=\"401\">cuello con lycra<\/strong>, <strong data-start=\"403\" data-end=\"434\">refuerzo de hombro a hombro<\/strong> y <strong data-start=\"437\" data-end=\"471\">doble costura en mangas y bajo<\/strong>, garantizando una mayor durabilidad y un acabado profesional.<\/p>\n<p>&nbsp;<\/p>\n<ul>\n<li data-start=\"592\" data-end=\"610\">\n<p data-start=\"594\" data-end=\"610\">Tejido tubular<\/p>\n<\/li>\n<li data-start=\"611\" data-end=\"631\">\n<p data-start=\"613\" data-end=\"631\">Cuello con lycra<\/p>\n<\/li>\n<li data-start=\"632\" data-end=\"663\">\n<p data-start=\"634\" data-end=\"663\">Refuerzo de hombro a hombro<\/p>\n<\/li>\n<li data-start=\"664\" data-end=\"698\">\n<p data-start=\"666\" data-end=\"698\">Doble costura en mangas y bajo<\/p>\n<\/li>\n<li data-start=\"699\" data-end=\"716\">\n<p data-start=\"701\" data-end=\"716\">100 % algod\u00f3n<\/p>\n<\/li>\n<li data-start=\"717\" data-end=\"740\">\n<p data-start=\"719\" data-end=\"740\">Gramaje: <strong data-start=\"728\" data-end=\"740\">170 g\/m\u00b2<\/strong><\/p>\n<\/li>\n<\/ul>\n","protected":false},"excerpt":{"rendered":"<p>Camiseta de <strong data-start=\"808\" data-end=\"825\">algod\u00f3n 100 %<\/strong> con <strong data-start=\"830\" data-end=\"848\">tejido tubular<\/strong>, cuello con lycra y doble costura para mayor resistencia. C\u00f3moda, duradera y con un gramaje de <strong data-start=\"944\" data-end=\"956\">170 g\/m\u00b2<\/strong>.<\/p>\n","protected":false},"featured_media":397,"comment_status":"closed","ping_status":"closed","template":"","meta":{"_et_pb_use_builder":"","_et_pb_old_content":"","_et_gb_content_width":"","_joinchat":[]},"product_brand":[],"product_cat":[104,103],"product_tag":[106,110,109,134,105,136],"class_list":{"0":"post-396","1":"product","2":"type-product","3":"status-publish","4":"has-post-thumbnail","6":"product_cat-camiseta","7":"product_cat-hombre","8":"product_tag-algodon","9":"product_tag-camiseta-para-personalizar","10":"product_tag-etiqueta-removible","11":"product_tag-impresion-textil","12":"product_tag-manga-corta","13":"product_tag-oversize","15":"first","16":"instock","17":"taxable","18":"shipping-taxable","19":"purchasable","20":"product-type-variable"},"yoast_head":"<!-- This site is optimized with the Yoast SEO plugin v27.4 - https:\/\/yoast.com\/product\/yoast-seo-wordpress\/ -->\n<title>REGULAR HIT T-SHIRT KING SIZE - Imprenta Digital Guzm\u00e1n<\/title>\n<meta name=\"description\" content=\"Camiseta de algod\u00f3n 100 % con tejido tubular, cuello con lycra y doble costura para mayor resistencia. C\u00f3moda y durarera.\" \/>\n<meta name=\"robots\" content=\"index, follow, max-snippet:-1, max-image-preview:large, max-video-preview:-1\" \/>\n<link rel=\"canonical\" href=\"https:\/\/www.imprentadigitalguzman.com\/inicio\/producto\/camiseta-basica-personalizada-algodon-hombre-2\/\" \/>\n<meta property=\"og:locale\" content=\"es_ES\" \/>\n<meta property=\"og:type\" content=\"article\" \/>\n<meta property=\"og:title\" content=\"REGULAR HIT T-SHIRT KING SIZE - Imprenta Digital Guzm\u00e1n\" \/>\n<meta property=\"og:description\" content=\"Camiseta de algod\u00f3n 100 % con tejido tubular, cuello con lycra y doble costura para mayor resistencia. C\u00f3moda y durarera.\" \/>\n<meta property=\"og:url\" content=\"https:\/\/www.imprentadigitalguzman.com\/inicio\/producto\/camiseta-basica-personalizada-algodon-hombre-2\/\" \/>\n<meta property=\"og:site_name\" content=\"Imprenta Digital Guzm\u00e1n\" \/>\n<meta property=\"article:modified_time\" content=\"2026-03-12T10:35:59+00:00\" \/>\n<meta property=\"og:image\" content=\"https:\/\/www.imprentadigitalguzman.com\/wp-content\/uploads\/2026\/01\/ChatGPT-Image-30-ene-2026-12_35_55.jpg\" \/>\n\t<meta property=\"og:image:width\" content=\"800\" \/>\n\t<meta property=\"og:image:height\" content=\"1200\" \/>\n\t<meta property=\"og:image:type\" content=\"image\/jpeg\" \/>\n<meta name=\"twitter:card\" content=\"summary_large_image\" \/>\n<meta name=\"twitter:label1\" content=\"Tiempo de lectura\" \/>\n\t<meta name=\"twitter:data1\" content=\"1 minuto\" \/>\n<script type=\"application\/ld+json\" class=\"yoast-schema-graph\">{\"@context\":\"https:\\\/\\\/schema.org\",\"@graph\":[{\"@type\":\"WebPage\",\"@id\":\"https:\\\/\\\/www.imprentadigitalguzman.com\\\/inicio\\\/producto\\\/camiseta-basica-personalizada-algodon-hombre-2\\\/\",\"url\":\"https:\\\/\\\/www.imprentadigitalguzman.com\\\/inicio\\\/producto\\\/camiseta-basica-personalizada-algodon-hombre-2\\\/\",\"name\":\"REGULAR HIT T-SHIRT KING SIZE - Imprenta Digital Guzm\u00e1n\",\"isPartOf\":{\"@id\":\"https:\\\/\\\/www.imprentadigitalguzman.com\\\/inicio\\\/#website\"},\"primaryImageOfPage\":{\"@id\":\"https:\\\/\\\/www.imprentadigitalguzman.com\\\/inicio\\\/producto\\\/camiseta-basica-personalizada-algodon-hombre-2\\\/#primaryimage\"},\"image\":{\"@id\":\"https:\\\/\\\/www.imprentadigitalguzman.com\\\/inicio\\\/producto\\\/camiseta-basica-personalizada-algodon-hombre-2\\\/#primaryimage\"},\"thumbnailUrl\":\"https:\\\/\\\/www.imprentadigitalguzman.com\\\/wp-content\\\/uploads\\\/2026\\\/01\\\/ChatGPT-Image-30-ene-2026-12_35_55.jpg\",\"datePublished\":\"2026-01-30T11:39:46+00:00\",\"dateModified\":\"2026-03-12T10:35:59+00:00\",\"description\":\"Camiseta de algod\u00f3n 100 % con tejido tubular, cuello con lycra y doble costura para mayor resistencia. C\u00f3moda y durarera.\",\"breadcrumb\":{\"@id\":\"https:\\\/\\\/www.imprentadigitalguzman.com\\\/inicio\\\/producto\\\/camiseta-basica-personalizada-algodon-hombre-2\\\/#breadcrumb\"},\"inLanguage\":\"es\",\"potentialAction\":[{\"@type\":\"ReadAction\",\"target\":[\"https:\\\/\\\/www.imprentadigitalguzman.com\\\/inicio\\\/producto\\\/camiseta-basica-personalizada-algodon-hombre-2\\\/\"]}]},{\"@type\":\"ImageObject\",\"inLanguage\":\"es\",\"@id\":\"https:\\\/\\\/www.imprentadigitalguzman.com\\\/inicio\\\/producto\\\/camiseta-basica-personalizada-algodon-hombre-2\\\/#primaryimage\",\"url\":\"https:\\\/\\\/www.imprentadigitalguzman.com\\\/wp-content\\\/uploads\\\/2026\\\/01\\\/ChatGPT-Image-30-ene-2026-12_35_55.jpg\",\"contentUrl\":\"https:\\\/\\\/www.imprentadigitalguzman.com\\\/wp-content\\\/uploads\\\/2026\\\/01\\\/ChatGPT-Image-30-ene-2026-12_35_55.jpg\",\"width\":800,\"height\":1200,\"caption\":\"camisetas-personalizables-merchandising-espa\u00f1a-mejor-precio\"},{\"@type\":\"BreadcrumbList\",\"@id\":\"https:\\\/\\\/www.imprentadigitalguzman.com\\\/inicio\\\/producto\\\/camiseta-basica-personalizada-algodon-hombre-2\\\/#breadcrumb\",\"itemListElement\":[{\"@type\":\"ListItem\",\"position\":1,\"name\":\"Portada\",\"item\":\"https:\\\/\\\/www.imprentadigitalguzman.com\\\/inicio\\\/\"},{\"@type\":\"ListItem\",\"position\":2,\"name\":\"Shop\",\"item\":\"https:\\\/\\\/www.imprentadigitalguzman.com\\\/inicio\\\/shop\\\/\"},{\"@type\":\"ListItem\",\"position\":3,\"name\":\"REGULAR HIT T-SHIRT KING SIZE\"}]},{\"@type\":\"WebSite\",\"@id\":\"https:\\\/\\\/www.imprentadigitalguzman.com\\\/inicio\\\/#website\",\"url\":\"https:\\\/\\\/www.imprentadigitalguzman.com\\\/inicio\\\/\",\"name\":\"Imprenta Digital Guzm\u00e1n\",\"description\":\"\",\"potentialAction\":[{\"@type\":\"SearchAction\",\"target\":{\"@type\":\"EntryPoint\",\"urlTemplate\":\"https:\\\/\\\/www.imprentadigitalguzman.com\\\/inicio\\\/?s={search_term_string}\"},\"query-input\":{\"@type\":\"PropertyValueSpecification\",\"valueRequired\":true,\"valueName\":\"search_term_string\"}}],\"inLanguage\":\"es\"}]}<\/script>\n<!-- \/ Yoast SEO plugin. -->","yoast_head_json":{"title":"REGULAR HIT T-SHIRT KING SIZE - Imprenta Digital Guzm\u00e1n","description":"Camiseta de algod\u00f3n 100 % con tejido tubular, cuello con lycra y doble costura para mayor resistencia. C\u00f3moda y durarera.","robots":{"index":"index","follow":"follow","max-snippet":"max-snippet:-1","max-image-preview":"max-image-preview:large","max-video-preview":"max-video-preview:-1"},"canonical":"https:\/\/www.imprentadigitalguzman.com\/inicio\/producto\/camiseta-basica-personalizada-algodon-hombre-2\/","og_locale":"es_ES","og_type":"article","og_title":"REGULAR HIT T-SHIRT KING SIZE - Imprenta Digital Guzm\u00e1n","og_description":"Camiseta de algod\u00f3n 100 % con tejido tubular, cuello con lycra y doble costura para mayor resistencia. C\u00f3moda y durarera.","og_url":"https:\/\/www.imprentadigitalguzman.com\/inicio\/producto\/camiseta-basica-personalizada-algodon-hombre-2\/","og_site_name":"Imprenta Digital Guzm\u00e1n","article_modified_time":"2026-03-12T10:35:59+00:00","og_image":[{"width":800,"height":1200,"url":"https:\/\/www.imprentadigitalguzman.com\/wp-content\/uploads\/2026\/01\/ChatGPT-Image-30-ene-2026-12_35_55.jpg","type":"image\/jpeg"}],"twitter_card":"summary_large_image","twitter_misc":{"Tiempo de lectura":"1 minuto"},"schema":{"@context":"https:\/\/schema.org","@graph":[{"@type":"WebPage","@id":"https:\/\/www.imprentadigitalguzman.com\/inicio\/producto\/camiseta-basica-personalizada-algodon-hombre-2\/","url":"https:\/\/www.imprentadigitalguzman.com\/inicio\/producto\/camiseta-basica-personalizada-algodon-hombre-2\/","name":"REGULAR HIT T-SHIRT KING SIZE - Imprenta Digital Guzm\u00e1n","isPartOf":{"@id":"https:\/\/www.imprentadigitalguzman.com\/inicio\/#website"},"primaryImageOfPage":{"@id":"https:\/\/www.imprentadigitalguzman.com\/inicio\/producto\/camiseta-basica-personalizada-algodon-hombre-2\/#primaryimage"},"image":{"@id":"https:\/\/www.imprentadigitalguzman.com\/inicio\/producto\/camiseta-basica-personalizada-algodon-hombre-2\/#primaryimage"},"thumbnailUrl":"https:\/\/www.imprentadigitalguzman.com\/wp-content\/uploads\/2026\/01\/ChatGPT-Image-30-ene-2026-12_35_55.jpg","datePublished":"2026-01-30T11:39:46+00:00","dateModified":"2026-03-12T10:35:59+00:00","description":"Camiseta de algod\u00f3n 100 % con tejido tubular, cuello con lycra y doble costura para mayor resistencia. C\u00f3moda y durarera.","breadcrumb":{"@id":"https:\/\/www.imprentadigitalguzman.com\/inicio\/producto\/camiseta-basica-personalizada-algodon-hombre-2\/#breadcrumb"},"inLanguage":"es","potentialAction":[{"@type":"ReadAction","target":["https:\/\/www.imprentadigitalguzman.com\/inicio\/producto\/camiseta-basica-personalizada-algodon-hombre-2\/"]}]},{"@type":"ImageObject","inLanguage":"es","@id":"https:\/\/www.imprentadigitalguzman.com\/inicio\/producto\/camiseta-basica-personalizada-algodon-hombre-2\/#primaryimage","url":"https:\/\/www.imprentadigitalguzman.com\/wp-content\/uploads\/2026\/01\/ChatGPT-Image-30-ene-2026-12_35_55.jpg","contentUrl":"https:\/\/www.imprentadigitalguzman.com\/wp-content\/uploads\/2026\/01\/ChatGPT-Image-30-ene-2026-12_35_55.jpg","width":800,"height":1200,"caption":"camisetas-personalizables-merchandising-espa\u00f1a-mejor-precio"},{"@type":"BreadcrumbList","@id":"https:\/\/www.imprentadigitalguzman.com\/inicio\/producto\/camiseta-basica-personalizada-algodon-hombre-2\/#breadcrumb","itemListElement":[{"@type":"ListItem","position":1,"name":"Portada","item":"https:\/\/www.imprentadigitalguzman.com\/inicio\/"},{"@type":"ListItem","position":2,"name":"Shop","item":"https:\/\/www.imprentadigitalguzman.com\/inicio\/shop\/"},{"@type":"ListItem","position":3,"name":"REGULAR HIT T-SHIRT KING SIZE"}]},{"@type":"WebSite","@id":"https:\/\/www.imprentadigitalguzman.com\/inicio\/#website","url":"https:\/\/www.imprentadigitalguzman.com\/inicio\/","name":"Imprenta Digital Guzm\u00e1n","description":"","potentialAction":[{"@type":"SearchAction","target":{"@type":"EntryPoint","urlTemplate":"https:\/\/www.imprentadigitalguzman.com\/inicio\/?s={search_term_string}"},"query-input":{"@type":"PropertyValueSpecification","valueRequired":true,"valueName":"search_term_string"}}],"inLanguage":"es"}]}},"_links":{"self":[{"href":"https:\/\/www.imprentadigitalguzman.com\/inicio\/wp-json\/wp\/v2\/product\/396","targetHints":{"allow":["GET"]}}],"collection":[{"href":"https:\/\/www.imprentadigitalguzman.com\/inicio\/wp-json\/wp\/v2\/product"}],"about":[{"href":"https:\/\/www.imprentadigitalguzman.com\/inicio\/wp-json\/wp\/v2\/types\/product"}],"replies":[{"embeddable":true,"href":"https:\/\/www.imprentadigitalguzman.com\/inicio\/wp-json\/wp\/v2\/comments?post=396"}],"wp:featuredmedia":[{"embeddable":true,"href":"https:\/\/www.imprentadigitalguzman.com\/inicio\/wp-json\/wp\/v2\/media\/397"}],"wp:attachment":[{"href":"https:\/\/www.imprentadigitalguzman.com\/inicio\/wp-json\/wp\/v2\/media?parent=396"}],"wp:term":[{"taxonomy":"product_brand","embeddable":true,"href":"https:\/\/www.imprentadigitalguzman.com\/inicio\/wp-json\/wp\/v2\/product_brand?post=396"},{"taxonomy":"product_cat","embeddable":true,"href":"https:\/\/www.imprentadigitalguzman.com\/inicio\/wp-json\/wp\/v2\/product_cat?post=396"},{"taxonomy":"product_tag","embeddable":true,"href":"https:\/\/www.imprentadigitalguzman.com\/inicio\/wp-json\/wp\/v2\/product_tag?post=396"}],"curies":[{"name":"wp","href":"https:\/\/api.w.org\/{rel}","templated":true}]}}