{"id":373,"date":"2026-01-30T11:28:29","date_gmt":"2026-01-30T11:28:29","guid":{"rendered":"https:\/\/www.imprentadigitalguzman.com\/inicio\/?post_type=product&#038;p=373"},"modified":"2026-03-12T10:37:28","modified_gmt":"2026-03-12T10:37:28","slug":"camiseta-basica-personalizada-algodon-hombre","status":"publish","type":"product","link":"https:\/\/www.imprentadigitalguzman.com\/inicio\/producto\/camiseta-basica-personalizada-algodon-hombre\/","title":{"rendered":"REGULAR T-SHIRT MAN KING SIZE"},"content":{"rendered":"<p data-start=\"305\" data-end=\"599\">La <strong data-start=\"308\" data-end=\"354\">camiseta b\u00e1sica para hombre de manga corta<\/strong> es una prenda vers\u00e1til y funcional, ideal para proyectos de <strong data-start=\"415\" data-end=\"453\">personalizaci\u00f3n textil profesional<\/strong>. Confeccionada en <strong data-start=\"472\" data-end=\"495\">algod\u00f3n preencogido<\/strong>, ofrece comodidad, transpirabilidad y estabilidad en la talla, manteniendo su forma lavado tras lavado.<\/p>\n<p data-start=\"601\" data-end=\"821\">Su dise\u00f1o incorpora <strong data-start=\"621\" data-end=\"641\">cuello con lycra<\/strong>, <strong data-start=\"643\" data-end=\"661\">tejido tubular<\/strong>, <strong data-start=\"663\" data-end=\"697\">doble costura en mangas y bajo<\/strong> y <strong data-start=\"700\" data-end=\"731\">refuerzo de hombro a hombro<\/strong>, garantizando una mayor resistencia y durabilidad para uso diario, laboral o promocional.<\/p>\n<p data-start=\"823\" data-end=\"1080\">Cuenta con <strong data-start=\"834\" data-end=\"856\">etiqueta removible<\/strong>, lo que la convierte en una opci\u00f3n perfecta para marcas propias, eventos, merchandising y ropa corporativa. Es totalmente compatible con <strong data-start=\"994\" data-end=\"1034\">serigraf\u00eda, vinilo textil y transfer<\/strong>, ofreciendo acabados limpios y profesionales.<\/p>\n<p data-start=\"1082\" data-end=\"1283\">Est\u00e1 disponible en versiones para <strong data-start=\"1116\" data-end=\"1171\">hombre, mujer, ni\u00f1o y tallas grandes (l\u00ednea Curves)<\/strong>, con un amplio rango de tallas desde la <strong data-start=\"1212\" data-end=\"1231\">XS hasta la 5XL<\/strong>, adapt\u00e1ndose a todo tipo de p\u00fablicos y necesidades.<\/p>\n<p data-start=\"1285\" data-end=\"1619\">Algunos colores espec\u00edficos \u2014<strong data-start=\"1314\" data-end=\"1337\">CM, Fl\u00faor y Heather<\/strong>\u2014 incorporan <strong data-start=\"1350\" data-end=\"1372\">costuras laterales<\/strong>, y determinadas combinaciones de color est\u00e1n disponibles hasta la <strong data-start=\"1439\" data-end=\"1452\">talla 3XL<\/strong>.<br data-start=\"1453\" data-end=\"1456\" \/>Adem\u00e1s, el modelo <strong data-start=\"1474\" data-end=\"1493\">REF: TSRA150WLT<\/strong> es una camiseta <strong data-start=\"1510\" data-end=\"1528\">4 cm m\u00e1s larga<\/strong>, especialmente dise\u00f1ada para <strong data-start=\"1558\" data-end=\"1569\">tintado<\/strong>, ideal para proyectos creativos y personalizados.<\/p>\n<p data-start=\"1621\" data-end=\"1737\">Con un <strong data-start=\"1628\" data-end=\"1662\">gramaje aproximado de 155 g\/m\u00b2<\/strong>, esta camiseta ofrece un equilibrio perfecto entre ligereza y resistencia.<\/p>\n<hr data-start=\"1739\" data-end=\"1742\" \/>\n<h3 data-start=\"1744\" data-end=\"1776\"><strong data-start=\"1748\" data-end=\"1776\">Caracter\u00edsticas t\u00e9cnicas<\/strong><\/h3>\n<ul data-start=\"1777\" data-end=\"1953\">\n<li data-start=\"1777\" data-end=\"1792\">\n<p data-start=\"1779\" data-end=\"1792\">Manga corta<\/p>\n<\/li>\n<li data-start=\"1793\" data-end=\"1813\">\n<p data-start=\"1795\" data-end=\"1813\">Cuello con lycra<\/p>\n<\/li>\n<li data-start=\"1814\" data-end=\"1832\">\n<p data-start=\"1816\" data-end=\"1832\">Tejido tubular<\/p>\n<\/li>\n<li data-start=\"1833\" data-end=\"1867\">\n<p data-start=\"1835\" data-end=\"1867\">Doble costura en mangas y bajo<\/p>\n<\/li>\n<li data-start=\"1868\" data-end=\"1899\">\n<p data-start=\"1870\" data-end=\"1899\">Refuerzo de hombro a hombro<\/p>\n<\/li>\n<li data-start=\"1900\" data-end=\"1922\">\n<p data-start=\"1902\" data-end=\"1922\">Etiqueta removible<\/p>\n<\/li>\n<li data-start=\"1923\" data-end=\"1953\">\n<p data-start=\"1925\" data-end=\"1953\">Gramaje: <strong data-start=\"1934\" data-end=\"1953\">155 g\/m\u00b2 aprox.<\/strong><\/p>\n<\/li>\n<\/ul>\n<p>&nbsp;<\/p>\n<hr data-start=\"1955\" data-end=\"1958\" \/>\n<h3 data-start=\"1960\" data-end=\"2006\"><strong data-start=\"1964\" data-end=\"2006\">Colores con caracter\u00edsticas especiales<\/strong><\/h3>\n<ul data-start=\"2007\" data-end=\"2122\">\n<li data-start=\"2007\" data-end=\"2054\">\n<p data-start=\"2009\" data-end=\"2054\"><strong data-start=\"2009\" data-end=\"2033\">CM, Fl\u00faor y Heather:<\/strong> costuras laterales<\/p>\n<\/li>\n<li data-start=\"2055\" data-end=\"2122\">\n<p data-start=\"2057\" data-end=\"2122\"><strong data-start=\"2057\" data-end=\"2093\">Talla 3XL disponible en colores:<\/strong> BK, NY, RB, WH, RD, OR, SY<\/p>\n<\/li>\n<\/ul>\n<p>&nbsp;<\/p>\n<hr data-start=\"2124\" data-end=\"2127\" \/>\n<h3 data-start=\"2129\" data-end=\"2160\"><strong data-start=\"2133\" data-end=\"2160\">Composici\u00f3n seg\u00fan color<\/strong><\/h3>\n<ul data-start=\"2161\" data-end=\"2436\">\n<li data-start=\"2161\" data-end=\"2208\">\n<p data-start=\"2163\" data-end=\"2208\"><strong data-start=\"2163\" data-end=\"2178\">Colores GM:<\/strong> 85 % algod\u00f3n \/ 15 % viscosa<\/p>\n<\/li>\n<li data-start=\"2209\" data-end=\"2253\">\n<p data-start=\"2211\" data-end=\"2253\"><strong data-start=\"2211\" data-end=\"2224\">Color AS:<\/strong> 98 % algod\u00f3n \/ 2 % viscosa<\/p>\n<\/li>\n<li data-start=\"2254\" data-end=\"2284\">\n<p data-start=\"2256\" data-end=\"2284\"><strong data-start=\"2256\" data-end=\"2266\">Fl\u00faor:<\/strong> 100 % poli\u00e9ster<\/p>\n<\/li>\n<li data-start=\"2285\" data-end=\"2331\">\n<p data-start=\"2287\" data-end=\"2331\"><strong data-start=\"2287\" data-end=\"2299\">Heather:<\/strong> 65 % poli\u00e9ster \/ 35 % algod\u00f3n<\/p>\n<\/li>\n<li data-start=\"2332\" data-end=\"2384\">\n<p data-start=\"2334\" data-end=\"2384\"><strong data-start=\"2334\" data-end=\"2352\">Denim Heather:<\/strong> 60 % algod\u00f3n \/ 40 % poli\u00e9ster<\/p>\n<\/li>\n<li data-start=\"2385\" data-end=\"2436\">\n<p data-start=\"2387\" data-end=\"2436\"><strong data-start=\"2387\" data-end=\"2408\">Resto de colores:<\/strong> 100 % algod\u00f3n preencogido<\/p>\n<\/li>\n<\/ul>\n","protected":false},"excerpt":{"rendered":"<p>Camiseta b\u00e1sica de hombre en algod\u00f3n preencogido, ligera y resistente. Ideal para personalizaci\u00f3n con serigraf\u00eda, vinilo o transfer. Disponible desde la XS hasta la 5XL.<\/p>\n","protected":false},"featured_media":374,"comment_status":"closed","ping_status":"closed","template":"","meta":{"_et_pb_use_builder":"","_et_pb_old_content":"","_et_gb_content_width":"","_joinchat":[]},"product_brand":[],"product_cat":[104,103],"product_tag":[106,110,109,134,105,136,138,128,133],"class_list":{"0":"post-373","1":"product","2":"type-product","3":"status-publish","4":"has-post-thumbnail","6":"product_cat-camiseta","7":"product_cat-hombre","8":"product_tag-algodon","9":"product_tag-camiseta-para-personalizar","10":"product_tag-etiqueta-removible","11":"product_tag-impresion-textil","12":"product_tag-manga-corta","13":"product_tag-oversize","14":"product_tag-personalizar","15":"product_tag-regular","16":"product_tag-unisex","18":"first","19":"instock","20":"taxable","21":"shipping-taxable","22":"purchasable","23":"product-type-variable"},"yoast_head":"<!-- This site is optimized with the Yoast SEO plugin v27.4 - https:\/\/yoast.com\/product\/yoast-seo-wordpress\/ -->\n<title>REGULAR T-SHIRT MAN KING SIZE - Imprenta Digital Guzm\u00e1n<\/title>\n<meta name=\"description\" content=\"Camiseta b\u00e1sica de hombre en algod\u00f3n preencogido, ideal para personalizaci\u00f3n textil. Disponible en tallas XS a 5XL y en versiones para toda la familia.\" \/>\n<meta name=\"robots\" content=\"index, follow, max-snippet:-1, max-image-preview:large, max-video-preview:-1\" \/>\n<link rel=\"canonical\" href=\"https:\/\/www.imprentadigitalguzman.com\/inicio\/producto\/camiseta-basica-personalizada-algodon-hombre\/\" \/>\n<meta property=\"og:locale\" content=\"es_ES\" \/>\n<meta property=\"og:type\" content=\"article\" \/>\n<meta property=\"og:title\" content=\"REGULAR T-SHIRT MAN KING SIZE - Imprenta Digital Guzm\u00e1n\" \/>\n<meta property=\"og:description\" content=\"Camiseta b\u00e1sica de hombre en algod\u00f3n preencogido, ideal para personalizaci\u00f3n textil. Disponible en tallas XS a 5XL y en versiones para toda la familia.\" \/>\n<meta property=\"og:url\" content=\"https:\/\/www.imprentadigitalguzman.com\/inicio\/producto\/camiseta-basica-personalizada-algodon-hombre\/\" \/>\n<meta property=\"og:site_name\" content=\"Imprenta Digital Guzm\u00e1n\" \/>\n<meta property=\"article:modified_time\" content=\"2026-03-12T10:37:28+00:00\" \/>\n<meta property=\"og:image\" content=\"https:\/\/www.imprentadigitalguzman.com\/wp-content\/uploads\/2026\/01\/ChatGPT-Image-30-ene-2026-12_25_17.jpg\" \/>\n\t<meta property=\"og:image:width\" content=\"800\" \/>\n\t<meta property=\"og:image:height\" content=\"800\" \/>\n\t<meta property=\"og:image:type\" content=\"image\/jpeg\" \/>\n<meta name=\"twitter:card\" content=\"summary_large_image\" \/>\n<meta name=\"twitter:label1\" content=\"Tiempo de lectura\" \/>\n\t<meta name=\"twitter:data1\" content=\"2 minutos\" \/>\n<script type=\"application\/ld+json\" class=\"yoast-schema-graph\">{\"@context\":\"https:\\\/\\\/schema.org\",\"@graph\":[{\"@type\":\"WebPage\",\"@id\":\"https:\\\/\\\/www.imprentadigitalguzman.com\\\/inicio\\\/producto\\\/camiseta-basica-personalizada-algodon-hombre\\\/\",\"url\":\"https:\\\/\\\/www.imprentadigitalguzman.com\\\/inicio\\\/producto\\\/camiseta-basica-personalizada-algodon-hombre\\\/\",\"name\":\"REGULAR T-SHIRT MAN KING SIZE - Imprenta Digital Guzm\u00e1n\",\"isPartOf\":{\"@id\":\"https:\\\/\\\/www.imprentadigitalguzman.com\\\/inicio\\\/#website\"},\"primaryImageOfPage\":{\"@id\":\"https:\\\/\\\/www.imprentadigitalguzman.com\\\/inicio\\\/producto\\\/camiseta-basica-personalizada-algodon-hombre\\\/#primaryimage\"},\"image\":{\"@id\":\"https:\\\/\\\/www.imprentadigitalguzman.com\\\/inicio\\\/producto\\\/camiseta-basica-personalizada-algodon-hombre\\\/#primaryimage\"},\"thumbnailUrl\":\"https:\\\/\\\/www.imprentadigitalguzman.com\\\/wp-content\\\/uploads\\\/2026\\\/01\\\/ChatGPT-Image-30-ene-2026-12_25_17.jpg\",\"datePublished\":\"2026-01-30T11:28:29+00:00\",\"dateModified\":\"2026-03-12T10:37:28+00:00\",\"description\":\"Camiseta b\u00e1sica de hombre en algod\u00f3n preencogido, ideal para personalizaci\u00f3n textil. Disponible en tallas XS a 5XL y en versiones para toda la familia.\",\"breadcrumb\":{\"@id\":\"https:\\\/\\\/www.imprentadigitalguzman.com\\\/inicio\\\/producto\\\/camiseta-basica-personalizada-algodon-hombre\\\/#breadcrumb\"},\"inLanguage\":\"es\",\"potentialAction\":[{\"@type\":\"ReadAction\",\"target\":[\"https:\\\/\\\/www.imprentadigitalguzman.com\\\/inicio\\\/producto\\\/camiseta-basica-personalizada-algodon-hombre\\\/\"]}]},{\"@type\":\"ImageObject\",\"inLanguage\":\"es\",\"@id\":\"https:\\\/\\\/www.imprentadigitalguzman.com\\\/inicio\\\/producto\\\/camiseta-basica-personalizada-algodon-hombre\\\/#primaryimage\",\"url\":\"https:\\\/\\\/www.imprentadigitalguzman.com\\\/wp-content\\\/uploads\\\/2026\\\/01\\\/ChatGPT-Image-30-ene-2026-12_25_17.jpg\",\"contentUrl\":\"https:\\\/\\\/www.imprentadigitalguzman.com\\\/wp-content\\\/uploads\\\/2026\\\/01\\\/ChatGPT-Image-30-ene-2026-12_25_17.jpg\",\"width\":800,\"height\":800,\"caption\":\"camisetas-personalizables-merchandising-espa\u00f1a-mejor-precio\"},{\"@type\":\"BreadcrumbList\",\"@id\":\"https:\\\/\\\/www.imprentadigitalguzman.com\\\/inicio\\\/producto\\\/camiseta-basica-personalizada-algodon-hombre\\\/#breadcrumb\",\"itemListElement\":[{\"@type\":\"ListItem\",\"position\":1,\"name\":\"Portada\",\"item\":\"https:\\\/\\\/www.imprentadigitalguzman.com\\\/inicio\\\/\"},{\"@type\":\"ListItem\",\"position\":2,\"name\":\"Shop\",\"item\":\"https:\\\/\\\/www.imprentadigitalguzman.com\\\/inicio\\\/shop\\\/\"},{\"@type\":\"ListItem\",\"position\":3,\"name\":\"REGULAR T-SHIRT MAN KING SIZE\"}]},{\"@type\":\"WebSite\",\"@id\":\"https:\\\/\\\/www.imprentadigitalguzman.com\\\/inicio\\\/#website\",\"url\":\"https:\\\/\\\/www.imprentadigitalguzman.com\\\/inicio\\\/\",\"name\":\"Imprenta Digital Guzm\u00e1n\",\"description\":\"\",\"potentialAction\":[{\"@type\":\"SearchAction\",\"target\":{\"@type\":\"EntryPoint\",\"urlTemplate\":\"https:\\\/\\\/www.imprentadigitalguzman.com\\\/inicio\\\/?s={search_term_string}\"},\"query-input\":{\"@type\":\"PropertyValueSpecification\",\"valueRequired\":true,\"valueName\":\"search_term_string\"}}],\"inLanguage\":\"es\"}]}<\/script>\n<!-- \/ Yoast SEO plugin. -->","yoast_head_json":{"title":"REGULAR T-SHIRT MAN KING SIZE - Imprenta Digital Guzm\u00e1n","description":"Camiseta b\u00e1sica de hombre en algod\u00f3n preencogido, ideal para personalizaci\u00f3n textil. Disponible en tallas XS a 5XL y en versiones para toda la familia.","robots":{"index":"index","follow":"follow","max-snippet":"max-snippet:-1","max-image-preview":"max-image-preview:large","max-video-preview":"max-video-preview:-1"},"canonical":"https:\/\/www.imprentadigitalguzman.com\/inicio\/producto\/camiseta-basica-personalizada-algodon-hombre\/","og_locale":"es_ES","og_type":"article","og_title":"REGULAR T-SHIRT MAN KING SIZE - Imprenta Digital Guzm\u00e1n","og_description":"Camiseta b\u00e1sica de hombre en algod\u00f3n preencogido, ideal para personalizaci\u00f3n textil. Disponible en tallas XS a 5XL y en versiones para toda la familia.","og_url":"https:\/\/www.imprentadigitalguzman.com\/inicio\/producto\/camiseta-basica-personalizada-algodon-hombre\/","og_site_name":"Imprenta Digital Guzm\u00e1n","article_modified_time":"2026-03-12T10:37:28+00:00","og_image":[{"width":800,"height":800,"url":"https:\/\/www.imprentadigitalguzman.com\/wp-content\/uploads\/2026\/01\/ChatGPT-Image-30-ene-2026-12_25_17.jpg","type":"image\/jpeg"}],"twitter_card":"summary_large_image","twitter_misc":{"Tiempo de lectura":"2 minutos"},"schema":{"@context":"https:\/\/schema.org","@graph":[{"@type":"WebPage","@id":"https:\/\/www.imprentadigitalguzman.com\/inicio\/producto\/camiseta-basica-personalizada-algodon-hombre\/","url":"https:\/\/www.imprentadigitalguzman.com\/inicio\/producto\/camiseta-basica-personalizada-algodon-hombre\/","name":"REGULAR T-SHIRT MAN KING SIZE - Imprenta Digital Guzm\u00e1n","isPartOf":{"@id":"https:\/\/www.imprentadigitalguzman.com\/inicio\/#website"},"primaryImageOfPage":{"@id":"https:\/\/www.imprentadigitalguzman.com\/inicio\/producto\/camiseta-basica-personalizada-algodon-hombre\/#primaryimage"},"image":{"@id":"https:\/\/www.imprentadigitalguzman.com\/inicio\/producto\/camiseta-basica-personalizada-algodon-hombre\/#primaryimage"},"thumbnailUrl":"https:\/\/www.imprentadigitalguzman.com\/wp-content\/uploads\/2026\/01\/ChatGPT-Image-30-ene-2026-12_25_17.jpg","datePublished":"2026-01-30T11:28:29+00:00","dateModified":"2026-03-12T10:37:28+00:00","description":"Camiseta b\u00e1sica de hombre en algod\u00f3n preencogido, ideal para personalizaci\u00f3n textil. Disponible en tallas XS a 5XL y en versiones para toda la familia.","breadcrumb":{"@id":"https:\/\/www.imprentadigitalguzman.com\/inicio\/producto\/camiseta-basica-personalizada-algodon-hombre\/#breadcrumb"},"inLanguage":"es","potentialAction":[{"@type":"ReadAction","target":["https:\/\/www.imprentadigitalguzman.com\/inicio\/producto\/camiseta-basica-personalizada-algodon-hombre\/"]}]},{"@type":"ImageObject","inLanguage":"es","@id":"https:\/\/www.imprentadigitalguzman.com\/inicio\/producto\/camiseta-basica-personalizada-algodon-hombre\/#primaryimage","url":"https:\/\/www.imprentadigitalguzman.com\/wp-content\/uploads\/2026\/01\/ChatGPT-Image-30-ene-2026-12_25_17.jpg","contentUrl":"https:\/\/www.imprentadigitalguzman.com\/wp-content\/uploads\/2026\/01\/ChatGPT-Image-30-ene-2026-12_25_17.jpg","width":800,"height":800,"caption":"camisetas-personalizables-merchandising-espa\u00f1a-mejor-precio"},{"@type":"BreadcrumbList","@id":"https:\/\/www.imprentadigitalguzman.com\/inicio\/producto\/camiseta-basica-personalizada-algodon-hombre\/#breadcrumb","itemListElement":[{"@type":"ListItem","position":1,"name":"Portada","item":"https:\/\/www.imprentadigitalguzman.com\/inicio\/"},{"@type":"ListItem","position":2,"name":"Shop","item":"https:\/\/www.imprentadigitalguzman.com\/inicio\/shop\/"},{"@type":"ListItem","position":3,"name":"REGULAR T-SHIRT MAN KING SIZE"}]},{"@type":"WebSite","@id":"https:\/\/www.imprentadigitalguzman.com\/inicio\/#website","url":"https:\/\/www.imprentadigitalguzman.com\/inicio\/","name":"Imprenta Digital Guzm\u00e1n","description":"","potentialAction":[{"@type":"SearchAction","target":{"@type":"EntryPoint","urlTemplate":"https:\/\/www.imprentadigitalguzman.com\/inicio\/?s={search_term_string}"},"query-input":{"@type":"PropertyValueSpecification","valueRequired":true,"valueName":"search_term_string"}}],"inLanguage":"es"}]}},"_links":{"self":[{"href":"https:\/\/www.imprentadigitalguzman.com\/inicio\/wp-json\/wp\/v2\/product\/373","targetHints":{"allow":["GET"]}}],"collection":[{"href":"https:\/\/www.imprentadigitalguzman.com\/inicio\/wp-json\/wp\/v2\/product"}],"about":[{"href":"https:\/\/www.imprentadigitalguzman.com\/inicio\/wp-json\/wp\/v2\/types\/product"}],"replies":[{"embeddable":true,"href":"https:\/\/www.imprentadigitalguzman.com\/inicio\/wp-json\/wp\/v2\/comments?post=373"}],"wp:featuredmedia":[{"embeddable":true,"href":"https:\/\/www.imprentadigitalguzman.com\/inicio\/wp-json\/wp\/v2\/media\/374"}],"wp:attachment":[{"href":"https:\/\/www.imprentadigitalguzman.com\/inicio\/wp-json\/wp\/v2\/media?parent=373"}],"wp:term":[{"taxonomy":"product_brand","embeddable":true,"href":"https:\/\/www.imprentadigitalguzman.com\/inicio\/wp-json\/wp\/v2\/product_brand?post=373"},{"taxonomy":"product_cat","embeddable":true,"href":"https:\/\/www.imprentadigitalguzman.com\/inicio\/wp-json\/wp\/v2\/product_cat?post=373"},{"taxonomy":"product_tag","embeddable":true,"href":"https:\/\/www.imprentadigitalguzman.com\/inicio\/wp-json\/wp\/v2\/product_tag?post=373"}],"curies":[{"name":"wp","href":"https:\/\/api.w.org\/{rel}","templated":true}]}}