{"id":364,"date":"2026-01-30T11:15:01","date_gmt":"2026-01-30T11:15:01","guid":{"rendered":"https:\/\/www.imprentadigitalguzman.com\/inicio\/?post_type=product&#038;p=364"},"modified":"2026-04-13T12:31:27","modified_gmt":"2026-04-13T12:31:27","slug":"camiseta-oversize-personalizada-algodon","status":"publish","type":"product","link":"https:\/\/www.imprentadigitalguzman.com\/inicio\/producto\/camiseta-oversize-personalizada-algodon\/","title":{"rendered":"URBAN OVERSIZE"},"content":{"rendered":"<p data-start=\"287\" data-end=\"573\">La <strong data-start=\"290\" data-end=\"326\">camiseta oversize de manga corta<\/strong> es la elecci\u00f3n perfecta para quienes buscan una prenda actual, c\u00f3moda y con estilo. Su corte amplio aporta un look moderno y relajado, ideal tanto para el d\u00eda a d\u00eda como para proyectos de <strong data-start=\"515\" data-end=\"572\">personalizaci\u00f3n textil con car\u00e1cter urbano y creativo<\/strong>.<\/p>\n<p data-start=\"575\" data-end=\"845\">Confeccionada en <strong data-start=\"592\" data-end=\"609\">100 % algod\u00f3n<\/strong>, ofrece un tacto suave y una excelente transpirabilidad. Su <strong data-start=\"670\" data-end=\"700\">gramaje de 200 g\/m\u00b2 aprox.<\/strong> la convierte en una camiseta resistente, con cuerpo y perfecta para <strong data-start=\"769\" data-end=\"797\">usar durante todo el a\u00f1o<\/strong>, manteniendo una ca\u00edda y estructura de calidad.<\/p>\n<p data-start=\"847\" data-end=\"1156\">Incorpora <strong data-start=\"857\" data-end=\"879\">costuras laterales<\/strong>, <strong data-start=\"881\" data-end=\"906\">cuello con canal\u00e9 1&#215;1<\/strong> y <strong data-start=\"909\" data-end=\"951\">doble costura en cuello, mangas y bajo<\/strong>, garantizando durabilidad y un acabado premium. Dispone de <strong data-start=\"1011\" data-end=\"1033\">etiqueta removible<\/strong> y <strong data-start=\"1036\" data-end=\"1060\">etiqueta con tallaje<\/strong>, lo que la hace ideal para marcas, colecciones propias, merchandising o eventos personalizados.<\/p>\n<p data-start=\"1158\" data-end=\"1311\">Es totalmente compatible con <strong data-start=\"1187\" data-end=\"1227\">serigraf\u00eda, vinilo textil y transfer<\/strong>, ofreciendo resultados limpios y profesionales, incluso en dise\u00f1os de gran formato<\/p>\n<h3 data-start=\"1318\" data-end=\"1350\"><strong data-start=\"1322\" data-end=\"1350\">Caracter\u00edsticas t\u00e9cnicas<\/strong><\/h3>\n<ul data-start=\"1351\" data-end=\"1595\">\n<li data-start=\"1351\" data-end=\"1373\">\n<p data-start=\"1353\" data-end=\"1373\">Corte <strong data-start=\"1359\" data-end=\"1371\">oversize<\/strong><\/p>\n<\/li>\n<li data-start=\"1374\" data-end=\"1389\">\n<p data-start=\"1376\" data-end=\"1389\">Manga corta<\/p>\n<\/li>\n<li data-start=\"1390\" data-end=\"1412\">\n<p data-start=\"1392\" data-end=\"1412\">Costuras laterales<\/p>\n<\/li>\n<li data-start=\"1413\" data-end=\"1438\">\n<p data-start=\"1415\" data-end=\"1438\">Cuello con canal\u00e9 1&#215;1<\/p>\n<\/li>\n<li data-start=\"1439\" data-end=\"1481\">\n<p data-start=\"1441\" data-end=\"1481\">Doble costura en cuello, mangas y bajo<\/p>\n<\/li>\n<li data-start=\"1482\" data-end=\"1504\">\n<p data-start=\"1484\" data-end=\"1504\">Etiqueta removible<\/p>\n<\/li>\n<li data-start=\"1505\" data-end=\"1529\">\n<p data-start=\"1507\" data-end=\"1529\">Etiqueta con tallaje<\/p>\n<\/li>\n<li data-start=\"1530\" data-end=\"1562\">\n<p data-start=\"1532\" data-end=\"1562\">Gramaje: <strong data-start=\"1541\" data-end=\"1560\">200 g\/m\u00b2 aprox.<\/strong><\/p>\n<\/li>\n<li data-start=\"1563\" data-end=\"1595\">\n<p data-start=\"1565\" data-end=\"1595\">Uso recomendado: todo el a\u00f1o<\/p>\n<\/li>\n<\/ul>\n<p>&nbsp;<\/p>\n<hr data-start=\"1597\" data-end=\"1600\" \/>\n<h3 data-start=\"1602\" data-end=\"1621\"><strong data-start=\"1606\" data-end=\"1621\">Composici\u00f3n<\/strong><\/h3>\n<ul data-start=\"1622\" data-end=\"1641\">\n<li data-start=\"1622\" data-end=\"1641\">\n<p data-start=\"1624\" data-end=\"1641\"><strong data-start=\"1624\" data-end=\"1641\">100 % algod\u00f3n<\/strong><\/p>\n<\/li>\n<\/ul>\n","protected":false},"excerpt":{"rendered":"<p>Camiseta oversize de algod\u00f3n 100 %, con gramaje alto y acabado premium. Ideal para personalizaci\u00f3n textil. C\u00f3moda, resistente y perfecta para un estilo urbano.<\/p>\n","protected":false},"featured_media":365,"comment_status":"closed","ping_status":"closed","template":"","meta":{"_et_pb_use_builder":"","_et_pb_old_content":"","_et_gb_content_width":"","_joinchat":[]},"product_brand":[],"product_cat":[104,103],"product_tag":[135,109,134,105,136,137,133],"class_list":{"0":"post-364","1":"product","2":"type-product","3":"status-publish","4":"has-post-thumbnail","6":"product_cat-camiseta","7":"product_cat-hombre","8":"product_tag-camisetas-premium","9":"product_tag-etiqueta-removible","10":"product_tag-impresion-textil","11":"product_tag-manga-corta","12":"product_tag-oversize","13":"product_tag-removible","14":"product_tag-unisex","16":"first","17":"instock","18":"taxable","19":"shipping-taxable","20":"purchasable","21":"product-type-variable"},"yoast_head":"<!-- This site is optimized with the Yoast SEO plugin v27.4 - https:\/\/yoast.com\/product\/yoast-seo-wordpress\/ -->\n<title>URBAN OVERSIZE - Imprenta Digital Guzm\u00e1n<\/title>\n<meta name=\"description\" content=\"Camiseta oversize de algod\u00f3n 100 % y gramaje alto, ideal para personalizaci\u00f3n con serigraf\u00eda, vinilo o transfer. Estilo urbano y m\u00e1xima comodidad.\" \/>\n<meta name=\"robots\" content=\"index, follow, max-snippet:-1, max-image-preview:large, max-video-preview:-1\" \/>\n<link rel=\"canonical\" href=\"https:\/\/www.imprentadigitalguzman.com\/inicio\/producto\/camiseta-oversize-personalizada-algodon\/\" \/>\n<meta property=\"og:locale\" content=\"es_ES\" \/>\n<meta property=\"og:type\" content=\"article\" \/>\n<meta property=\"og:title\" content=\"URBAN OVERSIZE - Imprenta Digital Guzm\u00e1n\" \/>\n<meta property=\"og:description\" content=\"Camiseta oversize de algod\u00f3n 100 % y gramaje alto, ideal para personalizaci\u00f3n con serigraf\u00eda, vinilo o transfer. Estilo urbano y m\u00e1xima comodidad.\" \/>\n<meta property=\"og:url\" content=\"https:\/\/www.imprentadigitalguzman.com\/inicio\/producto\/camiseta-oversize-personalizada-algodon\/\" \/>\n<meta property=\"og:site_name\" content=\"Imprenta Digital Guzm\u00e1n\" \/>\n<meta property=\"article:modified_time\" content=\"2026-04-13T12:31:27+00:00\" \/>\n<meta property=\"og:image\" content=\"https:\/\/www.imprentadigitalguzman.com\/wp-content\/uploads\/2026\/01\/Pareja-joven-con-camisetas-verdes-iguales.png\" \/>\n\t<meta property=\"og:image:width\" content=\"1024\" \/>\n\t<meta property=\"og:image:height\" content=\"1024\" \/>\n\t<meta property=\"og:image:type\" content=\"image\/png\" \/>\n<meta name=\"twitter:card\" content=\"summary_large_image\" \/>\n<meta name=\"twitter:label1\" content=\"Tiempo de lectura\" \/>\n\t<meta name=\"twitter:data1\" content=\"2 minutos\" \/>\n<script type=\"application\/ld+json\" class=\"yoast-schema-graph\">{\"@context\":\"https:\\\/\\\/schema.org\",\"@graph\":[{\"@type\":\"WebPage\",\"@id\":\"https:\\\/\\\/www.imprentadigitalguzman.com\\\/inicio\\\/producto\\\/camiseta-oversize-personalizada-algodon\\\/\",\"url\":\"https:\\\/\\\/www.imprentadigitalguzman.com\\\/inicio\\\/producto\\\/camiseta-oversize-personalizada-algodon\\\/\",\"name\":\"URBAN OVERSIZE - Imprenta Digital Guzm\u00e1n\",\"isPartOf\":{\"@id\":\"https:\\\/\\\/www.imprentadigitalguzman.com\\\/inicio\\\/#website\"},\"primaryImageOfPage\":{\"@id\":\"https:\\\/\\\/www.imprentadigitalguzman.com\\\/inicio\\\/producto\\\/camiseta-oversize-personalizada-algodon\\\/#primaryimage\"},\"image\":{\"@id\":\"https:\\\/\\\/www.imprentadigitalguzman.com\\\/inicio\\\/producto\\\/camiseta-oversize-personalizada-algodon\\\/#primaryimage\"},\"thumbnailUrl\":\"https:\\\/\\\/www.imprentadigitalguzman.com\\\/wp-content\\\/uploads\\\/2026\\\/01\\\/Pareja-joven-con-camisetas-verdes-iguales.png\",\"datePublished\":\"2026-01-30T11:15:01+00:00\",\"dateModified\":\"2026-04-13T12:31:27+00:00\",\"description\":\"Camiseta oversize de algod\u00f3n 100 % y gramaje alto, ideal para personalizaci\u00f3n con serigraf\u00eda, vinilo o transfer. Estilo urbano y m\u00e1xima comodidad.\",\"breadcrumb\":{\"@id\":\"https:\\\/\\\/www.imprentadigitalguzman.com\\\/inicio\\\/producto\\\/camiseta-oversize-personalizada-algodon\\\/#breadcrumb\"},\"inLanguage\":\"es\",\"potentialAction\":[{\"@type\":\"ReadAction\",\"target\":[\"https:\\\/\\\/www.imprentadigitalguzman.com\\\/inicio\\\/producto\\\/camiseta-oversize-personalizada-algodon\\\/\"]}]},{\"@type\":\"ImageObject\",\"inLanguage\":\"es\",\"@id\":\"https:\\\/\\\/www.imprentadigitalguzman.com\\\/inicio\\\/producto\\\/camiseta-oversize-personalizada-algodon\\\/#primaryimage\",\"url\":\"https:\\\/\\\/www.imprentadigitalguzman.com\\\/wp-content\\\/uploads\\\/2026\\\/01\\\/Pareja-joven-con-camisetas-verdes-iguales.png\",\"contentUrl\":\"https:\\\/\\\/www.imprentadigitalguzman.com\\\/wp-content\\\/uploads\\\/2026\\\/01\\\/Pareja-joven-con-camisetas-verdes-iguales.png\",\"width\":1024,\"height\":1024,\"caption\":\"camisetas-personalizables-merchandising-espa\u00f1a-mejor-precio\"},{\"@type\":\"BreadcrumbList\",\"@id\":\"https:\\\/\\\/www.imprentadigitalguzman.com\\\/inicio\\\/producto\\\/camiseta-oversize-personalizada-algodon\\\/#breadcrumb\",\"itemListElement\":[{\"@type\":\"ListItem\",\"position\":1,\"name\":\"Portada\",\"item\":\"https:\\\/\\\/www.imprentadigitalguzman.com\\\/inicio\\\/\"},{\"@type\":\"ListItem\",\"position\":2,\"name\":\"Shop\",\"item\":\"https:\\\/\\\/www.imprentadigitalguzman.com\\\/inicio\\\/shop\\\/\"},{\"@type\":\"ListItem\",\"position\":3,\"name\":\"URBAN OVERSIZE\"}]},{\"@type\":\"WebSite\",\"@id\":\"https:\\\/\\\/www.imprentadigitalguzman.com\\\/inicio\\\/#website\",\"url\":\"https:\\\/\\\/www.imprentadigitalguzman.com\\\/inicio\\\/\",\"name\":\"Imprenta Digital Guzm\u00e1n\",\"description\":\"\",\"potentialAction\":[{\"@type\":\"SearchAction\",\"target\":{\"@type\":\"EntryPoint\",\"urlTemplate\":\"https:\\\/\\\/www.imprentadigitalguzman.com\\\/inicio\\\/?s={search_term_string}\"},\"query-input\":{\"@type\":\"PropertyValueSpecification\",\"valueRequired\":true,\"valueName\":\"search_term_string\"}}],\"inLanguage\":\"es\"}]}<\/script>\n<!-- \/ Yoast SEO plugin. -->","yoast_head_json":{"title":"URBAN OVERSIZE - Imprenta Digital Guzm\u00e1n","description":"Camiseta oversize de algod\u00f3n 100 % y gramaje alto, ideal para personalizaci\u00f3n con serigraf\u00eda, vinilo o transfer. Estilo urbano y m\u00e1xima comodidad.","robots":{"index":"index","follow":"follow","max-snippet":"max-snippet:-1","max-image-preview":"max-image-preview:large","max-video-preview":"max-video-preview:-1"},"canonical":"https:\/\/www.imprentadigitalguzman.com\/inicio\/producto\/camiseta-oversize-personalizada-algodon\/","og_locale":"es_ES","og_type":"article","og_title":"URBAN OVERSIZE - Imprenta Digital Guzm\u00e1n","og_description":"Camiseta oversize de algod\u00f3n 100 % y gramaje alto, ideal para personalizaci\u00f3n con serigraf\u00eda, vinilo o transfer. Estilo urbano y m\u00e1xima comodidad.","og_url":"https:\/\/www.imprentadigitalguzman.com\/inicio\/producto\/camiseta-oversize-personalizada-algodon\/","og_site_name":"Imprenta Digital Guzm\u00e1n","article_modified_time":"2026-04-13T12:31:27+00:00","og_image":[{"width":1024,"height":1024,"url":"https:\/\/www.imprentadigitalguzman.com\/wp-content\/uploads\/2026\/01\/Pareja-joven-con-camisetas-verdes-iguales.png","type":"image\/png"}],"twitter_card":"summary_large_image","twitter_misc":{"Tiempo de lectura":"2 minutos"},"schema":{"@context":"https:\/\/schema.org","@graph":[{"@type":"WebPage","@id":"https:\/\/www.imprentadigitalguzman.com\/inicio\/producto\/camiseta-oversize-personalizada-algodon\/","url":"https:\/\/www.imprentadigitalguzman.com\/inicio\/producto\/camiseta-oversize-personalizada-algodon\/","name":"URBAN OVERSIZE - Imprenta Digital Guzm\u00e1n","isPartOf":{"@id":"https:\/\/www.imprentadigitalguzman.com\/inicio\/#website"},"primaryImageOfPage":{"@id":"https:\/\/www.imprentadigitalguzman.com\/inicio\/producto\/camiseta-oversize-personalizada-algodon\/#primaryimage"},"image":{"@id":"https:\/\/www.imprentadigitalguzman.com\/inicio\/producto\/camiseta-oversize-personalizada-algodon\/#primaryimage"},"thumbnailUrl":"https:\/\/www.imprentadigitalguzman.com\/wp-content\/uploads\/2026\/01\/Pareja-joven-con-camisetas-verdes-iguales.png","datePublished":"2026-01-30T11:15:01+00:00","dateModified":"2026-04-13T12:31:27+00:00","description":"Camiseta oversize de algod\u00f3n 100 % y gramaje alto, ideal para personalizaci\u00f3n con serigraf\u00eda, vinilo o transfer. Estilo urbano y m\u00e1xima comodidad.","breadcrumb":{"@id":"https:\/\/www.imprentadigitalguzman.com\/inicio\/producto\/camiseta-oversize-personalizada-algodon\/#breadcrumb"},"inLanguage":"es","potentialAction":[{"@type":"ReadAction","target":["https:\/\/www.imprentadigitalguzman.com\/inicio\/producto\/camiseta-oversize-personalizada-algodon\/"]}]},{"@type":"ImageObject","inLanguage":"es","@id":"https:\/\/www.imprentadigitalguzman.com\/inicio\/producto\/camiseta-oversize-personalizada-algodon\/#primaryimage","url":"https:\/\/www.imprentadigitalguzman.com\/wp-content\/uploads\/2026\/01\/Pareja-joven-con-camisetas-verdes-iguales.png","contentUrl":"https:\/\/www.imprentadigitalguzman.com\/wp-content\/uploads\/2026\/01\/Pareja-joven-con-camisetas-verdes-iguales.png","width":1024,"height":1024,"caption":"camisetas-personalizables-merchandising-espa\u00f1a-mejor-precio"},{"@type":"BreadcrumbList","@id":"https:\/\/www.imprentadigitalguzman.com\/inicio\/producto\/camiseta-oversize-personalizada-algodon\/#breadcrumb","itemListElement":[{"@type":"ListItem","position":1,"name":"Portada","item":"https:\/\/www.imprentadigitalguzman.com\/inicio\/"},{"@type":"ListItem","position":2,"name":"Shop","item":"https:\/\/www.imprentadigitalguzman.com\/inicio\/shop\/"},{"@type":"ListItem","position":3,"name":"URBAN OVERSIZE"}]},{"@type":"WebSite","@id":"https:\/\/www.imprentadigitalguzman.com\/inicio\/#website","url":"https:\/\/www.imprentadigitalguzman.com\/inicio\/","name":"Imprenta Digital Guzm\u00e1n","description":"","potentialAction":[{"@type":"SearchAction","target":{"@type":"EntryPoint","urlTemplate":"https:\/\/www.imprentadigitalguzman.com\/inicio\/?s={search_term_string}"},"query-input":{"@type":"PropertyValueSpecification","valueRequired":true,"valueName":"search_term_string"}}],"inLanguage":"es"}]}},"_links":{"self":[{"href":"https:\/\/www.imprentadigitalguzman.com\/inicio\/wp-json\/wp\/v2\/product\/364","targetHints":{"allow":["GET"]}}],"collection":[{"href":"https:\/\/www.imprentadigitalguzman.com\/inicio\/wp-json\/wp\/v2\/product"}],"about":[{"href":"https:\/\/www.imprentadigitalguzman.com\/inicio\/wp-json\/wp\/v2\/types\/product"}],"replies":[{"embeddable":true,"href":"https:\/\/www.imprentadigitalguzman.com\/inicio\/wp-json\/wp\/v2\/comments?post=364"}],"wp:featuredmedia":[{"embeddable":true,"href":"https:\/\/www.imprentadigitalguzman.com\/inicio\/wp-json\/wp\/v2\/media\/365"}],"wp:attachment":[{"href":"https:\/\/www.imprentadigitalguzman.com\/inicio\/wp-json\/wp\/v2\/media?parent=364"}],"wp:term":[{"taxonomy":"product_brand","embeddable":true,"href":"https:\/\/www.imprentadigitalguzman.com\/inicio\/wp-json\/wp\/v2\/product_brand?post=364"},{"taxonomy":"product_cat","embeddable":true,"href":"https:\/\/www.imprentadigitalguzman.com\/inicio\/wp-json\/wp\/v2\/product_cat?post=364"},{"taxonomy":"product_tag","embeddable":true,"href":"https:\/\/www.imprentadigitalguzman.com\/inicio\/wp-json\/wp\/v2\/product_tag?post=364"}],"curies":[{"name":"wp","href":"https:\/\/api.w.org\/{rel}","templated":true}]}}