{"id":309852,"date":"2026-04-13T11:58:18","date_gmt":"2026-04-13T11:58:18","guid":{"rendered":"https:\/\/www.imprentadigitalguzman.com\/inicio\/?post_type=product&#038;p=309852"},"modified":"2026-04-13T12:13:43","modified_gmt":"2026-04-13T12:13:43","slug":"softshell-jacket-hooded-lady","status":"publish","type":"product","link":"https:\/\/www.imprentadigitalguzman.com\/inicio\/producto\/softshell-jacket-hooded-lady\/","title":{"rendered":"SOFTSHELL JACKET HOODED LADY"},"content":{"rendered":"<p data-start=\"348\" data-end=\"554\">La <strong data-start=\"351\" data-end=\"383\">Softshell Jacket Hooded Lady<\/strong> es una <strong data-start=\"391\" data-end=\"436\">chaqueta softshell para mujer con capucha<\/strong>, dise\u00f1ada para ofrecer <strong data-start=\"460\" data-end=\"503\">protecci\u00f3n, comodidad y ajuste femenino<\/strong> en entornos laborales y actividades al aire libre.<\/p>\n<p data-start=\"556\" data-end=\"873\">Fabricada con <strong data-start=\"570\" data-end=\"618\">material tricapa con membranas transpirables<\/strong>, proporciona una excelente protecci\u00f3n frente al viento y condiciones clim\u00e1ticas adversas, manteniendo una correcta ventilaci\u00f3n. Su <strong data-start=\"750\" data-end=\"789\">interior de microforro polar a tono<\/strong> garantiza una agradable sensaci\u00f3n t\u00e9rmica, ideal para uso prolongado en exteriores.<\/p>\n<p data-start=\"875\" data-end=\"1121\">Incorpora <strong data-start=\"885\" data-end=\"906\">cremallera entera<\/strong>, <strong data-start=\"908\" data-end=\"947\">bolsillo con cremallera en el pecho<\/strong> y <strong data-start=\"950\" data-end=\"988\">bolsillos laterales con cremallera<\/strong>, aportando funcionalidad y seguridad para objetos personales. La <strong data-start=\"1054\" data-end=\"1075\">capucha integrada<\/strong> a\u00f1ade un extra de protecci\u00f3n frente al clima.<\/p>\n<p data-start=\"1123\" data-end=\"1257\">Dispone de ajuste en el bajo mediante <strong data-start=\"1161\" data-end=\"1182\">cord\u00f3n con tancas<\/strong>, permitiendo adaptar la prenda al cuerpo y mejorar el aislamiento t\u00e9rmico.<\/p>\n<p data-start=\"1259\" data-end=\"1419\">Es una prenda ideal para <strong data-start=\"1284\" data-end=\"1341\">uniformes laborales, actividades outdoor o uso diario<\/strong>, adem\u00e1s de ser perfecta para <strong data-start=\"1371\" data-end=\"1418\">personalizaci\u00f3n mediante bordado o transfer<\/strong>.<\/p>\n<p data-start=\"1421\" data-end=\"1529\">Con un <strong data-start=\"1428\" data-end=\"1462\">gramaje aproximado de 300 g\/m\u00b2<\/strong>, ofrece un equilibrio ideal entre abrigo, resistencia y comodidad.<\/p>\n<hr data-start=\"1531\" data-end=\"1534\" \/>\n<h3 data-section-id=\"19cjjbh\" data-start=\"1536\" data-end=\"1568\"><span role=\"text\"><strong data-start=\"1540\" data-end=\"1568\">Caracter\u00edsticas t\u00e9cnicas<\/strong><\/span><\/h3>\n<ul data-start=\"1569\" data-end=\"1865\">\n<li data-section-id=\"116kcu\" data-start=\"1569\" data-end=\"1614\">Chaqueta softshell para mujer con capucha<\/li>\n<li data-section-id=\"gu378v\" data-start=\"1615\" data-end=\"1636\">Cremallera entera<\/li>\n<li data-section-id=\"mrm0ub\" data-start=\"1637\" data-end=\"1676\">Bolsillo con cremallera en el pecho<\/li>\n<li data-section-id=\"hdl7w6\" data-start=\"1677\" data-end=\"1715\">Bolsillos laterales con cremallera<\/li>\n<li data-section-id=\"oe8cjz\" data-start=\"1716\" data-end=\"1762\">Tejido tricapa con membranas transpirables<\/li>\n<li data-section-id=\"uplbc5\" data-start=\"1763\" data-end=\"1795\">Interior de microforro polar<\/li>\n<li data-section-id=\"7ke83z\" data-start=\"1796\" data-end=\"1834\">Ajuste en bajo con cord\u00f3n y tancas<\/li>\n<li data-section-id=\"11axfx7\" data-start=\"1835\" data-end=\"1865\">Gramaje: <strong data-start=\"1846\" data-end=\"1865\">300 g\/m\u00b2 aprox.<\/strong><\/li>\n<\/ul>\n<hr data-start=\"1867\" data-end=\"1870\" \/>\n<h3 data-section-id=\"h6ukut\" data-start=\"1872\" data-end=\"1891\"><span role=\"text\"><strong data-start=\"1876\" data-end=\"1891\">Composici\u00f3n<\/strong><\/span><\/h3>\n<ul data-start=\"1892\" data-end=\"1993\">\n<li data-section-id=\"1nydbqw\" data-start=\"1892\" data-end=\"1949\"><strong data-start=\"1894\" data-end=\"1907\">Exterior:<\/strong> 94 % poli\u00e9ster reciclado \/ 6 % elastano<\/li>\n<li data-section-id=\"69xg19\" data-start=\"1950\" data-end=\"1993\"><strong data-start=\"1952\" data-end=\"1965\">Interior:<\/strong> 100 % poli\u00e9ster reciclado<\/li>\n<\/ul>\n","protected":false},"excerpt":{"rendered":"<p data-start=\"1984\" data-end=\"2129\">Chaqueta softshell de mujer con capucha, resistente y transpirable. Ideal para trabajo en exteriores y personalizaci\u00f3n.<\/p>\n","protected":false},"featured_media":309857,"comment_status":"closed","ping_status":"closed","template":"","meta":{"_et_pb_use_builder":"","_et_pb_old_content":"","_et_gb_content_width":"","_joinchat":[]},"product_brand":[],"product_cat":[129],"product_tag":[213,172,199,134,145,139,138,127],"class_list":{"0":"post-309852","1":"product","2":"type-product","3":"status-publish","4":"has-post-thumbnail","6":"product_cat-mujer","7":"product_tag-chaqueta","8":"product_tag-cremalleras","9":"product_tag-frio","10":"product_tag-impresion-textil","11":"product_tag-manga-larga","12":"product_tag-mujer","13":"product_tag-personalizar","14":"product_tag-premium","16":"first","17":"instock","18":"taxable","19":"shipping-taxable","20":"purchasable","21":"product-type-variable"},"yoast_head":"<!-- This site is optimized with the Yoast SEO plugin v27.4 - https:\/\/yoast.com\/product\/yoast-seo-wordpress\/ -->\n<title>SOFTSHELL JACKET HOODED LADY - Imprenta Digital Guzm\u00e1n<\/title>\n<meta name=\"description\" content=\"Chaqueta softshell de mujer con capucha, forro polar interior y tejido transpirable. Ideal para exteriores y personalizaci\u00f3n.\" \/>\n<meta name=\"robots\" content=\"index, follow, max-snippet:-1, max-image-preview:large, max-video-preview:-1\" \/>\n<link rel=\"canonical\" href=\"https:\/\/www.imprentadigitalguzman.com\/inicio\/producto\/softshell-jacket-hooded-lady\/\" \/>\n<meta property=\"og:locale\" content=\"es_ES\" \/>\n<meta property=\"og:type\" content=\"article\" \/>\n<meta property=\"og:title\" content=\"SOFTSHELL JACKET HOODED LADY - Imprenta Digital Guzm\u00e1n\" \/>\n<meta property=\"og:description\" content=\"Chaqueta softshell de mujer con capucha, forro polar interior y tejido transpirable. Ideal para exteriores y personalizaci\u00f3n.\" \/>\n<meta property=\"og:url\" content=\"https:\/\/www.imprentadigitalguzman.com\/inicio\/producto\/softshell-jacket-hooded-lady\/\" \/>\n<meta property=\"og:site_name\" content=\"Imprenta Digital Guzm\u00e1n\" \/>\n<meta property=\"article:modified_time\" content=\"2026-04-13T12:13:43+00:00\" \/>\n<meta property=\"og:image\" content=\"https:\/\/www.imprentadigitalguzman.com\/wp-content\/uploads\/2026\/04\/SOFTSHELL-JACKET-HOODED-LADY.png\" \/>\n\t<meta property=\"og:image:width\" content=\"600\" \/>\n\t<meta property=\"og:image:height\" content=\"600\" \/>\n\t<meta property=\"og:image:type\" content=\"image\/png\" \/>\n<meta name=\"twitter:card\" content=\"summary_large_image\" \/>\n<meta name=\"twitter:label1\" content=\"Tiempo de lectura\" \/>\n\t<meta name=\"twitter:data1\" content=\"2 minutos\" \/>\n<script type=\"application\/ld+json\" class=\"yoast-schema-graph\">{\"@context\":\"https:\\\/\\\/schema.org\",\"@graph\":[{\"@type\":\"WebPage\",\"@id\":\"https:\\\/\\\/www.imprentadigitalguzman.com\\\/inicio\\\/producto\\\/softshell-jacket-hooded-lady\\\/\",\"url\":\"https:\\\/\\\/www.imprentadigitalguzman.com\\\/inicio\\\/producto\\\/softshell-jacket-hooded-lady\\\/\",\"name\":\"SOFTSHELL JACKET HOODED LADY - Imprenta Digital Guzm\u00e1n\",\"isPartOf\":{\"@id\":\"https:\\\/\\\/www.imprentadigitalguzman.com\\\/inicio\\\/#website\"},\"primaryImageOfPage\":{\"@id\":\"https:\\\/\\\/www.imprentadigitalguzman.com\\\/inicio\\\/producto\\\/softshell-jacket-hooded-lady\\\/#primaryimage\"},\"image\":{\"@id\":\"https:\\\/\\\/www.imprentadigitalguzman.com\\\/inicio\\\/producto\\\/softshell-jacket-hooded-lady\\\/#primaryimage\"},\"thumbnailUrl\":\"https:\\\/\\\/www.imprentadigitalguzman.com\\\/wp-content\\\/uploads\\\/2026\\\/04\\\/SOFTSHELL-JACKET-HOODED-LADY.png\",\"datePublished\":\"2026-04-13T11:58:18+00:00\",\"dateModified\":\"2026-04-13T12:13:43+00:00\",\"description\":\"Chaqueta softshell de mujer con capucha, forro polar interior y tejido transpirable. Ideal para exteriores y personalizaci\u00f3n.\",\"breadcrumb\":{\"@id\":\"https:\\\/\\\/www.imprentadigitalguzman.com\\\/inicio\\\/producto\\\/softshell-jacket-hooded-lady\\\/#breadcrumb\"},\"inLanguage\":\"es\",\"potentialAction\":[{\"@type\":\"ReadAction\",\"target\":[\"https:\\\/\\\/www.imprentadigitalguzman.com\\\/inicio\\\/producto\\\/softshell-jacket-hooded-lady\\\/\"]}]},{\"@type\":\"ImageObject\",\"inLanguage\":\"es\",\"@id\":\"https:\\\/\\\/www.imprentadigitalguzman.com\\\/inicio\\\/producto\\\/softshell-jacket-hooded-lady\\\/#primaryimage\",\"url\":\"https:\\\/\\\/www.imprentadigitalguzman.com\\\/wp-content\\\/uploads\\\/2026\\\/04\\\/SOFTSHELL-JACKET-HOODED-LADY.png\",\"contentUrl\":\"https:\\\/\\\/www.imprentadigitalguzman.com\\\/wp-content\\\/uploads\\\/2026\\\/04\\\/SOFTSHELL-JACKET-HOODED-LADY.png\",\"width\":600,\"height\":600,\"caption\":\"chaqueta-corta-vientos-personalizables-merchandising-espa\u00f1a-mejor-precio\"},{\"@type\":\"BreadcrumbList\",\"@id\":\"https:\\\/\\\/www.imprentadigitalguzman.com\\\/inicio\\\/producto\\\/softshell-jacket-hooded-lady\\\/#breadcrumb\",\"itemListElement\":[{\"@type\":\"ListItem\",\"position\":1,\"name\":\"Portada\",\"item\":\"https:\\\/\\\/www.imprentadigitalguzman.com\\\/inicio\\\/\"},{\"@type\":\"ListItem\",\"position\":2,\"name\":\"Shop\",\"item\":\"https:\\\/\\\/www.imprentadigitalguzman.com\\\/inicio\\\/shop\\\/\"},{\"@type\":\"ListItem\",\"position\":3,\"name\":\"SOFTSHELL JACKET HOODED LADY\"}]},{\"@type\":\"WebSite\",\"@id\":\"https:\\\/\\\/www.imprentadigitalguzman.com\\\/inicio\\\/#website\",\"url\":\"https:\\\/\\\/www.imprentadigitalguzman.com\\\/inicio\\\/\",\"name\":\"Imprenta Digital Guzm\u00e1n\",\"description\":\"\",\"potentialAction\":[{\"@type\":\"SearchAction\",\"target\":{\"@type\":\"EntryPoint\",\"urlTemplate\":\"https:\\\/\\\/www.imprentadigitalguzman.com\\\/inicio\\\/?s={search_term_string}\"},\"query-input\":{\"@type\":\"PropertyValueSpecification\",\"valueRequired\":true,\"valueName\":\"search_term_string\"}}],\"inLanguage\":\"es\"}]}<\/script>\n<!-- \/ Yoast SEO plugin. -->","yoast_head_json":{"title":"SOFTSHELL JACKET HOODED LADY - Imprenta Digital Guzm\u00e1n","description":"Chaqueta softshell de mujer con capucha, forro polar interior y tejido transpirable. Ideal para exteriores y personalizaci\u00f3n.","robots":{"index":"index","follow":"follow","max-snippet":"max-snippet:-1","max-image-preview":"max-image-preview:large","max-video-preview":"max-video-preview:-1"},"canonical":"https:\/\/www.imprentadigitalguzman.com\/inicio\/producto\/softshell-jacket-hooded-lady\/","og_locale":"es_ES","og_type":"article","og_title":"SOFTSHELL JACKET HOODED LADY - Imprenta Digital Guzm\u00e1n","og_description":"Chaqueta softshell de mujer con capucha, forro polar interior y tejido transpirable. Ideal para exteriores y personalizaci\u00f3n.","og_url":"https:\/\/www.imprentadigitalguzman.com\/inicio\/producto\/softshell-jacket-hooded-lady\/","og_site_name":"Imprenta Digital Guzm\u00e1n","article_modified_time":"2026-04-13T12:13:43+00:00","og_image":[{"width":600,"height":600,"url":"https:\/\/www.imprentadigitalguzman.com\/wp-content\/uploads\/2026\/04\/SOFTSHELL-JACKET-HOODED-LADY.png","type":"image\/png"}],"twitter_card":"summary_large_image","twitter_misc":{"Tiempo de lectura":"2 minutos"},"schema":{"@context":"https:\/\/schema.org","@graph":[{"@type":"WebPage","@id":"https:\/\/www.imprentadigitalguzman.com\/inicio\/producto\/softshell-jacket-hooded-lady\/","url":"https:\/\/www.imprentadigitalguzman.com\/inicio\/producto\/softshell-jacket-hooded-lady\/","name":"SOFTSHELL JACKET HOODED LADY - Imprenta Digital Guzm\u00e1n","isPartOf":{"@id":"https:\/\/www.imprentadigitalguzman.com\/inicio\/#website"},"primaryImageOfPage":{"@id":"https:\/\/www.imprentadigitalguzman.com\/inicio\/producto\/softshell-jacket-hooded-lady\/#primaryimage"},"image":{"@id":"https:\/\/www.imprentadigitalguzman.com\/inicio\/producto\/softshell-jacket-hooded-lady\/#primaryimage"},"thumbnailUrl":"https:\/\/www.imprentadigitalguzman.com\/wp-content\/uploads\/2026\/04\/SOFTSHELL-JACKET-HOODED-LADY.png","datePublished":"2026-04-13T11:58:18+00:00","dateModified":"2026-04-13T12:13:43+00:00","description":"Chaqueta softshell de mujer con capucha, forro polar interior y tejido transpirable. Ideal para exteriores y personalizaci\u00f3n.","breadcrumb":{"@id":"https:\/\/www.imprentadigitalguzman.com\/inicio\/producto\/softshell-jacket-hooded-lady\/#breadcrumb"},"inLanguage":"es","potentialAction":[{"@type":"ReadAction","target":["https:\/\/www.imprentadigitalguzman.com\/inicio\/producto\/softshell-jacket-hooded-lady\/"]}]},{"@type":"ImageObject","inLanguage":"es","@id":"https:\/\/www.imprentadigitalguzman.com\/inicio\/producto\/softshell-jacket-hooded-lady\/#primaryimage","url":"https:\/\/www.imprentadigitalguzman.com\/wp-content\/uploads\/2026\/04\/SOFTSHELL-JACKET-HOODED-LADY.png","contentUrl":"https:\/\/www.imprentadigitalguzman.com\/wp-content\/uploads\/2026\/04\/SOFTSHELL-JACKET-HOODED-LADY.png","width":600,"height":600,"caption":"chaqueta-corta-vientos-personalizables-merchandising-espa\u00f1a-mejor-precio"},{"@type":"BreadcrumbList","@id":"https:\/\/www.imprentadigitalguzman.com\/inicio\/producto\/softshell-jacket-hooded-lady\/#breadcrumb","itemListElement":[{"@type":"ListItem","position":1,"name":"Portada","item":"https:\/\/www.imprentadigitalguzman.com\/inicio\/"},{"@type":"ListItem","position":2,"name":"Shop","item":"https:\/\/www.imprentadigitalguzman.com\/inicio\/shop\/"},{"@type":"ListItem","position":3,"name":"SOFTSHELL JACKET HOODED LADY"}]},{"@type":"WebSite","@id":"https:\/\/www.imprentadigitalguzman.com\/inicio\/#website","url":"https:\/\/www.imprentadigitalguzman.com\/inicio\/","name":"Imprenta Digital Guzm\u00e1n","description":"","potentialAction":[{"@type":"SearchAction","target":{"@type":"EntryPoint","urlTemplate":"https:\/\/www.imprentadigitalguzman.com\/inicio\/?s={search_term_string}"},"query-input":{"@type":"PropertyValueSpecification","valueRequired":true,"valueName":"search_term_string"}}],"inLanguage":"es"}]}},"_links":{"self":[{"href":"https:\/\/www.imprentadigitalguzman.com\/inicio\/wp-json\/wp\/v2\/product\/309852","targetHints":{"allow":["GET"]}}],"collection":[{"href":"https:\/\/www.imprentadigitalguzman.com\/inicio\/wp-json\/wp\/v2\/product"}],"about":[{"href":"https:\/\/www.imprentadigitalguzman.com\/inicio\/wp-json\/wp\/v2\/types\/product"}],"replies":[{"embeddable":true,"href":"https:\/\/www.imprentadigitalguzman.com\/inicio\/wp-json\/wp\/v2\/comments?post=309852"}],"wp:featuredmedia":[{"embeddable":true,"href":"https:\/\/www.imprentadigitalguzman.com\/inicio\/wp-json\/wp\/v2\/media\/309857"}],"wp:attachment":[{"href":"https:\/\/www.imprentadigitalguzman.com\/inicio\/wp-json\/wp\/v2\/media?parent=309852"}],"wp:term":[{"taxonomy":"product_brand","embeddable":true,"href":"https:\/\/www.imprentadigitalguzman.com\/inicio\/wp-json\/wp\/v2\/product_brand?post=309852"},{"taxonomy":"product_cat","embeddable":true,"href":"https:\/\/www.imprentadigitalguzman.com\/inicio\/wp-json\/wp\/v2\/product_cat?post=309852"},{"taxonomy":"product_tag","embeddable":true,"href":"https:\/\/www.imprentadigitalguzman.com\/inicio\/wp-json\/wp\/v2\/product_tag?post=309852"}],"curies":[{"name":"wp","href":"https:\/\/api.w.org\/{rel}","templated":true}]}}