{"id":309841,"date":"2026-04-13T11:49:26","date_gmt":"2026-04-13T11:49:26","guid":{"rendered":"https:\/\/www.imprentadigitalguzman.com\/inicio\/?post_type=product&#038;p=309841"},"modified":"2026-04-15T09:13:37","modified_gmt":"2026-04-15T09:13:37","slug":"softshell-jacket-lady","status":"publish","type":"product","link":"https:\/\/www.imprentadigitalguzman.com\/inicio\/producto\/softshell-jacket-lady\/","title":{"rendered":"SOFTSHELL JACKET LADY"},"content":{"rendered":"<p data-start=\"322\" data-end=\"537\">La <strong data-start=\"325\" data-end=\"350\">Softshell Jacket Lady<\/strong> es una <strong data-start=\"358\" data-end=\"391\">chaqueta softshell para mujer<\/strong>, con <strong data-start=\"397\" data-end=\"428\">corte ligeramente entallado<\/strong>, dise\u00f1ada para ofrecer <strong data-start=\"452\" data-end=\"486\">comodidad, protecci\u00f3n y estilo<\/strong> en entornos laborales y actividades al aire libre.<\/p>\n<p data-start=\"539\" data-end=\"847\">Fabricada con <strong data-start=\"553\" data-end=\"601\">material tricapa con membranas transpirables<\/strong>, proporciona una excelente protecci\u00f3n frente al viento y condiciones clim\u00e1ticas adversas, manteniendo una correcta ventilaci\u00f3n. Su <strong data-start=\"733\" data-end=\"772\">interior de microforro polar a tono<\/strong> aporta una agradable sensaci\u00f3n t\u00e9rmica, ideal para jornadas en exteriores.<\/p>\n<p data-start=\"849\" data-end=\"1055\">Cuenta con <strong data-start=\"860\" data-end=\"881\">cremallera entera<\/strong>, <strong data-start=\"883\" data-end=\"926\">dos bolsillos inferiores con cremallera<\/strong> y ajuste en el bajo mediante <strong data-start=\"956\" data-end=\"977\">cord\u00f3n con tancas<\/strong>, lo que permite adaptar la prenda al cuerpo y mejorar el aislamiento t\u00e9rmico.<\/p>\n<p data-start=\"1057\" data-end=\"1252\">Gracias a su dise\u00f1o y composici\u00f3n, es una prenda ideal para <strong data-start=\"1117\" data-end=\"1174\">uniformes laborales, actividades outdoor o uso diario<\/strong>, adem\u00e1s de ser perfecta para <strong data-start=\"1204\" data-end=\"1251\">personalizaci\u00f3n mediante bordado o transfer<\/strong>.<\/p>\n<p data-start=\"1254\" data-end=\"1367\">Disponible en <strong data-start=\"1268\" data-end=\"1281\">6 colores<\/strong> y en tallas desde la <strong data-start=\"1303\" data-end=\"1320\">S hasta la XL<\/strong>, se adapta a diferentes estilos y necesidades.<\/p>\n<p data-start=\"1369\" data-end=\"1477\">Con un <strong data-start=\"1376\" data-end=\"1410\">gramaje aproximado de 300 g\/m\u00b2<\/strong>, ofrece un equilibrio ideal entre resistencia, abrigo y comodidad.<\/p>\n<hr data-start=\"1479\" data-end=\"1482\" \/>\n<h3 data-section-id=\"19cjjbh\" data-start=\"1484\" data-end=\"1516\"><span role=\"text\"><strong data-start=\"1488\" data-end=\"1516\">Caracter\u00edsticas t\u00e9cnicas<\/strong><\/span><\/h3>\n<ul data-start=\"1517\" data-end=\"1796\">\n<li data-section-id=\"vrhuch\" data-start=\"1517\" data-end=\"1550\">Chaqueta softshell para mujer<\/li>\n<li data-section-id=\"u3v4j4\" data-start=\"1551\" data-end=\"1582\">Corte ligeramente entallado<\/li>\n<li data-section-id=\"gu378v\" data-start=\"1583\" data-end=\"1604\">Cremallera entera<\/li>\n<li data-section-id=\"1fpqohx\" data-start=\"1605\" data-end=\"1646\">2 bolsillos inferiores con cremallera<\/li>\n<li data-section-id=\"oe8cjz\" data-start=\"1647\" data-end=\"1693\">Tejido tricapa con membranas transpirables<\/li>\n<li data-section-id=\"uplbc5\" data-start=\"1694\" data-end=\"1726\">Interior de microforro polar<\/li>\n<li data-section-id=\"7ke83z\" data-start=\"1727\" data-end=\"1765\">Ajuste en bajo con cord\u00f3n y tancas<\/li>\n<li data-section-id=\"11axfx7\" data-start=\"1766\" data-end=\"1796\">Gramaje: <strong data-start=\"1777\" data-end=\"1796\">300 g\/m\u00b2 aprox.<\/strong><\/li>\n<\/ul>\n<hr data-start=\"1798\" data-end=\"1801\" \/>\n<h3 data-section-id=\"h6ukut\" data-start=\"1803\" data-end=\"1822\"><span role=\"text\"><strong data-start=\"1807\" data-end=\"1822\">Composici\u00f3n<\/strong><\/span><\/h3>\n<ul data-start=\"1823\" data-end=\"1924\">\n<li data-section-id=\"1nydbqw\" data-start=\"1823\" data-end=\"1880\"><strong data-start=\"1825\" data-end=\"1838\">Exterior:<\/strong> 94 % poli\u00e9ster reciclado \/ 6 % elastano<\/li>\n<li data-section-id=\"69xg19\" data-start=\"1881\" data-end=\"1924\"><strong data-start=\"1883\" data-end=\"1896\">Interior:<\/strong> 100 % poli\u00e9ster reciclado<\/li>\n<\/ul>\n","protected":false},"excerpt":{"rendered":"<p data-start=\"1984\" data-end=\"2129\">Chaqueta softshell de mujer, entallada y con forro polar interior. Ideal para trabajo en exteriores y personalizaci\u00f3n.<\/p>\n","protected":false},"featured_media":309851,"comment_status":"closed","ping_status":"closed","template":"","meta":{"_et_pb_use_builder":"","_et_pb_old_content":"","_et_gb_content_width":"","_joinchat":[]},"product_brand":[],"product_cat":[129],"product_tag":[213,172,199,134,145,139,138,127],"class_list":{"0":"post-309841","1":"product","2":"type-product","3":"status-publish","4":"has-post-thumbnail","6":"product_cat-mujer","7":"product_tag-chaqueta","8":"product_tag-cremalleras","9":"product_tag-frio","10":"product_tag-impresion-textil","11":"product_tag-manga-larga","12":"product_tag-mujer","13":"product_tag-personalizar","14":"product_tag-premium","16":"first","17":"instock","18":"taxable","19":"shipping-taxable","20":"purchasable","21":"product-type-variable"},"yoast_head":"<!-- This site is optimized with the Yoast SEO plugin v27.4 - https:\/\/yoast.com\/product\/yoast-seo-wordpress\/ -->\n<title>SOFTSHELL JACKET LADY - Imprenta Digital Guzm\u00e1n<\/title>\n<meta name=\"description\" content=\"Chaqueta softshell de mujer entallada con forro polar interior y tejido transpirable. Ideal para exteriores y personalizaci\u00f3n.\" \/>\n<meta name=\"robots\" content=\"index, follow, max-snippet:-1, max-image-preview:large, max-video-preview:-1\" \/>\n<link rel=\"canonical\" href=\"https:\/\/www.imprentadigitalguzman.com\/inicio\/producto\/softshell-jacket-lady\/\" \/>\n<meta property=\"og:locale\" content=\"es_ES\" \/>\n<meta property=\"og:type\" content=\"article\" \/>\n<meta property=\"og:title\" content=\"SOFTSHELL JACKET LADY - Imprenta Digital Guzm\u00e1n\" \/>\n<meta property=\"og:description\" content=\"Chaqueta softshell de mujer entallada con forro polar interior y tejido transpirable. Ideal para exteriores y personalizaci\u00f3n.\" \/>\n<meta property=\"og:url\" content=\"https:\/\/www.imprentadigitalguzman.com\/inicio\/producto\/softshell-jacket-lady\/\" \/>\n<meta property=\"og:site_name\" content=\"Imprenta Digital Guzm\u00e1n\" \/>\n<meta property=\"article:modified_time\" content=\"2026-04-15T09:13:37+00:00\" \/>\n<meta property=\"og:image\" content=\"https:\/\/www.imprentadigitalguzman.com\/wp-content\/uploads\/2026\/04\/SOFTSHELL-JACKET-LADY.png\" \/>\n\t<meta property=\"og:image:width\" content=\"600\" \/>\n\t<meta property=\"og:image:height\" content=\"600\" \/>\n\t<meta property=\"og:image:type\" content=\"image\/png\" \/>\n<meta name=\"twitter:card\" content=\"summary_large_image\" \/>\n<meta name=\"twitter:label1\" content=\"Tiempo de lectura\" \/>\n\t<meta name=\"twitter:data1\" content=\"2 minutos\" \/>\n<script type=\"application\/ld+json\" class=\"yoast-schema-graph\">{\"@context\":\"https:\\\/\\\/schema.org\",\"@graph\":[{\"@type\":\"WebPage\",\"@id\":\"https:\\\/\\\/www.imprentadigitalguzman.com\\\/inicio\\\/producto\\\/softshell-jacket-lady\\\/\",\"url\":\"https:\\\/\\\/www.imprentadigitalguzman.com\\\/inicio\\\/producto\\\/softshell-jacket-lady\\\/\",\"name\":\"SOFTSHELL JACKET LADY - Imprenta Digital Guzm\u00e1n\",\"isPartOf\":{\"@id\":\"https:\\\/\\\/www.imprentadigitalguzman.com\\\/inicio\\\/#website\"},\"primaryImageOfPage\":{\"@id\":\"https:\\\/\\\/www.imprentadigitalguzman.com\\\/inicio\\\/producto\\\/softshell-jacket-lady\\\/#primaryimage\"},\"image\":{\"@id\":\"https:\\\/\\\/www.imprentadigitalguzman.com\\\/inicio\\\/producto\\\/softshell-jacket-lady\\\/#primaryimage\"},\"thumbnailUrl\":\"https:\\\/\\\/www.imprentadigitalguzman.com\\\/wp-content\\\/uploads\\\/2026\\\/04\\\/SOFTSHELL-JACKET-LADY.png\",\"datePublished\":\"2026-04-13T11:49:26+00:00\",\"dateModified\":\"2026-04-15T09:13:37+00:00\",\"description\":\"Chaqueta softshell de mujer entallada con forro polar interior y tejido transpirable. Ideal para exteriores y personalizaci\u00f3n.\",\"breadcrumb\":{\"@id\":\"https:\\\/\\\/www.imprentadigitalguzman.com\\\/inicio\\\/producto\\\/softshell-jacket-lady\\\/#breadcrumb\"},\"inLanguage\":\"es\",\"potentialAction\":[{\"@type\":\"ReadAction\",\"target\":[\"https:\\\/\\\/www.imprentadigitalguzman.com\\\/inicio\\\/producto\\\/softshell-jacket-lady\\\/\"]}]},{\"@type\":\"ImageObject\",\"inLanguage\":\"es\",\"@id\":\"https:\\\/\\\/www.imprentadigitalguzman.com\\\/inicio\\\/producto\\\/softshell-jacket-lady\\\/#primaryimage\",\"url\":\"https:\\\/\\\/www.imprentadigitalguzman.com\\\/wp-content\\\/uploads\\\/2026\\\/04\\\/SOFTSHELL-JACKET-LADY.png\",\"contentUrl\":\"https:\\\/\\\/www.imprentadigitalguzman.com\\\/wp-content\\\/uploads\\\/2026\\\/04\\\/SOFTSHELL-JACKET-LADY.png\",\"width\":600,\"height\":600,\"caption\":\"chaqueta-corta-vientos-personalizables-merchandising-espa\u00f1a-mejor-precio\"},{\"@type\":\"BreadcrumbList\",\"@id\":\"https:\\\/\\\/www.imprentadigitalguzman.com\\\/inicio\\\/producto\\\/softshell-jacket-lady\\\/#breadcrumb\",\"itemListElement\":[{\"@type\":\"ListItem\",\"position\":1,\"name\":\"Portada\",\"item\":\"https:\\\/\\\/www.imprentadigitalguzman.com\\\/inicio\\\/\"},{\"@type\":\"ListItem\",\"position\":2,\"name\":\"Shop\",\"item\":\"https:\\\/\\\/www.imprentadigitalguzman.com\\\/inicio\\\/shop\\\/\"},{\"@type\":\"ListItem\",\"position\":3,\"name\":\"SOFTSHELL JACKET LADY\"}]},{\"@type\":\"WebSite\",\"@id\":\"https:\\\/\\\/www.imprentadigitalguzman.com\\\/inicio\\\/#website\",\"url\":\"https:\\\/\\\/www.imprentadigitalguzman.com\\\/inicio\\\/\",\"name\":\"Imprenta Digital Guzm\u00e1n\",\"description\":\"\",\"potentialAction\":[{\"@type\":\"SearchAction\",\"target\":{\"@type\":\"EntryPoint\",\"urlTemplate\":\"https:\\\/\\\/www.imprentadigitalguzman.com\\\/inicio\\\/?s={search_term_string}\"},\"query-input\":{\"@type\":\"PropertyValueSpecification\",\"valueRequired\":true,\"valueName\":\"search_term_string\"}}],\"inLanguage\":\"es\"}]}<\/script>\n<!-- \/ Yoast SEO plugin. -->","yoast_head_json":{"title":"SOFTSHELL JACKET LADY - Imprenta Digital Guzm\u00e1n","description":"Chaqueta softshell de mujer entallada con forro polar interior y tejido transpirable. Ideal para exteriores y personalizaci\u00f3n.","robots":{"index":"index","follow":"follow","max-snippet":"max-snippet:-1","max-image-preview":"max-image-preview:large","max-video-preview":"max-video-preview:-1"},"canonical":"https:\/\/www.imprentadigitalguzman.com\/inicio\/producto\/softshell-jacket-lady\/","og_locale":"es_ES","og_type":"article","og_title":"SOFTSHELL JACKET LADY - Imprenta Digital Guzm\u00e1n","og_description":"Chaqueta softshell de mujer entallada con forro polar interior y tejido transpirable. Ideal para exteriores y personalizaci\u00f3n.","og_url":"https:\/\/www.imprentadigitalguzman.com\/inicio\/producto\/softshell-jacket-lady\/","og_site_name":"Imprenta Digital Guzm\u00e1n","article_modified_time":"2026-04-15T09:13:37+00:00","og_image":[{"width":600,"height":600,"url":"https:\/\/www.imprentadigitalguzman.com\/wp-content\/uploads\/2026\/04\/SOFTSHELL-JACKET-LADY.png","type":"image\/png"}],"twitter_card":"summary_large_image","twitter_misc":{"Tiempo de lectura":"2 minutos"},"schema":{"@context":"https:\/\/schema.org","@graph":[{"@type":"WebPage","@id":"https:\/\/www.imprentadigitalguzman.com\/inicio\/producto\/softshell-jacket-lady\/","url":"https:\/\/www.imprentadigitalguzman.com\/inicio\/producto\/softshell-jacket-lady\/","name":"SOFTSHELL JACKET LADY - Imprenta Digital Guzm\u00e1n","isPartOf":{"@id":"https:\/\/www.imprentadigitalguzman.com\/inicio\/#website"},"primaryImageOfPage":{"@id":"https:\/\/www.imprentadigitalguzman.com\/inicio\/producto\/softshell-jacket-lady\/#primaryimage"},"image":{"@id":"https:\/\/www.imprentadigitalguzman.com\/inicio\/producto\/softshell-jacket-lady\/#primaryimage"},"thumbnailUrl":"https:\/\/www.imprentadigitalguzman.com\/wp-content\/uploads\/2026\/04\/SOFTSHELL-JACKET-LADY.png","datePublished":"2026-04-13T11:49:26+00:00","dateModified":"2026-04-15T09:13:37+00:00","description":"Chaqueta softshell de mujer entallada con forro polar interior y tejido transpirable. Ideal para exteriores y personalizaci\u00f3n.","breadcrumb":{"@id":"https:\/\/www.imprentadigitalguzman.com\/inicio\/producto\/softshell-jacket-lady\/#breadcrumb"},"inLanguage":"es","potentialAction":[{"@type":"ReadAction","target":["https:\/\/www.imprentadigitalguzman.com\/inicio\/producto\/softshell-jacket-lady\/"]}]},{"@type":"ImageObject","inLanguage":"es","@id":"https:\/\/www.imprentadigitalguzman.com\/inicio\/producto\/softshell-jacket-lady\/#primaryimage","url":"https:\/\/www.imprentadigitalguzman.com\/wp-content\/uploads\/2026\/04\/SOFTSHELL-JACKET-LADY.png","contentUrl":"https:\/\/www.imprentadigitalguzman.com\/wp-content\/uploads\/2026\/04\/SOFTSHELL-JACKET-LADY.png","width":600,"height":600,"caption":"chaqueta-corta-vientos-personalizables-merchandising-espa\u00f1a-mejor-precio"},{"@type":"BreadcrumbList","@id":"https:\/\/www.imprentadigitalguzman.com\/inicio\/producto\/softshell-jacket-lady\/#breadcrumb","itemListElement":[{"@type":"ListItem","position":1,"name":"Portada","item":"https:\/\/www.imprentadigitalguzman.com\/inicio\/"},{"@type":"ListItem","position":2,"name":"Shop","item":"https:\/\/www.imprentadigitalguzman.com\/inicio\/shop\/"},{"@type":"ListItem","position":3,"name":"SOFTSHELL JACKET LADY"}]},{"@type":"WebSite","@id":"https:\/\/www.imprentadigitalguzman.com\/inicio\/#website","url":"https:\/\/www.imprentadigitalguzman.com\/inicio\/","name":"Imprenta Digital Guzm\u00e1n","description":"","potentialAction":[{"@type":"SearchAction","target":{"@type":"EntryPoint","urlTemplate":"https:\/\/www.imprentadigitalguzman.com\/inicio\/?s={search_term_string}"},"query-input":{"@type":"PropertyValueSpecification","valueRequired":true,"valueName":"search_term_string"}}],"inLanguage":"es"}]}},"_links":{"self":[{"href":"https:\/\/www.imprentadigitalguzman.com\/inicio\/wp-json\/wp\/v2\/product\/309841","targetHints":{"allow":["GET"]}}],"collection":[{"href":"https:\/\/www.imprentadigitalguzman.com\/inicio\/wp-json\/wp\/v2\/product"}],"about":[{"href":"https:\/\/www.imprentadigitalguzman.com\/inicio\/wp-json\/wp\/v2\/types\/product"}],"replies":[{"embeddable":true,"href":"https:\/\/www.imprentadigitalguzman.com\/inicio\/wp-json\/wp\/v2\/comments?post=309841"}],"wp:featuredmedia":[{"embeddable":true,"href":"https:\/\/www.imprentadigitalguzman.com\/inicio\/wp-json\/wp\/v2\/media\/309851"}],"wp:attachment":[{"href":"https:\/\/www.imprentadigitalguzman.com\/inicio\/wp-json\/wp\/v2\/media?parent=309841"}],"wp:term":[{"taxonomy":"product_brand","embeddable":true,"href":"https:\/\/www.imprentadigitalguzman.com\/inicio\/wp-json\/wp\/v2\/product_brand?post=309841"},{"taxonomy":"product_cat","embeddable":true,"href":"https:\/\/www.imprentadigitalguzman.com\/inicio\/wp-json\/wp\/v2\/product_cat?post=309841"},{"taxonomy":"product_tag","embeddable":true,"href":"https:\/\/www.imprentadigitalguzman.com\/inicio\/wp-json\/wp\/v2\/product_tag?post=309841"}],"curies":[{"name":"wp","href":"https:\/\/api.w.org\/{rel}","templated":true}]}}