{"id":309804,"date":"2026-04-13T11:32:22","date_gmt":"2026-04-13T11:32:22","guid":{"rendered":"https:\/\/www.imprentadigitalguzman.com\/inicio\/?post_type=product&#038;p=309804"},"modified":"2026-04-14T08:32:26","modified_gmt":"2026-04-14T08:32:26","slug":"pantalon-multibolsillos-con-cintas","status":"publish","type":"product","link":"https:\/\/www.imprentadigitalguzman.com\/inicio\/producto\/pantalon-multibolsillos-con-cintas\/","title":{"rendered":"PANTAL\u00d3N MULTIBOLSILLOS CON CINTAS"},"content":{"rendered":"<p data-start=\"343\" data-end=\"540\">El <strong data-start=\"346\" data-end=\"384\">Pantal\u00f3n Multibolsillos con Cintas<\/strong> es un <strong data-start=\"391\" data-end=\"437\">pantal\u00f3n de trabajo resistente y funcional<\/strong>, dise\u00f1ado para ofrecer <strong data-start=\"461\" data-end=\"507\">comodidad, durabilidad y mayor visibilidad<\/strong> en entornos laborales exigentes.<\/p>\n<p data-start=\"542\" data-end=\"743\">Fabricado en <strong data-start=\"555\" data-end=\"606\">tejido de sarga (80 % poli\u00e9ster \/ 20 % algod\u00f3n)<\/strong>, combina resistencia y confort, siendo ideal para el uso diario en sectores como <strong data-start=\"688\" data-end=\"742\">construcci\u00f3n, log\u00edstica, mantenimiento o industria<\/strong>.<\/p>\n<p data-start=\"745\" data-end=\"902\">Cuenta con <strong data-start=\"756\" data-end=\"797\">cierre central con cremallera y bot\u00f3n<\/strong> y <strong data-start=\"800\" data-end=\"828\">cintura el\u00e1stica lateral<\/strong>, lo que proporciona un ajuste c\u00f3modo y adaptable durante toda la jornada.<\/p>\n<p data-start=\"904\" data-end=\"973\">Su dise\u00f1o incluye un pr\u00e1ctico sistema de <strong data-start=\"945\" data-end=\"972\">6 bolsillos funcionales<\/strong>:<\/p>\n<ul data-start=\"974\" data-end=\"1094\">\n<li data-section-id=\"ou9n1c\" data-start=\"974\" data-end=\"1013\">2 bolsillos delanteros tipo franc\u00e9s<\/li>\n<li data-section-id=\"1xu1nc8\" data-start=\"1014\" data-end=\"1039\">2 bolsillos laterales<\/li>\n<li data-section-id=\"1l8d9za\" data-start=\"1040\" data-end=\"1094\">2 bolsillos traseros con tapeta y cierre de velcro<\/li>\n<\/ul>\n<p data-start=\"1096\" data-end=\"1308\">Incorpora <strong data-start=\"1106\" data-end=\"1198\">dos cintas reflectantes segmentadas y termoselladas en la parte inferior de las perneras<\/strong>, mejorando la visibilidad en condiciones de baja iluminaci\u00f3n sin ser una prenda de alta visibilidad completa.<\/p>\n<p data-start=\"1310\" data-end=\"1480\">Es ideal para combinar con otras prendas laborales y crear un <strong data-start=\"1372\" data-end=\"1405\">uniforme profesional completo<\/strong>, adem\u00e1s de permitir <strong data-start=\"1426\" data-end=\"1479\">personalizaci\u00f3n mediante transfer o vinilo textil<\/strong>.<\/p>\n<p data-start=\"1482\" data-end=\"1584\">Con un <strong data-start=\"1489\" data-end=\"1512\">gramaje de 200 g\/m\u00b2<\/strong>, ofrece una excelente relaci\u00f3n entre ligereza, resistencia y comodidad.<\/p>\n<hr data-start=\"1586\" data-end=\"1589\" \/>\n<h3 data-section-id=\"19cjjbh\" data-start=\"1591\" data-end=\"1623\"><span role=\"text\"><strong data-start=\"1595\" data-end=\"1623\">Caracter\u00edsticas t\u00e9cnicas<\/strong><\/span><\/h3>\n<ul data-start=\"1624\" data-end=\"1839\">\n<li data-section-id=\"15vb68g\" data-start=\"1624\" data-end=\"1665\">Cierre central con cremallera y bot\u00f3n<\/li>\n<li data-section-id=\"1jbf795\" data-start=\"1666\" data-end=\"1694\">Cintura el\u00e1stica lateral<\/li>\n<li data-section-id=\"1f4ayb\" data-start=\"1695\" data-end=\"1734\">Dise\u00f1o multibolsillos (6 bolsillos)<\/li>\n<li data-section-id=\"1qhbqyj\" data-start=\"1735\" data-end=\"1782\">Cintas reflectantes segmentadas en perneras<\/li>\n<li data-section-id=\"z2hvz9\" data-start=\"1783\" data-end=\"1815\">Tejido resistente tipo sarga<\/li>\n<li data-section-id=\"1shkw8w\" data-start=\"1816\" data-end=\"1839\">Gramaje: <strong data-start=\"1827\" data-end=\"1839\">200 g\/m\u00b2<\/strong><\/li>\n<\/ul>\n<hr data-start=\"1841\" data-end=\"1844\" \/>\n<h3 data-section-id=\"h6ukut\" data-start=\"1846\" data-end=\"1865\"><span role=\"text\"><strong data-start=\"1850\" data-end=\"1865\">Composici\u00f3n<\/strong><\/span><\/h3>\n<ul data-start=\"1866\" data-end=\"1908\">\n<li data-section-id=\"57mzji\" data-start=\"1866\" data-end=\"1908\"><strong data-start=\"1868\" data-end=\"1908\">Sarga: 80 % poli\u00e9ster \/ 20 % algod\u00f3n<\/strong><\/li>\n<\/ul>\n","protected":false},"excerpt":{"rendered":"<p>Pantal\u00f3n multibolsillos con cintas reflectantes, resistente y c\u00f3modo. Ideal para trabajo diario y uniformes laborales.<\/p>\n","protected":false},"featured_media":309814,"comment_status":"closed","ping_status":"closed","template":"","meta":{"_et_pb_use_builder":"","_et_pb_old_content":"","_et_gb_content_width":"","_joinchat":[]},"product_brand":[],"product_cat":[300],"product_tag":[106,165,133],"class_list":{"0":"post-309804","1":"product","2":"type-product","3":"status-publish","4":"has-post-thumbnail","6":"product_cat-ropa-laboral","7":"product_tag-algodon","8":"product_tag-poliester","9":"product_tag-unisex","11":"first","12":"instock","13":"taxable","14":"shipping-taxable","15":"product-type-variable"},"yoast_head":"<!-- This site is optimized with the Yoast SEO plugin v27.4 - https:\/\/yoast.com\/product\/yoast-seo-wordpress\/ -->\n<title>PANTAL\u00d3N MULTIBOLSILLOS CON CINTAS - Imprenta Digital Guzm\u00e1n<\/title>\n<meta name=\"description\" content=\"Pantal\u00f3n de trabajo multibolsillos con cintas reflectantes, resistente y c\u00f3modo. Ideal para uniformes laborales y uso diario.\" \/>\n<meta name=\"robots\" content=\"index, follow, max-snippet:-1, max-image-preview:large, max-video-preview:-1\" \/>\n<link rel=\"canonical\" href=\"https:\/\/www.imprentadigitalguzman.com\/inicio\/producto\/pantalon-multibolsillos-con-cintas\/\" \/>\n<meta property=\"og:locale\" content=\"es_ES\" \/>\n<meta property=\"og:type\" content=\"article\" \/>\n<meta property=\"og:title\" content=\"PANTAL\u00d3N MULTIBOLSILLOS CON CINTAS - Imprenta Digital Guzm\u00e1n\" \/>\n<meta property=\"og:description\" content=\"Pantal\u00f3n de trabajo multibolsillos con cintas reflectantes, resistente y c\u00f3modo. Ideal para uniformes laborales y uso diario.\" \/>\n<meta property=\"og:url\" content=\"https:\/\/www.imprentadigitalguzman.com\/inicio\/producto\/pantalon-multibolsillos-con-cintas\/\" \/>\n<meta property=\"og:site_name\" content=\"Imprenta Digital Guzm\u00e1n\" \/>\n<meta property=\"article:modified_time\" content=\"2026-04-14T08:32:26+00:00\" \/>\n<meta property=\"og:image\" content=\"https:\/\/www.imprentadigitalguzman.com\/wp-content\/uploads\/2026\/04\/PANTALON-MULTIBOLSILLOS-CON-CINTAS.png\" \/>\n\t<meta property=\"og:image:width\" content=\"600\" \/>\n\t<meta property=\"og:image:height\" content=\"600\" \/>\n\t<meta property=\"og:image:type\" content=\"image\/png\" \/>\n<meta name=\"twitter:card\" content=\"summary_large_image\" \/>\n<meta name=\"twitter:label1\" content=\"Tiempo de lectura\" \/>\n\t<meta name=\"twitter:data1\" content=\"2 minutos\" \/>\n<script type=\"application\/ld+json\" class=\"yoast-schema-graph\">{\"@context\":\"https:\\\/\\\/schema.org\",\"@graph\":[{\"@type\":\"WebPage\",\"@id\":\"https:\\\/\\\/www.imprentadigitalguzman.com\\\/inicio\\\/producto\\\/pantalon-multibolsillos-con-cintas\\\/\",\"url\":\"https:\\\/\\\/www.imprentadigitalguzman.com\\\/inicio\\\/producto\\\/pantalon-multibolsillos-con-cintas\\\/\",\"name\":\"PANTAL\u00d3N MULTIBOLSILLOS CON CINTAS - Imprenta Digital Guzm\u00e1n\",\"isPartOf\":{\"@id\":\"https:\\\/\\\/www.imprentadigitalguzman.com\\\/inicio\\\/#website\"},\"primaryImageOfPage\":{\"@id\":\"https:\\\/\\\/www.imprentadigitalguzman.com\\\/inicio\\\/producto\\\/pantalon-multibolsillos-con-cintas\\\/#primaryimage\"},\"image\":{\"@id\":\"https:\\\/\\\/www.imprentadigitalguzman.com\\\/inicio\\\/producto\\\/pantalon-multibolsillos-con-cintas\\\/#primaryimage\"},\"thumbnailUrl\":\"https:\\\/\\\/www.imprentadigitalguzman.com\\\/wp-content\\\/uploads\\\/2026\\\/04\\\/PANTALON-MULTIBOLSILLOS-CON-CINTAS.png\",\"datePublished\":\"2026-04-13T11:32:22+00:00\",\"dateModified\":\"2026-04-14T08:32:26+00:00\",\"description\":\"Pantal\u00f3n de trabajo multibolsillos con cintas reflectantes, resistente y c\u00f3modo. Ideal para uniformes laborales y uso diario.\",\"breadcrumb\":{\"@id\":\"https:\\\/\\\/www.imprentadigitalguzman.com\\\/inicio\\\/producto\\\/pantalon-multibolsillos-con-cintas\\\/#breadcrumb\"},\"inLanguage\":\"es\",\"potentialAction\":[{\"@type\":\"ReadAction\",\"target\":[\"https:\\\/\\\/www.imprentadigitalguzman.com\\\/inicio\\\/producto\\\/pantalon-multibolsillos-con-cintas\\\/\"]}]},{\"@type\":\"ImageObject\",\"inLanguage\":\"es\",\"@id\":\"https:\\\/\\\/www.imprentadigitalguzman.com\\\/inicio\\\/producto\\\/pantalon-multibolsillos-con-cintas\\\/#primaryimage\",\"url\":\"https:\\\/\\\/www.imprentadigitalguzman.com\\\/wp-content\\\/uploads\\\/2026\\\/04\\\/PANTALON-MULTIBOLSILLOS-CON-CINTAS.png\",\"contentUrl\":\"https:\\\/\\\/www.imprentadigitalguzman.com\\\/wp-content\\\/uploads\\\/2026\\\/04\\\/PANTALON-MULTIBOLSILLOS-CON-CINTAS.png\",\"width\":600,\"height\":600,\"caption\":\"pantalon-multibolsillos-con-cintas-ropa-laboral-en-imprenta-digital-guzman-siempre-a-el-mejor-precio con envios por toda espa\u00f1a\"},{\"@type\":\"BreadcrumbList\",\"@id\":\"https:\\\/\\\/www.imprentadigitalguzman.com\\\/inicio\\\/producto\\\/pantalon-multibolsillos-con-cintas\\\/#breadcrumb\",\"itemListElement\":[{\"@type\":\"ListItem\",\"position\":1,\"name\":\"Portada\",\"item\":\"https:\\\/\\\/www.imprentadigitalguzman.com\\\/inicio\\\/\"},{\"@type\":\"ListItem\",\"position\":2,\"name\":\"Shop\",\"item\":\"https:\\\/\\\/www.imprentadigitalguzman.com\\\/inicio\\\/shop\\\/\"},{\"@type\":\"ListItem\",\"position\":3,\"name\":\"PANTAL\u00d3N MULTIBOLSILLOS CON CINTAS\"}]},{\"@type\":\"WebSite\",\"@id\":\"https:\\\/\\\/www.imprentadigitalguzman.com\\\/inicio\\\/#website\",\"url\":\"https:\\\/\\\/www.imprentadigitalguzman.com\\\/inicio\\\/\",\"name\":\"Imprenta Digital Guzm\u00e1n\",\"description\":\"\",\"potentialAction\":[{\"@type\":\"SearchAction\",\"target\":{\"@type\":\"EntryPoint\",\"urlTemplate\":\"https:\\\/\\\/www.imprentadigitalguzman.com\\\/inicio\\\/?s={search_term_string}\"},\"query-input\":{\"@type\":\"PropertyValueSpecification\",\"valueRequired\":true,\"valueName\":\"search_term_string\"}}],\"inLanguage\":\"es\"}]}<\/script>\n<!-- \/ Yoast SEO plugin. -->","yoast_head_json":{"title":"PANTAL\u00d3N MULTIBOLSILLOS CON CINTAS - Imprenta Digital Guzm\u00e1n","description":"Pantal\u00f3n de trabajo multibolsillos con cintas reflectantes, resistente y c\u00f3modo. Ideal para uniformes laborales y uso diario.","robots":{"index":"index","follow":"follow","max-snippet":"max-snippet:-1","max-image-preview":"max-image-preview:large","max-video-preview":"max-video-preview:-1"},"canonical":"https:\/\/www.imprentadigitalguzman.com\/inicio\/producto\/pantalon-multibolsillos-con-cintas\/","og_locale":"es_ES","og_type":"article","og_title":"PANTAL\u00d3N MULTIBOLSILLOS CON CINTAS - Imprenta Digital Guzm\u00e1n","og_description":"Pantal\u00f3n de trabajo multibolsillos con cintas reflectantes, resistente y c\u00f3modo. Ideal para uniformes laborales y uso diario.","og_url":"https:\/\/www.imprentadigitalguzman.com\/inicio\/producto\/pantalon-multibolsillos-con-cintas\/","og_site_name":"Imprenta Digital Guzm\u00e1n","article_modified_time":"2026-04-14T08:32:26+00:00","og_image":[{"width":600,"height":600,"url":"https:\/\/www.imprentadigitalguzman.com\/wp-content\/uploads\/2026\/04\/PANTALON-MULTIBOLSILLOS-CON-CINTAS.png","type":"image\/png"}],"twitter_card":"summary_large_image","twitter_misc":{"Tiempo de lectura":"2 minutos"},"schema":{"@context":"https:\/\/schema.org","@graph":[{"@type":"WebPage","@id":"https:\/\/www.imprentadigitalguzman.com\/inicio\/producto\/pantalon-multibolsillos-con-cintas\/","url":"https:\/\/www.imprentadigitalguzman.com\/inicio\/producto\/pantalon-multibolsillos-con-cintas\/","name":"PANTAL\u00d3N MULTIBOLSILLOS CON CINTAS - Imprenta Digital Guzm\u00e1n","isPartOf":{"@id":"https:\/\/www.imprentadigitalguzman.com\/inicio\/#website"},"primaryImageOfPage":{"@id":"https:\/\/www.imprentadigitalguzman.com\/inicio\/producto\/pantalon-multibolsillos-con-cintas\/#primaryimage"},"image":{"@id":"https:\/\/www.imprentadigitalguzman.com\/inicio\/producto\/pantalon-multibolsillos-con-cintas\/#primaryimage"},"thumbnailUrl":"https:\/\/www.imprentadigitalguzman.com\/wp-content\/uploads\/2026\/04\/PANTALON-MULTIBOLSILLOS-CON-CINTAS.png","datePublished":"2026-04-13T11:32:22+00:00","dateModified":"2026-04-14T08:32:26+00:00","description":"Pantal\u00f3n de trabajo multibolsillos con cintas reflectantes, resistente y c\u00f3modo. Ideal para uniformes laborales y uso diario.","breadcrumb":{"@id":"https:\/\/www.imprentadigitalguzman.com\/inicio\/producto\/pantalon-multibolsillos-con-cintas\/#breadcrumb"},"inLanguage":"es","potentialAction":[{"@type":"ReadAction","target":["https:\/\/www.imprentadigitalguzman.com\/inicio\/producto\/pantalon-multibolsillos-con-cintas\/"]}]},{"@type":"ImageObject","inLanguage":"es","@id":"https:\/\/www.imprentadigitalguzman.com\/inicio\/producto\/pantalon-multibolsillos-con-cintas\/#primaryimage","url":"https:\/\/www.imprentadigitalguzman.com\/wp-content\/uploads\/2026\/04\/PANTALON-MULTIBOLSILLOS-CON-CINTAS.png","contentUrl":"https:\/\/www.imprentadigitalguzman.com\/wp-content\/uploads\/2026\/04\/PANTALON-MULTIBOLSILLOS-CON-CINTAS.png","width":600,"height":600,"caption":"pantalon-multibolsillos-con-cintas-ropa-laboral-en-imprenta-digital-guzman-siempre-a-el-mejor-precio con envios por toda espa\u00f1a"},{"@type":"BreadcrumbList","@id":"https:\/\/www.imprentadigitalguzman.com\/inicio\/producto\/pantalon-multibolsillos-con-cintas\/#breadcrumb","itemListElement":[{"@type":"ListItem","position":1,"name":"Portada","item":"https:\/\/www.imprentadigitalguzman.com\/inicio\/"},{"@type":"ListItem","position":2,"name":"Shop","item":"https:\/\/www.imprentadigitalguzman.com\/inicio\/shop\/"},{"@type":"ListItem","position":3,"name":"PANTAL\u00d3N MULTIBOLSILLOS CON CINTAS"}]},{"@type":"WebSite","@id":"https:\/\/www.imprentadigitalguzman.com\/inicio\/#website","url":"https:\/\/www.imprentadigitalguzman.com\/inicio\/","name":"Imprenta Digital Guzm\u00e1n","description":"","potentialAction":[{"@type":"SearchAction","target":{"@type":"EntryPoint","urlTemplate":"https:\/\/www.imprentadigitalguzman.com\/inicio\/?s={search_term_string}"},"query-input":{"@type":"PropertyValueSpecification","valueRequired":true,"valueName":"search_term_string"}}],"inLanguage":"es"}]}},"_links":{"self":[{"href":"https:\/\/www.imprentadigitalguzman.com\/inicio\/wp-json\/wp\/v2\/product\/309804","targetHints":{"allow":["GET"]}}],"collection":[{"href":"https:\/\/www.imprentadigitalguzman.com\/inicio\/wp-json\/wp\/v2\/product"}],"about":[{"href":"https:\/\/www.imprentadigitalguzman.com\/inicio\/wp-json\/wp\/v2\/types\/product"}],"replies":[{"embeddable":true,"href":"https:\/\/www.imprentadigitalguzman.com\/inicio\/wp-json\/wp\/v2\/comments?post=309804"}],"wp:featuredmedia":[{"embeddable":true,"href":"https:\/\/www.imprentadigitalguzman.com\/inicio\/wp-json\/wp\/v2\/media\/309814"}],"wp:attachment":[{"href":"https:\/\/www.imprentadigitalguzman.com\/inicio\/wp-json\/wp\/v2\/media?parent=309804"}],"wp:term":[{"taxonomy":"product_brand","embeddable":true,"href":"https:\/\/www.imprentadigitalguzman.com\/inicio\/wp-json\/wp\/v2\/product_brand?post=309804"},{"taxonomy":"product_cat","embeddable":true,"href":"https:\/\/www.imprentadigitalguzman.com\/inicio\/wp-json\/wp\/v2\/product_cat?post=309804"},{"taxonomy":"product_tag","embeddable":true,"href":"https:\/\/www.imprentadigitalguzman.com\/inicio\/wp-json\/wp\/v2\/product_tag?post=309804"}],"curies":[{"name":"wp","href":"https:\/\/api.w.org\/{rel}","templated":true}]}}