{"id":309774,"date":"2026-04-13T11:24:38","date_gmt":"2026-04-13T11:24:38","guid":{"rendered":"https:\/\/www.imprentadigitalguzman.com\/inicio\/?post_type=product&#038;p=309774"},"modified":"2026-04-14T08:32:46","modified_gmt":"2026-04-14T08:32:46","slug":"pantalon-multibolsillos","status":"publish","type":"product","link":"https:\/\/www.imprentadigitalguzman.com\/inicio\/producto\/pantalon-multibolsillos\/","title":{"rendered":"PANTAL\u00d3N MULTIBOLSILLOS"},"content":{"rendered":"<p data-start=\"331\" data-end=\"627\">El <strong data-start=\"334\" data-end=\"364\">Pantal\u00f3n Multibolsillos AV<\/strong> es un <strong data-start=\"371\" data-end=\"414\">pantal\u00f3n de trabajo de alta visibilidad<\/strong>, dise\u00f1ado para ofrecer <strong data-start=\"438\" data-end=\"480\">comodidad, resistencia y funcionalidad<\/strong> en entornos laborales exigentes. Es una prenda imprescindible para <strong data-start=\"548\" data-end=\"626\">construcci\u00f3n, log\u00edstica, industria, mantenimiento y trabajos en exteriores<\/strong>.<\/p>\n<p data-start=\"629\" data-end=\"914\">Fabricado en <strong data-start=\"642\" data-end=\"693\">tejido de sarga (80 % poli\u00e9ster \/ 20 % algod\u00f3n)<\/strong>, proporciona durabilidad y confort para el uso diario. Su dise\u00f1o incorpora <strong data-start=\"769\" data-end=\"810\">cierre central con cremallera y bot\u00f3n<\/strong>, as\u00ed como <strong data-start=\"821\" data-end=\"849\">cintura el\u00e1stica lateral<\/strong>, que mejora el ajuste y la comodidad durante la jornada laboral.<\/p>\n<p data-start=\"916\" data-end=\"978\">Cuenta con un pr\u00e1ctico sistema de <strong data-start=\"950\" data-end=\"977\">6 bolsillos funcionales<\/strong>:<\/p>\n<ul data-start=\"979\" data-end=\"1099\">\n<li data-section-id=\"ou9n1c\" data-start=\"979\" data-end=\"1018\">2 bolsillos delanteros tipo franc\u00e9s<\/li>\n<li data-section-id=\"1xu1nc8\" data-start=\"1019\" data-end=\"1044\">2 bolsillos laterales<\/li>\n<li data-section-id=\"1l8d9za\" data-start=\"1045\" data-end=\"1099\">2 bolsillos traseros con tapeta y cierre de velcro<\/li>\n<\/ul>\n<p data-start=\"1101\" data-end=\"1257\">Incorpora <strong data-start=\"1111\" data-end=\"1203\">dos cintas reflectantes segmentadas y termoselladas en la parte inferior de las perneras<\/strong>, mejorando la visibilidad en condiciones de poca luz.<\/p>\n<p data-start=\"1259\" data-end=\"1386\">Es ideal para combinar con otras prendas de alta visibilidad, formando parte de un <strong data-start=\"1342\" data-end=\"1385\">uniforme laboral completo personalizado<\/strong>.<\/p>\n<p data-start=\"1388\" data-end=\"1494\">Con un <strong data-start=\"1395\" data-end=\"1422\">gramaje de 200\u2013210 g\/m\u00b2<\/strong>, ofrece un equilibrio perfecto entre resistencia, comodidad y ligereza.<\/p>\n<hr data-start=\"1496\" data-end=\"1499\" \/>\n<h3 data-section-id=\"19cjjbh\" data-start=\"1501\" data-end=\"1533\"><span role=\"text\"><strong data-start=\"1505\" data-end=\"1533\">Caracter\u00edsticas t\u00e9cnicas<\/strong><\/span><\/h3>\n<ul data-start=\"1534\" data-end=\"1753\">\n<li data-section-id=\"15vb68g\" data-start=\"1534\" data-end=\"1575\">Cierre central con cremallera y bot\u00f3n<\/li>\n<li data-section-id=\"1jbf795\" data-start=\"1576\" data-end=\"1604\">Cintura el\u00e1stica lateral<\/li>\n<li data-section-id=\"1f4ayb\" data-start=\"1605\" data-end=\"1644\">Dise\u00f1o multibolsillos (6 bolsillos)<\/li>\n<li data-section-id=\"1qhbqyj\" data-start=\"1645\" data-end=\"1692\">Cintas reflectantes segmentadas en perneras<\/li>\n<li data-section-id=\"z2hvz9\" data-start=\"1693\" data-end=\"1725\">Tejido resistente tipo sarga<\/li>\n<li data-section-id=\"19olzxc\" data-start=\"1726\" data-end=\"1753\">Gramaje: <strong data-start=\"1737\" data-end=\"1753\">200\u2013210 g\/m\u00b2<\/strong><\/li>\n<\/ul>\n<hr data-start=\"1755\" data-end=\"1758\" \/>\n<h3 data-section-id=\"h6ukut\" data-start=\"1760\" data-end=\"1779\"><span role=\"text\"><strong data-start=\"1764\" data-end=\"1779\">Composici\u00f3n<\/strong><\/span><\/h3>\n<ul data-start=\"1780\" data-end=\"1822\">\n<li data-section-id=\"57mzji\" data-start=\"1780\" data-end=\"1822\"><strong data-start=\"1782\" data-end=\"1822\">Sarga: 80 % poli\u00e9ster \/ 20 % algod\u00f3n<\/strong><\/li>\n<\/ul>\n","protected":false},"excerpt":{"rendered":"<p>Pantal\u00f3n multibolsillos de alta visibilidad, resistente y c\u00f3modo. Ideal para trabajo en exteriores y uniformes laborales.<\/p>\n","protected":false},"featured_media":309776,"comment_status":"closed","ping_status":"closed","template":"","meta":{"_et_pb_use_builder":"","_et_pb_old_content":"","_et_gb_content_width":"","_joinchat":[]},"product_brand":[],"product_cat":[300],"product_tag":[106,165,133],"class_list":{"0":"post-309774","1":"product","2":"type-product","3":"status-publish","4":"has-post-thumbnail","6":"product_cat-ropa-laboral","7":"product_tag-algodon","8":"product_tag-poliester","9":"product_tag-unisex","11":"first","12":"instock","13":"taxable","14":"shipping-taxable","15":"product-type-variable"},"yoast_head":"<!-- This site is optimized with the Yoast SEO plugin v27.4 - https:\/\/yoast.com\/product\/yoast-seo-wordpress\/ -->\n<title>PANTAL\u00d3N MULTIBOLSILLOS - Imprenta Digital Guzm\u00e1n<\/title>\n<meta name=\"description\" content=\"Pantal\u00f3n de trabajo multibolsillos de alta visibilidad con cintas reflectantes. Resistente, c\u00f3modo e ideal para uniformes laborales.\" \/>\n<meta name=\"robots\" content=\"index, follow, max-snippet:-1, max-image-preview:large, max-video-preview:-1\" \/>\n<link rel=\"canonical\" href=\"https:\/\/www.imprentadigitalguzman.com\/inicio\/producto\/pantalon-multibolsillos\/\" \/>\n<meta property=\"og:locale\" content=\"es_ES\" \/>\n<meta property=\"og:type\" content=\"article\" \/>\n<meta property=\"og:title\" content=\"PANTAL\u00d3N MULTIBOLSILLOS - Imprenta Digital Guzm\u00e1n\" \/>\n<meta property=\"og:description\" content=\"Pantal\u00f3n de trabajo multibolsillos de alta visibilidad con cintas reflectantes. Resistente, c\u00f3modo e ideal para uniformes laborales.\" \/>\n<meta property=\"og:url\" content=\"https:\/\/www.imprentadigitalguzman.com\/inicio\/producto\/pantalon-multibolsillos\/\" \/>\n<meta property=\"og:site_name\" content=\"Imprenta Digital Guzm\u00e1n\" \/>\n<meta property=\"article:modified_time\" content=\"2026-04-14T08:32:46+00:00\" \/>\n<meta property=\"og:image\" content=\"https:\/\/www.imprentadigitalguzman.com\/wp-content\/uploads\/2026\/04\/PANTALON-MULTIBOLSILLOS-.png\" \/>\n\t<meta property=\"og:image:width\" content=\"600\" \/>\n\t<meta property=\"og:image:height\" content=\"600\" \/>\n\t<meta property=\"og:image:type\" content=\"image\/png\" \/>\n<meta name=\"twitter:card\" content=\"summary_large_image\" \/>\n<meta name=\"twitter:label1\" content=\"Tiempo de lectura\" \/>\n\t<meta name=\"twitter:data1\" content=\"2 minutos\" \/>\n<script type=\"application\/ld+json\" class=\"yoast-schema-graph\">{\"@context\":\"https:\\\/\\\/schema.org\",\"@graph\":[{\"@type\":\"WebPage\",\"@id\":\"https:\\\/\\\/www.imprentadigitalguzman.com\\\/inicio\\\/producto\\\/pantalon-multibolsillos\\\/\",\"url\":\"https:\\\/\\\/www.imprentadigitalguzman.com\\\/inicio\\\/producto\\\/pantalon-multibolsillos\\\/\",\"name\":\"PANTAL\u00d3N MULTIBOLSILLOS - Imprenta Digital Guzm\u00e1n\",\"isPartOf\":{\"@id\":\"https:\\\/\\\/www.imprentadigitalguzman.com\\\/inicio\\\/#website\"},\"primaryImageOfPage\":{\"@id\":\"https:\\\/\\\/www.imprentadigitalguzman.com\\\/inicio\\\/producto\\\/pantalon-multibolsillos\\\/#primaryimage\"},\"image\":{\"@id\":\"https:\\\/\\\/www.imprentadigitalguzman.com\\\/inicio\\\/producto\\\/pantalon-multibolsillos\\\/#primaryimage\"},\"thumbnailUrl\":\"https:\\\/\\\/www.imprentadigitalguzman.com\\\/wp-content\\\/uploads\\\/2026\\\/04\\\/PANTALON-MULTIBOLSILLOS-.png\",\"datePublished\":\"2026-04-13T11:24:38+00:00\",\"dateModified\":\"2026-04-14T08:32:46+00:00\",\"description\":\"Pantal\u00f3n de trabajo multibolsillos de alta visibilidad con cintas reflectantes. Resistente, c\u00f3modo e ideal para uniformes laborales.\",\"breadcrumb\":{\"@id\":\"https:\\\/\\\/www.imprentadigitalguzman.com\\\/inicio\\\/producto\\\/pantalon-multibolsillos\\\/#breadcrumb\"},\"inLanguage\":\"es\",\"potentialAction\":[{\"@type\":\"ReadAction\",\"target\":[\"https:\\\/\\\/www.imprentadigitalguzman.com\\\/inicio\\\/producto\\\/pantalon-multibolsillos\\\/\"]}]},{\"@type\":\"ImageObject\",\"inLanguage\":\"es\",\"@id\":\"https:\\\/\\\/www.imprentadigitalguzman.com\\\/inicio\\\/producto\\\/pantalon-multibolsillos\\\/#primaryimage\",\"url\":\"https:\\\/\\\/www.imprentadigitalguzman.com\\\/wp-content\\\/uploads\\\/2026\\\/04\\\/PANTALON-MULTIBOLSILLOS-.png\",\"contentUrl\":\"https:\\\/\\\/www.imprentadigitalguzman.com\\\/wp-content\\\/uploads\\\/2026\\\/04\\\/PANTALON-MULTIBOLSILLOS-.png\",\"width\":600,\"height\":600,\"caption\":\"pantalon-multibolsillos-ropa-laboral-en-imprenta-digital-guzman-siempre-a-el-mejor-precio-con-envios-por-toda-espa\u00f1a\"},{\"@type\":\"BreadcrumbList\",\"@id\":\"https:\\\/\\\/www.imprentadigitalguzman.com\\\/inicio\\\/producto\\\/pantalon-multibolsillos\\\/#breadcrumb\",\"itemListElement\":[{\"@type\":\"ListItem\",\"position\":1,\"name\":\"Portada\",\"item\":\"https:\\\/\\\/www.imprentadigitalguzman.com\\\/inicio\\\/\"},{\"@type\":\"ListItem\",\"position\":2,\"name\":\"Shop\",\"item\":\"https:\\\/\\\/www.imprentadigitalguzman.com\\\/inicio\\\/shop\\\/\"},{\"@type\":\"ListItem\",\"position\":3,\"name\":\"PANTAL\u00d3N MULTIBOLSILLOS\"}]},{\"@type\":\"WebSite\",\"@id\":\"https:\\\/\\\/www.imprentadigitalguzman.com\\\/inicio\\\/#website\",\"url\":\"https:\\\/\\\/www.imprentadigitalguzman.com\\\/inicio\\\/\",\"name\":\"Imprenta Digital Guzm\u00e1n\",\"description\":\"\",\"potentialAction\":[{\"@type\":\"SearchAction\",\"target\":{\"@type\":\"EntryPoint\",\"urlTemplate\":\"https:\\\/\\\/www.imprentadigitalguzman.com\\\/inicio\\\/?s={search_term_string}\"},\"query-input\":{\"@type\":\"PropertyValueSpecification\",\"valueRequired\":true,\"valueName\":\"search_term_string\"}}],\"inLanguage\":\"es\"}]}<\/script>\n<!-- \/ Yoast SEO plugin. -->","yoast_head_json":{"title":"PANTAL\u00d3N MULTIBOLSILLOS - Imprenta Digital Guzm\u00e1n","description":"Pantal\u00f3n de trabajo multibolsillos de alta visibilidad con cintas reflectantes. Resistente, c\u00f3modo e ideal para uniformes laborales.","robots":{"index":"index","follow":"follow","max-snippet":"max-snippet:-1","max-image-preview":"max-image-preview:large","max-video-preview":"max-video-preview:-1"},"canonical":"https:\/\/www.imprentadigitalguzman.com\/inicio\/producto\/pantalon-multibolsillos\/","og_locale":"es_ES","og_type":"article","og_title":"PANTAL\u00d3N MULTIBOLSILLOS - Imprenta Digital Guzm\u00e1n","og_description":"Pantal\u00f3n de trabajo multibolsillos de alta visibilidad con cintas reflectantes. Resistente, c\u00f3modo e ideal para uniformes laborales.","og_url":"https:\/\/www.imprentadigitalguzman.com\/inicio\/producto\/pantalon-multibolsillos\/","og_site_name":"Imprenta Digital Guzm\u00e1n","article_modified_time":"2026-04-14T08:32:46+00:00","og_image":[{"width":600,"height":600,"url":"https:\/\/www.imprentadigitalguzman.com\/wp-content\/uploads\/2026\/04\/PANTALON-MULTIBOLSILLOS-.png","type":"image\/png"}],"twitter_card":"summary_large_image","twitter_misc":{"Tiempo de lectura":"2 minutos"},"schema":{"@context":"https:\/\/schema.org","@graph":[{"@type":"WebPage","@id":"https:\/\/www.imprentadigitalguzman.com\/inicio\/producto\/pantalon-multibolsillos\/","url":"https:\/\/www.imprentadigitalguzman.com\/inicio\/producto\/pantalon-multibolsillos\/","name":"PANTAL\u00d3N MULTIBOLSILLOS - Imprenta Digital Guzm\u00e1n","isPartOf":{"@id":"https:\/\/www.imprentadigitalguzman.com\/inicio\/#website"},"primaryImageOfPage":{"@id":"https:\/\/www.imprentadigitalguzman.com\/inicio\/producto\/pantalon-multibolsillos\/#primaryimage"},"image":{"@id":"https:\/\/www.imprentadigitalguzman.com\/inicio\/producto\/pantalon-multibolsillos\/#primaryimage"},"thumbnailUrl":"https:\/\/www.imprentadigitalguzman.com\/wp-content\/uploads\/2026\/04\/PANTALON-MULTIBOLSILLOS-.png","datePublished":"2026-04-13T11:24:38+00:00","dateModified":"2026-04-14T08:32:46+00:00","description":"Pantal\u00f3n de trabajo multibolsillos de alta visibilidad con cintas reflectantes. Resistente, c\u00f3modo e ideal para uniformes laborales.","breadcrumb":{"@id":"https:\/\/www.imprentadigitalguzman.com\/inicio\/producto\/pantalon-multibolsillos\/#breadcrumb"},"inLanguage":"es","potentialAction":[{"@type":"ReadAction","target":["https:\/\/www.imprentadigitalguzman.com\/inicio\/producto\/pantalon-multibolsillos\/"]}]},{"@type":"ImageObject","inLanguage":"es","@id":"https:\/\/www.imprentadigitalguzman.com\/inicio\/producto\/pantalon-multibolsillos\/#primaryimage","url":"https:\/\/www.imprentadigitalguzman.com\/wp-content\/uploads\/2026\/04\/PANTALON-MULTIBOLSILLOS-.png","contentUrl":"https:\/\/www.imprentadigitalguzman.com\/wp-content\/uploads\/2026\/04\/PANTALON-MULTIBOLSILLOS-.png","width":600,"height":600,"caption":"pantalon-multibolsillos-ropa-laboral-en-imprenta-digital-guzman-siempre-a-el-mejor-precio-con-envios-por-toda-espa\u00f1a"},{"@type":"BreadcrumbList","@id":"https:\/\/www.imprentadigitalguzman.com\/inicio\/producto\/pantalon-multibolsillos\/#breadcrumb","itemListElement":[{"@type":"ListItem","position":1,"name":"Portada","item":"https:\/\/www.imprentadigitalguzman.com\/inicio\/"},{"@type":"ListItem","position":2,"name":"Shop","item":"https:\/\/www.imprentadigitalguzman.com\/inicio\/shop\/"},{"@type":"ListItem","position":3,"name":"PANTAL\u00d3N MULTIBOLSILLOS"}]},{"@type":"WebSite","@id":"https:\/\/www.imprentadigitalguzman.com\/inicio\/#website","url":"https:\/\/www.imprentadigitalguzman.com\/inicio\/","name":"Imprenta Digital Guzm\u00e1n","description":"","potentialAction":[{"@type":"SearchAction","target":{"@type":"EntryPoint","urlTemplate":"https:\/\/www.imprentadigitalguzman.com\/inicio\/?s={search_term_string}"},"query-input":{"@type":"PropertyValueSpecification","valueRequired":true,"valueName":"search_term_string"}}],"inLanguage":"es"}]}},"_links":{"self":[{"href":"https:\/\/www.imprentadigitalguzman.com\/inicio\/wp-json\/wp\/v2\/product\/309774","targetHints":{"allow":["GET"]}}],"collection":[{"href":"https:\/\/www.imprentadigitalguzman.com\/inicio\/wp-json\/wp\/v2\/product"}],"about":[{"href":"https:\/\/www.imprentadigitalguzman.com\/inicio\/wp-json\/wp\/v2\/types\/product"}],"replies":[{"embeddable":true,"href":"https:\/\/www.imprentadigitalguzman.com\/inicio\/wp-json\/wp\/v2\/comments?post=309774"}],"wp:featuredmedia":[{"embeddable":true,"href":"https:\/\/www.imprentadigitalguzman.com\/inicio\/wp-json\/wp\/v2\/media\/309776"}],"wp:attachment":[{"href":"https:\/\/www.imprentadigitalguzman.com\/inicio\/wp-json\/wp\/v2\/media?parent=309774"}],"wp:term":[{"taxonomy":"product_brand","embeddable":true,"href":"https:\/\/www.imprentadigitalguzman.com\/inicio\/wp-json\/wp\/v2\/product_brand?post=309774"},{"taxonomy":"product_cat","embeddable":true,"href":"https:\/\/www.imprentadigitalguzman.com\/inicio\/wp-json\/wp\/v2\/product_cat?post=309774"},{"taxonomy":"product_tag","embeddable":true,"href":"https:\/\/www.imprentadigitalguzman.com\/inicio\/wp-json\/wp\/v2\/product_tag?post=309774"}],"curies":[{"name":"wp","href":"https:\/\/api.w.org\/{rel}","templated":true}]}}