{"id":309733,"date":"2026-04-13T10:03:17","date_gmt":"2026-04-13T10:03:17","guid":{"rendered":"https:\/\/www.imprentadigitalguzman.com\/inicio\/?post_type=product&#038;p=309733"},"modified":"2026-04-14T08:37:16","modified_gmt":"2026-04-14T08:37:16","slug":"paris-apron","status":"publish","type":"product","link":"https:\/\/www.imprentadigitalguzman.com\/inicio\/producto\/paris-apron\/","title":{"rendered":"Paris (apron)"},"content":{"rendered":"<p data-start=\"333\" data-end=\"640\">El <strong data-start=\"336\" data-end=\"351\">Paris Apron<\/strong> es un <strong data-start=\"358\" data-end=\"389\">delantal unisex para adulto<\/strong>, dise\u00f1ado para ofrecer <strong data-start=\"413\" data-end=\"455\">comodidad, resistencia y funcionalidad<\/strong> en entornos como <strong data-start=\"473\" data-end=\"529\">hosteler\u00eda, restauraci\u00f3n, comercio, cocina o eventos<\/strong>. Es una prenda imprescindible tanto para uso profesional como para <strong data-start=\"597\" data-end=\"639\">regalos personalizados y merchandising<\/strong>.<\/p>\n<p data-start=\"642\" data-end=\"869\">Cuenta con <strong data-start=\"653\" data-end=\"719\">cinta de cuello ajustable mediante hebilla pl\u00e1stica deslizante<\/strong>, lo que permite adaptarlo f\u00e1cilmente a diferentes usuarios. Incorpora <strong data-start=\"790\" data-end=\"828\">dos cintas laterales en la cintura<\/strong>, garantizando un ajuste c\u00f3modo y seguro.<\/p>\n<p data-start=\"871\" data-end=\"1023\">Dispone de un <strong data-start=\"885\" data-end=\"916\">gran bolsillo frontal doble<\/strong>, ideal para guardar utensilios, libretas o herramientas de trabajo, aportando practicidad en el d\u00eda a d\u00eda.<\/p>\n<p data-start=\"1025\" data-end=\"1235\">Gracias a su superficie, es perfecto para <strong data-start=\"1067\" data-end=\"1125\">personalizaci\u00f3n mediante serigraf\u00eda, vinilo o transfer<\/strong>, siendo muy utilizado en <strong data-start=\"1151\" data-end=\"1234\">bares, restaurantes, cafeter\u00edas, eventos gastron\u00f3micos y regalos personalizados<\/strong>.<\/p>\n<p data-start=\"1237\" data-end=\"1361\">Disponible en diferentes composiciones seg\u00fan color, permite elegir entre mayor resistencia o mayor naturalidad en el tejido.<\/p>\n<hr data-start=\"1363\" data-end=\"1366\" \/>\n<h3 data-section-id=\"19cjjbh\" data-start=\"1368\" data-end=\"1400\"><span role=\"text\"><strong data-start=\"1372\" data-end=\"1400\">Caracter\u00edsticas t\u00e9cnicas<\/strong><\/span><\/h3>\n<ul data-start=\"1401\" data-end=\"1622\">\n<li data-section-id=\"17ws1l6\" data-start=\"1401\" data-end=\"1432\">Delantal unisex para adulto<\/li>\n<li data-section-id=\"oil5si\" data-start=\"1433\" data-end=\"1474\">Cinta de cuello ajustable con hebilla<\/li>\n<li data-section-id=\"1h8idyc\" data-start=\"1475\" data-end=\"1522\">Dos cintas laterales para ajuste en cintura<\/li>\n<li data-section-id=\"kac6kz\" data-start=\"1523\" data-end=\"1567\">Bolsillo frontal doble de gran capacidad<\/li>\n<li data-section-id=\"1h5xkns\" data-start=\"1568\" data-end=\"1591\">C\u00f3modo y resistente<\/li>\n<li data-section-id=\"167gr82\" data-start=\"1592\" data-end=\"1622\">Ideal para personalizaci\u00f3n<\/li>\n<\/ul>\n<hr data-start=\"1624\" data-end=\"1627\" \/>\n<h3 data-section-id=\"h6ukut\" data-start=\"1629\" data-end=\"1648\"><span role=\"text\"><strong data-start=\"1633\" data-end=\"1648\">Composici\u00f3n<\/strong><\/span><\/h3>\n<ul data-start=\"1649\" data-end=\"1773\">\n<li data-section-id=\"o8alwo\" data-start=\"1649\" data-end=\"1697\"><strong data-start=\"1651\" data-end=\"1659\">DNV:<\/strong> 100 % algod\u00f3n \u2013 <strong data-start=\"1676\" data-end=\"1695\">220 g\/m\u00b2 aprox.<\/strong><\/li>\n<li data-section-id=\"iqe8vp\" data-start=\"1698\" data-end=\"1773\"><strong data-start=\"1700\" data-end=\"1721\">Resto de colores:<\/strong> 65 % poli\u00e9ster \/ 35 % algod\u00f3n \u2013 <strong data-start=\"1754\" data-end=\"1773\">180 g\/m\u00b2 aprox.<\/strong><\/li>\n<\/ul>\n","protected":false},"excerpt":{"rendered":"<p>Delantal unisex ajustable con bolsillo frontal doble. Ideal para hosteler\u00eda y personalizaci\u00f3n.<\/p>\n","protected":false},"featured_media":309735,"comment_status":"closed","ping_status":"closed","template":"","meta":{"_et_pb_use_builder":"","_et_pb_old_content":"","_et_gb_content_width":"","_joinchat":[]},"product_brand":[],"product_cat":[300],"product_tag":[106,165,133],"class_list":{"0":"post-309733","1":"product","2":"type-product","3":"status-publish","4":"has-post-thumbnail","6":"product_cat-ropa-laboral","7":"product_tag-algodon","8":"product_tag-poliester","9":"product_tag-unisex","11":"first","12":"instock","13":"taxable","14":"shipping-taxable","15":"product-type-simple"},"yoast_head":"<!-- This site is optimized with the Yoast SEO plugin v27.4 - https:\/\/yoast.com\/product\/yoast-seo-wordpress\/ -->\n<title>Paris (apron) - Imprenta Digital Guzm\u00e1n<\/title>\n<meta name=\"description\" content=\"Paris (apron). Delantal unisex ajustable con bolsillo frontal doble, ideal para hosteler\u00eda, eventos y personalizaci\u00f3n textil.\" \/>\n<meta name=\"robots\" content=\"index, follow, max-snippet:-1, max-image-preview:large, max-video-preview:-1\" \/>\n<link rel=\"canonical\" href=\"https:\/\/www.imprentadigitalguzman.com\/inicio\/producto\/paris-apron\/\" \/>\n<meta property=\"og:locale\" content=\"es_ES\" \/>\n<meta property=\"og:type\" content=\"article\" \/>\n<meta property=\"og:title\" content=\"Paris (apron) - Imprenta Digital Guzm\u00e1n\" \/>\n<meta property=\"og:description\" content=\"Paris (apron). Delantal unisex ajustable con bolsillo frontal doble, ideal para hosteler\u00eda, eventos y personalizaci\u00f3n textil.\" \/>\n<meta property=\"og:url\" content=\"https:\/\/www.imprentadigitalguzman.com\/inicio\/producto\/paris-apron\/\" \/>\n<meta property=\"og:site_name\" content=\"Imprenta Digital Guzm\u00e1n\" \/>\n<meta property=\"article:modified_time\" content=\"2026-04-14T08:37:16+00:00\" \/>\n<meta property=\"og:image\" content=\"https:\/\/www.imprentadigitalguzman.com\/wp-content\/uploads\/2026\/04\/paris-apron-.png\" \/>\n\t<meta property=\"og:image:width\" content=\"600\" \/>\n\t<meta property=\"og:image:height\" content=\"600\" \/>\n\t<meta property=\"og:image:type\" content=\"image\/png\" \/>\n<meta name=\"twitter:card\" content=\"summary_large_image\" \/>\n<meta name=\"twitter:label1\" content=\"Tiempo de lectura\" \/>\n\t<meta name=\"twitter:data1\" content=\"2 minutos\" \/>\n<script type=\"application\/ld+json\" class=\"yoast-schema-graph\">{\"@context\":\"https:\\\/\\\/schema.org\",\"@graph\":[{\"@type\":\"WebPage\",\"@id\":\"https:\\\/\\\/www.imprentadigitalguzman.com\\\/inicio\\\/producto\\\/paris-apron\\\/\",\"url\":\"https:\\\/\\\/www.imprentadigitalguzman.com\\\/inicio\\\/producto\\\/paris-apron\\\/\",\"name\":\"Paris (apron) - Imprenta Digital Guzm\u00e1n\",\"isPartOf\":{\"@id\":\"https:\\\/\\\/www.imprentadigitalguzman.com\\\/inicio\\\/#website\"},\"primaryImageOfPage\":{\"@id\":\"https:\\\/\\\/www.imprentadigitalguzman.com\\\/inicio\\\/producto\\\/paris-apron\\\/#primaryimage\"},\"image\":{\"@id\":\"https:\\\/\\\/www.imprentadigitalguzman.com\\\/inicio\\\/producto\\\/paris-apron\\\/#primaryimage\"},\"thumbnailUrl\":\"https:\\\/\\\/www.imprentadigitalguzman.com\\\/wp-content\\\/uploads\\\/2026\\\/04\\\/paris-apron-.png\",\"datePublished\":\"2026-04-13T10:03:17+00:00\",\"dateModified\":\"2026-04-14T08:37:16+00:00\",\"description\":\"Paris (apron). Delantal unisex ajustable con bolsillo frontal doble, ideal para hosteler\u00eda, eventos y personalizaci\u00f3n textil.\",\"breadcrumb\":{\"@id\":\"https:\\\/\\\/www.imprentadigitalguzman.com\\\/inicio\\\/producto\\\/paris-apron\\\/#breadcrumb\"},\"inLanguage\":\"es\",\"potentialAction\":[{\"@type\":\"ReadAction\",\"target\":[\"https:\\\/\\\/www.imprentadigitalguzman.com\\\/inicio\\\/producto\\\/paris-apron\\\/\"]}]},{\"@type\":\"ImageObject\",\"inLanguage\":\"es\",\"@id\":\"https:\\\/\\\/www.imprentadigitalguzman.com\\\/inicio\\\/producto\\\/paris-apron\\\/#primaryimage\",\"url\":\"https:\\\/\\\/www.imprentadigitalguzman.com\\\/wp-content\\\/uploads\\\/2026\\\/04\\\/paris-apron-.png\",\"contentUrl\":\"https:\\\/\\\/www.imprentadigitalguzman.com\\\/wp-content\\\/uploads\\\/2026\\\/04\\\/paris-apron-.png\",\"width\":600,\"height\":600,\"caption\":\"mandil-largo-ropa-laboral-en-imprenta-digital-guzman-a-el-mejor-precio-envios- por-toda-espa\u00f1a\"},{\"@type\":\"BreadcrumbList\",\"@id\":\"https:\\\/\\\/www.imprentadigitalguzman.com\\\/inicio\\\/producto\\\/paris-apron\\\/#breadcrumb\",\"itemListElement\":[{\"@type\":\"ListItem\",\"position\":1,\"name\":\"Portada\",\"item\":\"https:\\\/\\\/www.imprentadigitalguzman.com\\\/inicio\\\/\"},{\"@type\":\"ListItem\",\"position\":2,\"name\":\"Shop\",\"item\":\"https:\\\/\\\/www.imprentadigitalguzman.com\\\/inicio\\\/shop\\\/\"},{\"@type\":\"ListItem\",\"position\":3,\"name\":\"Paris (apron)\"}]},{\"@type\":\"WebSite\",\"@id\":\"https:\\\/\\\/www.imprentadigitalguzman.com\\\/inicio\\\/#website\",\"url\":\"https:\\\/\\\/www.imprentadigitalguzman.com\\\/inicio\\\/\",\"name\":\"Imprenta Digital Guzm\u00e1n\",\"description\":\"\",\"potentialAction\":[{\"@type\":\"SearchAction\",\"target\":{\"@type\":\"EntryPoint\",\"urlTemplate\":\"https:\\\/\\\/www.imprentadigitalguzman.com\\\/inicio\\\/?s={search_term_string}\"},\"query-input\":{\"@type\":\"PropertyValueSpecification\",\"valueRequired\":true,\"valueName\":\"search_term_string\"}}],\"inLanguage\":\"es\"}]}<\/script>\n<!-- \/ Yoast SEO plugin. -->","yoast_head_json":{"title":"Paris (apron) - Imprenta Digital Guzm\u00e1n","description":"Paris (apron). Delantal unisex ajustable con bolsillo frontal doble, ideal para hosteler\u00eda, eventos y personalizaci\u00f3n textil.","robots":{"index":"index","follow":"follow","max-snippet":"max-snippet:-1","max-image-preview":"max-image-preview:large","max-video-preview":"max-video-preview:-1"},"canonical":"https:\/\/www.imprentadigitalguzman.com\/inicio\/producto\/paris-apron\/","og_locale":"es_ES","og_type":"article","og_title":"Paris (apron) - Imprenta Digital Guzm\u00e1n","og_description":"Paris (apron). Delantal unisex ajustable con bolsillo frontal doble, ideal para hosteler\u00eda, eventos y personalizaci\u00f3n textil.","og_url":"https:\/\/www.imprentadigitalguzman.com\/inicio\/producto\/paris-apron\/","og_site_name":"Imprenta Digital Guzm\u00e1n","article_modified_time":"2026-04-14T08:37:16+00:00","og_image":[{"width":600,"height":600,"url":"https:\/\/www.imprentadigitalguzman.com\/wp-content\/uploads\/2026\/04\/paris-apron-.png","type":"image\/png"}],"twitter_card":"summary_large_image","twitter_misc":{"Tiempo de lectura":"2 minutos"},"schema":{"@context":"https:\/\/schema.org","@graph":[{"@type":"WebPage","@id":"https:\/\/www.imprentadigitalguzman.com\/inicio\/producto\/paris-apron\/","url":"https:\/\/www.imprentadigitalguzman.com\/inicio\/producto\/paris-apron\/","name":"Paris (apron) - Imprenta Digital Guzm\u00e1n","isPartOf":{"@id":"https:\/\/www.imprentadigitalguzman.com\/inicio\/#website"},"primaryImageOfPage":{"@id":"https:\/\/www.imprentadigitalguzman.com\/inicio\/producto\/paris-apron\/#primaryimage"},"image":{"@id":"https:\/\/www.imprentadigitalguzman.com\/inicio\/producto\/paris-apron\/#primaryimage"},"thumbnailUrl":"https:\/\/www.imprentadigitalguzman.com\/wp-content\/uploads\/2026\/04\/paris-apron-.png","datePublished":"2026-04-13T10:03:17+00:00","dateModified":"2026-04-14T08:37:16+00:00","description":"Paris (apron). Delantal unisex ajustable con bolsillo frontal doble, ideal para hosteler\u00eda, eventos y personalizaci\u00f3n textil.","breadcrumb":{"@id":"https:\/\/www.imprentadigitalguzman.com\/inicio\/producto\/paris-apron\/#breadcrumb"},"inLanguage":"es","potentialAction":[{"@type":"ReadAction","target":["https:\/\/www.imprentadigitalguzman.com\/inicio\/producto\/paris-apron\/"]}]},{"@type":"ImageObject","inLanguage":"es","@id":"https:\/\/www.imprentadigitalguzman.com\/inicio\/producto\/paris-apron\/#primaryimage","url":"https:\/\/www.imprentadigitalguzman.com\/wp-content\/uploads\/2026\/04\/paris-apron-.png","contentUrl":"https:\/\/www.imprentadigitalguzman.com\/wp-content\/uploads\/2026\/04\/paris-apron-.png","width":600,"height":600,"caption":"mandil-largo-ropa-laboral-en-imprenta-digital-guzman-a-el-mejor-precio-envios- por-toda-espa\u00f1a"},{"@type":"BreadcrumbList","@id":"https:\/\/www.imprentadigitalguzman.com\/inicio\/producto\/paris-apron\/#breadcrumb","itemListElement":[{"@type":"ListItem","position":1,"name":"Portada","item":"https:\/\/www.imprentadigitalguzman.com\/inicio\/"},{"@type":"ListItem","position":2,"name":"Shop","item":"https:\/\/www.imprentadigitalguzman.com\/inicio\/shop\/"},{"@type":"ListItem","position":3,"name":"Paris (apron)"}]},{"@type":"WebSite","@id":"https:\/\/www.imprentadigitalguzman.com\/inicio\/#website","url":"https:\/\/www.imprentadigitalguzman.com\/inicio\/","name":"Imprenta Digital Guzm\u00e1n","description":"","potentialAction":[{"@type":"SearchAction","target":{"@type":"EntryPoint","urlTemplate":"https:\/\/www.imprentadigitalguzman.com\/inicio\/?s={search_term_string}"},"query-input":{"@type":"PropertyValueSpecification","valueRequired":true,"valueName":"search_term_string"}}],"inLanguage":"es"}]}},"_links":{"self":[{"href":"https:\/\/www.imprentadigitalguzman.com\/inicio\/wp-json\/wp\/v2\/product\/309733","targetHints":{"allow":["GET"]}}],"collection":[{"href":"https:\/\/www.imprentadigitalguzman.com\/inicio\/wp-json\/wp\/v2\/product"}],"about":[{"href":"https:\/\/www.imprentadigitalguzman.com\/inicio\/wp-json\/wp\/v2\/types\/product"}],"replies":[{"embeddable":true,"href":"https:\/\/www.imprentadigitalguzman.com\/inicio\/wp-json\/wp\/v2\/comments?post=309733"}],"wp:featuredmedia":[{"embeddable":true,"href":"https:\/\/www.imprentadigitalguzman.com\/inicio\/wp-json\/wp\/v2\/media\/309735"}],"wp:attachment":[{"href":"https:\/\/www.imprentadigitalguzman.com\/inicio\/wp-json\/wp\/v2\/media?parent=309733"}],"wp:term":[{"taxonomy":"product_brand","embeddable":true,"href":"https:\/\/www.imprentadigitalguzman.com\/inicio\/wp-json\/wp\/v2\/product_brand?post=309733"},{"taxonomy":"product_cat","embeddable":true,"href":"https:\/\/www.imprentadigitalguzman.com\/inicio\/wp-json\/wp\/v2\/product_cat?post=309733"},{"taxonomy":"product_tag","embeddable":true,"href":"https:\/\/www.imprentadigitalguzman.com\/inicio\/wp-json\/wp\/v2\/product_tag?post=309733"}],"curies":[{"name":"wp","href":"https:\/\/api.w.org\/{rel}","templated":true}]}}