{"id":309562,"date":"2026-04-10T11:10:38","date_gmt":"2026-04-10T11:10:38","guid":{"rendered":"https:\/\/www.imprentadigitalguzman.com\/inicio\/?post_type=product&#038;p=309562"},"modified":"2026-04-14T08:33:42","modified_gmt":"2026-04-14T08:33:42","slug":"parka-av","status":"publish","type":"product","link":"https:\/\/www.imprentadigitalguzman.com\/inicio\/producto\/parka-av\/","title":{"rendered":"Parka AV"},"content":{"rendered":"<p data-start=\"307\" data-end=\"629\">La <strong data-start=\"310\" data-end=\"322\">Parka AV<\/strong> es una <strong data-start=\"330\" data-end=\"359\">parka de alta visibilidad<\/strong>, dise\u00f1ada para ofrecer <strong data-start=\"383\" data-end=\"441\">m\u00e1xima protecci\u00f3n t\u00e9rmica, impermeabilidad y seguridad<\/strong> en entornos laborales exigentes. Es una prenda ideal para <strong data-start=\"500\" data-end=\"578\">trabajos en exteriores, construcci\u00f3n, log\u00edstica, industria y mantenimiento<\/strong>, especialmente en condiciones clim\u00e1ticas adversas.<\/p>\n<p data-start=\"631\" data-end=\"848\">Fabricada en <strong data-start=\"644\" data-end=\"686\">tejido bicapa guateado 100 % poli\u00e9ster<\/strong>, proporciona abrigo y resistencia frente al fr\u00edo. Incorpora <strong data-start=\"747\" data-end=\"773\">costuras termoselladas<\/strong>, que mejoran la impermeabilidad y protegen frente a la lluvia y el viento.<\/p>\n<p data-start=\"850\" data-end=\"1149\">Cuenta con <strong data-start=\"861\" data-end=\"901\">cierre central con cremallera oculta<\/strong>, <strong data-start=\"903\" data-end=\"948\">tapeta con velcro y protector de barbilla<\/strong>, garantizando mayor protecci\u00f3n y confort. Los <strong data-start=\"995\" data-end=\"1014\">pu\u00f1os de canal\u00e9<\/strong> ayudan a conservar el calor, mientras que la <strong data-start=\"1060\" data-end=\"1091\">capucha oculta en el cuello<\/strong> aporta versatilidad seg\u00fan las condiciones meteorol\u00f3gicas.<\/p>\n<p data-start=\"1151\" data-end=\"1308\">Incluye <strong data-start=\"1159\" data-end=\"1237\">cintas reflectantes segmentadas y termoselladas en torso, hombros y mangas<\/strong>, mejorando la visibilidad del usuario en entornos de baja iluminaci\u00f3n.<\/p>\n<p data-start=\"1310\" data-end=\"1349\">Dispone de <strong data-start=\"1321\" data-end=\"1348\">4 bolsillos funcionales<\/strong>:<\/p>\n<ul data-start=\"1350\" data-end=\"1470\">\n<li data-section-id=\"16opx9o\" data-start=\"1350\" data-end=\"1408\">1 bolsillo en el pecho derecho con tapeta y cremallera<\/li>\n<li data-section-id=\"1w100g9\" data-start=\"1409\" data-end=\"1435\">2 bolsillos inferiores<\/li>\n<li data-section-id=\"f0th7i\" data-start=\"1436\" data-end=\"1470\">1 bolsillo interior con velcro<\/li>\n<\/ul>\n<p data-start=\"1472\" data-end=\"1645\">Adem\u00e1s, incorpora una <strong data-start=\"1494\" data-end=\"1534\">cremallera de apertura en la espalda<\/strong>, especialmente dise\u00f1ada para facilitar la <strong data-start=\"1577\" data-end=\"1609\">serigraf\u00eda o personalizaci\u00f3n<\/strong>, ideal para uniformes corporativos.<\/p>\n<p data-start=\"1647\" data-end=\"1754\">Con un <strong data-start=\"1654\" data-end=\"1677\">gramaje de 180 g\/m\u00b2<\/strong>, ofrece un excelente equilibrio entre abrigo, resistencia e impermeabilidad.<\/p>\n<hr data-start=\"1756\" data-end=\"1759\" \/>\n<h3 data-section-id=\"19cjjbh\" data-start=\"1761\" data-end=\"1793\"><span role=\"text\"><strong data-start=\"1765\" data-end=\"1793\">Caracter\u00edsticas t\u00e9cnicas<\/strong><\/span><\/h3>\n<ul data-start=\"1794\" data-end=\"2178\">\n<li data-section-id=\"17lzfte\" data-start=\"1794\" data-end=\"1823\">Parka de alta visibilidad<\/li>\n<li data-section-id=\"8t2vup\" data-start=\"1824\" data-end=\"1850\">Tejido bicapa guateado<\/li>\n<li data-section-id=\"15b3nti\" data-start=\"1851\" data-end=\"1891\">Costuras termoselladas (impermeable)<\/li>\n<li data-section-id=\"ymrnwq\" data-start=\"1892\" data-end=\"1941\">Cremallera central oculta con tapeta y velcro<\/li>\n<li data-section-id=\"di9m90\" data-start=\"1942\" data-end=\"1967\">Protector de barbilla<\/li>\n<li data-section-id=\"1sagi95\" data-start=\"1968\" data-end=\"1987\">Pu\u00f1os de canal\u00e9<\/li>\n<li data-section-id=\"whw5cr\" data-start=\"1988\" data-end=\"2019\">Capucha oculta en el cuello<\/li>\n<li data-section-id=\"1c2mr2e\" data-start=\"2020\" data-end=\"2082\">Cintas reflectantes segmentadas en torso, hombros y mangas<\/li>\n<li data-section-id=\"6e24u3\" data-start=\"2083\" data-end=\"2126\">Cremallera trasera para personalizaci\u00f3n<\/li>\n<li data-section-id=\"1axorti\" data-start=\"2127\" data-end=\"2154\">4 bolsillos funcionales<\/li>\n<li data-section-id=\"1rotd7v\" data-start=\"2155\" data-end=\"2178\">Gramaje: <strong data-start=\"2166\" data-end=\"2178\">180 g\/m\u00b2<\/strong><\/li>\n<\/ul>\n<hr data-start=\"2180\" data-end=\"2183\" \/>\n<h3 data-section-id=\"h6ukut\" data-start=\"2185\" data-end=\"2204\"><span role=\"text\"><strong data-start=\"2189\" data-end=\"2204\">Composici\u00f3n<\/strong><\/span><\/h3>\n<ul data-start=\"2205\" data-end=\"2226\">\n<li data-section-id=\"1q7nz33\" data-start=\"2205\" data-end=\"2226\"><strong data-start=\"2207\" data-end=\"2226\">100 % poli\u00e9ster<\/strong><\/li>\n<\/ul>\n","protected":false},"excerpt":{"rendered":"<p>Parka de alta visibilidad impermeable con capucha oculta y cintas reflectantes. Ideal para trabajo en exteriores y clima fr\u00edo.<\/p>\n","protected":false},"featured_media":309574,"comment_status":"closed","ping_status":"closed","template":"","meta":{"_et_pb_use_builder":"","_et_pb_old_content":"","_et_gb_content_width":"","_joinchat":[]},"product_brand":[],"product_cat":[300],"product_tag":[165,133],"class_list":{"0":"post-309562","1":"product","2":"type-product","3":"status-publish","4":"has-post-thumbnail","6":"product_cat-ropa-laboral","7":"product_tag-poliester","8":"product_tag-unisex","10":"first","11":"instock","12":"taxable","13":"shipping-taxable","14":"product-type-variable"},"yoast_head":"<!-- This site is optimized with the Yoast SEO plugin v27.4 - https:\/\/yoast.com\/product\/yoast-seo-wordpress\/ -->\n<title>Parka AV - Imprenta Digital Guzm\u00e1n<\/title>\n<meta name=\"description\" content=\"Parka de alta visibilidad impermeable con capucha oculta y cintas reflectantes. Ideal para uniformes laborales y clima fr\u00edo.\" \/>\n<meta name=\"robots\" content=\"index, follow, max-snippet:-1, max-image-preview:large, max-video-preview:-1\" \/>\n<link rel=\"canonical\" href=\"https:\/\/www.imprentadigitalguzman.com\/inicio\/producto\/parka-av\/\" \/>\n<meta property=\"og:locale\" content=\"es_ES\" \/>\n<meta property=\"og:type\" content=\"article\" \/>\n<meta property=\"og:title\" content=\"Parka AV - Imprenta Digital Guzm\u00e1n\" \/>\n<meta property=\"og:description\" content=\"Parka de alta visibilidad impermeable con capucha oculta y cintas reflectantes. Ideal para uniformes laborales y clima fr\u00edo.\" \/>\n<meta property=\"og:url\" content=\"https:\/\/www.imprentadigitalguzman.com\/inicio\/producto\/parka-av\/\" \/>\n<meta property=\"og:site_name\" content=\"Imprenta Digital Guzm\u00e1n\" \/>\n<meta property=\"article:modified_time\" content=\"2026-04-14T08:33:42+00:00\" \/>\n<meta property=\"og:image\" content=\"https:\/\/www.imprentadigitalguzman.com\/wp-content\/uploads\/2026\/04\/Parka-AV.png\" \/>\n\t<meta property=\"og:image:width\" content=\"600\" \/>\n\t<meta property=\"og:image:height\" content=\"600\" \/>\n\t<meta property=\"og:image:type\" content=\"image\/png\" \/>\n<meta name=\"twitter:card\" content=\"summary_large_image\" \/>\n<meta name=\"twitter:label1\" content=\"Tiempo de lectura\" \/>\n\t<meta name=\"twitter:data1\" content=\"2 minutos\" \/>\n<script type=\"application\/ld+json\" class=\"yoast-schema-graph\">{\"@context\":\"https:\\\/\\\/schema.org\",\"@graph\":[{\"@type\":\"WebPage\",\"@id\":\"https:\\\/\\\/www.imprentadigitalguzman.com\\\/inicio\\\/producto\\\/parka-av\\\/\",\"url\":\"https:\\\/\\\/www.imprentadigitalguzman.com\\\/inicio\\\/producto\\\/parka-av\\\/\",\"name\":\"Parka AV - Imprenta Digital Guzm\u00e1n\",\"isPartOf\":{\"@id\":\"https:\\\/\\\/www.imprentadigitalguzman.com\\\/inicio\\\/#website\"},\"primaryImageOfPage\":{\"@id\":\"https:\\\/\\\/www.imprentadigitalguzman.com\\\/inicio\\\/producto\\\/parka-av\\\/#primaryimage\"},\"image\":{\"@id\":\"https:\\\/\\\/www.imprentadigitalguzman.com\\\/inicio\\\/producto\\\/parka-av\\\/#primaryimage\"},\"thumbnailUrl\":\"https:\\\/\\\/www.imprentadigitalguzman.com\\\/wp-content\\\/uploads\\\/2026\\\/04\\\/Parka-AV.png\",\"datePublished\":\"2026-04-10T11:10:38+00:00\",\"dateModified\":\"2026-04-14T08:33:42+00:00\",\"description\":\"Parka de alta visibilidad impermeable con capucha oculta y cintas reflectantes. Ideal para uniformes laborales y clima fr\u00edo.\",\"breadcrumb\":{\"@id\":\"https:\\\/\\\/www.imprentadigitalguzman.com\\\/inicio\\\/producto\\\/parka-av\\\/#breadcrumb\"},\"inLanguage\":\"es\",\"potentialAction\":[{\"@type\":\"ReadAction\",\"target\":[\"https:\\\/\\\/www.imprentadigitalguzman.com\\\/inicio\\\/producto\\\/parka-av\\\/\"]}]},{\"@type\":\"ImageObject\",\"inLanguage\":\"es\",\"@id\":\"https:\\\/\\\/www.imprentadigitalguzman.com\\\/inicio\\\/producto\\\/parka-av\\\/#primaryimage\",\"url\":\"https:\\\/\\\/www.imprentadigitalguzman.com\\\/wp-content\\\/uploads\\\/2026\\\/04\\\/Parka-AV.png\",\"contentUrl\":\"https:\\\/\\\/www.imprentadigitalguzman.com\\\/wp-content\\\/uploads\\\/2026\\\/04\\\/Parka-AV.png\",\"width\":600,\"height\":600,\"caption\":\"parka-AV-ropa-laboral-imprenta-digital-guzman-a-el-mejor-precio-envios-por-toda-espa\u00f1a\"},{\"@type\":\"BreadcrumbList\",\"@id\":\"https:\\\/\\\/www.imprentadigitalguzman.com\\\/inicio\\\/producto\\\/parka-av\\\/#breadcrumb\",\"itemListElement\":[{\"@type\":\"ListItem\",\"position\":1,\"name\":\"Portada\",\"item\":\"https:\\\/\\\/www.imprentadigitalguzman.com\\\/inicio\\\/\"},{\"@type\":\"ListItem\",\"position\":2,\"name\":\"Shop\",\"item\":\"https:\\\/\\\/www.imprentadigitalguzman.com\\\/inicio\\\/shop\\\/\"},{\"@type\":\"ListItem\",\"position\":3,\"name\":\"Parka AV\"}]},{\"@type\":\"WebSite\",\"@id\":\"https:\\\/\\\/www.imprentadigitalguzman.com\\\/inicio\\\/#website\",\"url\":\"https:\\\/\\\/www.imprentadigitalguzman.com\\\/inicio\\\/\",\"name\":\"Imprenta Digital Guzm\u00e1n\",\"description\":\"\",\"potentialAction\":[{\"@type\":\"SearchAction\",\"target\":{\"@type\":\"EntryPoint\",\"urlTemplate\":\"https:\\\/\\\/www.imprentadigitalguzman.com\\\/inicio\\\/?s={search_term_string}\"},\"query-input\":{\"@type\":\"PropertyValueSpecification\",\"valueRequired\":true,\"valueName\":\"search_term_string\"}}],\"inLanguage\":\"es\"}]}<\/script>\n<!-- \/ Yoast SEO plugin. -->","yoast_head_json":{"title":"Parka AV - Imprenta Digital Guzm\u00e1n","description":"Parka de alta visibilidad impermeable con capucha oculta y cintas reflectantes. Ideal para uniformes laborales y clima fr\u00edo.","robots":{"index":"index","follow":"follow","max-snippet":"max-snippet:-1","max-image-preview":"max-image-preview:large","max-video-preview":"max-video-preview:-1"},"canonical":"https:\/\/www.imprentadigitalguzman.com\/inicio\/producto\/parka-av\/","og_locale":"es_ES","og_type":"article","og_title":"Parka AV - Imprenta Digital Guzm\u00e1n","og_description":"Parka de alta visibilidad impermeable con capucha oculta y cintas reflectantes. Ideal para uniformes laborales y clima fr\u00edo.","og_url":"https:\/\/www.imprentadigitalguzman.com\/inicio\/producto\/parka-av\/","og_site_name":"Imprenta Digital Guzm\u00e1n","article_modified_time":"2026-04-14T08:33:42+00:00","og_image":[{"width":600,"height":600,"url":"https:\/\/www.imprentadigitalguzman.com\/wp-content\/uploads\/2026\/04\/Parka-AV.png","type":"image\/png"}],"twitter_card":"summary_large_image","twitter_misc":{"Tiempo de lectura":"2 minutos"},"schema":{"@context":"https:\/\/schema.org","@graph":[{"@type":"WebPage","@id":"https:\/\/www.imprentadigitalguzman.com\/inicio\/producto\/parka-av\/","url":"https:\/\/www.imprentadigitalguzman.com\/inicio\/producto\/parka-av\/","name":"Parka AV - Imprenta Digital Guzm\u00e1n","isPartOf":{"@id":"https:\/\/www.imprentadigitalguzman.com\/inicio\/#website"},"primaryImageOfPage":{"@id":"https:\/\/www.imprentadigitalguzman.com\/inicio\/producto\/parka-av\/#primaryimage"},"image":{"@id":"https:\/\/www.imprentadigitalguzman.com\/inicio\/producto\/parka-av\/#primaryimage"},"thumbnailUrl":"https:\/\/www.imprentadigitalguzman.com\/wp-content\/uploads\/2026\/04\/Parka-AV.png","datePublished":"2026-04-10T11:10:38+00:00","dateModified":"2026-04-14T08:33:42+00:00","description":"Parka de alta visibilidad impermeable con capucha oculta y cintas reflectantes. Ideal para uniformes laborales y clima fr\u00edo.","breadcrumb":{"@id":"https:\/\/www.imprentadigitalguzman.com\/inicio\/producto\/parka-av\/#breadcrumb"},"inLanguage":"es","potentialAction":[{"@type":"ReadAction","target":["https:\/\/www.imprentadigitalguzman.com\/inicio\/producto\/parka-av\/"]}]},{"@type":"ImageObject","inLanguage":"es","@id":"https:\/\/www.imprentadigitalguzman.com\/inicio\/producto\/parka-av\/#primaryimage","url":"https:\/\/www.imprentadigitalguzman.com\/wp-content\/uploads\/2026\/04\/Parka-AV.png","contentUrl":"https:\/\/www.imprentadigitalguzman.com\/wp-content\/uploads\/2026\/04\/Parka-AV.png","width":600,"height":600,"caption":"parka-AV-ropa-laboral-imprenta-digital-guzman-a-el-mejor-precio-envios-por-toda-espa\u00f1a"},{"@type":"BreadcrumbList","@id":"https:\/\/www.imprentadigitalguzman.com\/inicio\/producto\/parka-av\/#breadcrumb","itemListElement":[{"@type":"ListItem","position":1,"name":"Portada","item":"https:\/\/www.imprentadigitalguzman.com\/inicio\/"},{"@type":"ListItem","position":2,"name":"Shop","item":"https:\/\/www.imprentadigitalguzman.com\/inicio\/shop\/"},{"@type":"ListItem","position":3,"name":"Parka AV"}]},{"@type":"WebSite","@id":"https:\/\/www.imprentadigitalguzman.com\/inicio\/#website","url":"https:\/\/www.imprentadigitalguzman.com\/inicio\/","name":"Imprenta Digital Guzm\u00e1n","description":"","potentialAction":[{"@type":"SearchAction","target":{"@type":"EntryPoint","urlTemplate":"https:\/\/www.imprentadigitalguzman.com\/inicio\/?s={search_term_string}"},"query-input":{"@type":"PropertyValueSpecification","valueRequired":true,"valueName":"search_term_string"}}],"inLanguage":"es"}]}},"_links":{"self":[{"href":"https:\/\/www.imprentadigitalguzman.com\/inicio\/wp-json\/wp\/v2\/product\/309562","targetHints":{"allow":["GET"]}}],"collection":[{"href":"https:\/\/www.imprentadigitalguzman.com\/inicio\/wp-json\/wp\/v2\/product"}],"about":[{"href":"https:\/\/www.imprentadigitalguzman.com\/inicio\/wp-json\/wp\/v2\/types\/product"}],"replies":[{"embeddable":true,"href":"https:\/\/www.imprentadigitalguzman.com\/inicio\/wp-json\/wp\/v2\/comments?post=309562"}],"wp:featuredmedia":[{"embeddable":true,"href":"https:\/\/www.imprentadigitalguzman.com\/inicio\/wp-json\/wp\/v2\/media\/309574"}],"wp:attachment":[{"href":"https:\/\/www.imprentadigitalguzman.com\/inicio\/wp-json\/wp\/v2\/media?parent=309562"}],"wp:term":[{"taxonomy":"product_brand","embeddable":true,"href":"https:\/\/www.imprentadigitalguzman.com\/inicio\/wp-json\/wp\/v2\/product_brand?post=309562"},{"taxonomy":"product_cat","embeddable":true,"href":"https:\/\/www.imprentadigitalguzman.com\/inicio\/wp-json\/wp\/v2\/product_cat?post=309562"},{"taxonomy":"product_tag","embeddable":true,"href":"https:\/\/www.imprentadigitalguzman.com\/inicio\/wp-json\/wp\/v2\/product_tag?post=309562"}],"curies":[{"name":"wp","href":"https:\/\/api.w.org\/{rel}","templated":true}]}}