{"id":309525,"date":"2026-04-10T10:48:52","date_gmt":"2026-04-10T10:48:52","guid":{"rendered":"https:\/\/www.imprentadigitalguzman.com\/inicio\/?post_type=product&#038;p=309525"},"modified":"2026-04-14T08:34:16","modified_gmt":"2026-04-14T08:34:16","slug":"chaleco-acolchado","status":"publish","type":"product","link":"https:\/\/www.imprentadigitalguzman.com\/inicio\/producto\/chaleco-acolchado\/","title":{"rendered":"Chaleco acolchado"},"content":{"rendered":"<p data-start=\"320\" data-end=\"585\">El <strong data-start=\"323\" data-end=\"347\">Chaleco Acolchado AV<\/strong> es un <strong data-start=\"354\" data-end=\"385\">chaleco de alta visibilidad<\/strong>, dise\u00f1ado para ofrecer <strong data-start=\"409\" data-end=\"458\">protecci\u00f3n t\u00e9rmica, seguridad y funcionalidad<\/strong> en entornos laborales exigentes. Es ideal para <strong data-start=\"506\" data-end=\"584\">trabajos en exteriores, construcci\u00f3n, log\u00edstica, mantenimiento e industria<\/strong>.<\/p>\n<p data-start=\"587\" data-end=\"830\">Confeccionado en <strong data-start=\"604\" data-end=\"623\">100 % poli\u00e9ster<\/strong>, incorpora un dise\u00f1o acolchado que proporciona abrigo sin limitar la movilidad. Su <strong data-start=\"707\" data-end=\"764\">cierre central con cremallera oculta, tapeta y velcro<\/strong> mejora la protecci\u00f3n frente al viento y aporta mayor durabilidad.<\/p>\n<p data-start=\"832\" data-end=\"1053\">Incluye <strong data-start=\"840\" data-end=\"903\">cintas reflectantes segmentadas y termoselladas en el torso<\/strong>, aumentando la visibilidad en condiciones de poca luz. Adem\u00e1s, cuenta con <strong data-start=\"978\" data-end=\"1002\">cortavientos en sisa<\/strong>, lo que ayuda a conservar la temperatura corporal.<\/p>\n<p data-start=\"1055\" data-end=\"1145\">Destaca por su gran capacidad de almacenamiento gracias a sus <strong data-start=\"1117\" data-end=\"1144\">6 bolsillos funcionales<\/strong>:<\/p>\n<ul data-start=\"1146\" data-end=\"1282\">\n<li data-section-id=\"134xwce\" data-start=\"1146\" data-end=\"1172\">1 bolsillo en el pecho<\/li>\n<li data-section-id=\"1p0nm0p\" data-start=\"1173\" data-end=\"1212\">2 bolsillos inferiores tipo cartera<\/li>\n<li data-section-id=\"yvhny5\" data-start=\"1213\" data-end=\"1247\">2 bolsillos laterales abiertos<\/li>\n<li data-section-id=\"f0th7i\" data-start=\"1248\" data-end=\"1282\">1 bolsillo interior con velcro<\/li>\n<\/ul>\n<p data-start=\"1284\" data-end=\"1424\">El <strong data-start=\"1287\" data-end=\"1324\">interior del cuello en micropolar<\/strong> aporta un extra de confort, mientras que el <strong data-start=\"1369\" data-end=\"1387\">fald\u00f3n trasero<\/strong> mejora la protecci\u00f3n frente al fr\u00edo.<\/p>\n<p data-start=\"1426\" data-end=\"1566\">Es una prenda ideal para <strong data-start=\"1451\" data-end=\"1504\">personalizaci\u00f3n mediante transfer o vinilo textil<\/strong>, siendo perfecta para <strong data-start=\"1527\" data-end=\"1565\">uniformes laborales personalizados<\/strong>.<\/p>\n<p data-start=\"1568\" data-end=\"1667\">Con un <strong data-start=\"1575\" data-end=\"1598\">gramaje de 180 g\/m\u00b2<\/strong>, ofrece un equilibrio perfecto entre abrigo, ligereza y resistencia.<\/p>\n<hr data-start=\"1669\" data-end=\"1672\" \/>\n<h3 data-section-id=\"19cjjbh\" data-start=\"1674\" data-end=\"1706\"><span role=\"text\"><strong data-start=\"1678\" data-end=\"1706\">Caracter\u00edsticas t\u00e9cnicas<\/strong><\/span><\/h3>\n<ul data-start=\"1707\" data-end=\"1983\">\n<li data-section-id=\"16h7gic\" data-start=\"1707\" data-end=\"1748\">Chaleco acolchado de alta visibilidad<\/li>\n<li data-section-id=\"i5mxf3\" data-start=\"1749\" data-end=\"1798\">Cierre con cremallera oculta, tapeta y velcro<\/li>\n<li data-section-id=\"1fd5yrp\" data-start=\"1799\" data-end=\"1850\">Cintas reflectantes segmentadas y termoselladas<\/li>\n<li data-section-id=\"1pelacc\" data-start=\"1851\" data-end=\"1875\">Cortavientos en sisa<\/li>\n<li data-section-id=\"1r99zdg\" data-start=\"1876\" data-end=\"1912\">Interior de cuello en micropolar<\/li>\n<li data-section-id=\"1ozc9na\" data-start=\"1913\" data-end=\"1931\">Fald\u00f3n trasero<\/li>\n<li data-section-id=\"1q0ze8k\" data-start=\"1932\" data-end=\"1959\">6 bolsillos funcionales<\/li>\n<li data-section-id=\"1rotd7v\" data-start=\"1960\" data-end=\"1983\">Gramaje: <strong data-start=\"1971\" data-end=\"1983\">180 g\/m\u00b2<\/strong><\/li>\n<\/ul>\n<hr data-start=\"1985\" data-end=\"1988\" \/>\n<h3 data-section-id=\"h6ukut\" data-start=\"1990\" data-end=\"2009\"><span role=\"text\"><strong data-start=\"1994\" data-end=\"2009\">Composici\u00f3n<\/strong><\/span><\/h3>\n<ul data-start=\"2010\" data-end=\"2031\">\n<li data-section-id=\"1q7nz33\" data-start=\"2010\" data-end=\"2031\"><strong data-start=\"2012\" data-end=\"2031\">100 % poli\u00e9ster<\/strong><\/li>\n<\/ul>\n","protected":false},"excerpt":{"rendered":"<p>Chaleco acolchado de alta visibilidad con m\u00faltiples bolsillos y protecci\u00f3n t\u00e9rmica. Ideal para trabajo en exteriores.<\/p>\n","protected":false},"featured_media":309534,"comment_status":"closed","ping_status":"closed","template":"","meta":{"_et_pb_use_builder":"","_et_pb_old_content":"","_et_gb_content_width":"","_joinchat":[]},"product_brand":[],"product_cat":[300],"product_tag":[276,165,133],"class_list":{"0":"post-309525","1":"product","2":"type-product","3":"status-publish","4":"has-post-thumbnail","6":"product_cat-ropa-laboral","7":"product_tag-acolchado","8":"product_tag-poliester","9":"product_tag-unisex","11":"first","12":"instock","13":"taxable","14":"shipping-taxable","15":"product-type-variable"},"yoast_head":"<!-- This site is optimized with the Yoast SEO plugin v27.4 - https:\/\/yoast.com\/product\/yoast-seo-wordpress\/ -->\n<title>Chaleco acolchado - Imprenta Digital Guzm\u00e1n<\/title>\n<meta name=\"description\" content=\"Chaleco acolchado de alta visibilidad con m\u00faltiples bolsillos y cintas reflectantes. Ideal para uniformes laborales y trabajo en exteriores.\" \/>\n<meta name=\"robots\" content=\"index, follow, max-snippet:-1, max-image-preview:large, max-video-preview:-1\" \/>\n<link rel=\"canonical\" href=\"https:\/\/www.imprentadigitalguzman.com\/inicio\/producto\/chaleco-acolchado\/\" \/>\n<meta property=\"og:locale\" content=\"es_ES\" \/>\n<meta property=\"og:type\" content=\"article\" \/>\n<meta property=\"og:title\" content=\"Chaleco acolchado - Imprenta Digital Guzm\u00e1n\" \/>\n<meta property=\"og:description\" content=\"Chaleco acolchado de alta visibilidad con m\u00faltiples bolsillos y cintas reflectantes. Ideal para uniformes laborales y trabajo en exteriores.\" \/>\n<meta property=\"og:url\" content=\"https:\/\/www.imprentadigitalguzman.com\/inicio\/producto\/chaleco-acolchado\/\" \/>\n<meta property=\"og:site_name\" content=\"Imprenta Digital Guzm\u00e1n\" \/>\n<meta property=\"article:modified_time\" content=\"2026-04-14T08:34:16+00:00\" \/>\n<meta property=\"og:image\" content=\"https:\/\/www.imprentadigitalguzman.com\/wp-content\/uploads\/2026\/04\/chaleco-acorchado-av.png\" \/>\n\t<meta property=\"og:image:width\" content=\"600\" \/>\n\t<meta property=\"og:image:height\" content=\"600\" \/>\n\t<meta property=\"og:image:type\" content=\"image\/png\" \/>\n<meta name=\"twitter:card\" content=\"summary_large_image\" \/>\n<meta name=\"twitter:label1\" content=\"Tiempo de lectura\" \/>\n\t<meta name=\"twitter:data1\" content=\"2 minutos\" \/>\n<script type=\"application\/ld+json\" class=\"yoast-schema-graph\">{\"@context\":\"https:\\\/\\\/schema.org\",\"@graph\":[{\"@type\":\"WebPage\",\"@id\":\"https:\\\/\\\/www.imprentadigitalguzman.com\\\/inicio\\\/producto\\\/chaleco-acolchado\\\/\",\"url\":\"https:\\\/\\\/www.imprentadigitalguzman.com\\\/inicio\\\/producto\\\/chaleco-acolchado\\\/\",\"name\":\"Chaleco acolchado - Imprenta Digital Guzm\u00e1n\",\"isPartOf\":{\"@id\":\"https:\\\/\\\/www.imprentadigitalguzman.com\\\/inicio\\\/#website\"},\"primaryImageOfPage\":{\"@id\":\"https:\\\/\\\/www.imprentadigitalguzman.com\\\/inicio\\\/producto\\\/chaleco-acolchado\\\/#primaryimage\"},\"image\":{\"@id\":\"https:\\\/\\\/www.imprentadigitalguzman.com\\\/inicio\\\/producto\\\/chaleco-acolchado\\\/#primaryimage\"},\"thumbnailUrl\":\"https:\\\/\\\/www.imprentadigitalguzman.com\\\/wp-content\\\/uploads\\\/2026\\\/04\\\/chaleco-acorchado-av.png\",\"datePublished\":\"2026-04-10T10:48:52+00:00\",\"dateModified\":\"2026-04-14T08:34:16+00:00\",\"description\":\"Chaleco acolchado de alta visibilidad con m\u00faltiples bolsillos y cintas reflectantes. Ideal para uniformes laborales y trabajo en exteriores.\",\"breadcrumb\":{\"@id\":\"https:\\\/\\\/www.imprentadigitalguzman.com\\\/inicio\\\/producto\\\/chaleco-acolchado\\\/#breadcrumb\"},\"inLanguage\":\"es\",\"potentialAction\":[{\"@type\":\"ReadAction\",\"target\":[\"https:\\\/\\\/www.imprentadigitalguzman.com\\\/inicio\\\/producto\\\/chaleco-acolchado\\\/\"]}]},{\"@type\":\"ImageObject\",\"inLanguage\":\"es\",\"@id\":\"https:\\\/\\\/www.imprentadigitalguzman.com\\\/inicio\\\/producto\\\/chaleco-acolchado\\\/#primaryimage\",\"url\":\"https:\\\/\\\/www.imprentadigitalguzman.com\\\/wp-content\\\/uploads\\\/2026\\\/04\\\/chaleco-acorchado-av.png\",\"contentUrl\":\"https:\\\/\\\/www.imprentadigitalguzman.com\\\/wp-content\\\/uploads\\\/2026\\\/04\\\/chaleco-acorchado-av.png\",\"width\":600,\"height\":600,\"caption\":\"chaleco-acolchado-AV-ropa-laboral-en-imprenta-digital-guzman-a-el-mejor-precio\"},{\"@type\":\"BreadcrumbList\",\"@id\":\"https:\\\/\\\/www.imprentadigitalguzman.com\\\/inicio\\\/producto\\\/chaleco-acolchado\\\/#breadcrumb\",\"itemListElement\":[{\"@type\":\"ListItem\",\"position\":1,\"name\":\"Portada\",\"item\":\"https:\\\/\\\/www.imprentadigitalguzman.com\\\/inicio\\\/\"},{\"@type\":\"ListItem\",\"position\":2,\"name\":\"Shop\",\"item\":\"https:\\\/\\\/www.imprentadigitalguzman.com\\\/inicio\\\/shop\\\/\"},{\"@type\":\"ListItem\",\"position\":3,\"name\":\"Chaleco acolchado\"}]},{\"@type\":\"WebSite\",\"@id\":\"https:\\\/\\\/www.imprentadigitalguzman.com\\\/inicio\\\/#website\",\"url\":\"https:\\\/\\\/www.imprentadigitalguzman.com\\\/inicio\\\/\",\"name\":\"Imprenta Digital Guzm\u00e1n\",\"description\":\"\",\"potentialAction\":[{\"@type\":\"SearchAction\",\"target\":{\"@type\":\"EntryPoint\",\"urlTemplate\":\"https:\\\/\\\/www.imprentadigitalguzman.com\\\/inicio\\\/?s={search_term_string}\"},\"query-input\":{\"@type\":\"PropertyValueSpecification\",\"valueRequired\":true,\"valueName\":\"search_term_string\"}}],\"inLanguage\":\"es\"}]}<\/script>\n<!-- \/ Yoast SEO plugin. -->","yoast_head_json":{"title":"Chaleco acolchado - Imprenta Digital Guzm\u00e1n","description":"Chaleco acolchado de alta visibilidad con m\u00faltiples bolsillos y cintas reflectantes. Ideal para uniformes laborales y trabajo en exteriores.","robots":{"index":"index","follow":"follow","max-snippet":"max-snippet:-1","max-image-preview":"max-image-preview:large","max-video-preview":"max-video-preview:-1"},"canonical":"https:\/\/www.imprentadigitalguzman.com\/inicio\/producto\/chaleco-acolchado\/","og_locale":"es_ES","og_type":"article","og_title":"Chaleco acolchado - Imprenta Digital Guzm\u00e1n","og_description":"Chaleco acolchado de alta visibilidad con m\u00faltiples bolsillos y cintas reflectantes. Ideal para uniformes laborales y trabajo en exteriores.","og_url":"https:\/\/www.imprentadigitalguzman.com\/inicio\/producto\/chaleco-acolchado\/","og_site_name":"Imprenta Digital Guzm\u00e1n","article_modified_time":"2026-04-14T08:34:16+00:00","og_image":[{"width":600,"height":600,"url":"https:\/\/www.imprentadigitalguzman.com\/wp-content\/uploads\/2026\/04\/chaleco-acorchado-av.png","type":"image\/png"}],"twitter_card":"summary_large_image","twitter_misc":{"Tiempo de lectura":"2 minutos"},"schema":{"@context":"https:\/\/schema.org","@graph":[{"@type":"WebPage","@id":"https:\/\/www.imprentadigitalguzman.com\/inicio\/producto\/chaleco-acolchado\/","url":"https:\/\/www.imprentadigitalguzman.com\/inicio\/producto\/chaleco-acolchado\/","name":"Chaleco acolchado - Imprenta Digital Guzm\u00e1n","isPartOf":{"@id":"https:\/\/www.imprentadigitalguzman.com\/inicio\/#website"},"primaryImageOfPage":{"@id":"https:\/\/www.imprentadigitalguzman.com\/inicio\/producto\/chaleco-acolchado\/#primaryimage"},"image":{"@id":"https:\/\/www.imprentadigitalguzman.com\/inicio\/producto\/chaleco-acolchado\/#primaryimage"},"thumbnailUrl":"https:\/\/www.imprentadigitalguzman.com\/wp-content\/uploads\/2026\/04\/chaleco-acorchado-av.png","datePublished":"2026-04-10T10:48:52+00:00","dateModified":"2026-04-14T08:34:16+00:00","description":"Chaleco acolchado de alta visibilidad con m\u00faltiples bolsillos y cintas reflectantes. Ideal para uniformes laborales y trabajo en exteriores.","breadcrumb":{"@id":"https:\/\/www.imprentadigitalguzman.com\/inicio\/producto\/chaleco-acolchado\/#breadcrumb"},"inLanguage":"es","potentialAction":[{"@type":"ReadAction","target":["https:\/\/www.imprentadigitalguzman.com\/inicio\/producto\/chaleco-acolchado\/"]}]},{"@type":"ImageObject","inLanguage":"es","@id":"https:\/\/www.imprentadigitalguzman.com\/inicio\/producto\/chaleco-acolchado\/#primaryimage","url":"https:\/\/www.imprentadigitalguzman.com\/wp-content\/uploads\/2026\/04\/chaleco-acorchado-av.png","contentUrl":"https:\/\/www.imprentadigitalguzman.com\/wp-content\/uploads\/2026\/04\/chaleco-acorchado-av.png","width":600,"height":600,"caption":"chaleco-acolchado-AV-ropa-laboral-en-imprenta-digital-guzman-a-el-mejor-precio"},{"@type":"BreadcrumbList","@id":"https:\/\/www.imprentadigitalguzman.com\/inicio\/producto\/chaleco-acolchado\/#breadcrumb","itemListElement":[{"@type":"ListItem","position":1,"name":"Portada","item":"https:\/\/www.imprentadigitalguzman.com\/inicio\/"},{"@type":"ListItem","position":2,"name":"Shop","item":"https:\/\/www.imprentadigitalguzman.com\/inicio\/shop\/"},{"@type":"ListItem","position":3,"name":"Chaleco acolchado"}]},{"@type":"WebSite","@id":"https:\/\/www.imprentadigitalguzman.com\/inicio\/#website","url":"https:\/\/www.imprentadigitalguzman.com\/inicio\/","name":"Imprenta Digital Guzm\u00e1n","description":"","potentialAction":[{"@type":"SearchAction","target":{"@type":"EntryPoint","urlTemplate":"https:\/\/www.imprentadigitalguzman.com\/inicio\/?s={search_term_string}"},"query-input":{"@type":"PropertyValueSpecification","valueRequired":true,"valueName":"search_term_string"}}],"inLanguage":"es"}]}},"_links":{"self":[{"href":"https:\/\/www.imprentadigitalguzman.com\/inicio\/wp-json\/wp\/v2\/product\/309525","targetHints":{"allow":["GET"]}}],"collection":[{"href":"https:\/\/www.imprentadigitalguzman.com\/inicio\/wp-json\/wp\/v2\/product"}],"about":[{"href":"https:\/\/www.imprentadigitalguzman.com\/inicio\/wp-json\/wp\/v2\/types\/product"}],"replies":[{"embeddable":true,"href":"https:\/\/www.imprentadigitalguzman.com\/inicio\/wp-json\/wp\/v2\/comments?post=309525"}],"wp:featuredmedia":[{"embeddable":true,"href":"https:\/\/www.imprentadigitalguzman.com\/inicio\/wp-json\/wp\/v2\/media\/309534"}],"wp:attachment":[{"href":"https:\/\/www.imprentadigitalguzman.com\/inicio\/wp-json\/wp\/v2\/media?parent=309525"}],"wp:term":[{"taxonomy":"product_brand","embeddable":true,"href":"https:\/\/www.imprentadigitalguzman.com\/inicio\/wp-json\/wp\/v2\/product_brand?post=309525"},{"taxonomy":"product_cat","embeddable":true,"href":"https:\/\/www.imprentadigitalguzman.com\/inicio\/wp-json\/wp\/v2\/product_cat?post=309525"},{"taxonomy":"product_tag","embeddable":true,"href":"https:\/\/www.imprentadigitalguzman.com\/inicio\/wp-json\/wp\/v2\/product_tag?post=309525"}],"curies":[{"name":"wp","href":"https:\/\/api.w.org\/{rel}","templated":true}]}}