{"id":309500,"date":"2026-04-10T10:29:51","date_gmt":"2026-04-10T10:29:51","guid":{"rendered":"https:\/\/www.imprentadigitalguzman.com\/inicio\/?post_type=product&#038;p=309500"},"modified":"2026-04-14T08:34:36","modified_gmt":"2026-04-14T08:34:36","slug":"chaleco-av","status":"publish","type":"product","link":"https:\/\/www.imprentadigitalguzman.com\/inicio\/producto\/chaleco-av\/","title":{"rendered":"Chaleco AV"},"content":{"rendered":"<p data-start=\"316\" data-end=\"490\">El <strong data-start=\"319\" data-end=\"333\">Chaleco AV<\/strong> es un <strong data-start=\"340\" data-end=\"378\">chaleco de alta visibilidad b\u00e1sico<\/strong>, dise\u00f1ado para ofrecer <strong data-start=\"402\" data-end=\"444\">seguridad, ligereza y facilidad de uso<\/strong> en todo tipo de entornos laborales o eventos.<\/p>\n<p data-start=\"492\" data-end=\"725\">Fabricado en <strong data-start=\"505\" data-end=\"524\">100 % poli\u00e9ster<\/strong>, es una prenda ligera y c\u00f3moda, perfecta para llevar sobre cualquier ropa sin limitar el movimiento. Su dise\u00f1o sencillo con <strong data-start=\"649\" data-end=\"683\">cierre central mediante velcro<\/strong> permite una colocaci\u00f3n r\u00e1pida y pr\u00e1ctica.<\/p>\n<p data-start=\"727\" data-end=\"947\">Incorpora <strong data-start=\"737\" data-end=\"776\">dos cintas reflectantes en el torso<\/strong>, que mejoran la visibilidad del usuario en condiciones de baja iluminaci\u00f3n, siendo ideal para <strong data-start=\"871\" data-end=\"946\">trabajos en exteriores, se\u00f1alizaci\u00f3n, eventos, log\u00edstica o construcci\u00f3n<\/strong>.<\/p>\n<p data-start=\"949\" data-end=\"1118\">Gracias a su estructura ligera, es una opci\u00f3n perfecta para <strong data-start=\"1009\" data-end=\"1031\">grandes cantidades<\/strong>, muy utilizada en <strong data-start=\"1050\" data-end=\"1117\">eventos, ferias, equipos de trabajo, voluntariado y promociones<\/strong>.<\/p>\n<p data-start=\"1120\" data-end=\"1278\">Es ideal para <strong data-start=\"1134\" data-end=\"1189\">personalizaci\u00f3n mediante serigraf\u00eda o vinilo textil<\/strong>, lo que lo convierte en una excelente herramienta de visibilidad para marcas y empresas.<\/p>\n<p data-start=\"1280\" data-end=\"1399\">Con un <strong data-start=\"1287\" data-end=\"1310\">gramaje de 125 g\/m\u00b2<\/strong>, ofrece una soluci\u00f3n econ\u00f3mica, funcional y eficaz para necesidades de alta visibilidad.<\/p>\n<hr data-start=\"1401\" data-end=\"1404\" \/>\n<h3 data-section-id=\"19cjjbh\" data-start=\"1406\" data-end=\"1438\"><span role=\"text\"><strong data-start=\"1410\" data-end=\"1438\">Caracter\u00edsticas t\u00e9cnicas<\/strong><\/span><\/h3>\n<ul data-start=\"1439\" data-end=\"1608\">\n<li data-section-id=\"qln62c\" data-start=\"1439\" data-end=\"1470\">Chaleco de alta visibilidad<\/li>\n<li data-section-id=\"bg8g6a\" data-start=\"1471\" data-end=\"1500\">Cierre central con velcro<\/li>\n<li data-section-id=\"1y5jd9j\" data-start=\"1501\" data-end=\"1540\">Dos cintas reflectantes en el torso<\/li>\n<li data-section-id=\"1xcw9ae\" data-start=\"1541\" data-end=\"1557\">Vivos a tono<\/li>\n<li data-section-id=\"1pmebdq\" data-start=\"1558\" data-end=\"1584\">Ligero y f\u00e1cil de usar<\/li>\n<li data-section-id=\"pj7szo\" data-start=\"1585\" data-end=\"1608\">Gramaje: <strong data-start=\"1596\" data-end=\"1608\">125 g\/m\u00b2<\/strong><\/li>\n<\/ul>\n<hr data-start=\"1610\" data-end=\"1613\" \/>\n<h3 data-section-id=\"h6ukut\" data-start=\"1615\" data-end=\"1634\"><span role=\"text\"><strong data-start=\"1619\" data-end=\"1634\">Composici\u00f3n<\/strong><\/span><\/h3>\n<ul data-start=\"1635\" data-end=\"1656\">\n<li data-section-id=\"1q7nz33\" data-start=\"1635\" data-end=\"1656\"><strong data-start=\"1637\" data-end=\"1656\">100 % poli\u00e9ster<\/strong><\/li>\n<\/ul>\n","protected":false},"excerpt":{"rendered":"<p>Chaleco b\u00e1sico de alta visibilidad con cierre de velcro. Ligero, econ\u00f3mico e ideal para trabajo, eventos y promociones.<\/p>\n","protected":false},"featured_media":309509,"comment_status":"closed","ping_status":"closed","template":"","meta":{"_et_pb_use_builder":"","_et_pb_old_content":"","_et_gb_content_width":"","_joinchat":[]},"product_brand":[],"product_cat":[300],"product_tag":[277,165,133],"class_list":{"0":"post-309500","1":"product","2":"type-product","3":"status-publish","4":"has-post-thumbnail","6":"product_cat-ropa-laboral","7":"product_tag-gramaje","8":"product_tag-poliester","9":"product_tag-unisex","11":"first","12":"instock","13":"taxable","14":"shipping-taxable","15":"product-type-variable"},"yoast_head":"<!-- This site is optimized with the Yoast SEO plugin v27.4 - https:\/\/yoast.com\/product\/yoast-seo-wordpress\/ -->\n<title>Chaleco AV - Imprenta Digital Guzm\u00e1n<\/title>\n<meta name=\"description\" content=\"Chaleco de alta visibilidad b\u00e1sico con cintas reflectantes. Ligero, econ\u00f3mico e ideal para trabajo, eventos y personalizaci\u00f3n.\" \/>\n<meta name=\"robots\" content=\"index, follow, max-snippet:-1, max-image-preview:large, max-video-preview:-1\" \/>\n<link rel=\"canonical\" href=\"https:\/\/www.imprentadigitalguzman.com\/inicio\/producto\/chaleco-av\/\" \/>\n<meta property=\"og:locale\" content=\"es_ES\" \/>\n<meta property=\"og:type\" content=\"article\" \/>\n<meta property=\"og:title\" content=\"Chaleco AV - Imprenta Digital Guzm\u00e1n\" \/>\n<meta property=\"og:description\" content=\"Chaleco de alta visibilidad b\u00e1sico con cintas reflectantes. Ligero, econ\u00f3mico e ideal para trabajo, eventos y personalizaci\u00f3n.\" \/>\n<meta property=\"og:url\" content=\"https:\/\/www.imprentadigitalguzman.com\/inicio\/producto\/chaleco-av\/\" \/>\n<meta property=\"og:site_name\" content=\"Imprenta Digital Guzm\u00e1n\" \/>\n<meta property=\"article:modified_time\" content=\"2026-04-14T08:34:36+00:00\" \/>\n<meta property=\"og:image\" content=\"https:\/\/www.imprentadigitalguzman.com\/wp-content\/uploads\/2026\/04\/chaleco-av.png\" \/>\n\t<meta property=\"og:image:width\" content=\"600\" \/>\n\t<meta property=\"og:image:height\" content=\"600\" \/>\n\t<meta property=\"og:image:type\" content=\"image\/png\" \/>\n<meta name=\"twitter:card\" content=\"summary_large_image\" \/>\n<meta name=\"twitter:label1\" content=\"Tiempo de lectura\" \/>\n\t<meta name=\"twitter:data1\" content=\"2 minutos\" \/>\n<script type=\"application\/ld+json\" class=\"yoast-schema-graph\">{\"@context\":\"https:\\\/\\\/schema.org\",\"@graph\":[{\"@type\":\"WebPage\",\"@id\":\"https:\\\/\\\/www.imprentadigitalguzman.com\\\/inicio\\\/producto\\\/chaleco-av\\\/\",\"url\":\"https:\\\/\\\/www.imprentadigitalguzman.com\\\/inicio\\\/producto\\\/chaleco-av\\\/\",\"name\":\"Chaleco AV - Imprenta Digital Guzm\u00e1n\",\"isPartOf\":{\"@id\":\"https:\\\/\\\/www.imprentadigitalguzman.com\\\/inicio\\\/#website\"},\"primaryImageOfPage\":{\"@id\":\"https:\\\/\\\/www.imprentadigitalguzman.com\\\/inicio\\\/producto\\\/chaleco-av\\\/#primaryimage\"},\"image\":{\"@id\":\"https:\\\/\\\/www.imprentadigitalguzman.com\\\/inicio\\\/producto\\\/chaleco-av\\\/#primaryimage\"},\"thumbnailUrl\":\"https:\\\/\\\/www.imprentadigitalguzman.com\\\/wp-content\\\/uploads\\\/2026\\\/04\\\/chaleco-av.png\",\"datePublished\":\"2026-04-10T10:29:51+00:00\",\"dateModified\":\"2026-04-14T08:34:36+00:00\",\"description\":\"Chaleco de alta visibilidad b\u00e1sico con cintas reflectantes. Ligero, econ\u00f3mico e ideal para trabajo, eventos y personalizaci\u00f3n.\",\"breadcrumb\":{\"@id\":\"https:\\\/\\\/www.imprentadigitalguzman.com\\\/inicio\\\/producto\\\/chaleco-av\\\/#breadcrumb\"},\"inLanguage\":\"es\",\"potentialAction\":[{\"@type\":\"ReadAction\",\"target\":[\"https:\\\/\\\/www.imprentadigitalguzman.com\\\/inicio\\\/producto\\\/chaleco-av\\\/\"]}]},{\"@type\":\"ImageObject\",\"inLanguage\":\"es\",\"@id\":\"https:\\\/\\\/www.imprentadigitalguzman.com\\\/inicio\\\/producto\\\/chaleco-av\\\/#primaryimage\",\"url\":\"https:\\\/\\\/www.imprentadigitalguzman.com\\\/wp-content\\\/uploads\\\/2026\\\/04\\\/chaleco-av.png\",\"contentUrl\":\"https:\\\/\\\/www.imprentadigitalguzman.com\\\/wp-content\\\/uploads\\\/2026\\\/04\\\/chaleco-av.png\",\"width\":600,\"height\":600,\"caption\":\"chaleco-AV-ropa-laboral-en-imprenta-digital-guzman-a-el-mejor-precio\"},{\"@type\":\"BreadcrumbList\",\"@id\":\"https:\\\/\\\/www.imprentadigitalguzman.com\\\/inicio\\\/producto\\\/chaleco-av\\\/#breadcrumb\",\"itemListElement\":[{\"@type\":\"ListItem\",\"position\":1,\"name\":\"Portada\",\"item\":\"https:\\\/\\\/www.imprentadigitalguzman.com\\\/inicio\\\/\"},{\"@type\":\"ListItem\",\"position\":2,\"name\":\"Shop\",\"item\":\"https:\\\/\\\/www.imprentadigitalguzman.com\\\/inicio\\\/shop\\\/\"},{\"@type\":\"ListItem\",\"position\":3,\"name\":\"Chaleco AV\"}]},{\"@type\":\"WebSite\",\"@id\":\"https:\\\/\\\/www.imprentadigitalguzman.com\\\/inicio\\\/#website\",\"url\":\"https:\\\/\\\/www.imprentadigitalguzman.com\\\/inicio\\\/\",\"name\":\"Imprenta Digital Guzm\u00e1n\",\"description\":\"\",\"potentialAction\":[{\"@type\":\"SearchAction\",\"target\":{\"@type\":\"EntryPoint\",\"urlTemplate\":\"https:\\\/\\\/www.imprentadigitalguzman.com\\\/inicio\\\/?s={search_term_string}\"},\"query-input\":{\"@type\":\"PropertyValueSpecification\",\"valueRequired\":true,\"valueName\":\"search_term_string\"}}],\"inLanguage\":\"es\"}]}<\/script>\n<!-- \/ Yoast SEO plugin. -->","yoast_head_json":{"title":"Chaleco AV - Imprenta Digital Guzm\u00e1n","description":"Chaleco de alta visibilidad b\u00e1sico con cintas reflectantes. Ligero, econ\u00f3mico e ideal para trabajo, eventos y personalizaci\u00f3n.","robots":{"index":"index","follow":"follow","max-snippet":"max-snippet:-1","max-image-preview":"max-image-preview:large","max-video-preview":"max-video-preview:-1"},"canonical":"https:\/\/www.imprentadigitalguzman.com\/inicio\/producto\/chaleco-av\/","og_locale":"es_ES","og_type":"article","og_title":"Chaleco AV - Imprenta Digital Guzm\u00e1n","og_description":"Chaleco de alta visibilidad b\u00e1sico con cintas reflectantes. Ligero, econ\u00f3mico e ideal para trabajo, eventos y personalizaci\u00f3n.","og_url":"https:\/\/www.imprentadigitalguzman.com\/inicio\/producto\/chaleco-av\/","og_site_name":"Imprenta Digital Guzm\u00e1n","article_modified_time":"2026-04-14T08:34:36+00:00","og_image":[{"width":600,"height":600,"url":"https:\/\/www.imprentadigitalguzman.com\/wp-content\/uploads\/2026\/04\/chaleco-av.png","type":"image\/png"}],"twitter_card":"summary_large_image","twitter_misc":{"Tiempo de lectura":"2 minutos"},"schema":{"@context":"https:\/\/schema.org","@graph":[{"@type":"WebPage","@id":"https:\/\/www.imprentadigitalguzman.com\/inicio\/producto\/chaleco-av\/","url":"https:\/\/www.imprentadigitalguzman.com\/inicio\/producto\/chaleco-av\/","name":"Chaleco AV - Imprenta Digital Guzm\u00e1n","isPartOf":{"@id":"https:\/\/www.imprentadigitalguzman.com\/inicio\/#website"},"primaryImageOfPage":{"@id":"https:\/\/www.imprentadigitalguzman.com\/inicio\/producto\/chaleco-av\/#primaryimage"},"image":{"@id":"https:\/\/www.imprentadigitalguzman.com\/inicio\/producto\/chaleco-av\/#primaryimage"},"thumbnailUrl":"https:\/\/www.imprentadigitalguzman.com\/wp-content\/uploads\/2026\/04\/chaleco-av.png","datePublished":"2026-04-10T10:29:51+00:00","dateModified":"2026-04-14T08:34:36+00:00","description":"Chaleco de alta visibilidad b\u00e1sico con cintas reflectantes. Ligero, econ\u00f3mico e ideal para trabajo, eventos y personalizaci\u00f3n.","breadcrumb":{"@id":"https:\/\/www.imprentadigitalguzman.com\/inicio\/producto\/chaleco-av\/#breadcrumb"},"inLanguage":"es","potentialAction":[{"@type":"ReadAction","target":["https:\/\/www.imprentadigitalguzman.com\/inicio\/producto\/chaleco-av\/"]}]},{"@type":"ImageObject","inLanguage":"es","@id":"https:\/\/www.imprentadigitalguzman.com\/inicio\/producto\/chaleco-av\/#primaryimage","url":"https:\/\/www.imprentadigitalguzman.com\/wp-content\/uploads\/2026\/04\/chaleco-av.png","contentUrl":"https:\/\/www.imprentadigitalguzman.com\/wp-content\/uploads\/2026\/04\/chaleco-av.png","width":600,"height":600,"caption":"chaleco-AV-ropa-laboral-en-imprenta-digital-guzman-a-el-mejor-precio"},{"@type":"BreadcrumbList","@id":"https:\/\/www.imprentadigitalguzman.com\/inicio\/producto\/chaleco-av\/#breadcrumb","itemListElement":[{"@type":"ListItem","position":1,"name":"Portada","item":"https:\/\/www.imprentadigitalguzman.com\/inicio\/"},{"@type":"ListItem","position":2,"name":"Shop","item":"https:\/\/www.imprentadigitalguzman.com\/inicio\/shop\/"},{"@type":"ListItem","position":3,"name":"Chaleco AV"}]},{"@type":"WebSite","@id":"https:\/\/www.imprentadigitalguzman.com\/inicio\/#website","url":"https:\/\/www.imprentadigitalguzman.com\/inicio\/","name":"Imprenta Digital Guzm\u00e1n","description":"","potentialAction":[{"@type":"SearchAction","target":{"@type":"EntryPoint","urlTemplate":"https:\/\/www.imprentadigitalguzman.com\/inicio\/?s={search_term_string}"},"query-input":{"@type":"PropertyValueSpecification","valueRequired":true,"valueName":"search_term_string"}}],"inLanguage":"es"}]}},"_links":{"self":[{"href":"https:\/\/www.imprentadigitalguzman.com\/inicio\/wp-json\/wp\/v2\/product\/309500","targetHints":{"allow":["GET"]}}],"collection":[{"href":"https:\/\/www.imprentadigitalguzman.com\/inicio\/wp-json\/wp\/v2\/product"}],"about":[{"href":"https:\/\/www.imprentadigitalguzman.com\/inicio\/wp-json\/wp\/v2\/types\/product"}],"replies":[{"embeddable":true,"href":"https:\/\/www.imprentadigitalguzman.com\/inicio\/wp-json\/wp\/v2\/comments?post=309500"}],"wp:featuredmedia":[{"embeddable":true,"href":"https:\/\/www.imprentadigitalguzman.com\/inicio\/wp-json\/wp\/v2\/media\/309509"}],"wp:attachment":[{"href":"https:\/\/www.imprentadigitalguzman.com\/inicio\/wp-json\/wp\/v2\/media?parent=309500"}],"wp:term":[{"taxonomy":"product_brand","embeddable":true,"href":"https:\/\/www.imprentadigitalguzman.com\/inicio\/wp-json\/wp\/v2\/product_brand?post=309500"},{"taxonomy":"product_cat","embeddable":true,"href":"https:\/\/www.imprentadigitalguzman.com\/inicio\/wp-json\/wp\/v2\/product_cat?post=309500"},{"taxonomy":"product_tag","embeddable":true,"href":"https:\/\/www.imprentadigitalguzman.com\/inicio\/wp-json\/wp\/v2\/product_tag?post=309500"}],"curies":[{"name":"wp","href":"https:\/\/api.w.org\/{rel}","templated":true}]}}