{"id":309473,"date":"2026-04-10T11:34:04","date_gmt":"2026-04-10T11:34:04","guid":{"rendered":"https:\/\/www.imprentadigitalguzman.com\/inicio\/?post_type=product&#038;p=309473"},"modified":"2026-04-14T08:33:12","modified_gmt":"2026-04-14T08:33:12","slug":"sudadera-media-cremallera-av","status":"publish","type":"product","link":"https:\/\/www.imprentadigitalguzman.com\/inicio\/producto\/sudadera-media-cremallera-av\/","title":{"rendered":"Sudadera media cremallera AV"},"content":{"rendered":"<p data-start=\"338\" data-end=\"550\">La <strong data-start=\"341\" data-end=\"373\">Sudadera Media Cremallera AV<\/strong> es una <strong data-start=\"381\" data-end=\"434\">sudadera de alta visibilidad con media cremallera<\/strong>, dise\u00f1ada para ofrecer <strong data-start=\"458\" data-end=\"491\">abrigo, comodidad y seguridad<\/strong> en entornos laborales donde la visibilidad es fundamental.<\/p>\n<p data-start=\"552\" data-end=\"756\">Fabricada en <strong data-start=\"565\" data-end=\"604\">100 % poli\u00e9ster con tejido afelpado<\/strong>, proporciona una excelente <strong data-start=\"632\" data-end=\"654\">protecci\u00f3n t\u00e9rmica<\/strong> y una sensaci\u00f3n suave en el interior, ideal para jornadas de trabajo en exteriores o ambientes fr\u00edos.<\/p>\n<p data-start=\"758\" data-end=\"996\">Su dise\u00f1o incorpora <strong data-start=\"778\" data-end=\"814\">cuello alto con media cremallera<\/strong>, facilitando la ventilaci\u00f3n y adaptaci\u00f3n a diferentes condiciones. Adem\u00e1s, cuenta con <strong data-start=\"901\" data-end=\"933\">pu\u00f1os y cinturilla de canal\u00e9<\/strong>, garantizando un ajuste c\u00f3modo y evitando la p\u00e9rdida de calor.<\/p>\n<p data-start=\"998\" data-end=\"1215\">Incluye <strong data-start=\"1006\" data-end=\"1079\">dos cintas reflectantes segmentadas y termoselladas en torso y mangas<\/strong>, lo que mejora significativamente la visibilidad del usuario en condiciones de baja iluminaci\u00f3n, aumentando la seguridad en el trabajo.<\/p>\n<p data-start=\"1217\" data-end=\"1395\">Es una prenda perfecta para <strong data-start=\"1245\" data-end=\"1298\">personalizaci\u00f3n mediante transfer o vinilo textil<\/strong>, siendo muy utilizada en <strong data-start=\"1324\" data-end=\"1394\">uniformes laborales, empresas, log\u00edstica, industria y construcci\u00f3n<\/strong>.<\/p>\n<p data-start=\"1397\" data-end=\"1489\">Con un <strong data-start=\"1404\" data-end=\"1427\">gramaje de 300 g\/m\u00b2<\/strong>, ofrece un alto nivel de abrigo sin comprometer la comodidad.<\/p>\n<hr data-start=\"1491\" data-end=\"1494\" \/>\n<h3 data-section-id=\"19cjjbh\" data-start=\"1496\" data-end=\"1528\"><span role=\"text\"><strong data-start=\"1500\" data-end=\"1528\">Caracter\u00edsticas t\u00e9cnicas<\/strong><\/span><\/h3>\n<ul data-start=\"1529\" data-end=\"1724\">\n<li data-section-id=\"re48ve\" data-start=\"1529\" data-end=\"1565\">Media cremallera con cuello alto<\/li>\n<li data-section-id=\"n1herz\" data-start=\"1566\" data-end=\"1598\">Pu\u00f1os y cinturilla de canal\u00e9<\/li>\n<li data-section-id=\"1fd5yrp\" data-start=\"1599\" data-end=\"1650\">Cintas reflectantes segmentadas y termoselladas<\/li>\n<li data-section-id=\"1az4cph\" data-start=\"1651\" data-end=\"1679\">Tejido interior afelpado<\/li>\n<li data-section-id=\"13w807u\" data-start=\"1680\" data-end=\"1700\">Alta visibilidad<\/li>\n<li data-section-id=\"i993dt\" data-start=\"1701\" data-end=\"1724\">Gramaje: <strong data-start=\"1712\" data-end=\"1724\">300 g\/m\u00b2<\/strong><\/li>\n<\/ul>\n<hr data-start=\"1726\" data-end=\"1729\" \/>\n<h3 data-section-id=\"h6ukut\" data-start=\"1731\" data-end=\"1750\"><span role=\"text\"><strong data-start=\"1735\" data-end=\"1750\">Composici\u00f3n<\/strong><\/span><\/h3>\n<ul data-start=\"1751\" data-end=\"1772\">\n<li data-section-id=\"1q7nz33\" data-start=\"1751\" data-end=\"1772\"><strong data-start=\"1753\" data-end=\"1772\">100 % poli\u00e9ster<\/strong><\/li>\n<\/ul>\n","protected":false},"excerpt":{"rendered":"<p>Sudadera de alta visibilidad con media cremallera y tejido afelpado. Ideal para trabajo en exteriores y uniformes laborales.<\/p>\n","protected":false},"featured_media":309474,"comment_status":"closed","ping_status":"closed","template":"","meta":{"_et_pb_use_builder":"","_et_pb_old_content":"","_et_gb_content_width":"","_joinchat":[]},"product_brand":[],"product_cat":[300],"product_tag":[172,149],"class_list":{"0":"post-309473","1":"product","2":"type-product","3":"status-publish","4":"has-post-thumbnail","6":"product_cat-ropa-laboral","7":"product_tag-cremalleras","8":"product_tag-sudadera","10":"first","11":"instock","12":"taxable","13":"shipping-taxable","14":"product-type-variable"},"yoast_head":"<!-- This site is optimized with the Yoast SEO plugin v27.4 - https:\/\/yoast.com\/product\/yoast-seo-wordpress\/ -->\n<title>Sudadera media cremallera AV - Imprenta Digital Guzm\u00e1n<\/title>\n<meta name=\"description\" content=\"Sudadera de alta visibilidad con media cremallera y cintas reflectantes. Ideal para trabajo en exteriores y uniformes laborales.\" \/>\n<meta name=\"robots\" content=\"index, follow, max-snippet:-1, max-image-preview:large, max-video-preview:-1\" \/>\n<link rel=\"canonical\" href=\"https:\/\/www.imprentadigitalguzman.com\/inicio\/producto\/sudadera-media-cremallera-av\/\" \/>\n<meta property=\"og:locale\" content=\"es_ES\" \/>\n<meta property=\"og:type\" content=\"article\" \/>\n<meta property=\"og:title\" content=\"Sudadera media cremallera AV - Imprenta Digital Guzm\u00e1n\" \/>\n<meta property=\"og:description\" content=\"Sudadera de alta visibilidad con media cremallera y cintas reflectantes. Ideal para trabajo en exteriores y uniformes laborales.\" \/>\n<meta property=\"og:url\" content=\"https:\/\/www.imprentadigitalguzman.com\/inicio\/producto\/sudadera-media-cremallera-av\/\" \/>\n<meta property=\"og:site_name\" content=\"Imprenta Digital Guzm\u00e1n\" \/>\n<meta property=\"article:modified_time\" content=\"2026-04-14T08:33:12+00:00\" \/>\n<meta property=\"og:image\" content=\"https:\/\/www.imprentadigitalguzman.com\/wp-content\/uploads\/2026\/04\/sudadera-media-cremallera.png\" \/>\n\t<meta property=\"og:image:width\" content=\"600\" \/>\n\t<meta property=\"og:image:height\" content=\"600\" \/>\n\t<meta property=\"og:image:type\" content=\"image\/png\" \/>\n<meta name=\"twitter:card\" content=\"summary_large_image\" \/>\n<meta name=\"twitter:label1\" content=\"Tiempo de lectura\" \/>\n\t<meta name=\"twitter:data1\" content=\"2 minutos\" \/>\n<script type=\"application\/ld+json\" class=\"yoast-schema-graph\">{\"@context\":\"https:\\\/\\\/schema.org\",\"@graph\":[{\"@type\":\"WebPage\",\"@id\":\"https:\\\/\\\/www.imprentadigitalguzman.com\\\/inicio\\\/producto\\\/sudadera-media-cremallera-av\\\/\",\"url\":\"https:\\\/\\\/www.imprentadigitalguzman.com\\\/inicio\\\/producto\\\/sudadera-media-cremallera-av\\\/\",\"name\":\"Sudadera media cremallera AV - Imprenta Digital Guzm\u00e1n\",\"isPartOf\":{\"@id\":\"https:\\\/\\\/www.imprentadigitalguzman.com\\\/inicio\\\/#website\"},\"primaryImageOfPage\":{\"@id\":\"https:\\\/\\\/www.imprentadigitalguzman.com\\\/inicio\\\/producto\\\/sudadera-media-cremallera-av\\\/#primaryimage\"},\"image\":{\"@id\":\"https:\\\/\\\/www.imprentadigitalguzman.com\\\/inicio\\\/producto\\\/sudadera-media-cremallera-av\\\/#primaryimage\"},\"thumbnailUrl\":\"https:\\\/\\\/www.imprentadigitalguzman.com\\\/wp-content\\\/uploads\\\/2026\\\/04\\\/sudadera-media-cremallera.png\",\"datePublished\":\"2026-04-10T11:34:04+00:00\",\"dateModified\":\"2026-04-14T08:33:12+00:00\",\"description\":\"Sudadera de alta visibilidad con media cremallera y cintas reflectantes. Ideal para trabajo en exteriores y uniformes laborales.\",\"breadcrumb\":{\"@id\":\"https:\\\/\\\/www.imprentadigitalguzman.com\\\/inicio\\\/producto\\\/sudadera-media-cremallera-av\\\/#breadcrumb\"},\"inLanguage\":\"es\",\"potentialAction\":[{\"@type\":\"ReadAction\",\"target\":[\"https:\\\/\\\/www.imprentadigitalguzman.com\\\/inicio\\\/producto\\\/sudadera-media-cremallera-av\\\/\"]}]},{\"@type\":\"ImageObject\",\"inLanguage\":\"es\",\"@id\":\"https:\\\/\\\/www.imprentadigitalguzman.com\\\/inicio\\\/producto\\\/sudadera-media-cremallera-av\\\/#primaryimage\",\"url\":\"https:\\\/\\\/www.imprentadigitalguzman.com\\\/wp-content\\\/uploads\\\/2026\\\/04\\\/sudadera-media-cremallera.png\",\"contentUrl\":\"https:\\\/\\\/www.imprentadigitalguzman.com\\\/wp-content\\\/uploads\\\/2026\\\/04\\\/sudadera-media-cremallera.png\",\"width\":600,\"height\":600,\"caption\":\"chaqueta-media-cremallera-ropa-laboral-en-imprenta-digital-guzman-a-el-mejor-precio\"},{\"@type\":\"BreadcrumbList\",\"@id\":\"https:\\\/\\\/www.imprentadigitalguzman.com\\\/inicio\\\/producto\\\/sudadera-media-cremallera-av\\\/#breadcrumb\",\"itemListElement\":[{\"@type\":\"ListItem\",\"position\":1,\"name\":\"Portada\",\"item\":\"https:\\\/\\\/www.imprentadigitalguzman.com\\\/inicio\\\/\"},{\"@type\":\"ListItem\",\"position\":2,\"name\":\"Shop\",\"item\":\"https:\\\/\\\/www.imprentadigitalguzman.com\\\/inicio\\\/shop\\\/\"},{\"@type\":\"ListItem\",\"position\":3,\"name\":\"Sudadera media cremallera AV\"}]},{\"@type\":\"WebSite\",\"@id\":\"https:\\\/\\\/www.imprentadigitalguzman.com\\\/inicio\\\/#website\",\"url\":\"https:\\\/\\\/www.imprentadigitalguzman.com\\\/inicio\\\/\",\"name\":\"Imprenta Digital Guzm\u00e1n\",\"description\":\"\",\"potentialAction\":[{\"@type\":\"SearchAction\",\"target\":{\"@type\":\"EntryPoint\",\"urlTemplate\":\"https:\\\/\\\/www.imprentadigitalguzman.com\\\/inicio\\\/?s={search_term_string}\"},\"query-input\":{\"@type\":\"PropertyValueSpecification\",\"valueRequired\":true,\"valueName\":\"search_term_string\"}}],\"inLanguage\":\"es\"}]}<\/script>\n<!-- \/ Yoast SEO plugin. -->","yoast_head_json":{"title":"Sudadera media cremallera AV - Imprenta Digital Guzm\u00e1n","description":"Sudadera de alta visibilidad con media cremallera y cintas reflectantes. Ideal para trabajo en exteriores y uniformes laborales.","robots":{"index":"index","follow":"follow","max-snippet":"max-snippet:-1","max-image-preview":"max-image-preview:large","max-video-preview":"max-video-preview:-1"},"canonical":"https:\/\/www.imprentadigitalguzman.com\/inicio\/producto\/sudadera-media-cremallera-av\/","og_locale":"es_ES","og_type":"article","og_title":"Sudadera media cremallera AV - Imprenta Digital Guzm\u00e1n","og_description":"Sudadera de alta visibilidad con media cremallera y cintas reflectantes. Ideal para trabajo en exteriores y uniformes laborales.","og_url":"https:\/\/www.imprentadigitalguzman.com\/inicio\/producto\/sudadera-media-cremallera-av\/","og_site_name":"Imprenta Digital Guzm\u00e1n","article_modified_time":"2026-04-14T08:33:12+00:00","og_image":[{"width":600,"height":600,"url":"https:\/\/www.imprentadigitalguzman.com\/wp-content\/uploads\/2026\/04\/sudadera-media-cremallera.png","type":"image\/png"}],"twitter_card":"summary_large_image","twitter_misc":{"Tiempo de lectura":"2 minutos"},"schema":{"@context":"https:\/\/schema.org","@graph":[{"@type":"WebPage","@id":"https:\/\/www.imprentadigitalguzman.com\/inicio\/producto\/sudadera-media-cremallera-av\/","url":"https:\/\/www.imprentadigitalguzman.com\/inicio\/producto\/sudadera-media-cremallera-av\/","name":"Sudadera media cremallera AV - Imprenta Digital Guzm\u00e1n","isPartOf":{"@id":"https:\/\/www.imprentadigitalguzman.com\/inicio\/#website"},"primaryImageOfPage":{"@id":"https:\/\/www.imprentadigitalguzman.com\/inicio\/producto\/sudadera-media-cremallera-av\/#primaryimage"},"image":{"@id":"https:\/\/www.imprentadigitalguzman.com\/inicio\/producto\/sudadera-media-cremallera-av\/#primaryimage"},"thumbnailUrl":"https:\/\/www.imprentadigitalguzman.com\/wp-content\/uploads\/2026\/04\/sudadera-media-cremallera.png","datePublished":"2026-04-10T11:34:04+00:00","dateModified":"2026-04-14T08:33:12+00:00","description":"Sudadera de alta visibilidad con media cremallera y cintas reflectantes. Ideal para trabajo en exteriores y uniformes laborales.","breadcrumb":{"@id":"https:\/\/www.imprentadigitalguzman.com\/inicio\/producto\/sudadera-media-cremallera-av\/#breadcrumb"},"inLanguage":"es","potentialAction":[{"@type":"ReadAction","target":["https:\/\/www.imprentadigitalguzman.com\/inicio\/producto\/sudadera-media-cremallera-av\/"]}]},{"@type":"ImageObject","inLanguage":"es","@id":"https:\/\/www.imprentadigitalguzman.com\/inicio\/producto\/sudadera-media-cremallera-av\/#primaryimage","url":"https:\/\/www.imprentadigitalguzman.com\/wp-content\/uploads\/2026\/04\/sudadera-media-cremallera.png","contentUrl":"https:\/\/www.imprentadigitalguzman.com\/wp-content\/uploads\/2026\/04\/sudadera-media-cremallera.png","width":600,"height":600,"caption":"chaqueta-media-cremallera-ropa-laboral-en-imprenta-digital-guzman-a-el-mejor-precio"},{"@type":"BreadcrumbList","@id":"https:\/\/www.imprentadigitalguzman.com\/inicio\/producto\/sudadera-media-cremallera-av\/#breadcrumb","itemListElement":[{"@type":"ListItem","position":1,"name":"Portada","item":"https:\/\/www.imprentadigitalguzman.com\/inicio\/"},{"@type":"ListItem","position":2,"name":"Shop","item":"https:\/\/www.imprentadigitalguzman.com\/inicio\/shop\/"},{"@type":"ListItem","position":3,"name":"Sudadera media cremallera AV"}]},{"@type":"WebSite","@id":"https:\/\/www.imprentadigitalguzman.com\/inicio\/#website","url":"https:\/\/www.imprentadigitalguzman.com\/inicio\/","name":"Imprenta Digital Guzm\u00e1n","description":"","potentialAction":[{"@type":"SearchAction","target":{"@type":"EntryPoint","urlTemplate":"https:\/\/www.imprentadigitalguzman.com\/inicio\/?s={search_term_string}"},"query-input":{"@type":"PropertyValueSpecification","valueRequired":true,"valueName":"search_term_string"}}],"inLanguage":"es"}]}},"_links":{"self":[{"href":"https:\/\/www.imprentadigitalguzman.com\/inicio\/wp-json\/wp\/v2\/product\/309473","targetHints":{"allow":["GET"]}}],"collection":[{"href":"https:\/\/www.imprentadigitalguzman.com\/inicio\/wp-json\/wp\/v2\/product"}],"about":[{"href":"https:\/\/www.imprentadigitalguzman.com\/inicio\/wp-json\/wp\/v2\/types\/product"}],"replies":[{"embeddable":true,"href":"https:\/\/www.imprentadigitalguzman.com\/inicio\/wp-json\/wp\/v2\/comments?post=309473"}],"wp:featuredmedia":[{"embeddable":true,"href":"https:\/\/www.imprentadigitalguzman.com\/inicio\/wp-json\/wp\/v2\/media\/309474"}],"wp:attachment":[{"href":"https:\/\/www.imprentadigitalguzman.com\/inicio\/wp-json\/wp\/v2\/media?parent=309473"}],"wp:term":[{"taxonomy":"product_brand","embeddable":true,"href":"https:\/\/www.imprentadigitalguzman.com\/inicio\/wp-json\/wp\/v2\/product_brand?post=309473"},{"taxonomy":"product_cat","embeddable":true,"href":"https:\/\/www.imprentadigitalguzman.com\/inicio\/wp-json\/wp\/v2\/product_cat?post=309473"},{"taxonomy":"product_tag","embeddable":true,"href":"https:\/\/www.imprentadigitalguzman.com\/inicio\/wp-json\/wp\/v2\/product_tag?post=309473"}],"curies":[{"name":"wp","href":"https:\/\/api.w.org\/{rel}","templated":true}]}}