{"id":309329,"date":"2026-04-10T09:43:45","date_gmt":"2026-04-10T09:43:45","guid":{"rendered":"https:\/\/www.imprentadigitalguzman.com\/inicio\/?post_type=product&#038;p=309329"},"modified":"2026-04-10T09:43:45","modified_gmt":"2026-04-10T09:43:45","slug":"jt-polo","status":"publish","type":"product","link":"https:\/\/www.imprentadigitalguzman.com\/inicio\/producto\/jt-polo\/","title":{"rendered":"JT POLO"},"content":{"rendered":"<p data-start=\"304\" data-end=\"527\">El <strong data-start=\"307\" data-end=\"318\">JT Polo<\/strong> es un <strong data-start=\"325\" data-end=\"365\">polo b\u00e1sico de hombre de manga corta<\/strong>, dise\u00f1ado para ofrecer una excelente relaci\u00f3n <strong data-start=\"412\" data-end=\"430\">calidad-precio<\/strong>, siendo una opci\u00f3n ideal para <strong data-start=\"461\" data-end=\"526\">uniformes, eventos, promociones y merchandising personalizado<\/strong>.<\/p>\n<p data-start=\"529\" data-end=\"793\">Confeccionado en <strong data-start=\"546\" data-end=\"563\">100 % algod\u00f3n<\/strong>, proporciona comodidad, transpirabilidad y un tacto agradable para el uso diario. Su <strong data-start=\"649\" data-end=\"665\">tejido piqu\u00e9<\/strong> aporta estructura y un acabado m\u00e1s elegante que la camiseta b\u00e1sica, siendo perfecto para entornos profesionales o corporativos.<\/p>\n<p data-start=\"795\" data-end=\"989\">Incorpora <strong data-start=\"805\" data-end=\"831\">tapeta con dos botones<\/strong>, <strong data-start=\"833\" data-end=\"851\">botones a tono<\/strong>, <strong data-start=\"853\" data-end=\"886\">cuello y bocamangas en canal\u00e9<\/strong> para un mejor ajuste, y <strong data-start=\"911\" data-end=\"934\">aberturas laterales<\/strong> que aumentan la comodidad y la libertad de movimiento.<\/p>\n<p data-start=\"991\" data-end=\"1125\">Gracias a su dise\u00f1o, es ideal para <strong data-start=\"1026\" data-end=\"1075\">bordado, serigraf\u00eda, transfer o vinilo textil<\/strong>, ofreciendo resultados duraderos y profesionales.<\/p>\n<p data-start=\"1127\" data-end=\"1243\">Disponible en <strong data-start=\"1141\" data-end=\"1155\">10 colores<\/strong> y en tallas desde la <strong data-start=\"1177\" data-end=\"1195\">S hasta la 3XL<\/strong>, se adapta a diferentes necesidades y p\u00fablicos.<\/p>\n<p data-start=\"1245\" data-end=\"1366\">Con un <strong data-start=\"1252\" data-end=\"1286\">gramaje aproximado de 180 g\/m\u00b2<\/strong>, es un polo ligero pero resistente, perfecto para uso diario o grandes pedidos.<\/p>\n<hr data-start=\"1368\" data-end=\"1371\" \/>\n<h3 data-section-id=\"19cjjbh\" data-start=\"1373\" data-end=\"1405\"><span role=\"text\"><strong data-start=\"1377\" data-end=\"1405\">Caracter\u00edsticas t\u00e9cnicas<\/strong><\/span><\/h3>\n<ul data-start=\"1406\" data-end=\"1573\">\n<li data-section-id=\"3k69jb\" data-start=\"1406\" data-end=\"1421\">Manga corta<\/li>\n<li data-section-id=\"c0t83p\" data-start=\"1422\" data-end=\"1438\">Tejido piqu\u00e9<\/li>\n<li data-section-id=\"yvb27d\" data-start=\"1439\" data-end=\"1465\">Tapeta con dos botones<\/li>\n<li data-section-id=\"1ojvn6l\" data-start=\"1466\" data-end=\"1484\">Botones a tono<\/li>\n<li data-section-id=\"o8jbti\" data-start=\"1485\" data-end=\"1518\">Cuello y bocamangas en canal\u00e9<\/li>\n<li data-section-id=\"10qs3hk\" data-start=\"1519\" data-end=\"1542\">Aberturas laterales<\/li>\n<li data-section-id=\"e4fo7l\" data-start=\"1543\" data-end=\"1573\">Gramaje: <strong data-start=\"1554\" data-end=\"1573\">180 g\/m\u00b2 aprox.<\/strong><\/li>\n<\/ul>\n<hr data-start=\"1575\" data-end=\"1578\" \/>\n<h3 data-section-id=\"1b55zxp\" data-start=\"1580\" data-end=\"1611\"><span role=\"text\"><strong data-start=\"1584\" data-end=\"1611\">Composici\u00f3n seg\u00fan color<\/strong><\/span><\/h3>\n<ul data-start=\"1612\" data-end=\"1691\">\n<li data-section-id=\"w4bxsg\" data-start=\"1612\" data-end=\"1651\"><strong data-start=\"1614\" data-end=\"1621\">GM:<\/strong> 85 % algod\u00f3n \/ 15 % viscosa<\/li>\n<li data-section-id=\"r9gtf3\" data-start=\"1652\" data-end=\"1691\"><strong data-start=\"1654\" data-end=\"1675\">Resto de colores:<\/strong> 100 % algod\u00f3n<\/li>\n<\/ul>\n","protected":false},"excerpt":{"rendered":"<p><span data-sheets-root=\"1\">Polo b\u00e1sico de hombre en algod\u00f3n, c\u00f3modo y econ\u00f3mico. Ideal para uniformes, eventos y personalizaci\u00f3n textil.<\/span><\/p>\n","protected":false},"featured_media":309441,"comment_status":"closed","ping_status":"closed","template":"","meta":{"_et_pb_use_builder":"","_et_pb_old_content":"","_et_gb_content_width":"","_joinchat":[]},"product_brand":[],"product_cat":[103,173],"product_tag":[106,105,174],"class_list":{"0":"post-309329","1":"product","2":"type-product","3":"status-publish","4":"has-post-thumbnail","6":"product_cat-hombre","7":"product_cat-polo","8":"product_tag-algodon","9":"product_tag-manga-corta","10":"product_tag-polo","12":"first","13":"instock","14":"taxable","15":"shipping-taxable","16":"purchasable","17":"product-type-variable"},"yoast_head":"<!-- This site is optimized with the Yoast SEO plugin v27.4 - https:\/\/yoast.com\/product\/yoast-seo-wordpress\/ -->\n<title>JT POLO - Imprenta Digital Guzm\u00e1n<\/title>\n<meta name=\"description\" content=\"Polo b\u00e1sico de hombre en algod\u00f3n, ideal para uniformes y eventos. Econ\u00f3mico, c\u00f3modo y perfecto para personalizaci\u00f3n textil.\" \/>\n<meta name=\"robots\" content=\"index, follow, max-snippet:-1, max-image-preview:large, max-video-preview:-1\" \/>\n<link rel=\"canonical\" href=\"https:\/\/www.imprentadigitalguzman.com\/inicio\/producto\/jt-polo\/\" \/>\n<meta property=\"og:locale\" content=\"es_ES\" \/>\n<meta property=\"og:type\" content=\"article\" \/>\n<meta property=\"og:title\" content=\"JT POLO - Imprenta Digital Guzm\u00e1n\" \/>\n<meta property=\"og:description\" content=\"Polo b\u00e1sico de hombre en algod\u00f3n, ideal para uniformes y eventos. Econ\u00f3mico, c\u00f3modo y perfecto para personalizaci\u00f3n textil.\" \/>\n<meta property=\"og:url\" content=\"https:\/\/www.imprentadigitalguzman.com\/inicio\/producto\/jt-polo\/\" \/>\n<meta property=\"og:site_name\" content=\"Imprenta Digital Guzm\u00e1n\" \/>\n<meta property=\"og:image\" content=\"https:\/\/www.imprentadigitalguzman.com\/wp-content\/uploads\/2026\/04\/JTPOLO-1.png\" \/>\n\t<meta property=\"og:image:width\" content=\"600\" \/>\n\t<meta property=\"og:image:height\" content=\"600\" \/>\n\t<meta property=\"og:image:type\" content=\"image\/png\" \/>\n<meta name=\"twitter:card\" content=\"summary_large_image\" \/>\n<meta name=\"twitter:label1\" content=\"Tiempo de lectura\" \/>\n\t<meta name=\"twitter:data1\" content=\"2 minutos\" \/>\n<script type=\"application\/ld+json\" class=\"yoast-schema-graph\">{\"@context\":\"https:\\\/\\\/schema.org\",\"@graph\":[{\"@type\":\"WebPage\",\"@id\":\"https:\\\/\\\/www.imprentadigitalguzman.com\\\/inicio\\\/producto\\\/jt-polo\\\/\",\"url\":\"https:\\\/\\\/www.imprentadigitalguzman.com\\\/inicio\\\/producto\\\/jt-polo\\\/\",\"name\":\"JT POLO - Imprenta Digital Guzm\u00e1n\",\"isPartOf\":{\"@id\":\"https:\\\/\\\/www.imprentadigitalguzman.com\\\/inicio\\\/#website\"},\"primaryImageOfPage\":{\"@id\":\"https:\\\/\\\/www.imprentadigitalguzman.com\\\/inicio\\\/producto\\\/jt-polo\\\/#primaryimage\"},\"image\":{\"@id\":\"https:\\\/\\\/www.imprentadigitalguzman.com\\\/inicio\\\/producto\\\/jt-polo\\\/#primaryimage\"},\"thumbnailUrl\":\"https:\\\/\\\/www.imprentadigitalguzman.com\\\/wp-content\\\/uploads\\\/2026\\\/04\\\/JTPOLO-1.png\",\"datePublished\":\"2026-04-10T09:43:45+00:00\",\"description\":\"Polo b\u00e1sico de hombre en algod\u00f3n, ideal para uniformes y eventos. Econ\u00f3mico, c\u00f3modo y perfecto para personalizaci\u00f3n textil.\",\"breadcrumb\":{\"@id\":\"https:\\\/\\\/www.imprentadigitalguzman.com\\\/inicio\\\/producto\\\/jt-polo\\\/#breadcrumb\"},\"inLanguage\":\"es\",\"potentialAction\":[{\"@type\":\"ReadAction\",\"target\":[\"https:\\\/\\\/www.imprentadigitalguzman.com\\\/inicio\\\/producto\\\/jt-polo\\\/\"]}]},{\"@type\":\"ImageObject\",\"inLanguage\":\"es\",\"@id\":\"https:\\\/\\\/www.imprentadigitalguzman.com\\\/inicio\\\/producto\\\/jt-polo\\\/#primaryimage\",\"url\":\"https:\\\/\\\/www.imprentadigitalguzman.com\\\/wp-content\\\/uploads\\\/2026\\\/04\\\/JTPOLO-1.png\",\"contentUrl\":\"https:\\\/\\\/www.imprentadigitalguzman.com\\\/wp-content\\\/uploads\\\/2026\\\/04\\\/JTPOLO-1.png\",\"width\":600,\"height\":600,\"caption\":\"polos-personalizables-merchandising-espa\u00f1a-mejor-precio\"},{\"@type\":\"BreadcrumbList\",\"@id\":\"https:\\\/\\\/www.imprentadigitalguzman.com\\\/inicio\\\/producto\\\/jt-polo\\\/#breadcrumb\",\"itemListElement\":[{\"@type\":\"ListItem\",\"position\":1,\"name\":\"Portada\",\"item\":\"https:\\\/\\\/www.imprentadigitalguzman.com\\\/inicio\\\/\"},{\"@type\":\"ListItem\",\"position\":2,\"name\":\"Shop\",\"item\":\"https:\\\/\\\/www.imprentadigitalguzman.com\\\/inicio\\\/shop\\\/\"},{\"@type\":\"ListItem\",\"position\":3,\"name\":\"JT POLO\"}]},{\"@type\":\"WebSite\",\"@id\":\"https:\\\/\\\/www.imprentadigitalguzman.com\\\/inicio\\\/#website\",\"url\":\"https:\\\/\\\/www.imprentadigitalguzman.com\\\/inicio\\\/\",\"name\":\"Imprenta Digital Guzm\u00e1n\",\"description\":\"\",\"potentialAction\":[{\"@type\":\"SearchAction\",\"target\":{\"@type\":\"EntryPoint\",\"urlTemplate\":\"https:\\\/\\\/www.imprentadigitalguzman.com\\\/inicio\\\/?s={search_term_string}\"},\"query-input\":{\"@type\":\"PropertyValueSpecification\",\"valueRequired\":true,\"valueName\":\"search_term_string\"}}],\"inLanguage\":\"es\"}]}<\/script>\n<!-- \/ Yoast SEO plugin. -->","yoast_head_json":{"title":"JT POLO - Imprenta Digital Guzm\u00e1n","description":"Polo b\u00e1sico de hombre en algod\u00f3n, ideal para uniformes y eventos. Econ\u00f3mico, c\u00f3modo y perfecto para personalizaci\u00f3n textil.","robots":{"index":"index","follow":"follow","max-snippet":"max-snippet:-1","max-image-preview":"max-image-preview:large","max-video-preview":"max-video-preview:-1"},"canonical":"https:\/\/www.imprentadigitalguzman.com\/inicio\/producto\/jt-polo\/","og_locale":"es_ES","og_type":"article","og_title":"JT POLO - Imprenta Digital Guzm\u00e1n","og_description":"Polo b\u00e1sico de hombre en algod\u00f3n, ideal para uniformes y eventos. Econ\u00f3mico, c\u00f3modo y perfecto para personalizaci\u00f3n textil.","og_url":"https:\/\/www.imprentadigitalguzman.com\/inicio\/producto\/jt-polo\/","og_site_name":"Imprenta Digital Guzm\u00e1n","og_image":[{"width":600,"height":600,"url":"https:\/\/www.imprentadigitalguzman.com\/wp-content\/uploads\/2026\/04\/JTPOLO-1.png","type":"image\/png"}],"twitter_card":"summary_large_image","twitter_misc":{"Tiempo de lectura":"2 minutos"},"schema":{"@context":"https:\/\/schema.org","@graph":[{"@type":"WebPage","@id":"https:\/\/www.imprentadigitalguzman.com\/inicio\/producto\/jt-polo\/","url":"https:\/\/www.imprentadigitalguzman.com\/inicio\/producto\/jt-polo\/","name":"JT POLO - Imprenta Digital Guzm\u00e1n","isPartOf":{"@id":"https:\/\/www.imprentadigitalguzman.com\/inicio\/#website"},"primaryImageOfPage":{"@id":"https:\/\/www.imprentadigitalguzman.com\/inicio\/producto\/jt-polo\/#primaryimage"},"image":{"@id":"https:\/\/www.imprentadigitalguzman.com\/inicio\/producto\/jt-polo\/#primaryimage"},"thumbnailUrl":"https:\/\/www.imprentadigitalguzman.com\/wp-content\/uploads\/2026\/04\/JTPOLO-1.png","datePublished":"2026-04-10T09:43:45+00:00","description":"Polo b\u00e1sico de hombre en algod\u00f3n, ideal para uniformes y eventos. Econ\u00f3mico, c\u00f3modo y perfecto para personalizaci\u00f3n textil.","breadcrumb":{"@id":"https:\/\/www.imprentadigitalguzman.com\/inicio\/producto\/jt-polo\/#breadcrumb"},"inLanguage":"es","potentialAction":[{"@type":"ReadAction","target":["https:\/\/www.imprentadigitalguzman.com\/inicio\/producto\/jt-polo\/"]}]},{"@type":"ImageObject","inLanguage":"es","@id":"https:\/\/www.imprentadigitalguzman.com\/inicio\/producto\/jt-polo\/#primaryimage","url":"https:\/\/www.imprentadigitalguzman.com\/wp-content\/uploads\/2026\/04\/JTPOLO-1.png","contentUrl":"https:\/\/www.imprentadigitalguzman.com\/wp-content\/uploads\/2026\/04\/JTPOLO-1.png","width":600,"height":600,"caption":"polos-personalizables-merchandising-espa\u00f1a-mejor-precio"},{"@type":"BreadcrumbList","@id":"https:\/\/www.imprentadigitalguzman.com\/inicio\/producto\/jt-polo\/#breadcrumb","itemListElement":[{"@type":"ListItem","position":1,"name":"Portada","item":"https:\/\/www.imprentadigitalguzman.com\/inicio\/"},{"@type":"ListItem","position":2,"name":"Shop","item":"https:\/\/www.imprentadigitalguzman.com\/inicio\/shop\/"},{"@type":"ListItem","position":3,"name":"JT POLO"}]},{"@type":"WebSite","@id":"https:\/\/www.imprentadigitalguzman.com\/inicio\/#website","url":"https:\/\/www.imprentadigitalguzman.com\/inicio\/","name":"Imprenta Digital Guzm\u00e1n","description":"","potentialAction":[{"@type":"SearchAction","target":{"@type":"EntryPoint","urlTemplate":"https:\/\/www.imprentadigitalguzman.com\/inicio\/?s={search_term_string}"},"query-input":{"@type":"PropertyValueSpecification","valueRequired":true,"valueName":"search_term_string"}}],"inLanguage":"es"}]}},"_links":{"self":[{"href":"https:\/\/www.imprentadigitalguzman.com\/inicio\/wp-json\/wp\/v2\/product\/309329","targetHints":{"allow":["GET"]}}],"collection":[{"href":"https:\/\/www.imprentadigitalguzman.com\/inicio\/wp-json\/wp\/v2\/product"}],"about":[{"href":"https:\/\/www.imprentadigitalguzman.com\/inicio\/wp-json\/wp\/v2\/types\/product"}],"replies":[{"embeddable":true,"href":"https:\/\/www.imprentadigitalguzman.com\/inicio\/wp-json\/wp\/v2\/comments?post=309329"}],"wp:featuredmedia":[{"embeddable":true,"href":"https:\/\/www.imprentadigitalguzman.com\/inicio\/wp-json\/wp\/v2\/media\/309441"}],"wp:attachment":[{"href":"https:\/\/www.imprentadigitalguzman.com\/inicio\/wp-json\/wp\/v2\/media?parent=309329"}],"wp:term":[{"taxonomy":"product_brand","embeddable":true,"href":"https:\/\/www.imprentadigitalguzman.com\/inicio\/wp-json\/wp\/v2\/product_brand?post=309329"},{"taxonomy":"product_cat","embeddable":true,"href":"https:\/\/www.imprentadigitalguzman.com\/inicio\/wp-json\/wp\/v2\/product_cat?post=309329"},{"taxonomy":"product_tag","embeddable":true,"href":"https:\/\/www.imprentadigitalguzman.com\/inicio\/wp-json\/wp\/v2\/product_tag?post=309329"}],"curies":[{"name":"wp","href":"https:\/\/api.w.org\/{rel}","templated":true}]}}