{"id":309293,"date":"2026-04-10T09:07:08","date_gmt":"2026-04-10T09:07:08","guid":{"rendered":"https:\/\/www.imprentadigitalguzman.com\/inicio\/?post_type=product&#038;p=309293"},"modified":"2026-04-10T09:29:39","modified_gmt":"2026-04-10T09:29:39","slug":"camiseta-deportiva-hombre-personalizada","status":"publish","type":"product","link":"https:\/\/www.imprentadigitalguzman.com\/inicio\/producto\/camiseta-deportiva-hombre-personalizada\/","title":{"rendered":"SPORT CONTRAST"},"content":{"rendered":"<p data-start=\"344\" data-end=\"694\">La <strong data-start=\"347\" data-end=\"365\">Sport Contrast<\/strong> es una <strong data-start=\"373\" data-end=\"442\">camiseta deportiva para hombre de manga corta raglan en contraste<\/strong>, dise\u00f1ada para ofrecer <strong data-start=\"466\" data-end=\"518\">comodidad, transpirabilidad y un estilo din\u00e1mico<\/strong> durante la pr\u00e1ctica deportiva. Su dise\u00f1o en colores combinados la convierte en una opci\u00f3n ideal para <strong data-start=\"620\" data-end=\"693\">equipaciones deportivas, clubs, eventos y merchandising personalizado<\/strong>.<\/p>\n<p data-start=\"696\" data-end=\"974\">Confeccionada en <strong data-start=\"713\" data-end=\"732\">100 % poli\u00e9ster<\/strong>, es una prenda ligera, de <strong data-start=\"759\" data-end=\"776\">secado r\u00e1pido<\/strong> y f\u00e1cil mantenimiento, perfecta para entrenamientos intensos o actividades al aire libre. La <strong data-start=\"870\" data-end=\"899\">manga raglan en contraste<\/strong> mejora la libertad de movimiento y aporta un look deportivo m\u00e1s atractivo.<\/p>\n<p data-start=\"976\" data-end=\"1145\">Incorpora <strong data-start=\"986\" data-end=\"1025\">costuras decorativas en media manga<\/strong>, a\u00f1adiendo un detalle diferencial, y <strong data-start=\"1063\" data-end=\"1085\">etiqueta removible<\/strong>, lo que la hace ideal para <strong data-start=\"1113\" data-end=\"1144\">personalizaci\u00f3n profesional<\/strong>.<\/p>\n<p data-start=\"1147\" data-end=\"1244\">Es perfecta para <strong data-start=\"1164\" data-end=\"1197\">serigraf\u00eda, vinilo o transfer<\/strong>, ofreciendo resultados duraderos y de calidad.<\/p>\n<p data-start=\"1246\" data-end=\"1360\">Disponible en <strong data-start=\"1260\" data-end=\"1273\">4 colores<\/strong> y en tallas desde la <strong data-start=\"1295\" data-end=\"1313\">S hasta la 3XL<\/strong>, se adapta a diferentes equipos y necesidades.<\/p>\n<p data-start=\"1362\" data-end=\"1493\">Con un <strong data-start=\"1369\" data-end=\"1403\">gramaje aproximado de 130 g\/m\u00b2<\/strong>, es una camiseta ultraligera, ideal para climas c\u00e1lidos y actividades de alta intensidad.<\/p>\n<hr data-start=\"1495\" data-end=\"1498\" \/>\n<h3 data-section-id=\"19cjjbh\" data-start=\"1500\" data-end=\"1532\"><span role=\"text\"><strong data-start=\"1504\" data-end=\"1532\">Caracter\u00edsticas t\u00e9cnicas<\/strong><\/span><\/h3>\n<ul data-start=\"1533\" data-end=\"1713\">\n<li data-section-id=\"1qjvpy4\" data-start=\"1533\" data-end=\"1568\">Manga corta raglan en contraste<\/li>\n<li data-section-id=\"1g752sa\" data-start=\"1569\" data-end=\"1608\">Costuras decorativas en media manga<\/li>\n<li data-section-id=\"1fqd0w9\" data-start=\"1609\" data-end=\"1641\">Tejido ligero y transpirable<\/li>\n<li data-section-id=\"729fme\" data-start=\"1642\" data-end=\"1659\">Secado r\u00e1pido<\/li>\n<li data-section-id=\"10k2n7p\" data-start=\"1660\" data-end=\"1682\">Etiqueta removible<\/li>\n<li data-section-id=\"i27ere\" data-start=\"1683\" data-end=\"1713\">Gramaje: <strong data-start=\"1694\" data-end=\"1713\">130 g\/m\u00b2 aprox.<\/strong><\/li>\n<\/ul>\n<hr data-start=\"1715\" data-end=\"1718\" \/>\n<h3 data-section-id=\"h6ukut\" data-start=\"1720\" data-end=\"1739\"><span role=\"text\"><strong data-start=\"1724\" data-end=\"1739\">Composici\u00f3n<\/strong><\/span><\/h3>\n<ul data-start=\"1740\" data-end=\"1761\">\n<li data-section-id=\"1q7nz33\" data-start=\"1740\" data-end=\"1761\"><strong data-start=\"1742\" data-end=\"1761\">100 % poli\u00e9ster<\/strong><\/li>\n<\/ul>\n","protected":false},"excerpt":{"rendered":"<p>Camiseta deportiva de hombre con manga raglan en contraste, ligera y transpirable. Ideal para equipos y personalizaci\u00f3n textil.<\/p>\n","protected":false},"featured_media":309308,"comment_status":"open","ping_status":"closed","template":"","meta":{"_et_pb_use_builder":"","_et_pb_old_content":"","_et_gb_content_width":"","_joinchat":[]},"product_brand":[],"product_cat":[104,103],"product_tag":[106,110,108,105,128],"class_list":{"0":"post-309293","1":"product","2":"type-product","3":"status-publish","4":"has-post-thumbnail","6":"product_cat-camiseta","7":"product_cat-hombre","8":"product_tag-algodon","9":"product_tag-camiseta-para-personalizar","10":"product_tag-camiseta-tubular","11":"product_tag-manga-corta","12":"product_tag-regular","14":"first","15":"instock","16":"taxable","17":"shipping-taxable","18":"purchasable","19":"product-type-variable"},"yoast_head":"<!-- This site is optimized with the Yoast SEO plugin v27.4 - https:\/\/yoast.com\/product\/yoast-seo-wordpress\/ -->\n<title>SPORT CONTRAST - Imprenta Digital Guzm\u00e1n<\/title>\n<meta name=\"description\" content=\"Camiseta deportiva de hombre con manga raglan en contraste, ligera y de secado r\u00e1pido. Ideal para equipos y personalizaci\u00f3n.\" \/>\n<meta name=\"robots\" content=\"index, follow, max-snippet:-1, max-image-preview:large, max-video-preview:-1\" \/>\n<link rel=\"canonical\" href=\"https:\/\/www.imprentadigitalguzman.com\/inicio\/producto\/camiseta-deportiva-hombre-personalizada\/\" \/>\n<meta property=\"og:locale\" content=\"es_ES\" \/>\n<meta property=\"og:type\" content=\"article\" \/>\n<meta property=\"og:title\" content=\"SPORT CONTRAST - Imprenta Digital Guzm\u00e1n\" \/>\n<meta property=\"og:description\" content=\"Camiseta deportiva de hombre con manga raglan en contraste, ligera y de secado r\u00e1pido. Ideal para equipos y personalizaci\u00f3n.\" \/>\n<meta property=\"og:url\" content=\"https:\/\/www.imprentadigitalguzman.com\/inicio\/producto\/camiseta-deportiva-hombre-personalizada\/\" \/>\n<meta property=\"og:site_name\" content=\"Imprenta Digital Guzm\u00e1n\" \/>\n<meta property=\"article:modified_time\" content=\"2026-04-10T09:29:39+00:00\" \/>\n<meta property=\"og:image\" content=\"https:\/\/www.imprentadigitalguzman.com\/wp-content\/uploads\/2026\/04\/SPORTCTRM.png\" \/>\n\t<meta property=\"og:image:width\" content=\"600\" \/>\n\t<meta property=\"og:image:height\" content=\"600\" \/>\n\t<meta property=\"og:image:type\" content=\"image\/png\" \/>\n<meta name=\"twitter:card\" content=\"summary_large_image\" \/>\n<meta name=\"twitter:label1\" content=\"Tiempo de lectura\" \/>\n\t<meta name=\"twitter:data1\" content=\"2 minutos\" \/>\n<script type=\"application\/ld+json\" class=\"yoast-schema-graph\">{\"@context\":\"https:\\\/\\\/schema.org\",\"@graph\":[{\"@type\":\"WebPage\",\"@id\":\"https:\\\/\\\/www.imprentadigitalguzman.com\\\/inicio\\\/producto\\\/camiseta-deportiva-hombre-personalizada\\\/\",\"url\":\"https:\\\/\\\/www.imprentadigitalguzman.com\\\/inicio\\\/producto\\\/camiseta-deportiva-hombre-personalizada\\\/\",\"name\":\"SPORT CONTRAST - Imprenta Digital Guzm\u00e1n\",\"isPartOf\":{\"@id\":\"https:\\\/\\\/www.imprentadigitalguzman.com\\\/inicio\\\/#website\"},\"primaryImageOfPage\":{\"@id\":\"https:\\\/\\\/www.imprentadigitalguzman.com\\\/inicio\\\/producto\\\/camiseta-deportiva-hombre-personalizada\\\/#primaryimage\"},\"image\":{\"@id\":\"https:\\\/\\\/www.imprentadigitalguzman.com\\\/inicio\\\/producto\\\/camiseta-deportiva-hombre-personalizada\\\/#primaryimage\"},\"thumbnailUrl\":\"https:\\\/\\\/www.imprentadigitalguzman.com\\\/wp-content\\\/uploads\\\/2026\\\/04\\\/SPORTCTRM.png\",\"datePublished\":\"2026-04-10T09:07:08+00:00\",\"dateModified\":\"2026-04-10T09:29:39+00:00\",\"description\":\"Camiseta deportiva de hombre con manga raglan en contraste, ligera y de secado r\u00e1pido. Ideal para equipos y personalizaci\u00f3n.\",\"breadcrumb\":{\"@id\":\"https:\\\/\\\/www.imprentadigitalguzman.com\\\/inicio\\\/producto\\\/camiseta-deportiva-hombre-personalizada\\\/#breadcrumb\"},\"inLanguage\":\"es\",\"potentialAction\":[{\"@type\":\"ReadAction\",\"target\":[\"https:\\\/\\\/www.imprentadigitalguzman.com\\\/inicio\\\/producto\\\/camiseta-deportiva-hombre-personalizada\\\/\"]}]},{\"@type\":\"ImageObject\",\"inLanguage\":\"es\",\"@id\":\"https:\\\/\\\/www.imprentadigitalguzman.com\\\/inicio\\\/producto\\\/camiseta-deportiva-hombre-personalizada\\\/#primaryimage\",\"url\":\"https:\\\/\\\/www.imprentadigitalguzman.com\\\/wp-content\\\/uploads\\\/2026\\\/04\\\/SPORTCTRM.png\",\"contentUrl\":\"https:\\\/\\\/www.imprentadigitalguzman.com\\\/wp-content\\\/uploads\\\/2026\\\/04\\\/SPORTCTRM.png\",\"width\":600,\"height\":600,\"caption\":\"camisetas-personalizables-merchandising-espa\u00f1a-mejor-precio\"},{\"@type\":\"BreadcrumbList\",\"@id\":\"https:\\\/\\\/www.imprentadigitalguzman.com\\\/inicio\\\/producto\\\/camiseta-deportiva-hombre-personalizada\\\/#breadcrumb\",\"itemListElement\":[{\"@type\":\"ListItem\",\"position\":1,\"name\":\"Portada\",\"item\":\"https:\\\/\\\/www.imprentadigitalguzman.com\\\/inicio\\\/\"},{\"@type\":\"ListItem\",\"position\":2,\"name\":\"Shop\",\"item\":\"https:\\\/\\\/www.imprentadigitalguzman.com\\\/inicio\\\/shop\\\/\"},{\"@type\":\"ListItem\",\"position\":3,\"name\":\"SPORT CONTRAST\"}]},{\"@type\":\"WebSite\",\"@id\":\"https:\\\/\\\/www.imprentadigitalguzman.com\\\/inicio\\\/#website\",\"url\":\"https:\\\/\\\/www.imprentadigitalguzman.com\\\/inicio\\\/\",\"name\":\"Imprenta Digital Guzm\u00e1n\",\"description\":\"\",\"potentialAction\":[{\"@type\":\"SearchAction\",\"target\":{\"@type\":\"EntryPoint\",\"urlTemplate\":\"https:\\\/\\\/www.imprentadigitalguzman.com\\\/inicio\\\/?s={search_term_string}\"},\"query-input\":{\"@type\":\"PropertyValueSpecification\",\"valueRequired\":true,\"valueName\":\"search_term_string\"}}],\"inLanguage\":\"es\"}]}<\/script>\n<!-- \/ Yoast SEO plugin. -->","yoast_head_json":{"title":"SPORT CONTRAST - Imprenta Digital Guzm\u00e1n","description":"Camiseta deportiva de hombre con manga raglan en contraste, ligera y de secado r\u00e1pido. Ideal para equipos y personalizaci\u00f3n.","robots":{"index":"index","follow":"follow","max-snippet":"max-snippet:-1","max-image-preview":"max-image-preview:large","max-video-preview":"max-video-preview:-1"},"canonical":"https:\/\/www.imprentadigitalguzman.com\/inicio\/producto\/camiseta-deportiva-hombre-personalizada\/","og_locale":"es_ES","og_type":"article","og_title":"SPORT CONTRAST - Imprenta Digital Guzm\u00e1n","og_description":"Camiseta deportiva de hombre con manga raglan en contraste, ligera y de secado r\u00e1pido. Ideal para equipos y personalizaci\u00f3n.","og_url":"https:\/\/www.imprentadigitalguzman.com\/inicio\/producto\/camiseta-deportiva-hombre-personalizada\/","og_site_name":"Imprenta Digital Guzm\u00e1n","article_modified_time":"2026-04-10T09:29:39+00:00","og_image":[{"width":600,"height":600,"url":"https:\/\/www.imprentadigitalguzman.com\/wp-content\/uploads\/2026\/04\/SPORTCTRM.png","type":"image\/png"}],"twitter_card":"summary_large_image","twitter_misc":{"Tiempo de lectura":"2 minutos"},"schema":{"@context":"https:\/\/schema.org","@graph":[{"@type":"WebPage","@id":"https:\/\/www.imprentadigitalguzman.com\/inicio\/producto\/camiseta-deportiva-hombre-personalizada\/","url":"https:\/\/www.imprentadigitalguzman.com\/inicio\/producto\/camiseta-deportiva-hombre-personalizada\/","name":"SPORT CONTRAST - Imprenta Digital Guzm\u00e1n","isPartOf":{"@id":"https:\/\/www.imprentadigitalguzman.com\/inicio\/#website"},"primaryImageOfPage":{"@id":"https:\/\/www.imprentadigitalguzman.com\/inicio\/producto\/camiseta-deportiva-hombre-personalizada\/#primaryimage"},"image":{"@id":"https:\/\/www.imprentadigitalguzman.com\/inicio\/producto\/camiseta-deportiva-hombre-personalizada\/#primaryimage"},"thumbnailUrl":"https:\/\/www.imprentadigitalguzman.com\/wp-content\/uploads\/2026\/04\/SPORTCTRM.png","datePublished":"2026-04-10T09:07:08+00:00","dateModified":"2026-04-10T09:29:39+00:00","description":"Camiseta deportiva de hombre con manga raglan en contraste, ligera y de secado r\u00e1pido. Ideal para equipos y personalizaci\u00f3n.","breadcrumb":{"@id":"https:\/\/www.imprentadigitalguzman.com\/inicio\/producto\/camiseta-deportiva-hombre-personalizada\/#breadcrumb"},"inLanguage":"es","potentialAction":[{"@type":"ReadAction","target":["https:\/\/www.imprentadigitalguzman.com\/inicio\/producto\/camiseta-deportiva-hombre-personalizada\/"]}]},{"@type":"ImageObject","inLanguage":"es","@id":"https:\/\/www.imprentadigitalguzman.com\/inicio\/producto\/camiseta-deportiva-hombre-personalizada\/#primaryimage","url":"https:\/\/www.imprentadigitalguzman.com\/wp-content\/uploads\/2026\/04\/SPORTCTRM.png","contentUrl":"https:\/\/www.imprentadigitalguzman.com\/wp-content\/uploads\/2026\/04\/SPORTCTRM.png","width":600,"height":600,"caption":"camisetas-personalizables-merchandising-espa\u00f1a-mejor-precio"},{"@type":"BreadcrumbList","@id":"https:\/\/www.imprentadigitalguzman.com\/inicio\/producto\/camiseta-deportiva-hombre-personalizada\/#breadcrumb","itemListElement":[{"@type":"ListItem","position":1,"name":"Portada","item":"https:\/\/www.imprentadigitalguzman.com\/inicio\/"},{"@type":"ListItem","position":2,"name":"Shop","item":"https:\/\/www.imprentadigitalguzman.com\/inicio\/shop\/"},{"@type":"ListItem","position":3,"name":"SPORT CONTRAST"}]},{"@type":"WebSite","@id":"https:\/\/www.imprentadigitalguzman.com\/inicio\/#website","url":"https:\/\/www.imprentadigitalguzman.com\/inicio\/","name":"Imprenta Digital Guzm\u00e1n","description":"","potentialAction":[{"@type":"SearchAction","target":{"@type":"EntryPoint","urlTemplate":"https:\/\/www.imprentadigitalguzman.com\/inicio\/?s={search_term_string}"},"query-input":{"@type":"PropertyValueSpecification","valueRequired":true,"valueName":"search_term_string"}}],"inLanguage":"es"}]}},"_links":{"self":[{"href":"https:\/\/www.imprentadigitalguzman.com\/inicio\/wp-json\/wp\/v2\/product\/309293","targetHints":{"allow":["GET"]}}],"collection":[{"href":"https:\/\/www.imprentadigitalguzman.com\/inicio\/wp-json\/wp\/v2\/product"}],"about":[{"href":"https:\/\/www.imprentadigitalguzman.com\/inicio\/wp-json\/wp\/v2\/types\/product"}],"replies":[{"embeddable":true,"href":"https:\/\/www.imprentadigitalguzman.com\/inicio\/wp-json\/wp\/v2\/comments?post=309293"}],"wp:featuredmedia":[{"embeddable":true,"href":"https:\/\/www.imprentadigitalguzman.com\/inicio\/wp-json\/wp\/v2\/media\/309308"}],"wp:attachment":[{"href":"https:\/\/www.imprentadigitalguzman.com\/inicio\/wp-json\/wp\/v2\/media?parent=309293"}],"wp:term":[{"taxonomy":"product_brand","embeddable":true,"href":"https:\/\/www.imprentadigitalguzman.com\/inicio\/wp-json\/wp\/v2\/product_brand?post=309293"},{"taxonomy":"product_cat","embeddable":true,"href":"https:\/\/www.imprentadigitalguzman.com\/inicio\/wp-json\/wp\/v2\/product_cat?post=309293"},{"taxonomy":"product_tag","embeddable":true,"href":"https:\/\/www.imprentadigitalguzman.com\/inicio\/wp-json\/wp\/v2\/product_tag?post=309293"}],"curies":[{"name":"wp","href":"https:\/\/api.w.org\/{rel}","templated":true}]}}