{"id":251,"date":"2026-01-30T11:03:44","date_gmt":"2026-01-30T11:03:44","guid":{"rendered":"https:\/\/www.imprentadigitalguzman.com\/inicio\/?post_type=product&#038;p=251"},"modified":"2026-04-13T12:31:30","modified_gmt":"2026-04-13T12:31:30","slug":"regular-premium-tshirt-personalizada-algodon-hombre","status":"publish","type":"product","link":"https:\/\/www.imprentadigitalguzman.com\/inicio\/producto\/regular-premium-tshirt-personalizada-algodon-hombre\/","title":{"rendered":"REGULAR PREMIUM T-SHIRT"},"content":{"rendered":"<p data-start=\"296\" data-end=\"629\">La <strong data-start=\"299\" data-end=\"338\">Regular Premium T-Shirt para hombre<\/strong> es una camiseta lisa de manga corta pensada para quienes buscan <strong data-start=\"403\" data-end=\"460\">mayor consistencia, durabilidad y un acabado superior<\/strong> en trabajos de personalizaci\u00f3n textil. Confeccionada en <strong data-start=\"517\" data-end=\"546\">100 % algod\u00f3n preencogido<\/strong>, garantiza estabilidad en la talla y un excelente comportamiento tras los lavados.<\/p>\n<p data-start=\"631\" data-end=\"879\">Gracias a su <strong data-start=\"644\" data-end=\"675\">gramaje alto (185\u2013190 g\/m\u00b2)<\/strong>, esta camiseta est\u00e1 especialmente recomendada para <strong data-start=\"727\" data-end=\"747\">climas m\u00e1s fr\u00edos<\/strong> o para proyectos donde se requiere una prenda con m\u00e1s cuerpo y presencia, como uniformes, merchandising premium o ropa corporativa.<\/p>\n<p data-start=\"881\" data-end=\"1116\">Cuenta con <strong data-start=\"892\" data-end=\"913\">cuello canal\u00e9 1&#215;1<\/strong>, que aporta resistencia y mantiene la forma, adem\u00e1s de <strong data-start=\"969\" data-end=\"987\">tejido tubular<\/strong>, <strong data-start=\"989\" data-end=\"1023\">doble costura en mangas y bajo<\/strong> y <strong data-start=\"1026\" data-end=\"1057\">refuerzo de hombro a hombro<\/strong>, asegurando una prenda s\u00f3lida, c\u00f3moda y de larga duraci\u00f3n.<\/p>\n<p data-start=\"1118\" data-end=\"1332\">La <strong data-start=\"1121\" data-end=\"1143\">etiqueta removible<\/strong> la convierte en una opci\u00f3n ideal para marcas y eventos personalizados. Es totalmente compatible con <strong data-start=\"1244\" data-end=\"1284\">serigraf\u00eda, vinilo textil y transfer<\/strong>, ofreciendo resultados n\u00edtidos y profesionales.<\/p>\n<p data-start=\"1334\" data-end=\"1467\">Disponible en <strong data-start=\"1348\" data-end=\"1362\">51 colores<\/strong> y en tallas desde la <strong data-start=\"1384\" data-end=\"1403\">XS hasta la 5XL<\/strong>, esta camiseta se adapta a todo tipo de necesidades y p\u00fablicos.<\/p>\n<hr data-start=\"1469\" data-end=\"1472\" \/>\n<h3 data-start=\"1474\" data-end=\"1506\"><strong data-start=\"1478\" data-end=\"1506\">Caracter\u00edsticas t\u00e9cnicas<\/strong><\/h3>\n<ul data-start=\"1507\" data-end=\"1724\">\n<li data-start=\"1507\" data-end=\"1522\">\n<p data-start=\"1509\" data-end=\"1522\">Manga corta<\/p>\n<\/li>\n<li data-start=\"1523\" data-end=\"1544\">\n<p data-start=\"1525\" data-end=\"1544\">Cuello canal\u00e9 1&#215;1<\/p>\n<\/li>\n<li data-start=\"1545\" data-end=\"1563\">\n<p data-start=\"1547\" data-end=\"1563\">Tejido tubular<\/p>\n<\/li>\n<li data-start=\"1564\" data-end=\"1598\">\n<p data-start=\"1566\" data-end=\"1598\">Doble costura en mangas y bajo<\/p>\n<\/li>\n<li data-start=\"1599\" data-end=\"1630\">\n<p data-start=\"1601\" data-end=\"1630\">Refuerzo de hombro a hombro<\/p>\n<\/li>\n<li data-start=\"1631\" data-end=\"1653\">\n<p data-start=\"1633\" data-end=\"1653\">Etiqueta removible<\/p>\n<\/li>\n<li data-start=\"1654\" data-end=\"1690\">\n<p data-start=\"1656\" data-end=\"1690\">Gramaje: <strong data-start=\"1665\" data-end=\"1688\">185\u2013190 g\/m\u00b2 aprox.<\/strong><\/p>\n<\/li>\n<li data-start=\"1691\" data-end=\"1724\">\n<p data-start=\"1693\" data-end=\"1724\">Recomendada para climas fr\u00edos<\/p>\n<\/li>\n<\/ul>\n<p>&nbsp;<\/p>\n<hr data-start=\"1726\" data-end=\"1729\" \/>\n<h3 data-start=\"1731\" data-end=\"1762\"><strong data-start=\"1735\" data-end=\"1762\">Composici\u00f3n seg\u00fan color<\/strong><\/h3>\n<ul data-start=\"1763\" data-end=\"1993\">\n<li data-start=\"1763\" data-end=\"1810\">\n<p data-start=\"1765\" data-end=\"1810\"><strong data-start=\"1765\" data-end=\"1780\">Colores GM:<\/strong> 85 % algod\u00f3n \/ 15 % viscosa<\/p>\n<\/li>\n<li data-start=\"1811\" data-end=\"1855\">\n<p data-start=\"1813\" data-end=\"1855\"><strong data-start=\"1813\" data-end=\"1826\">Color AS:<\/strong> 98 % algod\u00f3n \/ 2 % viscosa<\/p>\n<\/li>\n<li data-start=\"1856\" data-end=\"1941\">\n<p data-start=\"1858\" data-end=\"1941\"><strong data-start=\"1858\" data-end=\"1866\">PFD:<\/strong> camiseta especial para tintar, con costuras laterales y talla m\u00e1s grande<\/p>\n<\/li>\n<li data-start=\"1942\" data-end=\"1993\">\n<p data-start=\"1944\" data-end=\"1993\"><strong data-start=\"1944\" data-end=\"1965\">Resto de colores:<\/strong> 100 % algod\u00f3n preencogido<\/p>\n<\/li>\n<\/ul>\n","protected":false},"excerpt":{"rendered":"<p>Camiseta premium de hombre en algod\u00f3n preencogido, con gramaje alto y acabado resistente. Ideal para personalizaci\u00f3n con serigraf\u00eda, vinilo o transfer. Disponible en 51 colores y tallas XS a 5XL.<\/p>\n","protected":false},"featured_media":252,"comment_status":"open","ping_status":"closed","template":"","meta":{"_et_pb_use_builder":"","_et_pb_old_content":"","_et_gb_content_width":"","_joinchat":[]},"product_brand":[],"product_cat":[104,103],"product_tag":[106,110,108,105,127,128],"class_list":{"0":"post-251","1":"product","2":"type-product","3":"status-publish","4":"has-post-thumbnail","6":"product_cat-camiseta","7":"product_cat-hombre","8":"product_tag-algodon","9":"product_tag-camiseta-para-personalizar","10":"product_tag-camiseta-tubular","11":"product_tag-manga-corta","12":"product_tag-premium","13":"product_tag-regular","15":"first","16":"instock","17":"taxable","18":"shipping-taxable","19":"purchasable","20":"product-type-variable"},"yoast_head":"<!-- This site is optimized with the Yoast SEO plugin v27.4 - https:\/\/yoast.com\/product\/yoast-seo-wordpress\/ -->\n<title>REGULAR PREMIUM T-SHIRT - Imprenta Digital Guzm\u00e1n<\/title>\n<meta name=\"description\" content=\"Camiseta premium de hombre en algod\u00f3n preencogido y gramaje alto, ideal para personalizaci\u00f3n textil. 51 colores disponibles y tallas XS a 5XL.\" \/>\n<meta name=\"robots\" content=\"index, follow, max-snippet:-1, max-image-preview:large, max-video-preview:-1\" \/>\n<link rel=\"canonical\" href=\"https:\/\/www.imprentadigitalguzman.com\/inicio\/producto\/regular-premium-tshirt-personalizada-algodon-hombre\/\" \/>\n<meta property=\"og:locale\" content=\"es_ES\" \/>\n<meta property=\"og:type\" content=\"article\" \/>\n<meta property=\"og:title\" content=\"REGULAR PREMIUM T-SHIRT - Imprenta Digital Guzm\u00e1n\" \/>\n<meta property=\"og:description\" content=\"Camiseta premium de hombre en algod\u00f3n preencogido y gramaje alto, ideal para personalizaci\u00f3n textil. 51 colores disponibles y tallas XS a 5XL.\" \/>\n<meta property=\"og:url\" content=\"https:\/\/www.imprentadigitalguzman.com\/inicio\/producto\/regular-premium-tshirt-personalizada-algodon-hombre\/\" \/>\n<meta property=\"og:site_name\" content=\"Imprenta Digital Guzm\u00e1n\" \/>\n<meta property=\"article:modified_time\" content=\"2026-04-13T12:31:30+00:00\" \/>\n<meta property=\"og:image\" content=\"https:\/\/www.imprentadigitalguzman.com\/wp-content\/uploads\/2026\/01\/ChatGPT-Image-30-ene-2026-11_44_57.jpg\" \/>\n\t<meta property=\"og:image:width\" content=\"800\" \/>\n\t<meta property=\"og:image:height\" content=\"800\" \/>\n\t<meta property=\"og:image:type\" content=\"image\/jpeg\" \/>\n<meta name=\"twitter:card\" content=\"summary_large_image\" \/>\n<meta name=\"twitter:label1\" content=\"Tiempo de lectura\" \/>\n\t<meta name=\"twitter:data1\" content=\"2 minutos\" \/>\n<script type=\"application\/ld+json\" class=\"yoast-schema-graph\">{\"@context\":\"https:\\\/\\\/schema.org\",\"@graph\":[{\"@type\":\"WebPage\",\"@id\":\"https:\\\/\\\/www.imprentadigitalguzman.com\\\/inicio\\\/producto\\\/regular-premium-tshirt-personalizada-algodon-hombre\\\/\",\"url\":\"https:\\\/\\\/www.imprentadigitalguzman.com\\\/inicio\\\/producto\\\/regular-premium-tshirt-personalizada-algodon-hombre\\\/\",\"name\":\"REGULAR PREMIUM T-SHIRT - Imprenta Digital Guzm\u00e1n\",\"isPartOf\":{\"@id\":\"https:\\\/\\\/www.imprentadigitalguzman.com\\\/inicio\\\/#website\"},\"primaryImageOfPage\":{\"@id\":\"https:\\\/\\\/www.imprentadigitalguzman.com\\\/inicio\\\/producto\\\/regular-premium-tshirt-personalizada-algodon-hombre\\\/#primaryimage\"},\"image\":{\"@id\":\"https:\\\/\\\/www.imprentadigitalguzman.com\\\/inicio\\\/producto\\\/regular-premium-tshirt-personalizada-algodon-hombre\\\/#primaryimage\"},\"thumbnailUrl\":\"https:\\\/\\\/www.imprentadigitalguzman.com\\\/wp-content\\\/uploads\\\/2026\\\/01\\\/ChatGPT-Image-30-ene-2026-11_44_57.jpg\",\"datePublished\":\"2026-01-30T11:03:44+00:00\",\"dateModified\":\"2026-04-13T12:31:30+00:00\",\"description\":\"Camiseta premium de hombre en algod\u00f3n preencogido y gramaje alto, ideal para personalizaci\u00f3n textil. 51 colores disponibles y tallas XS a 5XL.\",\"breadcrumb\":{\"@id\":\"https:\\\/\\\/www.imprentadigitalguzman.com\\\/inicio\\\/producto\\\/regular-premium-tshirt-personalizada-algodon-hombre\\\/#breadcrumb\"},\"inLanguage\":\"es\",\"potentialAction\":[{\"@type\":\"ReadAction\",\"target\":[\"https:\\\/\\\/www.imprentadigitalguzman.com\\\/inicio\\\/producto\\\/regular-premium-tshirt-personalizada-algodon-hombre\\\/\"]}]},{\"@type\":\"ImageObject\",\"inLanguage\":\"es\",\"@id\":\"https:\\\/\\\/www.imprentadigitalguzman.com\\\/inicio\\\/producto\\\/regular-premium-tshirt-personalizada-algodon-hombre\\\/#primaryimage\",\"url\":\"https:\\\/\\\/www.imprentadigitalguzman.com\\\/wp-content\\\/uploads\\\/2026\\\/01\\\/ChatGPT-Image-30-ene-2026-11_44_57.jpg\",\"contentUrl\":\"https:\\\/\\\/www.imprentadigitalguzman.com\\\/wp-content\\\/uploads\\\/2026\\\/01\\\/ChatGPT-Image-30-ene-2026-11_44_57.jpg\",\"width\":800,\"height\":800,\"caption\":\"camisetas-personalizables-merchandising-espa\u00f1a-mejor-precio\"},{\"@type\":\"BreadcrumbList\",\"@id\":\"https:\\\/\\\/www.imprentadigitalguzman.com\\\/inicio\\\/producto\\\/regular-premium-tshirt-personalizada-algodon-hombre\\\/#breadcrumb\",\"itemListElement\":[{\"@type\":\"ListItem\",\"position\":1,\"name\":\"Portada\",\"item\":\"https:\\\/\\\/www.imprentadigitalguzman.com\\\/inicio\\\/\"},{\"@type\":\"ListItem\",\"position\":2,\"name\":\"Shop\",\"item\":\"https:\\\/\\\/www.imprentadigitalguzman.com\\\/inicio\\\/shop\\\/\"},{\"@type\":\"ListItem\",\"position\":3,\"name\":\"REGULAR PREMIUM T-SHIRT\"}]},{\"@type\":\"WebSite\",\"@id\":\"https:\\\/\\\/www.imprentadigitalguzman.com\\\/inicio\\\/#website\",\"url\":\"https:\\\/\\\/www.imprentadigitalguzman.com\\\/inicio\\\/\",\"name\":\"Imprenta Digital Guzm\u00e1n\",\"description\":\"\",\"potentialAction\":[{\"@type\":\"SearchAction\",\"target\":{\"@type\":\"EntryPoint\",\"urlTemplate\":\"https:\\\/\\\/www.imprentadigitalguzman.com\\\/inicio\\\/?s={search_term_string}\"},\"query-input\":{\"@type\":\"PropertyValueSpecification\",\"valueRequired\":true,\"valueName\":\"search_term_string\"}}],\"inLanguage\":\"es\"}]}<\/script>\n<!-- \/ Yoast SEO plugin. -->","yoast_head_json":{"title":"REGULAR PREMIUM T-SHIRT - Imprenta Digital Guzm\u00e1n","description":"Camiseta premium de hombre en algod\u00f3n preencogido y gramaje alto, ideal para personalizaci\u00f3n textil. 51 colores disponibles y tallas XS a 5XL.","robots":{"index":"index","follow":"follow","max-snippet":"max-snippet:-1","max-image-preview":"max-image-preview:large","max-video-preview":"max-video-preview:-1"},"canonical":"https:\/\/www.imprentadigitalguzman.com\/inicio\/producto\/regular-premium-tshirt-personalizada-algodon-hombre\/","og_locale":"es_ES","og_type":"article","og_title":"REGULAR PREMIUM T-SHIRT - Imprenta Digital Guzm\u00e1n","og_description":"Camiseta premium de hombre en algod\u00f3n preencogido y gramaje alto, ideal para personalizaci\u00f3n textil. 51 colores disponibles y tallas XS a 5XL.","og_url":"https:\/\/www.imprentadigitalguzman.com\/inicio\/producto\/regular-premium-tshirt-personalizada-algodon-hombre\/","og_site_name":"Imprenta Digital Guzm\u00e1n","article_modified_time":"2026-04-13T12:31:30+00:00","og_image":[{"width":800,"height":800,"url":"https:\/\/www.imprentadigitalguzman.com\/wp-content\/uploads\/2026\/01\/ChatGPT-Image-30-ene-2026-11_44_57.jpg","type":"image\/jpeg"}],"twitter_card":"summary_large_image","twitter_misc":{"Tiempo de lectura":"2 minutos"},"schema":{"@context":"https:\/\/schema.org","@graph":[{"@type":"WebPage","@id":"https:\/\/www.imprentadigitalguzman.com\/inicio\/producto\/regular-premium-tshirt-personalizada-algodon-hombre\/","url":"https:\/\/www.imprentadigitalguzman.com\/inicio\/producto\/regular-premium-tshirt-personalizada-algodon-hombre\/","name":"REGULAR PREMIUM T-SHIRT - Imprenta Digital Guzm\u00e1n","isPartOf":{"@id":"https:\/\/www.imprentadigitalguzman.com\/inicio\/#website"},"primaryImageOfPage":{"@id":"https:\/\/www.imprentadigitalguzman.com\/inicio\/producto\/regular-premium-tshirt-personalizada-algodon-hombre\/#primaryimage"},"image":{"@id":"https:\/\/www.imprentadigitalguzman.com\/inicio\/producto\/regular-premium-tshirt-personalizada-algodon-hombre\/#primaryimage"},"thumbnailUrl":"https:\/\/www.imprentadigitalguzman.com\/wp-content\/uploads\/2026\/01\/ChatGPT-Image-30-ene-2026-11_44_57.jpg","datePublished":"2026-01-30T11:03:44+00:00","dateModified":"2026-04-13T12:31:30+00:00","description":"Camiseta premium de hombre en algod\u00f3n preencogido y gramaje alto, ideal para personalizaci\u00f3n textil. 51 colores disponibles y tallas XS a 5XL.","breadcrumb":{"@id":"https:\/\/www.imprentadigitalguzman.com\/inicio\/producto\/regular-premium-tshirt-personalizada-algodon-hombre\/#breadcrumb"},"inLanguage":"es","potentialAction":[{"@type":"ReadAction","target":["https:\/\/www.imprentadigitalguzman.com\/inicio\/producto\/regular-premium-tshirt-personalizada-algodon-hombre\/"]}]},{"@type":"ImageObject","inLanguage":"es","@id":"https:\/\/www.imprentadigitalguzman.com\/inicio\/producto\/regular-premium-tshirt-personalizada-algodon-hombre\/#primaryimage","url":"https:\/\/www.imprentadigitalguzman.com\/wp-content\/uploads\/2026\/01\/ChatGPT-Image-30-ene-2026-11_44_57.jpg","contentUrl":"https:\/\/www.imprentadigitalguzman.com\/wp-content\/uploads\/2026\/01\/ChatGPT-Image-30-ene-2026-11_44_57.jpg","width":800,"height":800,"caption":"camisetas-personalizables-merchandising-espa\u00f1a-mejor-precio"},{"@type":"BreadcrumbList","@id":"https:\/\/www.imprentadigitalguzman.com\/inicio\/producto\/regular-premium-tshirt-personalizada-algodon-hombre\/#breadcrumb","itemListElement":[{"@type":"ListItem","position":1,"name":"Portada","item":"https:\/\/www.imprentadigitalguzman.com\/inicio\/"},{"@type":"ListItem","position":2,"name":"Shop","item":"https:\/\/www.imprentadigitalguzman.com\/inicio\/shop\/"},{"@type":"ListItem","position":3,"name":"REGULAR PREMIUM T-SHIRT"}]},{"@type":"WebSite","@id":"https:\/\/www.imprentadigitalguzman.com\/inicio\/#website","url":"https:\/\/www.imprentadigitalguzman.com\/inicio\/","name":"Imprenta Digital Guzm\u00e1n","description":"","potentialAction":[{"@type":"SearchAction","target":{"@type":"EntryPoint","urlTemplate":"https:\/\/www.imprentadigitalguzman.com\/inicio\/?s={search_term_string}"},"query-input":{"@type":"PropertyValueSpecification","valueRequired":true,"valueName":"search_term_string"}}],"inLanguage":"es"}]}},"_links":{"self":[{"href":"https:\/\/www.imprentadigitalguzman.com\/inicio\/wp-json\/wp\/v2\/product\/251","targetHints":{"allow":["GET"]}}],"collection":[{"href":"https:\/\/www.imprentadigitalguzman.com\/inicio\/wp-json\/wp\/v2\/product"}],"about":[{"href":"https:\/\/www.imprentadigitalguzman.com\/inicio\/wp-json\/wp\/v2\/types\/product"}],"replies":[{"embeddable":true,"href":"https:\/\/www.imprentadigitalguzman.com\/inicio\/wp-json\/wp\/v2\/comments?post=251"}],"wp:featuredmedia":[{"embeddable":true,"href":"https:\/\/www.imprentadigitalguzman.com\/inicio\/wp-json\/wp\/v2\/media\/252"}],"wp:attachment":[{"href":"https:\/\/www.imprentadigitalguzman.com\/inicio\/wp-json\/wp\/v2\/media?parent=251"}],"wp:term":[{"taxonomy":"product_brand","embeddable":true,"href":"https:\/\/www.imprentadigitalguzman.com\/inicio\/wp-json\/wp\/v2\/product_brand?post=251"},{"taxonomy":"product_cat","embeddable":true,"href":"https:\/\/www.imprentadigitalguzman.com\/inicio\/wp-json\/wp\/v2\/product_cat?post=251"},{"taxonomy":"product_tag","embeddable":true,"href":"https:\/\/www.imprentadigitalguzman.com\/inicio\/wp-json\/wp\/v2\/product_tag?post=251"}],"curies":[{"name":"wp","href":"https:\/\/api.w.org\/{rel}","templated":true}]}}