{"id":197,"date":"2026-01-30T10:23:45","date_gmt":"2026-01-30T10:23:45","guid":{"rendered":"https:\/\/www.imprentadigitalguzman.com\/inicio\/?post_type=product&#038;p=197"},"modified":"2026-04-13T12:31:32","modified_gmt":"2026-04-13T12:31:32","slug":"camiseta-lisa-personalizada-algodon-hombre","status":"publish","type":"product","link":"https:\/\/www.imprentadigitalguzman.com\/inicio\/producto\/camiseta-lisa-personalizada-algodon-hombre\/","title":{"rendered":"REGULAR HIT T-SHIRT"},"content":{"rendered":"<p data-start=\"248\" data-end=\"579\">Nuestra <strong data-start=\"256\" data-end=\"300\">camiseta lisa para hombre de manga corta<\/strong> es una prenda b\u00e1sica de alta calidad, dise\u00f1ada para ofrecer comodidad, resistencia y un acabado profesional en trabajos de personalizaci\u00f3n textil. Est\u00e1 confeccionada en <strong data-start=\"470\" data-end=\"493\">algod\u00f3n preencogido<\/strong>, lo que asegura estabilidad en la talla y una excelente durabilidad tras los lavados.<\/p>\n<p data-start=\"581\" data-end=\"844\">Presenta <strong data-start=\"590\" data-end=\"618\">cuello redondo con lycra<\/strong>, que aporta elasticidad y mantiene la forma con el uso. Su <strong data-start=\"678\" data-end=\"696\">tejido tubular<\/strong>, junto con la <strong data-start=\"711\" data-end=\"745\">doble costura en mangas y bajo<\/strong>, garantiza un ajuste c\u00f3modo y una mayor resistencia, ideal para uso diario, laboral o promocional.<\/p>\n<p data-start=\"846\" data-end=\"1131\">Incluye <strong data-start=\"854\" data-end=\"885\">refuerzo de hombro a hombro<\/strong>, mejorando la estructura de la prenda, y <strong data-start=\"927\" data-end=\"949\">etiqueta removible<\/strong>, perfecta para marcas, eventos y merchandising personalizado.<br data-start=\"1011\" data-end=\"1014\" \/>Es totalmente compatible con <strong data-start=\"1043\" data-end=\"1083\">serigraf\u00eda, vinilo textil y transfer<\/strong>, ofreciendo resultados limpios y profesionales.<\/p>\n<p data-start=\"1133\" data-end=\"1367\">Disponible en <strong data-start=\"1147\" data-end=\"1161\">12 colores<\/strong> y en tallas que van desde la <strong data-start=\"1191\" data-end=\"1210\">XS hasta la 5XL<\/strong>, esta camiseta se adapta a todo tipo de necesidades. Tambi\u00e9n est\u00e1 disponible en <strong data-start=\"1291\" data-end=\"1313\">versi\u00f3n para mujer<\/strong>, permitiendo crear conjuntos o colecciones completas.<\/p>\n<p data-start=\"1369\" data-end=\"1532\">Con un <strong data-start=\"1376\" data-end=\"1407\">gramaje aproximado de 170 g<\/strong>, ofrece el equilibrio perfecto entre ligereza y consistencia, siendo una opci\u00f3n fiable para personalizaci\u00f3n y uso intensivo.<\/p>\n<h3 data-start=\"1539\" data-end=\"1571\"><strong data-start=\"1543\" data-end=\"1571\">Caracter\u00edsticas t\u00e9cnicas<\/strong><\/h3>\n<ul data-start=\"1572\" data-end=\"1756\">\n<li data-start=\"1572\" data-end=\"1587\">\n<p data-start=\"1574\" data-end=\"1587\">Manga corta<\/p>\n<\/li>\n<li data-start=\"1588\" data-end=\"1616\">\n<p data-start=\"1590\" data-end=\"1616\">Cuello redondo con lycra<\/p>\n<\/li>\n<li data-start=\"1617\" data-end=\"1635\">\n<p data-start=\"1619\" data-end=\"1635\">Tejido tubular<\/p>\n<\/li>\n<li data-start=\"1636\" data-end=\"1670\">\n<p data-start=\"1638\" data-end=\"1670\">Doble costura en mangas y bajo<\/p>\n<\/li>\n<li data-start=\"1671\" data-end=\"1702\">\n<p data-start=\"1673\" data-end=\"1702\">Refuerzo de hombro a hombro<\/p>\n<\/li>\n<li data-start=\"1703\" data-end=\"1725\">\n<p data-start=\"1705\" data-end=\"1725\">Etiqueta removible<\/p>\n<\/li>\n<li data-start=\"1726\" data-end=\"1756\">\n<p data-start=\"1728\" data-end=\"1756\">Gramaje: <strong data-start=\"1737\" data-end=\"1756\">170 g\/m\u00b2 aprox.<\/strong><\/p>\n<\/li>\n<\/ul>\n<hr data-start=\"1758\" data-end=\"1761\" \/>\n<h3 data-start=\"1763\" data-end=\"1794\"><\/h3>\n<h3 data-start=\"1763\" data-end=\"1794\"><strong data-start=\"1767\" data-end=\"1794\">Composici\u00f3n seg\u00fan color<\/strong><\/h3>\n<ul data-start=\"1795\" data-end=\"1939\">\n<li data-start=\"1795\" data-end=\"1842\">\n<p data-start=\"1797\" data-end=\"1842\"><strong data-start=\"1797\" data-end=\"1812\">Colores GM:<\/strong> 85 % algod\u00f3n \/ 15 % viscosa<\/p>\n<\/li>\n<li data-start=\"1843\" data-end=\"1887\">\n<p data-start=\"1845\" data-end=\"1887\"><strong data-start=\"1845\" data-end=\"1858\">Color AS:<\/strong> 98 % algod\u00f3n \/ 2 % viscosa<\/p>\n<\/li>\n<li data-start=\"1888\" data-end=\"1939\">\n<p data-start=\"1890\" data-end=\"1939\"><strong data-start=\"1890\" data-end=\"1911\">Resto de colores:<\/strong> 100 % algod\u00f3n preencogido<\/p>\n<\/li>\n<\/ul>\n","protected":false},"excerpt":{"rendered":"<p>Camiseta lisa de hombre en algod\u00f3n preencogido, con cuello redondo con lycra y tejido tubular. Ideal para serigraf\u00eda, vinilo y transfer. Disponible en 12 colores y tallas XS a 5XL.<\/p>\n","protected":false},"featured_media":198,"comment_status":"closed","ping_status":"closed","template":"","meta":{"_et_pb_use_builder":"","_et_pb_old_content":"","_et_gb_content_width":"","_joinchat":[]},"product_brand":[],"product_cat":[104,103],"product_tag":[106,110,108,105,113],"class_list":{"0":"post-197","1":"product","2":"type-product","3":"status-publish","4":"has-post-thumbnail","6":"product_cat-camiseta","7":"product_cat-hombre","8":"product_tag-algodon","9":"product_tag-camiseta-para-personalizar","10":"product_tag-camiseta-tubular","11":"product_tag-manga-corta","12":"product_tag-regular-hit","14":"first","15":"instock","16":"taxable","17":"shipping-taxable","18":"purchasable","19":"product-type-variable"},"yoast_head":"<!-- This site is optimized with the Yoast SEO plugin v27.4 - https:\/\/yoast.com\/product\/yoast-seo-wordpress\/ -->\n<title>REGULAR HIT T-SHIRT - Imprenta Digital Guzm\u00e1n<\/title>\n<meta name=\"description\" content=\"Camiseta lisa de hombre en algod\u00f3n preencogido, con cuello redondo con lycra y tejido tubular. Ideal para serigraf\u00eda, vinilo y transfer.\" \/>\n<meta name=\"robots\" content=\"index, follow, max-snippet:-1, max-image-preview:large, max-video-preview:-1\" \/>\n<link rel=\"canonical\" href=\"https:\/\/www.imprentadigitalguzman.com\/inicio\/producto\/camiseta-lisa-personalizada-algodon-hombre\/\" \/>\n<meta property=\"og:locale\" content=\"es_ES\" \/>\n<meta property=\"og:type\" content=\"article\" \/>\n<meta property=\"og:title\" content=\"REGULAR HIT T-SHIRT - Imprenta Digital Guzm\u00e1n\" \/>\n<meta property=\"og:description\" content=\"Camiseta lisa de hombre en algod\u00f3n preencogido, con cuello redondo con lycra y tejido tubular. Ideal para serigraf\u00eda, vinilo y transfer.\" \/>\n<meta property=\"og:url\" content=\"https:\/\/www.imprentadigitalguzman.com\/inicio\/producto\/camiseta-lisa-personalizada-algodon-hombre\/\" \/>\n<meta property=\"og:site_name\" content=\"Imprenta Digital Guzm\u00e1n\" \/>\n<meta property=\"article:modified_time\" content=\"2026-04-13T12:31:32+00:00\" \/>\n<meta property=\"og:image\" content=\"https:\/\/www.imprentadigitalguzman.com\/wp-content\/uploads\/2026\/01\/ChatGPT-Image-30-ene-2026-11_06_20.jpg\" \/>\n\t<meta property=\"og:image:width\" content=\"800\" \/>\n\t<meta property=\"og:image:height\" content=\"800\" \/>\n\t<meta property=\"og:image:type\" content=\"image\/jpeg\" \/>\n<meta name=\"twitter:card\" content=\"summary_large_image\" \/>\n<meta name=\"twitter:label1\" content=\"Tiempo de lectura\" \/>\n\t<meta name=\"twitter:data1\" content=\"2 minutos\" \/>\n<script type=\"application\/ld+json\" class=\"yoast-schema-graph\">{\"@context\":\"https:\\\/\\\/schema.org\",\"@graph\":[{\"@type\":\"WebPage\",\"@id\":\"https:\\\/\\\/www.imprentadigitalguzman.com\\\/inicio\\\/producto\\\/camiseta-lisa-personalizada-algodon-hombre\\\/\",\"url\":\"https:\\\/\\\/www.imprentadigitalguzman.com\\\/inicio\\\/producto\\\/camiseta-lisa-personalizada-algodon-hombre\\\/\",\"name\":\"REGULAR HIT T-SHIRT - Imprenta Digital Guzm\u00e1n\",\"isPartOf\":{\"@id\":\"https:\\\/\\\/www.imprentadigitalguzman.com\\\/inicio\\\/#website\"},\"primaryImageOfPage\":{\"@id\":\"https:\\\/\\\/www.imprentadigitalguzman.com\\\/inicio\\\/producto\\\/camiseta-lisa-personalizada-algodon-hombre\\\/#primaryimage\"},\"image\":{\"@id\":\"https:\\\/\\\/www.imprentadigitalguzman.com\\\/inicio\\\/producto\\\/camiseta-lisa-personalizada-algodon-hombre\\\/#primaryimage\"},\"thumbnailUrl\":\"https:\\\/\\\/www.imprentadigitalguzman.com\\\/wp-content\\\/uploads\\\/2026\\\/01\\\/ChatGPT-Image-30-ene-2026-11_06_20.jpg\",\"datePublished\":\"2026-01-30T10:23:45+00:00\",\"dateModified\":\"2026-04-13T12:31:32+00:00\",\"description\":\"Camiseta lisa de hombre en algod\u00f3n preencogido, con cuello redondo con lycra y tejido tubular. Ideal para serigraf\u00eda, vinilo y transfer.\",\"breadcrumb\":{\"@id\":\"https:\\\/\\\/www.imprentadigitalguzman.com\\\/inicio\\\/producto\\\/camiseta-lisa-personalizada-algodon-hombre\\\/#breadcrumb\"},\"inLanguage\":\"es\",\"potentialAction\":[{\"@type\":\"ReadAction\",\"target\":[\"https:\\\/\\\/www.imprentadigitalguzman.com\\\/inicio\\\/producto\\\/camiseta-lisa-personalizada-algodon-hombre\\\/\"]}]},{\"@type\":\"ImageObject\",\"inLanguage\":\"es\",\"@id\":\"https:\\\/\\\/www.imprentadigitalguzman.com\\\/inicio\\\/producto\\\/camiseta-lisa-personalizada-algodon-hombre\\\/#primaryimage\",\"url\":\"https:\\\/\\\/www.imprentadigitalguzman.com\\\/wp-content\\\/uploads\\\/2026\\\/01\\\/ChatGPT-Image-30-ene-2026-11_06_20.jpg\",\"contentUrl\":\"https:\\\/\\\/www.imprentadigitalguzman.com\\\/wp-content\\\/uploads\\\/2026\\\/01\\\/ChatGPT-Image-30-ene-2026-11_06_20.jpg\",\"width\":800,\"height\":800,\"caption\":\"camisetas-personalizables-merchandising-espa\u00f1a-mejor-precio\"},{\"@type\":\"BreadcrumbList\",\"@id\":\"https:\\\/\\\/www.imprentadigitalguzman.com\\\/inicio\\\/producto\\\/camiseta-lisa-personalizada-algodon-hombre\\\/#breadcrumb\",\"itemListElement\":[{\"@type\":\"ListItem\",\"position\":1,\"name\":\"Portada\",\"item\":\"https:\\\/\\\/www.imprentadigitalguzman.com\\\/inicio\\\/\"},{\"@type\":\"ListItem\",\"position\":2,\"name\":\"Shop\",\"item\":\"https:\\\/\\\/www.imprentadigitalguzman.com\\\/inicio\\\/shop\\\/\"},{\"@type\":\"ListItem\",\"position\":3,\"name\":\"REGULAR HIT T-SHIRT\"}]},{\"@type\":\"WebSite\",\"@id\":\"https:\\\/\\\/www.imprentadigitalguzman.com\\\/inicio\\\/#website\",\"url\":\"https:\\\/\\\/www.imprentadigitalguzman.com\\\/inicio\\\/\",\"name\":\"Imprenta Digital Guzm\u00e1n\",\"description\":\"\",\"potentialAction\":[{\"@type\":\"SearchAction\",\"target\":{\"@type\":\"EntryPoint\",\"urlTemplate\":\"https:\\\/\\\/www.imprentadigitalguzman.com\\\/inicio\\\/?s={search_term_string}\"},\"query-input\":{\"@type\":\"PropertyValueSpecification\",\"valueRequired\":true,\"valueName\":\"search_term_string\"}}],\"inLanguage\":\"es\"}]}<\/script>\n<!-- \/ Yoast SEO plugin. -->","yoast_head_json":{"title":"REGULAR HIT T-SHIRT - Imprenta Digital Guzm\u00e1n","description":"Camiseta lisa de hombre en algod\u00f3n preencogido, con cuello redondo con lycra y tejido tubular. Ideal para serigraf\u00eda, vinilo y transfer.","robots":{"index":"index","follow":"follow","max-snippet":"max-snippet:-1","max-image-preview":"max-image-preview:large","max-video-preview":"max-video-preview:-1"},"canonical":"https:\/\/www.imprentadigitalguzman.com\/inicio\/producto\/camiseta-lisa-personalizada-algodon-hombre\/","og_locale":"es_ES","og_type":"article","og_title":"REGULAR HIT T-SHIRT - Imprenta Digital Guzm\u00e1n","og_description":"Camiseta lisa de hombre en algod\u00f3n preencogido, con cuello redondo con lycra y tejido tubular. Ideal para serigraf\u00eda, vinilo y transfer.","og_url":"https:\/\/www.imprentadigitalguzman.com\/inicio\/producto\/camiseta-lisa-personalizada-algodon-hombre\/","og_site_name":"Imprenta Digital Guzm\u00e1n","article_modified_time":"2026-04-13T12:31:32+00:00","og_image":[{"width":800,"height":800,"url":"https:\/\/www.imprentadigitalguzman.com\/wp-content\/uploads\/2026\/01\/ChatGPT-Image-30-ene-2026-11_06_20.jpg","type":"image\/jpeg"}],"twitter_card":"summary_large_image","twitter_misc":{"Tiempo de lectura":"2 minutos"},"schema":{"@context":"https:\/\/schema.org","@graph":[{"@type":"WebPage","@id":"https:\/\/www.imprentadigitalguzman.com\/inicio\/producto\/camiseta-lisa-personalizada-algodon-hombre\/","url":"https:\/\/www.imprentadigitalguzman.com\/inicio\/producto\/camiseta-lisa-personalizada-algodon-hombre\/","name":"REGULAR HIT T-SHIRT - Imprenta Digital Guzm\u00e1n","isPartOf":{"@id":"https:\/\/www.imprentadigitalguzman.com\/inicio\/#website"},"primaryImageOfPage":{"@id":"https:\/\/www.imprentadigitalguzman.com\/inicio\/producto\/camiseta-lisa-personalizada-algodon-hombre\/#primaryimage"},"image":{"@id":"https:\/\/www.imprentadigitalguzman.com\/inicio\/producto\/camiseta-lisa-personalizada-algodon-hombre\/#primaryimage"},"thumbnailUrl":"https:\/\/www.imprentadigitalguzman.com\/wp-content\/uploads\/2026\/01\/ChatGPT-Image-30-ene-2026-11_06_20.jpg","datePublished":"2026-01-30T10:23:45+00:00","dateModified":"2026-04-13T12:31:32+00:00","description":"Camiseta lisa de hombre en algod\u00f3n preencogido, con cuello redondo con lycra y tejido tubular. Ideal para serigraf\u00eda, vinilo y transfer.","breadcrumb":{"@id":"https:\/\/www.imprentadigitalguzman.com\/inicio\/producto\/camiseta-lisa-personalizada-algodon-hombre\/#breadcrumb"},"inLanguage":"es","potentialAction":[{"@type":"ReadAction","target":["https:\/\/www.imprentadigitalguzman.com\/inicio\/producto\/camiseta-lisa-personalizada-algodon-hombre\/"]}]},{"@type":"ImageObject","inLanguage":"es","@id":"https:\/\/www.imprentadigitalguzman.com\/inicio\/producto\/camiseta-lisa-personalizada-algodon-hombre\/#primaryimage","url":"https:\/\/www.imprentadigitalguzman.com\/wp-content\/uploads\/2026\/01\/ChatGPT-Image-30-ene-2026-11_06_20.jpg","contentUrl":"https:\/\/www.imprentadigitalguzman.com\/wp-content\/uploads\/2026\/01\/ChatGPT-Image-30-ene-2026-11_06_20.jpg","width":800,"height":800,"caption":"camisetas-personalizables-merchandising-espa\u00f1a-mejor-precio"},{"@type":"BreadcrumbList","@id":"https:\/\/www.imprentadigitalguzman.com\/inicio\/producto\/camiseta-lisa-personalizada-algodon-hombre\/#breadcrumb","itemListElement":[{"@type":"ListItem","position":1,"name":"Portada","item":"https:\/\/www.imprentadigitalguzman.com\/inicio\/"},{"@type":"ListItem","position":2,"name":"Shop","item":"https:\/\/www.imprentadigitalguzman.com\/inicio\/shop\/"},{"@type":"ListItem","position":3,"name":"REGULAR HIT T-SHIRT"}]},{"@type":"WebSite","@id":"https:\/\/www.imprentadigitalguzman.com\/inicio\/#website","url":"https:\/\/www.imprentadigitalguzman.com\/inicio\/","name":"Imprenta Digital Guzm\u00e1n","description":"","potentialAction":[{"@type":"SearchAction","target":{"@type":"EntryPoint","urlTemplate":"https:\/\/www.imprentadigitalguzman.com\/inicio\/?s={search_term_string}"},"query-input":{"@type":"PropertyValueSpecification","valueRequired":true,"valueName":"search_term_string"}}],"inLanguage":"es"}]}},"_links":{"self":[{"href":"https:\/\/www.imprentadigitalguzman.com\/inicio\/wp-json\/wp\/v2\/product\/197","targetHints":{"allow":["GET"]}}],"collection":[{"href":"https:\/\/www.imprentadigitalguzman.com\/inicio\/wp-json\/wp\/v2\/product"}],"about":[{"href":"https:\/\/www.imprentadigitalguzman.com\/inicio\/wp-json\/wp\/v2\/types\/product"}],"replies":[{"embeddable":true,"href":"https:\/\/www.imprentadigitalguzman.com\/inicio\/wp-json\/wp\/v2\/comments?post=197"}],"wp:featuredmedia":[{"embeddable":true,"href":"https:\/\/www.imprentadigitalguzman.com\/inicio\/wp-json\/wp\/v2\/media\/198"}],"wp:attachment":[{"href":"https:\/\/www.imprentadigitalguzman.com\/inicio\/wp-json\/wp\/v2\/media?parent=197"}],"wp:term":[{"taxonomy":"product_brand","embeddable":true,"href":"https:\/\/www.imprentadigitalguzman.com\/inicio\/wp-json\/wp\/v2\/product_brand?post=197"},{"taxonomy":"product_cat","embeddable":true,"href":"https:\/\/www.imprentadigitalguzman.com\/inicio\/wp-json\/wp\/v2\/product_cat?post=197"},{"taxonomy":"product_tag","embeddable":true,"href":"https:\/\/www.imprentadigitalguzman.com\/inicio\/wp-json\/wp\/v2\/product_tag?post=197"}],"curies":[{"name":"wp","href":"https:\/\/api.w.org\/{rel}","templated":true}]}}