{"id":104,"date":"2025-11-12T09:56:15","date_gmt":"2025-11-12T09:56:15","guid":{"rendered":"https:\/\/www.imprentadigitalguzman.com\/?page_id=104"},"modified":"2026-04-13T11:00:47","modified_gmt":"2026-04-13T11:00:47","slug":"contacto","status":"publish","type":"page","link":"https:\/\/www.imprentadigitalguzman.com\/inicio\/contacto\/","title":{"rendered":"Contacto"},"content":{"rendered":"<p>[et_pb_section fb_built=\u00bb1&#8243; _builder_version=\u00bb4.27.4&#8243; _module_preset=\u00bbdefault\u00bb bottom_divider_style=\u00bbramp2&#8243; bottom_divider_color=\u00bb#00596b\u00bb global_colors_info=\u00bb{}\u00bb][et_pb_row custom_padding_last_edited=\u00bbon|desktop\u00bb _builder_version=\u00bb4.27.6&#8243; _module_preset=\u00bbdefault\u00bb background_color=\u00bb#015c6b\u00bb use_background_color_gradient=\u00bbon\u00bb background_color_gradient_stops=\u00bbrgba(0,0,0,0.44) 0%|rgba(0,0,0,0.44) 100%\u00bb background_color_gradient_overlays_image=\u00bbon\u00bb background_color_gradient_start=\u00bbrgba(0,0,0,0.44)\u00bb background_color_gradient_end=\u00bbrgba(0,0,0,0.44)\u00bb background_enable_image=\u00bboff\u00bb width=\u00bb100%\u00bb max_width=\u00bb100%\u00bb max_width_tablet=\u00bb100%\u00bb max_width_phone=\u00bb100%\u00bb max_width_last_edited=\u00bbon|desktop\u00bb custom_padding=\u00bb100px||100px|0px|true|false\u00bb custom_padding_tablet=\u00bb80px||80px|0px|true|false\u00bb custom_padding_phone=\u00bb65px|20px|65px|20px|true|true\u00bb global_colors_info=\u00bb{}\u00bb][et_pb_column type=\u00bb4_4&#8243; _builder_version=\u00bb4.16&#8243; _module_preset=\u00bbdefault\u00bb global_colors_info=\u00bb{}\u00bb][et_pb_text _builder_version=\u00bb4.27.6&#8243; _module_preset=\u00bbdefault\u00bb text_font=\u00bbInter||||||||\u00bb text_text_color=\u00bb#fdfdfd\u00bb text_font_size=\u00bb16px\u00bb header_font=\u00bbDM Sans|700|||||||\u00bb header_text_align=\u00bbcenter\u00bb header_text_color=\u00bb#FFFFFF\u00bb header_font_size=\u00bb50px\u00bb header_line_height=\u00bb1.2em\u00bb text_orientation=\u00bbcenter\u00bb text_font_size_tablet=\u00bb16px\u00bb text_font_size_phone=\u00bb16px\u00bb text_font_size_last_edited=\u00bbon|desktop\u00bb header_font_size_tablet=\u00bb36px\u00bb header_font_size_phone=\u00bb34px\u00bb header_font_size_last_edited=\u00bbon|desktop\u00bb header_letter_spacing_last_edited=\u00bboff|desktop\u00bb header_line_height_tablet=\u00bb1.2em\u00bb header_line_height_phone=\u00bb1.2em\u00bb header_line_height_last_edited=\u00bbon|desktop\u00bb global_colors_info=\u00bb{}\u00bb]<\/p>\n<h1>Contacto<\/h1>\n<p>&nbsp;<\/p>\n<p>[\/et_pb_text][\/et_pb_column][\/et_pb_row][et_pb_row column_structure=\u00bb1_2,1_2&#8243; _builder_version=\u00bb4.27.4&#8243; _module_preset=\u00bbdefault\u00bb max_width=\u00bb1505px\u00bb global_colors_info=\u00bb{}\u00bb][et_pb_column type=\u00bb1_2&#8243; _builder_version=\u00bb4.27.4&#8243; _module_preset=\u00bbdefault\u00bb global_colors_info=\u00bb{}\u00bb][et_pb_text _builder_version=\u00bb4.27.6&#8243; _module_preset=\u00bbdefault\u00bb text_font=\u00bbInter||||||||\u00bb link_font=\u00bbInter||||||||\u00bb link_text_color=\u00bb#015c6b\u00bb global_colors_info=\u00bb{}\u00bb]<\/p>\n<h3 class=\"wp-block-heading\" id=\"contact-info\">Formulario de contacto<\/h3>\n<p class=\"footer2-hvr\">\n<p>[\/et_pb_text][et_pb_contact_form _builder_version=\u00bb4.27.6&#8243; _module_preset=\u00bbdefault\u00bb _unique_id=\u00bb5e85b50a-f6a2-4a4f-8791-63022239cce5&#8243; form_field_font=\u00bbInter||||||||\u00bb form_field_line_height=\u00bb3em\u00bb custom_button=\u00bbon\u00bb button_text_color=\u00bbgcid-f9463202-4c52-468f-9239-322d8a8c81d6&#8243; button_bg_color=\u00bbgcid-07e6c61b-f083-4ef3-aadc-ba4ca093b6f7&#8243; custom_padding=\u00bb||6px|||\u00bb global_colors_info=\u00bb{%22gcid-07e6c61b-f083-4ef3-aadc-ba4ca093b6f7%22:%91%22button_bg_color%22%93,%22gcid-f9463202-4c52-468f-9239-322d8a8c81d6%22:%91%22button_text_color%22%93}\u00bb][et_pb_contact_field field_id=\u00bbName\u00bb field_title=\u00bbNombre\u00bb _builder_version=\u00bb4.27.6&#8243; form_field_font=\u00bbInter||||||||\u00bb global_colors_info=\u00bb{}\u00bb button_text_size__hover_enabled=\u00bboff\u00bb button_one_text_size__hover_enabled=\u00bboff\u00bb button_two_text_size__hover_enabled=\u00bboff\u00bb button_text_color__hover_enabled=\u00bboff\u00bb button_one_text_color__hover_enabled=\u00bboff\u00bb button_two_text_color__hover_enabled=\u00bboff\u00bb button_border_width__hover_enabled=\u00bboff\u00bb button_one_border_width__hover_enabled=\u00bboff\u00bb button_two_border_width__hover_enabled=\u00bboff\u00bb button_border_color__hover_enabled=\u00bboff\u00bb button_one_border_color__hover_enabled=\u00bboff\u00bb button_two_border_color__hover_enabled=\u00bboff\u00bb button_border_radius__hover_enabled=\u00bboff\u00bb button_one_border_radius__hover_enabled=\u00bboff\u00bb button_two_border_radius__hover_enabled=\u00bboff\u00bb button_letter_spacing__hover_enabled=\u00bboff\u00bb button_one_letter_spacing__hover_enabled=\u00bboff\u00bb button_two_letter_spacing__hover_enabled=\u00bboff\u00bb button_bg_color__hover_enabled=\u00bboff\u00bb button_one_bg_color__hover_enabled=\u00bboff\u00bb button_two_bg_color__hover_enabled=\u00bboff\u00bb][\/et_pb_contact_field][et_pb_contact_field field_id=\u00bbEmail\u00bb field_title=\u00bbDirecci\u00f3n de correo electr\u00f3nico\u00bb field_type=\u00bbemail\u00bb _builder_version=\u00bb4.16&#8243; global_colors_info=\u00bb{}\u00bb button_text_size__hover_enabled=\u00bboff\u00bb button_one_text_size__hover_enabled=\u00bboff\u00bb button_two_text_size__hover_enabled=\u00bboff\u00bb button_text_color__hover_enabled=\u00bboff\u00bb button_one_text_color__hover_enabled=\u00bboff\u00bb button_two_text_color__hover_enabled=\u00bboff\u00bb button_border_width__hover_enabled=\u00bboff\u00bb button_one_border_width__hover_enabled=\u00bboff\u00bb button_two_border_width__hover_enabled=\u00bboff\u00bb button_border_color__hover_enabled=\u00bboff\u00bb button_one_border_color__hover_enabled=\u00bboff\u00bb button_two_border_color__hover_enabled=\u00bboff\u00bb button_border_radius__hover_enabled=\u00bboff\u00bb button_one_border_radius__hover_enabled=\u00bboff\u00bb button_two_border_radius__hover_enabled=\u00bboff\u00bb button_letter_spacing__hover_enabled=\u00bboff\u00bb button_one_letter_spacing__hover_enabled=\u00bboff\u00bb button_two_letter_spacing__hover_enabled=\u00bboff\u00bb button_bg_color__hover_enabled=\u00bboff\u00bb button_one_bg_color__hover_enabled=\u00bboff\u00bb button_two_bg_color__hover_enabled=\u00bboff\u00bb][\/et_pb_contact_field][et_pb_contact_field field_id=\u00bbTelefono\u00bb field_title=\u00bbTelef\u00f3no\u00bb min_length=\u00bb8&#8243; max_length=\u00bb8&#8243; allowed_symbols=\u00bbnumbers\u00bb fullwidth_field=\u00bbon\u00bb _builder_version=\u00bb4.27.4&#8243; _module_preset=\u00bbdefault\u00bb global_colors_info=\u00bb{}\u00bb][\/et_pb_contact_field][et_pb_contact_field field_id=\u00bbMessage\u00bb field_title=\u00bbMensaje\u00bb field_type=\u00bbtext\u00bb fullwidth_field=\u00bbon\u00bb _builder_version=\u00bb4.16&#8243; global_colors_info=\u00bb{}\u00bb button_text_size__hover_enabled=\u00bboff\u00bb button_one_text_size__hover_enabled=\u00bboff\u00bb button_two_text_size__hover_enabled=\u00bboff\u00bb button_text_color__hover_enabled=\u00bboff\u00bb button_one_text_color__hover_enabled=\u00bboff\u00bb button_two_text_color__hover_enabled=\u00bboff\u00bb button_border_width__hover_enabled=\u00bboff\u00bb button_one_border_width__hover_enabled=\u00bboff\u00bb button_two_border_width__hover_enabled=\u00bboff\u00bb button_border_color__hover_enabled=\u00bboff\u00bb button_one_border_color__hover_enabled=\u00bboff\u00bb button_two_border_color__hover_enabled=\u00bboff\u00bb button_border_radius__hover_enabled=\u00bboff\u00bb button_one_border_radius__hover_enabled=\u00bboff\u00bb button_two_border_radius__hover_enabled=\u00bboff\u00bb button_letter_spacing__hover_enabled=\u00bboff\u00bb button_one_letter_spacing__hover_enabled=\u00bboff\u00bb button_two_letter_spacing__hover_enabled=\u00bboff\u00bb button_bg_color__hover_enabled=\u00bboff\u00bb button_one_bg_color__hover_enabled=\u00bboff\u00bb button_two_bg_color__hover_enabled=\u00bboff\u00bb][\/et_pb_contact_field][\/et_pb_contact_form][\/et_pb_column][et_pb_column type=\u00bb1_2&#8243; _builder_version=\u00bb4.27.4&#8243; _module_preset=\u00bbdefault\u00bb global_colors_info=\u00bb{}\u00bb][et_pb_text _builder_version=\u00bb4.27.6&#8243; _module_preset=\u00bbdefault\u00bb text_font=\u00bbInter||||||||\u00bb link_font=\u00bbInter||||||||\u00bb link_text_color=\u00bb#015c6b\u00bb hover_enabled=\u00bb0&#8243; global_colors_info=\u00bb{}\u00bb sticky_enabled=\u00bb0&#8243;]<\/p>\n<h3 class=\"wp-block-heading\" id=\"contact-info\">Informaci\u00f3n de contacto<\/h3>\n<p><strong>Papeler\u00eda Librer\u00eda Guzm\u00e1n<\/strong><br \/>Pl. de Espa\u00f1a, 9, 41908 Castilleja de Guzm\u00e1n, Sevilla, Espa\u00f1a<\/p>\n<p class=\"footer2-hvr\"><strong>Tel\u00e9fono:<\/strong><span>\u00a0<\/span><a href=\"tel:+34635528509\" target=\"_blank\" rel=\"noopener\">635 528 509<\/a><br \/><strong>Correo electr\u00f3nico:<\/strong><span>\u00a0<\/span><a href=\"mailto:correos@papelerialibreriaguzman.com\" target=\"_blank\" rel=\"noopener\">correos@papelerialibreriaguzman.com<\/a><\/p>\n<p class=\"footer2-hvr\">Impulsa tu creatividad y satisface todas tus necesidades de impresi\u00f3n digital contact\u00e1ndonos hoy mismo a trav\u00e9s de nuestro formulario de contacto o enviando un e-mail a\u00a0<span><a href=\"mailto:correos@papelerialibreriaguzman.com\" target=\"_blank\" rel=\"noopener\">correos@papelerialibreriaguzman.com<\/a><\/span>.<\/p>\n<p>[\/et_pb_text][et_pb_social_media_follow url_new_window=\u00bboff\u00bb _builder_version=\u00bb4.27.6&#8243; _module_preset=\u00bbdefault\u00bb text_orientation=\u00bbcenter\u00bb custom_padding=\u00bb||27px|||\u00bb locked=\u00bboff\u00bb global_colors_info=\u00bb{}\u00bb][et_pb_social_media_follow_network social_network=\u00bbfacebook\u00bb url=\u00bbhttps:\/\/www.facebook.com\/people\/Imprenta-Digital-Guzm%C3%A1n\/100043563176674\/\u00bb _builder_version=\u00bb4.27.6&#8243; _module_preset=\u00bbdefault\u00bb background_color=\u00bb#00596b\u00bb background_enable_color=\u00bbon\u00bb global_colors_info=\u00bb{}\u00bb follow_button=\u00bboff\u00bb url_new_window=\u00bboff\u00bb]facebook[\/et_pb_social_media_follow_network][et_pb_social_media_follow_network social_network=\u00bbwhatsapp\u00bb url=\u00bbhttps:\/\/api.whatsapp.com\/send\/?phone=34635528509&#038;text&#038;type=phone_number&#038;app_absent=0&#8243; _builder_version=\u00bb4.27.6&#8243; _module_preset=\u00bbdefault\u00bb background_color=\u00bb#00596b\u00bb background_enable_color=\u00bbon\u00bb global_colors_info=\u00bb{}\u00bb follow_button=\u00bboff\u00bb url_new_window=\u00bboff\u00bb]whatsapp[\/et_pb_social_media_follow_network][et_pb_social_media_follow_network social_network=\u00bbtiktok\u00bb url=\u00bbhttps:\/\/www.tiktok.com\/@imprentadigitalguzman\u00bb _builder_version=\u00bb4.27.6&#8243; _module_preset=\u00bbdefault\u00bb background_color=\u00bb#00596b\u00bb background_enable_color=\u00bbon\u00bb global_colors_info=\u00bb{}\u00bb follow_button=\u00bboff\u00bb url_new_window=\u00bboff\u00bb]tiktok[\/et_pb_social_media_follow_network][et_pb_social_media_follow_network social_network=\u00bbinstagram\u00bb url=\u00bbhttps:\/\/www.instagram.com\/imprentadigitalguzman\/\u00bb _builder_version=\u00bb4.27.6&#8243; _module_preset=\u00bbdefault\u00bb background_color=\u00bb#00596b\u00bb background_enable_color=\u00bbon\u00bb global_colors_info=\u00bb{}\u00bb follow_button=\u00bboff\u00bb url_new_window=\u00bboff\u00bb]instagram[\/et_pb_social_media_follow_network][et_pb_social_media_follow_network social_network=\u00bbgoogle\u00bb url=\u00bbhttps:\/\/g.page\/r\/CZawIV65RIUwEBE\/review\u00bb _builder_version=\u00bb4.27.6&#8243; _module_preset=\u00bbdefault\u00bb background_color=\u00bb#00596b\u00bb background_enable_color=\u00bbon\u00bb global_colors_info=\u00bb{}\u00bb follow_button=\u00bboff\u00bb url_new_window=\u00bboff\u00bb]google[\/et_pb_social_media_follow_network][\/et_pb_social_media_follow][et_pb_code _builder_version=\u00bb4.27.4&#8243; _module_preset=\u00bbdefault\u00bb global_colors_info=\u00bb{}\u00bb]<iframe src=\"https:\/\/www.google.com\/maps\/embed?pb=!1m14!1m12!1m3!1d666.2404262411922!2d-6.0578035805386605!3d37.40895019349445!2m3!1f0!2f0!3f0!3m2!1i1024!2i768!4f13.1!5e0!3m2!1ses!2ses!4v1762941290479!5m2!1ses!2ses\" width=\"600\" height=\"300\" style=\"border:0;\" allowfullscreen=\"\" loading=\"lazy\" referrerpolicy=\"no-referrer-when-downgrade\"><\/iframe>[\/et_pb_code][\/et_pb_column][\/et_pb_row][\/et_pb_section]<\/p>\n","protected":false},"excerpt":{"rendered":"<p>Contacto &nbsp;Formulario de contacto Informaci\u00f3n de contacto Papeler\u00eda Librer\u00eda Guzm\u00e1nPl. de Espa\u00f1a, 9, 41908 Castilleja de Guzm\u00e1n, Sevilla, Espa\u00f1a Tel\u00e9fono:\u00a0635 528 509Correo electr\u00f3nico:\u00a0correos@papelerialibreriaguzman.com Impulsa tu creatividad y satisface todas tus necesidades de impresi\u00f3n digital contact\u00e1ndonos hoy mismo a trav\u00e9s de nuestro formulario de contacto o enviando un e-mail a\u00a0correos@papelerialibreriaguzman.com.<\/p>\n","protected":false},"author":1,"featured_media":0,"parent":0,"menu_order":0,"comment_status":"closed","ping_status":"closed","template":"","meta":{"_et_pb_use_builder":"on","_et_pb_old_content":"","_et_gb_content_width":"","_joinchat":[],"footnotes":""},"class_list":["post-104","page","type-page","status-publish","hentry"],"yoast_head":"<!-- This site is optimized with the Yoast SEO plugin v27.4 - https:\/\/yoast.com\/product\/yoast-seo-wordpress\/ -->\n<title>Contacto - Imprenta Digital Guzm\u00e1n<\/title>\n<meta name=\"robots\" content=\"index, follow, max-snippet:-1, max-image-preview:large, max-video-preview:-1\" \/>\n<link rel=\"canonical\" href=\"https:\/\/www.imprentadigitalguzman.com\/inicio\/contacto\/\" \/>\n<meta property=\"og:locale\" content=\"es_ES\" \/>\n<meta property=\"og:type\" content=\"article\" \/>\n<meta property=\"og:title\" content=\"Contacto - Imprenta Digital Guzm\u00e1n\" \/>\n<meta property=\"og:description\" content=\"Contacto &nbsp;Formulario de contacto Informaci\u00f3n de contacto Papeler\u00eda Librer\u00eda Guzm\u00e1nPl. de Espa\u00f1a, 9, 41908 Castilleja de Guzm\u00e1n, Sevilla, Espa\u00f1a Tel\u00e9fono:\u00a0635 528 509Correo electr\u00f3nico:\u00a0correos@papelerialibreriaguzman.com Impulsa tu creatividad y satisface todas tus necesidades de impresi\u00f3n digital contact\u00e1ndonos hoy mismo a trav\u00e9s de nuestro formulario de contacto o enviando un e-mail a\u00a0correos@papelerialibreriaguzman.com.\" \/>\n<meta property=\"og:url\" content=\"https:\/\/www.imprentadigitalguzman.com\/inicio\/contacto\/\" \/>\n<meta property=\"og:site_name\" content=\"Imprenta Digital Guzm\u00e1n\" \/>\n<meta property=\"article:modified_time\" content=\"2026-04-13T11:00:47+00:00\" \/>\n<meta name=\"twitter:card\" content=\"summary_large_image\" \/>\n<meta name=\"twitter:label1\" content=\"Tiempo de lectura\" \/>\n\t<meta name=\"twitter:data1\" content=\"7 minutos\" \/>\n<script type=\"application\/ld+json\" class=\"yoast-schema-graph\">{\"@context\":\"https:\\\/\\\/schema.org\",\"@graph\":[{\"@type\":\"WebPage\",\"@id\":\"https:\\\/\\\/www.imprentadigitalguzman.com\\\/inicio\\\/contacto\\\/\",\"url\":\"https:\\\/\\\/www.imprentadigitalguzman.com\\\/inicio\\\/contacto\\\/\",\"name\":\"Contacto - Imprenta Digital Guzm\u00e1n\",\"isPartOf\":{\"@id\":\"https:\\\/\\\/www.imprentadigitalguzman.com\\\/inicio\\\/#website\"},\"datePublished\":\"2025-11-12T09:56:15+00:00\",\"dateModified\":\"2026-04-13T11:00:47+00:00\",\"breadcrumb\":{\"@id\":\"https:\\\/\\\/www.imprentadigitalguzman.com\\\/inicio\\\/contacto\\\/#breadcrumb\"},\"inLanguage\":\"es\",\"potentialAction\":[{\"@type\":\"ReadAction\",\"target\":[\"https:\\\/\\\/www.imprentadigitalguzman.com\\\/inicio\\\/contacto\\\/\"]}]},{\"@type\":\"BreadcrumbList\",\"@id\":\"https:\\\/\\\/www.imprentadigitalguzman.com\\\/inicio\\\/contacto\\\/#breadcrumb\",\"itemListElement\":[{\"@type\":\"ListItem\",\"position\":1,\"name\":\"Portada\",\"item\":\"https:\\\/\\\/www.imprentadigitalguzman.com\\\/inicio\\\/\"},{\"@type\":\"ListItem\",\"position\":2,\"name\":\"Contacto\"}]},{\"@type\":\"WebSite\",\"@id\":\"https:\\\/\\\/www.imprentadigitalguzman.com\\\/inicio\\\/#website\",\"url\":\"https:\\\/\\\/www.imprentadigitalguzman.com\\\/inicio\\\/\",\"name\":\"Imprenta Digital Guzm\u00e1n\",\"description\":\"\",\"potentialAction\":[{\"@type\":\"SearchAction\",\"target\":{\"@type\":\"EntryPoint\",\"urlTemplate\":\"https:\\\/\\\/www.imprentadigitalguzman.com\\\/inicio\\\/?s={search_term_string}\"},\"query-input\":{\"@type\":\"PropertyValueSpecification\",\"valueRequired\":true,\"valueName\":\"search_term_string\"}}],\"inLanguage\":\"es\"}]}<\/script>\n<!-- \/ Yoast SEO plugin. -->","yoast_head_json":{"title":"Contacto - Imprenta Digital Guzm\u00e1n","robots":{"index":"index","follow":"follow","max-snippet":"max-snippet:-1","max-image-preview":"max-image-preview:large","max-video-preview":"max-video-preview:-1"},"canonical":"https:\/\/www.imprentadigitalguzman.com\/inicio\/contacto\/","og_locale":"es_ES","og_type":"article","og_title":"Contacto - Imprenta Digital Guzm\u00e1n","og_description":"Contacto &nbsp;Formulario de contacto Informaci\u00f3n de contacto Papeler\u00eda Librer\u00eda Guzm\u00e1nPl. de Espa\u00f1a, 9, 41908 Castilleja de Guzm\u00e1n, Sevilla, Espa\u00f1a Tel\u00e9fono:\u00a0635 528 509Correo electr\u00f3nico:\u00a0correos@papelerialibreriaguzman.com Impulsa tu creatividad y satisface todas tus necesidades de impresi\u00f3n digital contact\u00e1ndonos hoy mismo a trav\u00e9s de nuestro formulario de contacto o enviando un e-mail a\u00a0correos@papelerialibreriaguzman.com.","og_url":"https:\/\/www.imprentadigitalguzman.com\/inicio\/contacto\/","og_site_name":"Imprenta Digital Guzm\u00e1n","article_modified_time":"2026-04-13T11:00:47+00:00","twitter_card":"summary_large_image","twitter_misc":{"Tiempo de lectura":"7 minutos"},"schema":{"@context":"https:\/\/schema.org","@graph":[{"@type":"WebPage","@id":"https:\/\/www.imprentadigitalguzman.com\/inicio\/contacto\/","url":"https:\/\/www.imprentadigitalguzman.com\/inicio\/contacto\/","name":"Contacto - Imprenta Digital Guzm\u00e1n","isPartOf":{"@id":"https:\/\/www.imprentadigitalguzman.com\/inicio\/#website"},"datePublished":"2025-11-12T09:56:15+00:00","dateModified":"2026-04-13T11:00:47+00:00","breadcrumb":{"@id":"https:\/\/www.imprentadigitalguzman.com\/inicio\/contacto\/#breadcrumb"},"inLanguage":"es","potentialAction":[{"@type":"ReadAction","target":["https:\/\/www.imprentadigitalguzman.com\/inicio\/contacto\/"]}]},{"@type":"BreadcrumbList","@id":"https:\/\/www.imprentadigitalguzman.com\/inicio\/contacto\/#breadcrumb","itemListElement":[{"@type":"ListItem","position":1,"name":"Portada","item":"https:\/\/www.imprentadigitalguzman.com\/inicio\/"},{"@type":"ListItem","position":2,"name":"Contacto"}]},{"@type":"WebSite","@id":"https:\/\/www.imprentadigitalguzman.com\/inicio\/#website","url":"https:\/\/www.imprentadigitalguzman.com\/inicio\/","name":"Imprenta Digital Guzm\u00e1n","description":"","potentialAction":[{"@type":"SearchAction","target":{"@type":"EntryPoint","urlTemplate":"https:\/\/www.imprentadigitalguzman.com\/inicio\/?s={search_term_string}"},"query-input":{"@type":"PropertyValueSpecification","valueRequired":true,"valueName":"search_term_string"}}],"inLanguage":"es"}]}},"_links":{"self":[{"href":"https:\/\/www.imprentadigitalguzman.com\/inicio\/wp-json\/wp\/v2\/pages\/104","targetHints":{"allow":["GET"]}}],"collection":[{"href":"https:\/\/www.imprentadigitalguzman.com\/inicio\/wp-json\/wp\/v2\/pages"}],"about":[{"href":"https:\/\/www.imprentadigitalguzman.com\/inicio\/wp-json\/wp\/v2\/types\/page"}],"author":[{"embeddable":true,"href":"https:\/\/www.imprentadigitalguzman.com\/inicio\/wp-json\/wp\/v2\/users\/1"}],"replies":[{"embeddable":true,"href":"https:\/\/www.imprentadigitalguzman.com\/inicio\/wp-json\/wp\/v2\/comments?post=104"}],"version-history":[{"count":17,"href":"https:\/\/www.imprentadigitalguzman.com\/inicio\/wp-json\/wp\/v2\/pages\/104\/revisions"}],"predecessor-version":[{"id":309770,"href":"https:\/\/www.imprentadigitalguzman.com\/inicio\/wp-json\/wp\/v2\/pages\/104\/revisions\/309770"}],"wp:attachment":[{"href":"https:\/\/www.imprentadigitalguzman.com\/inicio\/wp-json\/wp\/v2\/media?parent=104"}],"curies":[{"name":"wp","href":"https:\/\/api.w.org\/{rel}","templated":true}]}}